{"id":51511,"date":"2025-03-17T11:14:51","date_gmt":"2025-03-17T10:14:51","guid":{"rendered":"https:\/\/product-guide.org\/produkt\/roja-parfums-enigma-pour-homme-parfum-50-ml-gents-de\/"},"modified":"2025-03-17T11:14:52","modified_gmt":"2025-03-17T10:14:52","slug":"roja-parfums-enigma-pour-homme-parfum-50-ml-gents-de","status":"publish","type":"product","link":"https:\/\/product-guide.org\/en\/produkt\/roja-parfums-enigma-pour-homme-parfum-50-ml-gents-de\/","title":{"rendered":"Roja Parfums Enigma Pour Homme Parfum (50 ml) | Gents DE"},"content":{"rendered":"<p>Enigma ist ein orientalischer Duft, voll, warm und mit pudrigen Untert\u00f6nen. Bergamotte und s\u00fc\u00dfe, blumige Noten vermischen sich mit exotischem Holz, Gew\u00fcrzen und maskulinen Noten von Tabak und Cognac zu einem einzigartigen Duft f\u00fcr die Sinne. Roja Parfums stellt einige der exklusivsten D\u00fcfte der Welt her, die unter den Superreichen des Orients besonders beliebt sind. Hinter der Marke steht Roja Dove, ein britischer Parf\u00fcmeur, mit einem fantastischen Gesp\u00fcr f\u00fcr extravagante D\u00fcfte! Schon in jungen Jahren hatte Roja Dove ein ausgepr\u00e4gtes Interesse an Parf\u00fcm und im Jahr 1981 begann er seine Arbeit in der franz\u00f6sischen Parf\u00fcmerie Guerlain. Roja war so talentiert, dass man ihm den Titel &#8220;Professeur de Parfum&#8221; verlieh. Im Jahr 2004 startete Roja Dove seine eigene Parf\u00fcmerie Roja Parfums, die seitdem immer wieder D\u00fcfte entwickelt, die die Welt verzaubern, unter anderem den Bestseller Roja Elysium, der bereits nach wenigen Minuten nach der Einf\u00fchrung bei Gents ausverkauft war. Hierbei handelt es sich um ein Parf\u00fcm. Der Duft ist auch weniger konzentriert als Cologneerh\u00e4ltlich. PRODUKTDETAILS: 50 ml<\/p>\n","protected":false},"excerpt":{"rendered":"<p>Enigma ist ein orientalischer Duft, voll, warm und mit pudrigen Untert\u00f6nen. Bergamotte und s\u00fc\u00dfe, blumige Noten vermischen sich mit exotischem Holz, Gew\u00fcrzen und maskulinen Noten von Tabak und Cognac zu einem einzigartigen Duft f\u00fcr die Sinne. Roja Parfums stellt einige der exklusivsten D\u00fcfte der Welt her, die unter den Superreichen des Orients besonders beliebt sind. [&hellip;]<\/p>\n","protected":false},"featured_media":51510,"template":"","meta":{"_gspb_post_css":""},"store":[],"product_brand":[1389],"product_cat":[1290],"product_tag":[],"class_list":{"0":"post-51511","1":"product","2":"type-product","3":"status-publish","4":"has-post-thumbnail","6":"product_brand-gents-de","7":"product_cat-uncategorized","9":"first","10":"instock","11":"shipping-taxable","12":"purchasable","13":"product-type-simple"},"yoast_head":"<!-- This site is optimized with the Yoast SEO plugin v24.6 - https:\/\/yoast.com\/wordpress\/plugins\/seo\/ -->\n<title>Roja Parfums Enigma Pour Homme Parfum (50 ml) | Gents DE | Product-Guide.org<\/title>\n<meta name=\"description\" content=\"Roja Parfums Enigma Pour Homme Parfum (50 ml) | Gents DE gefunden von Product-Guide.org\" \/>\n<meta name=\"robots\" content=\"index, follow, max-snippet:-1, max-image-preview:large, max-video-preview:-1\" \/>\n<link rel=\"canonical\" href=\"https:\/\/product-guide.org\/en\/produkt\/roja-parfums-enigma-pour-homme-parfum-50-ml-gents-de\/\" \/>\n<meta property=\"og:locale\" content=\"en_GB\" \/>\n<meta property=\"og:type\" content=\"article\" \/>\n<meta property=\"og:title\" content=\"Roja Parfums Enigma Pour Homme Parfum (50 ml) | Gents DE | Product-Guide.org\" \/>\n<meta property=\"og:description\" content=\"Roja Parfums Enigma Pour Homme Parfum (50 ml) | Gents DE gefunden von Product-Guide.org\" \/>\n<meta property=\"og:url\" content=\"https:\/\/product-guide.org\/en\/produkt\/roja-parfums-enigma-pour-homme-parfum-50-ml-gents-de\/\" \/>\n<meta property=\"og:site_name\" content=\"Product-Guide.org\" \/>\n<meta property=\"article:modified_time\" content=\"2025-03-17T10:14:52+00:00\" \/>\n<meta name=\"twitter:card\" content=\"summary_large_image\" \/>\n<script type=\"application\/ld+json\" class=\"yoast-schema-graph\">{\"@context\":\"https:\/\/schema.org\",\"@graph\":[{\"@type\":\"WebPage\",\"@id\":\"https:\/\/product-guide.org\/produkt\/roja-parfums-enigma-pour-homme-parfum-50-ml-gents-de\/\",\"url\":\"https:\/\/product-guide.org\/produkt\/roja-parfums-enigma-pour-homme-parfum-50-ml-gents-de\/\",\"name\":\"Roja Parfums Enigma Pour Homme Parfum (50 ml) | Gents DE | Product-Guide.org\",\"isPartOf\":{\"@id\":\"https:\/\/product-guide.org\/#website\"},\"primaryImageOfPage\":{\"@id\":\"https:\/\/product-guide.org\/produkt\/roja-parfums-enigma-pour-homme-parfum-50-ml-gents-de\/#primaryimage\"},\"image\":{\"@id\":\"https:\/\/product-guide.org\/produkt\/roja-parfums-enigma-pour-homme-parfum-50-ml-gents-de\/#primaryimage\"},\"thumbnailUrl\":\"https:\/\/product-guide.org\/wp-content\/uploads\/2025\/03\/73406.jpeg\",\"datePublished\":\"2025-03-17T10:14:51+00:00\",\"dateModified\":\"2025-03-17T10:14:52+00:00\",\"description\":\"Roja Parfums Enigma Pour Homme Parfum (50 ml) | Gents DE gefunden von Product-Guide.org\",\"breadcrumb\":{\"@id\":\"https:\/\/product-guide.org\/produkt\/roja-parfums-enigma-pour-homme-parfum-50-ml-gents-de\/#breadcrumb\"},\"inLanguage\":\"en-GB\",\"potentialAction\":[{\"@type\":\"ReadAction\",\"target\":[\"https:\/\/product-guide.org\/produkt\/roja-parfums-enigma-pour-homme-parfum-50-ml-gents-de\/\"]}]},{\"@type\":\"ImageObject\",\"inLanguage\":\"en-GB\",\"@id\":\"https:\/\/product-guide.org\/produkt\/roja-parfums-enigma-pour-homme-parfum-50-ml-gents-de\/#primaryimage\",\"url\":\"https:\/\/product-guide.org\/wp-content\/uploads\/2025\/03\/73406.jpeg\",\"contentUrl\":\"https:\/\/product-guide.org\/wp-content\/uploads\/2025\/03\/73406.jpeg\",\"width\":1200,\"height\":1200},{\"@type\":\"BreadcrumbList\",\"@id\":\"https:\/\/product-guide.org\/produkt\/roja-parfums-enigma-pour-homme-parfum-50-ml-gents-de\/#breadcrumb\",\"itemListElement\":[{\"@type\":\"ListItem\",\"position\":1,\"name\":\"Home\",\"item\":\"https:\/\/product-guide.org\/\"},{\"@type\":\"ListItem\",\"position\":2,\"name\":\"Ergebnisse\",\"item\":\"https:\/\/product-guide.org\/de\/ergebnisse\/\"},{\"@type\":\"ListItem\",\"position\":3,\"name\":\"Roja Parfums Enigma Pour Homme Parfum (50 ml) | Gents DE\"}]},{\"@type\":\"WebSite\",\"@id\":\"https:\/\/product-guide.org\/#website\",\"url\":\"https:\/\/product-guide.org\/\",\"name\":\"Product-Guide.org\",\"description\":\"What Product are you looking for?\",\"publisher\":{\"@id\":\"https:\/\/product-guide.org\/#organization\"},\"potentialAction\":[{\"@type\":\"SearchAction\",\"target\":{\"@type\":\"EntryPoint\",\"urlTemplate\":\"https:\/\/product-guide.org\/?s={search_term_string}\"},\"query-input\":{\"@type\":\"PropertyValueSpecification\",\"valueRequired\":true,\"valueName\":\"search_term_string\"}}],\"inLanguage\":\"en-GB\"},{\"@type\":\"Organization\",\"@id\":\"https:\/\/product-guide.org\/#organization\",\"name\":\"Product-Guide.org\",\"url\":\"https:\/\/product-guide.org\/\",\"logo\":{\"@type\":\"ImageObject\",\"inLanguage\":\"en-GB\",\"@id\":\"https:\/\/product-guide.org\/#\/schema\/logo\/image\/\",\"url\":\"https:\/\/product-guide.org\/wp-content\/uploads\/2022\/07\/logo_transparent_background.png\",\"contentUrl\":\"https:\/\/product-guide.org\/wp-content\/uploads\/2022\/07\/logo_transparent_background.png\",\"width\":3400,\"height\":1132,\"caption\":\"Product-Guide.org\"},\"image\":{\"@id\":\"https:\/\/product-guide.org\/#\/schema\/logo\/image\/\"}}]}<\/script>\n<!-- \/ Yoast SEO plugin. -->","yoast_head_json":{"title":"Roja Parfums Enigma Pour Homme Parfum (50 ml) | Gents DE | Product-Guide.org","description":"Roja Parfums Enigma Pour Homme Parfum (50 ml) | Gents DE gefunden von Product-Guide.org","robots":{"index":"index","follow":"follow","max-snippet":"max-snippet:-1","max-image-preview":"max-image-preview:large","max-video-preview":"max-video-preview:-1"},"canonical":"https:\/\/product-guide.org\/en\/produkt\/roja-parfums-enigma-pour-homme-parfum-50-ml-gents-de\/","og_locale":"en_GB","og_type":"article","og_title":"Roja Parfums Enigma Pour Homme Parfum (50 ml) | Gents DE | Product-Guide.org","og_description":"Roja Parfums Enigma Pour Homme Parfum (50 ml) | Gents DE gefunden von Product-Guide.org","og_url":"https:\/\/product-guide.org\/en\/produkt\/roja-parfums-enigma-pour-homme-parfum-50-ml-gents-de\/","og_site_name":"Product-Guide.org","article_modified_time":"2025-03-17T10:14:52+00:00","twitter_card":"summary_large_image","schema":{"@context":"https:\/\/schema.org","@graph":[{"@type":"WebPage","@id":"https:\/\/product-guide.org\/produkt\/roja-parfums-enigma-pour-homme-parfum-50-ml-gents-de\/","url":"https:\/\/product-guide.org\/produkt\/roja-parfums-enigma-pour-homme-parfum-50-ml-gents-de\/","name":"Roja Parfums Enigma Pour Homme Parfum (50 ml) | Gents DE | Product-Guide.org","isPartOf":{"@id":"https:\/\/product-guide.org\/#website"},"primaryImageOfPage":{"@id":"https:\/\/product-guide.org\/produkt\/roja-parfums-enigma-pour-homme-parfum-50-ml-gents-de\/#primaryimage"},"image":{"@id":"https:\/\/product-guide.org\/produkt\/roja-parfums-enigma-pour-homme-parfum-50-ml-gents-de\/#primaryimage"},"thumbnailUrl":"https:\/\/product-guide.org\/wp-content\/uploads\/2025\/03\/73406.jpeg","datePublished":"2025-03-17T10:14:51+00:00","dateModified":"2025-03-17T10:14:52+00:00","description":"Roja Parfums Enigma Pour Homme Parfum (50 ml) | Gents DE gefunden von Product-Guide.org","breadcrumb":{"@id":"https:\/\/product-guide.org\/produkt\/roja-parfums-enigma-pour-homme-parfum-50-ml-gents-de\/#breadcrumb"},"inLanguage":"en-GB","potentialAction":[{"@type":"ReadAction","target":["https:\/\/product-guide.org\/produkt\/roja-parfums-enigma-pour-homme-parfum-50-ml-gents-de\/"]}]},{"@type":"ImageObject","inLanguage":"en-GB","@id":"https:\/\/product-guide.org\/produkt\/roja-parfums-enigma-pour-homme-parfum-50-ml-gents-de\/#primaryimage","url":"https:\/\/product-guide.org\/wp-content\/uploads\/2025\/03\/73406.jpeg","contentUrl":"https:\/\/product-guide.org\/wp-content\/uploads\/2025\/03\/73406.jpeg","width":1200,"height":1200},{"@type":"BreadcrumbList","@id":"https:\/\/product-guide.org\/produkt\/roja-parfums-enigma-pour-homme-parfum-50-ml-gents-de\/#breadcrumb","itemListElement":[{"@type":"ListItem","position":1,"name":"Home","item":"https:\/\/product-guide.org\/"},{"@type":"ListItem","position":2,"name":"Ergebnisse","item":"https:\/\/product-guide.org\/de\/ergebnisse\/"},{"@type":"ListItem","position":3,"name":"Roja Parfums Enigma Pour Homme Parfum (50 ml) | Gents DE"}]},{"@type":"WebSite","@id":"https:\/\/product-guide.org\/#website","url":"https:\/\/product-guide.org\/","name":"Product-Guide.org","description":"What Product are you looking for?","publisher":{"@id":"https:\/\/product-guide.org\/#organization"},"potentialAction":[{"@type":"SearchAction","target":{"@type":"EntryPoint","urlTemplate":"https:\/\/product-guide.org\/?s={search_term_string}"},"query-input":{"@type":"PropertyValueSpecification","valueRequired":true,"valueName":"search_term_string"}}],"inLanguage":"en-GB"},{"@type":"Organization","@id":"https:\/\/product-guide.org\/#organization","name":"Product-Guide.org","url":"https:\/\/product-guide.org\/","logo":{"@type":"ImageObject","inLanguage":"en-GB","@id":"https:\/\/product-guide.org\/#\/schema\/logo\/image\/","url":"https:\/\/product-guide.org\/wp-content\/uploads\/2022\/07\/logo_transparent_background.png","contentUrl":"https:\/\/product-guide.org\/wp-content\/uploads\/2022\/07\/logo_transparent_background.png","width":3400,"height":1132,"caption":"Product-Guide.org"},"image":{"@id":"https:\/\/product-guide.org\/#\/schema\/logo\/image\/"}}]}},"_links":{"self":[{"href":"https:\/\/product-guide.org\/en\/wp-json\/wp\/v2\/product\/51511","targetHints":{"allow":["GET"]}}],"collection":[{"href":"https:\/\/product-guide.org\/en\/wp-json\/wp\/v2\/product"}],"about":[{"href":"https:\/\/product-guide.org\/en\/wp-json\/wp\/v2\/types\/product"}],"wp:featuredmedia":[{"embeddable":true,"href":"https:\/\/product-guide.org\/en\/wp-json\/wp\/v2\/media\/51510"}],"wp:attachment":[{"href":"https:\/\/product-guide.org\/en\/wp-json\/wp\/v2\/media?parent=51511"}],"wp:term":[{"taxonomy":"store","embeddable":true,"href":"https:\/\/product-guide.org\/en\/wp-json\/wp\/v2\/store?post=51511"},{"taxonomy":"product_brand","embeddable":true,"href":"https:\/\/product-guide.org\/en\/wp-json\/wp\/v2\/product_brand?post=51511"},{"taxonomy":"product_cat","embeddable":true,"href":"https:\/\/product-guide.org\/en\/wp-json\/wp\/v2\/product_cat?post=51511"},{"taxonomy":"product_tag","embeddable":true,"href":"https:\/\/product-guide.org\/en\/wp-json\/wp\/v2\/product_tag?post=51511"}],"curies":[{"name":"wp","href":"https:\/\/api.w.org\/{rel}","templated":true}]}}