{"id":51523,"date":"2025-03-17T11:15:00","date_gmt":"2025-03-17T10:15:00","guid":{"rendered":"https:\/\/product-guide.org\/produkt\/canton-ergo-690-dc-b-ware-stuckpreis-standlautsprecher-wenge-braun-hidden-audio-de\/"},"modified":"2025-03-17T11:15:01","modified_gmt":"2025-03-17T10:15:01","slug":"canton-ergo-690-dc-b-ware-stuckpreis-standlautsprecher-wenge-braun-hidden-audio-de","status":"publish","type":"product","link":"https:\/\/product-guide.org\/en\/produkt\/canton-ergo-690-dc-b-ware-stuckpreis-standlautsprecher-wenge-braun-hidden-audio-de\/","title":{"rendered":"Canton Ergo 690 DC -B-WARE, St\u00fcckpreis, Standlautsprecher (wenge braun) | Hidden Audio DE"},"content":{"rendered":"<p>Leistungseigenschaften &#8211; Lautsprecher-Typ: Stand-Lautsprecher &#8211; Lautsprecher-System: 3-Wege-Lautsprechersystem &#8211; Geh\u00e4use (geschlossen\/Ba\u00dfreflex): Bassreflex-System &#8211; Wirkungsgrad\/Schalldruck 1W\/1m (dB): 88.3 &#8211; min. Impedanz (Ohm): 4 &#8211; max. Impedanz (Ohm): 8 &#8211; Nenn-Belastbarkeit (W): 170 &#8211; Musik-Belastbarkeit (W): 320 &#8211; Frequenzgang-Untergrenze (Hz): 20 &#8211; Frequenzgang-Obergrenze (Hz): 40000 &#8211; \u00dcbergangsfrequenz Tief-Mittelton (Hz): 300 &#8211; \u00dcbergangsfrequenz Mittel-Hochton (Hz): 3500 &#8211; Anzahl Hocht\u00f6ner: 1 &#8211; Anzahl Mittelt\u00f6ner: 1 &#8211; Anzahl Tieft\u00f6ner: 2 &#8211; Durchmesser Hocht\u00f6ner (cm): 2.5 &#8211; Durchmesser Mittelt\u00f6ner (cm): 18 &#8211; Durchmesser Tieft\u00f6ner (cm): 20 Kabel-Anschl\u00fcsse &#8211; LS-Kabel-Befestigung: Schraub-Anschl\u00fcsse f\u00fcr LS-Kabel &#8211; Bi-Wiring Anschl\u00fcsse &#8211; vergoldete Anschlussbuchsen Geh\u00e4use-Eigenschaften &#8211; Anzahl der Lautsprecherboxen: 1 &#8211; Breite (cm): 23 &#8211; H\u00f6he (cm): 105 &#8211; Tiefe (cm): 30.5 &#8211; Gewicht (kg): 17.3 Farben &#8211; Geh\u00e4use-Farben: braun<\/p>\n","protected":false},"excerpt":{"rendered":"<p>Leistungseigenschaften &#8211; Lautsprecher-Typ: Stand-Lautsprecher &#8211; Lautsprecher-System: 3-Wege-Lautsprechersystem &#8211; Geh\u00e4use (geschlossen\/Ba\u00dfreflex): Bassreflex-System &#8211; Wirkungsgrad\/Schalldruck 1W\/1m (dB): 88.3 &#8211; min. Impedanz (Ohm): 4 &#8211; max. Impedanz (Ohm): 8 &#8211; Nenn-Belastbarkeit (W): 170 &#8211; Musik-Belastbarkeit (W): 320 &#8211; Frequenzgang-Untergrenze (Hz): 20 &#8211; Frequenzgang-Obergrenze (Hz): 40000 &#8211; \u00dcbergangsfrequenz Tief-Mittelton (Hz): 300 &#8211; \u00dcbergangsfrequenz Mittel-Hochton (Hz): 3500 &#8211; Anzahl Hocht\u00f6ner: [&hellip;]<\/p>\n","protected":false},"featured_media":51522,"template":"","meta":{"_gspb_post_css":""},"store":[],"product_brand":[1390],"product_cat":[1290],"product_tag":[],"class_list":{"0":"post-51523","1":"product","2":"type-product","3":"status-publish","4":"has-post-thumbnail","6":"product_brand-hidden-audio-de","7":"product_cat-uncategorized","9":"first","10":"instock","11":"shipping-taxable","12":"purchasable","13":"product-type-simple"},"yoast_head":"<!-- This site is optimized with the Yoast SEO plugin v24.6 - https:\/\/yoast.com\/wordpress\/plugins\/seo\/ -->\n<title>Canton Ergo 690 DC -B-WARE, St\u00fcckpreis, Standlautsprecher (wenge braun) | Hidden Audio DE | Product-Guide.org<\/title>\n<meta name=\"description\" content=\"Canton Ergo 690 DC -B-WARE, St\u00fcckpreis, Standlautsprecher (wenge braun) | Hidden Audio DE gefunden von Product-Guide.org\" \/>\n<meta name=\"robots\" content=\"index, follow, max-snippet:-1, max-image-preview:large, max-video-preview:-1\" \/>\n<link rel=\"canonical\" href=\"https:\/\/product-guide.org\/en\/produkt\/canton-ergo-690-dc-b-ware-stuckpreis-standlautsprecher-wenge-braun-hidden-audio-de\/\" \/>\n<meta property=\"og:locale\" content=\"en_GB\" \/>\n<meta property=\"og:type\" content=\"article\" \/>\n<meta property=\"og:title\" content=\"Canton Ergo 690 DC -B-WARE, St\u00fcckpreis, Standlautsprecher (wenge braun) | Hidden Audio DE | Product-Guide.org\" \/>\n<meta property=\"og:description\" content=\"Canton Ergo 690 DC -B-WARE, St\u00fcckpreis, Standlautsprecher (wenge braun) | Hidden Audio DE gefunden von Product-Guide.org\" \/>\n<meta property=\"og:url\" content=\"https:\/\/product-guide.org\/en\/produkt\/canton-ergo-690-dc-b-ware-stuckpreis-standlautsprecher-wenge-braun-hidden-audio-de\/\" \/>\n<meta property=\"og:site_name\" content=\"Product-Guide.org\" \/>\n<meta property=\"article:modified_time\" content=\"2025-03-17T10:15:01+00:00\" \/>\n<meta name=\"twitter:card\" content=\"summary_large_image\" \/>\n<script type=\"application\/ld+json\" class=\"yoast-schema-graph\">{\"@context\":\"https:\/\/schema.org\",\"@graph\":[{\"@type\":\"WebPage\",\"@id\":\"https:\/\/product-guide.org\/produkt\/canton-ergo-690-dc-b-ware-stuckpreis-standlautsprecher-wenge-braun-hidden-audio-de\/\",\"url\":\"https:\/\/product-guide.org\/produkt\/canton-ergo-690-dc-b-ware-stuckpreis-standlautsprecher-wenge-braun-hidden-audio-de\/\",\"name\":\"Canton Ergo 690 DC -B-WARE, St\u00fcckpreis, Standlautsprecher (wenge braun) | Hidden Audio DE | Product-Guide.org\",\"isPartOf\":{\"@id\":\"https:\/\/product-guide.org\/#website\"},\"primaryImageOfPage\":{\"@id\":\"https:\/\/product-guide.org\/produkt\/canton-ergo-690-dc-b-ware-stuckpreis-standlautsprecher-wenge-braun-hidden-audio-de\/#primaryimage\"},\"image\":{\"@id\":\"https:\/\/product-guide.org\/produkt\/canton-ergo-690-dc-b-ware-stuckpreis-standlautsprecher-wenge-braun-hidden-audio-de\/#primaryimage\"},\"thumbnailUrl\":\"https:\/\/product-guide.org\/wp-content\/uploads\/2025\/03\/a249902-638756651985187273-1024x768-vcenterhcenter.jpeg\",\"datePublished\":\"2025-03-17T10:15:00+00:00\",\"dateModified\":\"2025-03-17T10:15:01+00:00\",\"description\":\"Canton Ergo 690 DC -B-WARE, St\u00fcckpreis, Standlautsprecher (wenge braun) | Hidden Audio DE gefunden von Product-Guide.org\",\"breadcrumb\":{\"@id\":\"https:\/\/product-guide.org\/produkt\/canton-ergo-690-dc-b-ware-stuckpreis-standlautsprecher-wenge-braun-hidden-audio-de\/#breadcrumb\"},\"inLanguage\":\"en-GB\",\"potentialAction\":[{\"@type\":\"ReadAction\",\"target\":[\"https:\/\/product-guide.org\/produkt\/canton-ergo-690-dc-b-ware-stuckpreis-standlautsprecher-wenge-braun-hidden-audio-de\/\"]}]},{\"@type\":\"ImageObject\",\"inLanguage\":\"en-GB\",\"@id\":\"https:\/\/product-guide.org\/produkt\/canton-ergo-690-dc-b-ware-stuckpreis-standlautsprecher-wenge-braun-hidden-audio-de\/#primaryimage\",\"url\":\"https:\/\/product-guide.org\/wp-content\/uploads\/2025\/03\/a249902-638756651985187273-1024x768-vcenterhcenter.jpeg\",\"contentUrl\":\"https:\/\/product-guide.org\/wp-content\/uploads\/2025\/03\/a249902-638756651985187273-1024x768-vcenterhcenter.jpeg\",\"width\":257,\"height\":768},{\"@type\":\"BreadcrumbList\",\"@id\":\"https:\/\/product-guide.org\/produkt\/canton-ergo-690-dc-b-ware-stuckpreis-standlautsprecher-wenge-braun-hidden-audio-de\/#breadcrumb\",\"itemListElement\":[{\"@type\":\"ListItem\",\"position\":1,\"name\":\"Home\",\"item\":\"https:\/\/product-guide.org\/\"},{\"@type\":\"ListItem\",\"position\":2,\"name\":\"Ergebnisse\",\"item\":\"https:\/\/product-guide.org\/de\/ergebnisse\/\"},{\"@type\":\"ListItem\",\"position\":3,\"name\":\"Canton Ergo 690 DC -B-WARE, St\u00fcckpreis, Standlautsprecher (wenge braun) | Hidden Audio DE\"}]},{\"@type\":\"WebSite\",\"@id\":\"https:\/\/product-guide.org\/#website\",\"url\":\"https:\/\/product-guide.org\/\",\"name\":\"Product-Guide.org\",\"description\":\"What Product are you looking for?\",\"publisher\":{\"@id\":\"https:\/\/product-guide.org\/#organization\"},\"potentialAction\":[{\"@type\":\"SearchAction\",\"target\":{\"@type\":\"EntryPoint\",\"urlTemplate\":\"https:\/\/product-guide.org\/?s={search_term_string}\"},\"query-input\":{\"@type\":\"PropertyValueSpecification\",\"valueRequired\":true,\"valueName\":\"search_term_string\"}}],\"inLanguage\":\"en-GB\"},{\"@type\":\"Organization\",\"@id\":\"https:\/\/product-guide.org\/#organization\",\"name\":\"Product-Guide.org\",\"url\":\"https:\/\/product-guide.org\/\",\"logo\":{\"@type\":\"ImageObject\",\"inLanguage\":\"en-GB\",\"@id\":\"https:\/\/product-guide.org\/#\/schema\/logo\/image\/\",\"url\":\"https:\/\/product-guide.org\/wp-content\/uploads\/2022\/07\/logo_transparent_background.png\",\"contentUrl\":\"https:\/\/product-guide.org\/wp-content\/uploads\/2022\/07\/logo_transparent_background.png\",\"width\":3400,\"height\":1132,\"caption\":\"Product-Guide.org\"},\"image\":{\"@id\":\"https:\/\/product-guide.org\/#\/schema\/logo\/image\/\"}}]}<\/script>\n<!-- \/ Yoast SEO plugin. -->","yoast_head_json":{"title":"Canton Ergo 690 DC -B-WARE, St\u00fcckpreis, Standlautsprecher (wenge braun) | Hidden Audio DE | Product-Guide.org","description":"Canton Ergo 690 DC -B-WARE, St\u00fcckpreis, Standlautsprecher (wenge braun) | Hidden Audio DE gefunden von Product-Guide.org","robots":{"index":"index","follow":"follow","max-snippet":"max-snippet:-1","max-image-preview":"max-image-preview:large","max-video-preview":"max-video-preview:-1"},"canonical":"https:\/\/product-guide.org\/en\/produkt\/canton-ergo-690-dc-b-ware-stuckpreis-standlautsprecher-wenge-braun-hidden-audio-de\/","og_locale":"en_GB","og_type":"article","og_title":"Canton Ergo 690 DC -B-WARE, St\u00fcckpreis, Standlautsprecher (wenge braun) | Hidden Audio DE | Product-Guide.org","og_description":"Canton Ergo 690 DC -B-WARE, St\u00fcckpreis, Standlautsprecher (wenge braun) | Hidden Audio DE gefunden von Product-Guide.org","og_url":"https:\/\/product-guide.org\/en\/produkt\/canton-ergo-690-dc-b-ware-stuckpreis-standlautsprecher-wenge-braun-hidden-audio-de\/","og_site_name":"Product-Guide.org","article_modified_time":"2025-03-17T10:15:01+00:00","twitter_card":"summary_large_image","schema":{"@context":"https:\/\/schema.org","@graph":[{"@type":"WebPage","@id":"https:\/\/product-guide.org\/produkt\/canton-ergo-690-dc-b-ware-stuckpreis-standlautsprecher-wenge-braun-hidden-audio-de\/","url":"https:\/\/product-guide.org\/produkt\/canton-ergo-690-dc-b-ware-stuckpreis-standlautsprecher-wenge-braun-hidden-audio-de\/","name":"Canton Ergo 690 DC -B-WARE, St\u00fcckpreis, Standlautsprecher (wenge braun) | Hidden Audio DE | Product-Guide.org","isPartOf":{"@id":"https:\/\/product-guide.org\/#website"},"primaryImageOfPage":{"@id":"https:\/\/product-guide.org\/produkt\/canton-ergo-690-dc-b-ware-stuckpreis-standlautsprecher-wenge-braun-hidden-audio-de\/#primaryimage"},"image":{"@id":"https:\/\/product-guide.org\/produkt\/canton-ergo-690-dc-b-ware-stuckpreis-standlautsprecher-wenge-braun-hidden-audio-de\/#primaryimage"},"thumbnailUrl":"https:\/\/product-guide.org\/wp-content\/uploads\/2025\/03\/a249902-638756651985187273-1024x768-vcenterhcenter.jpeg","datePublished":"2025-03-17T10:15:00+00:00","dateModified":"2025-03-17T10:15:01+00:00","description":"Canton Ergo 690 DC -B-WARE, St\u00fcckpreis, Standlautsprecher (wenge braun) | Hidden Audio DE gefunden von Product-Guide.org","breadcrumb":{"@id":"https:\/\/product-guide.org\/produkt\/canton-ergo-690-dc-b-ware-stuckpreis-standlautsprecher-wenge-braun-hidden-audio-de\/#breadcrumb"},"inLanguage":"en-GB","potentialAction":[{"@type":"ReadAction","target":["https:\/\/product-guide.org\/produkt\/canton-ergo-690-dc-b-ware-stuckpreis-standlautsprecher-wenge-braun-hidden-audio-de\/"]}]},{"@type":"ImageObject","inLanguage":"en-GB","@id":"https:\/\/product-guide.org\/produkt\/canton-ergo-690-dc-b-ware-stuckpreis-standlautsprecher-wenge-braun-hidden-audio-de\/#primaryimage","url":"https:\/\/product-guide.org\/wp-content\/uploads\/2025\/03\/a249902-638756651985187273-1024x768-vcenterhcenter.jpeg","contentUrl":"https:\/\/product-guide.org\/wp-content\/uploads\/2025\/03\/a249902-638756651985187273-1024x768-vcenterhcenter.jpeg","width":257,"height":768},{"@type":"BreadcrumbList","@id":"https:\/\/product-guide.org\/produkt\/canton-ergo-690-dc-b-ware-stuckpreis-standlautsprecher-wenge-braun-hidden-audio-de\/#breadcrumb","itemListElement":[{"@type":"ListItem","position":1,"name":"Home","item":"https:\/\/product-guide.org\/"},{"@type":"ListItem","position":2,"name":"Ergebnisse","item":"https:\/\/product-guide.org\/de\/ergebnisse\/"},{"@type":"ListItem","position":3,"name":"Canton Ergo 690 DC -B-WARE, St\u00fcckpreis, Standlautsprecher (wenge braun) | Hidden Audio DE"}]},{"@type":"WebSite","@id":"https:\/\/product-guide.org\/#website","url":"https:\/\/product-guide.org\/","name":"Product-Guide.org","description":"What Product are you looking for?","publisher":{"@id":"https:\/\/product-guide.org\/#organization"},"potentialAction":[{"@type":"SearchAction","target":{"@type":"EntryPoint","urlTemplate":"https:\/\/product-guide.org\/?s={search_term_string}"},"query-input":{"@type":"PropertyValueSpecification","valueRequired":true,"valueName":"search_term_string"}}],"inLanguage":"en-GB"},{"@type":"Organization","@id":"https:\/\/product-guide.org\/#organization","name":"Product-Guide.org","url":"https:\/\/product-guide.org\/","logo":{"@type":"ImageObject","inLanguage":"en-GB","@id":"https:\/\/product-guide.org\/#\/schema\/logo\/image\/","url":"https:\/\/product-guide.org\/wp-content\/uploads\/2022\/07\/logo_transparent_background.png","contentUrl":"https:\/\/product-guide.org\/wp-content\/uploads\/2022\/07\/logo_transparent_background.png","width":3400,"height":1132,"caption":"Product-Guide.org"},"image":{"@id":"https:\/\/product-guide.org\/#\/schema\/logo\/image\/"}}]}},"_links":{"self":[{"href":"https:\/\/product-guide.org\/en\/wp-json\/wp\/v2\/product\/51523","targetHints":{"allow":["GET"]}}],"collection":[{"href":"https:\/\/product-guide.org\/en\/wp-json\/wp\/v2\/product"}],"about":[{"href":"https:\/\/product-guide.org\/en\/wp-json\/wp\/v2\/types\/product"}],"wp:featuredmedia":[{"embeddable":true,"href":"https:\/\/product-guide.org\/en\/wp-json\/wp\/v2\/media\/51522"}],"wp:attachment":[{"href":"https:\/\/product-guide.org\/en\/wp-json\/wp\/v2\/media?parent=51523"}],"wp:term":[{"taxonomy":"store","embeddable":true,"href":"https:\/\/product-guide.org\/en\/wp-json\/wp\/v2\/store?post=51523"},{"taxonomy":"product_brand","embeddable":true,"href":"https:\/\/product-guide.org\/en\/wp-json\/wp\/v2\/product_brand?post=51523"},{"taxonomy":"product_cat","embeddable":true,"href":"https:\/\/product-guide.org\/en\/wp-json\/wp\/v2\/product_cat?post=51523"},{"taxonomy":"product_tag","embeddable":true,"href":"https:\/\/product-guide.org\/en\/wp-json\/wp\/v2\/product_tag?post=51523"}],"curies":[{"name":"wp","href":"https:\/\/api.w.org\/{rel}","templated":true}]}}