{"id":51535,"date":"2025-03-17T11:15:15","date_gmt":"2025-03-17T10:15:15","guid":{"rendered":"https:\/\/product-guide.org\/produkt\/denon-avr-s770h-b-ware-7-2-8k-av-receiver-heos-schwarz-hidden-audio-de\/"},"modified":"2025-03-17T11:15:15","modified_gmt":"2025-03-17T10:15:15","slug":"denon-avr-s770h-b-ware-7-2-8k-av-receiver-heos-schwarz-hidden-audio-de","status":"publish","type":"product","link":"https:\/\/product-guide.org\/en\/produkt\/denon-avr-s770h-b-ware-7-2-8k-av-receiver-heos-schwarz-hidden-audio-de\/","title":{"rendered":"Denon AVR-S770H -B-WARE, 7.2 &#8211; 8K-AV-Receiver, HEOS (schwarz) | Hidden Audio DE"},"content":{"rendered":"<p>DSP-Effekterzeugung &#8211; Anzahl Verst\u00e4rker-Kan\u00e4le: 7 &#8211; Anzahl Signal-Kan\u00e4le: 7.2 &#8211; Dolby Atmos &#8211; Dolby-TrueHD-Dekoder &#8211; DTS-High-Definition-Dekoder (DTS-HD) &#8211; DTS:X-Decoder (DTS:X) &#8211; virtueller Surround-Sound &#8211; Stereosignalwandlung in Mehrkanalton Leistungseigenschaften\/Hauptkan\u00e4le &#8211; Sinusleistung 8 Ohm, RMS (W), pro Kanal: 75 &#8211; Klirrfaktor (%): 0.08 Leistungseigenschaften\/Tuner &#8211; Internet-Musikwiedergabe &#8211; Tuner-Empfang: Tuner f\u00fcr UKW &#8211; Radio-Data-System (RDS): Radio-Data-System (RDS) Klangeinstellung &#8211; \u00dcbernahmefrequenz einstellbar &#8211; Ton-\/Source-Direkt-Schaltung Bedienung &#8211; Fernbedienung: IR-Fernbedienung &#8211; Sprachsteuerung m\u00f6glich &#8211; Amazon Alexa kompatibel &#8211; Google Assistant kompatibel &#8211; Apple Siri kompatibel &#8211; vorbereitet f\u00fcr Multiroom &#8211; Datenverbindung zwischen Video und TV &#8211; steuerbar \u00fcber Smartphone\/Tablet &#8211; Funktionserweiterung \u00fcber Apps &#8211; autom. Pegeleinmessung \u00fcber Mikrofon &#8211; autom. Pegeleinmessung f\u00fcr Lautsprecher &#8211; Sleep-Funktion &#8211; Abschaltautomatik bei Nichtbenutzung &#8211; Software-Updates m\u00f6glich Anzeigen\/Display &#8211; Display-Typ: Punkt-Matrix-Display (DOT) &#8211; Grafische Benutzerf\u00fchrung (GUI) Elektronik-Eigenschaften &#8211; kompatibel f\u00fcr 8K Aufl\u00f6sung &#8211; kompatibel f\u00fcr 4K Aufl\u00f6sung &#8211; 8K Signalkonvertierung &#8211; HDR 10+ &#8211; Dolby Vision &#8211; variable Bildwiederholfrequenz (VRR) &#8211; Auto Low Latency Mode (ALLM) &#8211; Hi-Res Audio &#8211; WAV kompatibel &#8211; FLAC kompatibel &#8211; WMA kompatibel &#8211; MP3 kompatibel &#8211; AAC kompatibel &#8211; Apple Lossless (ALAC) kompatibel &#8211; DSD kompatibel &#8211; Dynamikoptimierung f. komprimierte Musik &#8211; AirPlay f\u00e4hig analoge Audio-Anschl\u00fcsse &#8211; Anzahl Audio (IN): 2 &#8211; Anzahl Subwoofer (OUT): 2 Digital-Anschl\u00fcsse &#8211; USB-Schnittstelle &#8211; Anzahl USB (IN): 1 &#8211; Anzahl HDMI-Schnittstellen (IN): 6 &#8211; Anzahl HDMI-Schnittstellen (OUT): 1 &#8211; Ethernet LAN &#8211; WLAN-Schnittstelle &#8211; Bluetooth-Schnittstelle Leistungsaufnahme &#8211; Leistungsaufnahme, Betrieb (W): 400 &#8211; Leistungsaufnahme, Stand-By (W): 0.5 &#8211; \u00d6ko-Schalter\/Stromsparschaltung Geh\u00e4use-Eigenschaften &#8211; Breite (cm): 43.4 &#8211; H\u00f6he (cm): 15.1 &#8211; Tiefe (cm): 33.9 &#8211; Gewicht (kg): 8.6 Verpackungsangaben &#8211; Breite mit Verpackung (cm): 52.3 &#8211; H\u00f6he mit Verpackung (cm): 23.2 &#8211; Tiefe mit Verpackung (cm): 43.5 &#8211; Gewicht mit Verpackung (kg): 10.6<\/p>\n","protected":false},"excerpt":{"rendered":"<p>DSP-Effekterzeugung &#8211; Anzahl Verst\u00e4rker-Kan\u00e4le: 7 &#8211; Anzahl Signal-Kan\u00e4le: 7.2 &#8211; Dolby Atmos &#8211; Dolby-TrueHD-Dekoder &#8211; DTS-High-Definition-Dekoder (DTS-HD) &#8211; DTS:X-Decoder (DTS:X) &#8211; virtueller Surround-Sound &#8211; Stereosignalwandlung in Mehrkanalton Leistungseigenschaften\/Hauptkan\u00e4le &#8211; Sinusleistung 8 Ohm, RMS (W), pro Kanal: 75 &#8211; Klirrfaktor (%): 0.08 Leistungseigenschaften\/Tuner &#8211; Internet-Musikwiedergabe &#8211; Tuner-Empfang: Tuner f\u00fcr UKW &#8211; Radio-Data-System (RDS): Radio-Data-System (RDS) Klangeinstellung [&hellip;]<\/p>\n","protected":false},"featured_media":51534,"template":"","meta":{"_gspb_post_css":""},"store":[],"product_brand":[1390],"product_cat":[1290],"product_tag":[],"class_list":{"0":"post-51535","1":"product","2":"type-product","3":"status-publish","4":"has-post-thumbnail","6":"product_brand-hidden-audio-de","7":"product_cat-uncategorized","9":"first","10":"instock","11":"shipping-taxable","12":"purchasable","13":"product-type-simple"},"yoast_head":"<!-- This site is optimized with the Yoast SEO plugin v24.6 - https:\/\/yoast.com\/wordpress\/plugins\/seo\/ -->\n<title>Denon AVR-S770H -B-WARE, 7.2 - 8K-AV-Receiver, HEOS (schwarz) | Hidden Audio DE | Product-Guide.org<\/title>\n<meta name=\"description\" content=\"Denon AVR-S770H -B-WARE, 7.2 - 8K-AV-Receiver, HEOS (schwarz) | Hidden Audio DE gefunden von Product-Guide.org\" \/>\n<meta name=\"robots\" content=\"index, follow, max-snippet:-1, max-image-preview:large, max-video-preview:-1\" \/>\n<link rel=\"canonical\" href=\"https:\/\/product-guide.org\/en\/produkt\/denon-avr-s770h-b-ware-7-2-8k-av-receiver-heos-schwarz-hidden-audio-de\/\" \/>\n<meta property=\"og:locale\" content=\"en_GB\" \/>\n<meta property=\"og:type\" content=\"article\" \/>\n<meta property=\"og:title\" content=\"Denon AVR-S770H -B-WARE, 7.2 - 8K-AV-Receiver, HEOS (schwarz) | Hidden Audio DE | Product-Guide.org\" \/>\n<meta property=\"og:description\" content=\"Denon AVR-S770H -B-WARE, 7.2 - 8K-AV-Receiver, HEOS (schwarz) | Hidden Audio DE gefunden von Product-Guide.org\" \/>\n<meta property=\"og:url\" content=\"https:\/\/product-guide.org\/en\/produkt\/denon-avr-s770h-b-ware-7-2-8k-av-receiver-heos-schwarz-hidden-audio-de\/\" \/>\n<meta property=\"og:site_name\" content=\"Product-Guide.org\" \/>\n<meta name=\"twitter:card\" content=\"summary_large_image\" \/>\n<script type=\"application\/ld+json\" class=\"yoast-schema-graph\">{\"@context\":\"https:\/\/schema.org\",\"@graph\":[{\"@type\":\"WebPage\",\"@id\":\"https:\/\/product-guide.org\/produkt\/denon-avr-s770h-b-ware-7-2-8k-av-receiver-heos-schwarz-hidden-audio-de\/\",\"url\":\"https:\/\/product-guide.org\/produkt\/denon-avr-s770h-b-ware-7-2-8k-av-receiver-heos-schwarz-hidden-audio-de\/\",\"name\":\"Denon AVR-S770H -B-WARE, 7.2 - 8K-AV-Receiver, HEOS (schwarz) | Hidden Audio DE | Product-Guide.org\",\"isPartOf\":{\"@id\":\"https:\/\/product-guide.org\/#website\"},\"primaryImageOfPage\":{\"@id\":\"https:\/\/product-guide.org\/produkt\/denon-avr-s770h-b-ware-7-2-8k-av-receiver-heos-schwarz-hidden-audio-de\/#primaryimage\"},\"image\":{\"@id\":\"https:\/\/product-guide.org\/produkt\/denon-avr-s770h-b-ware-7-2-8k-av-receiver-heos-schwarz-hidden-audio-de\/#primaryimage\"},\"thumbnailUrl\":\"https:\/\/product-guide.org\/wp-content\/uploads\/2025\/03\/a242574-638726207981100517-1024x768-vcenterhcenter.png\",\"datePublished\":\"2025-03-17T10:15:15+00:00\",\"description\":\"Denon AVR-S770H -B-WARE, 7.2 - 8K-AV-Receiver, HEOS (schwarz) | Hidden Audio DE gefunden von Product-Guide.org\",\"breadcrumb\":{\"@id\":\"https:\/\/product-guide.org\/produkt\/denon-avr-s770h-b-ware-7-2-8k-av-receiver-heos-schwarz-hidden-audio-de\/#breadcrumb\"},\"inLanguage\":\"en-GB\",\"potentialAction\":[{\"@type\":\"ReadAction\",\"target\":[\"https:\/\/product-guide.org\/produkt\/denon-avr-s770h-b-ware-7-2-8k-av-receiver-heos-schwarz-hidden-audio-de\/\"]}]},{\"@type\":\"ImageObject\",\"inLanguage\":\"en-GB\",\"@id\":\"https:\/\/product-guide.org\/produkt\/denon-avr-s770h-b-ware-7-2-8k-av-receiver-heos-schwarz-hidden-audio-de\/#primaryimage\",\"url\":\"https:\/\/product-guide.org\/wp-content\/uploads\/2025\/03\/a242574-638726207981100517-1024x768-vcenterhcenter.png\",\"contentUrl\":\"https:\/\/product-guide.org\/wp-content\/uploads\/2025\/03\/a242574-638726207981100517-1024x768-vcenterhcenter.png\",\"width\":1002,\"height\":768},{\"@type\":\"BreadcrumbList\",\"@id\":\"https:\/\/product-guide.org\/produkt\/denon-avr-s770h-b-ware-7-2-8k-av-receiver-heos-schwarz-hidden-audio-de\/#breadcrumb\",\"itemListElement\":[{\"@type\":\"ListItem\",\"position\":1,\"name\":\"Home\",\"item\":\"https:\/\/product-guide.org\/\"},{\"@type\":\"ListItem\",\"position\":2,\"name\":\"Ergebnisse\",\"item\":\"https:\/\/product-guide.org\/de\/ergebnisse\/\"},{\"@type\":\"ListItem\",\"position\":3,\"name\":\"Denon AVR-S770H -B-WARE, 7.2 &#8211; 8K-AV-Receiver, HEOS (schwarz) | Hidden Audio DE\"}]},{\"@type\":\"WebSite\",\"@id\":\"https:\/\/product-guide.org\/#website\",\"url\":\"https:\/\/product-guide.org\/\",\"name\":\"Product-Guide.org\",\"description\":\"What Product are you looking for?\",\"publisher\":{\"@id\":\"https:\/\/product-guide.org\/#organization\"},\"potentialAction\":[{\"@type\":\"SearchAction\",\"target\":{\"@type\":\"EntryPoint\",\"urlTemplate\":\"https:\/\/product-guide.org\/?s={search_term_string}\"},\"query-input\":{\"@type\":\"PropertyValueSpecification\",\"valueRequired\":true,\"valueName\":\"search_term_string\"}}],\"inLanguage\":\"en-GB\"},{\"@type\":\"Organization\",\"@id\":\"https:\/\/product-guide.org\/#organization\",\"name\":\"Product-Guide.org\",\"url\":\"https:\/\/product-guide.org\/\",\"logo\":{\"@type\":\"ImageObject\",\"inLanguage\":\"en-GB\",\"@id\":\"https:\/\/product-guide.org\/#\/schema\/logo\/image\/\",\"url\":\"https:\/\/product-guide.org\/wp-content\/uploads\/2022\/07\/logo_transparent_background.png\",\"contentUrl\":\"https:\/\/product-guide.org\/wp-content\/uploads\/2022\/07\/logo_transparent_background.png\",\"width\":3400,\"height\":1132,\"caption\":\"Product-Guide.org\"},\"image\":{\"@id\":\"https:\/\/product-guide.org\/#\/schema\/logo\/image\/\"}}]}<\/script>\n<!-- \/ Yoast SEO plugin. -->","yoast_head_json":{"title":"Denon AVR-S770H -B-WARE, 7.2 - 8K-AV-Receiver, HEOS (schwarz) | Hidden Audio DE | Product-Guide.org","description":"Denon AVR-S770H -B-WARE, 7.2 - 8K-AV-Receiver, HEOS (schwarz) | Hidden Audio DE gefunden von Product-Guide.org","robots":{"index":"index","follow":"follow","max-snippet":"max-snippet:-1","max-image-preview":"max-image-preview:large","max-video-preview":"max-video-preview:-1"},"canonical":"https:\/\/product-guide.org\/en\/produkt\/denon-avr-s770h-b-ware-7-2-8k-av-receiver-heos-schwarz-hidden-audio-de\/","og_locale":"en_GB","og_type":"article","og_title":"Denon AVR-S770H -B-WARE, 7.2 - 8K-AV-Receiver, HEOS (schwarz) | Hidden Audio DE | Product-Guide.org","og_description":"Denon AVR-S770H -B-WARE, 7.2 - 8K-AV-Receiver, HEOS (schwarz) | Hidden Audio DE gefunden von Product-Guide.org","og_url":"https:\/\/product-guide.org\/en\/produkt\/denon-avr-s770h-b-ware-7-2-8k-av-receiver-heos-schwarz-hidden-audio-de\/","og_site_name":"Product-Guide.org","twitter_card":"summary_large_image","schema":{"@context":"https:\/\/schema.org","@graph":[{"@type":"WebPage","@id":"https:\/\/product-guide.org\/produkt\/denon-avr-s770h-b-ware-7-2-8k-av-receiver-heos-schwarz-hidden-audio-de\/","url":"https:\/\/product-guide.org\/produkt\/denon-avr-s770h-b-ware-7-2-8k-av-receiver-heos-schwarz-hidden-audio-de\/","name":"Denon AVR-S770H -B-WARE, 7.2 - 8K-AV-Receiver, HEOS (schwarz) | Hidden Audio DE | Product-Guide.org","isPartOf":{"@id":"https:\/\/product-guide.org\/#website"},"primaryImageOfPage":{"@id":"https:\/\/product-guide.org\/produkt\/denon-avr-s770h-b-ware-7-2-8k-av-receiver-heos-schwarz-hidden-audio-de\/#primaryimage"},"image":{"@id":"https:\/\/product-guide.org\/produkt\/denon-avr-s770h-b-ware-7-2-8k-av-receiver-heos-schwarz-hidden-audio-de\/#primaryimage"},"thumbnailUrl":"https:\/\/product-guide.org\/wp-content\/uploads\/2025\/03\/a242574-638726207981100517-1024x768-vcenterhcenter.png","datePublished":"2025-03-17T10:15:15+00:00","description":"Denon AVR-S770H -B-WARE, 7.2 - 8K-AV-Receiver, HEOS (schwarz) | Hidden Audio DE gefunden von Product-Guide.org","breadcrumb":{"@id":"https:\/\/product-guide.org\/produkt\/denon-avr-s770h-b-ware-7-2-8k-av-receiver-heos-schwarz-hidden-audio-de\/#breadcrumb"},"inLanguage":"en-GB","potentialAction":[{"@type":"ReadAction","target":["https:\/\/product-guide.org\/produkt\/denon-avr-s770h-b-ware-7-2-8k-av-receiver-heos-schwarz-hidden-audio-de\/"]}]},{"@type":"ImageObject","inLanguage":"en-GB","@id":"https:\/\/product-guide.org\/produkt\/denon-avr-s770h-b-ware-7-2-8k-av-receiver-heos-schwarz-hidden-audio-de\/#primaryimage","url":"https:\/\/product-guide.org\/wp-content\/uploads\/2025\/03\/a242574-638726207981100517-1024x768-vcenterhcenter.png","contentUrl":"https:\/\/product-guide.org\/wp-content\/uploads\/2025\/03\/a242574-638726207981100517-1024x768-vcenterhcenter.png","width":1002,"height":768},{"@type":"BreadcrumbList","@id":"https:\/\/product-guide.org\/produkt\/denon-avr-s770h-b-ware-7-2-8k-av-receiver-heos-schwarz-hidden-audio-de\/#breadcrumb","itemListElement":[{"@type":"ListItem","position":1,"name":"Home","item":"https:\/\/product-guide.org\/"},{"@type":"ListItem","position":2,"name":"Ergebnisse","item":"https:\/\/product-guide.org\/de\/ergebnisse\/"},{"@type":"ListItem","position":3,"name":"Denon AVR-S770H -B-WARE, 7.2 &#8211; 8K-AV-Receiver, HEOS (schwarz) | Hidden Audio DE"}]},{"@type":"WebSite","@id":"https:\/\/product-guide.org\/#website","url":"https:\/\/product-guide.org\/","name":"Product-Guide.org","description":"What Product are you looking for?","publisher":{"@id":"https:\/\/product-guide.org\/#organization"},"potentialAction":[{"@type":"SearchAction","target":{"@type":"EntryPoint","urlTemplate":"https:\/\/product-guide.org\/?s={search_term_string}"},"query-input":{"@type":"PropertyValueSpecification","valueRequired":true,"valueName":"search_term_string"}}],"inLanguage":"en-GB"},{"@type":"Organization","@id":"https:\/\/product-guide.org\/#organization","name":"Product-Guide.org","url":"https:\/\/product-guide.org\/","logo":{"@type":"ImageObject","inLanguage":"en-GB","@id":"https:\/\/product-guide.org\/#\/schema\/logo\/image\/","url":"https:\/\/product-guide.org\/wp-content\/uploads\/2022\/07\/logo_transparent_background.png","contentUrl":"https:\/\/product-guide.org\/wp-content\/uploads\/2022\/07\/logo_transparent_background.png","width":3400,"height":1132,"caption":"Product-Guide.org"},"image":{"@id":"https:\/\/product-guide.org\/#\/schema\/logo\/image\/"}}]}},"_links":{"self":[{"href":"https:\/\/product-guide.org\/en\/wp-json\/wp\/v2\/product\/51535","targetHints":{"allow":["GET"]}}],"collection":[{"href":"https:\/\/product-guide.org\/en\/wp-json\/wp\/v2\/product"}],"about":[{"href":"https:\/\/product-guide.org\/en\/wp-json\/wp\/v2\/types\/product"}],"wp:featuredmedia":[{"embeddable":true,"href":"https:\/\/product-guide.org\/en\/wp-json\/wp\/v2\/media\/51534"}],"wp:attachment":[{"href":"https:\/\/product-guide.org\/en\/wp-json\/wp\/v2\/media?parent=51535"}],"wp:term":[{"taxonomy":"store","embeddable":true,"href":"https:\/\/product-guide.org\/en\/wp-json\/wp\/v2\/store?post=51535"},{"taxonomy":"product_brand","embeddable":true,"href":"https:\/\/product-guide.org\/en\/wp-json\/wp\/v2\/product_brand?post=51535"},{"taxonomy":"product_cat","embeddable":true,"href":"https:\/\/product-guide.org\/en\/wp-json\/wp\/v2\/product_cat?post=51535"},{"taxonomy":"product_tag","embeddable":true,"href":"https:\/\/product-guide.org\/en\/wp-json\/wp\/v2\/product_tag?post=51535"}],"curies":[{"name":"wp","href":"https:\/\/api.w.org\/{rel}","templated":true}]}}