{"id":51573,"date":"2025-03-17T11:15:50","date_gmt":"2025-03-17T10:15:50","guid":{"rendered":"https:\/\/product-guide.org\/produkt\/q-acoustics-3050i-b-ware-paarpreis-standlautsprecher-nussbaum-hidden-audio-de\/"},"modified":"2025-03-17T11:15:50","modified_gmt":"2025-03-17T10:15:50","slug":"q-acoustics-3050i-b-ware-paarpreis-standlautsprecher-nussbaum-hidden-audio-de","status":"publish","type":"product","link":"https:\/\/product-guide.org\/en\/produkt\/q-acoustics-3050i-b-ware-paarpreis-standlautsprecher-nussbaum-hidden-audio-de\/","title":{"rendered":"Q Acoustics 3050i -B-WARE, Paarpreis, Standlautsprecher (nussbaum) | Hidden Audio DE"},"content":{"rendered":"<p>Einzigartige Technologien verhelfen der Q 3050i zu einer famosen Klangqualit\u00e4t: Hinter HPE (Helmholtz Druck Equalizer) verbirgt sich eine Technologie, die Druckunterschiede in den Geh\u00e4usen schlanker Standboxen ausgleicht. Die HPE-R\u00f6hren wandeln den in der Q 3050i entstehenden Luftdruck in Geschwindigkeit, um Geh\u00e4useresonanzen zu reduzieren und eine linearere Basswiedergabe zu erm\u00f6glichen. Dank der Q Acoustics P2P (Punkt zu Punkt) Versteifungen verursachen die neuen Geh\u00e4use deutlich weniger Vibrationen und somit Ger\u00e4usche als ihre Vorg\u00e4nger. Ausgekl\u00fcgelte Messverfahren ermitteln exakt die Positionen, an denen die Geh\u00e4use versteift werden m\u00fcssen. Das Ergebnis ist ein \u00fcberaus pr\u00e4zise gestaffeltes Klangbild.<\/p>\n","protected":false},"excerpt":{"rendered":"<p>Einzigartige Technologien verhelfen der Q 3050i zu einer famosen Klangqualit\u00e4t: Hinter HPE (Helmholtz Druck Equalizer) verbirgt sich eine Technologie, die Druckunterschiede in den Geh\u00e4usen schlanker Standboxen ausgleicht. Die HPE-R\u00f6hren wandeln den in der Q 3050i entstehenden Luftdruck in Geschwindigkeit, um Geh\u00e4useresonanzen zu reduzieren und eine linearere Basswiedergabe zu erm\u00f6glichen. Dank der Q Acoustics P2P (Punkt [&hellip;]<\/p>\n","protected":false},"featured_media":51572,"template":"","meta":{"_gspb_post_css":""},"store":[],"product_brand":[1390],"product_cat":[1290],"product_tag":[],"class_list":{"0":"post-51573","1":"product","2":"type-product","3":"status-publish","4":"has-post-thumbnail","6":"product_brand-hidden-audio-de","7":"product_cat-uncategorized","9":"first","10":"instock","11":"shipping-taxable","12":"purchasable","13":"product-type-simple"},"yoast_head":"<!-- This site is optimized with the Yoast SEO plugin v24.6 - https:\/\/yoast.com\/wordpress\/plugins\/seo\/ -->\n<title>Q Acoustics 3050i -B-WARE, Paarpreis, Standlautsprecher (nussbaum) | Hidden Audio DE | Product-Guide.org<\/title>\n<meta name=\"description\" content=\"Q Acoustics 3050i -B-WARE, Paarpreis, Standlautsprecher (nussbaum) | Hidden Audio DE gefunden von Product-Guide.org\" \/>\n<meta name=\"robots\" content=\"index, follow, max-snippet:-1, max-image-preview:large, max-video-preview:-1\" \/>\n<link rel=\"canonical\" href=\"https:\/\/product-guide.org\/en\/produkt\/q-acoustics-3050i-b-ware-paarpreis-standlautsprecher-nussbaum-hidden-audio-de\/\" \/>\n<meta property=\"og:locale\" content=\"en_GB\" \/>\n<meta property=\"og:type\" content=\"article\" \/>\n<meta property=\"og:title\" content=\"Q Acoustics 3050i -B-WARE, Paarpreis, Standlautsprecher (nussbaum) | Hidden Audio DE | Product-Guide.org\" \/>\n<meta property=\"og:description\" content=\"Q Acoustics 3050i -B-WARE, Paarpreis, Standlautsprecher (nussbaum) | Hidden Audio DE gefunden von Product-Guide.org\" \/>\n<meta property=\"og:url\" content=\"https:\/\/product-guide.org\/en\/produkt\/q-acoustics-3050i-b-ware-paarpreis-standlautsprecher-nussbaum-hidden-audio-de\/\" \/>\n<meta property=\"og:site_name\" content=\"Product-Guide.org\" \/>\n<meta name=\"twitter:card\" content=\"summary_large_image\" \/>\n<script type=\"application\/ld+json\" class=\"yoast-schema-graph\">{\"@context\":\"https:\/\/schema.org\",\"@graph\":[{\"@type\":\"WebPage\",\"@id\":\"https:\/\/product-guide.org\/produkt\/q-acoustics-3050i-b-ware-paarpreis-standlautsprecher-nussbaum-hidden-audio-de\/\",\"url\":\"https:\/\/product-guide.org\/produkt\/q-acoustics-3050i-b-ware-paarpreis-standlautsprecher-nussbaum-hidden-audio-de\/\",\"name\":\"Q Acoustics 3050i -B-WARE, Paarpreis, Standlautsprecher (nussbaum) | Hidden Audio DE | Product-Guide.org\",\"isPartOf\":{\"@id\":\"https:\/\/product-guide.org\/#website\"},\"primaryImageOfPage\":{\"@id\":\"https:\/\/product-guide.org\/produkt\/q-acoustics-3050i-b-ware-paarpreis-standlautsprecher-nussbaum-hidden-audio-de\/#primaryimage\"},\"image\":{\"@id\":\"https:\/\/product-guide.org\/produkt\/q-acoustics-3050i-b-ware-paarpreis-standlautsprecher-nussbaum-hidden-audio-de\/#primaryimage\"},\"thumbnailUrl\":\"https:\/\/product-guide.org\/wp-content\/uploads\/2025\/03\/a242945-638742563970057740-1024x768-vcenterhcenter.jpeg\",\"datePublished\":\"2025-03-17T10:15:50+00:00\",\"description\":\"Q Acoustics 3050i -B-WARE, Paarpreis, Standlautsprecher (nussbaum) | Hidden Audio DE gefunden von Product-Guide.org\",\"breadcrumb\":{\"@id\":\"https:\/\/product-guide.org\/produkt\/q-acoustics-3050i-b-ware-paarpreis-standlautsprecher-nussbaum-hidden-audio-de\/#breadcrumb\"},\"inLanguage\":\"en-GB\",\"potentialAction\":[{\"@type\":\"ReadAction\",\"target\":[\"https:\/\/product-guide.org\/produkt\/q-acoustics-3050i-b-ware-paarpreis-standlautsprecher-nussbaum-hidden-audio-de\/\"]}]},{\"@type\":\"ImageObject\",\"inLanguage\":\"en-GB\",\"@id\":\"https:\/\/product-guide.org\/produkt\/q-acoustics-3050i-b-ware-paarpreis-standlautsprecher-nussbaum-hidden-audio-de\/#primaryimage\",\"url\":\"https:\/\/product-guide.org\/wp-content\/uploads\/2025\/03\/a242945-638742563970057740-1024x768-vcenterhcenter.jpeg\",\"contentUrl\":\"https:\/\/product-guide.org\/wp-content\/uploads\/2025\/03\/a242945-638742563970057740-1024x768-vcenterhcenter.jpeg\",\"width\":768,\"height\":768},{\"@type\":\"BreadcrumbList\",\"@id\":\"https:\/\/product-guide.org\/produkt\/q-acoustics-3050i-b-ware-paarpreis-standlautsprecher-nussbaum-hidden-audio-de\/#breadcrumb\",\"itemListElement\":[{\"@type\":\"ListItem\",\"position\":1,\"name\":\"Home\",\"item\":\"https:\/\/product-guide.org\/\"},{\"@type\":\"ListItem\",\"position\":2,\"name\":\"Ergebnisse\",\"item\":\"https:\/\/product-guide.org\/de\/ergebnisse\/\"},{\"@type\":\"ListItem\",\"position\":3,\"name\":\"Q Acoustics 3050i -B-WARE, Paarpreis, Standlautsprecher (nussbaum) | Hidden Audio DE\"}]},{\"@type\":\"WebSite\",\"@id\":\"https:\/\/product-guide.org\/#website\",\"url\":\"https:\/\/product-guide.org\/\",\"name\":\"Product-Guide.org\",\"description\":\"What Product are you looking for?\",\"publisher\":{\"@id\":\"https:\/\/product-guide.org\/#organization\"},\"potentialAction\":[{\"@type\":\"SearchAction\",\"target\":{\"@type\":\"EntryPoint\",\"urlTemplate\":\"https:\/\/product-guide.org\/?s={search_term_string}\"},\"query-input\":{\"@type\":\"PropertyValueSpecification\",\"valueRequired\":true,\"valueName\":\"search_term_string\"}}],\"inLanguage\":\"en-GB\"},{\"@type\":\"Organization\",\"@id\":\"https:\/\/product-guide.org\/#organization\",\"name\":\"Product-Guide.org\",\"url\":\"https:\/\/product-guide.org\/\",\"logo\":{\"@type\":\"ImageObject\",\"inLanguage\":\"en-GB\",\"@id\":\"https:\/\/product-guide.org\/#\/schema\/logo\/image\/\",\"url\":\"https:\/\/product-guide.org\/wp-content\/uploads\/2022\/07\/logo_transparent_background.png\",\"contentUrl\":\"https:\/\/product-guide.org\/wp-content\/uploads\/2022\/07\/logo_transparent_background.png\",\"width\":3400,\"height\":1132,\"caption\":\"Product-Guide.org\"},\"image\":{\"@id\":\"https:\/\/product-guide.org\/#\/schema\/logo\/image\/\"}}]}<\/script>\n<!-- \/ Yoast SEO plugin. -->","yoast_head_json":{"title":"Q Acoustics 3050i -B-WARE, Paarpreis, Standlautsprecher (nussbaum) | Hidden Audio DE | Product-Guide.org","description":"Q Acoustics 3050i -B-WARE, Paarpreis, Standlautsprecher (nussbaum) | Hidden Audio DE gefunden von Product-Guide.org","robots":{"index":"index","follow":"follow","max-snippet":"max-snippet:-1","max-image-preview":"max-image-preview:large","max-video-preview":"max-video-preview:-1"},"canonical":"https:\/\/product-guide.org\/en\/produkt\/q-acoustics-3050i-b-ware-paarpreis-standlautsprecher-nussbaum-hidden-audio-de\/","og_locale":"en_GB","og_type":"article","og_title":"Q Acoustics 3050i -B-WARE, Paarpreis, Standlautsprecher (nussbaum) | Hidden Audio DE | Product-Guide.org","og_description":"Q Acoustics 3050i -B-WARE, Paarpreis, Standlautsprecher (nussbaum) | Hidden Audio DE gefunden von Product-Guide.org","og_url":"https:\/\/product-guide.org\/en\/produkt\/q-acoustics-3050i-b-ware-paarpreis-standlautsprecher-nussbaum-hidden-audio-de\/","og_site_name":"Product-Guide.org","twitter_card":"summary_large_image","schema":{"@context":"https:\/\/schema.org","@graph":[{"@type":"WebPage","@id":"https:\/\/product-guide.org\/produkt\/q-acoustics-3050i-b-ware-paarpreis-standlautsprecher-nussbaum-hidden-audio-de\/","url":"https:\/\/product-guide.org\/produkt\/q-acoustics-3050i-b-ware-paarpreis-standlautsprecher-nussbaum-hidden-audio-de\/","name":"Q Acoustics 3050i -B-WARE, Paarpreis, Standlautsprecher (nussbaum) | Hidden Audio DE | Product-Guide.org","isPartOf":{"@id":"https:\/\/product-guide.org\/#website"},"primaryImageOfPage":{"@id":"https:\/\/product-guide.org\/produkt\/q-acoustics-3050i-b-ware-paarpreis-standlautsprecher-nussbaum-hidden-audio-de\/#primaryimage"},"image":{"@id":"https:\/\/product-guide.org\/produkt\/q-acoustics-3050i-b-ware-paarpreis-standlautsprecher-nussbaum-hidden-audio-de\/#primaryimage"},"thumbnailUrl":"https:\/\/product-guide.org\/wp-content\/uploads\/2025\/03\/a242945-638742563970057740-1024x768-vcenterhcenter.jpeg","datePublished":"2025-03-17T10:15:50+00:00","description":"Q Acoustics 3050i -B-WARE, Paarpreis, Standlautsprecher (nussbaum) | Hidden Audio DE gefunden von Product-Guide.org","breadcrumb":{"@id":"https:\/\/product-guide.org\/produkt\/q-acoustics-3050i-b-ware-paarpreis-standlautsprecher-nussbaum-hidden-audio-de\/#breadcrumb"},"inLanguage":"en-GB","potentialAction":[{"@type":"ReadAction","target":["https:\/\/product-guide.org\/produkt\/q-acoustics-3050i-b-ware-paarpreis-standlautsprecher-nussbaum-hidden-audio-de\/"]}]},{"@type":"ImageObject","inLanguage":"en-GB","@id":"https:\/\/product-guide.org\/produkt\/q-acoustics-3050i-b-ware-paarpreis-standlautsprecher-nussbaum-hidden-audio-de\/#primaryimage","url":"https:\/\/product-guide.org\/wp-content\/uploads\/2025\/03\/a242945-638742563970057740-1024x768-vcenterhcenter.jpeg","contentUrl":"https:\/\/product-guide.org\/wp-content\/uploads\/2025\/03\/a242945-638742563970057740-1024x768-vcenterhcenter.jpeg","width":768,"height":768},{"@type":"BreadcrumbList","@id":"https:\/\/product-guide.org\/produkt\/q-acoustics-3050i-b-ware-paarpreis-standlautsprecher-nussbaum-hidden-audio-de\/#breadcrumb","itemListElement":[{"@type":"ListItem","position":1,"name":"Home","item":"https:\/\/product-guide.org\/"},{"@type":"ListItem","position":2,"name":"Ergebnisse","item":"https:\/\/product-guide.org\/de\/ergebnisse\/"},{"@type":"ListItem","position":3,"name":"Q Acoustics 3050i -B-WARE, Paarpreis, Standlautsprecher (nussbaum) | Hidden Audio DE"}]},{"@type":"WebSite","@id":"https:\/\/product-guide.org\/#website","url":"https:\/\/product-guide.org\/","name":"Product-Guide.org","description":"What Product are you looking for?","publisher":{"@id":"https:\/\/product-guide.org\/#organization"},"potentialAction":[{"@type":"SearchAction","target":{"@type":"EntryPoint","urlTemplate":"https:\/\/product-guide.org\/?s={search_term_string}"},"query-input":{"@type":"PropertyValueSpecification","valueRequired":true,"valueName":"search_term_string"}}],"inLanguage":"en-GB"},{"@type":"Organization","@id":"https:\/\/product-guide.org\/#organization","name":"Product-Guide.org","url":"https:\/\/product-guide.org\/","logo":{"@type":"ImageObject","inLanguage":"en-GB","@id":"https:\/\/product-guide.org\/#\/schema\/logo\/image\/","url":"https:\/\/product-guide.org\/wp-content\/uploads\/2022\/07\/logo_transparent_background.png","contentUrl":"https:\/\/product-guide.org\/wp-content\/uploads\/2022\/07\/logo_transparent_background.png","width":3400,"height":1132,"caption":"Product-Guide.org"},"image":{"@id":"https:\/\/product-guide.org\/#\/schema\/logo\/image\/"}}]}},"_links":{"self":[{"href":"https:\/\/product-guide.org\/en\/wp-json\/wp\/v2\/product\/51573","targetHints":{"allow":["GET"]}}],"collection":[{"href":"https:\/\/product-guide.org\/en\/wp-json\/wp\/v2\/product"}],"about":[{"href":"https:\/\/product-guide.org\/en\/wp-json\/wp\/v2\/types\/product"}],"wp:featuredmedia":[{"embeddable":true,"href":"https:\/\/product-guide.org\/en\/wp-json\/wp\/v2\/media\/51572"}],"wp:attachment":[{"href":"https:\/\/product-guide.org\/en\/wp-json\/wp\/v2\/media?parent=51573"}],"wp:term":[{"taxonomy":"store","embeddable":true,"href":"https:\/\/product-guide.org\/en\/wp-json\/wp\/v2\/store?post=51573"},{"taxonomy":"product_brand","embeddable":true,"href":"https:\/\/product-guide.org\/en\/wp-json\/wp\/v2\/product_brand?post=51573"},{"taxonomy":"product_cat","embeddable":true,"href":"https:\/\/product-guide.org\/en\/wp-json\/wp\/v2\/product_cat?post=51573"},{"taxonomy":"product_tag","embeddable":true,"href":"https:\/\/product-guide.org\/en\/wp-json\/wp\/v2\/product_tag?post=51573"}],"curies":[{"name":"wp","href":"https:\/\/api.w.org\/{rel}","templated":true}]}}