{"id":51629,"date":"2025-03-17T11:16:43","date_gmt":"2025-03-17T10:16:43","guid":{"rendered":"https:\/\/product-guide.org\/produkt\/bordeaux-kegelkerzen-paket-20-x-28-x-38-deluxe-home-art-shop-de\/"},"modified":"2025-03-17T11:16:43","modified_gmt":"2025-03-17T10:16:43","slug":"bordeaux-kegelkerzen-paket-20-x-28-x-38-deluxe-home-art-shop-de","status":"publish","type":"product","link":"https:\/\/product-guide.org\/en\/produkt\/bordeaux-kegelkerzen-paket-20-x-28-x-38-deluxe-home-art-shop-de\/","title":{"rendered":"Bordeaux Kegelkerzen paket 20 x 28 x 38 | Deluxe Home Art Shop DE"},"content":{"rendered":"<p>Schaffen Sie eine gem\u00fctliche und elegante Atmosph\u00e4re mit dem LED-Kerzenset von DeluxeHomeart, das wundersch\u00f6nes Design mit hoher Qualit\u00e4t vereint. Diese LED-Kerzen sind so gestaltet, dass sie echten Kerzen \u00e4hneln, und sie sorgen f\u00fcr eine warme und angenehme Beleuchtung ohne Brandgefahr oder Wachstropfen. Der Paketpreis ist unschlagbar und bietet Ihnen die M\u00f6glichkeit, eine exklusive L\u00f6sung f\u00fcr Ihre Einrichtung zu einem fantastischen Preis zu erhalten. Denken Sie daran, dass nur eine begrenzte Anzahl auf Lager ist, also sichern Sie sich dieses wundersch\u00f6ne Set, bevor es zu sp\u00e4t ist! Perfekt f\u00fcr alle, die eine einfache und stilvolle Aufwertung ihres Zuhauses w\u00fcnschen.<\/p>\n","protected":false},"excerpt":{"rendered":"<p>Schaffen Sie eine gem\u00fctliche und elegante Atmosph\u00e4re mit dem LED-Kerzenset von DeluxeHomeart, das wundersch\u00f6nes Design mit hoher Qualit\u00e4t vereint. Diese LED-Kerzen sind so gestaltet, dass sie echten Kerzen \u00e4hneln, und sie sorgen f\u00fcr eine warme und angenehme Beleuchtung ohne Brandgefahr oder Wachstropfen. Der Paketpreis ist unschlagbar und bietet Ihnen die M\u00f6glichkeit, eine exklusive L\u00f6sung f\u00fcr [&hellip;]<\/p>\n","protected":false},"featured_media":51628,"template":"","meta":{"_gspb_post_css":""},"store":[],"product_brand":[1391],"product_cat":[1290],"product_tag":[],"class_list":{"0":"post-51629","1":"product","2":"type-product","3":"status-publish","4":"has-post-thumbnail","6":"product_brand-deluxe-home-art-shop-de","7":"product_cat-uncategorized","9":"first","10":"instock","11":"sale","12":"shipping-taxable","13":"purchasable","14":"product-type-simple"},"yoast_head":"<!-- This site is optimized with the Yoast SEO plugin v24.6 - https:\/\/yoast.com\/wordpress\/plugins\/seo\/ -->\n<title>Bordeaux Kegelkerzen paket 20 x 28 x 38 | Deluxe Home Art Shop DE | Product-Guide.org<\/title>\n<meta name=\"description\" content=\"Bordeaux Kegelkerzen paket 20 x 28 x 38 | Deluxe Home Art Shop DE gefunden von Product-Guide.org\" \/>\n<meta name=\"robots\" content=\"index, follow, max-snippet:-1, max-image-preview:large, max-video-preview:-1\" \/>\n<link rel=\"canonical\" href=\"https:\/\/product-guide.org\/en\/produkt\/bordeaux-kegelkerzen-paket-20-x-28-x-38-deluxe-home-art-shop-de\/\" \/>\n<meta property=\"og:locale\" content=\"en_GB\" \/>\n<meta property=\"og:type\" content=\"article\" \/>\n<meta property=\"og:title\" content=\"Bordeaux Kegelkerzen paket 20 x 28 x 38 | Deluxe Home Art Shop DE | Product-Guide.org\" \/>\n<meta property=\"og:description\" content=\"Bordeaux Kegelkerzen paket 20 x 28 x 38 | Deluxe Home Art Shop DE gefunden von Product-Guide.org\" \/>\n<meta property=\"og:url\" content=\"https:\/\/product-guide.org\/en\/produkt\/bordeaux-kegelkerzen-paket-20-x-28-x-38-deluxe-home-art-shop-de\/\" \/>\n<meta property=\"og:site_name\" content=\"Product-Guide.org\" \/>\n<meta name=\"twitter:card\" content=\"summary_large_image\" \/>\n<script type=\"application\/ld+json\" class=\"yoast-schema-graph\">{\"@context\":\"https:\/\/schema.org\",\"@graph\":[{\"@type\":\"WebPage\",\"@id\":\"https:\/\/product-guide.org\/produkt\/bordeaux-kegelkerzen-paket-20-x-28-x-38-deluxe-home-art-shop-de\/\",\"url\":\"https:\/\/product-guide.org\/produkt\/bordeaux-kegelkerzen-paket-20-x-28-x-38-deluxe-home-art-shop-de\/\",\"name\":\"Bordeaux Kegelkerzen paket 20 x 28 x 38 | Deluxe Home Art Shop DE | Product-Guide.org\",\"isPartOf\":{\"@id\":\"https:\/\/product-guide.org\/#website\"},\"primaryImageOfPage\":{\"@id\":\"https:\/\/product-guide.org\/produkt\/bordeaux-kegelkerzen-paket-20-x-28-x-38-deluxe-home-art-shop-de\/#primaryimage\"},\"image\":{\"@id\":\"https:\/\/product-guide.org\/produkt\/bordeaux-kegelkerzen-paket-20-x-28-x-38-deluxe-home-art-shop-de\/#primaryimage\"},\"thumbnailUrl\":\"https:\/\/product-guide.org\/wp-content\/uploads\/2025\/03\/Stuen_Bourgogne_Keglelys.png\",\"datePublished\":\"2025-03-17T10:16:43+00:00\",\"description\":\"Bordeaux Kegelkerzen paket 20 x 28 x 38 | Deluxe Home Art Shop DE gefunden von Product-Guide.org\",\"breadcrumb\":{\"@id\":\"https:\/\/product-guide.org\/produkt\/bordeaux-kegelkerzen-paket-20-x-28-x-38-deluxe-home-art-shop-de\/#breadcrumb\"},\"inLanguage\":\"en-GB\",\"potentialAction\":[{\"@type\":\"ReadAction\",\"target\":[\"https:\/\/product-guide.org\/produkt\/bordeaux-kegelkerzen-paket-20-x-28-x-38-deluxe-home-art-shop-de\/\"]}]},{\"@type\":\"ImageObject\",\"inLanguage\":\"en-GB\",\"@id\":\"https:\/\/product-guide.org\/produkt\/bordeaux-kegelkerzen-paket-20-x-28-x-38-deluxe-home-art-shop-de\/#primaryimage\",\"url\":\"https:\/\/product-guide.org\/wp-content\/uploads\/2025\/03\/Stuen_Bourgogne_Keglelys.png\",\"contentUrl\":\"https:\/\/product-guide.org\/wp-content\/uploads\/2025\/03\/Stuen_Bourgogne_Keglelys.png\",\"width\":2000,\"height\":2000},{\"@type\":\"BreadcrumbList\",\"@id\":\"https:\/\/product-guide.org\/produkt\/bordeaux-kegelkerzen-paket-20-x-28-x-38-deluxe-home-art-shop-de\/#breadcrumb\",\"itemListElement\":[{\"@type\":\"ListItem\",\"position\":1,\"name\":\"Home\",\"item\":\"https:\/\/product-guide.org\/\"},{\"@type\":\"ListItem\",\"position\":2,\"name\":\"Ergebnisse\",\"item\":\"https:\/\/product-guide.org\/de\/ergebnisse\/\"},{\"@type\":\"ListItem\",\"position\":3,\"name\":\"Bordeaux Kegelkerzen paket 20 x 28 x 38 | Deluxe Home Art Shop DE\"}]},{\"@type\":\"WebSite\",\"@id\":\"https:\/\/product-guide.org\/#website\",\"url\":\"https:\/\/product-guide.org\/\",\"name\":\"Product-Guide.org\",\"description\":\"What Product are you looking for?\",\"publisher\":{\"@id\":\"https:\/\/product-guide.org\/#organization\"},\"potentialAction\":[{\"@type\":\"SearchAction\",\"target\":{\"@type\":\"EntryPoint\",\"urlTemplate\":\"https:\/\/product-guide.org\/?s={search_term_string}\"},\"query-input\":{\"@type\":\"PropertyValueSpecification\",\"valueRequired\":true,\"valueName\":\"search_term_string\"}}],\"inLanguage\":\"en-GB\"},{\"@type\":\"Organization\",\"@id\":\"https:\/\/product-guide.org\/#organization\",\"name\":\"Product-Guide.org\",\"url\":\"https:\/\/product-guide.org\/\",\"logo\":{\"@type\":\"ImageObject\",\"inLanguage\":\"en-GB\",\"@id\":\"https:\/\/product-guide.org\/#\/schema\/logo\/image\/\",\"url\":\"https:\/\/product-guide.org\/wp-content\/uploads\/2022\/07\/logo_transparent_background.png\",\"contentUrl\":\"https:\/\/product-guide.org\/wp-content\/uploads\/2022\/07\/logo_transparent_background.png\",\"width\":3400,\"height\":1132,\"caption\":\"Product-Guide.org\"},\"image\":{\"@id\":\"https:\/\/product-guide.org\/#\/schema\/logo\/image\/\"}}]}<\/script>\n<!-- \/ Yoast SEO plugin. -->","yoast_head_json":{"title":"Bordeaux Kegelkerzen paket 20 x 28 x 38 | Deluxe Home Art Shop DE | Product-Guide.org","description":"Bordeaux Kegelkerzen paket 20 x 28 x 38 | Deluxe Home Art Shop DE gefunden von Product-Guide.org","robots":{"index":"index","follow":"follow","max-snippet":"max-snippet:-1","max-image-preview":"max-image-preview:large","max-video-preview":"max-video-preview:-1"},"canonical":"https:\/\/product-guide.org\/en\/produkt\/bordeaux-kegelkerzen-paket-20-x-28-x-38-deluxe-home-art-shop-de\/","og_locale":"en_GB","og_type":"article","og_title":"Bordeaux Kegelkerzen paket 20 x 28 x 38 | Deluxe Home Art Shop DE | Product-Guide.org","og_description":"Bordeaux Kegelkerzen paket 20 x 28 x 38 | Deluxe Home Art Shop DE gefunden von Product-Guide.org","og_url":"https:\/\/product-guide.org\/en\/produkt\/bordeaux-kegelkerzen-paket-20-x-28-x-38-deluxe-home-art-shop-de\/","og_site_name":"Product-Guide.org","twitter_card":"summary_large_image","schema":{"@context":"https:\/\/schema.org","@graph":[{"@type":"WebPage","@id":"https:\/\/product-guide.org\/produkt\/bordeaux-kegelkerzen-paket-20-x-28-x-38-deluxe-home-art-shop-de\/","url":"https:\/\/product-guide.org\/produkt\/bordeaux-kegelkerzen-paket-20-x-28-x-38-deluxe-home-art-shop-de\/","name":"Bordeaux Kegelkerzen paket 20 x 28 x 38 | Deluxe Home Art Shop DE | Product-Guide.org","isPartOf":{"@id":"https:\/\/product-guide.org\/#website"},"primaryImageOfPage":{"@id":"https:\/\/product-guide.org\/produkt\/bordeaux-kegelkerzen-paket-20-x-28-x-38-deluxe-home-art-shop-de\/#primaryimage"},"image":{"@id":"https:\/\/product-guide.org\/produkt\/bordeaux-kegelkerzen-paket-20-x-28-x-38-deluxe-home-art-shop-de\/#primaryimage"},"thumbnailUrl":"https:\/\/product-guide.org\/wp-content\/uploads\/2025\/03\/Stuen_Bourgogne_Keglelys.png","datePublished":"2025-03-17T10:16:43+00:00","description":"Bordeaux Kegelkerzen paket 20 x 28 x 38 | Deluxe Home Art Shop DE gefunden von Product-Guide.org","breadcrumb":{"@id":"https:\/\/product-guide.org\/produkt\/bordeaux-kegelkerzen-paket-20-x-28-x-38-deluxe-home-art-shop-de\/#breadcrumb"},"inLanguage":"en-GB","potentialAction":[{"@type":"ReadAction","target":["https:\/\/product-guide.org\/produkt\/bordeaux-kegelkerzen-paket-20-x-28-x-38-deluxe-home-art-shop-de\/"]}]},{"@type":"ImageObject","inLanguage":"en-GB","@id":"https:\/\/product-guide.org\/produkt\/bordeaux-kegelkerzen-paket-20-x-28-x-38-deluxe-home-art-shop-de\/#primaryimage","url":"https:\/\/product-guide.org\/wp-content\/uploads\/2025\/03\/Stuen_Bourgogne_Keglelys.png","contentUrl":"https:\/\/product-guide.org\/wp-content\/uploads\/2025\/03\/Stuen_Bourgogne_Keglelys.png","width":2000,"height":2000},{"@type":"BreadcrumbList","@id":"https:\/\/product-guide.org\/produkt\/bordeaux-kegelkerzen-paket-20-x-28-x-38-deluxe-home-art-shop-de\/#breadcrumb","itemListElement":[{"@type":"ListItem","position":1,"name":"Home","item":"https:\/\/product-guide.org\/"},{"@type":"ListItem","position":2,"name":"Ergebnisse","item":"https:\/\/product-guide.org\/de\/ergebnisse\/"},{"@type":"ListItem","position":3,"name":"Bordeaux Kegelkerzen paket 20 x 28 x 38 | Deluxe Home Art Shop DE"}]},{"@type":"WebSite","@id":"https:\/\/product-guide.org\/#website","url":"https:\/\/product-guide.org\/","name":"Product-Guide.org","description":"What Product are you looking for?","publisher":{"@id":"https:\/\/product-guide.org\/#organization"},"potentialAction":[{"@type":"SearchAction","target":{"@type":"EntryPoint","urlTemplate":"https:\/\/product-guide.org\/?s={search_term_string}"},"query-input":{"@type":"PropertyValueSpecification","valueRequired":true,"valueName":"search_term_string"}}],"inLanguage":"en-GB"},{"@type":"Organization","@id":"https:\/\/product-guide.org\/#organization","name":"Product-Guide.org","url":"https:\/\/product-guide.org\/","logo":{"@type":"ImageObject","inLanguage":"en-GB","@id":"https:\/\/product-guide.org\/#\/schema\/logo\/image\/","url":"https:\/\/product-guide.org\/wp-content\/uploads\/2022\/07\/logo_transparent_background.png","contentUrl":"https:\/\/product-guide.org\/wp-content\/uploads\/2022\/07\/logo_transparent_background.png","width":3400,"height":1132,"caption":"Product-Guide.org"},"image":{"@id":"https:\/\/product-guide.org\/#\/schema\/logo\/image\/"}}]}},"_links":{"self":[{"href":"https:\/\/product-guide.org\/en\/wp-json\/wp\/v2\/product\/51629","targetHints":{"allow":["GET"]}}],"collection":[{"href":"https:\/\/product-guide.org\/en\/wp-json\/wp\/v2\/product"}],"about":[{"href":"https:\/\/product-guide.org\/en\/wp-json\/wp\/v2\/types\/product"}],"wp:featuredmedia":[{"embeddable":true,"href":"https:\/\/product-guide.org\/en\/wp-json\/wp\/v2\/media\/51628"}],"wp:attachment":[{"href":"https:\/\/product-guide.org\/en\/wp-json\/wp\/v2\/media?parent=51629"}],"wp:term":[{"taxonomy":"store","embeddable":true,"href":"https:\/\/product-guide.org\/en\/wp-json\/wp\/v2\/store?post=51629"},{"taxonomy":"product_brand","embeddable":true,"href":"https:\/\/product-guide.org\/en\/wp-json\/wp\/v2\/product_brand?post=51629"},{"taxonomy":"product_cat","embeddable":true,"href":"https:\/\/product-guide.org\/en\/wp-json\/wp\/v2\/product_cat?post=51629"},{"taxonomy":"product_tag","embeddable":true,"href":"https:\/\/product-guide.org\/en\/wp-json\/wp\/v2\/product_tag?post=51629"}],"curies":[{"name":"wp","href":"https:\/\/api.w.org\/{rel}","templated":true}]}}