{"id":51741,"date":"2025-03-17T11:23:38","date_gmt":"2025-03-17T10:23:38","guid":{"rendered":"https:\/\/product-guide.org\/produkt\/palladio-fiam-arredare-moderno-de\/"},"modified":"2025-03-17T11:23:38","modified_gmt":"2025-03-17T10:23:38","slug":"palladio-fiam-arredare-moderno-de","status":"publish","type":"product","link":"https:\/\/product-guide.org\/en\/produkt\/palladio-fiam-arredare-moderno-de\/","title":{"rendered":"Palladio Fiam | Arredare Moderno DE"},"content":{"rendered":"<p>Palladio Vitrine Fiam DESIGN VITTORIO LIVI.Palladio ist die Vitrine aus transparentem oder extraleichtem 6 mm gebogenem Glas mit vier festen 6 mm Glasb\u00f6den von Fiam. Dieses Made in Italy verleiht Ihrem Zuhause Klasse und Einfachheit. Der Sockel ist in Holz erh\u00e4ltlich. Aluminiumprofile mit geb\u00fcrsteter, gl\u00e4nzender Oberfl\u00e4che. Ausgestattet mit abschlie\u00dfbarer T\u00fcr. Optional kann der Leuchtk\u00f6rper auch unter der Oberseite positioniert werden. GESTELL PALLADIO VITRINE: Elektrifizierte Vitrine aus gebogenem 6-mm-Glas mit vier festen 6-mm-Glasb\u00f6den (L 58 cm, T 31 cm) und 12-mm-Glasplatte. Aluminiumprofile mit geb\u00fcrstetem Brillant-Finish.Erh\u00e4ltlich in folgenden Ausf\u00fchrungen: Hinterversilberter Extralight-Glassockel und transparente Glasstruktur Schwarz lackierter extraleichter Glassockel und transparente Glasstruktur Sockel aus extraleichtem, wei\u00df hinterlackiertem, s\u00e4urege\u00e4tztem Glas und Struktur aus transparentem Glas Sockel aus Canaletto-Walnussholz und extraleichte Glasstruktur. Kann mit einem Beleuchtungsset ausgestattet werden: 2 hochhelle 3-W-LED-Lampen, 1 Niederspannungs-250-mA-Transformator. Maximale Kapazit\u00e4t 3 Lampen.Tragf\u00e4higkeit je Etage 25 kg.Kapazit\u00e4t oben 30 kg. ABMESSUNGEN PALLADIO VITRINE: LIEFERUNGSZEIT: Gesch\u00e4tzte Zeit f\u00fcr die Produktion und Lieferung des Produkts 4\/6 Arbeitswochen ab Zahlungseingang.In diesem Zeitraum k\u00f6nnen sich Lieferungen von Herstellerfirmen verz\u00f6gern.<\/p>\n","protected":false},"excerpt":{"rendered":"<p>Palladio Vitrine Fiam DESIGN VITTORIO LIVI.Palladio ist die Vitrine aus transparentem oder extraleichtem 6 mm gebogenem Glas mit vier festen 6 mm Glasb\u00f6den von Fiam. Dieses Made in Italy verleiht Ihrem Zuhause Klasse und Einfachheit. Der Sockel ist in Holz erh\u00e4ltlich. Aluminiumprofile mit geb\u00fcrsteter, gl\u00e4nzender Oberfl\u00e4che. Ausgestattet mit abschlie\u00dfbarer T\u00fcr. Optional kann der Leuchtk\u00f6rper auch [&hellip;]<\/p>\n","protected":false},"featured_media":51740,"template":"","meta":{"_gspb_post_css":""},"store":[],"product_brand":[1392],"product_cat":[1290],"product_tag":[],"class_list":{"0":"post-51741","1":"product","2":"type-product","3":"status-publish","4":"has-post-thumbnail","6":"product_brand-arredare-moderno-de","7":"product_cat-uncategorized","9":"first","10":"instock","11":"sale","12":"shipping-taxable","13":"purchasable","14":"product-type-simple"},"yoast_head":"<!-- This site is optimized with the Yoast SEO plugin v24.6 - https:\/\/yoast.com\/wordpress\/plugins\/seo\/ -->\n<title>Palladio Fiam | Arredare Moderno DE | Product-Guide.org<\/title>\n<meta name=\"description\" content=\"Palladio Fiam | Arredare Moderno DE gefunden von Product-Guide.org\" \/>\n<meta name=\"robots\" content=\"index, follow, max-snippet:-1, max-image-preview:large, max-video-preview:-1\" \/>\n<link rel=\"canonical\" href=\"https:\/\/product-guide.org\/en\/produkt\/palladio-fiam-arredare-moderno-de\/\" \/>\n<meta property=\"og:locale\" content=\"en_GB\" \/>\n<meta property=\"og:type\" content=\"article\" \/>\n<meta property=\"og:title\" content=\"Palladio Fiam | Arredare Moderno DE | Product-Guide.org\" \/>\n<meta property=\"og:description\" content=\"Palladio Fiam | Arredare Moderno DE gefunden von Product-Guide.org\" \/>\n<meta property=\"og:url\" content=\"https:\/\/product-guide.org\/en\/produkt\/palladio-fiam-arredare-moderno-de\/\" \/>\n<meta property=\"og:site_name\" content=\"Product-Guide.org\" \/>\n<meta name=\"twitter:card\" content=\"summary_large_image\" \/>\n<script type=\"application\/ld+json\" class=\"yoast-schema-graph\">{\"@context\":\"https:\/\/schema.org\",\"@graph\":[{\"@type\":\"WebPage\",\"@id\":\"https:\/\/product-guide.org\/produkt\/palladio-fiam-arredare-moderno-de\/\",\"url\":\"https:\/\/product-guide.org\/produkt\/palladio-fiam-arredare-moderno-de\/\",\"name\":\"Palladio Fiam | Arredare Moderno DE | Product-Guide.org\",\"isPartOf\":{\"@id\":\"https:\/\/product-guide.org\/#website\"},\"primaryImageOfPage\":{\"@id\":\"https:\/\/product-guide.org\/produkt\/palladio-fiam-arredare-moderno-de\/#primaryimage\"},\"image\":{\"@id\":\"https:\/\/product-guide.org\/produkt\/palladio-fiam-arredare-moderno-de\/#primaryimage\"},\"thumbnailUrl\":\"https:\/\/product-guide.org\/wp-content\/uploads\/2025\/03\/palladio-vitrine-fiam.jpg\",\"datePublished\":\"2025-03-17T10:23:38+00:00\",\"description\":\"Palladio Fiam | Arredare Moderno DE gefunden von Product-Guide.org\",\"breadcrumb\":{\"@id\":\"https:\/\/product-guide.org\/produkt\/palladio-fiam-arredare-moderno-de\/#breadcrumb\"},\"inLanguage\":\"en-GB\",\"potentialAction\":[{\"@type\":\"ReadAction\",\"target\":[\"https:\/\/product-guide.org\/produkt\/palladio-fiam-arredare-moderno-de\/\"]}]},{\"@type\":\"ImageObject\",\"inLanguage\":\"en-GB\",\"@id\":\"https:\/\/product-guide.org\/produkt\/palladio-fiam-arredare-moderno-de\/#primaryimage\",\"url\":\"https:\/\/product-guide.org\/wp-content\/uploads\/2025\/03\/palladio-vitrine-fiam.jpg\",\"contentUrl\":\"https:\/\/product-guide.org\/wp-content\/uploads\/2025\/03\/palladio-vitrine-fiam.jpg\",\"width\":800,\"height\":800},{\"@type\":\"BreadcrumbList\",\"@id\":\"https:\/\/product-guide.org\/produkt\/palladio-fiam-arredare-moderno-de\/#breadcrumb\",\"itemListElement\":[{\"@type\":\"ListItem\",\"position\":1,\"name\":\"Home\",\"item\":\"https:\/\/product-guide.org\/\"},{\"@type\":\"ListItem\",\"position\":2,\"name\":\"Ergebnisse\",\"item\":\"https:\/\/product-guide.org\/de\/ergebnisse\/\"},{\"@type\":\"ListItem\",\"position\":3,\"name\":\"Palladio Fiam | Arredare Moderno DE\"}]},{\"@type\":\"WebSite\",\"@id\":\"https:\/\/product-guide.org\/#website\",\"url\":\"https:\/\/product-guide.org\/\",\"name\":\"Product-Guide.org\",\"description\":\"What Product are you looking for?\",\"publisher\":{\"@id\":\"https:\/\/product-guide.org\/#organization\"},\"potentialAction\":[{\"@type\":\"SearchAction\",\"target\":{\"@type\":\"EntryPoint\",\"urlTemplate\":\"https:\/\/product-guide.org\/?s={search_term_string}\"},\"query-input\":{\"@type\":\"PropertyValueSpecification\",\"valueRequired\":true,\"valueName\":\"search_term_string\"}}],\"inLanguage\":\"en-GB\"},{\"@type\":\"Organization\",\"@id\":\"https:\/\/product-guide.org\/#organization\",\"name\":\"Product-Guide.org\",\"url\":\"https:\/\/product-guide.org\/\",\"logo\":{\"@type\":\"ImageObject\",\"inLanguage\":\"en-GB\",\"@id\":\"https:\/\/product-guide.org\/#\/schema\/logo\/image\/\",\"url\":\"https:\/\/product-guide.org\/wp-content\/uploads\/2022\/07\/logo_transparent_background.png\",\"contentUrl\":\"https:\/\/product-guide.org\/wp-content\/uploads\/2022\/07\/logo_transparent_background.png\",\"width\":3400,\"height\":1132,\"caption\":\"Product-Guide.org\"},\"image\":{\"@id\":\"https:\/\/product-guide.org\/#\/schema\/logo\/image\/\"}}]}<\/script>\n<!-- \/ Yoast SEO plugin. -->","yoast_head_json":{"title":"Palladio Fiam | Arredare Moderno DE | Product-Guide.org","description":"Palladio Fiam | Arredare Moderno DE gefunden von Product-Guide.org","robots":{"index":"index","follow":"follow","max-snippet":"max-snippet:-1","max-image-preview":"max-image-preview:large","max-video-preview":"max-video-preview:-1"},"canonical":"https:\/\/product-guide.org\/en\/produkt\/palladio-fiam-arredare-moderno-de\/","og_locale":"en_GB","og_type":"article","og_title":"Palladio Fiam | Arredare Moderno DE | Product-Guide.org","og_description":"Palladio Fiam | Arredare Moderno DE gefunden von Product-Guide.org","og_url":"https:\/\/product-guide.org\/en\/produkt\/palladio-fiam-arredare-moderno-de\/","og_site_name":"Product-Guide.org","twitter_card":"summary_large_image","schema":{"@context":"https:\/\/schema.org","@graph":[{"@type":"WebPage","@id":"https:\/\/product-guide.org\/produkt\/palladio-fiam-arredare-moderno-de\/","url":"https:\/\/product-guide.org\/produkt\/palladio-fiam-arredare-moderno-de\/","name":"Palladio Fiam | Arredare Moderno DE | Product-Guide.org","isPartOf":{"@id":"https:\/\/product-guide.org\/#website"},"primaryImageOfPage":{"@id":"https:\/\/product-guide.org\/produkt\/palladio-fiam-arredare-moderno-de\/#primaryimage"},"image":{"@id":"https:\/\/product-guide.org\/produkt\/palladio-fiam-arredare-moderno-de\/#primaryimage"},"thumbnailUrl":"https:\/\/product-guide.org\/wp-content\/uploads\/2025\/03\/palladio-vitrine-fiam.jpg","datePublished":"2025-03-17T10:23:38+00:00","description":"Palladio Fiam | Arredare Moderno DE gefunden von Product-Guide.org","breadcrumb":{"@id":"https:\/\/product-guide.org\/produkt\/palladio-fiam-arredare-moderno-de\/#breadcrumb"},"inLanguage":"en-GB","potentialAction":[{"@type":"ReadAction","target":["https:\/\/product-guide.org\/produkt\/palladio-fiam-arredare-moderno-de\/"]}]},{"@type":"ImageObject","inLanguage":"en-GB","@id":"https:\/\/product-guide.org\/produkt\/palladio-fiam-arredare-moderno-de\/#primaryimage","url":"https:\/\/product-guide.org\/wp-content\/uploads\/2025\/03\/palladio-vitrine-fiam.jpg","contentUrl":"https:\/\/product-guide.org\/wp-content\/uploads\/2025\/03\/palladio-vitrine-fiam.jpg","width":800,"height":800},{"@type":"BreadcrumbList","@id":"https:\/\/product-guide.org\/produkt\/palladio-fiam-arredare-moderno-de\/#breadcrumb","itemListElement":[{"@type":"ListItem","position":1,"name":"Home","item":"https:\/\/product-guide.org\/"},{"@type":"ListItem","position":2,"name":"Ergebnisse","item":"https:\/\/product-guide.org\/de\/ergebnisse\/"},{"@type":"ListItem","position":3,"name":"Palladio Fiam | Arredare Moderno DE"}]},{"@type":"WebSite","@id":"https:\/\/product-guide.org\/#website","url":"https:\/\/product-guide.org\/","name":"Product-Guide.org","description":"What Product are you looking for?","publisher":{"@id":"https:\/\/product-guide.org\/#organization"},"potentialAction":[{"@type":"SearchAction","target":{"@type":"EntryPoint","urlTemplate":"https:\/\/product-guide.org\/?s={search_term_string}"},"query-input":{"@type":"PropertyValueSpecification","valueRequired":true,"valueName":"search_term_string"}}],"inLanguage":"en-GB"},{"@type":"Organization","@id":"https:\/\/product-guide.org\/#organization","name":"Product-Guide.org","url":"https:\/\/product-guide.org\/","logo":{"@type":"ImageObject","inLanguage":"en-GB","@id":"https:\/\/product-guide.org\/#\/schema\/logo\/image\/","url":"https:\/\/product-guide.org\/wp-content\/uploads\/2022\/07\/logo_transparent_background.png","contentUrl":"https:\/\/product-guide.org\/wp-content\/uploads\/2022\/07\/logo_transparent_background.png","width":3400,"height":1132,"caption":"Product-Guide.org"},"image":{"@id":"https:\/\/product-guide.org\/#\/schema\/logo\/image\/"}}]}},"_links":{"self":[{"href":"https:\/\/product-guide.org\/en\/wp-json\/wp\/v2\/product\/51741","targetHints":{"allow":["GET"]}}],"collection":[{"href":"https:\/\/product-guide.org\/en\/wp-json\/wp\/v2\/product"}],"about":[{"href":"https:\/\/product-guide.org\/en\/wp-json\/wp\/v2\/types\/product"}],"wp:featuredmedia":[{"embeddable":true,"href":"https:\/\/product-guide.org\/en\/wp-json\/wp\/v2\/media\/51740"}],"wp:attachment":[{"href":"https:\/\/product-guide.org\/en\/wp-json\/wp\/v2\/media?parent=51741"}],"wp:term":[{"taxonomy":"store","embeddable":true,"href":"https:\/\/product-guide.org\/en\/wp-json\/wp\/v2\/store?post=51741"},{"taxonomy":"product_brand","embeddable":true,"href":"https:\/\/product-guide.org\/en\/wp-json\/wp\/v2\/product_brand?post=51741"},{"taxonomy":"product_cat","embeddable":true,"href":"https:\/\/product-guide.org\/en\/wp-json\/wp\/v2\/product_cat?post=51741"},{"taxonomy":"product_tag","embeddable":true,"href":"https:\/\/product-guide.org\/en\/wp-json\/wp\/v2\/product_tag?post=51741"}],"curies":[{"name":"wp","href":"https:\/\/api.w.org\/{rel}","templated":true}]}}