{"id":51773,"date":"2025-03-17T11:24:00","date_gmt":"2025-03-17T10:24:00","guid":{"rendered":"https:\/\/product-guide.org\/produkt\/luxor-fiam-arredare-moderno-de\/"},"modified":"2025-03-17T11:24:00","modified_gmt":"2025-03-17T10:24:00","slug":"luxor-fiam-arredare-moderno-de","status":"publish","type":"product","link":"https:\/\/product-guide.org\/en\/produkt\/luxor-fiam-arredare-moderno-de\/","title":{"rendered":"Luxor Fiam | Arredare Moderno DE"},"content":{"rendered":"<p>Luxor Fiam Glastisch DESIGN RODOLFO DARDONI.Ein weiteres \u00e4u\u00dferst modernes Einrichtungszubeh\u00f6r, hergestellt f\u00fcr die italienische Marke Fiam: Luxor. Dieses schlichte und \u00e4u\u00dferst elegante Produkt aus Italien ist der absolute Mittelpunkt der Wohnr\u00e4ume in Ihrem Zuhause. AUFBAU DES LUXOR FIAM TISCHES: Der Luxor-Tisch hat 2 oder 3 Beine in folgenden Ausf\u00fchrungen: Transparentes Glas Rauchglas Bronzeglas Schwarzes Glas 95 Extraleichtes Glas Die Tischplatte ist in folgenden Ausf\u00fchrungen erh\u00e4ltlich: Temperiertes transparentes Glas Temperiertes extraleichtes Glas Verbundenes Rauchglas Verbundenes Bronzeglas Verbundenes transparentes Glas Ma\u00dfanfertigungen sind auf Anfrage m\u00f6glich. F\u00fcr weitere Informationen kontaktieren Sie bitte den Kundenservice. MA\u00dfE DES LUXOR FIAM TISCHES: Die verf\u00fcgbaren Modelle und Gr\u00f6\u00dfen sind wie folgt: Luxor 2 Beine rechteckig &#8211; L. 170 x T. 80 x H. 75 cm Luxor 2 Beine quadratisch &#8211; L. 80 x T. 80 x H. 75 cm Luxor 2 Beine rund &#8211; \u00d8. 80 x H. 75 cm Luxor 2 Beine oval &#8211; L. 170 x T. 80 x H. 75 cm Luxor 2 Beine elliptisch &#8211; L. 170 x T. 80 x H. 75 cm Luxor 3 Beine rechteckig &#8211; L. 240 x T. 120 x H. 75 cm Luxor 3 Beine quadratisch &#8211; L. 150 x T. 150 x H. 75 cm Luxor 3 Beine rund &#8211; \u00d8. 160 x H. 75 cm Luxor 3 Beine oval &#8211; L. 240 x T. 120 x H. 75 cm Luxor 3 Beine elliptisch &#8211; L. 240 x T. 120 x H. 75 cm LIEFERZEITEN: Gesch\u00e4tzte Produktions- und Lieferzeit: 4-6 Werktage ab Zahlungseingang.In diesem Zeitraum k\u00f6nnen Lieferungen seitens der Hersteller verz\u00f6gert werden.<\/p>\n","protected":false},"excerpt":{"rendered":"<p>Luxor Fiam Glastisch DESIGN RODOLFO DARDONI.Ein weiteres \u00e4u\u00dferst modernes Einrichtungszubeh\u00f6r, hergestellt f\u00fcr die italienische Marke Fiam: Luxor. Dieses schlichte und \u00e4u\u00dferst elegante Produkt aus Italien ist der absolute Mittelpunkt der Wohnr\u00e4ume in Ihrem Zuhause. AUFBAU DES LUXOR FIAM TISCHES: Der Luxor-Tisch hat 2 oder 3 Beine in folgenden Ausf\u00fchrungen: Transparentes Glas Rauchglas Bronzeglas Schwarzes Glas [&hellip;]<\/p>\n","protected":false},"featured_media":51772,"template":"","meta":{"_gspb_post_css":""},"store":[],"product_brand":[1392],"product_cat":[1290],"product_tag":[],"class_list":{"0":"post-51773","1":"product","2":"type-product","3":"status-publish","4":"has-post-thumbnail","6":"product_brand-arredare-moderno-de","7":"product_cat-uncategorized","9":"first","10":"instock","11":"sale","12":"shipping-taxable","13":"purchasable","14":"product-type-simple"},"yoast_head":"<!-- This site is optimized with the Yoast SEO plugin v24.6 - https:\/\/yoast.com\/wordpress\/plugins\/seo\/ -->\n<title>Luxor Fiam | Arredare Moderno DE | Product-Guide.org<\/title>\n<meta name=\"description\" content=\"Luxor Fiam | Arredare Moderno DE gefunden von Product-Guide.org\" \/>\n<meta name=\"robots\" content=\"index, follow, max-snippet:-1, max-image-preview:large, max-video-preview:-1\" \/>\n<link rel=\"canonical\" href=\"https:\/\/product-guide.org\/en\/produkt\/luxor-fiam-arredare-moderno-de\/\" \/>\n<meta property=\"og:locale\" content=\"en_GB\" \/>\n<meta property=\"og:type\" content=\"article\" \/>\n<meta property=\"og:title\" content=\"Luxor Fiam | Arredare Moderno DE | Product-Guide.org\" \/>\n<meta property=\"og:description\" content=\"Luxor Fiam | Arredare Moderno DE gefunden von Product-Guide.org\" \/>\n<meta property=\"og:url\" content=\"https:\/\/product-guide.org\/en\/produkt\/luxor-fiam-arredare-moderno-de\/\" \/>\n<meta property=\"og:site_name\" content=\"Product-Guide.org\" \/>\n<meta name=\"twitter:card\" content=\"summary_large_image\" \/>\n<script type=\"application\/ld+json\" class=\"yoast-schema-graph\">{\"@context\":\"https:\/\/schema.org\",\"@graph\":[{\"@type\":\"WebPage\",\"@id\":\"https:\/\/product-guide.org\/produkt\/luxor-fiam-arredare-moderno-de\/\",\"url\":\"https:\/\/product-guide.org\/produkt\/luxor-fiam-arredare-moderno-de\/\",\"name\":\"Luxor Fiam | Arredare Moderno DE | Product-Guide.org\",\"isPartOf\":{\"@id\":\"https:\/\/product-guide.org\/#website\"},\"primaryImageOfPage\":{\"@id\":\"https:\/\/product-guide.org\/produkt\/luxor-fiam-arredare-moderno-de\/#primaryimage\"},\"image\":{\"@id\":\"https:\/\/product-guide.org\/produkt\/luxor-fiam-arredare-moderno-de\/#primaryimage\"},\"thumbnailUrl\":\"https:\/\/product-guide.org\/wp-content\/uploads\/2025\/03\/tisch-luxor-fiam.jpg\",\"datePublished\":\"2025-03-17T10:24:00+00:00\",\"description\":\"Luxor Fiam | Arredare Moderno DE gefunden von Product-Guide.org\",\"breadcrumb\":{\"@id\":\"https:\/\/product-guide.org\/produkt\/luxor-fiam-arredare-moderno-de\/#breadcrumb\"},\"inLanguage\":\"en-GB\",\"potentialAction\":[{\"@type\":\"ReadAction\",\"target\":[\"https:\/\/product-guide.org\/produkt\/luxor-fiam-arredare-moderno-de\/\"]}]},{\"@type\":\"ImageObject\",\"inLanguage\":\"en-GB\",\"@id\":\"https:\/\/product-guide.org\/produkt\/luxor-fiam-arredare-moderno-de\/#primaryimage\",\"url\":\"https:\/\/product-guide.org\/wp-content\/uploads\/2025\/03\/tisch-luxor-fiam.jpg\",\"contentUrl\":\"https:\/\/product-guide.org\/wp-content\/uploads\/2025\/03\/tisch-luxor-fiam.jpg\",\"width\":800,\"height\":800},{\"@type\":\"BreadcrumbList\",\"@id\":\"https:\/\/product-guide.org\/produkt\/luxor-fiam-arredare-moderno-de\/#breadcrumb\",\"itemListElement\":[{\"@type\":\"ListItem\",\"position\":1,\"name\":\"Home\",\"item\":\"https:\/\/product-guide.org\/\"},{\"@type\":\"ListItem\",\"position\":2,\"name\":\"Ergebnisse\",\"item\":\"https:\/\/product-guide.org\/de\/ergebnisse\/\"},{\"@type\":\"ListItem\",\"position\":3,\"name\":\"Luxor Fiam | Arredare Moderno DE\"}]},{\"@type\":\"WebSite\",\"@id\":\"https:\/\/product-guide.org\/#website\",\"url\":\"https:\/\/product-guide.org\/\",\"name\":\"Product-Guide.org\",\"description\":\"What Product are you looking for?\",\"publisher\":{\"@id\":\"https:\/\/product-guide.org\/#organization\"},\"potentialAction\":[{\"@type\":\"SearchAction\",\"target\":{\"@type\":\"EntryPoint\",\"urlTemplate\":\"https:\/\/product-guide.org\/?s={search_term_string}\"},\"query-input\":{\"@type\":\"PropertyValueSpecification\",\"valueRequired\":true,\"valueName\":\"search_term_string\"}}],\"inLanguage\":\"en-GB\"},{\"@type\":\"Organization\",\"@id\":\"https:\/\/product-guide.org\/#organization\",\"name\":\"Product-Guide.org\",\"url\":\"https:\/\/product-guide.org\/\",\"logo\":{\"@type\":\"ImageObject\",\"inLanguage\":\"en-GB\",\"@id\":\"https:\/\/product-guide.org\/#\/schema\/logo\/image\/\",\"url\":\"https:\/\/product-guide.org\/wp-content\/uploads\/2022\/07\/logo_transparent_background.png\",\"contentUrl\":\"https:\/\/product-guide.org\/wp-content\/uploads\/2022\/07\/logo_transparent_background.png\",\"width\":3400,\"height\":1132,\"caption\":\"Product-Guide.org\"},\"image\":{\"@id\":\"https:\/\/product-guide.org\/#\/schema\/logo\/image\/\"}}]}<\/script>\n<!-- \/ Yoast SEO plugin. -->","yoast_head_json":{"title":"Luxor Fiam | Arredare Moderno DE | Product-Guide.org","description":"Luxor Fiam | Arredare Moderno DE gefunden von Product-Guide.org","robots":{"index":"index","follow":"follow","max-snippet":"max-snippet:-1","max-image-preview":"max-image-preview:large","max-video-preview":"max-video-preview:-1"},"canonical":"https:\/\/product-guide.org\/en\/produkt\/luxor-fiam-arredare-moderno-de\/","og_locale":"en_GB","og_type":"article","og_title":"Luxor Fiam | Arredare Moderno DE | Product-Guide.org","og_description":"Luxor Fiam | Arredare Moderno DE gefunden von Product-Guide.org","og_url":"https:\/\/product-guide.org\/en\/produkt\/luxor-fiam-arredare-moderno-de\/","og_site_name":"Product-Guide.org","twitter_card":"summary_large_image","schema":{"@context":"https:\/\/schema.org","@graph":[{"@type":"WebPage","@id":"https:\/\/product-guide.org\/produkt\/luxor-fiam-arredare-moderno-de\/","url":"https:\/\/product-guide.org\/produkt\/luxor-fiam-arredare-moderno-de\/","name":"Luxor Fiam | Arredare Moderno DE | Product-Guide.org","isPartOf":{"@id":"https:\/\/product-guide.org\/#website"},"primaryImageOfPage":{"@id":"https:\/\/product-guide.org\/produkt\/luxor-fiam-arredare-moderno-de\/#primaryimage"},"image":{"@id":"https:\/\/product-guide.org\/produkt\/luxor-fiam-arredare-moderno-de\/#primaryimage"},"thumbnailUrl":"https:\/\/product-guide.org\/wp-content\/uploads\/2025\/03\/tisch-luxor-fiam.jpg","datePublished":"2025-03-17T10:24:00+00:00","description":"Luxor Fiam | Arredare Moderno DE gefunden von Product-Guide.org","breadcrumb":{"@id":"https:\/\/product-guide.org\/produkt\/luxor-fiam-arredare-moderno-de\/#breadcrumb"},"inLanguage":"en-GB","potentialAction":[{"@type":"ReadAction","target":["https:\/\/product-guide.org\/produkt\/luxor-fiam-arredare-moderno-de\/"]}]},{"@type":"ImageObject","inLanguage":"en-GB","@id":"https:\/\/product-guide.org\/produkt\/luxor-fiam-arredare-moderno-de\/#primaryimage","url":"https:\/\/product-guide.org\/wp-content\/uploads\/2025\/03\/tisch-luxor-fiam.jpg","contentUrl":"https:\/\/product-guide.org\/wp-content\/uploads\/2025\/03\/tisch-luxor-fiam.jpg","width":800,"height":800},{"@type":"BreadcrumbList","@id":"https:\/\/product-guide.org\/produkt\/luxor-fiam-arredare-moderno-de\/#breadcrumb","itemListElement":[{"@type":"ListItem","position":1,"name":"Home","item":"https:\/\/product-guide.org\/"},{"@type":"ListItem","position":2,"name":"Ergebnisse","item":"https:\/\/product-guide.org\/de\/ergebnisse\/"},{"@type":"ListItem","position":3,"name":"Luxor Fiam | Arredare Moderno DE"}]},{"@type":"WebSite","@id":"https:\/\/product-guide.org\/#website","url":"https:\/\/product-guide.org\/","name":"Product-Guide.org","description":"What Product are you looking for?","publisher":{"@id":"https:\/\/product-guide.org\/#organization"},"potentialAction":[{"@type":"SearchAction","target":{"@type":"EntryPoint","urlTemplate":"https:\/\/product-guide.org\/?s={search_term_string}"},"query-input":{"@type":"PropertyValueSpecification","valueRequired":true,"valueName":"search_term_string"}}],"inLanguage":"en-GB"},{"@type":"Organization","@id":"https:\/\/product-guide.org\/#organization","name":"Product-Guide.org","url":"https:\/\/product-guide.org\/","logo":{"@type":"ImageObject","inLanguage":"en-GB","@id":"https:\/\/product-guide.org\/#\/schema\/logo\/image\/","url":"https:\/\/product-guide.org\/wp-content\/uploads\/2022\/07\/logo_transparent_background.png","contentUrl":"https:\/\/product-guide.org\/wp-content\/uploads\/2022\/07\/logo_transparent_background.png","width":3400,"height":1132,"caption":"Product-Guide.org"},"image":{"@id":"https:\/\/product-guide.org\/#\/schema\/logo\/image\/"}}]}},"_links":{"self":[{"href":"https:\/\/product-guide.org\/en\/wp-json\/wp\/v2\/product\/51773","targetHints":{"allow":["GET"]}}],"collection":[{"href":"https:\/\/product-guide.org\/en\/wp-json\/wp\/v2\/product"}],"about":[{"href":"https:\/\/product-guide.org\/en\/wp-json\/wp\/v2\/types\/product"}],"wp:featuredmedia":[{"embeddable":true,"href":"https:\/\/product-guide.org\/en\/wp-json\/wp\/v2\/media\/51772"}],"wp:attachment":[{"href":"https:\/\/product-guide.org\/en\/wp-json\/wp\/v2\/media?parent=51773"}],"wp:term":[{"taxonomy":"store","embeddable":true,"href":"https:\/\/product-guide.org\/en\/wp-json\/wp\/v2\/store?post=51773"},{"taxonomy":"product_brand","embeddable":true,"href":"https:\/\/product-guide.org\/en\/wp-json\/wp\/v2\/product_brand?post=51773"},{"taxonomy":"product_cat","embeddable":true,"href":"https:\/\/product-guide.org\/en\/wp-json\/wp\/v2\/product_cat?post=51773"},{"taxonomy":"product_tag","embeddable":true,"href":"https:\/\/product-guide.org\/en\/wp-json\/wp\/v2\/product_tag?post=51773"}],"curies":[{"name":"wp","href":"https:\/\/api.w.org\/{rel}","templated":true}]}}