{"id":51775,"date":"2025-03-17T11:24:01","date_gmt":"2025-03-17T10:24:01","guid":{"rendered":"https:\/\/product-guide.org\/produkt\/magma-fiam-arredare-moderno-de\/"},"modified":"2025-03-17T11:24:02","modified_gmt":"2025-03-17T10:24:02","slug":"magma-fiam-arredare-moderno-de","status":"publish","type":"product","link":"https:\/\/product-guide.org\/en\/produkt\/magma-fiam-arredare-moderno-de\/","title":{"rendered":"Magma Fiam | Arredare Moderno DE"},"content":{"rendered":"<p>Tisch Magma Fiam DESIGN PATRICK JOUIN.Geeignet f\u00fcr zahlreiche Wohnumgebungen, ist der Tisch Magma von Fiam nie fehl am Platz. Dieses M\u00f6belst\u00fcck bringt einen zus\u00e4tzlichen Farbtupfer in Ihr Zuhause. Hergestellt aus hochtemperaturgeschmolzenem und geh\u00e4rtetem Glas mit einer Holzstruktur. STRUKTUR DES TISCHES MAGMA: Struktur aus massivem Eichenholz, erh\u00e4ltlich in folgenden Ausf\u00fchrungen: Tabak Thermobehandelt schwarz Die Platte wird aus 15 mm dickem, hochtemperaturgeschmolzenem und geh\u00e4rtetem Glas hergestellt, r\u00fcckseitig lackiert in verschiedenen Ausf\u00fchrungen. F\u00fcr die Basis in der Ausf\u00fchrung Tabak ist die Platte in folgenden Farben erh\u00e4ltlich: Gl\u00e4nzendes Braun Bernstein Nat\u00fcrlich mit satinierter Optik. F\u00fcr die Basis in der Ausf\u00fchrung thermobehandelt schwarz ist die Platte in folgenden Farben erh\u00e4ltlich: Gl\u00e4nzendes Schwarz Rauch Blau Nat\u00fcrlich mit satinierter Optik. Tragf\u00e4higkeit der Platte: 150 kg.Leichte Spuren, Oberfl\u00e4chenunregelm\u00e4\u00dfigkeiten und leichte Farbabweichungen sind besondere und charakteristische Merkmale des Produkts und garantieren die Handwerkskunst des gesamten Produktionsprozesses. Sie k\u00f6nnen daher nicht beanstandet werden. MASSE DES TISCHES MAGMA: Erh\u00e4ltlich in den folgenden Abmessungen: \u00d8158 cm x H. 75 cm L. 140 cm x B. 140 cm x H. 75 cm L. 160 cm x B. 160 cm x H. 75 cm L. 220 cm x B. 140 cm x H. 75 cm L. 240 cm x B. 106 cm x H. 75 cm L. 260 cm x B. 110 cm x H. 75 cm LIEFERZEITEN: Die gesch\u00e4tzte Zeit f\u00fcr die Produktion und Lieferung des Produkts betr\u00e4gt 4 bis 6 Arbeitswochen ab Zahlungseingang.In dieser Zeit k\u00f6nnen die Lieferungen seitens der Herstellerfirmen Verz\u00f6gerungen erleiden.<\/p>\n","protected":false},"excerpt":{"rendered":"<p>Tisch Magma Fiam DESIGN PATRICK JOUIN.Geeignet f\u00fcr zahlreiche Wohnumgebungen, ist der Tisch Magma von Fiam nie fehl am Platz. Dieses M\u00f6belst\u00fcck bringt einen zus\u00e4tzlichen Farbtupfer in Ihr Zuhause. Hergestellt aus hochtemperaturgeschmolzenem und geh\u00e4rtetem Glas mit einer Holzstruktur. STRUKTUR DES TISCHES MAGMA: Struktur aus massivem Eichenholz, erh\u00e4ltlich in folgenden Ausf\u00fchrungen: Tabak Thermobehandelt schwarz Die Platte wird [&hellip;]<\/p>\n","protected":false},"featured_media":51774,"template":"","meta":{"_gspb_post_css":""},"store":[],"product_brand":[1392],"product_cat":[1290],"product_tag":[],"class_list":{"0":"post-51775","1":"product","2":"type-product","3":"status-publish","4":"has-post-thumbnail","6":"product_brand-arredare-moderno-de","7":"product_cat-uncategorized","9":"first","10":"instock","11":"sale","12":"shipping-taxable","13":"purchasable","14":"product-type-simple"},"yoast_head":"<!-- This site is optimized with the Yoast SEO plugin v24.6 - https:\/\/yoast.com\/wordpress\/plugins\/seo\/ -->\n<title>Magma Fiam | Arredare Moderno DE | Product-Guide.org<\/title>\n<meta name=\"description\" content=\"Magma Fiam | Arredare Moderno DE gefunden von Product-Guide.org\" \/>\n<meta name=\"robots\" content=\"index, follow, max-snippet:-1, max-image-preview:large, max-video-preview:-1\" \/>\n<link rel=\"canonical\" href=\"https:\/\/product-guide.org\/en\/produkt\/magma-fiam-arredare-moderno-de\/\" \/>\n<meta property=\"og:locale\" content=\"en_GB\" \/>\n<meta property=\"og:type\" content=\"article\" \/>\n<meta property=\"og:title\" content=\"Magma Fiam | Arredare Moderno DE | Product-Guide.org\" \/>\n<meta property=\"og:description\" content=\"Magma Fiam | Arredare Moderno DE gefunden von Product-Guide.org\" \/>\n<meta property=\"og:url\" content=\"https:\/\/product-guide.org\/en\/produkt\/magma-fiam-arredare-moderno-de\/\" \/>\n<meta property=\"og:site_name\" content=\"Product-Guide.org\" \/>\n<meta property=\"article:modified_time\" content=\"2025-03-17T10:24:02+00:00\" \/>\n<meta name=\"twitter:card\" content=\"summary_large_image\" \/>\n<script type=\"application\/ld+json\" class=\"yoast-schema-graph\">{\"@context\":\"https:\/\/schema.org\",\"@graph\":[{\"@type\":\"WebPage\",\"@id\":\"https:\/\/product-guide.org\/produkt\/magma-fiam-arredare-moderno-de\/\",\"url\":\"https:\/\/product-guide.org\/produkt\/magma-fiam-arredare-moderno-de\/\",\"name\":\"Magma Fiam | Arredare Moderno DE | Product-Guide.org\",\"isPartOf\":{\"@id\":\"https:\/\/product-guide.org\/#website\"},\"primaryImageOfPage\":{\"@id\":\"https:\/\/product-guide.org\/produkt\/magma-fiam-arredare-moderno-de\/#primaryimage\"},\"image\":{\"@id\":\"https:\/\/product-guide.org\/produkt\/magma-fiam-arredare-moderno-de\/#primaryimage\"},\"thumbnailUrl\":\"https:\/\/product-guide.org\/wp-content\/uploads\/2025\/03\/tisch-magma-fiam.jpg\",\"datePublished\":\"2025-03-17T10:24:01+00:00\",\"dateModified\":\"2025-03-17T10:24:02+00:00\",\"description\":\"Magma Fiam | Arredare Moderno DE gefunden von Product-Guide.org\",\"breadcrumb\":{\"@id\":\"https:\/\/product-guide.org\/produkt\/magma-fiam-arredare-moderno-de\/#breadcrumb\"},\"inLanguage\":\"en-GB\",\"potentialAction\":[{\"@type\":\"ReadAction\",\"target\":[\"https:\/\/product-guide.org\/produkt\/magma-fiam-arredare-moderno-de\/\"]}]},{\"@type\":\"ImageObject\",\"inLanguage\":\"en-GB\",\"@id\":\"https:\/\/product-guide.org\/produkt\/magma-fiam-arredare-moderno-de\/#primaryimage\",\"url\":\"https:\/\/product-guide.org\/wp-content\/uploads\/2025\/03\/tisch-magma-fiam.jpg\",\"contentUrl\":\"https:\/\/product-guide.org\/wp-content\/uploads\/2025\/03\/tisch-magma-fiam.jpg\",\"width\":800,\"height\":800},{\"@type\":\"BreadcrumbList\",\"@id\":\"https:\/\/product-guide.org\/produkt\/magma-fiam-arredare-moderno-de\/#breadcrumb\",\"itemListElement\":[{\"@type\":\"ListItem\",\"position\":1,\"name\":\"Home\",\"item\":\"https:\/\/product-guide.org\/\"},{\"@type\":\"ListItem\",\"position\":2,\"name\":\"Ergebnisse\",\"item\":\"https:\/\/product-guide.org\/de\/ergebnisse\/\"},{\"@type\":\"ListItem\",\"position\":3,\"name\":\"Magma Fiam | Arredare Moderno DE\"}]},{\"@type\":\"WebSite\",\"@id\":\"https:\/\/product-guide.org\/#website\",\"url\":\"https:\/\/product-guide.org\/\",\"name\":\"Product-Guide.org\",\"description\":\"What Product are you looking for?\",\"publisher\":{\"@id\":\"https:\/\/product-guide.org\/#organization\"},\"potentialAction\":[{\"@type\":\"SearchAction\",\"target\":{\"@type\":\"EntryPoint\",\"urlTemplate\":\"https:\/\/product-guide.org\/?s={search_term_string}\"},\"query-input\":{\"@type\":\"PropertyValueSpecification\",\"valueRequired\":true,\"valueName\":\"search_term_string\"}}],\"inLanguage\":\"en-GB\"},{\"@type\":\"Organization\",\"@id\":\"https:\/\/product-guide.org\/#organization\",\"name\":\"Product-Guide.org\",\"url\":\"https:\/\/product-guide.org\/\",\"logo\":{\"@type\":\"ImageObject\",\"inLanguage\":\"en-GB\",\"@id\":\"https:\/\/product-guide.org\/#\/schema\/logo\/image\/\",\"url\":\"https:\/\/product-guide.org\/wp-content\/uploads\/2022\/07\/logo_transparent_background.png\",\"contentUrl\":\"https:\/\/product-guide.org\/wp-content\/uploads\/2022\/07\/logo_transparent_background.png\",\"width\":3400,\"height\":1132,\"caption\":\"Product-Guide.org\"},\"image\":{\"@id\":\"https:\/\/product-guide.org\/#\/schema\/logo\/image\/\"}}]}<\/script>\n<!-- \/ Yoast SEO plugin. -->","yoast_head_json":{"title":"Magma Fiam | Arredare Moderno DE | Product-Guide.org","description":"Magma Fiam | Arredare Moderno DE gefunden von Product-Guide.org","robots":{"index":"index","follow":"follow","max-snippet":"max-snippet:-1","max-image-preview":"max-image-preview:large","max-video-preview":"max-video-preview:-1"},"canonical":"https:\/\/product-guide.org\/en\/produkt\/magma-fiam-arredare-moderno-de\/","og_locale":"en_GB","og_type":"article","og_title":"Magma Fiam | Arredare Moderno DE | Product-Guide.org","og_description":"Magma Fiam | Arredare Moderno DE gefunden von Product-Guide.org","og_url":"https:\/\/product-guide.org\/en\/produkt\/magma-fiam-arredare-moderno-de\/","og_site_name":"Product-Guide.org","article_modified_time":"2025-03-17T10:24:02+00:00","twitter_card":"summary_large_image","schema":{"@context":"https:\/\/schema.org","@graph":[{"@type":"WebPage","@id":"https:\/\/product-guide.org\/produkt\/magma-fiam-arredare-moderno-de\/","url":"https:\/\/product-guide.org\/produkt\/magma-fiam-arredare-moderno-de\/","name":"Magma Fiam | Arredare Moderno DE | Product-Guide.org","isPartOf":{"@id":"https:\/\/product-guide.org\/#website"},"primaryImageOfPage":{"@id":"https:\/\/product-guide.org\/produkt\/magma-fiam-arredare-moderno-de\/#primaryimage"},"image":{"@id":"https:\/\/product-guide.org\/produkt\/magma-fiam-arredare-moderno-de\/#primaryimage"},"thumbnailUrl":"https:\/\/product-guide.org\/wp-content\/uploads\/2025\/03\/tisch-magma-fiam.jpg","datePublished":"2025-03-17T10:24:01+00:00","dateModified":"2025-03-17T10:24:02+00:00","description":"Magma Fiam | Arredare Moderno DE gefunden von Product-Guide.org","breadcrumb":{"@id":"https:\/\/product-guide.org\/produkt\/magma-fiam-arredare-moderno-de\/#breadcrumb"},"inLanguage":"en-GB","potentialAction":[{"@type":"ReadAction","target":["https:\/\/product-guide.org\/produkt\/magma-fiam-arredare-moderno-de\/"]}]},{"@type":"ImageObject","inLanguage":"en-GB","@id":"https:\/\/product-guide.org\/produkt\/magma-fiam-arredare-moderno-de\/#primaryimage","url":"https:\/\/product-guide.org\/wp-content\/uploads\/2025\/03\/tisch-magma-fiam.jpg","contentUrl":"https:\/\/product-guide.org\/wp-content\/uploads\/2025\/03\/tisch-magma-fiam.jpg","width":800,"height":800},{"@type":"BreadcrumbList","@id":"https:\/\/product-guide.org\/produkt\/magma-fiam-arredare-moderno-de\/#breadcrumb","itemListElement":[{"@type":"ListItem","position":1,"name":"Home","item":"https:\/\/product-guide.org\/"},{"@type":"ListItem","position":2,"name":"Ergebnisse","item":"https:\/\/product-guide.org\/de\/ergebnisse\/"},{"@type":"ListItem","position":3,"name":"Magma Fiam | Arredare Moderno DE"}]},{"@type":"WebSite","@id":"https:\/\/product-guide.org\/#website","url":"https:\/\/product-guide.org\/","name":"Product-Guide.org","description":"What Product are you looking for?","publisher":{"@id":"https:\/\/product-guide.org\/#organization"},"potentialAction":[{"@type":"SearchAction","target":{"@type":"EntryPoint","urlTemplate":"https:\/\/product-guide.org\/?s={search_term_string}"},"query-input":{"@type":"PropertyValueSpecification","valueRequired":true,"valueName":"search_term_string"}}],"inLanguage":"en-GB"},{"@type":"Organization","@id":"https:\/\/product-guide.org\/#organization","name":"Product-Guide.org","url":"https:\/\/product-guide.org\/","logo":{"@type":"ImageObject","inLanguage":"en-GB","@id":"https:\/\/product-guide.org\/#\/schema\/logo\/image\/","url":"https:\/\/product-guide.org\/wp-content\/uploads\/2022\/07\/logo_transparent_background.png","contentUrl":"https:\/\/product-guide.org\/wp-content\/uploads\/2022\/07\/logo_transparent_background.png","width":3400,"height":1132,"caption":"Product-Guide.org"},"image":{"@id":"https:\/\/product-guide.org\/#\/schema\/logo\/image\/"}}]}},"_links":{"self":[{"href":"https:\/\/product-guide.org\/en\/wp-json\/wp\/v2\/product\/51775","targetHints":{"allow":["GET"]}}],"collection":[{"href":"https:\/\/product-guide.org\/en\/wp-json\/wp\/v2\/product"}],"about":[{"href":"https:\/\/product-guide.org\/en\/wp-json\/wp\/v2\/types\/product"}],"wp:featuredmedia":[{"embeddable":true,"href":"https:\/\/product-guide.org\/en\/wp-json\/wp\/v2\/media\/51774"}],"wp:attachment":[{"href":"https:\/\/product-guide.org\/en\/wp-json\/wp\/v2\/media?parent=51775"}],"wp:term":[{"taxonomy":"store","embeddable":true,"href":"https:\/\/product-guide.org\/en\/wp-json\/wp\/v2\/store?post=51775"},{"taxonomy":"product_brand","embeddable":true,"href":"https:\/\/product-guide.org\/en\/wp-json\/wp\/v2\/product_brand?post=51775"},{"taxonomy":"product_cat","embeddable":true,"href":"https:\/\/product-guide.org\/en\/wp-json\/wp\/v2\/product_cat?post=51775"},{"taxonomy":"product_tag","embeddable":true,"href":"https:\/\/product-guide.org\/en\/wp-json\/wp\/v2\/product_tag?post=51775"}],"curies":[{"name":"wp","href":"https:\/\/api.w.org\/{rel}","templated":true}]}}