{"id":51783,"date":"2025-03-17T11:24:08","date_gmt":"2025-03-17T10:24:08","guid":{"rendered":"https:\/\/product-guide.org\/produkt\/charlotte-de-nuit-fiam-arredare-moderno-de\/"},"modified":"2025-03-17T11:24:09","modified_gmt":"2025-03-17T10:24:09","slug":"charlotte-de-nuit-fiam-arredare-moderno-de","status":"publish","type":"product","link":"https:\/\/product-guide.org\/en\/produkt\/charlotte-de-nuit-fiam-arredare-moderno-de\/","title":{"rendered":"Charlotte De Nuit Fiam | Arredare Moderno DE"},"content":{"rendered":"<p>Charlotte De Nuit Nachttisch \/ Beistelltisch Fiam DESIGN PROSPERO RASULO.Precious Fiam Innovation, Charlotte De Nuit ist ein praktischer und komfortabler Nachttisch aus gebogenem Glas. \u00c4u\u00dferst angenehm in der Erscheinung, l\u00e4sst er sich mit N\u00fcchternheit in ein modernes M\u00f6beldesign einf\u00fcgen. Seine s\u00fc\u00dfen Linien und zarten Linien werden durch ein optionales Regal unterstrichen. GESTELL CHARLOTTE DE NUIT NACHTTISCH: Nachttisch aus 8 mm starkem, gebogenem Glas, der mit einer 6 mm starken, gebogenen, s\u00e4urege\u00e4tzten Glasplatte ausgestattet werden kann. Erh\u00e4ltlich in den folgenden Ausf\u00fchrungen: Transparentes Glas Extraleichtes Glas Das Finish des Regals folgt dem des Nachttisches. ABMESSUNGEN CHARLOTTE DE NUIT NACHTTISCH: LIEFERUNGSZEIT: Gesch\u00e4tzte Zeit f\u00fcr die Produktion und Lieferung des Produkts 4\/6 Arbeitswochen ab Zahlungseingang.In diesem Zeitraum k\u00f6nnen sich Lieferungen von Herstellerfirmen verz\u00f6gern.<\/p>\n","protected":false},"excerpt":{"rendered":"<p>Charlotte De Nuit Nachttisch \/ Beistelltisch Fiam DESIGN PROSPERO RASULO.Precious Fiam Innovation, Charlotte De Nuit ist ein praktischer und komfortabler Nachttisch aus gebogenem Glas. \u00c4u\u00dferst angenehm in der Erscheinung, l\u00e4sst er sich mit N\u00fcchternheit in ein modernes M\u00f6beldesign einf\u00fcgen. Seine s\u00fc\u00dfen Linien und zarten Linien werden durch ein optionales Regal unterstrichen. GESTELL CHARLOTTE DE NUIT [&hellip;]<\/p>\n","protected":false},"featured_media":51782,"template":"","meta":{"_gspb_post_css":""},"store":[],"product_brand":[1392],"product_cat":[1290],"product_tag":[],"class_list":{"0":"post-51783","1":"product","2":"type-product","3":"status-publish","4":"has-post-thumbnail","6":"product_brand-arredare-moderno-de","7":"product_cat-uncategorized","9":"first","10":"instock","11":"sale","12":"shipping-taxable","13":"purchasable","14":"product-type-simple"},"yoast_head":"<!-- This site is optimized with the Yoast SEO plugin v24.6 - https:\/\/yoast.com\/wordpress\/plugins\/seo\/ -->\n<title>Charlotte De Nuit Fiam | Arredare Moderno DE | Product-Guide.org<\/title>\n<meta name=\"description\" content=\"Charlotte De Nuit Fiam | Arredare Moderno DE gefunden von Product-Guide.org\" \/>\n<meta name=\"robots\" content=\"index, follow, max-snippet:-1, max-image-preview:large, max-video-preview:-1\" \/>\n<link rel=\"canonical\" href=\"https:\/\/product-guide.org\/en\/produkt\/charlotte-de-nuit-fiam-arredare-moderno-de\/\" \/>\n<meta property=\"og:locale\" content=\"en_GB\" \/>\n<meta property=\"og:type\" content=\"article\" \/>\n<meta property=\"og:title\" content=\"Charlotte De Nuit Fiam | Arredare Moderno DE | Product-Guide.org\" \/>\n<meta property=\"og:description\" content=\"Charlotte De Nuit Fiam | Arredare Moderno DE gefunden von Product-Guide.org\" \/>\n<meta property=\"og:url\" content=\"https:\/\/product-guide.org\/en\/produkt\/charlotte-de-nuit-fiam-arredare-moderno-de\/\" \/>\n<meta property=\"og:site_name\" content=\"Product-Guide.org\" \/>\n<meta property=\"article:modified_time\" content=\"2025-03-17T10:24:09+00:00\" \/>\n<meta name=\"twitter:card\" content=\"summary_large_image\" \/>\n<script type=\"application\/ld+json\" class=\"yoast-schema-graph\">{\"@context\":\"https:\/\/schema.org\",\"@graph\":[{\"@type\":\"WebPage\",\"@id\":\"https:\/\/product-guide.org\/produkt\/charlotte-de-nuit-fiam-arredare-moderno-de\/\",\"url\":\"https:\/\/product-guide.org\/produkt\/charlotte-de-nuit-fiam-arredare-moderno-de\/\",\"name\":\"Charlotte De Nuit Fiam | Arredare Moderno DE | Product-Guide.org\",\"isPartOf\":{\"@id\":\"https:\/\/product-guide.org\/#website\"},\"primaryImageOfPage\":{\"@id\":\"https:\/\/product-guide.org\/produkt\/charlotte-de-nuit-fiam-arredare-moderno-de\/#primaryimage\"},\"image\":{\"@id\":\"https:\/\/product-guide.org\/produkt\/charlotte-de-nuit-fiam-arredare-moderno-de\/#primaryimage\"},\"thumbnailUrl\":\"https:\/\/product-guide.org\/wp-content\/uploads\/2025\/03\/charlotte-de-nuit-nachttisch-beistelltisch-fiam.jpg\",\"datePublished\":\"2025-03-17T10:24:08+00:00\",\"dateModified\":\"2025-03-17T10:24:09+00:00\",\"description\":\"Charlotte De Nuit Fiam | Arredare Moderno DE gefunden von Product-Guide.org\",\"breadcrumb\":{\"@id\":\"https:\/\/product-guide.org\/produkt\/charlotte-de-nuit-fiam-arredare-moderno-de\/#breadcrumb\"},\"inLanguage\":\"en-GB\",\"potentialAction\":[{\"@type\":\"ReadAction\",\"target\":[\"https:\/\/product-guide.org\/produkt\/charlotte-de-nuit-fiam-arredare-moderno-de\/\"]}]},{\"@type\":\"ImageObject\",\"inLanguage\":\"en-GB\",\"@id\":\"https:\/\/product-guide.org\/produkt\/charlotte-de-nuit-fiam-arredare-moderno-de\/#primaryimage\",\"url\":\"https:\/\/product-guide.org\/wp-content\/uploads\/2025\/03\/charlotte-de-nuit-nachttisch-beistelltisch-fiam.jpg\",\"contentUrl\":\"https:\/\/product-guide.org\/wp-content\/uploads\/2025\/03\/charlotte-de-nuit-nachttisch-beistelltisch-fiam.jpg\",\"width\":800,\"height\":800},{\"@type\":\"BreadcrumbList\",\"@id\":\"https:\/\/product-guide.org\/produkt\/charlotte-de-nuit-fiam-arredare-moderno-de\/#breadcrumb\",\"itemListElement\":[{\"@type\":\"ListItem\",\"position\":1,\"name\":\"Home\",\"item\":\"https:\/\/product-guide.org\/\"},{\"@type\":\"ListItem\",\"position\":2,\"name\":\"Ergebnisse\",\"item\":\"https:\/\/product-guide.org\/de\/ergebnisse\/\"},{\"@type\":\"ListItem\",\"position\":3,\"name\":\"Charlotte De Nuit Fiam | Arredare Moderno DE\"}]},{\"@type\":\"WebSite\",\"@id\":\"https:\/\/product-guide.org\/#website\",\"url\":\"https:\/\/product-guide.org\/\",\"name\":\"Product-Guide.org\",\"description\":\"What Product are you looking for?\",\"publisher\":{\"@id\":\"https:\/\/product-guide.org\/#organization\"},\"potentialAction\":[{\"@type\":\"SearchAction\",\"target\":{\"@type\":\"EntryPoint\",\"urlTemplate\":\"https:\/\/product-guide.org\/?s={search_term_string}\"},\"query-input\":{\"@type\":\"PropertyValueSpecification\",\"valueRequired\":true,\"valueName\":\"search_term_string\"}}],\"inLanguage\":\"en-GB\"},{\"@type\":\"Organization\",\"@id\":\"https:\/\/product-guide.org\/#organization\",\"name\":\"Product-Guide.org\",\"url\":\"https:\/\/product-guide.org\/\",\"logo\":{\"@type\":\"ImageObject\",\"inLanguage\":\"en-GB\",\"@id\":\"https:\/\/product-guide.org\/#\/schema\/logo\/image\/\",\"url\":\"https:\/\/product-guide.org\/wp-content\/uploads\/2022\/07\/logo_transparent_background.png\",\"contentUrl\":\"https:\/\/product-guide.org\/wp-content\/uploads\/2022\/07\/logo_transparent_background.png\",\"width\":3400,\"height\":1132,\"caption\":\"Product-Guide.org\"},\"image\":{\"@id\":\"https:\/\/product-guide.org\/#\/schema\/logo\/image\/\"}}]}<\/script>\n<!-- \/ Yoast SEO plugin. -->","yoast_head_json":{"title":"Charlotte De Nuit Fiam | Arredare Moderno DE | Product-Guide.org","description":"Charlotte De Nuit Fiam | Arredare Moderno DE gefunden von Product-Guide.org","robots":{"index":"index","follow":"follow","max-snippet":"max-snippet:-1","max-image-preview":"max-image-preview:large","max-video-preview":"max-video-preview:-1"},"canonical":"https:\/\/product-guide.org\/en\/produkt\/charlotte-de-nuit-fiam-arredare-moderno-de\/","og_locale":"en_GB","og_type":"article","og_title":"Charlotte De Nuit Fiam | Arredare Moderno DE | Product-Guide.org","og_description":"Charlotte De Nuit Fiam | Arredare Moderno DE gefunden von Product-Guide.org","og_url":"https:\/\/product-guide.org\/en\/produkt\/charlotte-de-nuit-fiam-arredare-moderno-de\/","og_site_name":"Product-Guide.org","article_modified_time":"2025-03-17T10:24:09+00:00","twitter_card":"summary_large_image","schema":{"@context":"https:\/\/schema.org","@graph":[{"@type":"WebPage","@id":"https:\/\/product-guide.org\/produkt\/charlotte-de-nuit-fiam-arredare-moderno-de\/","url":"https:\/\/product-guide.org\/produkt\/charlotte-de-nuit-fiam-arredare-moderno-de\/","name":"Charlotte De Nuit Fiam | Arredare Moderno DE | Product-Guide.org","isPartOf":{"@id":"https:\/\/product-guide.org\/#website"},"primaryImageOfPage":{"@id":"https:\/\/product-guide.org\/produkt\/charlotte-de-nuit-fiam-arredare-moderno-de\/#primaryimage"},"image":{"@id":"https:\/\/product-guide.org\/produkt\/charlotte-de-nuit-fiam-arredare-moderno-de\/#primaryimage"},"thumbnailUrl":"https:\/\/product-guide.org\/wp-content\/uploads\/2025\/03\/charlotte-de-nuit-nachttisch-beistelltisch-fiam.jpg","datePublished":"2025-03-17T10:24:08+00:00","dateModified":"2025-03-17T10:24:09+00:00","description":"Charlotte De Nuit Fiam | Arredare Moderno DE gefunden von Product-Guide.org","breadcrumb":{"@id":"https:\/\/product-guide.org\/produkt\/charlotte-de-nuit-fiam-arredare-moderno-de\/#breadcrumb"},"inLanguage":"en-GB","potentialAction":[{"@type":"ReadAction","target":["https:\/\/product-guide.org\/produkt\/charlotte-de-nuit-fiam-arredare-moderno-de\/"]}]},{"@type":"ImageObject","inLanguage":"en-GB","@id":"https:\/\/product-guide.org\/produkt\/charlotte-de-nuit-fiam-arredare-moderno-de\/#primaryimage","url":"https:\/\/product-guide.org\/wp-content\/uploads\/2025\/03\/charlotte-de-nuit-nachttisch-beistelltisch-fiam.jpg","contentUrl":"https:\/\/product-guide.org\/wp-content\/uploads\/2025\/03\/charlotte-de-nuit-nachttisch-beistelltisch-fiam.jpg","width":800,"height":800},{"@type":"BreadcrumbList","@id":"https:\/\/product-guide.org\/produkt\/charlotte-de-nuit-fiam-arredare-moderno-de\/#breadcrumb","itemListElement":[{"@type":"ListItem","position":1,"name":"Home","item":"https:\/\/product-guide.org\/"},{"@type":"ListItem","position":2,"name":"Ergebnisse","item":"https:\/\/product-guide.org\/de\/ergebnisse\/"},{"@type":"ListItem","position":3,"name":"Charlotte De Nuit Fiam | Arredare Moderno DE"}]},{"@type":"WebSite","@id":"https:\/\/product-guide.org\/#website","url":"https:\/\/product-guide.org\/","name":"Product-Guide.org","description":"What Product are you looking for?","publisher":{"@id":"https:\/\/product-guide.org\/#organization"},"potentialAction":[{"@type":"SearchAction","target":{"@type":"EntryPoint","urlTemplate":"https:\/\/product-guide.org\/?s={search_term_string}"},"query-input":{"@type":"PropertyValueSpecification","valueRequired":true,"valueName":"search_term_string"}}],"inLanguage":"en-GB"},{"@type":"Organization","@id":"https:\/\/product-guide.org\/#organization","name":"Product-Guide.org","url":"https:\/\/product-guide.org\/","logo":{"@type":"ImageObject","inLanguage":"en-GB","@id":"https:\/\/product-guide.org\/#\/schema\/logo\/image\/","url":"https:\/\/product-guide.org\/wp-content\/uploads\/2022\/07\/logo_transparent_background.png","contentUrl":"https:\/\/product-guide.org\/wp-content\/uploads\/2022\/07\/logo_transparent_background.png","width":3400,"height":1132,"caption":"Product-Guide.org"},"image":{"@id":"https:\/\/product-guide.org\/#\/schema\/logo\/image\/"}}]}},"_links":{"self":[{"href":"https:\/\/product-guide.org\/en\/wp-json\/wp\/v2\/product\/51783","targetHints":{"allow":["GET"]}}],"collection":[{"href":"https:\/\/product-guide.org\/en\/wp-json\/wp\/v2\/product"}],"about":[{"href":"https:\/\/product-guide.org\/en\/wp-json\/wp\/v2\/types\/product"}],"wp:featuredmedia":[{"embeddable":true,"href":"https:\/\/product-guide.org\/en\/wp-json\/wp\/v2\/media\/51782"}],"wp:attachment":[{"href":"https:\/\/product-guide.org\/en\/wp-json\/wp\/v2\/media?parent=51783"}],"wp:term":[{"taxonomy":"store","embeddable":true,"href":"https:\/\/product-guide.org\/en\/wp-json\/wp\/v2\/store?post=51783"},{"taxonomy":"product_brand","embeddable":true,"href":"https:\/\/product-guide.org\/en\/wp-json\/wp\/v2\/product_brand?post=51783"},{"taxonomy":"product_cat","embeddable":true,"href":"https:\/\/product-guide.org\/en\/wp-json\/wp\/v2\/product_cat?post=51783"},{"taxonomy":"product_tag","embeddable":true,"href":"https:\/\/product-guide.org\/en\/wp-json\/wp\/v2\/product_tag?post=51783"}],"curies":[{"name":"wp","href":"https:\/\/api.w.org\/{rel}","templated":true}]}}