{"id":51793,"date":"2025-03-17T11:24:15","date_gmt":"2025-03-17T10:24:15","guid":{"rendered":"https:\/\/product-guide.org\/produkt\/rialto-isola-fiam-arredare-moderno-de\/"},"modified":"2025-03-17T11:24:15","modified_gmt":"2025-03-17T10:24:15","slug":"rialto-isola-fiam-arredare-moderno-de","status":"publish","type":"product","link":"https:\/\/product-guide.org\/en\/produkt\/rialto-isola-fiam-arredare-moderno-de\/","title":{"rendered":"Rialto Isola Fiam | Arredare Moderno DE"},"content":{"rendered":"<p>Rialto Isola Schreibtisch Fiam DESIGN CRS FIAM.Einfachheit und Zweckm\u00e4\u00dfigkeit im Dienste der Eleganz: das ist der Schreibtisch Rialto Isola. Dieses pr\u00e4chtige made in Italy ist ein elegantes M\u00f6belst\u00fcck. Rialto Isola besteht aus einem Hauptfachboden und einem Serviceboden aus transparentem, gebogenem Glas 15 mm auf der linken Seite. Die Details aus brillantem Aluminium zeichnen sich aus. Die Zweckm\u00e4\u00dfigkeit dieses Elementes liegt ganz im Serviceboden unter der Hauptplatte, der links oder rechts positioniert werden kann. GESTELL RIALTO ISOLA: Schreibtisch mit Hauptregal und Serviceregal aus transparentem Glas, das auf der linken Seite gebogen ist. Details aus poliertem Aluminium.Verf\u00fcgbare Glasoberfl\u00e4chen: transparentes Glas extraleichtes Glas. ABMESSUNGEN RIALTO ISOLA: LIEFERUNGSZEIT: Gesch\u00e4tzte Zeit f\u00fcr die Produktion und Lieferung des Produkts 4\/6 Arbeitswochen ab Zahlungseingang.In diesem Zeitraum k\u00f6nnen sich Lieferungen von Herstellerfirmen verz\u00f6gern.<\/p>\n","protected":false},"excerpt":{"rendered":"<p>Rialto Isola Schreibtisch Fiam DESIGN CRS FIAM.Einfachheit und Zweckm\u00e4\u00dfigkeit im Dienste der Eleganz: das ist der Schreibtisch Rialto Isola. Dieses pr\u00e4chtige made in Italy ist ein elegantes M\u00f6belst\u00fcck. Rialto Isola besteht aus einem Hauptfachboden und einem Serviceboden aus transparentem, gebogenem Glas 15 mm auf der linken Seite. Die Details aus brillantem Aluminium zeichnen sich aus. [&hellip;]<\/p>\n","protected":false},"featured_media":51792,"template":"","meta":{"_gspb_post_css":""},"store":[],"product_brand":[1392],"product_cat":[1290],"product_tag":[],"class_list":{"0":"post-51793","1":"product","2":"type-product","3":"status-publish","4":"has-post-thumbnail","6":"product_brand-arredare-moderno-de","7":"product_cat-uncategorized","9":"first","10":"instock","11":"sale","12":"shipping-taxable","13":"purchasable","14":"product-type-simple"},"yoast_head":"<!-- This site is optimized with the Yoast SEO plugin v24.6 - https:\/\/yoast.com\/wordpress\/plugins\/seo\/ -->\n<title>Rialto Isola Fiam | Arredare Moderno DE | Product-Guide.org<\/title>\n<meta name=\"description\" content=\"Rialto Isola Fiam | Arredare Moderno DE gefunden von Product-Guide.org\" \/>\n<meta name=\"robots\" content=\"index, follow, max-snippet:-1, max-image-preview:large, max-video-preview:-1\" \/>\n<link rel=\"canonical\" href=\"https:\/\/product-guide.org\/en\/produkt\/rialto-isola-fiam-arredare-moderno-de\/\" \/>\n<meta property=\"og:locale\" content=\"en_GB\" \/>\n<meta property=\"og:type\" content=\"article\" \/>\n<meta property=\"og:title\" content=\"Rialto Isola Fiam | Arredare Moderno DE | Product-Guide.org\" \/>\n<meta property=\"og:description\" content=\"Rialto Isola Fiam | Arredare Moderno DE gefunden von Product-Guide.org\" \/>\n<meta property=\"og:url\" content=\"https:\/\/product-guide.org\/en\/produkt\/rialto-isola-fiam-arredare-moderno-de\/\" \/>\n<meta property=\"og:site_name\" content=\"Product-Guide.org\" \/>\n<meta name=\"twitter:card\" content=\"summary_large_image\" \/>\n<script type=\"application\/ld+json\" class=\"yoast-schema-graph\">{\"@context\":\"https:\/\/schema.org\",\"@graph\":[{\"@type\":\"WebPage\",\"@id\":\"https:\/\/product-guide.org\/produkt\/rialto-isola-fiam-arredare-moderno-de\/\",\"url\":\"https:\/\/product-guide.org\/produkt\/rialto-isola-fiam-arredare-moderno-de\/\",\"name\":\"Rialto Isola Fiam | Arredare Moderno DE | Product-Guide.org\",\"isPartOf\":{\"@id\":\"https:\/\/product-guide.org\/#website\"},\"primaryImageOfPage\":{\"@id\":\"https:\/\/product-guide.org\/produkt\/rialto-isola-fiam-arredare-moderno-de\/#primaryimage\"},\"image\":{\"@id\":\"https:\/\/product-guide.org\/produkt\/rialto-isola-fiam-arredare-moderno-de\/#primaryimage\"},\"thumbnailUrl\":\"https:\/\/product-guide.org\/wp-content\/uploads\/2025\/03\/rialto-isola-screibtisch-fiam.jpg\",\"datePublished\":\"2025-03-17T10:24:15+00:00\",\"description\":\"Rialto Isola Fiam | Arredare Moderno DE gefunden von Product-Guide.org\",\"breadcrumb\":{\"@id\":\"https:\/\/product-guide.org\/produkt\/rialto-isola-fiam-arredare-moderno-de\/#breadcrumb\"},\"inLanguage\":\"en-GB\",\"potentialAction\":[{\"@type\":\"ReadAction\",\"target\":[\"https:\/\/product-guide.org\/produkt\/rialto-isola-fiam-arredare-moderno-de\/\"]}]},{\"@type\":\"ImageObject\",\"inLanguage\":\"en-GB\",\"@id\":\"https:\/\/product-guide.org\/produkt\/rialto-isola-fiam-arredare-moderno-de\/#primaryimage\",\"url\":\"https:\/\/product-guide.org\/wp-content\/uploads\/2025\/03\/rialto-isola-screibtisch-fiam.jpg\",\"contentUrl\":\"https:\/\/product-guide.org\/wp-content\/uploads\/2025\/03\/rialto-isola-screibtisch-fiam.jpg\",\"width\":800,\"height\":800},{\"@type\":\"BreadcrumbList\",\"@id\":\"https:\/\/product-guide.org\/produkt\/rialto-isola-fiam-arredare-moderno-de\/#breadcrumb\",\"itemListElement\":[{\"@type\":\"ListItem\",\"position\":1,\"name\":\"Home\",\"item\":\"https:\/\/product-guide.org\/\"},{\"@type\":\"ListItem\",\"position\":2,\"name\":\"Ergebnisse\",\"item\":\"https:\/\/product-guide.org\/de\/ergebnisse\/\"},{\"@type\":\"ListItem\",\"position\":3,\"name\":\"Rialto Isola Fiam | Arredare Moderno DE\"}]},{\"@type\":\"WebSite\",\"@id\":\"https:\/\/product-guide.org\/#website\",\"url\":\"https:\/\/product-guide.org\/\",\"name\":\"Product-Guide.org\",\"description\":\"What Product are you looking for?\",\"publisher\":{\"@id\":\"https:\/\/product-guide.org\/#organization\"},\"potentialAction\":[{\"@type\":\"SearchAction\",\"target\":{\"@type\":\"EntryPoint\",\"urlTemplate\":\"https:\/\/product-guide.org\/?s={search_term_string}\"},\"query-input\":{\"@type\":\"PropertyValueSpecification\",\"valueRequired\":true,\"valueName\":\"search_term_string\"}}],\"inLanguage\":\"en-GB\"},{\"@type\":\"Organization\",\"@id\":\"https:\/\/product-guide.org\/#organization\",\"name\":\"Product-Guide.org\",\"url\":\"https:\/\/product-guide.org\/\",\"logo\":{\"@type\":\"ImageObject\",\"inLanguage\":\"en-GB\",\"@id\":\"https:\/\/product-guide.org\/#\/schema\/logo\/image\/\",\"url\":\"https:\/\/product-guide.org\/wp-content\/uploads\/2022\/07\/logo_transparent_background.png\",\"contentUrl\":\"https:\/\/product-guide.org\/wp-content\/uploads\/2022\/07\/logo_transparent_background.png\",\"width\":3400,\"height\":1132,\"caption\":\"Product-Guide.org\"},\"image\":{\"@id\":\"https:\/\/product-guide.org\/#\/schema\/logo\/image\/\"}}]}<\/script>\n<!-- \/ Yoast SEO plugin. -->","yoast_head_json":{"title":"Rialto Isola Fiam | Arredare Moderno DE | Product-Guide.org","description":"Rialto Isola Fiam | Arredare Moderno DE gefunden von Product-Guide.org","robots":{"index":"index","follow":"follow","max-snippet":"max-snippet:-1","max-image-preview":"max-image-preview:large","max-video-preview":"max-video-preview:-1"},"canonical":"https:\/\/product-guide.org\/en\/produkt\/rialto-isola-fiam-arredare-moderno-de\/","og_locale":"en_GB","og_type":"article","og_title":"Rialto Isola Fiam | Arredare Moderno DE | Product-Guide.org","og_description":"Rialto Isola Fiam | Arredare Moderno DE gefunden von Product-Guide.org","og_url":"https:\/\/product-guide.org\/en\/produkt\/rialto-isola-fiam-arredare-moderno-de\/","og_site_name":"Product-Guide.org","twitter_card":"summary_large_image","schema":{"@context":"https:\/\/schema.org","@graph":[{"@type":"WebPage","@id":"https:\/\/product-guide.org\/produkt\/rialto-isola-fiam-arredare-moderno-de\/","url":"https:\/\/product-guide.org\/produkt\/rialto-isola-fiam-arredare-moderno-de\/","name":"Rialto Isola Fiam | Arredare Moderno DE | Product-Guide.org","isPartOf":{"@id":"https:\/\/product-guide.org\/#website"},"primaryImageOfPage":{"@id":"https:\/\/product-guide.org\/produkt\/rialto-isola-fiam-arredare-moderno-de\/#primaryimage"},"image":{"@id":"https:\/\/product-guide.org\/produkt\/rialto-isola-fiam-arredare-moderno-de\/#primaryimage"},"thumbnailUrl":"https:\/\/product-guide.org\/wp-content\/uploads\/2025\/03\/rialto-isola-screibtisch-fiam.jpg","datePublished":"2025-03-17T10:24:15+00:00","description":"Rialto Isola Fiam | Arredare Moderno DE gefunden von Product-Guide.org","breadcrumb":{"@id":"https:\/\/product-guide.org\/produkt\/rialto-isola-fiam-arredare-moderno-de\/#breadcrumb"},"inLanguage":"en-GB","potentialAction":[{"@type":"ReadAction","target":["https:\/\/product-guide.org\/produkt\/rialto-isola-fiam-arredare-moderno-de\/"]}]},{"@type":"ImageObject","inLanguage":"en-GB","@id":"https:\/\/product-guide.org\/produkt\/rialto-isola-fiam-arredare-moderno-de\/#primaryimage","url":"https:\/\/product-guide.org\/wp-content\/uploads\/2025\/03\/rialto-isola-screibtisch-fiam.jpg","contentUrl":"https:\/\/product-guide.org\/wp-content\/uploads\/2025\/03\/rialto-isola-screibtisch-fiam.jpg","width":800,"height":800},{"@type":"BreadcrumbList","@id":"https:\/\/product-guide.org\/produkt\/rialto-isola-fiam-arredare-moderno-de\/#breadcrumb","itemListElement":[{"@type":"ListItem","position":1,"name":"Home","item":"https:\/\/product-guide.org\/"},{"@type":"ListItem","position":2,"name":"Ergebnisse","item":"https:\/\/product-guide.org\/de\/ergebnisse\/"},{"@type":"ListItem","position":3,"name":"Rialto Isola Fiam | Arredare Moderno DE"}]},{"@type":"WebSite","@id":"https:\/\/product-guide.org\/#website","url":"https:\/\/product-guide.org\/","name":"Product-Guide.org","description":"What Product are you looking for?","publisher":{"@id":"https:\/\/product-guide.org\/#organization"},"potentialAction":[{"@type":"SearchAction","target":{"@type":"EntryPoint","urlTemplate":"https:\/\/product-guide.org\/?s={search_term_string}"},"query-input":{"@type":"PropertyValueSpecification","valueRequired":true,"valueName":"search_term_string"}}],"inLanguage":"en-GB"},{"@type":"Organization","@id":"https:\/\/product-guide.org\/#organization","name":"Product-Guide.org","url":"https:\/\/product-guide.org\/","logo":{"@type":"ImageObject","inLanguage":"en-GB","@id":"https:\/\/product-guide.org\/#\/schema\/logo\/image\/","url":"https:\/\/product-guide.org\/wp-content\/uploads\/2022\/07\/logo_transparent_background.png","contentUrl":"https:\/\/product-guide.org\/wp-content\/uploads\/2022\/07\/logo_transparent_background.png","width":3400,"height":1132,"caption":"Product-Guide.org"},"image":{"@id":"https:\/\/product-guide.org\/#\/schema\/logo\/image\/"}}]}},"_links":{"self":[{"href":"https:\/\/product-guide.org\/en\/wp-json\/wp\/v2\/product\/51793","targetHints":{"allow":["GET"]}}],"collection":[{"href":"https:\/\/product-guide.org\/en\/wp-json\/wp\/v2\/product"}],"about":[{"href":"https:\/\/product-guide.org\/en\/wp-json\/wp\/v2\/types\/product"}],"wp:featuredmedia":[{"embeddable":true,"href":"https:\/\/product-guide.org\/en\/wp-json\/wp\/v2\/media\/51792"}],"wp:attachment":[{"href":"https:\/\/product-guide.org\/en\/wp-json\/wp\/v2\/media?parent=51793"}],"wp:term":[{"taxonomy":"store","embeddable":true,"href":"https:\/\/product-guide.org\/en\/wp-json\/wp\/v2\/store?post=51793"},{"taxonomy":"product_brand","embeddable":true,"href":"https:\/\/product-guide.org\/en\/wp-json\/wp\/v2\/product_brand?post=51793"},{"taxonomy":"product_cat","embeddable":true,"href":"https:\/\/product-guide.org\/en\/wp-json\/wp\/v2\/product_cat?post=51793"},{"taxonomy":"product_tag","embeddable":true,"href":"https:\/\/product-guide.org\/en\/wp-json\/wp\/v2\/product_tag?post=51793"}],"curies":[{"name":"wp","href":"https:\/\/api.w.org\/{rel}","templated":true}]}}