{"id":51805,"date":"2025-03-17T11:24:23","date_gmt":"2025-03-17T10:24:23","guid":{"rendered":"https:\/\/product-guide.org\/produkt\/mirage-tv-fiam-arredare-moderno-de\/"},"modified":"2025-03-17T11:24:23","modified_gmt":"2025-03-17T10:24:23","slug":"mirage-tv-fiam-arredare-moderno-de","status":"publish","type":"product","link":"https:\/\/product-guide.org\/en\/produkt\/mirage-tv-fiam-arredare-moderno-de\/","title":{"rendered":"Mirage tv Fiam | Arredare Moderno DE"},"content":{"rendered":"<p>Mirage Tv Spiegel Fiam Design Daniel Libeskind.Mirage Tv ist ein Wandspiegel aus titanfarbenem, halbreflektierendem 5mm Glas mit R\u00fcckrahmen aus poliertem Aluminium.Zwischen den W\u00e4nden Ihres Hauses wie ein Diamant. Matt lackierter Metallrahmen.Ein bisschen Luxus im Haus oder an \u00f6ffentlichen Pl\u00e4tzen mit Mirage TV: der Spiegel mit Unterkunft f\u00fcr das Fernsehen. Es ist wichtig, einen Flachbildfernseher mit VESA-Anschl\u00fcssen und einem Frontrahmen ohne Vorspr\u00fcnge zu verwenden. Es liegt in der Verantwortung des Kunden, die Kompatibilit\u00e4t seines Fernsehers mit dem Spiegelsystem zu \u00fcberpr\u00fcfen. TV NICHT im Lieferumfang enthalten. GESTELL MIRAGE TV SPIEGEL: Spiegel mit eingebautem Rahmen zur Aufnahme eines TV-Ger\u00e4tes. 5mm halbreflektierendes Glas in Titanfarbe mit R\u00fcckrahmen aus poliertem Aluminium. Geh\u00e4use aus mattschwarz lackiertem Metall. FERNSEHER NICHT IM LIEFERUMFANG ENTHALTEN ABMESSUNGEN MIRAGE TV SPIEGEL: LIEFERUNGSZEIT: Gesch\u00e4tzte Zeit f\u00fcr die Produktion und Lieferung des Produkts 4\/6 Arbeitswochen ab Zahlungseingang.In diesem Zeitraum k\u00f6nnen sich Lieferungen von Herstellerfirmen verz\u00f6gern.<\/p>\n","protected":false},"excerpt":{"rendered":"<p>Mirage Tv Spiegel Fiam Design Daniel Libeskind.Mirage Tv ist ein Wandspiegel aus titanfarbenem, halbreflektierendem 5mm Glas mit R\u00fcckrahmen aus poliertem Aluminium.Zwischen den W\u00e4nden Ihres Hauses wie ein Diamant. Matt lackierter Metallrahmen.Ein bisschen Luxus im Haus oder an \u00f6ffentlichen Pl\u00e4tzen mit Mirage TV: der Spiegel mit Unterkunft f\u00fcr das Fernsehen. Es ist wichtig, einen Flachbildfernseher mit [&hellip;]<\/p>\n","protected":false},"featured_media":51804,"template":"","meta":{"_gspb_post_css":""},"store":[],"product_brand":[1392],"product_cat":[1290],"product_tag":[],"class_list":{"0":"post-51805","1":"product","2":"type-product","3":"status-publish","4":"has-post-thumbnail","6":"product_brand-arredare-moderno-de","7":"product_cat-uncategorized","9":"first","10":"instock","11":"sale","12":"shipping-taxable","13":"purchasable","14":"product-type-simple"},"yoast_head":"<!-- This site is optimized with the Yoast SEO plugin v24.6 - https:\/\/yoast.com\/wordpress\/plugins\/seo\/ -->\n<title>Mirage tv Fiam | Arredare Moderno DE | Product-Guide.org<\/title>\n<meta name=\"description\" content=\"Mirage tv Fiam | Arredare Moderno DE gefunden von Product-Guide.org\" \/>\n<meta name=\"robots\" content=\"index, follow, max-snippet:-1, max-image-preview:large, max-video-preview:-1\" \/>\n<link rel=\"canonical\" href=\"https:\/\/product-guide.org\/en\/produkt\/mirage-tv-fiam-arredare-moderno-de\/\" \/>\n<meta property=\"og:locale\" content=\"en_GB\" \/>\n<meta property=\"og:type\" content=\"article\" \/>\n<meta property=\"og:title\" content=\"Mirage tv Fiam | Arredare Moderno DE | Product-Guide.org\" \/>\n<meta property=\"og:description\" content=\"Mirage tv Fiam | Arredare Moderno DE gefunden von Product-Guide.org\" \/>\n<meta property=\"og:url\" content=\"https:\/\/product-guide.org\/en\/produkt\/mirage-tv-fiam-arredare-moderno-de\/\" \/>\n<meta property=\"og:site_name\" content=\"Product-Guide.org\" \/>\n<meta name=\"twitter:card\" content=\"summary_large_image\" \/>\n<script type=\"application\/ld+json\" class=\"yoast-schema-graph\">{\"@context\":\"https:\/\/schema.org\",\"@graph\":[{\"@type\":\"WebPage\",\"@id\":\"https:\/\/product-guide.org\/produkt\/mirage-tv-fiam-arredare-moderno-de\/\",\"url\":\"https:\/\/product-guide.org\/produkt\/mirage-tv-fiam-arredare-moderno-de\/\",\"name\":\"Mirage tv Fiam | Arredare Moderno DE | Product-Guide.org\",\"isPartOf\":{\"@id\":\"https:\/\/product-guide.org\/#website\"},\"primaryImageOfPage\":{\"@id\":\"https:\/\/product-guide.org\/produkt\/mirage-tv-fiam-arredare-moderno-de\/#primaryimage\"},\"image\":{\"@id\":\"https:\/\/product-guide.org\/produkt\/mirage-tv-fiam-arredare-moderno-de\/#primaryimage\"},\"thumbnailUrl\":\"https:\/\/product-guide.org\/wp-content\/uploads\/2025\/03\/mirage-tv-spiegel-fiam.jpg\",\"datePublished\":\"2025-03-17T10:24:23+00:00\",\"description\":\"Mirage tv Fiam | Arredare Moderno DE gefunden von Product-Guide.org\",\"breadcrumb\":{\"@id\":\"https:\/\/product-guide.org\/produkt\/mirage-tv-fiam-arredare-moderno-de\/#breadcrumb\"},\"inLanguage\":\"en-GB\",\"potentialAction\":[{\"@type\":\"ReadAction\",\"target\":[\"https:\/\/product-guide.org\/produkt\/mirage-tv-fiam-arredare-moderno-de\/\"]}]},{\"@type\":\"ImageObject\",\"inLanguage\":\"en-GB\",\"@id\":\"https:\/\/product-guide.org\/produkt\/mirage-tv-fiam-arredare-moderno-de\/#primaryimage\",\"url\":\"https:\/\/product-guide.org\/wp-content\/uploads\/2025\/03\/mirage-tv-spiegel-fiam.jpg\",\"contentUrl\":\"https:\/\/product-guide.org\/wp-content\/uploads\/2025\/03\/mirage-tv-spiegel-fiam.jpg\",\"width\":800,\"height\":800},{\"@type\":\"BreadcrumbList\",\"@id\":\"https:\/\/product-guide.org\/produkt\/mirage-tv-fiam-arredare-moderno-de\/#breadcrumb\",\"itemListElement\":[{\"@type\":\"ListItem\",\"position\":1,\"name\":\"Home\",\"item\":\"https:\/\/product-guide.org\/\"},{\"@type\":\"ListItem\",\"position\":2,\"name\":\"Ergebnisse\",\"item\":\"https:\/\/product-guide.org\/de\/ergebnisse\/\"},{\"@type\":\"ListItem\",\"position\":3,\"name\":\"Mirage tv Fiam | Arredare Moderno DE\"}]},{\"@type\":\"WebSite\",\"@id\":\"https:\/\/product-guide.org\/#website\",\"url\":\"https:\/\/product-guide.org\/\",\"name\":\"Product-Guide.org\",\"description\":\"What Product are you looking for?\",\"publisher\":{\"@id\":\"https:\/\/product-guide.org\/#organization\"},\"potentialAction\":[{\"@type\":\"SearchAction\",\"target\":{\"@type\":\"EntryPoint\",\"urlTemplate\":\"https:\/\/product-guide.org\/?s={search_term_string}\"},\"query-input\":{\"@type\":\"PropertyValueSpecification\",\"valueRequired\":true,\"valueName\":\"search_term_string\"}}],\"inLanguage\":\"en-GB\"},{\"@type\":\"Organization\",\"@id\":\"https:\/\/product-guide.org\/#organization\",\"name\":\"Product-Guide.org\",\"url\":\"https:\/\/product-guide.org\/\",\"logo\":{\"@type\":\"ImageObject\",\"inLanguage\":\"en-GB\",\"@id\":\"https:\/\/product-guide.org\/#\/schema\/logo\/image\/\",\"url\":\"https:\/\/product-guide.org\/wp-content\/uploads\/2022\/07\/logo_transparent_background.png\",\"contentUrl\":\"https:\/\/product-guide.org\/wp-content\/uploads\/2022\/07\/logo_transparent_background.png\",\"width\":3400,\"height\":1132,\"caption\":\"Product-Guide.org\"},\"image\":{\"@id\":\"https:\/\/product-guide.org\/#\/schema\/logo\/image\/\"}}]}<\/script>\n<!-- \/ Yoast SEO plugin. -->","yoast_head_json":{"title":"Mirage tv Fiam | Arredare Moderno DE | Product-Guide.org","description":"Mirage tv Fiam | Arredare Moderno DE gefunden von Product-Guide.org","robots":{"index":"index","follow":"follow","max-snippet":"max-snippet:-1","max-image-preview":"max-image-preview:large","max-video-preview":"max-video-preview:-1"},"canonical":"https:\/\/product-guide.org\/en\/produkt\/mirage-tv-fiam-arredare-moderno-de\/","og_locale":"en_GB","og_type":"article","og_title":"Mirage tv Fiam | Arredare Moderno DE | Product-Guide.org","og_description":"Mirage tv Fiam | Arredare Moderno DE gefunden von Product-Guide.org","og_url":"https:\/\/product-guide.org\/en\/produkt\/mirage-tv-fiam-arredare-moderno-de\/","og_site_name":"Product-Guide.org","twitter_card":"summary_large_image","schema":{"@context":"https:\/\/schema.org","@graph":[{"@type":"WebPage","@id":"https:\/\/product-guide.org\/produkt\/mirage-tv-fiam-arredare-moderno-de\/","url":"https:\/\/product-guide.org\/produkt\/mirage-tv-fiam-arredare-moderno-de\/","name":"Mirage tv Fiam | Arredare Moderno DE | Product-Guide.org","isPartOf":{"@id":"https:\/\/product-guide.org\/#website"},"primaryImageOfPage":{"@id":"https:\/\/product-guide.org\/produkt\/mirage-tv-fiam-arredare-moderno-de\/#primaryimage"},"image":{"@id":"https:\/\/product-guide.org\/produkt\/mirage-tv-fiam-arredare-moderno-de\/#primaryimage"},"thumbnailUrl":"https:\/\/product-guide.org\/wp-content\/uploads\/2025\/03\/mirage-tv-spiegel-fiam.jpg","datePublished":"2025-03-17T10:24:23+00:00","description":"Mirage tv Fiam | Arredare Moderno DE gefunden von Product-Guide.org","breadcrumb":{"@id":"https:\/\/product-guide.org\/produkt\/mirage-tv-fiam-arredare-moderno-de\/#breadcrumb"},"inLanguage":"en-GB","potentialAction":[{"@type":"ReadAction","target":["https:\/\/product-guide.org\/produkt\/mirage-tv-fiam-arredare-moderno-de\/"]}]},{"@type":"ImageObject","inLanguage":"en-GB","@id":"https:\/\/product-guide.org\/produkt\/mirage-tv-fiam-arredare-moderno-de\/#primaryimage","url":"https:\/\/product-guide.org\/wp-content\/uploads\/2025\/03\/mirage-tv-spiegel-fiam.jpg","contentUrl":"https:\/\/product-guide.org\/wp-content\/uploads\/2025\/03\/mirage-tv-spiegel-fiam.jpg","width":800,"height":800},{"@type":"BreadcrumbList","@id":"https:\/\/product-guide.org\/produkt\/mirage-tv-fiam-arredare-moderno-de\/#breadcrumb","itemListElement":[{"@type":"ListItem","position":1,"name":"Home","item":"https:\/\/product-guide.org\/"},{"@type":"ListItem","position":2,"name":"Ergebnisse","item":"https:\/\/product-guide.org\/de\/ergebnisse\/"},{"@type":"ListItem","position":3,"name":"Mirage tv Fiam | Arredare Moderno DE"}]},{"@type":"WebSite","@id":"https:\/\/product-guide.org\/#website","url":"https:\/\/product-guide.org\/","name":"Product-Guide.org","description":"What Product are you looking for?","publisher":{"@id":"https:\/\/product-guide.org\/#organization"},"potentialAction":[{"@type":"SearchAction","target":{"@type":"EntryPoint","urlTemplate":"https:\/\/product-guide.org\/?s={search_term_string}"},"query-input":{"@type":"PropertyValueSpecification","valueRequired":true,"valueName":"search_term_string"}}],"inLanguage":"en-GB"},{"@type":"Organization","@id":"https:\/\/product-guide.org\/#organization","name":"Product-Guide.org","url":"https:\/\/product-guide.org\/","logo":{"@type":"ImageObject","inLanguage":"en-GB","@id":"https:\/\/product-guide.org\/#\/schema\/logo\/image\/","url":"https:\/\/product-guide.org\/wp-content\/uploads\/2022\/07\/logo_transparent_background.png","contentUrl":"https:\/\/product-guide.org\/wp-content\/uploads\/2022\/07\/logo_transparent_background.png","width":3400,"height":1132,"caption":"Product-Guide.org"},"image":{"@id":"https:\/\/product-guide.org\/#\/schema\/logo\/image\/"}}]}},"_links":{"self":[{"href":"https:\/\/product-guide.org\/en\/wp-json\/wp\/v2\/product\/51805","targetHints":{"allow":["GET"]}}],"collection":[{"href":"https:\/\/product-guide.org\/en\/wp-json\/wp\/v2\/product"}],"about":[{"href":"https:\/\/product-guide.org\/en\/wp-json\/wp\/v2\/types\/product"}],"wp:featuredmedia":[{"embeddable":true,"href":"https:\/\/product-guide.org\/en\/wp-json\/wp\/v2\/media\/51804"}],"wp:attachment":[{"href":"https:\/\/product-guide.org\/en\/wp-json\/wp\/v2\/media?parent=51805"}],"wp:term":[{"taxonomy":"store","embeddable":true,"href":"https:\/\/product-guide.org\/en\/wp-json\/wp\/v2\/store?post=51805"},{"taxonomy":"product_brand","embeddable":true,"href":"https:\/\/product-guide.org\/en\/wp-json\/wp\/v2\/product_brand?post=51805"},{"taxonomy":"product_cat","embeddable":true,"href":"https:\/\/product-guide.org\/en\/wp-json\/wp\/v2\/product_cat?post=51805"},{"taxonomy":"product_tag","embeddable":true,"href":"https:\/\/product-guide.org\/en\/wp-json\/wp\/v2\/product_tag?post=51805"}],"curies":[{"name":"wp","href":"https:\/\/api.w.org\/{rel}","templated":true}]}}