{"id":51821,"date":"2025-03-17T11:24:36","date_gmt":"2025-03-17T10:24:36","guid":{"rendered":"https:\/\/product-guide.org\/produkt\/alice-pop-stuhl-scab-satiniertes-messing-effekt-arredare-moderno-de\/"},"modified":"2025-03-17T11:24:36","modified_gmt":"2025-03-17T10:24:36","slug":"alice-pop-stuhl-scab-satiniertes-messing-effekt-arredare-moderno-de","status":"publish","type":"product","link":"https:\/\/product-guide.org\/en\/produkt\/alice-pop-stuhl-scab-satiniertes-messing-effekt-arredare-moderno-de\/","title":{"rendered":"Alice Pop Stuhl Scab satiniertes Messing-Effekt | Arredare Moderno DE"},"content":{"rendered":"<p>Alice Pop Scab K\u00fcchenstuhl Der Alice Pop Scab K\u00fcchenstuhl ist ein Innenraumstuhl mit einer Sitzschale aus technopolymere, bezogen mit schwer entflammbarem Samt in verschiedenen Farben erh\u00e4ltlich. Der Stuhl hat ein Gestell aus Stahl mit satiniertem Messing-Finish, was ihm ein modernes und raffiniertes Aussehen verleiht. Der Stuhl hat eine abgerundete und einladende Form mit weich geformter Sitzfl\u00e4che und R\u00fcckenlehne. Er eignet sich ideal f\u00fcr die Ausstattung von R\u00e4umen im eleganten und vielseitigen Stil, wie Wohnzimmer, Lounges, Schlafzimmer oder B\u00fcros. Der Alice Pop Scab Stuhl geh\u00f6rt zur Kollektion von St\u00fchlen von Scab Design, einer f\u00fchrenden italienischen Marke in der Herstellung von hochwertigen M\u00f6beln f\u00fcr das Zuhause und den Garten. Scab Design zeichnet sich durch die Liebe zum Detail, den verfeinerten Herstellungsprozess und den Einsatz immer neuer Technologien aus. Scab Design war ein Vorreiter in der Verarbeitung von thermoplastischen Materialien und erforschte deren funktionale Eigenschaften und Ausdrucksm\u00f6glichkeiten. STRUKTUR DES ALICE POP SATIN MESSING SCAB K\u00dcCHENSTUHLS: Der Alice Pop Stuhl verf\u00fcgt \u00fcber einen Rahmen aus Stahl mit satiniertem Messing-Effekt und ist in den folgenden Ausf\u00fchrungen erh\u00e4ltlich: Schwer entflammbares Samt V3 Samt V4 Kunstleder EP Mindestbestellmenge von 2 St\u00fchlen und in Vielfachen von 2 Die Ausf\u00fchrungen sind im Materialmuster sichtbar. MA\u00dfE DES ALICE POP SATIN MESSING SCAB K\u00dcCHENSTUHLS: LIEFERZEITEN: Gesch\u00e4tzte Lieferzeit f\u00fcr die Produktion und Lieferung des Produkts: 3\/5 Werktage ab Erhalt der Zahlung.W\u00e4hrend dieses Zeitraums k\u00f6nnen Lieferungen von Herstellerfirmen Verz\u00f6gerungen unterliegen.<\/p>\n","protected":false},"excerpt":{"rendered":"<p>Alice Pop Scab K\u00fcchenstuhl Der Alice Pop Scab K\u00fcchenstuhl ist ein Innenraumstuhl mit einer Sitzschale aus technopolymere, bezogen mit schwer entflammbarem Samt in verschiedenen Farben erh\u00e4ltlich. Der Stuhl hat ein Gestell aus Stahl mit satiniertem Messing-Finish, was ihm ein modernes und raffiniertes Aussehen verleiht. Der Stuhl hat eine abgerundete und einladende Form mit weich geformter [&hellip;]<\/p>\n","protected":false},"featured_media":51820,"template":"","meta":{"_gspb_post_css":""},"store":[],"product_brand":[1392],"product_cat":[1290],"product_tag":[],"class_list":{"0":"post-51821","1":"product","2":"type-product","3":"status-publish","4":"has-post-thumbnail","6":"product_brand-arredare-moderno-de","7":"product_cat-uncategorized","9":"first","10":"instock","11":"sale","12":"shipping-taxable","13":"purchasable","14":"product-type-simple"},"yoast_head":"<!-- This site is optimized with the Yoast SEO plugin v24.6 - https:\/\/yoast.com\/wordpress\/plugins\/seo\/ -->\n<title>Alice Pop Stuhl Scab satiniertes Messing-Effekt | Arredare Moderno DE | Product-Guide.org<\/title>\n<meta name=\"description\" content=\"Alice Pop Stuhl Scab satiniertes Messing-Effekt | Arredare Moderno DE gefunden von Product-Guide.org\" \/>\n<meta name=\"robots\" content=\"index, follow, max-snippet:-1, max-image-preview:large, max-video-preview:-1\" \/>\n<link rel=\"canonical\" href=\"https:\/\/product-guide.org\/en\/produkt\/alice-pop-stuhl-scab-satiniertes-messing-effekt-arredare-moderno-de\/\" \/>\n<meta property=\"og:locale\" content=\"en_GB\" \/>\n<meta property=\"og:type\" content=\"article\" \/>\n<meta property=\"og:title\" content=\"Alice Pop Stuhl Scab satiniertes Messing-Effekt | Arredare Moderno DE | Product-Guide.org\" \/>\n<meta property=\"og:description\" content=\"Alice Pop Stuhl Scab satiniertes Messing-Effekt | Arredare Moderno DE gefunden von Product-Guide.org\" \/>\n<meta property=\"og:url\" content=\"https:\/\/product-guide.org\/en\/produkt\/alice-pop-stuhl-scab-satiniertes-messing-effekt-arredare-moderno-de\/\" \/>\n<meta property=\"og:site_name\" content=\"Product-Guide.org\" \/>\n<meta name=\"twitter:card\" content=\"summary_large_image\" \/>\n<script type=\"application\/ld+json\" class=\"yoast-schema-graph\">{\"@context\":\"https:\/\/schema.org\",\"@graph\":[{\"@type\":\"WebPage\",\"@id\":\"https:\/\/product-guide.org\/produkt\/alice-pop-stuhl-scab-satiniertes-messing-effekt-arredare-moderno-de\/\",\"url\":\"https:\/\/product-guide.org\/produkt\/alice-pop-stuhl-scab-satiniertes-messing-effekt-arredare-moderno-de\/\",\"name\":\"Alice Pop Stuhl Scab satiniertes Messing-Effekt | Arredare Moderno DE | Product-Guide.org\",\"isPartOf\":{\"@id\":\"https:\/\/product-guide.org\/#website\"},\"primaryImageOfPage\":{\"@id\":\"https:\/\/product-guide.org\/produkt\/alice-pop-stuhl-scab-satiniertes-messing-effekt-arredare-moderno-de\/#primaryimage\"},\"image\":{\"@id\":\"https:\/\/product-guide.org\/produkt\/alice-pop-stuhl-scab-satiniertes-messing-effekt-arredare-moderno-de\/#primaryimage\"},\"thumbnailUrl\":\"https:\/\/product-guide.org\/wp-content\/uploads\/2025\/03\/alice-pop-stuhl-scab-satiniertes-messing-effekt-.jpg\",\"datePublished\":\"2025-03-17T10:24:36+00:00\",\"description\":\"Alice Pop Stuhl Scab satiniertes Messing-Effekt | Arredare Moderno DE gefunden von Product-Guide.org\",\"breadcrumb\":{\"@id\":\"https:\/\/product-guide.org\/produkt\/alice-pop-stuhl-scab-satiniertes-messing-effekt-arredare-moderno-de\/#breadcrumb\"},\"inLanguage\":\"en-GB\",\"potentialAction\":[{\"@type\":\"ReadAction\",\"target\":[\"https:\/\/product-guide.org\/produkt\/alice-pop-stuhl-scab-satiniertes-messing-effekt-arredare-moderno-de\/\"]}]},{\"@type\":\"ImageObject\",\"inLanguage\":\"en-GB\",\"@id\":\"https:\/\/product-guide.org\/produkt\/alice-pop-stuhl-scab-satiniertes-messing-effekt-arredare-moderno-de\/#primaryimage\",\"url\":\"https:\/\/product-guide.org\/wp-content\/uploads\/2025\/03\/alice-pop-stuhl-scab-satiniertes-messing-effekt-.jpg\",\"contentUrl\":\"https:\/\/product-guide.org\/wp-content\/uploads\/2025\/03\/alice-pop-stuhl-scab-satiniertes-messing-effekt-.jpg\",\"width\":800,\"height\":800},{\"@type\":\"BreadcrumbList\",\"@id\":\"https:\/\/product-guide.org\/produkt\/alice-pop-stuhl-scab-satiniertes-messing-effekt-arredare-moderno-de\/#breadcrumb\",\"itemListElement\":[{\"@type\":\"ListItem\",\"position\":1,\"name\":\"Home\",\"item\":\"https:\/\/product-guide.org\/\"},{\"@type\":\"ListItem\",\"position\":2,\"name\":\"Ergebnisse\",\"item\":\"https:\/\/product-guide.org\/de\/ergebnisse\/\"},{\"@type\":\"ListItem\",\"position\":3,\"name\":\"Alice Pop Stuhl Scab satiniertes Messing-Effekt | Arredare Moderno DE\"}]},{\"@type\":\"WebSite\",\"@id\":\"https:\/\/product-guide.org\/#website\",\"url\":\"https:\/\/product-guide.org\/\",\"name\":\"Product-Guide.org\",\"description\":\"What Product are you looking for?\",\"publisher\":{\"@id\":\"https:\/\/product-guide.org\/#organization\"},\"potentialAction\":[{\"@type\":\"SearchAction\",\"target\":{\"@type\":\"EntryPoint\",\"urlTemplate\":\"https:\/\/product-guide.org\/?s={search_term_string}\"},\"query-input\":{\"@type\":\"PropertyValueSpecification\",\"valueRequired\":true,\"valueName\":\"search_term_string\"}}],\"inLanguage\":\"en-GB\"},{\"@type\":\"Organization\",\"@id\":\"https:\/\/product-guide.org\/#organization\",\"name\":\"Product-Guide.org\",\"url\":\"https:\/\/product-guide.org\/\",\"logo\":{\"@type\":\"ImageObject\",\"inLanguage\":\"en-GB\",\"@id\":\"https:\/\/product-guide.org\/#\/schema\/logo\/image\/\",\"url\":\"https:\/\/product-guide.org\/wp-content\/uploads\/2022\/07\/logo_transparent_background.png\",\"contentUrl\":\"https:\/\/product-guide.org\/wp-content\/uploads\/2022\/07\/logo_transparent_background.png\",\"width\":3400,\"height\":1132,\"caption\":\"Product-Guide.org\"},\"image\":{\"@id\":\"https:\/\/product-guide.org\/#\/schema\/logo\/image\/\"}}]}<\/script>\n<!-- \/ Yoast SEO plugin. -->","yoast_head_json":{"title":"Alice Pop Stuhl Scab satiniertes Messing-Effekt | Arredare Moderno DE | Product-Guide.org","description":"Alice Pop Stuhl Scab satiniertes Messing-Effekt | Arredare Moderno DE gefunden von Product-Guide.org","robots":{"index":"index","follow":"follow","max-snippet":"max-snippet:-1","max-image-preview":"max-image-preview:large","max-video-preview":"max-video-preview:-1"},"canonical":"https:\/\/product-guide.org\/en\/produkt\/alice-pop-stuhl-scab-satiniertes-messing-effekt-arredare-moderno-de\/","og_locale":"en_GB","og_type":"article","og_title":"Alice Pop Stuhl Scab satiniertes Messing-Effekt | Arredare Moderno DE | Product-Guide.org","og_description":"Alice Pop Stuhl Scab satiniertes Messing-Effekt | Arredare Moderno DE gefunden von Product-Guide.org","og_url":"https:\/\/product-guide.org\/en\/produkt\/alice-pop-stuhl-scab-satiniertes-messing-effekt-arredare-moderno-de\/","og_site_name":"Product-Guide.org","twitter_card":"summary_large_image","schema":{"@context":"https:\/\/schema.org","@graph":[{"@type":"WebPage","@id":"https:\/\/product-guide.org\/produkt\/alice-pop-stuhl-scab-satiniertes-messing-effekt-arredare-moderno-de\/","url":"https:\/\/product-guide.org\/produkt\/alice-pop-stuhl-scab-satiniertes-messing-effekt-arredare-moderno-de\/","name":"Alice Pop Stuhl Scab satiniertes Messing-Effekt | Arredare Moderno DE | Product-Guide.org","isPartOf":{"@id":"https:\/\/product-guide.org\/#website"},"primaryImageOfPage":{"@id":"https:\/\/product-guide.org\/produkt\/alice-pop-stuhl-scab-satiniertes-messing-effekt-arredare-moderno-de\/#primaryimage"},"image":{"@id":"https:\/\/product-guide.org\/produkt\/alice-pop-stuhl-scab-satiniertes-messing-effekt-arredare-moderno-de\/#primaryimage"},"thumbnailUrl":"https:\/\/product-guide.org\/wp-content\/uploads\/2025\/03\/alice-pop-stuhl-scab-satiniertes-messing-effekt-.jpg","datePublished":"2025-03-17T10:24:36+00:00","description":"Alice Pop Stuhl Scab satiniertes Messing-Effekt | Arredare Moderno DE gefunden von Product-Guide.org","breadcrumb":{"@id":"https:\/\/product-guide.org\/produkt\/alice-pop-stuhl-scab-satiniertes-messing-effekt-arredare-moderno-de\/#breadcrumb"},"inLanguage":"en-GB","potentialAction":[{"@type":"ReadAction","target":["https:\/\/product-guide.org\/produkt\/alice-pop-stuhl-scab-satiniertes-messing-effekt-arredare-moderno-de\/"]}]},{"@type":"ImageObject","inLanguage":"en-GB","@id":"https:\/\/product-guide.org\/produkt\/alice-pop-stuhl-scab-satiniertes-messing-effekt-arredare-moderno-de\/#primaryimage","url":"https:\/\/product-guide.org\/wp-content\/uploads\/2025\/03\/alice-pop-stuhl-scab-satiniertes-messing-effekt-.jpg","contentUrl":"https:\/\/product-guide.org\/wp-content\/uploads\/2025\/03\/alice-pop-stuhl-scab-satiniertes-messing-effekt-.jpg","width":800,"height":800},{"@type":"BreadcrumbList","@id":"https:\/\/product-guide.org\/produkt\/alice-pop-stuhl-scab-satiniertes-messing-effekt-arredare-moderno-de\/#breadcrumb","itemListElement":[{"@type":"ListItem","position":1,"name":"Home","item":"https:\/\/product-guide.org\/"},{"@type":"ListItem","position":2,"name":"Ergebnisse","item":"https:\/\/product-guide.org\/de\/ergebnisse\/"},{"@type":"ListItem","position":3,"name":"Alice Pop Stuhl Scab satiniertes Messing-Effekt | Arredare Moderno DE"}]},{"@type":"WebSite","@id":"https:\/\/product-guide.org\/#website","url":"https:\/\/product-guide.org\/","name":"Product-Guide.org","description":"What Product are you looking for?","publisher":{"@id":"https:\/\/product-guide.org\/#organization"},"potentialAction":[{"@type":"SearchAction","target":{"@type":"EntryPoint","urlTemplate":"https:\/\/product-guide.org\/?s={search_term_string}"},"query-input":{"@type":"PropertyValueSpecification","valueRequired":true,"valueName":"search_term_string"}}],"inLanguage":"en-GB"},{"@type":"Organization","@id":"https:\/\/product-guide.org\/#organization","name":"Product-Guide.org","url":"https:\/\/product-guide.org\/","logo":{"@type":"ImageObject","inLanguage":"en-GB","@id":"https:\/\/product-guide.org\/#\/schema\/logo\/image\/","url":"https:\/\/product-guide.org\/wp-content\/uploads\/2022\/07\/logo_transparent_background.png","contentUrl":"https:\/\/product-guide.org\/wp-content\/uploads\/2022\/07\/logo_transparent_background.png","width":3400,"height":1132,"caption":"Product-Guide.org"},"image":{"@id":"https:\/\/product-guide.org\/#\/schema\/logo\/image\/"}}]}},"_links":{"self":[{"href":"https:\/\/product-guide.org\/en\/wp-json\/wp\/v2\/product\/51821","targetHints":{"allow":["GET"]}}],"collection":[{"href":"https:\/\/product-guide.org\/en\/wp-json\/wp\/v2\/product"}],"about":[{"href":"https:\/\/product-guide.org\/en\/wp-json\/wp\/v2\/types\/product"}],"wp:featuredmedia":[{"embeddable":true,"href":"https:\/\/product-guide.org\/en\/wp-json\/wp\/v2\/media\/51820"}],"wp:attachment":[{"href":"https:\/\/product-guide.org\/en\/wp-json\/wp\/v2\/media?parent=51821"}],"wp:term":[{"taxonomy":"store","embeddable":true,"href":"https:\/\/product-guide.org\/en\/wp-json\/wp\/v2\/store?post=51821"},{"taxonomy":"product_brand","embeddable":true,"href":"https:\/\/product-guide.org\/en\/wp-json\/wp\/v2\/product_brand?post=51821"},{"taxonomy":"product_cat","embeddable":true,"href":"https:\/\/product-guide.org\/en\/wp-json\/wp\/v2\/product_cat?post=51821"},{"taxonomy":"product_tag","embeddable":true,"href":"https:\/\/product-guide.org\/en\/wp-json\/wp\/v2\/product_tag?post=51821"}],"curies":[{"name":"wp","href":"https:\/\/api.w.org\/{rel}","templated":true}]}}