{"id":51825,"date":"2025-03-17T11:24:38","date_gmt":"2025-03-17T10:24:38","guid":{"rendered":"https:\/\/product-guide.org\/produkt\/lisa-stuhl-scab-arredare-moderno-de\/"},"modified":"2025-03-17T11:24:39","modified_gmt":"2025-03-17T10:24:39","slug":"lisa-stuhl-scab-arredare-moderno-de","status":"publish","type":"product","link":"https:\/\/product-guide.org\/en\/produkt\/lisa-stuhl-scab-arredare-moderno-de\/","title":{"rendered":"Lisa Stuhl Scab | Arredare Moderno DE"},"content":{"rendered":"<p>Lisa Scab Stuhl mit Metallbeinen Der Lisa Scab Stuhl ist ein Innenstuhl mit einem gepolsterten Sitz und einem Bezug aus Stoff, Samt oder Kunstleder, erh\u00e4ltlich in verschiedenen Farben und Ausf\u00fchrungen. Der Stuhl verf\u00fcgt \u00fcber ein Gestell aus Stahlrohr, das ihm ein elegantes und raffiniertes Aussehen verleiht. Der Stuhl hat eine abgerundete und einladende Form mit einem gebogenen und weichen Sitz und R\u00fcckenlehne. Er eignet sich ideal zur Einrichtung von R\u00e4umen im modernen und vielseitigen Stil, wie Wohnzimmer, Lounges, Schlafzimmer oder B\u00fcros. Der Lisa Scab Stuhl ist Teil der Scab Design Stuhlkollektion, einer f\u00fchrenden italienischen Marke in der Herstellung von hochwertigen M\u00f6beln f\u00fcr Zuhause und Garten. Scab Design zeichnet sich durch Liebe zum Detail, einen raffinierten Herstellungsprozess und die Verwendung immer neuer Technologien aus. Scab Design war ein Pionier in der Behandlung von thermoplastischen Materialien und erforschte deren funktionale Eigenschaften und Ausdruckspotenzial. Der Lisa Scab Stuhl wurde von Marcello Ziliani entworfen, einem bekannten italienischen Designer, der mit verschiedenen M\u00f6bel- und Beleuchtungsunternehmen zusammengearbeitet hat. STRUKTUR DES LISA SCAB STUHLS: Der Lisa Stuhl hat ein Gestell aus Stahl, erh\u00e4ltlich in den folgenden Ausf\u00fchrungen: Anthrazit lackiert Terrakotta lackiert Schwarz lackiert Verchromt Matt satiniert in Messingoptik Hochglanzschwarz vernickelt Der Lisa ist bezogen in den folgenden Ausf\u00fchrungen: Stoff T Feuerfester Samt V4 Feuerfester Samt V3 Kunstleder EP Die Ausf\u00fchrungen sind im Materialmuster sichtbar. ABMESSUNGEN DES LISA SCAB STUHLS: Grundlegende Ausf\u00fchrungen und Abmessungen: Ausf\u00fchrung des Gestells: LIEFERZEITEN: Gesch\u00e4tzte Produktions- und Lieferzeit: 3\/5 Werktage ab Zahlungseingang.W\u00e4hrend dieser Zeit k\u00f6nnen Lieferungen von Herstellerfirmen Verz\u00f6gerungen unterliegen.<\/p>\n","protected":false},"excerpt":{"rendered":"<p>Lisa Scab Stuhl mit Metallbeinen Der Lisa Scab Stuhl ist ein Innenstuhl mit einem gepolsterten Sitz und einem Bezug aus Stoff, Samt oder Kunstleder, erh\u00e4ltlich in verschiedenen Farben und Ausf\u00fchrungen. Der Stuhl verf\u00fcgt \u00fcber ein Gestell aus Stahlrohr, das ihm ein elegantes und raffiniertes Aussehen verleiht. Der Stuhl hat eine abgerundete und einladende Form mit [&hellip;]<\/p>\n","protected":false},"featured_media":51824,"template":"","meta":{"_gspb_post_css":""},"store":[],"product_brand":[1392],"product_cat":[1290],"product_tag":[],"class_list":{"0":"post-51825","1":"product","2":"type-product","3":"status-publish","4":"has-post-thumbnail","6":"product_brand-arredare-moderno-de","7":"product_cat-uncategorized","9":"first","10":"instock","11":"sale","12":"shipping-taxable","13":"purchasable","14":"product-type-simple"},"yoast_head":"<!-- This site is optimized with the Yoast SEO plugin v24.6 - https:\/\/yoast.com\/wordpress\/plugins\/seo\/ -->\n<title>Lisa Stuhl Scab | Arredare Moderno DE | Product-Guide.org<\/title>\n<meta name=\"description\" content=\"Lisa Stuhl Scab | Arredare Moderno DE gefunden von Product-Guide.org\" \/>\n<meta name=\"robots\" content=\"index, follow, max-snippet:-1, max-image-preview:large, max-video-preview:-1\" \/>\n<link rel=\"canonical\" href=\"https:\/\/product-guide.org\/en\/produkt\/lisa-stuhl-scab-arredare-moderno-de\/\" \/>\n<meta property=\"og:locale\" content=\"en_GB\" \/>\n<meta property=\"og:type\" content=\"article\" \/>\n<meta property=\"og:title\" content=\"Lisa Stuhl Scab | Arredare Moderno DE | Product-Guide.org\" \/>\n<meta property=\"og:description\" content=\"Lisa Stuhl Scab | Arredare Moderno DE gefunden von Product-Guide.org\" \/>\n<meta property=\"og:url\" content=\"https:\/\/product-guide.org\/en\/produkt\/lisa-stuhl-scab-arredare-moderno-de\/\" \/>\n<meta property=\"og:site_name\" content=\"Product-Guide.org\" \/>\n<meta property=\"article:modified_time\" content=\"2025-03-17T10:24:39+00:00\" \/>\n<meta name=\"twitter:card\" content=\"summary_large_image\" \/>\n<script type=\"application\/ld+json\" class=\"yoast-schema-graph\">{\"@context\":\"https:\/\/schema.org\",\"@graph\":[{\"@type\":\"WebPage\",\"@id\":\"https:\/\/product-guide.org\/produkt\/lisa-stuhl-scab-arredare-moderno-de\/\",\"url\":\"https:\/\/product-guide.org\/produkt\/lisa-stuhl-scab-arredare-moderno-de\/\",\"name\":\"Lisa Stuhl Scab | Arredare Moderno DE | Product-Guide.org\",\"isPartOf\":{\"@id\":\"https:\/\/product-guide.org\/#website\"},\"primaryImageOfPage\":{\"@id\":\"https:\/\/product-guide.org\/produkt\/lisa-stuhl-scab-arredare-moderno-de\/#primaryimage\"},\"image\":{\"@id\":\"https:\/\/product-guide.org\/produkt\/lisa-stuhl-scab-arredare-moderno-de\/#primaryimage\"},\"thumbnailUrl\":\"https:\/\/product-guide.org\/wp-content\/uploads\/2025\/03\/lisa-stuhl-scab.jpg\",\"datePublished\":\"2025-03-17T10:24:38+00:00\",\"dateModified\":\"2025-03-17T10:24:39+00:00\",\"description\":\"Lisa Stuhl Scab | Arredare Moderno DE gefunden von Product-Guide.org\",\"breadcrumb\":{\"@id\":\"https:\/\/product-guide.org\/produkt\/lisa-stuhl-scab-arredare-moderno-de\/#breadcrumb\"},\"inLanguage\":\"en-GB\",\"potentialAction\":[{\"@type\":\"ReadAction\",\"target\":[\"https:\/\/product-guide.org\/produkt\/lisa-stuhl-scab-arredare-moderno-de\/\"]}]},{\"@type\":\"ImageObject\",\"inLanguage\":\"en-GB\",\"@id\":\"https:\/\/product-guide.org\/produkt\/lisa-stuhl-scab-arredare-moderno-de\/#primaryimage\",\"url\":\"https:\/\/product-guide.org\/wp-content\/uploads\/2025\/03\/lisa-stuhl-scab.jpg\",\"contentUrl\":\"https:\/\/product-guide.org\/wp-content\/uploads\/2025\/03\/lisa-stuhl-scab.jpg\",\"width\":800,\"height\":800},{\"@type\":\"BreadcrumbList\",\"@id\":\"https:\/\/product-guide.org\/produkt\/lisa-stuhl-scab-arredare-moderno-de\/#breadcrumb\",\"itemListElement\":[{\"@type\":\"ListItem\",\"position\":1,\"name\":\"Home\",\"item\":\"https:\/\/product-guide.org\/\"},{\"@type\":\"ListItem\",\"position\":2,\"name\":\"Ergebnisse\",\"item\":\"https:\/\/product-guide.org\/de\/ergebnisse\/\"},{\"@type\":\"ListItem\",\"position\":3,\"name\":\"Lisa Stuhl Scab | Arredare Moderno DE\"}]},{\"@type\":\"WebSite\",\"@id\":\"https:\/\/product-guide.org\/#website\",\"url\":\"https:\/\/product-guide.org\/\",\"name\":\"Product-Guide.org\",\"description\":\"What Product are you looking for?\",\"publisher\":{\"@id\":\"https:\/\/product-guide.org\/#organization\"},\"potentialAction\":[{\"@type\":\"SearchAction\",\"target\":{\"@type\":\"EntryPoint\",\"urlTemplate\":\"https:\/\/product-guide.org\/?s={search_term_string}\"},\"query-input\":{\"@type\":\"PropertyValueSpecification\",\"valueRequired\":true,\"valueName\":\"search_term_string\"}}],\"inLanguage\":\"en-GB\"},{\"@type\":\"Organization\",\"@id\":\"https:\/\/product-guide.org\/#organization\",\"name\":\"Product-Guide.org\",\"url\":\"https:\/\/product-guide.org\/\",\"logo\":{\"@type\":\"ImageObject\",\"inLanguage\":\"en-GB\",\"@id\":\"https:\/\/product-guide.org\/#\/schema\/logo\/image\/\",\"url\":\"https:\/\/product-guide.org\/wp-content\/uploads\/2022\/07\/logo_transparent_background.png\",\"contentUrl\":\"https:\/\/product-guide.org\/wp-content\/uploads\/2022\/07\/logo_transparent_background.png\",\"width\":3400,\"height\":1132,\"caption\":\"Product-Guide.org\"},\"image\":{\"@id\":\"https:\/\/product-guide.org\/#\/schema\/logo\/image\/\"}}]}<\/script>\n<!-- \/ Yoast SEO plugin. -->","yoast_head_json":{"title":"Lisa Stuhl Scab | Arredare Moderno DE | Product-Guide.org","description":"Lisa Stuhl Scab | Arredare Moderno DE gefunden von Product-Guide.org","robots":{"index":"index","follow":"follow","max-snippet":"max-snippet:-1","max-image-preview":"max-image-preview:large","max-video-preview":"max-video-preview:-1"},"canonical":"https:\/\/product-guide.org\/en\/produkt\/lisa-stuhl-scab-arredare-moderno-de\/","og_locale":"en_GB","og_type":"article","og_title":"Lisa Stuhl Scab | Arredare Moderno DE | Product-Guide.org","og_description":"Lisa Stuhl Scab | Arredare Moderno DE gefunden von Product-Guide.org","og_url":"https:\/\/product-guide.org\/en\/produkt\/lisa-stuhl-scab-arredare-moderno-de\/","og_site_name":"Product-Guide.org","article_modified_time":"2025-03-17T10:24:39+00:00","twitter_card":"summary_large_image","schema":{"@context":"https:\/\/schema.org","@graph":[{"@type":"WebPage","@id":"https:\/\/product-guide.org\/produkt\/lisa-stuhl-scab-arredare-moderno-de\/","url":"https:\/\/product-guide.org\/produkt\/lisa-stuhl-scab-arredare-moderno-de\/","name":"Lisa Stuhl Scab | Arredare Moderno DE | Product-Guide.org","isPartOf":{"@id":"https:\/\/product-guide.org\/#website"},"primaryImageOfPage":{"@id":"https:\/\/product-guide.org\/produkt\/lisa-stuhl-scab-arredare-moderno-de\/#primaryimage"},"image":{"@id":"https:\/\/product-guide.org\/produkt\/lisa-stuhl-scab-arredare-moderno-de\/#primaryimage"},"thumbnailUrl":"https:\/\/product-guide.org\/wp-content\/uploads\/2025\/03\/lisa-stuhl-scab.jpg","datePublished":"2025-03-17T10:24:38+00:00","dateModified":"2025-03-17T10:24:39+00:00","description":"Lisa Stuhl Scab | Arredare Moderno DE gefunden von Product-Guide.org","breadcrumb":{"@id":"https:\/\/product-guide.org\/produkt\/lisa-stuhl-scab-arredare-moderno-de\/#breadcrumb"},"inLanguage":"en-GB","potentialAction":[{"@type":"ReadAction","target":["https:\/\/product-guide.org\/produkt\/lisa-stuhl-scab-arredare-moderno-de\/"]}]},{"@type":"ImageObject","inLanguage":"en-GB","@id":"https:\/\/product-guide.org\/produkt\/lisa-stuhl-scab-arredare-moderno-de\/#primaryimage","url":"https:\/\/product-guide.org\/wp-content\/uploads\/2025\/03\/lisa-stuhl-scab.jpg","contentUrl":"https:\/\/product-guide.org\/wp-content\/uploads\/2025\/03\/lisa-stuhl-scab.jpg","width":800,"height":800},{"@type":"BreadcrumbList","@id":"https:\/\/product-guide.org\/produkt\/lisa-stuhl-scab-arredare-moderno-de\/#breadcrumb","itemListElement":[{"@type":"ListItem","position":1,"name":"Home","item":"https:\/\/product-guide.org\/"},{"@type":"ListItem","position":2,"name":"Ergebnisse","item":"https:\/\/product-guide.org\/de\/ergebnisse\/"},{"@type":"ListItem","position":3,"name":"Lisa Stuhl Scab | Arredare Moderno DE"}]},{"@type":"WebSite","@id":"https:\/\/product-guide.org\/#website","url":"https:\/\/product-guide.org\/","name":"Product-Guide.org","description":"What Product are you looking for?","publisher":{"@id":"https:\/\/product-guide.org\/#organization"},"potentialAction":[{"@type":"SearchAction","target":{"@type":"EntryPoint","urlTemplate":"https:\/\/product-guide.org\/?s={search_term_string}"},"query-input":{"@type":"PropertyValueSpecification","valueRequired":true,"valueName":"search_term_string"}}],"inLanguage":"en-GB"},{"@type":"Organization","@id":"https:\/\/product-guide.org\/#organization","name":"Product-Guide.org","url":"https:\/\/product-guide.org\/","logo":{"@type":"ImageObject","inLanguage":"en-GB","@id":"https:\/\/product-guide.org\/#\/schema\/logo\/image\/","url":"https:\/\/product-guide.org\/wp-content\/uploads\/2022\/07\/logo_transparent_background.png","contentUrl":"https:\/\/product-guide.org\/wp-content\/uploads\/2022\/07\/logo_transparent_background.png","width":3400,"height":1132,"caption":"Product-Guide.org"},"image":{"@id":"https:\/\/product-guide.org\/#\/schema\/logo\/image\/"}}]}},"_links":{"self":[{"href":"https:\/\/product-guide.org\/en\/wp-json\/wp\/v2\/product\/51825","targetHints":{"allow":["GET"]}}],"collection":[{"href":"https:\/\/product-guide.org\/en\/wp-json\/wp\/v2\/product"}],"about":[{"href":"https:\/\/product-guide.org\/en\/wp-json\/wp\/v2\/types\/product"}],"wp:featuredmedia":[{"embeddable":true,"href":"https:\/\/product-guide.org\/en\/wp-json\/wp\/v2\/media\/51824"}],"wp:attachment":[{"href":"https:\/\/product-guide.org\/en\/wp-json\/wp\/v2\/media?parent=51825"}],"wp:term":[{"taxonomy":"store","embeddable":true,"href":"https:\/\/product-guide.org\/en\/wp-json\/wp\/v2\/store?post=51825"},{"taxonomy":"product_brand","embeddable":true,"href":"https:\/\/product-guide.org\/en\/wp-json\/wp\/v2\/product_brand?post=51825"},{"taxonomy":"product_cat","embeddable":true,"href":"https:\/\/product-guide.org\/en\/wp-json\/wp\/v2\/product_cat?post=51825"},{"taxonomy":"product_tag","embeddable":true,"href":"https:\/\/product-guide.org\/en\/wp-json\/wp\/v2\/product_tag?post=51825"}],"curies":[{"name":"wp","href":"https:\/\/api.w.org\/{rel}","templated":true}]}}