{"id":51831,"date":"2025-03-17T11:24:42","date_gmt":"2025-03-17T10:24:42","guid":{"rendered":"https:\/\/product-guide.org\/produkt\/zebra-pop-stuhl-scab-rahmen-in-satiniertem-messing-arredare-moderno-de\/"},"modified":"2025-03-17T11:24:43","modified_gmt":"2025-03-17T10:24:43","slug":"zebra-pop-stuhl-scab-rahmen-in-satiniertem-messing-arredare-moderno-de","status":"publish","type":"product","link":"https:\/\/product-guide.org\/en\/produkt\/zebra-pop-stuhl-scab-rahmen-in-satiniertem-messing-arredare-moderno-de\/","title":{"rendered":"Zebra Pop Stuhl Scab Rahmen in satiniertem Messing | Arredare Moderno DE"},"content":{"rendered":"<p>Zebra Pop Scab Stuhl mit satiniertem Messinggestell Der Zebra Pop Scab Stuhl ist ein moderner und komfortabler Stuhl mit einem Gestell aus Stahl mit satiniertem Messingeffekt, der ihm eine Note von Eleganz und Raffinesse verleiht. Die Sitzschale besteht aus sto\u00dffestem Polycarbonat, einem strapazierf\u00e4higen und transparenten Material, das mit Stoff in verschiedenen Farben wie Braun, Gelb, Hellgrau, Blau und Schwarz bezogen ist. Der Zebra Pop Scab Stuhl ist stapelbar, was ihn einfach zu lagern und zu bewegen macht, und eignet sich zur Ausstattung von Innenr\u00e4umen wie Wohnzimmern, K\u00fcchen, Esszimmern oder B\u00fcros. Der Zebra Pop Scab Stuhl wird in Italien von Scab Design hergestellt, einem f\u00fchrenden Unternehmen in der M\u00f6belbranche, das f\u00fcr innovatives Design und Liebe zum Detail bekannt ist. GESTELL DES ZEBRA POP STUHLS MIT SATINIERTER MESSINGOPTIK VON SCAB: Der Zebra Pop Stuhl verf\u00fcgt \u00fcber ein Gestell aus Stahl mit satiniertem Messingeffekt und ist in den folgenden Farben bezogen: Stoff T Stoff T4 Stoff M Kunstleder EP Mindestbestellmenge von 2 St\u00fchlen oder Vielfachen von 2 Die Finish-Optionen finden Sie in der Materialauswahl MA\u00dfE DES ZEBRA POP STUHLS MIT SATINIERTER MESSINGOPTIK VON SCAB: LIEFERZEITEN: Gesch\u00e4tzte Lieferzeit f\u00fcr die Produktion und Lieferung des Produkts: 3-5 Werktage ab Zahlungseingang. W\u00e4hrend dieser Zeit k\u00f6nnen Lieferungen durch die Hersteller Verz\u00f6gerungen unterliegen.<\/p>\n","protected":false},"excerpt":{"rendered":"<p>Zebra Pop Scab Stuhl mit satiniertem Messinggestell Der Zebra Pop Scab Stuhl ist ein moderner und komfortabler Stuhl mit einem Gestell aus Stahl mit satiniertem Messingeffekt, der ihm eine Note von Eleganz und Raffinesse verleiht. Die Sitzschale besteht aus sto\u00dffestem Polycarbonat, einem strapazierf\u00e4higen und transparenten Material, das mit Stoff in verschiedenen Farben wie Braun, Gelb, [&hellip;]<\/p>\n","protected":false},"featured_media":51830,"template":"","meta":{"_gspb_post_css":""},"store":[],"product_brand":[1392],"product_cat":[1290],"product_tag":[],"class_list":{"0":"post-51831","1":"product","2":"type-product","3":"status-publish","4":"has-post-thumbnail","6":"product_brand-arredare-moderno-de","7":"product_cat-uncategorized","9":"first","10":"instock","11":"sale","12":"shipping-taxable","13":"purchasable","14":"product-type-simple"},"yoast_head":"<!-- This site is optimized with the Yoast SEO plugin v24.6 - https:\/\/yoast.com\/wordpress\/plugins\/seo\/ -->\n<title>Zebra Pop Stuhl Scab Rahmen in satiniertem Messing | Arredare Moderno DE | Product-Guide.org<\/title>\n<meta name=\"description\" content=\"Zebra Pop Stuhl Scab Rahmen in satiniertem Messing | Arredare Moderno DE gefunden von Product-Guide.org\" \/>\n<meta name=\"robots\" content=\"index, follow, max-snippet:-1, max-image-preview:large, max-video-preview:-1\" \/>\n<link rel=\"canonical\" href=\"https:\/\/product-guide.org\/en\/produkt\/zebra-pop-stuhl-scab-rahmen-in-satiniertem-messing-arredare-moderno-de\/\" \/>\n<meta property=\"og:locale\" content=\"en_GB\" \/>\n<meta property=\"og:type\" content=\"article\" \/>\n<meta property=\"og:title\" content=\"Zebra Pop Stuhl Scab Rahmen in satiniertem Messing | Arredare Moderno DE | Product-Guide.org\" \/>\n<meta property=\"og:description\" content=\"Zebra Pop Stuhl Scab Rahmen in satiniertem Messing | Arredare Moderno DE gefunden von Product-Guide.org\" \/>\n<meta property=\"og:url\" content=\"https:\/\/product-guide.org\/en\/produkt\/zebra-pop-stuhl-scab-rahmen-in-satiniertem-messing-arredare-moderno-de\/\" \/>\n<meta property=\"og:site_name\" content=\"Product-Guide.org\" \/>\n<meta property=\"article:modified_time\" content=\"2025-03-17T10:24:43+00:00\" \/>\n<meta name=\"twitter:card\" content=\"summary_large_image\" \/>\n<script type=\"application\/ld+json\" class=\"yoast-schema-graph\">{\"@context\":\"https:\/\/schema.org\",\"@graph\":[{\"@type\":\"WebPage\",\"@id\":\"https:\/\/product-guide.org\/produkt\/zebra-pop-stuhl-scab-rahmen-in-satiniertem-messing-arredare-moderno-de\/\",\"url\":\"https:\/\/product-guide.org\/produkt\/zebra-pop-stuhl-scab-rahmen-in-satiniertem-messing-arredare-moderno-de\/\",\"name\":\"Zebra Pop Stuhl Scab Rahmen in satiniertem Messing | Arredare Moderno DE | Product-Guide.org\",\"isPartOf\":{\"@id\":\"https:\/\/product-guide.org\/#website\"},\"primaryImageOfPage\":{\"@id\":\"https:\/\/product-guide.org\/produkt\/zebra-pop-stuhl-scab-rahmen-in-satiniertem-messing-arredare-moderno-de\/#primaryimage\"},\"image\":{\"@id\":\"https:\/\/product-guide.org\/produkt\/zebra-pop-stuhl-scab-rahmen-in-satiniertem-messing-arredare-moderno-de\/#primaryimage\"},\"thumbnailUrl\":\"https:\/\/product-guide.org\/wp-content\/uploads\/2025\/03\/zebra-pop-stuhl-scab-rahmen-in-satiniertem-messing.jpg\",\"datePublished\":\"2025-03-17T10:24:42+00:00\",\"dateModified\":\"2025-03-17T10:24:43+00:00\",\"description\":\"Zebra Pop Stuhl Scab Rahmen in satiniertem Messing | Arredare Moderno DE gefunden von Product-Guide.org\",\"breadcrumb\":{\"@id\":\"https:\/\/product-guide.org\/produkt\/zebra-pop-stuhl-scab-rahmen-in-satiniertem-messing-arredare-moderno-de\/#breadcrumb\"},\"inLanguage\":\"en-GB\",\"potentialAction\":[{\"@type\":\"ReadAction\",\"target\":[\"https:\/\/product-guide.org\/produkt\/zebra-pop-stuhl-scab-rahmen-in-satiniertem-messing-arredare-moderno-de\/\"]}]},{\"@type\":\"ImageObject\",\"inLanguage\":\"en-GB\",\"@id\":\"https:\/\/product-guide.org\/produkt\/zebra-pop-stuhl-scab-rahmen-in-satiniertem-messing-arredare-moderno-de\/#primaryimage\",\"url\":\"https:\/\/product-guide.org\/wp-content\/uploads\/2025\/03\/zebra-pop-stuhl-scab-rahmen-in-satiniertem-messing.jpg\",\"contentUrl\":\"https:\/\/product-guide.org\/wp-content\/uploads\/2025\/03\/zebra-pop-stuhl-scab-rahmen-in-satiniertem-messing.jpg\",\"width\":800,\"height\":800},{\"@type\":\"BreadcrumbList\",\"@id\":\"https:\/\/product-guide.org\/produkt\/zebra-pop-stuhl-scab-rahmen-in-satiniertem-messing-arredare-moderno-de\/#breadcrumb\",\"itemListElement\":[{\"@type\":\"ListItem\",\"position\":1,\"name\":\"Home\",\"item\":\"https:\/\/product-guide.org\/\"},{\"@type\":\"ListItem\",\"position\":2,\"name\":\"Ergebnisse\",\"item\":\"https:\/\/product-guide.org\/de\/ergebnisse\/\"},{\"@type\":\"ListItem\",\"position\":3,\"name\":\"Zebra Pop Stuhl Scab Rahmen in satiniertem Messing | Arredare Moderno DE\"}]},{\"@type\":\"WebSite\",\"@id\":\"https:\/\/product-guide.org\/#website\",\"url\":\"https:\/\/product-guide.org\/\",\"name\":\"Product-Guide.org\",\"description\":\"What Product are you looking for?\",\"publisher\":{\"@id\":\"https:\/\/product-guide.org\/#organization\"},\"potentialAction\":[{\"@type\":\"SearchAction\",\"target\":{\"@type\":\"EntryPoint\",\"urlTemplate\":\"https:\/\/product-guide.org\/?s={search_term_string}\"},\"query-input\":{\"@type\":\"PropertyValueSpecification\",\"valueRequired\":true,\"valueName\":\"search_term_string\"}}],\"inLanguage\":\"en-GB\"},{\"@type\":\"Organization\",\"@id\":\"https:\/\/product-guide.org\/#organization\",\"name\":\"Product-Guide.org\",\"url\":\"https:\/\/product-guide.org\/\",\"logo\":{\"@type\":\"ImageObject\",\"inLanguage\":\"en-GB\",\"@id\":\"https:\/\/product-guide.org\/#\/schema\/logo\/image\/\",\"url\":\"https:\/\/product-guide.org\/wp-content\/uploads\/2022\/07\/logo_transparent_background.png\",\"contentUrl\":\"https:\/\/product-guide.org\/wp-content\/uploads\/2022\/07\/logo_transparent_background.png\",\"width\":3400,\"height\":1132,\"caption\":\"Product-Guide.org\"},\"image\":{\"@id\":\"https:\/\/product-guide.org\/#\/schema\/logo\/image\/\"}}]}<\/script>\n<!-- \/ Yoast SEO plugin. -->","yoast_head_json":{"title":"Zebra Pop Stuhl Scab Rahmen in satiniertem Messing | Arredare Moderno DE | Product-Guide.org","description":"Zebra Pop Stuhl Scab Rahmen in satiniertem Messing | Arredare Moderno DE gefunden von Product-Guide.org","robots":{"index":"index","follow":"follow","max-snippet":"max-snippet:-1","max-image-preview":"max-image-preview:large","max-video-preview":"max-video-preview:-1"},"canonical":"https:\/\/product-guide.org\/en\/produkt\/zebra-pop-stuhl-scab-rahmen-in-satiniertem-messing-arredare-moderno-de\/","og_locale":"en_GB","og_type":"article","og_title":"Zebra Pop Stuhl Scab Rahmen in satiniertem Messing | Arredare Moderno DE | Product-Guide.org","og_description":"Zebra Pop Stuhl Scab Rahmen in satiniertem Messing | Arredare Moderno DE gefunden von Product-Guide.org","og_url":"https:\/\/product-guide.org\/en\/produkt\/zebra-pop-stuhl-scab-rahmen-in-satiniertem-messing-arredare-moderno-de\/","og_site_name":"Product-Guide.org","article_modified_time":"2025-03-17T10:24:43+00:00","twitter_card":"summary_large_image","schema":{"@context":"https:\/\/schema.org","@graph":[{"@type":"WebPage","@id":"https:\/\/product-guide.org\/produkt\/zebra-pop-stuhl-scab-rahmen-in-satiniertem-messing-arredare-moderno-de\/","url":"https:\/\/product-guide.org\/produkt\/zebra-pop-stuhl-scab-rahmen-in-satiniertem-messing-arredare-moderno-de\/","name":"Zebra Pop Stuhl Scab Rahmen in satiniertem Messing | Arredare Moderno DE | Product-Guide.org","isPartOf":{"@id":"https:\/\/product-guide.org\/#website"},"primaryImageOfPage":{"@id":"https:\/\/product-guide.org\/produkt\/zebra-pop-stuhl-scab-rahmen-in-satiniertem-messing-arredare-moderno-de\/#primaryimage"},"image":{"@id":"https:\/\/product-guide.org\/produkt\/zebra-pop-stuhl-scab-rahmen-in-satiniertem-messing-arredare-moderno-de\/#primaryimage"},"thumbnailUrl":"https:\/\/product-guide.org\/wp-content\/uploads\/2025\/03\/zebra-pop-stuhl-scab-rahmen-in-satiniertem-messing.jpg","datePublished":"2025-03-17T10:24:42+00:00","dateModified":"2025-03-17T10:24:43+00:00","description":"Zebra Pop Stuhl Scab Rahmen in satiniertem Messing | Arredare Moderno DE gefunden von Product-Guide.org","breadcrumb":{"@id":"https:\/\/product-guide.org\/produkt\/zebra-pop-stuhl-scab-rahmen-in-satiniertem-messing-arredare-moderno-de\/#breadcrumb"},"inLanguage":"en-GB","potentialAction":[{"@type":"ReadAction","target":["https:\/\/product-guide.org\/produkt\/zebra-pop-stuhl-scab-rahmen-in-satiniertem-messing-arredare-moderno-de\/"]}]},{"@type":"ImageObject","inLanguage":"en-GB","@id":"https:\/\/product-guide.org\/produkt\/zebra-pop-stuhl-scab-rahmen-in-satiniertem-messing-arredare-moderno-de\/#primaryimage","url":"https:\/\/product-guide.org\/wp-content\/uploads\/2025\/03\/zebra-pop-stuhl-scab-rahmen-in-satiniertem-messing.jpg","contentUrl":"https:\/\/product-guide.org\/wp-content\/uploads\/2025\/03\/zebra-pop-stuhl-scab-rahmen-in-satiniertem-messing.jpg","width":800,"height":800},{"@type":"BreadcrumbList","@id":"https:\/\/product-guide.org\/produkt\/zebra-pop-stuhl-scab-rahmen-in-satiniertem-messing-arredare-moderno-de\/#breadcrumb","itemListElement":[{"@type":"ListItem","position":1,"name":"Home","item":"https:\/\/product-guide.org\/"},{"@type":"ListItem","position":2,"name":"Ergebnisse","item":"https:\/\/product-guide.org\/de\/ergebnisse\/"},{"@type":"ListItem","position":3,"name":"Zebra Pop Stuhl Scab Rahmen in satiniertem Messing | Arredare Moderno DE"}]},{"@type":"WebSite","@id":"https:\/\/product-guide.org\/#website","url":"https:\/\/product-guide.org\/","name":"Product-Guide.org","description":"What Product are you looking for?","publisher":{"@id":"https:\/\/product-guide.org\/#organization"},"potentialAction":[{"@type":"SearchAction","target":{"@type":"EntryPoint","urlTemplate":"https:\/\/product-guide.org\/?s={search_term_string}"},"query-input":{"@type":"PropertyValueSpecification","valueRequired":true,"valueName":"search_term_string"}}],"inLanguage":"en-GB"},{"@type":"Organization","@id":"https:\/\/product-guide.org\/#organization","name":"Product-Guide.org","url":"https:\/\/product-guide.org\/","logo":{"@type":"ImageObject","inLanguage":"en-GB","@id":"https:\/\/product-guide.org\/#\/schema\/logo\/image\/","url":"https:\/\/product-guide.org\/wp-content\/uploads\/2022\/07\/logo_transparent_background.png","contentUrl":"https:\/\/product-guide.org\/wp-content\/uploads\/2022\/07\/logo_transparent_background.png","width":3400,"height":1132,"caption":"Product-Guide.org"},"image":{"@id":"https:\/\/product-guide.org\/#\/schema\/logo\/image\/"}}]}},"_links":{"self":[{"href":"https:\/\/product-guide.org\/en\/wp-json\/wp\/v2\/product\/51831","targetHints":{"allow":["GET"]}}],"collection":[{"href":"https:\/\/product-guide.org\/en\/wp-json\/wp\/v2\/product"}],"about":[{"href":"https:\/\/product-guide.org\/en\/wp-json\/wp\/v2\/types\/product"}],"wp:featuredmedia":[{"embeddable":true,"href":"https:\/\/product-guide.org\/en\/wp-json\/wp\/v2\/media\/51830"}],"wp:attachment":[{"href":"https:\/\/product-guide.org\/en\/wp-json\/wp\/v2\/media?parent=51831"}],"wp:term":[{"taxonomy":"store","embeddable":true,"href":"https:\/\/product-guide.org\/en\/wp-json\/wp\/v2\/store?post=51831"},{"taxonomy":"product_brand","embeddable":true,"href":"https:\/\/product-guide.org\/en\/wp-json\/wp\/v2\/product_brand?post=51831"},{"taxonomy":"product_cat","embeddable":true,"href":"https:\/\/product-guide.org\/en\/wp-json\/wp\/v2\/product_cat?post=51831"},{"taxonomy":"product_tag","embeddable":true,"href":"https:\/\/product-guide.org\/en\/wp-json\/wp\/v2\/product_tag?post=51831"}],"curies":[{"name":"wp","href":"https:\/\/api.w.org\/{rel}","templated":true}]}}