{"id":52082,"date":"2025-03-17T11:29:50","date_gmt":"2025-03-17T10:29:50","guid":{"rendered":"https:\/\/product-guide.org\/produkt\/neroli-sensuel-8ml-abonnement-pafory\/"},"modified":"2025-03-17T11:29:50","modified_gmt":"2025-03-17T10:29:50","slug":"neroli-sensuel-8ml-abonnement-pafory","status":"publish","type":"product","link":"https:\/\/product-guide.org\/en\/produkt\/neroli-sensuel-8ml-abonnement-pafory\/","title":{"rendered":"N\u00c9ROLI SENSUEL &#8211; 8ml abonnement | PAFORY"},"content":{"rendered":"<p>Neroli Sensuel ist ein fesselnder Duft, der frische Zitrusnoten mit der zarten floralen Leichtigkeit von Neroli und Orangenbl\u00fcte verbindet. Ein Hauch von Jasmin und Rose f\u00fcgt eine weiche, harmonische Tiefe hinzu und hebt den Duft zu einem eleganten, floralen Erlebnis. Die Basis aus wei\u00dfem Moschus und Sandelholz verleiht dem Duft eine sinnliche W\u00e4rme, die auf der Haut verweilt. Mit einem beruhigenden Destress-Akkord angereichert, f\u00f6rdert Neroli Sensuel Momente der inneren Ruhe und Entspannung. Dieser Duft ist ideal f\u00fcr alle, die Balance, Ruhe und Eleganz in ihrem Alltag suchen.<\/p>\n","protected":false},"excerpt":{"rendered":"<p>Neroli Sensuel ist ein fesselnder Duft, der frische Zitrusnoten mit der zarten floralen Leichtigkeit von Neroli und Orangenbl\u00fcte verbindet. Ein Hauch von Jasmin und Rose f\u00fcgt eine weiche, harmonische Tiefe hinzu und hebt den Duft zu einem eleganten, floralen Erlebnis. Die Basis aus wei\u00dfem Moschus und Sandelholz verleiht dem Duft eine sinnliche W\u00e4rme, die auf [&hellip;]<\/p>\n","protected":false},"featured_media":52078,"template":"","meta":{"_gspb_post_css":""},"store":[],"product_brand":[1395],"product_cat":[1290],"product_tag":[],"class_list":{"0":"post-52082","1":"product","2":"type-product","3":"status-publish","4":"has-post-thumbnail","6":"product_brand-pafory-de","7":"product_cat-uncategorized","9":"first","10":"instock","11":"shipping-taxable","12":"purchasable","13":"product-type-simple"},"yoast_head":"<!-- This site is optimized with the Yoast SEO plugin v24.6 - https:\/\/yoast.com\/wordpress\/plugins\/seo\/ -->\n<title>N\u00c9ROLI SENSUEL - 8ml abonnement | PAFORY | Product-Guide.org<\/title>\n<meta name=\"description\" content=\"N\u00c9ROLI SENSUEL - 8ml abonnement | PAFORY gefunden von Product-Guide.org\" \/>\n<meta name=\"robots\" content=\"index, follow, max-snippet:-1, max-image-preview:large, max-video-preview:-1\" \/>\n<link rel=\"canonical\" href=\"https:\/\/product-guide.org\/en\/produkt\/neroli-sensuel-8ml-abonnement-pafory\/\" \/>\n<meta property=\"og:locale\" content=\"en_GB\" \/>\n<meta property=\"og:type\" content=\"article\" \/>\n<meta property=\"og:title\" content=\"N\u00c9ROLI SENSUEL - 8ml abonnement | PAFORY | Product-Guide.org\" \/>\n<meta property=\"og:description\" content=\"N\u00c9ROLI SENSUEL - 8ml abonnement | PAFORY gefunden von Product-Guide.org\" \/>\n<meta property=\"og:url\" content=\"https:\/\/product-guide.org\/en\/produkt\/neroli-sensuel-8ml-abonnement-pafory\/\" \/>\n<meta property=\"og:site_name\" content=\"Product-Guide.org\" \/>\n<meta name=\"twitter:card\" content=\"summary_large_image\" \/>\n<script type=\"application\/ld+json\" class=\"yoast-schema-graph\">{\"@context\":\"https:\/\/schema.org\",\"@graph\":[{\"@type\":\"WebPage\",\"@id\":\"https:\/\/product-guide.org\/produkt\/neroli-sensuel-8ml-abonnement-pafory\/\",\"url\":\"https:\/\/product-guide.org\/produkt\/neroli-sensuel-8ml-abonnement-pafory\/\",\"name\":\"N\u00c9ROLI SENSUEL - 8ml abonnement | PAFORY | Product-Guide.org\",\"isPartOf\":{\"@id\":\"https:\/\/product-guide.org\/#website\"},\"primaryImageOfPage\":{\"@id\":\"https:\/\/product-guide.org\/produkt\/neroli-sensuel-8ml-abonnement-pafory\/#primaryimage\"},\"image\":{\"@id\":\"https:\/\/product-guide.org\/produkt\/neroli-sensuel-8ml-abonnement-pafory\/#primaryimage\"},\"thumbnailUrl\":\"https:\/\/product-guide.org\/wp-content\/uploads\/2025\/03\/edeniste-neroli-sensuel-overlayed.webp\",\"datePublished\":\"2025-03-17T10:29:50+00:00\",\"description\":\"N\u00c9ROLI SENSUEL - 8ml abonnement | PAFORY gefunden von Product-Guide.org\",\"breadcrumb\":{\"@id\":\"https:\/\/product-guide.org\/produkt\/neroli-sensuel-8ml-abonnement-pafory\/#breadcrumb\"},\"inLanguage\":\"en-GB\",\"potentialAction\":[{\"@type\":\"ReadAction\",\"target\":[\"https:\/\/product-guide.org\/produkt\/neroli-sensuel-8ml-abonnement-pafory\/\"]}]},{\"@type\":\"ImageObject\",\"inLanguage\":\"en-GB\",\"@id\":\"https:\/\/product-guide.org\/produkt\/neroli-sensuel-8ml-abonnement-pafory\/#primaryimage\",\"url\":\"https:\/\/product-guide.org\/wp-content\/uploads\/2025\/03\/edeniste-neroli-sensuel-overlayed.webp\",\"contentUrl\":\"https:\/\/product-guide.org\/wp-content\/uploads\/2025\/03\/edeniste-neroli-sensuel-overlayed.webp\",\"width\":1000,\"height\":1000},{\"@type\":\"BreadcrumbList\",\"@id\":\"https:\/\/product-guide.org\/produkt\/neroli-sensuel-8ml-abonnement-pafory\/#breadcrumb\",\"itemListElement\":[{\"@type\":\"ListItem\",\"position\":1,\"name\":\"Home\",\"item\":\"https:\/\/product-guide.org\/\"},{\"@type\":\"ListItem\",\"position\":2,\"name\":\"Ergebnisse\",\"item\":\"https:\/\/product-guide.org\/de\/ergebnisse\/\"},{\"@type\":\"ListItem\",\"position\":3,\"name\":\"N\u00c9ROLI SENSUEL &#8211; 8ml abonnement | PAFORY\"}]},{\"@type\":\"WebSite\",\"@id\":\"https:\/\/product-guide.org\/#website\",\"url\":\"https:\/\/product-guide.org\/\",\"name\":\"Product-Guide.org\",\"description\":\"What Product are you looking for?\",\"publisher\":{\"@id\":\"https:\/\/product-guide.org\/#organization\"},\"potentialAction\":[{\"@type\":\"SearchAction\",\"target\":{\"@type\":\"EntryPoint\",\"urlTemplate\":\"https:\/\/product-guide.org\/?s={search_term_string}\"},\"query-input\":{\"@type\":\"PropertyValueSpecification\",\"valueRequired\":true,\"valueName\":\"search_term_string\"}}],\"inLanguage\":\"en-GB\"},{\"@type\":\"Organization\",\"@id\":\"https:\/\/product-guide.org\/#organization\",\"name\":\"Product-Guide.org\",\"url\":\"https:\/\/product-guide.org\/\",\"logo\":{\"@type\":\"ImageObject\",\"inLanguage\":\"en-GB\",\"@id\":\"https:\/\/product-guide.org\/#\/schema\/logo\/image\/\",\"url\":\"https:\/\/product-guide.org\/wp-content\/uploads\/2022\/07\/logo_transparent_background.png\",\"contentUrl\":\"https:\/\/product-guide.org\/wp-content\/uploads\/2022\/07\/logo_transparent_background.png\",\"width\":3400,\"height\":1132,\"caption\":\"Product-Guide.org\"},\"image\":{\"@id\":\"https:\/\/product-guide.org\/#\/schema\/logo\/image\/\"}}]}<\/script>\n<!-- \/ Yoast SEO plugin. -->","yoast_head_json":{"title":"N\u00c9ROLI SENSUEL - 8ml abonnement | PAFORY | Product-Guide.org","description":"N\u00c9ROLI SENSUEL - 8ml abonnement | PAFORY gefunden von Product-Guide.org","robots":{"index":"index","follow":"follow","max-snippet":"max-snippet:-1","max-image-preview":"max-image-preview:large","max-video-preview":"max-video-preview:-1"},"canonical":"https:\/\/product-guide.org\/en\/produkt\/neroli-sensuel-8ml-abonnement-pafory\/","og_locale":"en_GB","og_type":"article","og_title":"N\u00c9ROLI SENSUEL - 8ml abonnement | PAFORY | Product-Guide.org","og_description":"N\u00c9ROLI SENSUEL - 8ml abonnement | PAFORY gefunden von Product-Guide.org","og_url":"https:\/\/product-guide.org\/en\/produkt\/neroli-sensuel-8ml-abonnement-pafory\/","og_site_name":"Product-Guide.org","twitter_card":"summary_large_image","schema":{"@context":"https:\/\/schema.org","@graph":[{"@type":"WebPage","@id":"https:\/\/product-guide.org\/produkt\/neroli-sensuel-8ml-abonnement-pafory\/","url":"https:\/\/product-guide.org\/produkt\/neroli-sensuel-8ml-abonnement-pafory\/","name":"N\u00c9ROLI SENSUEL - 8ml abonnement | PAFORY | Product-Guide.org","isPartOf":{"@id":"https:\/\/product-guide.org\/#website"},"primaryImageOfPage":{"@id":"https:\/\/product-guide.org\/produkt\/neroli-sensuel-8ml-abonnement-pafory\/#primaryimage"},"image":{"@id":"https:\/\/product-guide.org\/produkt\/neroli-sensuel-8ml-abonnement-pafory\/#primaryimage"},"thumbnailUrl":"https:\/\/product-guide.org\/wp-content\/uploads\/2025\/03\/edeniste-neroli-sensuel-overlayed.webp","datePublished":"2025-03-17T10:29:50+00:00","description":"N\u00c9ROLI SENSUEL - 8ml abonnement | PAFORY gefunden von Product-Guide.org","breadcrumb":{"@id":"https:\/\/product-guide.org\/produkt\/neroli-sensuel-8ml-abonnement-pafory\/#breadcrumb"},"inLanguage":"en-GB","potentialAction":[{"@type":"ReadAction","target":["https:\/\/product-guide.org\/produkt\/neroli-sensuel-8ml-abonnement-pafory\/"]}]},{"@type":"ImageObject","inLanguage":"en-GB","@id":"https:\/\/product-guide.org\/produkt\/neroli-sensuel-8ml-abonnement-pafory\/#primaryimage","url":"https:\/\/product-guide.org\/wp-content\/uploads\/2025\/03\/edeniste-neroli-sensuel-overlayed.webp","contentUrl":"https:\/\/product-guide.org\/wp-content\/uploads\/2025\/03\/edeniste-neroli-sensuel-overlayed.webp","width":1000,"height":1000},{"@type":"BreadcrumbList","@id":"https:\/\/product-guide.org\/produkt\/neroli-sensuel-8ml-abonnement-pafory\/#breadcrumb","itemListElement":[{"@type":"ListItem","position":1,"name":"Home","item":"https:\/\/product-guide.org\/"},{"@type":"ListItem","position":2,"name":"Ergebnisse","item":"https:\/\/product-guide.org\/de\/ergebnisse\/"},{"@type":"ListItem","position":3,"name":"N\u00c9ROLI SENSUEL &#8211; 8ml abonnement | PAFORY"}]},{"@type":"WebSite","@id":"https:\/\/product-guide.org\/#website","url":"https:\/\/product-guide.org\/","name":"Product-Guide.org","description":"What Product are you looking for?","publisher":{"@id":"https:\/\/product-guide.org\/#organization"},"potentialAction":[{"@type":"SearchAction","target":{"@type":"EntryPoint","urlTemplate":"https:\/\/product-guide.org\/?s={search_term_string}"},"query-input":{"@type":"PropertyValueSpecification","valueRequired":true,"valueName":"search_term_string"}}],"inLanguage":"en-GB"},{"@type":"Organization","@id":"https:\/\/product-guide.org\/#organization","name":"Product-Guide.org","url":"https:\/\/product-guide.org\/","logo":{"@type":"ImageObject","inLanguage":"en-GB","@id":"https:\/\/product-guide.org\/#\/schema\/logo\/image\/","url":"https:\/\/product-guide.org\/wp-content\/uploads\/2022\/07\/logo_transparent_background.png","contentUrl":"https:\/\/product-guide.org\/wp-content\/uploads\/2022\/07\/logo_transparent_background.png","width":3400,"height":1132,"caption":"Product-Guide.org"},"image":{"@id":"https:\/\/product-guide.org\/#\/schema\/logo\/image\/"}}]}},"_links":{"self":[{"href":"https:\/\/product-guide.org\/en\/wp-json\/wp\/v2\/product\/52082","targetHints":{"allow":["GET"]}}],"collection":[{"href":"https:\/\/product-guide.org\/en\/wp-json\/wp\/v2\/product"}],"about":[{"href":"https:\/\/product-guide.org\/en\/wp-json\/wp\/v2\/types\/product"}],"wp:featuredmedia":[{"embeddable":true,"href":"https:\/\/product-guide.org\/en\/wp-json\/wp\/v2\/media\/52078"}],"wp:attachment":[{"href":"https:\/\/product-guide.org\/en\/wp-json\/wp\/v2\/media?parent=52082"}],"wp:term":[{"taxonomy":"store","embeddable":true,"href":"https:\/\/product-guide.org\/en\/wp-json\/wp\/v2\/store?post=52082"},{"taxonomy":"product_brand","embeddable":true,"href":"https:\/\/product-guide.org\/en\/wp-json\/wp\/v2\/product_brand?post=52082"},{"taxonomy":"product_cat","embeddable":true,"href":"https:\/\/product-guide.org\/en\/wp-json\/wp\/v2\/product_cat?post=52082"},{"taxonomy":"product_tag","embeddable":true,"href":"https:\/\/product-guide.org\/en\/wp-json\/wp\/v2\/product_tag?post=52082"}],"curies":[{"name":"wp","href":"https:\/\/api.w.org\/{rel}","templated":true}]}}