{"id":52101,"date":"2025-03-17T11:30:25","date_gmt":"2025-03-17T10:30:25","guid":{"rendered":"https:\/\/product-guide.org\/produkt\/erose-8ml-einzelkauf-pafory\/"},"modified":"2025-03-17T11:30:25","modified_gmt":"2025-03-17T10:30:25","slug":"erose-8ml-einzelkauf-pafory","status":"publish","type":"product","link":"https:\/\/product-guide.org\/en\/produkt\/erose-8ml-einzelkauf-pafory\/","title":{"rendered":"\u00c9rose &#8211; 8ml einzelkauf | PAFORY"},"content":{"rendered":"<p>Traumhaft, Sinnlich, Absolut Unwiderstehlich \u00c9rose von \u00c9lisire ist wie ein Liebe-auf-den-ersten-Spr\u00fchsto\u00df-Duft. Er beginnt mit einer leuchtenden Mischung aus Bergamotte, Orangenbl\u00fcte und Eukalyptus, die sofort Ihre Aufmerksamkeit erregt. Das Herz dreht sich ganz um \u00fcppige Blumen, wobei Tuberose, Jasmin und Ylang-Ylang samtige, frische Vibes verstr\u00f6men. Wenn es sich absetzt, verschmelzen die W\u00e4rme des Balsams und weicher Moschus mit Ihrer Haut, sodass es sich wie ein Zweithaut-Duft anf\u00fchlt. Von Philippine Courti\u00e8re kreiert, ist \u00c9rose m\u00fchelos sexy und modern, f\u00fcr jeden, der sich unvergesslich f\u00fchlen m\u00f6chte.<\/p>\n","protected":false},"excerpt":{"rendered":"<p>Traumhaft, Sinnlich, Absolut Unwiderstehlich \u00c9rose von \u00c9lisire ist wie ein Liebe-auf-den-ersten-Spr\u00fchsto\u00df-Duft. Er beginnt mit einer leuchtenden Mischung aus Bergamotte, Orangenbl\u00fcte und Eukalyptus, die sofort Ihre Aufmerksamkeit erregt. Das Herz dreht sich ganz um \u00fcppige Blumen, wobei Tuberose, Jasmin und Ylang-Ylang samtige, frische Vibes verstr\u00f6men. Wenn es sich absetzt, verschmelzen die W\u00e4rme des Balsams und weicher [&hellip;]<\/p>\n","protected":false},"featured_media":52100,"template":"","meta":{"_gspb_post_css":""},"store":[],"product_brand":[1395],"product_cat":[1290],"product_tag":[],"class_list":{"0":"post-52101","1":"product","2":"type-product","3":"status-publish","4":"has-post-thumbnail","6":"product_brand-pafory-de","7":"product_cat-uncategorized","9":"first","10":"instock","11":"shipping-taxable","12":"purchasable","13":"product-type-simple"},"yoast_head":"<!-- This site is optimized with the Yoast SEO plugin v24.6 - https:\/\/yoast.com\/wordpress\/plugins\/seo\/ -->\n<title>\u00c9rose - 8ml einzelkauf | PAFORY | Product-Guide.org<\/title>\n<meta name=\"description\" content=\"\u00c9rose - 8ml einzelkauf | PAFORY gefunden von Product-Guide.org\" \/>\n<meta name=\"robots\" content=\"index, follow, max-snippet:-1, max-image-preview:large, max-video-preview:-1\" \/>\n<link rel=\"canonical\" href=\"https:\/\/product-guide.org\/en\/produkt\/erose-8ml-einzelkauf-pafory\/\" \/>\n<meta property=\"og:locale\" content=\"en_GB\" \/>\n<meta property=\"og:type\" content=\"article\" \/>\n<meta property=\"og:title\" content=\"\u00c9rose - 8ml einzelkauf | PAFORY | Product-Guide.org\" \/>\n<meta property=\"og:description\" content=\"\u00c9rose - 8ml einzelkauf | PAFORY gefunden von Product-Guide.org\" \/>\n<meta property=\"og:url\" content=\"https:\/\/product-guide.org\/en\/produkt\/erose-8ml-einzelkauf-pafory\/\" \/>\n<meta property=\"og:site_name\" content=\"Product-Guide.org\" \/>\n<meta name=\"twitter:card\" content=\"summary_large_image\" \/>\n<script type=\"application\/ld+json\" class=\"yoast-schema-graph\">{\"@context\":\"https:\/\/schema.org\",\"@graph\":[{\"@type\":\"WebPage\",\"@id\":\"https:\/\/product-guide.org\/produkt\/erose-8ml-einzelkauf-pafory\/\",\"url\":\"https:\/\/product-guide.org\/produkt\/erose-8ml-einzelkauf-pafory\/\",\"name\":\"\u00c9rose - 8ml einzelkauf | PAFORY | Product-Guide.org\",\"isPartOf\":{\"@id\":\"https:\/\/product-guide.org\/#website\"},\"primaryImageOfPage\":{\"@id\":\"https:\/\/product-guide.org\/produkt\/erose-8ml-einzelkauf-pafory\/#primaryimage\"},\"image\":{\"@id\":\"https:\/\/product-guide.org\/produkt\/erose-8ml-einzelkauf-pafory\/#primaryimage\"},\"thumbnailUrl\":\"https:\/\/product-guide.org\/wp-content\/uploads\/2025\/03\/Elisire-Erose-Cutout-overlayed.webp\",\"datePublished\":\"2025-03-17T10:30:25+00:00\",\"description\":\"\u00c9rose - 8ml einzelkauf | PAFORY gefunden von Product-Guide.org\",\"breadcrumb\":{\"@id\":\"https:\/\/product-guide.org\/produkt\/erose-8ml-einzelkauf-pafory\/#breadcrumb\"},\"inLanguage\":\"en-GB\",\"potentialAction\":[{\"@type\":\"ReadAction\",\"target\":[\"https:\/\/product-guide.org\/produkt\/erose-8ml-einzelkauf-pafory\/\"]}]},{\"@type\":\"ImageObject\",\"inLanguage\":\"en-GB\",\"@id\":\"https:\/\/product-guide.org\/produkt\/erose-8ml-einzelkauf-pafory\/#primaryimage\",\"url\":\"https:\/\/product-guide.org\/wp-content\/uploads\/2025\/03\/Elisire-Erose-Cutout-overlayed.webp\",\"contentUrl\":\"https:\/\/product-guide.org\/wp-content\/uploads\/2025\/03\/Elisire-Erose-Cutout-overlayed.webp\",\"width\":1000,\"height\":1000},{\"@type\":\"BreadcrumbList\",\"@id\":\"https:\/\/product-guide.org\/produkt\/erose-8ml-einzelkauf-pafory\/#breadcrumb\",\"itemListElement\":[{\"@type\":\"ListItem\",\"position\":1,\"name\":\"Home\",\"item\":\"https:\/\/product-guide.org\/\"},{\"@type\":\"ListItem\",\"position\":2,\"name\":\"Ergebnisse\",\"item\":\"https:\/\/product-guide.org\/de\/ergebnisse\/\"},{\"@type\":\"ListItem\",\"position\":3,\"name\":\"\u00c9rose &#8211; 8ml einzelkauf | PAFORY\"}]},{\"@type\":\"WebSite\",\"@id\":\"https:\/\/product-guide.org\/#website\",\"url\":\"https:\/\/product-guide.org\/\",\"name\":\"Product-Guide.org\",\"description\":\"What Product are you looking for?\",\"publisher\":{\"@id\":\"https:\/\/product-guide.org\/#organization\"},\"potentialAction\":[{\"@type\":\"SearchAction\",\"target\":{\"@type\":\"EntryPoint\",\"urlTemplate\":\"https:\/\/product-guide.org\/?s={search_term_string}\"},\"query-input\":{\"@type\":\"PropertyValueSpecification\",\"valueRequired\":true,\"valueName\":\"search_term_string\"}}],\"inLanguage\":\"en-GB\"},{\"@type\":\"Organization\",\"@id\":\"https:\/\/product-guide.org\/#organization\",\"name\":\"Product-Guide.org\",\"url\":\"https:\/\/product-guide.org\/\",\"logo\":{\"@type\":\"ImageObject\",\"inLanguage\":\"en-GB\",\"@id\":\"https:\/\/product-guide.org\/#\/schema\/logo\/image\/\",\"url\":\"https:\/\/product-guide.org\/wp-content\/uploads\/2022\/07\/logo_transparent_background.png\",\"contentUrl\":\"https:\/\/product-guide.org\/wp-content\/uploads\/2022\/07\/logo_transparent_background.png\",\"width\":3400,\"height\":1132,\"caption\":\"Product-Guide.org\"},\"image\":{\"@id\":\"https:\/\/product-guide.org\/#\/schema\/logo\/image\/\"}}]}<\/script>\n<!-- \/ Yoast SEO plugin. -->","yoast_head_json":{"title":"\u00c9rose - 8ml einzelkauf | PAFORY | Product-Guide.org","description":"\u00c9rose - 8ml einzelkauf | PAFORY gefunden von Product-Guide.org","robots":{"index":"index","follow":"follow","max-snippet":"max-snippet:-1","max-image-preview":"max-image-preview:large","max-video-preview":"max-video-preview:-1"},"canonical":"https:\/\/product-guide.org\/en\/produkt\/erose-8ml-einzelkauf-pafory\/","og_locale":"en_GB","og_type":"article","og_title":"\u00c9rose - 8ml einzelkauf | PAFORY | Product-Guide.org","og_description":"\u00c9rose - 8ml einzelkauf | PAFORY gefunden von Product-Guide.org","og_url":"https:\/\/product-guide.org\/en\/produkt\/erose-8ml-einzelkauf-pafory\/","og_site_name":"Product-Guide.org","twitter_card":"summary_large_image","schema":{"@context":"https:\/\/schema.org","@graph":[{"@type":"WebPage","@id":"https:\/\/product-guide.org\/produkt\/erose-8ml-einzelkauf-pafory\/","url":"https:\/\/product-guide.org\/produkt\/erose-8ml-einzelkauf-pafory\/","name":"\u00c9rose - 8ml einzelkauf | PAFORY | Product-Guide.org","isPartOf":{"@id":"https:\/\/product-guide.org\/#website"},"primaryImageOfPage":{"@id":"https:\/\/product-guide.org\/produkt\/erose-8ml-einzelkauf-pafory\/#primaryimage"},"image":{"@id":"https:\/\/product-guide.org\/produkt\/erose-8ml-einzelkauf-pafory\/#primaryimage"},"thumbnailUrl":"https:\/\/product-guide.org\/wp-content\/uploads\/2025\/03\/Elisire-Erose-Cutout-overlayed.webp","datePublished":"2025-03-17T10:30:25+00:00","description":"\u00c9rose - 8ml einzelkauf | PAFORY gefunden von Product-Guide.org","breadcrumb":{"@id":"https:\/\/product-guide.org\/produkt\/erose-8ml-einzelkauf-pafory\/#breadcrumb"},"inLanguage":"en-GB","potentialAction":[{"@type":"ReadAction","target":["https:\/\/product-guide.org\/produkt\/erose-8ml-einzelkauf-pafory\/"]}]},{"@type":"ImageObject","inLanguage":"en-GB","@id":"https:\/\/product-guide.org\/produkt\/erose-8ml-einzelkauf-pafory\/#primaryimage","url":"https:\/\/product-guide.org\/wp-content\/uploads\/2025\/03\/Elisire-Erose-Cutout-overlayed.webp","contentUrl":"https:\/\/product-guide.org\/wp-content\/uploads\/2025\/03\/Elisire-Erose-Cutout-overlayed.webp","width":1000,"height":1000},{"@type":"BreadcrumbList","@id":"https:\/\/product-guide.org\/produkt\/erose-8ml-einzelkauf-pafory\/#breadcrumb","itemListElement":[{"@type":"ListItem","position":1,"name":"Home","item":"https:\/\/product-guide.org\/"},{"@type":"ListItem","position":2,"name":"Ergebnisse","item":"https:\/\/product-guide.org\/de\/ergebnisse\/"},{"@type":"ListItem","position":3,"name":"\u00c9rose &#8211; 8ml einzelkauf | PAFORY"}]},{"@type":"WebSite","@id":"https:\/\/product-guide.org\/#website","url":"https:\/\/product-guide.org\/","name":"Product-Guide.org","description":"What Product are you looking for?","publisher":{"@id":"https:\/\/product-guide.org\/#organization"},"potentialAction":[{"@type":"SearchAction","target":{"@type":"EntryPoint","urlTemplate":"https:\/\/product-guide.org\/?s={search_term_string}"},"query-input":{"@type":"PropertyValueSpecification","valueRequired":true,"valueName":"search_term_string"}}],"inLanguage":"en-GB"},{"@type":"Organization","@id":"https:\/\/product-guide.org\/#organization","name":"Product-Guide.org","url":"https:\/\/product-guide.org\/","logo":{"@type":"ImageObject","inLanguage":"en-GB","@id":"https:\/\/product-guide.org\/#\/schema\/logo\/image\/","url":"https:\/\/product-guide.org\/wp-content\/uploads\/2022\/07\/logo_transparent_background.png","contentUrl":"https:\/\/product-guide.org\/wp-content\/uploads\/2022\/07\/logo_transparent_background.png","width":3400,"height":1132,"caption":"Product-Guide.org"},"image":{"@id":"https:\/\/product-guide.org\/#\/schema\/logo\/image\/"}}]}},"_links":{"self":[{"href":"https:\/\/product-guide.org\/en\/wp-json\/wp\/v2\/product\/52101","targetHints":{"allow":["GET"]}}],"collection":[{"href":"https:\/\/product-guide.org\/en\/wp-json\/wp\/v2\/product"}],"about":[{"href":"https:\/\/product-guide.org\/en\/wp-json\/wp\/v2\/types\/product"}],"wp:featuredmedia":[{"embeddable":true,"href":"https:\/\/product-guide.org\/en\/wp-json\/wp\/v2\/media\/52100"}],"wp:attachment":[{"href":"https:\/\/product-guide.org\/en\/wp-json\/wp\/v2\/media?parent=52101"}],"wp:term":[{"taxonomy":"store","embeddable":true,"href":"https:\/\/product-guide.org\/en\/wp-json\/wp\/v2\/store?post=52101"},{"taxonomy":"product_brand","embeddable":true,"href":"https:\/\/product-guide.org\/en\/wp-json\/wp\/v2\/product_brand?post=52101"},{"taxonomy":"product_cat","embeddable":true,"href":"https:\/\/product-guide.org\/en\/wp-json\/wp\/v2\/product_cat?post=52101"},{"taxonomy":"product_tag","embeddable":true,"href":"https:\/\/product-guide.org\/en\/wp-json\/wp\/v2\/product_tag?post=52101"}],"curies":[{"name":"wp","href":"https:\/\/api.w.org\/{rel}","templated":true}]}}