{"id":52106,"date":"2025-03-17T11:30:32","date_gmt":"2025-03-17T10:30:32","guid":{"rendered":"https:\/\/product-guide.org\/produkt\/extrait-noir-8ml-abonnement-pafory\/"},"modified":"2025-03-17T11:30:32","modified_gmt":"2025-03-17T10:30:32","slug":"extrait-noir-8ml-abonnement-pafory","status":"publish","type":"product","link":"https:\/\/product-guide.org\/en\/produkt\/extrait-noir-8ml-abonnement-pafory\/","title":{"rendered":"Extrait Noir &#8211; 8ml abonnement | PAFORY"},"content":{"rendered":"<p>Dunkel, Magnetisch, Radikal Extrait Noir von \u00c9lisire ist ein magnetisches und geheimnisvolles Parfum, das rebellische Eleganz verk\u00f6rpert. Mit frischem Thymian, Ingwer, Eukalyptus und Kampfer in der Kopfnote zieht es Sie sofort in seine k\u00fchne Welt. Das Herz entz\u00fcndet sich mit Zimt, Safran und Patchouli, was W\u00e4rme und Intrigen hinzuf\u00fcgt. Wenn es sich absetzt, mischen sich reiches Holzleder, Benzoe und \u00fcppige Vanille mit Castoreum und Cistus, was eine tief animalische Anziehungskraft schafft. Eingefasst in eine auff\u00e4llige schwarze Spiegelflasche, ist Extrait Noir ein Elixier der puren Schw\u00e4rze, fesselnd und grandios, gemacht f\u00fcr diejenigen, die es wagen, die Dunkelheit zu umarmen.<\/p>\n","protected":false},"excerpt":{"rendered":"<p>Dunkel, Magnetisch, Radikal Extrait Noir von \u00c9lisire ist ein magnetisches und geheimnisvolles Parfum, das rebellische Eleganz verk\u00f6rpert. Mit frischem Thymian, Ingwer, Eukalyptus und Kampfer in der Kopfnote zieht es Sie sofort in seine k\u00fchne Welt. Das Herz entz\u00fcndet sich mit Zimt, Safran und Patchouli, was W\u00e4rme und Intrigen hinzuf\u00fcgt. Wenn es sich absetzt, mischen sich [&hellip;]<\/p>\n","protected":false},"featured_media":52102,"template":"","meta":{"_gspb_post_css":""},"store":[],"product_brand":[1395],"product_cat":[1290],"product_tag":[],"class_list":{"0":"post-52106","1":"product","2":"type-product","3":"status-publish","4":"has-post-thumbnail","6":"product_brand-pafory-de","7":"product_cat-uncategorized","9":"first","10":"instock","11":"shipping-taxable","12":"purchasable","13":"product-type-simple"},"yoast_head":"<!-- This site is optimized with the Yoast SEO plugin v24.6 - https:\/\/yoast.com\/wordpress\/plugins\/seo\/ -->\n<title>Extrait Noir - 8ml abonnement | PAFORY | Product-Guide.org<\/title>\n<meta name=\"description\" content=\"Extrait Noir - 8ml abonnement | PAFORY gefunden von Product-Guide.org\" \/>\n<meta name=\"robots\" content=\"index, follow, max-snippet:-1, max-image-preview:large, max-video-preview:-1\" \/>\n<link rel=\"canonical\" href=\"https:\/\/product-guide.org\/en\/produkt\/extrait-noir-8ml-abonnement-pafory\/\" \/>\n<meta property=\"og:locale\" content=\"en_GB\" \/>\n<meta property=\"og:type\" content=\"article\" \/>\n<meta property=\"og:title\" content=\"Extrait Noir - 8ml abonnement | PAFORY | Product-Guide.org\" \/>\n<meta property=\"og:description\" content=\"Extrait Noir - 8ml abonnement | PAFORY gefunden von Product-Guide.org\" \/>\n<meta property=\"og:url\" content=\"https:\/\/product-guide.org\/en\/produkt\/extrait-noir-8ml-abonnement-pafory\/\" \/>\n<meta property=\"og:site_name\" content=\"Product-Guide.org\" \/>\n<meta name=\"twitter:card\" content=\"summary_large_image\" \/>\n<script type=\"application\/ld+json\" class=\"yoast-schema-graph\">{\"@context\":\"https:\/\/schema.org\",\"@graph\":[{\"@type\":\"WebPage\",\"@id\":\"https:\/\/product-guide.org\/produkt\/extrait-noir-8ml-abonnement-pafory\/\",\"url\":\"https:\/\/product-guide.org\/produkt\/extrait-noir-8ml-abonnement-pafory\/\",\"name\":\"Extrait Noir - 8ml abonnement | PAFORY | Product-Guide.org\",\"isPartOf\":{\"@id\":\"https:\/\/product-guide.org\/#website\"},\"primaryImageOfPage\":{\"@id\":\"https:\/\/product-guide.org\/produkt\/extrait-noir-8ml-abonnement-pafory\/#primaryimage\"},\"image\":{\"@id\":\"https:\/\/product-guide.org\/produkt\/extrait-noir-8ml-abonnement-pafory\/#primaryimage\"},\"thumbnailUrl\":\"https:\/\/product-guide.org\/wp-content\/uploads\/2025\/03\/Elisire-Extrait-Noire-Cutout-overlayed.webp\",\"datePublished\":\"2025-03-17T10:30:32+00:00\",\"description\":\"Extrait Noir - 8ml abonnement | PAFORY gefunden von Product-Guide.org\",\"breadcrumb\":{\"@id\":\"https:\/\/product-guide.org\/produkt\/extrait-noir-8ml-abonnement-pafory\/#breadcrumb\"},\"inLanguage\":\"en-GB\",\"potentialAction\":[{\"@type\":\"ReadAction\",\"target\":[\"https:\/\/product-guide.org\/produkt\/extrait-noir-8ml-abonnement-pafory\/\"]}]},{\"@type\":\"ImageObject\",\"inLanguage\":\"en-GB\",\"@id\":\"https:\/\/product-guide.org\/produkt\/extrait-noir-8ml-abonnement-pafory\/#primaryimage\",\"url\":\"https:\/\/product-guide.org\/wp-content\/uploads\/2025\/03\/Elisire-Extrait-Noire-Cutout-overlayed.webp\",\"contentUrl\":\"https:\/\/product-guide.org\/wp-content\/uploads\/2025\/03\/Elisire-Extrait-Noire-Cutout-overlayed.webp\",\"width\":1000,\"height\":1000},{\"@type\":\"BreadcrumbList\",\"@id\":\"https:\/\/product-guide.org\/produkt\/extrait-noir-8ml-abonnement-pafory\/#breadcrumb\",\"itemListElement\":[{\"@type\":\"ListItem\",\"position\":1,\"name\":\"Home\",\"item\":\"https:\/\/product-guide.org\/\"},{\"@type\":\"ListItem\",\"position\":2,\"name\":\"Ergebnisse\",\"item\":\"https:\/\/product-guide.org\/de\/ergebnisse\/\"},{\"@type\":\"ListItem\",\"position\":3,\"name\":\"Extrait Noir &#8211; 8ml abonnement | PAFORY\"}]},{\"@type\":\"WebSite\",\"@id\":\"https:\/\/product-guide.org\/#website\",\"url\":\"https:\/\/product-guide.org\/\",\"name\":\"Product-Guide.org\",\"description\":\"What Product are you looking for?\",\"publisher\":{\"@id\":\"https:\/\/product-guide.org\/#organization\"},\"potentialAction\":[{\"@type\":\"SearchAction\",\"target\":{\"@type\":\"EntryPoint\",\"urlTemplate\":\"https:\/\/product-guide.org\/?s={search_term_string}\"},\"query-input\":{\"@type\":\"PropertyValueSpecification\",\"valueRequired\":true,\"valueName\":\"search_term_string\"}}],\"inLanguage\":\"en-GB\"},{\"@type\":\"Organization\",\"@id\":\"https:\/\/product-guide.org\/#organization\",\"name\":\"Product-Guide.org\",\"url\":\"https:\/\/product-guide.org\/\",\"logo\":{\"@type\":\"ImageObject\",\"inLanguage\":\"en-GB\",\"@id\":\"https:\/\/product-guide.org\/#\/schema\/logo\/image\/\",\"url\":\"https:\/\/product-guide.org\/wp-content\/uploads\/2022\/07\/logo_transparent_background.png\",\"contentUrl\":\"https:\/\/product-guide.org\/wp-content\/uploads\/2022\/07\/logo_transparent_background.png\",\"width\":3400,\"height\":1132,\"caption\":\"Product-Guide.org\"},\"image\":{\"@id\":\"https:\/\/product-guide.org\/#\/schema\/logo\/image\/\"}}]}<\/script>\n<!-- \/ Yoast SEO plugin. -->","yoast_head_json":{"title":"Extrait Noir - 8ml abonnement | PAFORY | Product-Guide.org","description":"Extrait Noir - 8ml abonnement | PAFORY gefunden von Product-Guide.org","robots":{"index":"index","follow":"follow","max-snippet":"max-snippet:-1","max-image-preview":"max-image-preview:large","max-video-preview":"max-video-preview:-1"},"canonical":"https:\/\/product-guide.org\/en\/produkt\/extrait-noir-8ml-abonnement-pafory\/","og_locale":"en_GB","og_type":"article","og_title":"Extrait Noir - 8ml abonnement | PAFORY | Product-Guide.org","og_description":"Extrait Noir - 8ml abonnement | PAFORY gefunden von Product-Guide.org","og_url":"https:\/\/product-guide.org\/en\/produkt\/extrait-noir-8ml-abonnement-pafory\/","og_site_name":"Product-Guide.org","twitter_card":"summary_large_image","schema":{"@context":"https:\/\/schema.org","@graph":[{"@type":"WebPage","@id":"https:\/\/product-guide.org\/produkt\/extrait-noir-8ml-abonnement-pafory\/","url":"https:\/\/product-guide.org\/produkt\/extrait-noir-8ml-abonnement-pafory\/","name":"Extrait Noir - 8ml abonnement | PAFORY | Product-Guide.org","isPartOf":{"@id":"https:\/\/product-guide.org\/#website"},"primaryImageOfPage":{"@id":"https:\/\/product-guide.org\/produkt\/extrait-noir-8ml-abonnement-pafory\/#primaryimage"},"image":{"@id":"https:\/\/product-guide.org\/produkt\/extrait-noir-8ml-abonnement-pafory\/#primaryimage"},"thumbnailUrl":"https:\/\/product-guide.org\/wp-content\/uploads\/2025\/03\/Elisire-Extrait-Noire-Cutout-overlayed.webp","datePublished":"2025-03-17T10:30:32+00:00","description":"Extrait Noir - 8ml abonnement | PAFORY gefunden von Product-Guide.org","breadcrumb":{"@id":"https:\/\/product-guide.org\/produkt\/extrait-noir-8ml-abonnement-pafory\/#breadcrumb"},"inLanguage":"en-GB","potentialAction":[{"@type":"ReadAction","target":["https:\/\/product-guide.org\/produkt\/extrait-noir-8ml-abonnement-pafory\/"]}]},{"@type":"ImageObject","inLanguage":"en-GB","@id":"https:\/\/product-guide.org\/produkt\/extrait-noir-8ml-abonnement-pafory\/#primaryimage","url":"https:\/\/product-guide.org\/wp-content\/uploads\/2025\/03\/Elisire-Extrait-Noire-Cutout-overlayed.webp","contentUrl":"https:\/\/product-guide.org\/wp-content\/uploads\/2025\/03\/Elisire-Extrait-Noire-Cutout-overlayed.webp","width":1000,"height":1000},{"@type":"BreadcrumbList","@id":"https:\/\/product-guide.org\/produkt\/extrait-noir-8ml-abonnement-pafory\/#breadcrumb","itemListElement":[{"@type":"ListItem","position":1,"name":"Home","item":"https:\/\/product-guide.org\/"},{"@type":"ListItem","position":2,"name":"Ergebnisse","item":"https:\/\/product-guide.org\/de\/ergebnisse\/"},{"@type":"ListItem","position":3,"name":"Extrait Noir &#8211; 8ml abonnement | PAFORY"}]},{"@type":"WebSite","@id":"https:\/\/product-guide.org\/#website","url":"https:\/\/product-guide.org\/","name":"Product-Guide.org","description":"What Product are you looking for?","publisher":{"@id":"https:\/\/product-guide.org\/#organization"},"potentialAction":[{"@type":"SearchAction","target":{"@type":"EntryPoint","urlTemplate":"https:\/\/product-guide.org\/?s={search_term_string}"},"query-input":{"@type":"PropertyValueSpecification","valueRequired":true,"valueName":"search_term_string"}}],"inLanguage":"en-GB"},{"@type":"Organization","@id":"https:\/\/product-guide.org\/#organization","name":"Product-Guide.org","url":"https:\/\/product-guide.org\/","logo":{"@type":"ImageObject","inLanguage":"en-GB","@id":"https:\/\/product-guide.org\/#\/schema\/logo\/image\/","url":"https:\/\/product-guide.org\/wp-content\/uploads\/2022\/07\/logo_transparent_background.png","contentUrl":"https:\/\/product-guide.org\/wp-content\/uploads\/2022\/07\/logo_transparent_background.png","width":3400,"height":1132,"caption":"Product-Guide.org"},"image":{"@id":"https:\/\/product-guide.org\/#\/schema\/logo\/image\/"}}]}},"_links":{"self":[{"href":"https:\/\/product-guide.org\/en\/wp-json\/wp\/v2\/product\/52106","targetHints":{"allow":["GET"]}}],"collection":[{"href":"https:\/\/product-guide.org\/en\/wp-json\/wp\/v2\/product"}],"about":[{"href":"https:\/\/product-guide.org\/en\/wp-json\/wp\/v2\/types\/product"}],"wp:featuredmedia":[{"embeddable":true,"href":"https:\/\/product-guide.org\/en\/wp-json\/wp\/v2\/media\/52102"}],"wp:attachment":[{"href":"https:\/\/product-guide.org\/en\/wp-json\/wp\/v2\/media?parent=52106"}],"wp:term":[{"taxonomy":"store","embeddable":true,"href":"https:\/\/product-guide.org\/en\/wp-json\/wp\/v2\/store?post=52106"},{"taxonomy":"product_brand","embeddable":true,"href":"https:\/\/product-guide.org\/en\/wp-json\/wp\/v2\/product_brand?post=52106"},{"taxonomy":"product_cat","embeddable":true,"href":"https:\/\/product-guide.org\/en\/wp-json\/wp\/v2\/product_cat?post=52106"},{"taxonomy":"product_tag","embeddable":true,"href":"https:\/\/product-guide.org\/en\/wp-json\/wp\/v2\/product_tag?post=52106"}],"curies":[{"name":"wp","href":"https:\/\/api.w.org\/{rel}","templated":true}]}}