{"id":52111,"date":"2025-03-17T11:30:40","date_gmt":"2025-03-17T10:30:40","guid":{"rendered":"https:\/\/product-guide.org\/produkt\/jasmin-paradis-50ml-pafory\/"},"modified":"2025-03-17T11:30:40","modified_gmt":"2025-03-17T10:30:40","slug":"jasmin-paradis-50ml-pafory","status":"publish","type":"product","link":"https:\/\/product-guide.org\/en\/produkt\/jasmin-paradis-50ml-pafory\/","title":{"rendered":"Jasmin Paradis &#8211; 50ml | PAFORY"},"content":{"rendered":"<p>Hell, Frisch, M\u00fchelos Schick Jasmin Paradis von \u00c9lisire f\u00fchlt sich an wie ein Spaziergang durch einen mediterranen Garten an einem perfekten sonnigen Tag. Mit zitrusartigen Vibes von Neroli, Bergamotte und rosa Grapefruit ist es ein sofortiger Stimmungsaufheller. Das Herz bringt die zarte S\u00fc\u00dfe von Sambac-Jasmin, kombiniert mit der knackigen Frische von Mate, was es nat\u00fcrlich und geerdet h\u00e4lt. Wenn es sich setzt, umh\u00fcllen weiche Moschusarten und Weihrauch Sie in einer warmen, sinnlichen Umarmung. Kreiert von der Legende Alberto Morillas, ist dieser Duft frisch, strahlend und total erhebend, wie Sonnenschein in der Flasche.<\/p>\n","protected":false},"excerpt":{"rendered":"<p>Hell, Frisch, M\u00fchelos Schick Jasmin Paradis von \u00c9lisire f\u00fchlt sich an wie ein Spaziergang durch einen mediterranen Garten an einem perfekten sonnigen Tag. Mit zitrusartigen Vibes von Neroli, Bergamotte und rosa Grapefruit ist es ein sofortiger Stimmungsaufheller. Das Herz bringt die zarte S\u00fc\u00dfe von Sambac-Jasmin, kombiniert mit der knackigen Frische von Mate, was es nat\u00fcrlich [&hellip;]<\/p>\n","protected":false},"featured_media":52110,"template":"","meta":{"_gspb_post_css":""},"store":[],"product_brand":[1395],"product_cat":[1290],"product_tag":[],"class_list":{"0":"post-52111","1":"product","2":"type-product","3":"status-publish","4":"has-post-thumbnail","6":"product_brand-pafory-de","7":"product_cat-uncategorized","9":"first","10":"instock","11":"shipping-taxable","12":"purchasable","13":"product-type-simple"},"yoast_head":"<!-- This site is optimized with the Yoast SEO plugin v24.6 - https:\/\/yoast.com\/wordpress\/plugins\/seo\/ -->\n<title>Jasmin Paradis - 50ml | PAFORY | Product-Guide.org<\/title>\n<meta name=\"description\" content=\"Jasmin Paradis - 50ml | PAFORY gefunden von Product-Guide.org\" \/>\n<meta name=\"robots\" content=\"index, follow, max-snippet:-1, max-image-preview:large, max-video-preview:-1\" \/>\n<link rel=\"canonical\" href=\"https:\/\/product-guide.org\/en\/produkt\/jasmin-paradis-50ml-pafory\/\" \/>\n<meta property=\"og:locale\" content=\"en_GB\" \/>\n<meta property=\"og:type\" content=\"article\" \/>\n<meta property=\"og:title\" content=\"Jasmin Paradis - 50ml | PAFORY | Product-Guide.org\" \/>\n<meta property=\"og:description\" content=\"Jasmin Paradis - 50ml | PAFORY gefunden von Product-Guide.org\" \/>\n<meta property=\"og:url\" content=\"https:\/\/product-guide.org\/en\/produkt\/jasmin-paradis-50ml-pafory\/\" \/>\n<meta property=\"og:site_name\" content=\"Product-Guide.org\" \/>\n<meta name=\"twitter:card\" content=\"summary_large_image\" \/>\n<script type=\"application\/ld+json\" class=\"yoast-schema-graph\">{\"@context\":\"https:\/\/schema.org\",\"@graph\":[{\"@type\":\"WebPage\",\"@id\":\"https:\/\/product-guide.org\/produkt\/jasmin-paradis-50ml-pafory\/\",\"url\":\"https:\/\/product-guide.org\/produkt\/jasmin-paradis-50ml-pafory\/\",\"name\":\"Jasmin Paradis - 50ml | PAFORY | Product-Guide.org\",\"isPartOf\":{\"@id\":\"https:\/\/product-guide.org\/#website\"},\"primaryImageOfPage\":{\"@id\":\"https:\/\/product-guide.org\/produkt\/jasmin-paradis-50ml-pafory\/#primaryimage\"},\"image\":{\"@id\":\"https:\/\/product-guide.org\/produkt\/jasmin-paradis-50ml-pafory\/#primaryimage\"},\"thumbnailUrl\":\"https:\/\/product-guide.org\/wp-content\/uploads\/2025\/03\/Elisire-Jasmin-Paradis-cutout.png\",\"datePublished\":\"2025-03-17T10:30:40+00:00\",\"description\":\"Jasmin Paradis - 50ml | PAFORY gefunden von Product-Guide.org\",\"breadcrumb\":{\"@id\":\"https:\/\/product-guide.org\/produkt\/jasmin-paradis-50ml-pafory\/#breadcrumb\"},\"inLanguage\":\"en-GB\",\"potentialAction\":[{\"@type\":\"ReadAction\",\"target\":[\"https:\/\/product-guide.org\/produkt\/jasmin-paradis-50ml-pafory\/\"]}]},{\"@type\":\"ImageObject\",\"inLanguage\":\"en-GB\",\"@id\":\"https:\/\/product-guide.org\/produkt\/jasmin-paradis-50ml-pafory\/#primaryimage\",\"url\":\"https:\/\/product-guide.org\/wp-content\/uploads\/2025\/03\/Elisire-Jasmin-Paradis-cutout.png\",\"contentUrl\":\"https:\/\/product-guide.org\/wp-content\/uploads\/2025\/03\/Elisire-Jasmin-Paradis-cutout.png\",\"width\":872,\"height\":872},{\"@type\":\"BreadcrumbList\",\"@id\":\"https:\/\/product-guide.org\/produkt\/jasmin-paradis-50ml-pafory\/#breadcrumb\",\"itemListElement\":[{\"@type\":\"ListItem\",\"position\":1,\"name\":\"Home\",\"item\":\"https:\/\/product-guide.org\/\"},{\"@type\":\"ListItem\",\"position\":2,\"name\":\"Ergebnisse\",\"item\":\"https:\/\/product-guide.org\/de\/ergebnisse\/\"},{\"@type\":\"ListItem\",\"position\":3,\"name\":\"Jasmin Paradis &#8211; 50ml | PAFORY\"}]},{\"@type\":\"WebSite\",\"@id\":\"https:\/\/product-guide.org\/#website\",\"url\":\"https:\/\/product-guide.org\/\",\"name\":\"Product-Guide.org\",\"description\":\"What Product are you looking for?\",\"publisher\":{\"@id\":\"https:\/\/product-guide.org\/#organization\"},\"potentialAction\":[{\"@type\":\"SearchAction\",\"target\":{\"@type\":\"EntryPoint\",\"urlTemplate\":\"https:\/\/product-guide.org\/?s={search_term_string}\"},\"query-input\":{\"@type\":\"PropertyValueSpecification\",\"valueRequired\":true,\"valueName\":\"search_term_string\"}}],\"inLanguage\":\"en-GB\"},{\"@type\":\"Organization\",\"@id\":\"https:\/\/product-guide.org\/#organization\",\"name\":\"Product-Guide.org\",\"url\":\"https:\/\/product-guide.org\/\",\"logo\":{\"@type\":\"ImageObject\",\"inLanguage\":\"en-GB\",\"@id\":\"https:\/\/product-guide.org\/#\/schema\/logo\/image\/\",\"url\":\"https:\/\/product-guide.org\/wp-content\/uploads\/2022\/07\/logo_transparent_background.png\",\"contentUrl\":\"https:\/\/product-guide.org\/wp-content\/uploads\/2022\/07\/logo_transparent_background.png\",\"width\":3400,\"height\":1132,\"caption\":\"Product-Guide.org\"},\"image\":{\"@id\":\"https:\/\/product-guide.org\/#\/schema\/logo\/image\/\"}}]}<\/script>\n<!-- \/ Yoast SEO plugin. -->","yoast_head_json":{"title":"Jasmin Paradis - 50ml | PAFORY | Product-Guide.org","description":"Jasmin Paradis - 50ml | PAFORY gefunden von Product-Guide.org","robots":{"index":"index","follow":"follow","max-snippet":"max-snippet:-1","max-image-preview":"max-image-preview:large","max-video-preview":"max-video-preview:-1"},"canonical":"https:\/\/product-guide.org\/en\/produkt\/jasmin-paradis-50ml-pafory\/","og_locale":"en_GB","og_type":"article","og_title":"Jasmin Paradis - 50ml | PAFORY | Product-Guide.org","og_description":"Jasmin Paradis - 50ml | PAFORY gefunden von Product-Guide.org","og_url":"https:\/\/product-guide.org\/en\/produkt\/jasmin-paradis-50ml-pafory\/","og_site_name":"Product-Guide.org","twitter_card":"summary_large_image","schema":{"@context":"https:\/\/schema.org","@graph":[{"@type":"WebPage","@id":"https:\/\/product-guide.org\/produkt\/jasmin-paradis-50ml-pafory\/","url":"https:\/\/product-guide.org\/produkt\/jasmin-paradis-50ml-pafory\/","name":"Jasmin Paradis - 50ml | PAFORY | Product-Guide.org","isPartOf":{"@id":"https:\/\/product-guide.org\/#website"},"primaryImageOfPage":{"@id":"https:\/\/product-guide.org\/produkt\/jasmin-paradis-50ml-pafory\/#primaryimage"},"image":{"@id":"https:\/\/product-guide.org\/produkt\/jasmin-paradis-50ml-pafory\/#primaryimage"},"thumbnailUrl":"https:\/\/product-guide.org\/wp-content\/uploads\/2025\/03\/Elisire-Jasmin-Paradis-cutout.png","datePublished":"2025-03-17T10:30:40+00:00","description":"Jasmin Paradis - 50ml | PAFORY gefunden von Product-Guide.org","breadcrumb":{"@id":"https:\/\/product-guide.org\/produkt\/jasmin-paradis-50ml-pafory\/#breadcrumb"},"inLanguage":"en-GB","potentialAction":[{"@type":"ReadAction","target":["https:\/\/product-guide.org\/produkt\/jasmin-paradis-50ml-pafory\/"]}]},{"@type":"ImageObject","inLanguage":"en-GB","@id":"https:\/\/product-guide.org\/produkt\/jasmin-paradis-50ml-pafory\/#primaryimage","url":"https:\/\/product-guide.org\/wp-content\/uploads\/2025\/03\/Elisire-Jasmin-Paradis-cutout.png","contentUrl":"https:\/\/product-guide.org\/wp-content\/uploads\/2025\/03\/Elisire-Jasmin-Paradis-cutout.png","width":872,"height":872},{"@type":"BreadcrumbList","@id":"https:\/\/product-guide.org\/produkt\/jasmin-paradis-50ml-pafory\/#breadcrumb","itemListElement":[{"@type":"ListItem","position":1,"name":"Home","item":"https:\/\/product-guide.org\/"},{"@type":"ListItem","position":2,"name":"Ergebnisse","item":"https:\/\/product-guide.org\/de\/ergebnisse\/"},{"@type":"ListItem","position":3,"name":"Jasmin Paradis &#8211; 50ml | PAFORY"}]},{"@type":"WebSite","@id":"https:\/\/product-guide.org\/#website","url":"https:\/\/product-guide.org\/","name":"Product-Guide.org","description":"What Product are you looking for?","publisher":{"@id":"https:\/\/product-guide.org\/#organization"},"potentialAction":[{"@type":"SearchAction","target":{"@type":"EntryPoint","urlTemplate":"https:\/\/product-guide.org\/?s={search_term_string}"},"query-input":{"@type":"PropertyValueSpecification","valueRequired":true,"valueName":"search_term_string"}}],"inLanguage":"en-GB"},{"@type":"Organization","@id":"https:\/\/product-guide.org\/#organization","name":"Product-Guide.org","url":"https:\/\/product-guide.org\/","logo":{"@type":"ImageObject","inLanguage":"en-GB","@id":"https:\/\/product-guide.org\/#\/schema\/logo\/image\/","url":"https:\/\/product-guide.org\/wp-content\/uploads\/2022\/07\/logo_transparent_background.png","contentUrl":"https:\/\/product-guide.org\/wp-content\/uploads\/2022\/07\/logo_transparent_background.png","width":3400,"height":1132,"caption":"Product-Guide.org"},"image":{"@id":"https:\/\/product-guide.org\/#\/schema\/logo\/image\/"}}]}},"_links":{"self":[{"href":"https:\/\/product-guide.org\/en\/wp-json\/wp\/v2\/product\/52111","targetHints":{"allow":["GET"]}}],"collection":[{"href":"https:\/\/product-guide.org\/en\/wp-json\/wp\/v2\/product"}],"about":[{"href":"https:\/\/product-guide.org\/en\/wp-json\/wp\/v2\/types\/product"}],"wp:featuredmedia":[{"embeddable":true,"href":"https:\/\/product-guide.org\/en\/wp-json\/wp\/v2\/media\/52110"}],"wp:attachment":[{"href":"https:\/\/product-guide.org\/en\/wp-json\/wp\/v2\/media?parent=52111"}],"wp:term":[{"taxonomy":"store","embeddable":true,"href":"https:\/\/product-guide.org\/en\/wp-json\/wp\/v2\/store?post=52111"},{"taxonomy":"product_brand","embeddable":true,"href":"https:\/\/product-guide.org\/en\/wp-json\/wp\/v2\/product_brand?post=52111"},{"taxonomy":"product_cat","embeddable":true,"href":"https:\/\/product-guide.org\/en\/wp-json\/wp\/v2\/product_cat?post=52111"},{"taxonomy":"product_tag","embeddable":true,"href":"https:\/\/product-guide.org\/en\/wp-json\/wp\/v2\/product_tag?post=52111"}],"curies":[{"name":"wp","href":"https:\/\/api.w.org\/{rel}","templated":true}]}}