{"id":52115,"date":"2025-03-17T11:30:48","date_gmt":"2025-03-17T10:30:48","guid":{"rendered":"https:\/\/product-guide.org\/produkt\/pernoire-anelo-50ml-pafory\/"},"modified":"2025-03-17T11:30:48","modified_gmt":"2025-03-17T10:30:48","slug":"pernoire-anelo-50ml-pafory","status":"publish","type":"product","link":"https:\/\/product-guide.org\/en\/produkt\/pernoire-anelo-50ml-pafory\/","title":{"rendered":"pernoire Anelo &#8211; 50ml | PAFORY"},"content":{"rendered":"<p>Mit ANELO von Pernoire begibst du dich auf eine Duftreise, inspiriert von Seefahrern. Schon beim ersten Spr\u00fchen begr\u00fc\u00dfen dich saftige Ananas, spritzige Pomelo und s\u00fc\u00dfe Mandarine. Dann \u00f6ffnet sich das Herz des Dufts: Mango, Ingwer und Magnolie lassen dich tr\u00e4umen. Amber, Vetiver und Patschuli verleihen dem Duft Tiefe und wecken Abenteuerlust. ANELO ist mehr als ein Parfum \u2013 dein Versprechen von Freiheit und Abenteuer.<\/p>\n","protected":false},"excerpt":{"rendered":"<p>Mit ANELO von Pernoire begibst du dich auf eine Duftreise, inspiriert von Seefahrern. Schon beim ersten Spr\u00fchen begr\u00fc\u00dfen dich saftige Ananas, spritzige Pomelo und s\u00fc\u00dfe Mandarine. Dann \u00f6ffnet sich das Herz des Dufts: Mango, Ingwer und Magnolie lassen dich tr\u00e4umen. Amber, Vetiver und Patschuli verleihen dem Duft Tiefe und wecken Abenteuerlust. ANELO ist mehr als [&hellip;]<\/p>\n","protected":false},"featured_media":52114,"template":"","meta":{"_gspb_post_css":""},"store":[],"product_brand":[1395],"product_cat":[1290],"product_tag":[],"class_list":{"0":"post-52115","1":"product","2":"type-product","3":"status-publish","4":"has-post-thumbnail","6":"product_brand-pafory-de","7":"product_cat-uncategorized","9":"first","10":"instock","11":"shipping-taxable","12":"purchasable","13":"product-type-simple"},"yoast_head":"<!-- This site is optimized with the Yoast SEO plugin v24.6 - https:\/\/yoast.com\/wordpress\/plugins\/seo\/ -->\n<title>pernoire Anelo - 50ml | PAFORY | Product-Guide.org<\/title>\n<meta name=\"description\" content=\"pernoire Anelo - 50ml | PAFORY gefunden von Product-Guide.org\" \/>\n<meta name=\"robots\" content=\"index, follow, max-snippet:-1, max-image-preview:large, max-video-preview:-1\" \/>\n<link rel=\"canonical\" href=\"https:\/\/product-guide.org\/en\/produkt\/pernoire-anelo-50ml-pafory\/\" \/>\n<meta property=\"og:locale\" content=\"en_GB\" \/>\n<meta property=\"og:type\" content=\"article\" \/>\n<meta property=\"og:title\" content=\"pernoire Anelo - 50ml | PAFORY | Product-Guide.org\" \/>\n<meta property=\"og:description\" content=\"pernoire Anelo - 50ml | PAFORY gefunden von Product-Guide.org\" \/>\n<meta property=\"og:url\" content=\"https:\/\/product-guide.org\/en\/produkt\/pernoire-anelo-50ml-pafory\/\" \/>\n<meta property=\"og:site_name\" content=\"Product-Guide.org\" \/>\n<meta name=\"twitter:card\" content=\"summary_large_image\" \/>\n<script type=\"application\/ld+json\" class=\"yoast-schema-graph\">{\"@context\":\"https:\/\/schema.org\",\"@graph\":[{\"@type\":\"WebPage\",\"@id\":\"https:\/\/product-guide.org\/produkt\/pernoire-anelo-50ml-pafory\/\",\"url\":\"https:\/\/product-guide.org\/produkt\/pernoire-anelo-50ml-pafory\/\",\"name\":\"pernoire Anelo - 50ml | PAFORY | Product-Guide.org\",\"isPartOf\":{\"@id\":\"https:\/\/product-guide.org\/#website\"},\"primaryImageOfPage\":{\"@id\":\"https:\/\/product-guide.org\/produkt\/pernoire-anelo-50ml-pafory\/#primaryimage\"},\"image\":{\"@id\":\"https:\/\/product-guide.org\/produkt\/pernoire-anelo-50ml-pafory\/#primaryimage\"},\"thumbnailUrl\":\"https:\/\/product-guide.org\/wp-content\/uploads\/2025\/03\/Anelo-Pernoire-Cut-Out.png\",\"datePublished\":\"2025-03-17T10:30:48+00:00\",\"description\":\"pernoire Anelo - 50ml | PAFORY gefunden von Product-Guide.org\",\"breadcrumb\":{\"@id\":\"https:\/\/product-guide.org\/produkt\/pernoire-anelo-50ml-pafory\/#breadcrumb\"},\"inLanguage\":\"en-GB\",\"potentialAction\":[{\"@type\":\"ReadAction\",\"target\":[\"https:\/\/product-guide.org\/produkt\/pernoire-anelo-50ml-pafory\/\"]}]},{\"@type\":\"ImageObject\",\"inLanguage\":\"en-GB\",\"@id\":\"https:\/\/product-guide.org\/produkt\/pernoire-anelo-50ml-pafory\/#primaryimage\",\"url\":\"https:\/\/product-guide.org\/wp-content\/uploads\/2025\/03\/Anelo-Pernoire-Cut-Out.png\",\"contentUrl\":\"https:\/\/product-guide.org\/wp-content\/uploads\/2025\/03\/Anelo-Pernoire-Cut-Out.png\",\"width\":1928,\"height\":1928},{\"@type\":\"BreadcrumbList\",\"@id\":\"https:\/\/product-guide.org\/produkt\/pernoire-anelo-50ml-pafory\/#breadcrumb\",\"itemListElement\":[{\"@type\":\"ListItem\",\"position\":1,\"name\":\"Home\",\"item\":\"https:\/\/product-guide.org\/\"},{\"@type\":\"ListItem\",\"position\":2,\"name\":\"Ergebnisse\",\"item\":\"https:\/\/product-guide.org\/de\/ergebnisse\/\"},{\"@type\":\"ListItem\",\"position\":3,\"name\":\"pernoire Anelo &#8211; 50ml | PAFORY\"}]},{\"@type\":\"WebSite\",\"@id\":\"https:\/\/product-guide.org\/#website\",\"url\":\"https:\/\/product-guide.org\/\",\"name\":\"Product-Guide.org\",\"description\":\"What Product are you looking for?\",\"publisher\":{\"@id\":\"https:\/\/product-guide.org\/#organization\"},\"potentialAction\":[{\"@type\":\"SearchAction\",\"target\":{\"@type\":\"EntryPoint\",\"urlTemplate\":\"https:\/\/product-guide.org\/?s={search_term_string}\"},\"query-input\":{\"@type\":\"PropertyValueSpecification\",\"valueRequired\":true,\"valueName\":\"search_term_string\"}}],\"inLanguage\":\"en-GB\"},{\"@type\":\"Organization\",\"@id\":\"https:\/\/product-guide.org\/#organization\",\"name\":\"Product-Guide.org\",\"url\":\"https:\/\/product-guide.org\/\",\"logo\":{\"@type\":\"ImageObject\",\"inLanguage\":\"en-GB\",\"@id\":\"https:\/\/product-guide.org\/#\/schema\/logo\/image\/\",\"url\":\"https:\/\/product-guide.org\/wp-content\/uploads\/2022\/07\/logo_transparent_background.png\",\"contentUrl\":\"https:\/\/product-guide.org\/wp-content\/uploads\/2022\/07\/logo_transparent_background.png\",\"width\":3400,\"height\":1132,\"caption\":\"Product-Guide.org\"},\"image\":{\"@id\":\"https:\/\/product-guide.org\/#\/schema\/logo\/image\/\"}}]}<\/script>\n<!-- \/ Yoast SEO plugin. -->","yoast_head_json":{"title":"pernoire Anelo - 50ml | PAFORY | Product-Guide.org","description":"pernoire Anelo - 50ml | PAFORY gefunden von Product-Guide.org","robots":{"index":"index","follow":"follow","max-snippet":"max-snippet:-1","max-image-preview":"max-image-preview:large","max-video-preview":"max-video-preview:-1"},"canonical":"https:\/\/product-guide.org\/en\/produkt\/pernoire-anelo-50ml-pafory\/","og_locale":"en_GB","og_type":"article","og_title":"pernoire Anelo - 50ml | PAFORY | Product-Guide.org","og_description":"pernoire Anelo - 50ml | PAFORY gefunden von Product-Guide.org","og_url":"https:\/\/product-guide.org\/en\/produkt\/pernoire-anelo-50ml-pafory\/","og_site_name":"Product-Guide.org","twitter_card":"summary_large_image","schema":{"@context":"https:\/\/schema.org","@graph":[{"@type":"WebPage","@id":"https:\/\/product-guide.org\/produkt\/pernoire-anelo-50ml-pafory\/","url":"https:\/\/product-guide.org\/produkt\/pernoire-anelo-50ml-pafory\/","name":"pernoire Anelo - 50ml | PAFORY | Product-Guide.org","isPartOf":{"@id":"https:\/\/product-guide.org\/#website"},"primaryImageOfPage":{"@id":"https:\/\/product-guide.org\/produkt\/pernoire-anelo-50ml-pafory\/#primaryimage"},"image":{"@id":"https:\/\/product-guide.org\/produkt\/pernoire-anelo-50ml-pafory\/#primaryimage"},"thumbnailUrl":"https:\/\/product-guide.org\/wp-content\/uploads\/2025\/03\/Anelo-Pernoire-Cut-Out.png","datePublished":"2025-03-17T10:30:48+00:00","description":"pernoire Anelo - 50ml | PAFORY gefunden von Product-Guide.org","breadcrumb":{"@id":"https:\/\/product-guide.org\/produkt\/pernoire-anelo-50ml-pafory\/#breadcrumb"},"inLanguage":"en-GB","potentialAction":[{"@type":"ReadAction","target":["https:\/\/product-guide.org\/produkt\/pernoire-anelo-50ml-pafory\/"]}]},{"@type":"ImageObject","inLanguage":"en-GB","@id":"https:\/\/product-guide.org\/produkt\/pernoire-anelo-50ml-pafory\/#primaryimage","url":"https:\/\/product-guide.org\/wp-content\/uploads\/2025\/03\/Anelo-Pernoire-Cut-Out.png","contentUrl":"https:\/\/product-guide.org\/wp-content\/uploads\/2025\/03\/Anelo-Pernoire-Cut-Out.png","width":1928,"height":1928},{"@type":"BreadcrumbList","@id":"https:\/\/product-guide.org\/produkt\/pernoire-anelo-50ml-pafory\/#breadcrumb","itemListElement":[{"@type":"ListItem","position":1,"name":"Home","item":"https:\/\/product-guide.org\/"},{"@type":"ListItem","position":2,"name":"Ergebnisse","item":"https:\/\/product-guide.org\/de\/ergebnisse\/"},{"@type":"ListItem","position":3,"name":"pernoire Anelo &#8211; 50ml | PAFORY"}]},{"@type":"WebSite","@id":"https:\/\/product-guide.org\/#website","url":"https:\/\/product-guide.org\/","name":"Product-Guide.org","description":"What Product are you looking for?","publisher":{"@id":"https:\/\/product-guide.org\/#organization"},"potentialAction":[{"@type":"SearchAction","target":{"@type":"EntryPoint","urlTemplate":"https:\/\/product-guide.org\/?s={search_term_string}"},"query-input":{"@type":"PropertyValueSpecification","valueRequired":true,"valueName":"search_term_string"}}],"inLanguage":"en-GB"},{"@type":"Organization","@id":"https:\/\/product-guide.org\/#organization","name":"Product-Guide.org","url":"https:\/\/product-guide.org\/","logo":{"@type":"ImageObject","inLanguage":"en-GB","@id":"https:\/\/product-guide.org\/#\/schema\/logo\/image\/","url":"https:\/\/product-guide.org\/wp-content\/uploads\/2022\/07\/logo_transparent_background.png","contentUrl":"https:\/\/product-guide.org\/wp-content\/uploads\/2022\/07\/logo_transparent_background.png","width":3400,"height":1132,"caption":"Product-Guide.org"},"image":{"@id":"https:\/\/product-guide.org\/#\/schema\/logo\/image\/"}}]}},"_links":{"self":[{"href":"https:\/\/product-guide.org\/en\/wp-json\/wp\/v2\/product\/52115","targetHints":{"allow":["GET"]}}],"collection":[{"href":"https:\/\/product-guide.org\/en\/wp-json\/wp\/v2\/product"}],"about":[{"href":"https:\/\/product-guide.org\/en\/wp-json\/wp\/v2\/types\/product"}],"wp:featuredmedia":[{"embeddable":true,"href":"https:\/\/product-guide.org\/en\/wp-json\/wp\/v2\/media\/52114"}],"wp:attachment":[{"href":"https:\/\/product-guide.org\/en\/wp-json\/wp\/v2\/media?parent=52115"}],"wp:term":[{"taxonomy":"store","embeddable":true,"href":"https:\/\/product-guide.org\/en\/wp-json\/wp\/v2\/store?post=52115"},{"taxonomy":"product_brand","embeddable":true,"href":"https:\/\/product-guide.org\/en\/wp-json\/wp\/v2\/product_brand?post=52115"},{"taxonomy":"product_cat","embeddable":true,"href":"https:\/\/product-guide.org\/en\/wp-json\/wp\/v2\/product_cat?post=52115"},{"taxonomy":"product_tag","embeddable":true,"href":"https:\/\/product-guide.org\/en\/wp-json\/wp\/v2\/product_tag?post=52115"}],"curies":[{"name":"wp","href":"https:\/\/api.w.org\/{rel}","templated":true}]}}