{"id":52130,"date":"2025-03-17T11:31:15","date_gmt":"2025-03-17T10:31:15","guid":{"rendered":"https:\/\/product-guide.org\/produkt\/bathmate-hydro-7-pumpe-zur-vergroserung-des-penis-hercules-penispumpe-fur-bad-oder-dusche-sicher-und-bequem-in-rot-blau-transparent\/"},"modified":"2025-03-17T11:31:15","modified_gmt":"2025-03-17T10:31:15","slug":"bathmate-hydro-7-pumpe-zur-vergroserung-des-penis-hercules-penispumpe-fur-bad-oder-dusche-sicher-und-bequem-in-rot-blau-transparent","status":"publish","type":"product","link":"https:\/\/product-guide.org\/en\/produkt\/bathmate-hydro-7-pumpe-zur-vergroserung-des-penis-hercules-penispumpe-fur-bad-oder-dusche-sicher-und-bequem-in-rot-blau-transparent\/","title":{"rendered":"Bathmate Hydro 7 &#8211; Pumpe zur Vergr\u00f6\u00dferung des Penis &#8211; Hercules Penispumpe f\u00fcr Bad oder Dusche &#8211; Sicher und bequem &#8211; In Rot, Blau &#038; Transparent |"},"content":{"rendered":"<p>Mit dem Ziel, M\u00e4nnlichkeit zu f\u00f6rdern und mehr Empfindung f\u00fcr H\u00e4rte und Kraft zu geben, verwendet der Bathmate Hydro7 eine Methode, die durch intensive Forschung, hochwertige Materialien und patentierte Technologie unterst\u00fctzt wird. Der Bathmate Hydro7 ist sicher, bequem und komfortabel zu bedienen<\/p>\n","protected":false},"excerpt":{"rendered":"<p>Mit dem Ziel, M\u00e4nnlichkeit zu f\u00f6rdern und mehr Empfindung f\u00fcr H\u00e4rte und Kraft zu geben, verwendet der Bathmate Hydro7 eine Methode, die durch intensive Forschung, hochwertige Materialien und patentierte Technologie unterst\u00fctzt wird. Der Bathmate Hydro7 ist sicher, bequem und komfortabel zu bedienen<\/p>\n","protected":false},"featured_media":52129,"template":"","meta":{"_gspb_post_css":""},"store":[],"product_brand":[1396],"product_cat":[1290],"product_tag":[],"class_list":{"0":"post-52130","1":"product","2":"type-product","3":"status-publish","4":"has-post-thumbnail","6":"product_brand-shytobuy-de","7":"product_cat-uncategorized","9":"first","10":"instock","11":"shipping-taxable","12":"purchasable","13":"product-type-simple"},"yoast_head":"<!-- This site is optimized with the Yoast SEO plugin v24.6 - https:\/\/yoast.com\/wordpress\/plugins\/seo\/ -->\n<title>Bathmate Hydro 7 - Pumpe zur Vergr\u00f6\u00dferung des Penis - Hercules Penispumpe f\u00fcr Bad oder Dusche - Sicher und bequem - In Rot, Blau &amp; Transparent | Product-Guide.org<\/title>\n<meta name=\"description\" content=\"Bathmate Hydro 7 - Pumpe zur Vergr\u00f6\u00dferung des Penis - Hercules Penispumpe f\u00fcr Bad oder Dusche - Sicher und bequem - In Rot, Blau &amp; Transparent | gefunden von Product-Guide.org\" \/>\n<meta name=\"robots\" content=\"index, follow, max-snippet:-1, max-image-preview:large, max-video-preview:-1\" \/>\n<link rel=\"canonical\" href=\"https:\/\/product-guide.org\/en\/produkt\/bathmate-hydro-7-pumpe-zur-vergroserung-des-penis-hercules-penispumpe-fur-bad-oder-dusche-sicher-und-bequem-in-rot-blau-transparent\/\" \/>\n<meta property=\"og:locale\" content=\"en_GB\" \/>\n<meta property=\"og:type\" content=\"article\" \/>\n<meta property=\"og:title\" content=\"Bathmate Hydro 7 - Pumpe zur Vergr\u00f6\u00dferung des Penis - Hercules Penispumpe f\u00fcr Bad oder Dusche - Sicher und bequem - In Rot, Blau &amp; Transparent | Product-Guide.org\" \/>\n<meta property=\"og:description\" content=\"Bathmate Hydro 7 - Pumpe zur Vergr\u00f6\u00dferung des Penis - Hercules Penispumpe f\u00fcr Bad oder Dusche - Sicher und bequem - In Rot, Blau &amp; Transparent | gefunden von Product-Guide.org\" \/>\n<meta property=\"og:url\" content=\"https:\/\/product-guide.org\/en\/produkt\/bathmate-hydro-7-pumpe-zur-vergroserung-des-penis-hercules-penispumpe-fur-bad-oder-dusche-sicher-und-bequem-in-rot-blau-transparent\/\" \/>\n<meta property=\"og:site_name\" content=\"Product-Guide.org\" \/>\n<meta name=\"twitter:card\" content=\"summary_large_image\" \/>\n<script type=\"application\/ld+json\" class=\"yoast-schema-graph\">{\"@context\":\"https:\/\/schema.org\",\"@graph\":[{\"@type\":\"WebPage\",\"@id\":\"https:\/\/product-guide.org\/produkt\/bathmate-hydro-7-pumpe-zur-vergroserung-des-penis-hercules-penispumpe-fur-bad-oder-dusche-sicher-und-bequem-in-rot-blau-transparent\/\",\"url\":\"https:\/\/product-guide.org\/produkt\/bathmate-hydro-7-pumpe-zur-vergroserung-des-penis-hercules-penispumpe-fur-bad-oder-dusche-sicher-und-bequem-in-rot-blau-transparent\/\",\"name\":\"Bathmate Hydro 7 - Pumpe zur Vergr\u00f6\u00dferung des Penis - Hercules Penispumpe f\u00fcr Bad oder Dusche - Sicher und bequem - In Rot, Blau & Transparent | Product-Guide.org\",\"isPartOf\":{\"@id\":\"https:\/\/product-guide.org\/#website\"},\"primaryImageOfPage\":{\"@id\":\"https:\/\/product-guide.org\/produkt\/bathmate-hydro-7-pumpe-zur-vergroserung-des-penis-hercules-penispumpe-fur-bad-oder-dusche-sicher-und-bequem-in-rot-blau-transparent\/#primaryimage\"},\"image\":{\"@id\":\"https:\/\/product-guide.org\/produkt\/bathmate-hydro-7-pumpe-zur-vergroserung-des-penis-hercules-penispumpe-fur-bad-oder-dusche-sicher-und-bequem-in-rot-blau-transparent\/#primaryimage\"},\"thumbnailUrl\":\"https:\/\/product-guide.org\/wp-content\/uploads\/2025\/03\/hercules-hydro-7-7-blue-new.jpg\",\"datePublished\":\"2025-03-17T10:31:15+00:00\",\"description\":\"Bathmate Hydro 7 - Pumpe zur Vergr\u00f6\u00dferung des Penis - Hercules Penispumpe f\u00fcr Bad oder Dusche - Sicher und bequem - In Rot, Blau & Transparent | gefunden von Product-Guide.org\",\"breadcrumb\":{\"@id\":\"https:\/\/product-guide.org\/produkt\/bathmate-hydro-7-pumpe-zur-vergroserung-des-penis-hercules-penispumpe-fur-bad-oder-dusche-sicher-und-bequem-in-rot-blau-transparent\/#breadcrumb\"},\"inLanguage\":\"en-GB\",\"potentialAction\":[{\"@type\":\"ReadAction\",\"target\":[\"https:\/\/product-guide.org\/produkt\/bathmate-hydro-7-pumpe-zur-vergroserung-des-penis-hercules-penispumpe-fur-bad-oder-dusche-sicher-und-bequem-in-rot-blau-transparent\/\"]}]},{\"@type\":\"ImageObject\",\"inLanguage\":\"en-GB\",\"@id\":\"https:\/\/product-guide.org\/produkt\/bathmate-hydro-7-pumpe-zur-vergroserung-des-penis-hercules-penispumpe-fur-bad-oder-dusche-sicher-und-bequem-in-rot-blau-transparent\/#primaryimage\",\"url\":\"https:\/\/product-guide.org\/wp-content\/uploads\/2025\/03\/hercules-hydro-7-7-blue-new.jpg\",\"contentUrl\":\"https:\/\/product-guide.org\/wp-content\/uploads\/2025\/03\/hercules-hydro-7-7-blue-new.jpg\",\"width\":500,\"height\":500},{\"@type\":\"BreadcrumbList\",\"@id\":\"https:\/\/product-guide.org\/produkt\/bathmate-hydro-7-pumpe-zur-vergroserung-des-penis-hercules-penispumpe-fur-bad-oder-dusche-sicher-und-bequem-in-rot-blau-transparent\/#breadcrumb\",\"itemListElement\":[{\"@type\":\"ListItem\",\"position\":1,\"name\":\"Home\",\"item\":\"https:\/\/product-guide.org\/\"},{\"@type\":\"ListItem\",\"position\":2,\"name\":\"Ergebnisse\",\"item\":\"https:\/\/product-guide.org\/de\/ergebnisse\/\"},{\"@type\":\"ListItem\",\"position\":3,\"name\":\"Bathmate Hydro 7 &#8211; Pumpe zur Vergr\u00f6\u00dferung des Penis &#8211; Hercules Penispumpe f\u00fcr Bad oder Dusche &#8211; Sicher und bequem &#8211; In Rot, Blau &#038; Transparent |\"}]},{\"@type\":\"WebSite\",\"@id\":\"https:\/\/product-guide.org\/#website\",\"url\":\"https:\/\/product-guide.org\/\",\"name\":\"Product-Guide.org\",\"description\":\"What Product are you looking for?\",\"publisher\":{\"@id\":\"https:\/\/product-guide.org\/#organization\"},\"potentialAction\":[{\"@type\":\"SearchAction\",\"target\":{\"@type\":\"EntryPoint\",\"urlTemplate\":\"https:\/\/product-guide.org\/?s={search_term_string}\"},\"query-input\":{\"@type\":\"PropertyValueSpecification\",\"valueRequired\":true,\"valueName\":\"search_term_string\"}}],\"inLanguage\":\"en-GB\"},{\"@type\":\"Organization\",\"@id\":\"https:\/\/product-guide.org\/#organization\",\"name\":\"Product-Guide.org\",\"url\":\"https:\/\/product-guide.org\/\",\"logo\":{\"@type\":\"ImageObject\",\"inLanguage\":\"en-GB\",\"@id\":\"https:\/\/product-guide.org\/#\/schema\/logo\/image\/\",\"url\":\"https:\/\/product-guide.org\/wp-content\/uploads\/2022\/07\/logo_transparent_background.png\",\"contentUrl\":\"https:\/\/product-guide.org\/wp-content\/uploads\/2022\/07\/logo_transparent_background.png\",\"width\":3400,\"height\":1132,\"caption\":\"Product-Guide.org\"},\"image\":{\"@id\":\"https:\/\/product-guide.org\/#\/schema\/logo\/image\/\"}}]}<\/script>\n<!-- \/ Yoast SEO plugin. -->","yoast_head_json":{"title":"Bathmate Hydro 7 - Pumpe zur Vergr\u00f6\u00dferung des Penis - Hercules Penispumpe f\u00fcr Bad oder Dusche - Sicher und bequem - In Rot, Blau & Transparent | Product-Guide.org","description":"Bathmate Hydro 7 - Pumpe zur Vergr\u00f6\u00dferung des Penis - Hercules Penispumpe f\u00fcr Bad oder Dusche - Sicher und bequem - In Rot, Blau & Transparent | gefunden von Product-Guide.org","robots":{"index":"index","follow":"follow","max-snippet":"max-snippet:-1","max-image-preview":"max-image-preview:large","max-video-preview":"max-video-preview:-1"},"canonical":"https:\/\/product-guide.org\/en\/produkt\/bathmate-hydro-7-pumpe-zur-vergroserung-des-penis-hercules-penispumpe-fur-bad-oder-dusche-sicher-und-bequem-in-rot-blau-transparent\/","og_locale":"en_GB","og_type":"article","og_title":"Bathmate Hydro 7 - Pumpe zur Vergr\u00f6\u00dferung des Penis - Hercules Penispumpe f\u00fcr Bad oder Dusche - Sicher und bequem - In Rot, Blau & Transparent | Product-Guide.org","og_description":"Bathmate Hydro 7 - Pumpe zur Vergr\u00f6\u00dferung des Penis - Hercules Penispumpe f\u00fcr Bad oder Dusche - Sicher und bequem - In Rot, Blau & Transparent | gefunden von Product-Guide.org","og_url":"https:\/\/product-guide.org\/en\/produkt\/bathmate-hydro-7-pumpe-zur-vergroserung-des-penis-hercules-penispumpe-fur-bad-oder-dusche-sicher-und-bequem-in-rot-blau-transparent\/","og_site_name":"Product-Guide.org","twitter_card":"summary_large_image","schema":{"@context":"https:\/\/schema.org","@graph":[{"@type":"WebPage","@id":"https:\/\/product-guide.org\/produkt\/bathmate-hydro-7-pumpe-zur-vergroserung-des-penis-hercules-penispumpe-fur-bad-oder-dusche-sicher-und-bequem-in-rot-blau-transparent\/","url":"https:\/\/product-guide.org\/produkt\/bathmate-hydro-7-pumpe-zur-vergroserung-des-penis-hercules-penispumpe-fur-bad-oder-dusche-sicher-und-bequem-in-rot-blau-transparent\/","name":"Bathmate Hydro 7 - Pumpe zur Vergr\u00f6\u00dferung des Penis - Hercules Penispumpe f\u00fcr Bad oder Dusche - Sicher und bequem - In Rot, Blau & Transparent | Product-Guide.org","isPartOf":{"@id":"https:\/\/product-guide.org\/#website"},"primaryImageOfPage":{"@id":"https:\/\/product-guide.org\/produkt\/bathmate-hydro-7-pumpe-zur-vergroserung-des-penis-hercules-penispumpe-fur-bad-oder-dusche-sicher-und-bequem-in-rot-blau-transparent\/#primaryimage"},"image":{"@id":"https:\/\/product-guide.org\/produkt\/bathmate-hydro-7-pumpe-zur-vergroserung-des-penis-hercules-penispumpe-fur-bad-oder-dusche-sicher-und-bequem-in-rot-blau-transparent\/#primaryimage"},"thumbnailUrl":"https:\/\/product-guide.org\/wp-content\/uploads\/2025\/03\/hercules-hydro-7-7-blue-new.jpg","datePublished":"2025-03-17T10:31:15+00:00","description":"Bathmate Hydro 7 - Pumpe zur Vergr\u00f6\u00dferung des Penis - Hercules Penispumpe f\u00fcr Bad oder Dusche - Sicher und bequem - In Rot, Blau & Transparent | gefunden von Product-Guide.org","breadcrumb":{"@id":"https:\/\/product-guide.org\/produkt\/bathmate-hydro-7-pumpe-zur-vergroserung-des-penis-hercules-penispumpe-fur-bad-oder-dusche-sicher-und-bequem-in-rot-blau-transparent\/#breadcrumb"},"inLanguage":"en-GB","potentialAction":[{"@type":"ReadAction","target":["https:\/\/product-guide.org\/produkt\/bathmate-hydro-7-pumpe-zur-vergroserung-des-penis-hercules-penispumpe-fur-bad-oder-dusche-sicher-und-bequem-in-rot-blau-transparent\/"]}]},{"@type":"ImageObject","inLanguage":"en-GB","@id":"https:\/\/product-guide.org\/produkt\/bathmate-hydro-7-pumpe-zur-vergroserung-des-penis-hercules-penispumpe-fur-bad-oder-dusche-sicher-und-bequem-in-rot-blau-transparent\/#primaryimage","url":"https:\/\/product-guide.org\/wp-content\/uploads\/2025\/03\/hercules-hydro-7-7-blue-new.jpg","contentUrl":"https:\/\/product-guide.org\/wp-content\/uploads\/2025\/03\/hercules-hydro-7-7-blue-new.jpg","width":500,"height":500},{"@type":"BreadcrumbList","@id":"https:\/\/product-guide.org\/produkt\/bathmate-hydro-7-pumpe-zur-vergroserung-des-penis-hercules-penispumpe-fur-bad-oder-dusche-sicher-und-bequem-in-rot-blau-transparent\/#breadcrumb","itemListElement":[{"@type":"ListItem","position":1,"name":"Home","item":"https:\/\/product-guide.org\/"},{"@type":"ListItem","position":2,"name":"Ergebnisse","item":"https:\/\/product-guide.org\/de\/ergebnisse\/"},{"@type":"ListItem","position":3,"name":"Bathmate Hydro 7 &#8211; Pumpe zur Vergr\u00f6\u00dferung des Penis &#8211; Hercules Penispumpe f\u00fcr Bad oder Dusche &#8211; Sicher und bequem &#8211; In Rot, Blau &#038; Transparent |"}]},{"@type":"WebSite","@id":"https:\/\/product-guide.org\/#website","url":"https:\/\/product-guide.org\/","name":"Product-Guide.org","description":"What Product are you looking for?","publisher":{"@id":"https:\/\/product-guide.org\/#organization"},"potentialAction":[{"@type":"SearchAction","target":{"@type":"EntryPoint","urlTemplate":"https:\/\/product-guide.org\/?s={search_term_string}"},"query-input":{"@type":"PropertyValueSpecification","valueRequired":true,"valueName":"search_term_string"}}],"inLanguage":"en-GB"},{"@type":"Organization","@id":"https:\/\/product-guide.org\/#organization","name":"Product-Guide.org","url":"https:\/\/product-guide.org\/","logo":{"@type":"ImageObject","inLanguage":"en-GB","@id":"https:\/\/product-guide.org\/#\/schema\/logo\/image\/","url":"https:\/\/product-guide.org\/wp-content\/uploads\/2022\/07\/logo_transparent_background.png","contentUrl":"https:\/\/product-guide.org\/wp-content\/uploads\/2022\/07\/logo_transparent_background.png","width":3400,"height":1132,"caption":"Product-Guide.org"},"image":{"@id":"https:\/\/product-guide.org\/#\/schema\/logo\/image\/"}}]}},"_links":{"self":[{"href":"https:\/\/product-guide.org\/en\/wp-json\/wp\/v2\/product\/52130","targetHints":{"allow":["GET"]}}],"collection":[{"href":"https:\/\/product-guide.org\/en\/wp-json\/wp\/v2\/product"}],"about":[{"href":"https:\/\/product-guide.org\/en\/wp-json\/wp\/v2\/types\/product"}],"wp:featuredmedia":[{"embeddable":true,"href":"https:\/\/product-guide.org\/en\/wp-json\/wp\/v2\/media\/52129"}],"wp:attachment":[{"href":"https:\/\/product-guide.org\/en\/wp-json\/wp\/v2\/media?parent=52130"}],"wp:term":[{"taxonomy":"store","embeddable":true,"href":"https:\/\/product-guide.org\/en\/wp-json\/wp\/v2\/store?post=52130"},{"taxonomy":"product_brand","embeddable":true,"href":"https:\/\/product-guide.org\/en\/wp-json\/wp\/v2\/product_brand?post=52130"},{"taxonomy":"product_cat","embeddable":true,"href":"https:\/\/product-guide.org\/en\/wp-json\/wp\/v2\/product_cat?post=52130"},{"taxonomy":"product_tag","embeddable":true,"href":"https:\/\/product-guide.org\/en\/wp-json\/wp\/v2\/product_tag?post=52130"}],"curies":[{"name":"wp","href":"https:\/\/api.w.org\/{rel}","templated":true}]}}