{"id":52168,"date":"2025-03-17T11:31:41","date_gmt":"2025-03-17T10:31:41","guid":{"rendered":"https:\/\/product-guide.org\/produkt\/hilfe-bei-eingewachsenen-haaren-120-ml-lotion-aus-naturlichen-inhaltsstoffen-und-ohne-parabene-auch-fur-den-intimbereich-geeignet-shytobuy\/"},"modified":"2025-03-17T11:31:41","modified_gmt":"2025-03-17T10:31:41","slug":"hilfe-bei-eingewachsenen-haaren-120-ml-lotion-aus-naturlichen-inhaltsstoffen-und-ohne-parabene-auch-fur-den-intimbereich-geeignet-shytobuy","status":"publish","type":"product","link":"https:\/\/product-guide.org\/en\/produkt\/hilfe-bei-eingewachsenen-haaren-120-ml-lotion-aus-naturlichen-inhaltsstoffen-und-ohne-parabene-auch-fur-den-intimbereich-geeignet-shytobuy\/","title":{"rendered":"Hilfe bei eingewachsenen Haaren 120 ml Lotion aus nat\u00fcrlichen Inhaltsstoffen und ohne Parabene Auch f\u00fcr den Intimbereich geeignet | ShytoBuy"},"content":{"rendered":"<p>Eingewachsene Haare k\u00f6nnen schmerzhaft und hart zu entfernen sein. Skin Doctors Ingrow Go Pflegelotion gegen eingewachsene Haare und Rasurbrand bringt die eingewachsenen Haare zum Vorschein und pflegt die entz\u00fcndete oder gereizte Haut. Aus 100 % nat\u00fcrlichen Inhaltsstoffen mit Glycerin und Glykols\u00e4ure, ohne Parabene.<\/p>\n","protected":false},"excerpt":{"rendered":"<p>Eingewachsene Haare k\u00f6nnen schmerzhaft und hart zu entfernen sein. Skin Doctors Ingrow Go Pflegelotion gegen eingewachsene Haare und Rasurbrand bringt die eingewachsenen Haare zum Vorschein und pflegt die entz\u00fcndete oder gereizte Haut. Aus 100 % nat\u00fcrlichen Inhaltsstoffen mit Glycerin und Glykols\u00e4ure, ohne Parabene.<\/p>\n","protected":false},"featured_media":52167,"template":"","meta":{"_gspb_post_css":""},"store":[],"product_brand":[1396],"product_cat":[1290],"product_tag":[],"class_list":{"0":"post-52168","1":"product","2":"type-product","3":"status-publish","4":"has-post-thumbnail","6":"product_brand-shytobuy-de","7":"product_cat-uncategorized","9":"first","10":"instock","11":"shipping-taxable","12":"purchasable","13":"product-type-simple"},"yoast_head":"<!-- This site is optimized with the Yoast SEO plugin v24.6 - https:\/\/yoast.com\/wordpress\/plugins\/seo\/ -->\n<title>Hilfe bei eingewachsenen Haaren 120 ml Lotion aus nat\u00fcrlichen Inhaltsstoffen und ohne Parabene Auch f\u00fcr den Intimbereich geeignet | ShytoBuy | Product-Guide.org<\/title>\n<meta name=\"description\" content=\"Hilfe bei eingewachsenen Haaren 120 ml Lotion aus nat\u00fcrlichen Inhaltsstoffen und ohne Parabene Auch f\u00fcr den Intimbereich geeignet | ShytoBuy gefunden von Product-Guide.org\" \/>\n<meta name=\"robots\" content=\"index, follow, max-snippet:-1, max-image-preview:large, max-video-preview:-1\" \/>\n<link rel=\"canonical\" href=\"https:\/\/product-guide.org\/en\/produkt\/hilfe-bei-eingewachsenen-haaren-120-ml-lotion-aus-naturlichen-inhaltsstoffen-und-ohne-parabene-auch-fur-den-intimbereich-geeignet-shytobuy\/\" \/>\n<meta property=\"og:locale\" content=\"en_GB\" \/>\n<meta property=\"og:type\" content=\"article\" \/>\n<meta property=\"og:title\" content=\"Hilfe bei eingewachsenen Haaren 120 ml Lotion aus nat\u00fcrlichen Inhaltsstoffen und ohne Parabene Auch f\u00fcr den Intimbereich geeignet | ShytoBuy | Product-Guide.org\" \/>\n<meta property=\"og:description\" content=\"Hilfe bei eingewachsenen Haaren 120 ml Lotion aus nat\u00fcrlichen Inhaltsstoffen und ohne Parabene Auch f\u00fcr den Intimbereich geeignet | ShytoBuy gefunden von Product-Guide.org\" \/>\n<meta property=\"og:url\" content=\"https:\/\/product-guide.org\/en\/produkt\/hilfe-bei-eingewachsenen-haaren-120-ml-lotion-aus-naturlichen-inhaltsstoffen-und-ohne-parabene-auch-fur-den-intimbereich-geeignet-shytobuy\/\" \/>\n<meta property=\"og:site_name\" content=\"Product-Guide.org\" \/>\n<meta name=\"twitter:card\" content=\"summary_large_image\" \/>\n<script type=\"application\/ld+json\" class=\"yoast-schema-graph\">{\"@context\":\"https:\/\/schema.org\",\"@graph\":[{\"@type\":\"WebPage\",\"@id\":\"https:\/\/product-guide.org\/produkt\/hilfe-bei-eingewachsenen-haaren-120-ml-lotion-aus-naturlichen-inhaltsstoffen-und-ohne-parabene-auch-fur-den-intimbereich-geeignet-shytobuy\/\",\"url\":\"https:\/\/product-guide.org\/produkt\/hilfe-bei-eingewachsenen-haaren-120-ml-lotion-aus-naturlichen-inhaltsstoffen-und-ohne-parabene-auch-fur-den-intimbereich-geeignet-shytobuy\/\",\"name\":\"Hilfe bei eingewachsenen Haaren 120 ml Lotion aus nat\u00fcrlichen Inhaltsstoffen und ohne Parabene Auch f\u00fcr den Intimbereich geeignet | ShytoBuy | Product-Guide.org\",\"isPartOf\":{\"@id\":\"https:\/\/product-guide.org\/#website\"},\"primaryImageOfPage\":{\"@id\":\"https:\/\/product-guide.org\/produkt\/hilfe-bei-eingewachsenen-haaren-120-ml-lotion-aus-naturlichen-inhaltsstoffen-und-ohne-parabene-auch-fur-den-intimbereich-geeignet-shytobuy\/#primaryimage\"},\"image\":{\"@id\":\"https:\/\/product-guide.org\/produkt\/hilfe-bei-eingewachsenen-haaren-120-ml-lotion-aus-naturlichen-inhaltsstoffen-und-ohne-parabene-auch-fur-den-intimbereich-geeignet-shytobuy\/#primaryimage\"},\"thumbnailUrl\":\"https:\/\/product-guide.org\/wp-content\/uploads\/2025\/03\/skin-doctors-ingrow-go.jpg\",\"datePublished\":\"2025-03-17T10:31:41+00:00\",\"description\":\"Hilfe bei eingewachsenen Haaren 120 ml Lotion aus nat\u00fcrlichen Inhaltsstoffen und ohne Parabene Auch f\u00fcr den Intimbereich geeignet | ShytoBuy gefunden von Product-Guide.org\",\"breadcrumb\":{\"@id\":\"https:\/\/product-guide.org\/produkt\/hilfe-bei-eingewachsenen-haaren-120-ml-lotion-aus-naturlichen-inhaltsstoffen-und-ohne-parabene-auch-fur-den-intimbereich-geeignet-shytobuy\/#breadcrumb\"},\"inLanguage\":\"en-GB\",\"potentialAction\":[{\"@type\":\"ReadAction\",\"target\":[\"https:\/\/product-guide.org\/produkt\/hilfe-bei-eingewachsenen-haaren-120-ml-lotion-aus-naturlichen-inhaltsstoffen-und-ohne-parabene-auch-fur-den-intimbereich-geeignet-shytobuy\/\"]}]},{\"@type\":\"ImageObject\",\"inLanguage\":\"en-GB\",\"@id\":\"https:\/\/product-guide.org\/produkt\/hilfe-bei-eingewachsenen-haaren-120-ml-lotion-aus-naturlichen-inhaltsstoffen-und-ohne-parabene-auch-fur-den-intimbereich-geeignet-shytobuy\/#primaryimage\",\"url\":\"https:\/\/product-guide.org\/wp-content\/uploads\/2025\/03\/skin-doctors-ingrow-go.jpg\",\"contentUrl\":\"https:\/\/product-guide.org\/wp-content\/uploads\/2025\/03\/skin-doctors-ingrow-go.jpg\",\"width\":500,\"height\":500},{\"@type\":\"BreadcrumbList\",\"@id\":\"https:\/\/product-guide.org\/produkt\/hilfe-bei-eingewachsenen-haaren-120-ml-lotion-aus-naturlichen-inhaltsstoffen-und-ohne-parabene-auch-fur-den-intimbereich-geeignet-shytobuy\/#breadcrumb\",\"itemListElement\":[{\"@type\":\"ListItem\",\"position\":1,\"name\":\"Home\",\"item\":\"https:\/\/product-guide.org\/\"},{\"@type\":\"ListItem\",\"position\":2,\"name\":\"Ergebnisse\",\"item\":\"https:\/\/product-guide.org\/de\/ergebnisse\/\"},{\"@type\":\"ListItem\",\"position\":3,\"name\":\"Hilfe bei eingewachsenen Haaren 120 ml Lotion aus nat\u00fcrlichen Inhaltsstoffen und ohne Parabene Auch f\u00fcr den Intimbereich geeignet | ShytoBuy\"}]},{\"@type\":\"WebSite\",\"@id\":\"https:\/\/product-guide.org\/#website\",\"url\":\"https:\/\/product-guide.org\/\",\"name\":\"Product-Guide.org\",\"description\":\"What Product are you looking for?\",\"publisher\":{\"@id\":\"https:\/\/product-guide.org\/#organization\"},\"potentialAction\":[{\"@type\":\"SearchAction\",\"target\":{\"@type\":\"EntryPoint\",\"urlTemplate\":\"https:\/\/product-guide.org\/?s={search_term_string}\"},\"query-input\":{\"@type\":\"PropertyValueSpecification\",\"valueRequired\":true,\"valueName\":\"search_term_string\"}}],\"inLanguage\":\"en-GB\"},{\"@type\":\"Organization\",\"@id\":\"https:\/\/product-guide.org\/#organization\",\"name\":\"Product-Guide.org\",\"url\":\"https:\/\/product-guide.org\/\",\"logo\":{\"@type\":\"ImageObject\",\"inLanguage\":\"en-GB\",\"@id\":\"https:\/\/product-guide.org\/#\/schema\/logo\/image\/\",\"url\":\"https:\/\/product-guide.org\/wp-content\/uploads\/2022\/07\/logo_transparent_background.png\",\"contentUrl\":\"https:\/\/product-guide.org\/wp-content\/uploads\/2022\/07\/logo_transparent_background.png\",\"width\":3400,\"height\":1132,\"caption\":\"Product-Guide.org\"},\"image\":{\"@id\":\"https:\/\/product-guide.org\/#\/schema\/logo\/image\/\"}}]}<\/script>\n<!-- \/ Yoast SEO plugin. -->","yoast_head_json":{"title":"Hilfe bei eingewachsenen Haaren 120 ml Lotion aus nat\u00fcrlichen Inhaltsstoffen und ohne Parabene Auch f\u00fcr den Intimbereich geeignet | ShytoBuy | Product-Guide.org","description":"Hilfe bei eingewachsenen Haaren 120 ml Lotion aus nat\u00fcrlichen Inhaltsstoffen und ohne Parabene Auch f\u00fcr den Intimbereich geeignet | ShytoBuy gefunden von Product-Guide.org","robots":{"index":"index","follow":"follow","max-snippet":"max-snippet:-1","max-image-preview":"max-image-preview:large","max-video-preview":"max-video-preview:-1"},"canonical":"https:\/\/product-guide.org\/en\/produkt\/hilfe-bei-eingewachsenen-haaren-120-ml-lotion-aus-naturlichen-inhaltsstoffen-und-ohne-parabene-auch-fur-den-intimbereich-geeignet-shytobuy\/","og_locale":"en_GB","og_type":"article","og_title":"Hilfe bei eingewachsenen Haaren 120 ml Lotion aus nat\u00fcrlichen Inhaltsstoffen und ohne Parabene Auch f\u00fcr den Intimbereich geeignet | ShytoBuy | Product-Guide.org","og_description":"Hilfe bei eingewachsenen Haaren 120 ml Lotion aus nat\u00fcrlichen Inhaltsstoffen und ohne Parabene Auch f\u00fcr den Intimbereich geeignet | ShytoBuy gefunden von Product-Guide.org","og_url":"https:\/\/product-guide.org\/en\/produkt\/hilfe-bei-eingewachsenen-haaren-120-ml-lotion-aus-naturlichen-inhaltsstoffen-und-ohne-parabene-auch-fur-den-intimbereich-geeignet-shytobuy\/","og_site_name":"Product-Guide.org","twitter_card":"summary_large_image","schema":{"@context":"https:\/\/schema.org","@graph":[{"@type":"WebPage","@id":"https:\/\/product-guide.org\/produkt\/hilfe-bei-eingewachsenen-haaren-120-ml-lotion-aus-naturlichen-inhaltsstoffen-und-ohne-parabene-auch-fur-den-intimbereich-geeignet-shytobuy\/","url":"https:\/\/product-guide.org\/produkt\/hilfe-bei-eingewachsenen-haaren-120-ml-lotion-aus-naturlichen-inhaltsstoffen-und-ohne-parabene-auch-fur-den-intimbereich-geeignet-shytobuy\/","name":"Hilfe bei eingewachsenen Haaren 120 ml Lotion aus nat\u00fcrlichen Inhaltsstoffen und ohne Parabene Auch f\u00fcr den Intimbereich geeignet | ShytoBuy | Product-Guide.org","isPartOf":{"@id":"https:\/\/product-guide.org\/#website"},"primaryImageOfPage":{"@id":"https:\/\/product-guide.org\/produkt\/hilfe-bei-eingewachsenen-haaren-120-ml-lotion-aus-naturlichen-inhaltsstoffen-und-ohne-parabene-auch-fur-den-intimbereich-geeignet-shytobuy\/#primaryimage"},"image":{"@id":"https:\/\/product-guide.org\/produkt\/hilfe-bei-eingewachsenen-haaren-120-ml-lotion-aus-naturlichen-inhaltsstoffen-und-ohne-parabene-auch-fur-den-intimbereich-geeignet-shytobuy\/#primaryimage"},"thumbnailUrl":"https:\/\/product-guide.org\/wp-content\/uploads\/2025\/03\/skin-doctors-ingrow-go.jpg","datePublished":"2025-03-17T10:31:41+00:00","description":"Hilfe bei eingewachsenen Haaren 120 ml Lotion aus nat\u00fcrlichen Inhaltsstoffen und ohne Parabene Auch f\u00fcr den Intimbereich geeignet | ShytoBuy gefunden von Product-Guide.org","breadcrumb":{"@id":"https:\/\/product-guide.org\/produkt\/hilfe-bei-eingewachsenen-haaren-120-ml-lotion-aus-naturlichen-inhaltsstoffen-und-ohne-parabene-auch-fur-den-intimbereich-geeignet-shytobuy\/#breadcrumb"},"inLanguage":"en-GB","potentialAction":[{"@type":"ReadAction","target":["https:\/\/product-guide.org\/produkt\/hilfe-bei-eingewachsenen-haaren-120-ml-lotion-aus-naturlichen-inhaltsstoffen-und-ohne-parabene-auch-fur-den-intimbereich-geeignet-shytobuy\/"]}]},{"@type":"ImageObject","inLanguage":"en-GB","@id":"https:\/\/product-guide.org\/produkt\/hilfe-bei-eingewachsenen-haaren-120-ml-lotion-aus-naturlichen-inhaltsstoffen-und-ohne-parabene-auch-fur-den-intimbereich-geeignet-shytobuy\/#primaryimage","url":"https:\/\/product-guide.org\/wp-content\/uploads\/2025\/03\/skin-doctors-ingrow-go.jpg","contentUrl":"https:\/\/product-guide.org\/wp-content\/uploads\/2025\/03\/skin-doctors-ingrow-go.jpg","width":500,"height":500},{"@type":"BreadcrumbList","@id":"https:\/\/product-guide.org\/produkt\/hilfe-bei-eingewachsenen-haaren-120-ml-lotion-aus-naturlichen-inhaltsstoffen-und-ohne-parabene-auch-fur-den-intimbereich-geeignet-shytobuy\/#breadcrumb","itemListElement":[{"@type":"ListItem","position":1,"name":"Home","item":"https:\/\/product-guide.org\/"},{"@type":"ListItem","position":2,"name":"Ergebnisse","item":"https:\/\/product-guide.org\/de\/ergebnisse\/"},{"@type":"ListItem","position":3,"name":"Hilfe bei eingewachsenen Haaren 120 ml Lotion aus nat\u00fcrlichen Inhaltsstoffen und ohne Parabene Auch f\u00fcr den Intimbereich geeignet | ShytoBuy"}]},{"@type":"WebSite","@id":"https:\/\/product-guide.org\/#website","url":"https:\/\/product-guide.org\/","name":"Product-Guide.org","description":"What Product are you looking for?","publisher":{"@id":"https:\/\/product-guide.org\/#organization"},"potentialAction":[{"@type":"SearchAction","target":{"@type":"EntryPoint","urlTemplate":"https:\/\/product-guide.org\/?s={search_term_string}"},"query-input":{"@type":"PropertyValueSpecification","valueRequired":true,"valueName":"search_term_string"}}],"inLanguage":"en-GB"},{"@type":"Organization","@id":"https:\/\/product-guide.org\/#organization","name":"Product-Guide.org","url":"https:\/\/product-guide.org\/","logo":{"@type":"ImageObject","inLanguage":"en-GB","@id":"https:\/\/product-guide.org\/#\/schema\/logo\/image\/","url":"https:\/\/product-guide.org\/wp-content\/uploads\/2022\/07\/logo_transparent_background.png","contentUrl":"https:\/\/product-guide.org\/wp-content\/uploads\/2022\/07\/logo_transparent_background.png","width":3400,"height":1132,"caption":"Product-Guide.org"},"image":{"@id":"https:\/\/product-guide.org\/#\/schema\/logo\/image\/"}}]}},"_links":{"self":[{"href":"https:\/\/product-guide.org\/en\/wp-json\/wp\/v2\/product\/52168","targetHints":{"allow":["GET"]}}],"collection":[{"href":"https:\/\/product-guide.org\/en\/wp-json\/wp\/v2\/product"}],"about":[{"href":"https:\/\/product-guide.org\/en\/wp-json\/wp\/v2\/types\/product"}],"wp:featuredmedia":[{"embeddable":true,"href":"https:\/\/product-guide.org\/en\/wp-json\/wp\/v2\/media\/52167"}],"wp:attachment":[{"href":"https:\/\/product-guide.org\/en\/wp-json\/wp\/v2\/media?parent=52168"}],"wp:term":[{"taxonomy":"store","embeddable":true,"href":"https:\/\/product-guide.org\/en\/wp-json\/wp\/v2\/store?post=52168"},{"taxonomy":"product_brand","embeddable":true,"href":"https:\/\/product-guide.org\/en\/wp-json\/wp\/v2\/product_brand?post=52168"},{"taxonomy":"product_cat","embeddable":true,"href":"https:\/\/product-guide.org\/en\/wp-json\/wp\/v2\/product_cat?post=52168"},{"taxonomy":"product_tag","embeddable":true,"href":"https:\/\/product-guide.org\/en\/wp-json\/wp\/v2\/product_tag?post=52168"}],"curies":[{"name":"wp","href":"https:\/\/api.w.org\/{rel}","templated":true}]}}