{"id":52188,"date":"2025-03-17T11:31:55","date_gmt":"2025-03-17T10:31:55","guid":{"rendered":"https:\/\/product-guide.org\/produkt\/stimulationsgel-fur-manner-prosolution-gel-in-praktischer-60-ml-flasche-stimuliert-ihn-und-fordert-die-durchblutung-der-mannlichen-schwellkorper\/"},"modified":"2025-03-17T11:31:55","modified_gmt":"2025-03-17T10:31:55","slug":"stimulationsgel-fur-manner-prosolution-gel-in-praktischer-60-ml-flasche-stimuliert-ihn-und-fordert-die-durchblutung-der-mannlichen-schwellkorper","status":"publish","type":"product","link":"https:\/\/product-guide.org\/en\/produkt\/stimulationsgel-fur-manner-prosolution-gel-in-praktischer-60-ml-flasche-stimuliert-ihn-und-fordert-die-durchblutung-der-mannlichen-schwellkorper\/","title":{"rendered":"Stimulationsgel f\u00fcr M\u00e4nner prosolution Gel in praktischer 60 ml Flasche Stimuliert Ihn und f\u00f6rdert die Durchblutung der m\u00e4nnlichen Schwellk\u00f6rper |"},"content":{"rendered":"<p>Steigere deine Libido und f\u00f6rdere deine sexuelle Standhaftigkeit mit dem diskreten Gel von prosolution schnell und ohne Nebenwirkungen Die nat\u00fcrlichen Inhaltsstoffe erweitern die Schwellk\u00f6rper, stimulieren die Libido und f\u00f6rdern die sexuelle Leistungsf\u00e4higkeit sowie Ausdauer bei M\u00e4nnern F\u00fcr mehr Spa\u00df im Bett<\/p>\n","protected":false},"excerpt":{"rendered":"<p>Steigere deine Libido und f\u00f6rdere deine sexuelle Standhaftigkeit mit dem diskreten Gel von prosolution schnell und ohne Nebenwirkungen Die nat\u00fcrlichen Inhaltsstoffe erweitern die Schwellk\u00f6rper, stimulieren die Libido und f\u00f6rdern die sexuelle Leistungsf\u00e4higkeit sowie Ausdauer bei M\u00e4nnern F\u00fcr mehr Spa\u00df im Bett<\/p>\n","protected":false},"featured_media":52187,"template":"","meta":{"_gspb_post_css":""},"store":[],"product_brand":[1396],"product_cat":[1290],"product_tag":[],"class_list":{"0":"post-52188","1":"product","2":"type-product","3":"status-publish","4":"has-post-thumbnail","6":"product_brand-shytobuy-de","7":"product_cat-uncategorized","9":"first","10":"instock","11":"shipping-taxable","12":"purchasable","13":"product-type-simple"},"yoast_head":"<!-- This site is optimized with the Yoast SEO plugin v24.6 - https:\/\/yoast.com\/wordpress\/plugins\/seo\/ -->\n<title>Stimulationsgel f\u00fcr M\u00e4nner prosolution Gel in praktischer 60 ml Flasche Stimuliert Ihn und f\u00f6rdert die Durchblutung der m\u00e4nnlichen Schwellk\u00f6rper | Product-Guide.org<\/title>\n<meta name=\"description\" content=\"Stimulationsgel f\u00fcr M\u00e4nner prosolution Gel in praktischer 60 ml Flasche Stimuliert Ihn und f\u00f6rdert die Durchblutung der m\u00e4nnlichen Schwellk\u00f6rper | gefunden von Product-Guide.org\" \/>\n<meta name=\"robots\" content=\"index, follow, max-snippet:-1, max-image-preview:large, max-video-preview:-1\" \/>\n<link rel=\"canonical\" href=\"https:\/\/product-guide.org\/en\/produkt\/stimulationsgel-fur-manner-prosolution-gel-in-praktischer-60-ml-flasche-stimuliert-ihn-und-fordert-die-durchblutung-der-mannlichen-schwellkorper\/\" \/>\n<meta property=\"og:locale\" content=\"en_GB\" \/>\n<meta property=\"og:type\" content=\"article\" \/>\n<meta property=\"og:title\" content=\"Stimulationsgel f\u00fcr M\u00e4nner prosolution Gel in praktischer 60 ml Flasche Stimuliert Ihn und f\u00f6rdert die Durchblutung der m\u00e4nnlichen Schwellk\u00f6rper | Product-Guide.org\" \/>\n<meta property=\"og:description\" content=\"Stimulationsgel f\u00fcr M\u00e4nner prosolution Gel in praktischer 60 ml Flasche Stimuliert Ihn und f\u00f6rdert die Durchblutung der m\u00e4nnlichen Schwellk\u00f6rper | gefunden von Product-Guide.org\" \/>\n<meta property=\"og:url\" content=\"https:\/\/product-guide.org\/en\/produkt\/stimulationsgel-fur-manner-prosolution-gel-in-praktischer-60-ml-flasche-stimuliert-ihn-und-fordert-die-durchblutung-der-mannlichen-schwellkorper\/\" \/>\n<meta property=\"og:site_name\" content=\"Product-Guide.org\" \/>\n<meta name=\"twitter:card\" content=\"summary_large_image\" \/>\n<script type=\"application\/ld+json\" class=\"yoast-schema-graph\">{\"@context\":\"https:\/\/schema.org\",\"@graph\":[{\"@type\":\"WebPage\",\"@id\":\"https:\/\/product-guide.org\/produkt\/stimulationsgel-fur-manner-prosolution-gel-in-praktischer-60-ml-flasche-stimuliert-ihn-und-fordert-die-durchblutung-der-mannlichen-schwellkorper\/\",\"url\":\"https:\/\/product-guide.org\/produkt\/stimulationsgel-fur-manner-prosolution-gel-in-praktischer-60-ml-flasche-stimuliert-ihn-und-fordert-die-durchblutung-der-mannlichen-schwellkorper\/\",\"name\":\"Stimulationsgel f\u00fcr M\u00e4nner prosolution Gel in praktischer 60 ml Flasche Stimuliert Ihn und f\u00f6rdert die Durchblutung der m\u00e4nnlichen Schwellk\u00f6rper | Product-Guide.org\",\"isPartOf\":{\"@id\":\"https:\/\/product-guide.org\/#website\"},\"primaryImageOfPage\":{\"@id\":\"https:\/\/product-guide.org\/produkt\/stimulationsgel-fur-manner-prosolution-gel-in-praktischer-60-ml-flasche-stimuliert-ihn-und-fordert-die-durchblutung-der-mannlichen-schwellkorper\/#primaryimage\"},\"image\":{\"@id\":\"https:\/\/product-guide.org\/produkt\/stimulationsgel-fur-manner-prosolution-gel-in-praktischer-60-ml-flasche-stimuliert-ihn-und-fordert-die-durchblutung-der-mannlichen-schwellkorper\/#primaryimage\"},\"thumbnailUrl\":\"https:\/\/product-guide.org\/wp-content\/uploads\/2025\/03\/prosolution-gel-01-front.jpg\",\"datePublished\":\"2025-03-17T10:31:55+00:00\",\"description\":\"Stimulationsgel f\u00fcr M\u00e4nner prosolution Gel in praktischer 60 ml Flasche Stimuliert Ihn und f\u00f6rdert die Durchblutung der m\u00e4nnlichen Schwellk\u00f6rper | gefunden von Product-Guide.org\",\"breadcrumb\":{\"@id\":\"https:\/\/product-guide.org\/produkt\/stimulationsgel-fur-manner-prosolution-gel-in-praktischer-60-ml-flasche-stimuliert-ihn-und-fordert-die-durchblutung-der-mannlichen-schwellkorper\/#breadcrumb\"},\"inLanguage\":\"en-GB\",\"potentialAction\":[{\"@type\":\"ReadAction\",\"target\":[\"https:\/\/product-guide.org\/produkt\/stimulationsgel-fur-manner-prosolution-gel-in-praktischer-60-ml-flasche-stimuliert-ihn-und-fordert-die-durchblutung-der-mannlichen-schwellkorper\/\"]}]},{\"@type\":\"ImageObject\",\"inLanguage\":\"en-GB\",\"@id\":\"https:\/\/product-guide.org\/produkt\/stimulationsgel-fur-manner-prosolution-gel-in-praktischer-60-ml-flasche-stimuliert-ihn-und-fordert-die-durchblutung-der-mannlichen-schwellkorper\/#primaryimage\",\"url\":\"https:\/\/product-guide.org\/wp-content\/uploads\/2025\/03\/prosolution-gel-01-front.jpg\",\"contentUrl\":\"https:\/\/product-guide.org\/wp-content\/uploads\/2025\/03\/prosolution-gel-01-front.jpg\",\"width\":500,\"height\":500},{\"@type\":\"BreadcrumbList\",\"@id\":\"https:\/\/product-guide.org\/produkt\/stimulationsgel-fur-manner-prosolution-gel-in-praktischer-60-ml-flasche-stimuliert-ihn-und-fordert-die-durchblutung-der-mannlichen-schwellkorper\/#breadcrumb\",\"itemListElement\":[{\"@type\":\"ListItem\",\"position\":1,\"name\":\"Home\",\"item\":\"https:\/\/product-guide.org\/\"},{\"@type\":\"ListItem\",\"position\":2,\"name\":\"Ergebnisse\",\"item\":\"https:\/\/product-guide.org\/de\/ergebnisse\/\"},{\"@type\":\"ListItem\",\"position\":3,\"name\":\"Stimulationsgel f\u00fcr M\u00e4nner prosolution Gel in praktischer 60 ml Flasche Stimuliert Ihn und f\u00f6rdert die Durchblutung der m\u00e4nnlichen Schwellk\u00f6rper |\"}]},{\"@type\":\"WebSite\",\"@id\":\"https:\/\/product-guide.org\/#website\",\"url\":\"https:\/\/product-guide.org\/\",\"name\":\"Product-Guide.org\",\"description\":\"What Product are you looking for?\",\"publisher\":{\"@id\":\"https:\/\/product-guide.org\/#organization\"},\"potentialAction\":[{\"@type\":\"SearchAction\",\"target\":{\"@type\":\"EntryPoint\",\"urlTemplate\":\"https:\/\/product-guide.org\/?s={search_term_string}\"},\"query-input\":{\"@type\":\"PropertyValueSpecification\",\"valueRequired\":true,\"valueName\":\"search_term_string\"}}],\"inLanguage\":\"en-GB\"},{\"@type\":\"Organization\",\"@id\":\"https:\/\/product-guide.org\/#organization\",\"name\":\"Product-Guide.org\",\"url\":\"https:\/\/product-guide.org\/\",\"logo\":{\"@type\":\"ImageObject\",\"inLanguage\":\"en-GB\",\"@id\":\"https:\/\/product-guide.org\/#\/schema\/logo\/image\/\",\"url\":\"https:\/\/product-guide.org\/wp-content\/uploads\/2022\/07\/logo_transparent_background.png\",\"contentUrl\":\"https:\/\/product-guide.org\/wp-content\/uploads\/2022\/07\/logo_transparent_background.png\",\"width\":3400,\"height\":1132,\"caption\":\"Product-Guide.org\"},\"image\":{\"@id\":\"https:\/\/product-guide.org\/#\/schema\/logo\/image\/\"}}]}<\/script>\n<!-- \/ Yoast SEO plugin. -->","yoast_head_json":{"title":"Stimulationsgel f\u00fcr M\u00e4nner prosolution Gel in praktischer 60 ml Flasche Stimuliert Ihn und f\u00f6rdert die Durchblutung der m\u00e4nnlichen Schwellk\u00f6rper | Product-Guide.org","description":"Stimulationsgel f\u00fcr M\u00e4nner prosolution Gel in praktischer 60 ml Flasche Stimuliert Ihn und f\u00f6rdert die Durchblutung der m\u00e4nnlichen Schwellk\u00f6rper | gefunden von Product-Guide.org","robots":{"index":"index","follow":"follow","max-snippet":"max-snippet:-1","max-image-preview":"max-image-preview:large","max-video-preview":"max-video-preview:-1"},"canonical":"https:\/\/product-guide.org\/en\/produkt\/stimulationsgel-fur-manner-prosolution-gel-in-praktischer-60-ml-flasche-stimuliert-ihn-und-fordert-die-durchblutung-der-mannlichen-schwellkorper\/","og_locale":"en_GB","og_type":"article","og_title":"Stimulationsgel f\u00fcr M\u00e4nner prosolution Gel in praktischer 60 ml Flasche Stimuliert Ihn und f\u00f6rdert die Durchblutung der m\u00e4nnlichen Schwellk\u00f6rper | Product-Guide.org","og_description":"Stimulationsgel f\u00fcr M\u00e4nner prosolution Gel in praktischer 60 ml Flasche Stimuliert Ihn und f\u00f6rdert die Durchblutung der m\u00e4nnlichen Schwellk\u00f6rper | gefunden von Product-Guide.org","og_url":"https:\/\/product-guide.org\/en\/produkt\/stimulationsgel-fur-manner-prosolution-gel-in-praktischer-60-ml-flasche-stimuliert-ihn-und-fordert-die-durchblutung-der-mannlichen-schwellkorper\/","og_site_name":"Product-Guide.org","twitter_card":"summary_large_image","schema":{"@context":"https:\/\/schema.org","@graph":[{"@type":"WebPage","@id":"https:\/\/product-guide.org\/produkt\/stimulationsgel-fur-manner-prosolution-gel-in-praktischer-60-ml-flasche-stimuliert-ihn-und-fordert-die-durchblutung-der-mannlichen-schwellkorper\/","url":"https:\/\/product-guide.org\/produkt\/stimulationsgel-fur-manner-prosolution-gel-in-praktischer-60-ml-flasche-stimuliert-ihn-und-fordert-die-durchblutung-der-mannlichen-schwellkorper\/","name":"Stimulationsgel f\u00fcr M\u00e4nner prosolution Gel in praktischer 60 ml Flasche Stimuliert Ihn und f\u00f6rdert die Durchblutung der m\u00e4nnlichen Schwellk\u00f6rper | Product-Guide.org","isPartOf":{"@id":"https:\/\/product-guide.org\/#website"},"primaryImageOfPage":{"@id":"https:\/\/product-guide.org\/produkt\/stimulationsgel-fur-manner-prosolution-gel-in-praktischer-60-ml-flasche-stimuliert-ihn-und-fordert-die-durchblutung-der-mannlichen-schwellkorper\/#primaryimage"},"image":{"@id":"https:\/\/product-guide.org\/produkt\/stimulationsgel-fur-manner-prosolution-gel-in-praktischer-60-ml-flasche-stimuliert-ihn-und-fordert-die-durchblutung-der-mannlichen-schwellkorper\/#primaryimage"},"thumbnailUrl":"https:\/\/product-guide.org\/wp-content\/uploads\/2025\/03\/prosolution-gel-01-front.jpg","datePublished":"2025-03-17T10:31:55+00:00","description":"Stimulationsgel f\u00fcr M\u00e4nner prosolution Gel in praktischer 60 ml Flasche Stimuliert Ihn und f\u00f6rdert die Durchblutung der m\u00e4nnlichen Schwellk\u00f6rper | gefunden von Product-Guide.org","breadcrumb":{"@id":"https:\/\/product-guide.org\/produkt\/stimulationsgel-fur-manner-prosolution-gel-in-praktischer-60-ml-flasche-stimuliert-ihn-und-fordert-die-durchblutung-der-mannlichen-schwellkorper\/#breadcrumb"},"inLanguage":"en-GB","potentialAction":[{"@type":"ReadAction","target":["https:\/\/product-guide.org\/produkt\/stimulationsgel-fur-manner-prosolution-gel-in-praktischer-60-ml-flasche-stimuliert-ihn-und-fordert-die-durchblutung-der-mannlichen-schwellkorper\/"]}]},{"@type":"ImageObject","inLanguage":"en-GB","@id":"https:\/\/product-guide.org\/produkt\/stimulationsgel-fur-manner-prosolution-gel-in-praktischer-60-ml-flasche-stimuliert-ihn-und-fordert-die-durchblutung-der-mannlichen-schwellkorper\/#primaryimage","url":"https:\/\/product-guide.org\/wp-content\/uploads\/2025\/03\/prosolution-gel-01-front.jpg","contentUrl":"https:\/\/product-guide.org\/wp-content\/uploads\/2025\/03\/prosolution-gel-01-front.jpg","width":500,"height":500},{"@type":"BreadcrumbList","@id":"https:\/\/product-guide.org\/produkt\/stimulationsgel-fur-manner-prosolution-gel-in-praktischer-60-ml-flasche-stimuliert-ihn-und-fordert-die-durchblutung-der-mannlichen-schwellkorper\/#breadcrumb","itemListElement":[{"@type":"ListItem","position":1,"name":"Home","item":"https:\/\/product-guide.org\/"},{"@type":"ListItem","position":2,"name":"Ergebnisse","item":"https:\/\/product-guide.org\/de\/ergebnisse\/"},{"@type":"ListItem","position":3,"name":"Stimulationsgel f\u00fcr M\u00e4nner prosolution Gel in praktischer 60 ml Flasche Stimuliert Ihn und f\u00f6rdert die Durchblutung der m\u00e4nnlichen Schwellk\u00f6rper |"}]},{"@type":"WebSite","@id":"https:\/\/product-guide.org\/#website","url":"https:\/\/product-guide.org\/","name":"Product-Guide.org","description":"What Product are you looking for?","publisher":{"@id":"https:\/\/product-guide.org\/#organization"},"potentialAction":[{"@type":"SearchAction","target":{"@type":"EntryPoint","urlTemplate":"https:\/\/product-guide.org\/?s={search_term_string}"},"query-input":{"@type":"PropertyValueSpecification","valueRequired":true,"valueName":"search_term_string"}}],"inLanguage":"en-GB"},{"@type":"Organization","@id":"https:\/\/product-guide.org\/#organization","name":"Product-Guide.org","url":"https:\/\/product-guide.org\/","logo":{"@type":"ImageObject","inLanguage":"en-GB","@id":"https:\/\/product-guide.org\/#\/schema\/logo\/image\/","url":"https:\/\/product-guide.org\/wp-content\/uploads\/2022\/07\/logo_transparent_background.png","contentUrl":"https:\/\/product-guide.org\/wp-content\/uploads\/2022\/07\/logo_transparent_background.png","width":3400,"height":1132,"caption":"Product-Guide.org"},"image":{"@id":"https:\/\/product-guide.org\/#\/schema\/logo\/image\/"}}]}},"_links":{"self":[{"href":"https:\/\/product-guide.org\/en\/wp-json\/wp\/v2\/product\/52188","targetHints":{"allow":["GET"]}}],"collection":[{"href":"https:\/\/product-guide.org\/en\/wp-json\/wp\/v2\/product"}],"about":[{"href":"https:\/\/product-guide.org\/en\/wp-json\/wp\/v2\/types\/product"}],"wp:featuredmedia":[{"embeddable":true,"href":"https:\/\/product-guide.org\/en\/wp-json\/wp\/v2\/media\/52187"}],"wp:attachment":[{"href":"https:\/\/product-guide.org\/en\/wp-json\/wp\/v2\/media?parent=52188"}],"wp:term":[{"taxonomy":"store","embeddable":true,"href":"https:\/\/product-guide.org\/en\/wp-json\/wp\/v2\/store?post=52188"},{"taxonomy":"product_brand","embeddable":true,"href":"https:\/\/product-guide.org\/en\/wp-json\/wp\/v2\/product_brand?post=52188"},{"taxonomy":"product_cat","embeddable":true,"href":"https:\/\/product-guide.org\/en\/wp-json\/wp\/v2\/product_cat?post=52188"},{"taxonomy":"product_tag","embeddable":true,"href":"https:\/\/product-guide.org\/en\/wp-json\/wp\/v2\/product_tag?post=52188"}],"curies":[{"name":"wp","href":"https:\/\/api.w.org\/{rel}","templated":true}]}}