{"id":52396,"date":"2025-03-17T11:35:50","date_gmt":"2025-03-17T10:35:50","guid":{"rendered":"https:\/\/product-guide.org\/produkt\/golden-bestseller-gewurzset-just-spices\/"},"modified":"2025-03-17T11:35:50","modified_gmt":"2025-03-17T10:35:50","slug":"golden-bestseller-gewurzset-just-spices","status":"publish","type":"product","link":"https:\/\/product-guide.org\/en\/produkt\/golden-bestseller-gewurzset-just-spices\/","title":{"rendered":"Golden Bestseller Gew\u00fcrzset | Just Spices"},"content":{"rendered":"<p>Neiiiin, hier ist kein Gold drin, nur daran. Zum 10-j\u00e4hrigen Jubil\u00e4um haben wir unsere zehn beliebtesten Gew\u00fcrzmixe ins Goldgewand gepackt, damits nicht nur gl\u00e4nzend schmeckt.<\/p>\n","protected":false},"excerpt":{"rendered":"<p>Neiiiin, hier ist kein Gold drin, nur daran. Zum 10-j\u00e4hrigen Jubil\u00e4um haben wir unsere zehn beliebtesten Gew\u00fcrzmixe ins Goldgewand gepackt, damits nicht nur gl\u00e4nzend schmeckt.<\/p>\n","protected":false},"featured_media":52395,"template":"","meta":{"_gspb_post_css":""},"store":[],"product_brand":[1398],"product_cat":[1290],"product_tag":[],"class_list":{"0":"post-52396","1":"product","2":"type-product","3":"status-publish","4":"has-post-thumbnail","6":"product_brand-just-spices-de","7":"product_cat-uncategorized","9":"first","10":"instock","11":"shipping-taxable","12":"purchasable","13":"product-type-simple"},"yoast_head":"<!-- This site is optimized with the Yoast SEO plugin v24.6 - https:\/\/yoast.com\/wordpress\/plugins\/seo\/ -->\n<title>Golden Bestseller Gew\u00fcrzset | Just Spices | Product-Guide.org<\/title>\n<meta name=\"description\" content=\"Golden Bestseller Gew\u00fcrzset | Just Spices gefunden von Product-Guide.org\" \/>\n<meta name=\"robots\" content=\"index, follow, max-snippet:-1, max-image-preview:large, max-video-preview:-1\" \/>\n<link rel=\"canonical\" href=\"https:\/\/product-guide.org\/en\/produkt\/golden-bestseller-gewurzset-just-spices\/\" \/>\n<meta property=\"og:locale\" content=\"en_GB\" \/>\n<meta property=\"og:type\" content=\"article\" \/>\n<meta property=\"og:title\" content=\"Golden Bestseller Gew\u00fcrzset | Just Spices | Product-Guide.org\" \/>\n<meta property=\"og:description\" content=\"Golden Bestseller Gew\u00fcrzset | Just Spices gefunden von Product-Guide.org\" \/>\n<meta property=\"og:url\" content=\"https:\/\/product-guide.org\/en\/produkt\/golden-bestseller-gewurzset-just-spices\/\" \/>\n<meta property=\"og:site_name\" content=\"Product-Guide.org\" \/>\n<meta name=\"twitter:card\" content=\"summary_large_image\" \/>\n<script type=\"application\/ld+json\" class=\"yoast-schema-graph\">{\"@context\":\"https:\/\/schema.org\",\"@graph\":[{\"@type\":\"WebPage\",\"@id\":\"https:\/\/product-guide.org\/produkt\/golden-bestseller-gewurzset-just-spices\/\",\"url\":\"https:\/\/product-guide.org\/produkt\/golden-bestseller-gewurzset-just-spices\/\",\"name\":\"Golden Bestseller Gew\u00fcrzset | Just Spices | Product-Guide.org\",\"isPartOf\":{\"@id\":\"https:\/\/product-guide.org\/#website\"},\"primaryImageOfPage\":{\"@id\":\"https:\/\/product-guide.org\/produkt\/golden-bestseller-gewurzset-just-spices\/#primaryimage\"},\"image\":{\"@id\":\"https:\/\/product-guide.org\/produkt\/golden-bestseller-gewurzset-just-spices\/#primaryimage\"},\"thumbnailUrl\":\"https:\/\/product-guide.org\/wp-content\/uploads\/2025\/03\/10er-golden-bestseller-gewuerzset-pyramide.png\",\"datePublished\":\"2025-03-17T10:35:50+00:00\",\"description\":\"Golden Bestseller Gew\u00fcrzset | Just Spices gefunden von Product-Guide.org\",\"breadcrumb\":{\"@id\":\"https:\/\/product-guide.org\/produkt\/golden-bestseller-gewurzset-just-spices\/#breadcrumb\"},\"inLanguage\":\"en-GB\",\"potentialAction\":[{\"@type\":\"ReadAction\",\"target\":[\"https:\/\/product-guide.org\/produkt\/golden-bestseller-gewurzset-just-spices\/\"]}]},{\"@type\":\"ImageObject\",\"inLanguage\":\"en-GB\",\"@id\":\"https:\/\/product-guide.org\/produkt\/golden-bestseller-gewurzset-just-spices\/#primaryimage\",\"url\":\"https:\/\/product-guide.org\/wp-content\/uploads\/2025\/03\/10er-golden-bestseller-gewuerzset-pyramide.png\",\"contentUrl\":\"https:\/\/product-guide.org\/wp-content\/uploads\/2025\/03\/10er-golden-bestseller-gewuerzset-pyramide.png\",\"width\":1000,\"height\":1000},{\"@type\":\"BreadcrumbList\",\"@id\":\"https:\/\/product-guide.org\/produkt\/golden-bestseller-gewurzset-just-spices\/#breadcrumb\",\"itemListElement\":[{\"@type\":\"ListItem\",\"position\":1,\"name\":\"Home\",\"item\":\"https:\/\/product-guide.org\/\"},{\"@type\":\"ListItem\",\"position\":2,\"name\":\"Ergebnisse\",\"item\":\"https:\/\/product-guide.org\/de\/ergebnisse\/\"},{\"@type\":\"ListItem\",\"position\":3,\"name\":\"Golden Bestseller Gew\u00fcrzset | Just Spices\"}]},{\"@type\":\"WebSite\",\"@id\":\"https:\/\/product-guide.org\/#website\",\"url\":\"https:\/\/product-guide.org\/\",\"name\":\"Product-Guide.org\",\"description\":\"What Product are you looking for?\",\"publisher\":{\"@id\":\"https:\/\/product-guide.org\/#organization\"},\"potentialAction\":[{\"@type\":\"SearchAction\",\"target\":{\"@type\":\"EntryPoint\",\"urlTemplate\":\"https:\/\/product-guide.org\/?s={search_term_string}\"},\"query-input\":{\"@type\":\"PropertyValueSpecification\",\"valueRequired\":true,\"valueName\":\"search_term_string\"}}],\"inLanguage\":\"en-GB\"},{\"@type\":\"Organization\",\"@id\":\"https:\/\/product-guide.org\/#organization\",\"name\":\"Product-Guide.org\",\"url\":\"https:\/\/product-guide.org\/\",\"logo\":{\"@type\":\"ImageObject\",\"inLanguage\":\"en-GB\",\"@id\":\"https:\/\/product-guide.org\/#\/schema\/logo\/image\/\",\"url\":\"https:\/\/product-guide.org\/wp-content\/uploads\/2022\/07\/logo_transparent_background.png\",\"contentUrl\":\"https:\/\/product-guide.org\/wp-content\/uploads\/2022\/07\/logo_transparent_background.png\",\"width\":3400,\"height\":1132,\"caption\":\"Product-Guide.org\"},\"image\":{\"@id\":\"https:\/\/product-guide.org\/#\/schema\/logo\/image\/\"}}]}<\/script>\n<!-- \/ Yoast SEO plugin. -->","yoast_head_json":{"title":"Golden Bestseller Gew\u00fcrzset | Just Spices | Product-Guide.org","description":"Golden Bestseller Gew\u00fcrzset | Just Spices gefunden von Product-Guide.org","robots":{"index":"index","follow":"follow","max-snippet":"max-snippet:-1","max-image-preview":"max-image-preview:large","max-video-preview":"max-video-preview:-1"},"canonical":"https:\/\/product-guide.org\/en\/produkt\/golden-bestseller-gewurzset-just-spices\/","og_locale":"en_GB","og_type":"article","og_title":"Golden Bestseller Gew\u00fcrzset | Just Spices | Product-Guide.org","og_description":"Golden Bestseller Gew\u00fcrzset | Just Spices gefunden von Product-Guide.org","og_url":"https:\/\/product-guide.org\/en\/produkt\/golden-bestseller-gewurzset-just-spices\/","og_site_name":"Product-Guide.org","twitter_card":"summary_large_image","schema":{"@context":"https:\/\/schema.org","@graph":[{"@type":"WebPage","@id":"https:\/\/product-guide.org\/produkt\/golden-bestseller-gewurzset-just-spices\/","url":"https:\/\/product-guide.org\/produkt\/golden-bestseller-gewurzset-just-spices\/","name":"Golden Bestseller Gew\u00fcrzset | Just Spices | Product-Guide.org","isPartOf":{"@id":"https:\/\/product-guide.org\/#website"},"primaryImageOfPage":{"@id":"https:\/\/product-guide.org\/produkt\/golden-bestseller-gewurzset-just-spices\/#primaryimage"},"image":{"@id":"https:\/\/product-guide.org\/produkt\/golden-bestseller-gewurzset-just-spices\/#primaryimage"},"thumbnailUrl":"https:\/\/product-guide.org\/wp-content\/uploads\/2025\/03\/10er-golden-bestseller-gewuerzset-pyramide.png","datePublished":"2025-03-17T10:35:50+00:00","description":"Golden Bestseller Gew\u00fcrzset | Just Spices gefunden von Product-Guide.org","breadcrumb":{"@id":"https:\/\/product-guide.org\/produkt\/golden-bestseller-gewurzset-just-spices\/#breadcrumb"},"inLanguage":"en-GB","potentialAction":[{"@type":"ReadAction","target":["https:\/\/product-guide.org\/produkt\/golden-bestseller-gewurzset-just-spices\/"]}]},{"@type":"ImageObject","inLanguage":"en-GB","@id":"https:\/\/product-guide.org\/produkt\/golden-bestseller-gewurzset-just-spices\/#primaryimage","url":"https:\/\/product-guide.org\/wp-content\/uploads\/2025\/03\/10er-golden-bestseller-gewuerzset-pyramide.png","contentUrl":"https:\/\/product-guide.org\/wp-content\/uploads\/2025\/03\/10er-golden-bestseller-gewuerzset-pyramide.png","width":1000,"height":1000},{"@type":"BreadcrumbList","@id":"https:\/\/product-guide.org\/produkt\/golden-bestseller-gewurzset-just-spices\/#breadcrumb","itemListElement":[{"@type":"ListItem","position":1,"name":"Home","item":"https:\/\/product-guide.org\/"},{"@type":"ListItem","position":2,"name":"Ergebnisse","item":"https:\/\/product-guide.org\/de\/ergebnisse\/"},{"@type":"ListItem","position":3,"name":"Golden Bestseller Gew\u00fcrzset | Just Spices"}]},{"@type":"WebSite","@id":"https:\/\/product-guide.org\/#website","url":"https:\/\/product-guide.org\/","name":"Product-Guide.org","description":"What Product are you looking for?","publisher":{"@id":"https:\/\/product-guide.org\/#organization"},"potentialAction":[{"@type":"SearchAction","target":{"@type":"EntryPoint","urlTemplate":"https:\/\/product-guide.org\/?s={search_term_string}"},"query-input":{"@type":"PropertyValueSpecification","valueRequired":true,"valueName":"search_term_string"}}],"inLanguage":"en-GB"},{"@type":"Organization","@id":"https:\/\/product-guide.org\/#organization","name":"Product-Guide.org","url":"https:\/\/product-guide.org\/","logo":{"@type":"ImageObject","inLanguage":"en-GB","@id":"https:\/\/product-guide.org\/#\/schema\/logo\/image\/","url":"https:\/\/product-guide.org\/wp-content\/uploads\/2022\/07\/logo_transparent_background.png","contentUrl":"https:\/\/product-guide.org\/wp-content\/uploads\/2022\/07\/logo_transparent_background.png","width":3400,"height":1132,"caption":"Product-Guide.org"},"image":{"@id":"https:\/\/product-guide.org\/#\/schema\/logo\/image\/"}}]}},"_links":{"self":[{"href":"https:\/\/product-guide.org\/en\/wp-json\/wp\/v2\/product\/52396","targetHints":{"allow":["GET"]}}],"collection":[{"href":"https:\/\/product-guide.org\/en\/wp-json\/wp\/v2\/product"}],"about":[{"href":"https:\/\/product-guide.org\/en\/wp-json\/wp\/v2\/types\/product"}],"wp:featuredmedia":[{"embeddable":true,"href":"https:\/\/product-guide.org\/en\/wp-json\/wp\/v2\/media\/52395"}],"wp:attachment":[{"href":"https:\/\/product-guide.org\/en\/wp-json\/wp\/v2\/media?parent=52396"}],"wp:term":[{"taxonomy":"store","embeddable":true,"href":"https:\/\/product-guide.org\/en\/wp-json\/wp\/v2\/store?post=52396"},{"taxonomy":"product_brand","embeddable":true,"href":"https:\/\/product-guide.org\/en\/wp-json\/wp\/v2\/product_brand?post=52396"},{"taxonomy":"product_cat","embeddable":true,"href":"https:\/\/product-guide.org\/en\/wp-json\/wp\/v2\/product_cat?post=52396"},{"taxonomy":"product_tag","embeddable":true,"href":"https:\/\/product-guide.org\/en\/wp-json\/wp\/v2\/product_tag?post=52396"}],"curies":[{"name":"wp","href":"https:\/\/api.w.org\/{rel}","templated":true}]}}