{"id":52469,"date":"2025-03-17T11:38:25","date_gmt":"2025-03-17T10:38:25","guid":{"rendered":"https:\/\/product-guide.org\/produkt\/24x90ml-pantene-pro-v-shampoo-repair-protect-oder-head-shoulders-menthol-fresh-zustellung-an-hermes-paketshop-dealclub-2\/"},"modified":"2025-03-17T11:38:25","modified_gmt":"2025-03-17T10:38:25","slug":"24x90ml-pantene-pro-v-shampoo-repair-protect-oder-head-shoulders-menthol-fresh-zustellung-an-hermes-paketshop-dealclub-2","status":"publish","type":"product","link":"https:\/\/product-guide.org\/en\/produkt\/24x90ml-pantene-pro-v-shampoo-repair-protect-oder-head-shoulders-menthol-fresh-zustellung-an-hermes-paketshop-dealclub-2\/","title":{"rendered":"24x90ml Pantene Pro-V Shampoo Repair &#038; Protect oder Head &#038; Shoulders &#8220;Menthol fresh&#8221; (Zustellung an Hermes PaketShop) | DealClub"},"content":{"rendered":"<p>Boxen bestehend jeweils aus &#8211; w\u00e4hle deine Box24 x Head &#038; Shoulders &#8220;Classic Clean\u201c 24 x Head &#038; Shoulders \u201eMenthol\u201c 24 x Pantene Pro-V &#8220;Repair &#038; Protect&#8221;Je 90ML Flasche (auch ideal zum Verreisen) Wichtige Information zur Lieferung: Der Versand bzw. die Zustellung wird bei all unseren Lieferungen immer mit Hermes durchgef\u00fchrt, welcher die Bestellte Ware zur n\u00e4chstgelegenen Abholstation bringt. Sie werden per Email dar\u00fcber in Kenntnis gesetzt. Bitte beachten Sie, das die Ware nur eine begrenzte Zeit von 7 Tagen eingelagert wird und danach kostenpflichtig an uns retour gesendet wird.<\/p>\n","protected":false},"excerpt":{"rendered":"<p>Boxen bestehend jeweils aus &#8211; w\u00e4hle deine Box24 x Head &#038; Shoulders &#8220;Classic Clean\u201c 24 x Head &#038; Shoulders \u201eMenthol\u201c 24 x Pantene Pro-V &#8220;Repair &#038; Protect&#8221;Je 90ML Flasche (auch ideal zum Verreisen) Wichtige Information zur Lieferung: Der Versand bzw. die Zustellung wird bei all unseren Lieferungen immer mit Hermes durchgef\u00fchrt, welcher die Bestellte Ware [&hellip;]<\/p>\n","protected":false},"featured_media":52467,"template":"","meta":{"_gspb_post_css":""},"store":[],"product_brand":[1399],"product_cat":[1290],"product_tag":[],"class_list":{"0":"post-52469","1":"product","2":"type-product","3":"status-publish","4":"has-post-thumbnail","6":"product_brand-dealclub","7":"product_cat-uncategorized","9":"first","10":"instock","11":"sale","12":"shipping-taxable","13":"purchasable","14":"product-type-simple"},"yoast_head":"<!-- This site is optimized with the Yoast SEO plugin v24.6 - https:\/\/yoast.com\/wordpress\/plugins\/seo\/ -->\n<title>24x90ml Pantene Pro-V Shampoo Repair &amp; Protect oder Head &amp; Shoulders &quot;Menthol fresh&quot; (Zustellung an Hermes PaketShop) | DealClub | Product-Guide.org<\/title>\n<meta name=\"description\" content=\"24x90ml Pantene Pro-V Shampoo Repair &amp; Protect oder Head &amp; Shoulders &quot;Menthol fresh&quot; (Zustellung an Hermes PaketShop) | DealClub gefunden von Product-Guide.org\" \/>\n<meta name=\"robots\" content=\"index, follow, max-snippet:-1, max-image-preview:large, max-video-preview:-1\" \/>\n<link rel=\"canonical\" href=\"https:\/\/product-guide.org\/en\/produkt\/24x90ml-pantene-pro-v-shampoo-repair-protect-oder-head-shoulders-menthol-fresh-zustellung-an-hermes-paketshop-dealclub-2\/\" \/>\n<meta property=\"og:locale\" content=\"en_GB\" \/>\n<meta property=\"og:type\" content=\"article\" \/>\n<meta property=\"og:title\" content=\"24x90ml Pantene Pro-V Shampoo Repair &amp; Protect oder Head &amp; Shoulders &quot;Menthol fresh&quot; (Zustellung an Hermes PaketShop) | DealClub | Product-Guide.org\" \/>\n<meta property=\"og:description\" content=\"24x90ml Pantene Pro-V Shampoo Repair &amp; Protect oder Head &amp; Shoulders &quot;Menthol fresh&quot; (Zustellung an Hermes PaketShop) | DealClub gefunden von Product-Guide.org\" \/>\n<meta property=\"og:url\" content=\"https:\/\/product-guide.org\/en\/produkt\/24x90ml-pantene-pro-v-shampoo-repair-protect-oder-head-shoulders-menthol-fresh-zustellung-an-hermes-paketshop-dealclub-2\/\" \/>\n<meta property=\"og:site_name\" content=\"Product-Guide.org\" \/>\n<meta name=\"twitter:card\" content=\"summary_large_image\" \/>\n<script type=\"application\/ld+json\" class=\"yoast-schema-graph\">{\"@context\":\"https:\/\/schema.org\",\"@graph\":[{\"@type\":\"WebPage\",\"@id\":\"https:\/\/product-guide.org\/produkt\/24x90ml-pantene-pro-v-shampoo-repair-protect-oder-head-shoulders-menthol-fresh-zustellung-an-hermes-paketshop-dealclub-2\/\",\"url\":\"https:\/\/product-guide.org\/produkt\/24x90ml-pantene-pro-v-shampoo-repair-protect-oder-head-shoulders-menthol-fresh-zustellung-an-hermes-paketshop-dealclub-2\/\",\"name\":\"24x90ml Pantene Pro-V Shampoo Repair & Protect oder Head & Shoulders \\\"Menthol fresh\\\" (Zustellung an Hermes PaketShop) | DealClub | Product-Guide.org\",\"isPartOf\":{\"@id\":\"https:\/\/product-guide.org\/#website\"},\"primaryImageOfPage\":{\"@id\":\"https:\/\/product-guide.org\/produkt\/24x90ml-pantene-pro-v-shampoo-repair-protect-oder-head-shoulders-menthol-fresh-zustellung-an-hermes-paketshop-dealclub-2\/#primaryimage\"},\"image\":{\"@id\":\"https:\/\/product-guide.org\/produkt\/24x90ml-pantene-pro-v-shampoo-repair-protect-oder-head-shoulders-menthol-fresh-zustellung-an-hermes-paketshop-dealclub-2\/#primaryimage\"},\"thumbnailUrl\":\"https:\/\/product-guide.org\/wp-content\/uploads\/2025\/03\/shampoodeal.jpg\",\"datePublished\":\"2025-03-17T10:38:25+00:00\",\"description\":\"24x90ml Pantene Pro-V Shampoo Repair & Protect oder Head & Shoulders \\\"Menthol fresh\\\" (Zustellung an Hermes PaketShop) | DealClub gefunden von Product-Guide.org\",\"breadcrumb\":{\"@id\":\"https:\/\/product-guide.org\/produkt\/24x90ml-pantene-pro-v-shampoo-repair-protect-oder-head-shoulders-menthol-fresh-zustellung-an-hermes-paketshop-dealclub-2\/#breadcrumb\"},\"inLanguage\":\"en-GB\",\"potentialAction\":[{\"@type\":\"ReadAction\",\"target\":[\"https:\/\/product-guide.org\/produkt\/24x90ml-pantene-pro-v-shampoo-repair-protect-oder-head-shoulders-menthol-fresh-zustellung-an-hermes-paketshop-dealclub-2\/\"]}]},{\"@type\":\"ImageObject\",\"inLanguage\":\"en-GB\",\"@id\":\"https:\/\/product-guide.org\/produkt\/24x90ml-pantene-pro-v-shampoo-repair-protect-oder-head-shoulders-menthol-fresh-zustellung-an-hermes-paketshop-dealclub-2\/#primaryimage\",\"url\":\"https:\/\/product-guide.org\/wp-content\/uploads\/2025\/03\/shampoodeal.jpg\",\"contentUrl\":\"https:\/\/product-guide.org\/wp-content\/uploads\/2025\/03\/shampoodeal.jpg\",\"width\":795,\"height\":764},{\"@type\":\"BreadcrumbList\",\"@id\":\"https:\/\/product-guide.org\/produkt\/24x90ml-pantene-pro-v-shampoo-repair-protect-oder-head-shoulders-menthol-fresh-zustellung-an-hermes-paketshop-dealclub-2\/#breadcrumb\",\"itemListElement\":[{\"@type\":\"ListItem\",\"position\":1,\"name\":\"Home\",\"item\":\"https:\/\/product-guide.org\/\"},{\"@type\":\"ListItem\",\"position\":2,\"name\":\"Ergebnisse\",\"item\":\"https:\/\/product-guide.org\/de\/ergebnisse\/\"},{\"@type\":\"ListItem\",\"position\":3,\"name\":\"24x90ml Pantene Pro-V Shampoo Repair &#038; Protect oder Head &#038; Shoulders &#8220;Menthol fresh&#8221; (Zustellung an Hermes PaketShop) | DealClub\"}]},{\"@type\":\"WebSite\",\"@id\":\"https:\/\/product-guide.org\/#website\",\"url\":\"https:\/\/product-guide.org\/\",\"name\":\"Product-Guide.org\",\"description\":\"What Product are you looking for?\",\"publisher\":{\"@id\":\"https:\/\/product-guide.org\/#organization\"},\"potentialAction\":[{\"@type\":\"SearchAction\",\"target\":{\"@type\":\"EntryPoint\",\"urlTemplate\":\"https:\/\/product-guide.org\/?s={search_term_string}\"},\"query-input\":{\"@type\":\"PropertyValueSpecification\",\"valueRequired\":true,\"valueName\":\"search_term_string\"}}],\"inLanguage\":\"en-GB\"},{\"@type\":\"Organization\",\"@id\":\"https:\/\/product-guide.org\/#organization\",\"name\":\"Product-Guide.org\",\"url\":\"https:\/\/product-guide.org\/\",\"logo\":{\"@type\":\"ImageObject\",\"inLanguage\":\"en-GB\",\"@id\":\"https:\/\/product-guide.org\/#\/schema\/logo\/image\/\",\"url\":\"https:\/\/product-guide.org\/wp-content\/uploads\/2022\/07\/logo_transparent_background.png\",\"contentUrl\":\"https:\/\/product-guide.org\/wp-content\/uploads\/2022\/07\/logo_transparent_background.png\",\"width\":3400,\"height\":1132,\"caption\":\"Product-Guide.org\"},\"image\":{\"@id\":\"https:\/\/product-guide.org\/#\/schema\/logo\/image\/\"}}]}<\/script>\n<!-- \/ Yoast SEO plugin. -->","yoast_head_json":{"title":"24x90ml Pantene Pro-V Shampoo Repair & Protect oder Head & Shoulders \"Menthol fresh\" (Zustellung an Hermes PaketShop) | DealClub | Product-Guide.org","description":"24x90ml Pantene Pro-V Shampoo Repair & Protect oder Head & Shoulders \"Menthol fresh\" (Zustellung an Hermes PaketShop) | DealClub gefunden von Product-Guide.org","robots":{"index":"index","follow":"follow","max-snippet":"max-snippet:-1","max-image-preview":"max-image-preview:large","max-video-preview":"max-video-preview:-1"},"canonical":"https:\/\/product-guide.org\/en\/produkt\/24x90ml-pantene-pro-v-shampoo-repair-protect-oder-head-shoulders-menthol-fresh-zustellung-an-hermes-paketshop-dealclub-2\/","og_locale":"en_GB","og_type":"article","og_title":"24x90ml Pantene Pro-V Shampoo Repair & Protect oder Head & Shoulders \"Menthol fresh\" (Zustellung an Hermes PaketShop) | DealClub | Product-Guide.org","og_description":"24x90ml Pantene Pro-V Shampoo Repair & Protect oder Head & Shoulders \"Menthol fresh\" (Zustellung an Hermes PaketShop) | DealClub gefunden von Product-Guide.org","og_url":"https:\/\/product-guide.org\/en\/produkt\/24x90ml-pantene-pro-v-shampoo-repair-protect-oder-head-shoulders-menthol-fresh-zustellung-an-hermes-paketshop-dealclub-2\/","og_site_name":"Product-Guide.org","twitter_card":"summary_large_image","schema":{"@context":"https:\/\/schema.org","@graph":[{"@type":"WebPage","@id":"https:\/\/product-guide.org\/produkt\/24x90ml-pantene-pro-v-shampoo-repair-protect-oder-head-shoulders-menthol-fresh-zustellung-an-hermes-paketshop-dealclub-2\/","url":"https:\/\/product-guide.org\/produkt\/24x90ml-pantene-pro-v-shampoo-repair-protect-oder-head-shoulders-menthol-fresh-zustellung-an-hermes-paketshop-dealclub-2\/","name":"24x90ml Pantene Pro-V Shampoo Repair & Protect oder Head & Shoulders \"Menthol fresh\" (Zustellung an Hermes PaketShop) | DealClub | Product-Guide.org","isPartOf":{"@id":"https:\/\/product-guide.org\/#website"},"primaryImageOfPage":{"@id":"https:\/\/product-guide.org\/produkt\/24x90ml-pantene-pro-v-shampoo-repair-protect-oder-head-shoulders-menthol-fresh-zustellung-an-hermes-paketshop-dealclub-2\/#primaryimage"},"image":{"@id":"https:\/\/product-guide.org\/produkt\/24x90ml-pantene-pro-v-shampoo-repair-protect-oder-head-shoulders-menthol-fresh-zustellung-an-hermes-paketshop-dealclub-2\/#primaryimage"},"thumbnailUrl":"https:\/\/product-guide.org\/wp-content\/uploads\/2025\/03\/shampoodeal.jpg","datePublished":"2025-03-17T10:38:25+00:00","description":"24x90ml Pantene Pro-V Shampoo Repair & Protect oder Head & Shoulders \"Menthol fresh\" (Zustellung an Hermes PaketShop) | DealClub gefunden von Product-Guide.org","breadcrumb":{"@id":"https:\/\/product-guide.org\/produkt\/24x90ml-pantene-pro-v-shampoo-repair-protect-oder-head-shoulders-menthol-fresh-zustellung-an-hermes-paketshop-dealclub-2\/#breadcrumb"},"inLanguage":"en-GB","potentialAction":[{"@type":"ReadAction","target":["https:\/\/product-guide.org\/produkt\/24x90ml-pantene-pro-v-shampoo-repair-protect-oder-head-shoulders-menthol-fresh-zustellung-an-hermes-paketshop-dealclub-2\/"]}]},{"@type":"ImageObject","inLanguage":"en-GB","@id":"https:\/\/product-guide.org\/produkt\/24x90ml-pantene-pro-v-shampoo-repair-protect-oder-head-shoulders-menthol-fresh-zustellung-an-hermes-paketshop-dealclub-2\/#primaryimage","url":"https:\/\/product-guide.org\/wp-content\/uploads\/2025\/03\/shampoodeal.jpg","contentUrl":"https:\/\/product-guide.org\/wp-content\/uploads\/2025\/03\/shampoodeal.jpg","width":795,"height":764},{"@type":"BreadcrumbList","@id":"https:\/\/product-guide.org\/produkt\/24x90ml-pantene-pro-v-shampoo-repair-protect-oder-head-shoulders-menthol-fresh-zustellung-an-hermes-paketshop-dealclub-2\/#breadcrumb","itemListElement":[{"@type":"ListItem","position":1,"name":"Home","item":"https:\/\/product-guide.org\/"},{"@type":"ListItem","position":2,"name":"Ergebnisse","item":"https:\/\/product-guide.org\/de\/ergebnisse\/"},{"@type":"ListItem","position":3,"name":"24x90ml Pantene Pro-V Shampoo Repair &#038; Protect oder Head &#038; Shoulders &#8220;Menthol fresh&#8221; (Zustellung an Hermes PaketShop) | DealClub"}]},{"@type":"WebSite","@id":"https:\/\/product-guide.org\/#website","url":"https:\/\/product-guide.org\/","name":"Product-Guide.org","description":"What Product are you looking for?","publisher":{"@id":"https:\/\/product-guide.org\/#organization"},"potentialAction":[{"@type":"SearchAction","target":{"@type":"EntryPoint","urlTemplate":"https:\/\/product-guide.org\/?s={search_term_string}"},"query-input":{"@type":"PropertyValueSpecification","valueRequired":true,"valueName":"search_term_string"}}],"inLanguage":"en-GB"},{"@type":"Organization","@id":"https:\/\/product-guide.org\/#organization","name":"Product-Guide.org","url":"https:\/\/product-guide.org\/","logo":{"@type":"ImageObject","inLanguage":"en-GB","@id":"https:\/\/product-guide.org\/#\/schema\/logo\/image\/","url":"https:\/\/product-guide.org\/wp-content\/uploads\/2022\/07\/logo_transparent_background.png","contentUrl":"https:\/\/product-guide.org\/wp-content\/uploads\/2022\/07\/logo_transparent_background.png","width":3400,"height":1132,"caption":"Product-Guide.org"},"image":{"@id":"https:\/\/product-guide.org\/#\/schema\/logo\/image\/"}}]}},"_links":{"self":[{"href":"https:\/\/product-guide.org\/en\/wp-json\/wp\/v2\/product\/52469","targetHints":{"allow":["GET"]}}],"collection":[{"href":"https:\/\/product-guide.org\/en\/wp-json\/wp\/v2\/product"}],"about":[{"href":"https:\/\/product-guide.org\/en\/wp-json\/wp\/v2\/types\/product"}],"wp:featuredmedia":[{"embeddable":true,"href":"https:\/\/product-guide.org\/en\/wp-json\/wp\/v2\/media\/52467"}],"wp:attachment":[{"href":"https:\/\/product-guide.org\/en\/wp-json\/wp\/v2\/media?parent=52469"}],"wp:term":[{"taxonomy":"store","embeddable":true,"href":"https:\/\/product-guide.org\/en\/wp-json\/wp\/v2\/store?post=52469"},{"taxonomy":"product_brand","embeddable":true,"href":"https:\/\/product-guide.org\/en\/wp-json\/wp\/v2\/product_brand?post=52469"},{"taxonomy":"product_cat","embeddable":true,"href":"https:\/\/product-guide.org\/en\/wp-json\/wp\/v2\/product_cat?post=52469"},{"taxonomy":"product_tag","embeddable":true,"href":"https:\/\/product-guide.org\/en\/wp-json\/wp\/v2\/product_tag?post=52469"}],"curies":[{"name":"wp","href":"https:\/\/api.w.org\/{rel}","templated":true}]}}