{"id":52476,"date":"2025-03-17T11:38:28","date_gmt":"2025-03-17T10:38:28","guid":{"rendered":"https:\/\/product-guide.org\/produkt\/6-x-100gr-dubai-style-schokolade-pistazie-fullung-und-kadayif-engelshaar-dealclub\/"},"modified":"2025-03-17T11:38:28","modified_gmt":"2025-03-17T10:38:28","slug":"6-x-100gr-dubai-style-schokolade-pistazie-fullung-und-kadayif-engelshaar-dealclub","status":"publish","type":"product","link":"https:\/\/product-guide.org\/en\/produkt\/6-x-100gr-dubai-style-schokolade-pistazie-fullung-und-kadayif-engelshaar-dealclub\/","title":{"rendered":"6 x 100gr Dubai Style Schokolade Pistazie F\u00fcllung und Kadayif (Engelshaar) | DealClub"},"content":{"rendered":"<p>Handgemachte Pistazie F\u00fcllung + Kunafa Schokoladentafel Genie\u00dfen Sie die exquisite Handgemachte Dubai Pistazie F\u00fcllung Kunafa Schokoladentafel in einer praktischen 100gr-Packung. Mit einem Preis von Preis pro kg variiert je nachdem welche Menge man kauft bietet dieses Produkt ein einzigartiges Geschmackserlebnis, das Sie nicht verpassen sollten! Ein Muss f\u00fcr Schokoladenliebhaber! Diese Schokoladentafel wird auf die traditionelle Art hergestellt und vereint knusprige, cremige und k\u00f6stliche Texturen in jedem Bissen. Ideal, um den Sprung zu wagen und etwas Neues auszuprobieren! Produktdetails \u2022 Gr\u00f6\u00dfe: 16 x 7 x 1 cm \u2022 Gewicht: 100gr pro Packung Kann Spuren von ERDN\u00dcSSEN und SCHALENFR\u00dcCHTEN enthalten. K\u00fchl und trocken lagern. Durchschnittliche N\u00e4hrwerte pro 100g \u2022 Energie: 457 kJ \u2022 Fett: 23,33 g \u2022 Kohlenhydrate: 34,5g \u2022 Eiwei\u00df: 0,4g \u2022 Salz: 2,85 Probieren Sie die Dubai Pistazie Kunafa Schokoladentafel noch heute aus und lassen Sie sich von ihrem einzigartigen Geschmack verzaubern! Inhaltsstoffe \/ Zutaten Zutaten: Confiseri-Schokolade Zucker Pflanzliches \u00d6l (voll geh\u00e4rtetes Palm\u00f6l) Molkenpulver (Molkerei) Kakaopulver Magermilchpulver Emulgator (Sonnenblumenlecithin) Aroma (Vanillin) Erdnussbutter Pistazien Zucker Pflanzliche \u00d6le [Baumwolle, Sonnenblume] Emulgator (Sonnenblumenlecithin) Tahini (hergestellt aus 100 % Sesam) Kadayif Mehl Wasser Zucker Butter Salz<\/p>\n","protected":false},"excerpt":{"rendered":"<p>Handgemachte Pistazie F\u00fcllung + Kunafa Schokoladentafel Genie\u00dfen Sie die exquisite Handgemachte Dubai Pistazie F\u00fcllung Kunafa Schokoladentafel in einer praktischen 100gr-Packung. Mit einem Preis von Preis pro kg variiert je nachdem welche Menge man kauft bietet dieses Produkt ein einzigartiges Geschmackserlebnis, das Sie nicht verpassen sollten! Ein Muss f\u00fcr Schokoladenliebhaber! Diese Schokoladentafel wird auf die traditionelle [&hellip;]<\/p>\n","protected":false},"featured_media":52475,"template":"","meta":{"_gspb_post_css":""},"store":[],"product_brand":[1399],"product_cat":[1290],"product_tag":[],"class_list":{"0":"post-52476","1":"product","2":"type-product","3":"status-publish","4":"has-post-thumbnail","6":"product_brand-dealclub","7":"product_cat-uncategorized","9":"first","10":"instock","11":"sale","12":"shipping-taxable","13":"purchasable","14":"product-type-simple"},"yoast_head":"<!-- This site is optimized with the Yoast SEO plugin v24.6 - https:\/\/yoast.com\/wordpress\/plugins\/seo\/ -->\n<title>6 x 100gr Dubai Style Schokolade Pistazie F\u00fcllung und Kadayif (Engelshaar) | DealClub | Product-Guide.org<\/title>\n<meta name=\"description\" content=\"6 x 100gr Dubai Style Schokolade Pistazie F\u00fcllung und Kadayif (Engelshaar) | DealClub gefunden von Product-Guide.org\" \/>\n<meta name=\"robots\" content=\"index, follow, max-snippet:-1, max-image-preview:large, max-video-preview:-1\" \/>\n<link rel=\"canonical\" href=\"https:\/\/product-guide.org\/en\/produkt\/6-x-100gr-dubai-style-schokolade-pistazie-fullung-und-kadayif-engelshaar-dealclub\/\" \/>\n<meta property=\"og:locale\" content=\"en_GB\" \/>\n<meta property=\"og:type\" content=\"article\" \/>\n<meta property=\"og:title\" content=\"6 x 100gr Dubai Style Schokolade Pistazie F\u00fcllung und Kadayif (Engelshaar) | DealClub | Product-Guide.org\" \/>\n<meta property=\"og:description\" content=\"6 x 100gr Dubai Style Schokolade Pistazie F\u00fcllung und Kadayif (Engelshaar) | DealClub gefunden von Product-Guide.org\" \/>\n<meta property=\"og:url\" content=\"https:\/\/product-guide.org\/en\/produkt\/6-x-100gr-dubai-style-schokolade-pistazie-fullung-und-kadayif-engelshaar-dealclub\/\" \/>\n<meta property=\"og:site_name\" content=\"Product-Guide.org\" \/>\n<meta name=\"twitter:card\" content=\"summary_large_image\" \/>\n<script type=\"application\/ld+json\" class=\"yoast-schema-graph\">{\"@context\":\"https:\/\/schema.org\",\"@graph\":[{\"@type\":\"WebPage\",\"@id\":\"https:\/\/product-guide.org\/produkt\/6-x-100gr-dubai-style-schokolade-pistazie-fullung-und-kadayif-engelshaar-dealclub\/\",\"url\":\"https:\/\/product-guide.org\/produkt\/6-x-100gr-dubai-style-schokolade-pistazie-fullung-und-kadayif-engelshaar-dealclub\/\",\"name\":\"6 x 100gr Dubai Style Schokolade Pistazie F\u00fcllung und Kadayif (Engelshaar) | DealClub | Product-Guide.org\",\"isPartOf\":{\"@id\":\"https:\/\/product-guide.org\/#website\"},\"primaryImageOfPage\":{\"@id\":\"https:\/\/product-guide.org\/produkt\/6-x-100gr-dubai-style-schokolade-pistazie-fullung-und-kadayif-engelshaar-dealclub\/#primaryimage\"},\"image\":{\"@id\":\"https:\/\/product-guide.org\/produkt\/6-x-100gr-dubai-style-schokolade-pistazie-fullung-und-kadayif-engelshaar-dealclub\/#primaryimage\"},\"thumbnailUrl\":\"https:\/\/product-guide.org\/wp-content\/uploads\/2025\/03\/dubaisch_1.jpg\",\"datePublished\":\"2025-03-17T10:38:28+00:00\",\"description\":\"6 x 100gr Dubai Style Schokolade Pistazie F\u00fcllung und Kadayif (Engelshaar) | DealClub gefunden von Product-Guide.org\",\"breadcrumb\":{\"@id\":\"https:\/\/product-guide.org\/produkt\/6-x-100gr-dubai-style-schokolade-pistazie-fullung-und-kadayif-engelshaar-dealclub\/#breadcrumb\"},\"inLanguage\":\"en-GB\",\"potentialAction\":[{\"@type\":\"ReadAction\",\"target\":[\"https:\/\/product-guide.org\/produkt\/6-x-100gr-dubai-style-schokolade-pistazie-fullung-und-kadayif-engelshaar-dealclub\/\"]}]},{\"@type\":\"ImageObject\",\"inLanguage\":\"en-GB\",\"@id\":\"https:\/\/product-guide.org\/produkt\/6-x-100gr-dubai-style-schokolade-pistazie-fullung-und-kadayif-engelshaar-dealclub\/#primaryimage\",\"url\":\"https:\/\/product-guide.org\/wp-content\/uploads\/2025\/03\/dubaisch_1.jpg\",\"contentUrl\":\"https:\/\/product-guide.org\/wp-content\/uploads\/2025\/03\/dubaisch_1.jpg\",\"width\":1080,\"height\":1262},{\"@type\":\"BreadcrumbList\",\"@id\":\"https:\/\/product-guide.org\/produkt\/6-x-100gr-dubai-style-schokolade-pistazie-fullung-und-kadayif-engelshaar-dealclub\/#breadcrumb\",\"itemListElement\":[{\"@type\":\"ListItem\",\"position\":1,\"name\":\"Home\",\"item\":\"https:\/\/product-guide.org\/\"},{\"@type\":\"ListItem\",\"position\":2,\"name\":\"Ergebnisse\",\"item\":\"https:\/\/product-guide.org\/de\/ergebnisse\/\"},{\"@type\":\"ListItem\",\"position\":3,\"name\":\"6 x 100gr Dubai Style Schokolade Pistazie F\u00fcllung und Kadayif (Engelshaar) | DealClub\"}]},{\"@type\":\"WebSite\",\"@id\":\"https:\/\/product-guide.org\/#website\",\"url\":\"https:\/\/product-guide.org\/\",\"name\":\"Product-Guide.org\",\"description\":\"What Product are you looking for?\",\"publisher\":{\"@id\":\"https:\/\/product-guide.org\/#organization\"},\"potentialAction\":[{\"@type\":\"SearchAction\",\"target\":{\"@type\":\"EntryPoint\",\"urlTemplate\":\"https:\/\/product-guide.org\/?s={search_term_string}\"},\"query-input\":{\"@type\":\"PropertyValueSpecification\",\"valueRequired\":true,\"valueName\":\"search_term_string\"}}],\"inLanguage\":\"en-GB\"},{\"@type\":\"Organization\",\"@id\":\"https:\/\/product-guide.org\/#organization\",\"name\":\"Product-Guide.org\",\"url\":\"https:\/\/product-guide.org\/\",\"logo\":{\"@type\":\"ImageObject\",\"inLanguage\":\"en-GB\",\"@id\":\"https:\/\/product-guide.org\/#\/schema\/logo\/image\/\",\"url\":\"https:\/\/product-guide.org\/wp-content\/uploads\/2022\/07\/logo_transparent_background.png\",\"contentUrl\":\"https:\/\/product-guide.org\/wp-content\/uploads\/2022\/07\/logo_transparent_background.png\",\"width\":3400,\"height\":1132,\"caption\":\"Product-Guide.org\"},\"image\":{\"@id\":\"https:\/\/product-guide.org\/#\/schema\/logo\/image\/\"}}]}<\/script>\n<!-- \/ Yoast SEO plugin. -->","yoast_head_json":{"title":"6 x 100gr Dubai Style Schokolade Pistazie F\u00fcllung und Kadayif (Engelshaar) | DealClub | Product-Guide.org","description":"6 x 100gr Dubai Style Schokolade Pistazie F\u00fcllung und Kadayif (Engelshaar) | DealClub gefunden von Product-Guide.org","robots":{"index":"index","follow":"follow","max-snippet":"max-snippet:-1","max-image-preview":"max-image-preview:large","max-video-preview":"max-video-preview:-1"},"canonical":"https:\/\/product-guide.org\/en\/produkt\/6-x-100gr-dubai-style-schokolade-pistazie-fullung-und-kadayif-engelshaar-dealclub\/","og_locale":"en_GB","og_type":"article","og_title":"6 x 100gr Dubai Style Schokolade Pistazie F\u00fcllung und Kadayif (Engelshaar) | DealClub | Product-Guide.org","og_description":"6 x 100gr Dubai Style Schokolade Pistazie F\u00fcllung und Kadayif (Engelshaar) | DealClub gefunden von Product-Guide.org","og_url":"https:\/\/product-guide.org\/en\/produkt\/6-x-100gr-dubai-style-schokolade-pistazie-fullung-und-kadayif-engelshaar-dealclub\/","og_site_name":"Product-Guide.org","twitter_card":"summary_large_image","schema":{"@context":"https:\/\/schema.org","@graph":[{"@type":"WebPage","@id":"https:\/\/product-guide.org\/produkt\/6-x-100gr-dubai-style-schokolade-pistazie-fullung-und-kadayif-engelshaar-dealclub\/","url":"https:\/\/product-guide.org\/produkt\/6-x-100gr-dubai-style-schokolade-pistazie-fullung-und-kadayif-engelshaar-dealclub\/","name":"6 x 100gr Dubai Style Schokolade Pistazie F\u00fcllung und Kadayif (Engelshaar) | DealClub | Product-Guide.org","isPartOf":{"@id":"https:\/\/product-guide.org\/#website"},"primaryImageOfPage":{"@id":"https:\/\/product-guide.org\/produkt\/6-x-100gr-dubai-style-schokolade-pistazie-fullung-und-kadayif-engelshaar-dealclub\/#primaryimage"},"image":{"@id":"https:\/\/product-guide.org\/produkt\/6-x-100gr-dubai-style-schokolade-pistazie-fullung-und-kadayif-engelshaar-dealclub\/#primaryimage"},"thumbnailUrl":"https:\/\/product-guide.org\/wp-content\/uploads\/2025\/03\/dubaisch_1.jpg","datePublished":"2025-03-17T10:38:28+00:00","description":"6 x 100gr Dubai Style Schokolade Pistazie F\u00fcllung und Kadayif (Engelshaar) | DealClub gefunden von Product-Guide.org","breadcrumb":{"@id":"https:\/\/product-guide.org\/produkt\/6-x-100gr-dubai-style-schokolade-pistazie-fullung-und-kadayif-engelshaar-dealclub\/#breadcrumb"},"inLanguage":"en-GB","potentialAction":[{"@type":"ReadAction","target":["https:\/\/product-guide.org\/produkt\/6-x-100gr-dubai-style-schokolade-pistazie-fullung-und-kadayif-engelshaar-dealclub\/"]}]},{"@type":"ImageObject","inLanguage":"en-GB","@id":"https:\/\/product-guide.org\/produkt\/6-x-100gr-dubai-style-schokolade-pistazie-fullung-und-kadayif-engelshaar-dealclub\/#primaryimage","url":"https:\/\/product-guide.org\/wp-content\/uploads\/2025\/03\/dubaisch_1.jpg","contentUrl":"https:\/\/product-guide.org\/wp-content\/uploads\/2025\/03\/dubaisch_1.jpg","width":1080,"height":1262},{"@type":"BreadcrumbList","@id":"https:\/\/product-guide.org\/produkt\/6-x-100gr-dubai-style-schokolade-pistazie-fullung-und-kadayif-engelshaar-dealclub\/#breadcrumb","itemListElement":[{"@type":"ListItem","position":1,"name":"Home","item":"https:\/\/product-guide.org\/"},{"@type":"ListItem","position":2,"name":"Ergebnisse","item":"https:\/\/product-guide.org\/de\/ergebnisse\/"},{"@type":"ListItem","position":3,"name":"6 x 100gr Dubai Style Schokolade Pistazie F\u00fcllung und Kadayif (Engelshaar) | DealClub"}]},{"@type":"WebSite","@id":"https:\/\/product-guide.org\/#website","url":"https:\/\/product-guide.org\/","name":"Product-Guide.org","description":"What Product are you looking for?","publisher":{"@id":"https:\/\/product-guide.org\/#organization"},"potentialAction":[{"@type":"SearchAction","target":{"@type":"EntryPoint","urlTemplate":"https:\/\/product-guide.org\/?s={search_term_string}"},"query-input":{"@type":"PropertyValueSpecification","valueRequired":true,"valueName":"search_term_string"}}],"inLanguage":"en-GB"},{"@type":"Organization","@id":"https:\/\/product-guide.org\/#organization","name":"Product-Guide.org","url":"https:\/\/product-guide.org\/","logo":{"@type":"ImageObject","inLanguage":"en-GB","@id":"https:\/\/product-guide.org\/#\/schema\/logo\/image\/","url":"https:\/\/product-guide.org\/wp-content\/uploads\/2022\/07\/logo_transparent_background.png","contentUrl":"https:\/\/product-guide.org\/wp-content\/uploads\/2022\/07\/logo_transparent_background.png","width":3400,"height":1132,"caption":"Product-Guide.org"},"image":{"@id":"https:\/\/product-guide.org\/#\/schema\/logo\/image\/"}}]}},"_links":{"self":[{"href":"https:\/\/product-guide.org\/en\/wp-json\/wp\/v2\/product\/52476","targetHints":{"allow":["GET"]}}],"collection":[{"href":"https:\/\/product-guide.org\/en\/wp-json\/wp\/v2\/product"}],"about":[{"href":"https:\/\/product-guide.org\/en\/wp-json\/wp\/v2\/types\/product"}],"wp:featuredmedia":[{"embeddable":true,"href":"https:\/\/product-guide.org\/en\/wp-json\/wp\/v2\/media\/52475"}],"wp:attachment":[{"href":"https:\/\/product-guide.org\/en\/wp-json\/wp\/v2\/media?parent=52476"}],"wp:term":[{"taxonomy":"store","embeddable":true,"href":"https:\/\/product-guide.org\/en\/wp-json\/wp\/v2\/store?post=52476"},{"taxonomy":"product_brand","embeddable":true,"href":"https:\/\/product-guide.org\/en\/wp-json\/wp\/v2\/product_brand?post=52476"},{"taxonomy":"product_cat","embeddable":true,"href":"https:\/\/product-guide.org\/en\/wp-json\/wp\/v2\/product_cat?post=52476"},{"taxonomy":"product_tag","embeddable":true,"href":"https:\/\/product-guide.org\/en\/wp-json\/wp\/v2\/product_tag?post=52476"}],"curies":[{"name":"wp","href":"https:\/\/api.w.org\/{rel}","templated":true}]}}