{"id":52480,"date":"2025-03-17T11:38:30","date_gmt":"2025-03-17T10:38:30","guid":{"rendered":"https:\/\/product-guide.org\/produkt\/acer-aspire1-notebook-a114-33-p321-silber-4gb-ram-128emmc-win11-home-dealclub-2\/"},"modified":"2025-03-17T11:38:30","modified_gmt":"2025-03-17T10:38:30","slug":"acer-aspire1-notebook-a114-33-p321-silber-4gb-ram-128emmc-win11-home-dealclub-2","status":"publish","type":"product","link":"https:\/\/product-guide.org\/en\/produkt\/acer-aspire1-notebook-a114-33-p321-silber-4gb-ram-128emmc-win11-home-dealclub-2\/","title":{"rendered":"Acer Aspire1 Notebook A114-33-P321 silber 4GB Ram 128eMMC Win11 Home | DealClub"},"content":{"rendered":"<p>B-Ware, Kundenretoure aus Widerruf in original Verpackung. \u00dcberpr\u00fcft, vollst\u00e4ndig und einwandfrei. Zur Ansicht\/Kontrolle bereits einmal ausgepackt. Volle 2 Jahre Acer Herstellergarantie innerhalb Deutschland!* \u2022 Prozessor: Intel Pentium N6000 \u2022 Display: 14&#8243; FHD mit IPS (matt) \u2022 Arbeitsspeicher: 4 GB DDR4 RAM \u2022 Massenspeicher: 128 GB eMMC \u2022 Betriebssystem: Windows 11 Home in S-Mode (64 Bit) \u2022 Prozessor: Intel Pentium N6000 \u2022 Display: 14&#8243; FHD mit IPS (matt) \u2022 Arbeitsspeicher: 4 GB DDR4 RAM \u2022 Massenspeicher: 128 GB eMMC \u2022 Betriebssystem: Windows 11 Home in S-Mode (64 Bit) \u2022 Prozessor: Intel Pentium N6000 \u2022 Display: 14&#8243; FHD mit IPS (matt) \u2022 Arbeitsspeicher: 4 GB DDR4 RAM \u2022 Massenspeicher: 128 GB eMMC \u2022 Betriebssystem: Windows 11 Home in S-Mode (64 Bit) Technische Daten: Betriebssystem Windows 11 Home in S-Mode (64 Bit) Farbe silber Abmessungen 328,75 x 236 x 19,9 mm (B x T x H) Gewicht 1,6 Kg Displaygr\u00f6\u00dfe 14 Zoll (35,56 cm) Display-Typ Acer ComfyView Full HD IPS Display mit LED-Backlight (matt) Display-Aufl\u00f6sung in Pixel 1.920 x 1.080 Seitenverh\u00e4ltnis 16:9 Prozessor Intel Pentium Prozessor N6000 Taktfrequenz 1,10 GHz (Bis zu 3,30 GHz Turbo-Boost) Cache 4 MB Anzahl Prozessorkerne \/ Threads 4 \/ 4 Chipsatz Integrated SOC Arbeitsspeicher 4 GB DDR4 RAM Arbeitsspeicherbelegung 1x 4 GB DDR4 RAM Massenspeicher 128 GB eMMC Grafikkarte Intel UHD Graphics Verbindungen LAN 10\/100\/1000 LAN, Wake-on-LAN ready Wireless LAN 802.11 ac\/a\/b\/g\/n Bluetooth Bluetooth 4.0 Anschl\u00fcsse HDMI 1x USB 3.2 2x (2x Gen. 1) USB 2.0 1x Ethernet (RJ-45) 1x Audio Anschluss 1x Lautsprecher\/Kopfh\u00f6rer\/Line-out Tastatur Acer FineTip Tastatur (87-\/88-\/91-Tasten) Tastaturlayout Deutsch (QWERTZ) Touchpad Multi-Gesture Touchpad (MicrosoftPrecision Touchpad Certification) Lautsprecher Zwei eingebaute Stereo-Lautsprecher Mikrofon Eingebautes Mikrofon Akku Li-Ion Akku (2 Zellen \/ 4800 mAh \/ 36,7Wh) Akkulaufzeit Bis zu 9 Stunden (basierend auf MobileMark 2014 Test) Netzteil 45W AC-Netzteil Akku fest verbaut Ja Software Acer Care Center, Acer Configuration Manager, Acer Portal *Garantie 2 Jahre Bring In Acer Herstellergarantie innerhalb Deutschland. Die Garantie schr\u00e4nkt die gesetzliche Gew\u00e4hrleistung nicht ein. Garantiegeber:Acer Computer GmbHKornkamp 422926 Ahrensburg Angaben zur Produktsicherheit verantwortliche Person: Acer Computer GmbH Kornkamp 4 22926 Ahrensburg Deutschland Tel.: 04102-488-0 Info@Acer.com<\/p>\n","protected":false},"excerpt":{"rendered":"<p>B-Ware, Kundenretoure aus Widerruf in original Verpackung. \u00dcberpr\u00fcft, vollst\u00e4ndig und einwandfrei. Zur Ansicht\/Kontrolle bereits einmal ausgepackt. Volle 2 Jahre Acer Herstellergarantie innerhalb Deutschland!* \u2022 Prozessor: Intel Pentium N6000 \u2022 Display: 14&#8243; FHD mit IPS (matt) \u2022 Arbeitsspeicher: 4 GB DDR4 RAM \u2022 Massenspeicher: 128 GB eMMC \u2022 Betriebssystem: Windows 11 Home in S-Mode (64 Bit) [&hellip;]<\/p>\n","protected":false},"featured_media":52478,"template":"","meta":{"_gspb_post_css":""},"store":[],"product_brand":[1399],"product_cat":[1290],"product_tag":[],"class_list":{"0":"post-52480","1":"product","2":"type-product","3":"status-publish","4":"has-post-thumbnail","6":"product_brand-dealclub","7":"product_cat-uncategorized","9":"first","10":"instock","11":"sale","12":"shipping-taxable","13":"purchasable","14":"product-type-simple"},"yoast_head":"<!-- This site is optimized with the Yoast SEO plugin v24.6 - https:\/\/yoast.com\/wordpress\/plugins\/seo\/ -->\n<title>Acer Aspire1 Notebook A114-33-P321 silber 4GB Ram 128eMMC Win11 Home | DealClub | Product-Guide.org<\/title>\n<meta name=\"description\" content=\"Acer Aspire1 Notebook A114-33-P321 silber 4GB Ram 128eMMC Win11 Home | DealClub gefunden von Product-Guide.org\" \/>\n<meta name=\"robots\" content=\"index, follow, max-snippet:-1, max-image-preview:large, max-video-preview:-1\" \/>\n<link rel=\"canonical\" href=\"https:\/\/product-guide.org\/en\/produkt\/acer-aspire1-notebook-a114-33-p321-silber-4gb-ram-128emmc-win11-home-dealclub-2\/\" \/>\n<meta property=\"og:locale\" content=\"en_GB\" \/>\n<meta property=\"og:type\" content=\"article\" \/>\n<meta property=\"og:title\" content=\"Acer Aspire1 Notebook A114-33-P321 silber 4GB Ram 128eMMC Win11 Home | DealClub | Product-Guide.org\" \/>\n<meta property=\"og:description\" content=\"Acer Aspire1 Notebook A114-33-P321 silber 4GB Ram 128eMMC Win11 Home | DealClub gefunden von Product-Guide.org\" \/>\n<meta property=\"og:url\" content=\"https:\/\/product-guide.org\/en\/produkt\/acer-aspire1-notebook-a114-33-p321-silber-4gb-ram-128emmc-win11-home-dealclub-2\/\" \/>\n<meta property=\"og:site_name\" content=\"Product-Guide.org\" \/>\n<meta name=\"twitter:card\" content=\"summary_large_image\" \/>\n<script type=\"application\/ld+json\" class=\"yoast-schema-graph\">{\"@context\":\"https:\/\/schema.org\",\"@graph\":[{\"@type\":\"WebPage\",\"@id\":\"https:\/\/product-guide.org\/produkt\/acer-aspire1-notebook-a114-33-p321-silber-4gb-ram-128emmc-win11-home-dealclub-2\/\",\"url\":\"https:\/\/product-guide.org\/produkt\/acer-aspire1-notebook-a114-33-p321-silber-4gb-ram-128emmc-win11-home-dealclub-2\/\",\"name\":\"Acer Aspire1 Notebook A114-33-P321 silber 4GB Ram 128eMMC Win11 Home | DealClub | Product-Guide.org\",\"isPartOf\":{\"@id\":\"https:\/\/product-guide.org\/#website\"},\"primaryImageOfPage\":{\"@id\":\"https:\/\/product-guide.org\/produkt\/acer-aspire1-notebook-a114-33-p321-silber-4gb-ram-128emmc-win11-home-dealclub-2\/#primaryimage\"},\"image\":{\"@id\":\"https:\/\/product-guide.org\/produkt\/acer-aspire1-notebook-a114-33-p321-silber-4gb-ram-128emmc-win11-home-dealclub-2\/#primaryimage\"},\"thumbnailUrl\":\"https:\/\/product-guide.org\/wp-content\/uploads\/2025\/03\/Acer_Aspire_1_A114-33-P18E_pink_4GB_Ram_128eMMC_Win11_Home_-_4_k9tp-w4.jpg\",\"datePublished\":\"2025-03-17T10:38:30+00:00\",\"description\":\"Acer Aspire1 Notebook A114-33-P321 silber 4GB Ram 128eMMC Win11 Home | DealClub gefunden von Product-Guide.org\",\"breadcrumb\":{\"@id\":\"https:\/\/product-guide.org\/produkt\/acer-aspire1-notebook-a114-33-p321-silber-4gb-ram-128emmc-win11-home-dealclub-2\/#breadcrumb\"},\"inLanguage\":\"en-GB\",\"potentialAction\":[{\"@type\":\"ReadAction\",\"target\":[\"https:\/\/product-guide.org\/produkt\/acer-aspire1-notebook-a114-33-p321-silber-4gb-ram-128emmc-win11-home-dealclub-2\/\"]}]},{\"@type\":\"ImageObject\",\"inLanguage\":\"en-GB\",\"@id\":\"https:\/\/product-guide.org\/produkt\/acer-aspire1-notebook-a114-33-p321-silber-4gb-ram-128emmc-win11-home-dealclub-2\/#primaryimage\",\"url\":\"https:\/\/product-guide.org\/wp-content\/uploads\/2025\/03\/Acer_Aspire_1_A114-33-P18E_pink_4GB_Ram_128eMMC_Win11_Home_-_4_k9tp-w4.jpg\",\"contentUrl\":\"https:\/\/product-guide.org\/wp-content\/uploads\/2025\/03\/Acer_Aspire_1_A114-33-P18E_pink_4GB_Ram_128eMMC_Win11_Home_-_4_k9tp-w4.jpg\",\"width\":808,\"height\":658},{\"@type\":\"BreadcrumbList\",\"@id\":\"https:\/\/product-guide.org\/produkt\/acer-aspire1-notebook-a114-33-p321-silber-4gb-ram-128emmc-win11-home-dealclub-2\/#breadcrumb\",\"itemListElement\":[{\"@type\":\"ListItem\",\"position\":1,\"name\":\"Home\",\"item\":\"https:\/\/product-guide.org\/\"},{\"@type\":\"ListItem\",\"position\":2,\"name\":\"Ergebnisse\",\"item\":\"https:\/\/product-guide.org\/de\/ergebnisse\/\"},{\"@type\":\"ListItem\",\"position\":3,\"name\":\"Acer Aspire1 Notebook A114-33-P321 silber 4GB Ram 128eMMC Win11 Home | DealClub\"}]},{\"@type\":\"WebSite\",\"@id\":\"https:\/\/product-guide.org\/#website\",\"url\":\"https:\/\/product-guide.org\/\",\"name\":\"Product-Guide.org\",\"description\":\"What Product are you looking for?\",\"publisher\":{\"@id\":\"https:\/\/product-guide.org\/#organization\"},\"potentialAction\":[{\"@type\":\"SearchAction\",\"target\":{\"@type\":\"EntryPoint\",\"urlTemplate\":\"https:\/\/product-guide.org\/?s={search_term_string}\"},\"query-input\":{\"@type\":\"PropertyValueSpecification\",\"valueRequired\":true,\"valueName\":\"search_term_string\"}}],\"inLanguage\":\"en-GB\"},{\"@type\":\"Organization\",\"@id\":\"https:\/\/product-guide.org\/#organization\",\"name\":\"Product-Guide.org\",\"url\":\"https:\/\/product-guide.org\/\",\"logo\":{\"@type\":\"ImageObject\",\"inLanguage\":\"en-GB\",\"@id\":\"https:\/\/product-guide.org\/#\/schema\/logo\/image\/\",\"url\":\"https:\/\/product-guide.org\/wp-content\/uploads\/2022\/07\/logo_transparent_background.png\",\"contentUrl\":\"https:\/\/product-guide.org\/wp-content\/uploads\/2022\/07\/logo_transparent_background.png\",\"width\":3400,\"height\":1132,\"caption\":\"Product-Guide.org\"},\"image\":{\"@id\":\"https:\/\/product-guide.org\/#\/schema\/logo\/image\/\"}}]}<\/script>\n<!-- \/ Yoast SEO plugin. -->","yoast_head_json":{"title":"Acer Aspire1 Notebook A114-33-P321 silber 4GB Ram 128eMMC Win11 Home | DealClub | Product-Guide.org","description":"Acer Aspire1 Notebook A114-33-P321 silber 4GB Ram 128eMMC Win11 Home | DealClub gefunden von Product-Guide.org","robots":{"index":"index","follow":"follow","max-snippet":"max-snippet:-1","max-image-preview":"max-image-preview:large","max-video-preview":"max-video-preview:-1"},"canonical":"https:\/\/product-guide.org\/en\/produkt\/acer-aspire1-notebook-a114-33-p321-silber-4gb-ram-128emmc-win11-home-dealclub-2\/","og_locale":"en_GB","og_type":"article","og_title":"Acer Aspire1 Notebook A114-33-P321 silber 4GB Ram 128eMMC Win11 Home | DealClub | Product-Guide.org","og_description":"Acer Aspire1 Notebook A114-33-P321 silber 4GB Ram 128eMMC Win11 Home | DealClub gefunden von Product-Guide.org","og_url":"https:\/\/product-guide.org\/en\/produkt\/acer-aspire1-notebook-a114-33-p321-silber-4gb-ram-128emmc-win11-home-dealclub-2\/","og_site_name":"Product-Guide.org","twitter_card":"summary_large_image","schema":{"@context":"https:\/\/schema.org","@graph":[{"@type":"WebPage","@id":"https:\/\/product-guide.org\/produkt\/acer-aspire1-notebook-a114-33-p321-silber-4gb-ram-128emmc-win11-home-dealclub-2\/","url":"https:\/\/product-guide.org\/produkt\/acer-aspire1-notebook-a114-33-p321-silber-4gb-ram-128emmc-win11-home-dealclub-2\/","name":"Acer Aspire1 Notebook A114-33-P321 silber 4GB Ram 128eMMC Win11 Home | DealClub | Product-Guide.org","isPartOf":{"@id":"https:\/\/product-guide.org\/#website"},"primaryImageOfPage":{"@id":"https:\/\/product-guide.org\/produkt\/acer-aspire1-notebook-a114-33-p321-silber-4gb-ram-128emmc-win11-home-dealclub-2\/#primaryimage"},"image":{"@id":"https:\/\/product-guide.org\/produkt\/acer-aspire1-notebook-a114-33-p321-silber-4gb-ram-128emmc-win11-home-dealclub-2\/#primaryimage"},"thumbnailUrl":"https:\/\/product-guide.org\/wp-content\/uploads\/2025\/03\/Acer_Aspire_1_A114-33-P18E_pink_4GB_Ram_128eMMC_Win11_Home_-_4_k9tp-w4.jpg","datePublished":"2025-03-17T10:38:30+00:00","description":"Acer Aspire1 Notebook A114-33-P321 silber 4GB Ram 128eMMC Win11 Home | DealClub gefunden von Product-Guide.org","breadcrumb":{"@id":"https:\/\/product-guide.org\/produkt\/acer-aspire1-notebook-a114-33-p321-silber-4gb-ram-128emmc-win11-home-dealclub-2\/#breadcrumb"},"inLanguage":"en-GB","potentialAction":[{"@type":"ReadAction","target":["https:\/\/product-guide.org\/produkt\/acer-aspire1-notebook-a114-33-p321-silber-4gb-ram-128emmc-win11-home-dealclub-2\/"]}]},{"@type":"ImageObject","inLanguage":"en-GB","@id":"https:\/\/product-guide.org\/produkt\/acer-aspire1-notebook-a114-33-p321-silber-4gb-ram-128emmc-win11-home-dealclub-2\/#primaryimage","url":"https:\/\/product-guide.org\/wp-content\/uploads\/2025\/03\/Acer_Aspire_1_A114-33-P18E_pink_4GB_Ram_128eMMC_Win11_Home_-_4_k9tp-w4.jpg","contentUrl":"https:\/\/product-guide.org\/wp-content\/uploads\/2025\/03\/Acer_Aspire_1_A114-33-P18E_pink_4GB_Ram_128eMMC_Win11_Home_-_4_k9tp-w4.jpg","width":808,"height":658},{"@type":"BreadcrumbList","@id":"https:\/\/product-guide.org\/produkt\/acer-aspire1-notebook-a114-33-p321-silber-4gb-ram-128emmc-win11-home-dealclub-2\/#breadcrumb","itemListElement":[{"@type":"ListItem","position":1,"name":"Home","item":"https:\/\/product-guide.org\/"},{"@type":"ListItem","position":2,"name":"Ergebnisse","item":"https:\/\/product-guide.org\/de\/ergebnisse\/"},{"@type":"ListItem","position":3,"name":"Acer Aspire1 Notebook A114-33-P321 silber 4GB Ram 128eMMC Win11 Home | DealClub"}]},{"@type":"WebSite","@id":"https:\/\/product-guide.org\/#website","url":"https:\/\/product-guide.org\/","name":"Product-Guide.org","description":"What Product are you looking for?","publisher":{"@id":"https:\/\/product-guide.org\/#organization"},"potentialAction":[{"@type":"SearchAction","target":{"@type":"EntryPoint","urlTemplate":"https:\/\/product-guide.org\/?s={search_term_string}"},"query-input":{"@type":"PropertyValueSpecification","valueRequired":true,"valueName":"search_term_string"}}],"inLanguage":"en-GB"},{"@type":"Organization","@id":"https:\/\/product-guide.org\/#organization","name":"Product-Guide.org","url":"https:\/\/product-guide.org\/","logo":{"@type":"ImageObject","inLanguage":"en-GB","@id":"https:\/\/product-guide.org\/#\/schema\/logo\/image\/","url":"https:\/\/product-guide.org\/wp-content\/uploads\/2022\/07\/logo_transparent_background.png","contentUrl":"https:\/\/product-guide.org\/wp-content\/uploads\/2022\/07\/logo_transparent_background.png","width":3400,"height":1132,"caption":"Product-Guide.org"},"image":{"@id":"https:\/\/product-guide.org\/#\/schema\/logo\/image\/"}}]}},"_links":{"self":[{"href":"https:\/\/product-guide.org\/en\/wp-json\/wp\/v2\/product\/52480","targetHints":{"allow":["GET"]}}],"collection":[{"href":"https:\/\/product-guide.org\/en\/wp-json\/wp\/v2\/product"}],"about":[{"href":"https:\/\/product-guide.org\/en\/wp-json\/wp\/v2\/types\/product"}],"wp:featuredmedia":[{"embeddable":true,"href":"https:\/\/product-guide.org\/en\/wp-json\/wp\/v2\/media\/52478"}],"wp:attachment":[{"href":"https:\/\/product-guide.org\/en\/wp-json\/wp\/v2\/media?parent=52480"}],"wp:term":[{"taxonomy":"store","embeddable":true,"href":"https:\/\/product-guide.org\/en\/wp-json\/wp\/v2\/store?post=52480"},{"taxonomy":"product_brand","embeddable":true,"href":"https:\/\/product-guide.org\/en\/wp-json\/wp\/v2\/product_brand?post=52480"},{"taxonomy":"product_cat","embeddable":true,"href":"https:\/\/product-guide.org\/en\/wp-json\/wp\/v2\/product_cat?post=52480"},{"taxonomy":"product_tag","embeddable":true,"href":"https:\/\/product-guide.org\/en\/wp-json\/wp\/v2\/product_tag?post=52480"}],"curies":[{"name":"wp","href":"https:\/\/api.w.org\/{rel}","templated":true}]}}