{"id":52483,"date":"2025-03-17T11:38:34","date_gmt":"2025-03-17T10:38:34","guid":{"rendered":"https:\/\/product-guide.org\/produkt\/acer-aspire-3-a315-34-156-zoll-notebook-schwarz-mit-windows-10-de-dealclub-2\/"},"modified":"2025-03-17T11:38:34","modified_gmt":"2025-03-17T10:38:34","slug":"acer-aspire-3-a315-34-156-zoll-notebook-schwarz-mit-windows-10-de-dealclub-2","status":"publish","type":"product","link":"https:\/\/product-guide.org\/en\/produkt\/acer-aspire-3-a315-34-156-zoll-notebook-schwarz-mit-windows-10-de-dealclub-2\/","title":{"rendered":"Acer Aspire 3 A315-34 15,6 Zoll Notebook schwarz mit Windows 10 DE | DealClub"},"content":{"rendered":"<p>B-Ware, Neuwertiger Kundenr\u00fcckl\u00e4ufer aus Widerruf. \u00dcberpr\u00fcft, vollst\u00e4ndig und einwandfrei. Zur Ansicht bereits einmal ausgepackt. Lieferung frei innerhalb Deutschland. Inkl. 2 Jahre Herstellergarantie* Prozessor: Intel Celeron N4000, Dual Core, 1,1 GHz (bis zu 2,6 GHz) Festplatte: 128 GB SSD Arbeitsspeicher: 4 GB DDR4 RAM Grafikkarte: Intel UHD Graphics 600 ACER Webcam Tastatur mit Ziffernblock Betriebssystem: Windows 10 Home (64 Bit) integrierter Akku: Li-Ionen, 36,7 Wh, 2 Zellen, bis zu 6 Stunden Akkulaufzeit Technische Daten:Displaygr\u00f6\u00dfe 15,6 Zoll Bildschirmdiagonale 39,62 cm Display-Technologie HD Ready Displayaufl\u00f6sung 200.640 Pixel Displays LED-Backlight, Widescreen Bildformat 16:9 Prozessor Intel Celeron N4000 RAM 4 GB RAM Typ DDR4 Festplattentyp SSD-Speicher 128 GB Grafikkarte Intel UHD Graphics 600 Grafikspeicher Shared Memory Videoausgang HDMI Betriebssystem Windows 10 Home Bit-Architektur 64 Bit Anschl\u00fcsse 2 x USB 2.0 1 x USB 3.0 Kopfh\u00f6rerausgang Mikrofoneingang Datenkommunikation WLAN, Bluetooth, Ethernet LAN-Standard Gigabit-Ethernet WLAN-Standards IEEE 802.11a, IEEE 802.11b, IEEE 802.11g, IEEE 802.11n, IEEE 802.11ac Anzahl Lautsprecher 2 Lautsprecher System Stereo Akku Lithium-Ionen Akku-Kapazit\u00e4t 4810 mAh Akkulaufzeit 6,5 h Tiefe 25,9 cm H\u00f6he 29 mm Breite 38,2 cm Gewicht 2,4 kg Lieferumfang: Acer Aspire A315-34-C48B Notebook Netzteil *Garantie: 2 Jahre Pickup&#038;Return Garantie des Herstellers innerhalb Deutschland. Garantiegeber: Acer Computer GmbHKornkamp 422926 Ahrensburg Die Garantie beeinflu\u00dft nciht die gesetzliche Gew\u00e4hrleistung des H\u00e4ndlers. Angaben zur Produktsicherheit verantwortliche Person: Acer Computer GmbH Kornkamp 4 22926 Ahrensburg Deutschland Tel.: 04102-488-0 Info@Acer.com<\/p>\n","protected":false},"excerpt":{"rendered":"<p>B-Ware, Neuwertiger Kundenr\u00fcckl\u00e4ufer aus Widerruf. \u00dcberpr\u00fcft, vollst\u00e4ndig und einwandfrei. Zur Ansicht bereits einmal ausgepackt. Lieferung frei innerhalb Deutschland. Inkl. 2 Jahre Herstellergarantie* Prozessor: Intel Celeron N4000, Dual Core, 1,1 GHz (bis zu 2,6 GHz) Festplatte: 128 GB SSD Arbeitsspeicher: 4 GB DDR4 RAM Grafikkarte: Intel UHD Graphics 600 ACER Webcam Tastatur mit Ziffernblock Betriebssystem: Windows [&hellip;]<\/p>\n","protected":false},"featured_media":52481,"template":"","meta":{"_gspb_post_css":""},"store":[],"product_brand":[1399],"product_cat":[1290],"product_tag":[],"class_list":{"0":"post-52483","1":"product","2":"type-product","3":"status-publish","4":"has-post-thumbnail","6":"product_brand-dealclub","7":"product_cat-uncategorized","9":"first","10":"instock","11":"sale","12":"shipping-taxable","13":"purchasable","14":"product-type-simple"},"yoast_head":"<!-- This site is optimized with the Yoast SEO plugin v24.6 - https:\/\/yoast.com\/wordpress\/plugins\/seo\/ -->\n<title>Acer Aspire 3 A315-34 15,6 Zoll Notebook schwarz mit Windows 10 DE | DealClub | Product-Guide.org<\/title>\n<meta name=\"description\" content=\"Acer Aspire 3 A315-34 15,6 Zoll Notebook schwarz mit Windows 10 DE | DealClub gefunden von Product-Guide.org\" \/>\n<meta name=\"robots\" content=\"index, follow, max-snippet:-1, max-image-preview:large, max-video-preview:-1\" \/>\n<link rel=\"canonical\" href=\"https:\/\/product-guide.org\/en\/produkt\/acer-aspire-3-a315-34-156-zoll-notebook-schwarz-mit-windows-10-de-dealclub-2\/\" \/>\n<meta property=\"og:locale\" content=\"en_GB\" \/>\n<meta property=\"og:type\" content=\"article\" \/>\n<meta property=\"og:title\" content=\"Acer Aspire 3 A315-34 15,6 Zoll Notebook schwarz mit Windows 10 DE | DealClub | Product-Guide.org\" \/>\n<meta property=\"og:description\" content=\"Acer Aspire 3 A315-34 15,6 Zoll Notebook schwarz mit Windows 10 DE | DealClub gefunden von Product-Guide.org\" \/>\n<meta property=\"og:url\" content=\"https:\/\/product-guide.org\/en\/produkt\/acer-aspire-3-a315-34-156-zoll-notebook-schwarz-mit-windows-10-de-dealclub-2\/\" \/>\n<meta property=\"og:site_name\" content=\"Product-Guide.org\" \/>\n<meta name=\"twitter:card\" content=\"summary_large_image\" \/>\n<script type=\"application\/ld+json\" class=\"yoast-schema-graph\">{\"@context\":\"https:\/\/schema.org\",\"@graph\":[{\"@type\":\"WebPage\",\"@id\":\"https:\/\/product-guide.org\/produkt\/acer-aspire-3-a315-34-156-zoll-notebook-schwarz-mit-windows-10-de-dealclub-2\/\",\"url\":\"https:\/\/product-guide.org\/produkt\/acer-aspire-3-a315-34-156-zoll-notebook-schwarz-mit-windows-10-de-dealclub-2\/\",\"name\":\"Acer Aspire 3 A315-34 15,6 Zoll Notebook schwarz mit Windows 10 DE | DealClub | Product-Guide.org\",\"isPartOf\":{\"@id\":\"https:\/\/product-guide.org\/#website\"},\"primaryImageOfPage\":{\"@id\":\"https:\/\/product-guide.org\/produkt\/acer-aspire-3-a315-34-156-zoll-notebook-schwarz-mit-windows-10-de-dealclub-2\/#primaryimage\"},\"image\":{\"@id\":\"https:\/\/product-guide.org\/produkt\/acer-aspire-3-a315-34-156-zoll-notebook-schwarz-mit-windows-10-de-dealclub-2\/#primaryimage\"},\"thumbnailUrl\":\"https:\/\/product-guide.org\/wp-content\/uploads\/2025\/03\/Aspire3_3.png\",\"datePublished\":\"2025-03-17T10:38:34+00:00\",\"description\":\"Acer Aspire 3 A315-34 15,6 Zoll Notebook schwarz mit Windows 10 DE | DealClub gefunden von Product-Guide.org\",\"breadcrumb\":{\"@id\":\"https:\/\/product-guide.org\/produkt\/acer-aspire-3-a315-34-156-zoll-notebook-schwarz-mit-windows-10-de-dealclub-2\/#breadcrumb\"},\"inLanguage\":\"en-GB\",\"potentialAction\":[{\"@type\":\"ReadAction\",\"target\":[\"https:\/\/product-guide.org\/produkt\/acer-aspire-3-a315-34-156-zoll-notebook-schwarz-mit-windows-10-de-dealclub-2\/\"]}]},{\"@type\":\"ImageObject\",\"inLanguage\":\"en-GB\",\"@id\":\"https:\/\/product-guide.org\/produkt\/acer-aspire-3-a315-34-156-zoll-notebook-schwarz-mit-windows-10-de-dealclub-2\/#primaryimage\",\"url\":\"https:\/\/product-guide.org\/wp-content\/uploads\/2025\/03\/Aspire3_3.png\",\"contentUrl\":\"https:\/\/product-guide.org\/wp-content\/uploads\/2025\/03\/Aspire3_3.png\",\"width\":895,\"height\":689},{\"@type\":\"BreadcrumbList\",\"@id\":\"https:\/\/product-guide.org\/produkt\/acer-aspire-3-a315-34-156-zoll-notebook-schwarz-mit-windows-10-de-dealclub-2\/#breadcrumb\",\"itemListElement\":[{\"@type\":\"ListItem\",\"position\":1,\"name\":\"Home\",\"item\":\"https:\/\/product-guide.org\/\"},{\"@type\":\"ListItem\",\"position\":2,\"name\":\"Ergebnisse\",\"item\":\"https:\/\/product-guide.org\/de\/ergebnisse\/\"},{\"@type\":\"ListItem\",\"position\":3,\"name\":\"Acer Aspire 3 A315-34 15,6 Zoll Notebook schwarz mit Windows 10 DE | DealClub\"}]},{\"@type\":\"WebSite\",\"@id\":\"https:\/\/product-guide.org\/#website\",\"url\":\"https:\/\/product-guide.org\/\",\"name\":\"Product-Guide.org\",\"description\":\"What Product are you looking for?\",\"publisher\":{\"@id\":\"https:\/\/product-guide.org\/#organization\"},\"potentialAction\":[{\"@type\":\"SearchAction\",\"target\":{\"@type\":\"EntryPoint\",\"urlTemplate\":\"https:\/\/product-guide.org\/?s={search_term_string}\"},\"query-input\":{\"@type\":\"PropertyValueSpecification\",\"valueRequired\":true,\"valueName\":\"search_term_string\"}}],\"inLanguage\":\"en-GB\"},{\"@type\":\"Organization\",\"@id\":\"https:\/\/product-guide.org\/#organization\",\"name\":\"Product-Guide.org\",\"url\":\"https:\/\/product-guide.org\/\",\"logo\":{\"@type\":\"ImageObject\",\"inLanguage\":\"en-GB\",\"@id\":\"https:\/\/product-guide.org\/#\/schema\/logo\/image\/\",\"url\":\"https:\/\/product-guide.org\/wp-content\/uploads\/2022\/07\/logo_transparent_background.png\",\"contentUrl\":\"https:\/\/product-guide.org\/wp-content\/uploads\/2022\/07\/logo_transparent_background.png\",\"width\":3400,\"height\":1132,\"caption\":\"Product-Guide.org\"},\"image\":{\"@id\":\"https:\/\/product-guide.org\/#\/schema\/logo\/image\/\"}}]}<\/script>\n<!-- \/ Yoast SEO plugin. -->","yoast_head_json":{"title":"Acer Aspire 3 A315-34 15,6 Zoll Notebook schwarz mit Windows 10 DE | DealClub | Product-Guide.org","description":"Acer Aspire 3 A315-34 15,6 Zoll Notebook schwarz mit Windows 10 DE | DealClub gefunden von Product-Guide.org","robots":{"index":"index","follow":"follow","max-snippet":"max-snippet:-1","max-image-preview":"max-image-preview:large","max-video-preview":"max-video-preview:-1"},"canonical":"https:\/\/product-guide.org\/en\/produkt\/acer-aspire-3-a315-34-156-zoll-notebook-schwarz-mit-windows-10-de-dealclub-2\/","og_locale":"en_GB","og_type":"article","og_title":"Acer Aspire 3 A315-34 15,6 Zoll Notebook schwarz mit Windows 10 DE | DealClub | Product-Guide.org","og_description":"Acer Aspire 3 A315-34 15,6 Zoll Notebook schwarz mit Windows 10 DE | DealClub gefunden von Product-Guide.org","og_url":"https:\/\/product-guide.org\/en\/produkt\/acer-aspire-3-a315-34-156-zoll-notebook-schwarz-mit-windows-10-de-dealclub-2\/","og_site_name":"Product-Guide.org","twitter_card":"summary_large_image","schema":{"@context":"https:\/\/schema.org","@graph":[{"@type":"WebPage","@id":"https:\/\/product-guide.org\/produkt\/acer-aspire-3-a315-34-156-zoll-notebook-schwarz-mit-windows-10-de-dealclub-2\/","url":"https:\/\/product-guide.org\/produkt\/acer-aspire-3-a315-34-156-zoll-notebook-schwarz-mit-windows-10-de-dealclub-2\/","name":"Acer Aspire 3 A315-34 15,6 Zoll Notebook schwarz mit Windows 10 DE | DealClub | Product-Guide.org","isPartOf":{"@id":"https:\/\/product-guide.org\/#website"},"primaryImageOfPage":{"@id":"https:\/\/product-guide.org\/produkt\/acer-aspire-3-a315-34-156-zoll-notebook-schwarz-mit-windows-10-de-dealclub-2\/#primaryimage"},"image":{"@id":"https:\/\/product-guide.org\/produkt\/acer-aspire-3-a315-34-156-zoll-notebook-schwarz-mit-windows-10-de-dealclub-2\/#primaryimage"},"thumbnailUrl":"https:\/\/product-guide.org\/wp-content\/uploads\/2025\/03\/Aspire3_3.png","datePublished":"2025-03-17T10:38:34+00:00","description":"Acer Aspire 3 A315-34 15,6 Zoll Notebook schwarz mit Windows 10 DE | DealClub gefunden von Product-Guide.org","breadcrumb":{"@id":"https:\/\/product-guide.org\/produkt\/acer-aspire-3-a315-34-156-zoll-notebook-schwarz-mit-windows-10-de-dealclub-2\/#breadcrumb"},"inLanguage":"en-GB","potentialAction":[{"@type":"ReadAction","target":["https:\/\/product-guide.org\/produkt\/acer-aspire-3-a315-34-156-zoll-notebook-schwarz-mit-windows-10-de-dealclub-2\/"]}]},{"@type":"ImageObject","inLanguage":"en-GB","@id":"https:\/\/product-guide.org\/produkt\/acer-aspire-3-a315-34-156-zoll-notebook-schwarz-mit-windows-10-de-dealclub-2\/#primaryimage","url":"https:\/\/product-guide.org\/wp-content\/uploads\/2025\/03\/Aspire3_3.png","contentUrl":"https:\/\/product-guide.org\/wp-content\/uploads\/2025\/03\/Aspire3_3.png","width":895,"height":689},{"@type":"BreadcrumbList","@id":"https:\/\/product-guide.org\/produkt\/acer-aspire-3-a315-34-156-zoll-notebook-schwarz-mit-windows-10-de-dealclub-2\/#breadcrumb","itemListElement":[{"@type":"ListItem","position":1,"name":"Home","item":"https:\/\/product-guide.org\/"},{"@type":"ListItem","position":2,"name":"Ergebnisse","item":"https:\/\/product-guide.org\/de\/ergebnisse\/"},{"@type":"ListItem","position":3,"name":"Acer Aspire 3 A315-34 15,6 Zoll Notebook schwarz mit Windows 10 DE | DealClub"}]},{"@type":"WebSite","@id":"https:\/\/product-guide.org\/#website","url":"https:\/\/product-guide.org\/","name":"Product-Guide.org","description":"What Product are you looking for?","publisher":{"@id":"https:\/\/product-guide.org\/#organization"},"potentialAction":[{"@type":"SearchAction","target":{"@type":"EntryPoint","urlTemplate":"https:\/\/product-guide.org\/?s={search_term_string}"},"query-input":{"@type":"PropertyValueSpecification","valueRequired":true,"valueName":"search_term_string"}}],"inLanguage":"en-GB"},{"@type":"Organization","@id":"https:\/\/product-guide.org\/#organization","name":"Product-Guide.org","url":"https:\/\/product-guide.org\/","logo":{"@type":"ImageObject","inLanguage":"en-GB","@id":"https:\/\/product-guide.org\/#\/schema\/logo\/image\/","url":"https:\/\/product-guide.org\/wp-content\/uploads\/2022\/07\/logo_transparent_background.png","contentUrl":"https:\/\/product-guide.org\/wp-content\/uploads\/2022\/07\/logo_transparent_background.png","width":3400,"height":1132,"caption":"Product-Guide.org"},"image":{"@id":"https:\/\/product-guide.org\/#\/schema\/logo\/image\/"}}]}},"_links":{"self":[{"href":"https:\/\/product-guide.org\/en\/wp-json\/wp\/v2\/product\/52483","targetHints":{"allow":["GET"]}}],"collection":[{"href":"https:\/\/product-guide.org\/en\/wp-json\/wp\/v2\/product"}],"about":[{"href":"https:\/\/product-guide.org\/en\/wp-json\/wp\/v2\/types\/product"}],"wp:featuredmedia":[{"embeddable":true,"href":"https:\/\/product-guide.org\/en\/wp-json\/wp\/v2\/media\/52481"}],"wp:attachment":[{"href":"https:\/\/product-guide.org\/en\/wp-json\/wp\/v2\/media?parent=52483"}],"wp:term":[{"taxonomy":"store","embeddable":true,"href":"https:\/\/product-guide.org\/en\/wp-json\/wp\/v2\/store?post=52483"},{"taxonomy":"product_brand","embeddable":true,"href":"https:\/\/product-guide.org\/en\/wp-json\/wp\/v2\/product_brand?post=52483"},{"taxonomy":"product_cat","embeddable":true,"href":"https:\/\/product-guide.org\/en\/wp-json\/wp\/v2\/product_cat?post=52483"},{"taxonomy":"product_tag","embeddable":true,"href":"https:\/\/product-guide.org\/en\/wp-json\/wp\/v2\/product_tag?post=52483"}],"curies":[{"name":"wp","href":"https:\/\/api.w.org\/{rel}","templated":true}]}}