{"id":52506,"date":"2025-03-17T11:38:48","date_gmt":"2025-03-17T10:38:48","guid":{"rendered":"https:\/\/product-guide.org\/produkt\/actimove-sports-edition-sprunggelenkbandage-slim-fit-fur-den-sport-bei-verletzungen-und-leichten-verstauchungen-des-sprunggelenks-schwarz\/"},"modified":"2025-03-17T11:38:48","modified_gmt":"2025-03-17T10:38:48","slug":"actimove-sports-edition-sprunggelenkbandage-slim-fit-fur-den-sport-bei-verletzungen-und-leichten-verstauchungen-des-sprunggelenks-schwarz","status":"publish","type":"product","link":"https:\/\/product-guide.org\/en\/produkt\/actimove-sports-edition-sprunggelenkbandage-slim-fit-fur-den-sport-bei-verletzungen-und-leichten-verstauchungen-des-sprunggelenks-schwarz\/","title":{"rendered":"Actimove SPORTS EDITION Sprunggelenkbandage &#8211; Slim Fit &#8211; f\u00fcr den Sport &#8211; bei Verletzungen und leichten Verstauchungen des Sprunggelenks &#8211; Schwarz |"},"content":{"rendered":"<p>Unterst\u00fctzt die Schmerzlinderung und Heilung durch die ausgwogene Anwendung von W\u00e4rme und fester Kompression: Die Sprunggelenkbandage unterst\u00fctzt geschw\u00e4chte, schmerzende und instabile Fu\u00dfgelenke beim Sport;&#8221;Slim-Fit: Die Sprunggelenkbandage hat eine schmale Passform, sodass sie in nahezu jeden Schuh passt &#8211; geeignet f\u00fcr Turnschuhe und Stiefel, Hausschuhe, Fu\u00dfball- oder Laufschuhe; Neoprenfrei: Hergestellt mit der COOLMAX AIR Technologie, bietet diese Bandage durch das schnell trocknende, perforierte Material hohen Komfort und bemerkenswerte Atmungsaktivit\u00e4t; Slip-on-Design: Schnelles und einfaches Anlegen &#8211; dank der schmalen Passform bietet die Bandage beim Sport oder bei anderen k\u00f6rperlichen Aktivit\u00e4ten hohen Tragekomfort; Actimove SPORTS EDITION Sprunggelenkbandage Slim Fit ist in den 3 Gr\u00f6\u00dfen S, M, L und XL sowie in der Farbe Schwarz erh\u00e4ltlich &#8211; sowohl links als auch rechts tragbar;<\/p>\n","protected":false},"excerpt":{"rendered":"<p>Unterst\u00fctzt die Schmerzlinderung und Heilung durch die ausgwogene Anwendung von W\u00e4rme und fester Kompression: Die Sprunggelenkbandage unterst\u00fctzt geschw\u00e4chte, schmerzende und instabile Fu\u00dfgelenke beim Sport;&#8221;Slim-Fit: Die Sprunggelenkbandage hat eine schmale Passform, sodass sie in nahezu jeden Schuh passt &#8211; geeignet f\u00fcr Turnschuhe und Stiefel, Hausschuhe, Fu\u00dfball- oder Laufschuhe; Neoprenfrei: Hergestellt mit der COOLMAX AIR Technologie, bietet [&hellip;]<\/p>\n","protected":false},"featured_media":52505,"template":"","meta":{"_gspb_post_css":""},"store":[],"product_brand":[1399],"product_cat":[1290],"product_tag":[],"class_list":{"0":"post-52506","1":"product","2":"type-product","3":"status-publish","4":"has-post-thumbnail","6":"product_brand-dealclub","7":"product_cat-uncategorized","9":"first","10":"instock","11":"sale","12":"shipping-taxable","13":"purchasable","14":"product-type-simple"},"yoast_head":"<!-- This site is optimized with the Yoast SEO plugin v24.6 - https:\/\/yoast.com\/wordpress\/plugins\/seo\/ -->\n<title>Actimove SPORTS EDITION Sprunggelenkbandage - Slim Fit - f\u00fcr den Sport - bei Verletzungen und leichten Verstauchungen des Sprunggelenks - Schwarz | Product-Guide.org<\/title>\n<meta name=\"description\" content=\"Actimove SPORTS EDITION Sprunggelenkbandage - Slim Fit - f\u00fcr den Sport - bei Verletzungen und leichten Verstauchungen des Sprunggelenks - Schwarz | gefunden von Product-Guide.org\" \/>\n<meta name=\"robots\" content=\"index, follow, max-snippet:-1, max-image-preview:large, max-video-preview:-1\" \/>\n<link rel=\"canonical\" href=\"https:\/\/product-guide.org\/en\/produkt\/actimove-sports-edition-sprunggelenkbandage-slim-fit-fur-den-sport-bei-verletzungen-und-leichten-verstauchungen-des-sprunggelenks-schwarz\/\" \/>\n<meta property=\"og:locale\" content=\"en_GB\" \/>\n<meta property=\"og:type\" content=\"article\" \/>\n<meta property=\"og:title\" content=\"Actimove SPORTS EDITION Sprunggelenkbandage - Slim Fit - f\u00fcr den Sport - bei Verletzungen und leichten Verstauchungen des Sprunggelenks - Schwarz | Product-Guide.org\" \/>\n<meta property=\"og:description\" content=\"Actimove SPORTS EDITION Sprunggelenkbandage - Slim Fit - f\u00fcr den Sport - bei Verletzungen und leichten Verstauchungen des Sprunggelenks - Schwarz | gefunden von Product-Guide.org\" \/>\n<meta property=\"og:url\" content=\"https:\/\/product-guide.org\/en\/produkt\/actimove-sports-edition-sprunggelenkbandage-slim-fit-fur-den-sport-bei-verletzungen-und-leichten-verstauchungen-des-sprunggelenks-schwarz\/\" \/>\n<meta property=\"og:site_name\" content=\"Product-Guide.org\" \/>\n<meta name=\"twitter:card\" content=\"summary_large_image\" \/>\n<script type=\"application\/ld+json\" class=\"yoast-schema-graph\">{\"@context\":\"https:\/\/schema.org\",\"@graph\":[{\"@type\":\"WebPage\",\"@id\":\"https:\/\/product-guide.org\/produkt\/actimove-sports-edition-sprunggelenkbandage-slim-fit-fur-den-sport-bei-verletzungen-und-leichten-verstauchungen-des-sprunggelenks-schwarz\/\",\"url\":\"https:\/\/product-guide.org\/produkt\/actimove-sports-edition-sprunggelenkbandage-slim-fit-fur-den-sport-bei-verletzungen-und-leichten-verstauchungen-des-sprunggelenks-schwarz\/\",\"name\":\"Actimove SPORTS EDITION Sprunggelenkbandage - Slim Fit - f\u00fcr den Sport - bei Verletzungen und leichten Verstauchungen des Sprunggelenks - Schwarz | Product-Guide.org\",\"isPartOf\":{\"@id\":\"https:\/\/product-guide.org\/#website\"},\"primaryImageOfPage\":{\"@id\":\"https:\/\/product-guide.org\/produkt\/actimove-sports-edition-sprunggelenkbandage-slim-fit-fur-den-sport-bei-verletzungen-und-leichten-verstauchungen-des-sprunggelenks-schwarz\/#primaryimage\"},\"image\":{\"@id\":\"https:\/\/product-guide.org\/produkt\/actimove-sports-edition-sprunggelenkbandage-slim-fit-fur-den-sport-bei-verletzungen-und-leichten-verstauchungen-des-sprunggelenks-schwarz\/#primaryimage\"},\"thumbnailUrl\":\"https:\/\/product-guide.org\/wp-content\/uploads\/2025\/03\/41w8DXJVxpL._AC__ej46-t0.jpg\",\"datePublished\":\"2025-03-17T10:38:48+00:00\",\"description\":\"Actimove SPORTS EDITION Sprunggelenkbandage - Slim Fit - f\u00fcr den Sport - bei Verletzungen und leichten Verstauchungen des Sprunggelenks - Schwarz | gefunden von Product-Guide.org\",\"breadcrumb\":{\"@id\":\"https:\/\/product-guide.org\/produkt\/actimove-sports-edition-sprunggelenkbandage-slim-fit-fur-den-sport-bei-verletzungen-und-leichten-verstauchungen-des-sprunggelenks-schwarz\/#breadcrumb\"},\"inLanguage\":\"en-GB\",\"potentialAction\":[{\"@type\":\"ReadAction\",\"target\":[\"https:\/\/product-guide.org\/produkt\/actimove-sports-edition-sprunggelenkbandage-slim-fit-fur-den-sport-bei-verletzungen-und-leichten-verstauchungen-des-sprunggelenks-schwarz\/\"]}]},{\"@type\":\"ImageObject\",\"inLanguage\":\"en-GB\",\"@id\":\"https:\/\/product-guide.org\/produkt\/actimove-sports-edition-sprunggelenkbandage-slim-fit-fur-den-sport-bei-verletzungen-und-leichten-verstauchungen-des-sprunggelenks-schwarz\/#primaryimage\",\"url\":\"https:\/\/product-guide.org\/wp-content\/uploads\/2025\/03\/41w8DXJVxpL._AC__ej46-t0.jpg\",\"contentUrl\":\"https:\/\/product-guide.org\/wp-content\/uploads\/2025\/03\/41w8DXJVxpL._AC__ej46-t0.jpg\",\"width\":348,\"height\":517},{\"@type\":\"BreadcrumbList\",\"@id\":\"https:\/\/product-guide.org\/produkt\/actimove-sports-edition-sprunggelenkbandage-slim-fit-fur-den-sport-bei-verletzungen-und-leichten-verstauchungen-des-sprunggelenks-schwarz\/#breadcrumb\",\"itemListElement\":[{\"@type\":\"ListItem\",\"position\":1,\"name\":\"Home\",\"item\":\"https:\/\/product-guide.org\/\"},{\"@type\":\"ListItem\",\"position\":2,\"name\":\"Ergebnisse\",\"item\":\"https:\/\/product-guide.org\/de\/ergebnisse\/\"},{\"@type\":\"ListItem\",\"position\":3,\"name\":\"Actimove SPORTS EDITION Sprunggelenkbandage &#8211; Slim Fit &#8211; f\u00fcr den Sport &#8211; bei Verletzungen und leichten Verstauchungen des Sprunggelenks &#8211; Schwarz |\"}]},{\"@type\":\"WebSite\",\"@id\":\"https:\/\/product-guide.org\/#website\",\"url\":\"https:\/\/product-guide.org\/\",\"name\":\"Product-Guide.org\",\"description\":\"What Product are you looking for?\",\"publisher\":{\"@id\":\"https:\/\/product-guide.org\/#organization\"},\"potentialAction\":[{\"@type\":\"SearchAction\",\"target\":{\"@type\":\"EntryPoint\",\"urlTemplate\":\"https:\/\/product-guide.org\/?s={search_term_string}\"},\"query-input\":{\"@type\":\"PropertyValueSpecification\",\"valueRequired\":true,\"valueName\":\"search_term_string\"}}],\"inLanguage\":\"en-GB\"},{\"@type\":\"Organization\",\"@id\":\"https:\/\/product-guide.org\/#organization\",\"name\":\"Product-Guide.org\",\"url\":\"https:\/\/product-guide.org\/\",\"logo\":{\"@type\":\"ImageObject\",\"inLanguage\":\"en-GB\",\"@id\":\"https:\/\/product-guide.org\/#\/schema\/logo\/image\/\",\"url\":\"https:\/\/product-guide.org\/wp-content\/uploads\/2022\/07\/logo_transparent_background.png\",\"contentUrl\":\"https:\/\/product-guide.org\/wp-content\/uploads\/2022\/07\/logo_transparent_background.png\",\"width\":3400,\"height\":1132,\"caption\":\"Product-Guide.org\"},\"image\":{\"@id\":\"https:\/\/product-guide.org\/#\/schema\/logo\/image\/\"}}]}<\/script>\n<!-- \/ Yoast SEO plugin. -->","yoast_head_json":{"title":"Actimove SPORTS EDITION Sprunggelenkbandage - Slim Fit - f\u00fcr den Sport - bei Verletzungen und leichten Verstauchungen des Sprunggelenks - Schwarz | Product-Guide.org","description":"Actimove SPORTS EDITION Sprunggelenkbandage - Slim Fit - f\u00fcr den Sport - bei Verletzungen und leichten Verstauchungen des Sprunggelenks - Schwarz | gefunden von Product-Guide.org","robots":{"index":"index","follow":"follow","max-snippet":"max-snippet:-1","max-image-preview":"max-image-preview:large","max-video-preview":"max-video-preview:-1"},"canonical":"https:\/\/product-guide.org\/en\/produkt\/actimove-sports-edition-sprunggelenkbandage-slim-fit-fur-den-sport-bei-verletzungen-und-leichten-verstauchungen-des-sprunggelenks-schwarz\/","og_locale":"en_GB","og_type":"article","og_title":"Actimove SPORTS EDITION Sprunggelenkbandage - Slim Fit - f\u00fcr den Sport - bei Verletzungen und leichten Verstauchungen des Sprunggelenks - Schwarz | Product-Guide.org","og_description":"Actimove SPORTS EDITION Sprunggelenkbandage - Slim Fit - f\u00fcr den Sport - bei Verletzungen und leichten Verstauchungen des Sprunggelenks - Schwarz | gefunden von Product-Guide.org","og_url":"https:\/\/product-guide.org\/en\/produkt\/actimove-sports-edition-sprunggelenkbandage-slim-fit-fur-den-sport-bei-verletzungen-und-leichten-verstauchungen-des-sprunggelenks-schwarz\/","og_site_name":"Product-Guide.org","twitter_card":"summary_large_image","schema":{"@context":"https:\/\/schema.org","@graph":[{"@type":"WebPage","@id":"https:\/\/product-guide.org\/produkt\/actimove-sports-edition-sprunggelenkbandage-slim-fit-fur-den-sport-bei-verletzungen-und-leichten-verstauchungen-des-sprunggelenks-schwarz\/","url":"https:\/\/product-guide.org\/produkt\/actimove-sports-edition-sprunggelenkbandage-slim-fit-fur-den-sport-bei-verletzungen-und-leichten-verstauchungen-des-sprunggelenks-schwarz\/","name":"Actimove SPORTS EDITION Sprunggelenkbandage - Slim Fit - f\u00fcr den Sport - bei Verletzungen und leichten Verstauchungen des Sprunggelenks - Schwarz | Product-Guide.org","isPartOf":{"@id":"https:\/\/product-guide.org\/#website"},"primaryImageOfPage":{"@id":"https:\/\/product-guide.org\/produkt\/actimove-sports-edition-sprunggelenkbandage-slim-fit-fur-den-sport-bei-verletzungen-und-leichten-verstauchungen-des-sprunggelenks-schwarz\/#primaryimage"},"image":{"@id":"https:\/\/product-guide.org\/produkt\/actimove-sports-edition-sprunggelenkbandage-slim-fit-fur-den-sport-bei-verletzungen-und-leichten-verstauchungen-des-sprunggelenks-schwarz\/#primaryimage"},"thumbnailUrl":"https:\/\/product-guide.org\/wp-content\/uploads\/2025\/03\/41w8DXJVxpL._AC__ej46-t0.jpg","datePublished":"2025-03-17T10:38:48+00:00","description":"Actimove SPORTS EDITION Sprunggelenkbandage - Slim Fit - f\u00fcr den Sport - bei Verletzungen und leichten Verstauchungen des Sprunggelenks - Schwarz | gefunden von Product-Guide.org","breadcrumb":{"@id":"https:\/\/product-guide.org\/produkt\/actimove-sports-edition-sprunggelenkbandage-slim-fit-fur-den-sport-bei-verletzungen-und-leichten-verstauchungen-des-sprunggelenks-schwarz\/#breadcrumb"},"inLanguage":"en-GB","potentialAction":[{"@type":"ReadAction","target":["https:\/\/product-guide.org\/produkt\/actimove-sports-edition-sprunggelenkbandage-slim-fit-fur-den-sport-bei-verletzungen-und-leichten-verstauchungen-des-sprunggelenks-schwarz\/"]}]},{"@type":"ImageObject","inLanguage":"en-GB","@id":"https:\/\/product-guide.org\/produkt\/actimove-sports-edition-sprunggelenkbandage-slim-fit-fur-den-sport-bei-verletzungen-und-leichten-verstauchungen-des-sprunggelenks-schwarz\/#primaryimage","url":"https:\/\/product-guide.org\/wp-content\/uploads\/2025\/03\/41w8DXJVxpL._AC__ej46-t0.jpg","contentUrl":"https:\/\/product-guide.org\/wp-content\/uploads\/2025\/03\/41w8DXJVxpL._AC__ej46-t0.jpg","width":348,"height":517},{"@type":"BreadcrumbList","@id":"https:\/\/product-guide.org\/produkt\/actimove-sports-edition-sprunggelenkbandage-slim-fit-fur-den-sport-bei-verletzungen-und-leichten-verstauchungen-des-sprunggelenks-schwarz\/#breadcrumb","itemListElement":[{"@type":"ListItem","position":1,"name":"Home","item":"https:\/\/product-guide.org\/"},{"@type":"ListItem","position":2,"name":"Ergebnisse","item":"https:\/\/product-guide.org\/de\/ergebnisse\/"},{"@type":"ListItem","position":3,"name":"Actimove SPORTS EDITION Sprunggelenkbandage &#8211; Slim Fit &#8211; f\u00fcr den Sport &#8211; bei Verletzungen und leichten Verstauchungen des Sprunggelenks &#8211; Schwarz |"}]},{"@type":"WebSite","@id":"https:\/\/product-guide.org\/#website","url":"https:\/\/product-guide.org\/","name":"Product-Guide.org","description":"What Product are you looking for?","publisher":{"@id":"https:\/\/product-guide.org\/#organization"},"potentialAction":[{"@type":"SearchAction","target":{"@type":"EntryPoint","urlTemplate":"https:\/\/product-guide.org\/?s={search_term_string}"},"query-input":{"@type":"PropertyValueSpecification","valueRequired":true,"valueName":"search_term_string"}}],"inLanguage":"en-GB"},{"@type":"Organization","@id":"https:\/\/product-guide.org\/#organization","name":"Product-Guide.org","url":"https:\/\/product-guide.org\/","logo":{"@type":"ImageObject","inLanguage":"en-GB","@id":"https:\/\/product-guide.org\/#\/schema\/logo\/image\/","url":"https:\/\/product-guide.org\/wp-content\/uploads\/2022\/07\/logo_transparent_background.png","contentUrl":"https:\/\/product-guide.org\/wp-content\/uploads\/2022\/07\/logo_transparent_background.png","width":3400,"height":1132,"caption":"Product-Guide.org"},"image":{"@id":"https:\/\/product-guide.org\/#\/schema\/logo\/image\/"}}]}},"_links":{"self":[{"href":"https:\/\/product-guide.org\/en\/wp-json\/wp\/v2\/product\/52506","targetHints":{"allow":["GET"]}}],"collection":[{"href":"https:\/\/product-guide.org\/en\/wp-json\/wp\/v2\/product"}],"about":[{"href":"https:\/\/product-guide.org\/en\/wp-json\/wp\/v2\/types\/product"}],"wp:featuredmedia":[{"embeddable":true,"href":"https:\/\/product-guide.org\/en\/wp-json\/wp\/v2\/media\/52505"}],"wp:attachment":[{"href":"https:\/\/product-guide.org\/en\/wp-json\/wp\/v2\/media?parent=52506"}],"wp:term":[{"taxonomy":"store","embeddable":true,"href":"https:\/\/product-guide.org\/en\/wp-json\/wp\/v2\/store?post=52506"},{"taxonomy":"product_brand","embeddable":true,"href":"https:\/\/product-guide.org\/en\/wp-json\/wp\/v2\/product_brand?post=52506"},{"taxonomy":"product_cat","embeddable":true,"href":"https:\/\/product-guide.org\/en\/wp-json\/wp\/v2\/product_cat?post=52506"},{"taxonomy":"product_tag","embeddable":true,"href":"https:\/\/product-guide.org\/en\/wp-json\/wp\/v2\/product_tag?post=52506"}],"curies":[{"name":"wp","href":"https:\/\/api.w.org\/{rel}","templated":true}]}}