{"id":52527,"date":"2025-03-17T11:39:05","date_gmt":"2025-03-17T10:39:05","guid":{"rendered":"https:\/\/product-guide.org\/produkt\/epson-ecotank-et-2810-tintenstrahldrucker-mfp-kopierer-scanner-drucker-tintenbehalter-b-ware-inkl-12-monate-epson-bring-in-herstellergarantie\/"},"modified":"2025-03-17T11:39:05","modified_gmt":"2025-03-17T10:39:05","slug":"epson-ecotank-et-2810-tintenstrahldrucker-mfp-kopierer-scanner-drucker-tintenbehalter-b-ware-inkl-12-monate-epson-bring-in-herstellergarantie","status":"publish","type":"product","link":"https:\/\/product-guide.org\/en\/produkt\/epson-ecotank-et-2810-tintenstrahldrucker-mfp-kopierer-scanner-drucker-tintenbehalter-b-ware-inkl-12-monate-epson-bring-in-herstellergarantie\/","title":{"rendered":"Epson EcoTank ET-2810 Tintenstrahldrucker MFP Kopierer, Scanner, Drucker Tintenbeh\u00e4lter B-Ware inkl 12 Monate Epson Bring in Herstellergarantie |"},"content":{"rendered":"<p>Zustand: B Ware, Kundenretoure aus Widerruf in original Verpackung. Es ist bereits etwas Tinte eingef\u00fcllt und es wurde zum Test gedruckt. Es liegt keine weitere Tinte mit bei. *Garantie: 12 Monate Epson Bring in Herstellergarantie innerhalb Deutschland. Garantiegeber: Epson Deutschland GmbH Schiessstra\u00dfe 49 D-40549 D\u00fcsseldorf Die Herstellergarantie beeinflu\u00dft nicht die gesetzlichen Gew\u00e4hrleistungspflichten des H\u00e4ndlers. Multifunktion Tintenstrahldrucker mit auff\u00fcllbarem Tank Drucken ohne Patronen. Nutzen Sie die Vorteile des mobilen Druckens und extrem niedrige Kosten pro Seite mit diesem Multifunktions-Tintenstrahldrucker, der perfekt f\u00fcr moderne Haushalte geeignet ist. Highlights: DIN A4-Multifunktionsdrucker: Drucken, Kopieren, Scannen Druckgeschwindigkeit (Seiten\/Minuten in s\/w): 33 Verbindungen: USB, Wi-Fi, Wi-Fi Direct Technische Daten: max. DIN-Druckformat A4 Aufl\u00f6sung 5.760 x 1.440 dpi Druckfunktionen Textdruck, randloser Druck, Fotodruck, Duplexdruck manuell Funktionen netzwerkf\u00e4hig, WiFi Direct Drucktechnologie Tintenstrahldruck Druckgeschwindigkeit (s\/w) 10 Seiten\/min (s\/w) Druckgeschwindigkeit 5 Seiten\/min (Farbe) Farbpatronentyp mit Tintentanks Konnektivit\u00e4t WLAN USB Scannertyp Flachbett Scanner-Sensor CIS (Contact Image Sensor) Scan-Aufl\u00f6sung 1.200 x 2.400 dpi Dateiformate BMP, JPEG, PICT, TIFF, PDF, PNG max. Papierzufuhr 100 Blatt Papierausgabe 30 Blatt Papiergr\u00f6\u00dfen C6, B6, B5, A6, A5, A4 Stromverbrauch Standby 4,5 Watt Stromverbrauch in Betrieb 12 Watt Breite 375 mm Tiefe 347 mm H\u00f6he 179 mm Gewicht 3,9 kg Farbe schwarz Lieferumfang: Epson EcoTank ET-2810 Stromkabel keine Tinte!<\/p>\n","protected":false},"excerpt":{"rendered":"<p>Zustand: B Ware, Kundenretoure aus Widerruf in original Verpackung. Es ist bereits etwas Tinte eingef\u00fcllt und es wurde zum Test gedruckt. Es liegt keine weitere Tinte mit bei. *Garantie: 12 Monate Epson Bring in Herstellergarantie innerhalb Deutschland. Garantiegeber: Epson Deutschland GmbH Schiessstra\u00dfe 49 D-40549 D\u00fcsseldorf Die Herstellergarantie beeinflu\u00dft nicht die gesetzlichen Gew\u00e4hrleistungspflichten des H\u00e4ndlers. Multifunktion [&hellip;]<\/p>\n","protected":false},"featured_media":52526,"template":"","meta":{"_gspb_post_css":""},"store":[],"product_brand":[1399],"product_cat":[1290],"product_tag":[],"class_list":{"0":"post-52527","1":"product","2":"type-product","3":"status-publish","4":"has-post-thumbnail","6":"product_brand-dealclub","7":"product_cat-uncategorized","9":"first","10":"instock","11":"sale","12":"shipping-taxable","13":"purchasable","14":"product-type-simple"},"yoast_head":"<!-- This site is optimized with the Yoast SEO plugin v24.6 - https:\/\/yoast.com\/wordpress\/plugins\/seo\/ -->\n<title>Epson EcoTank ET-2810 Tintenstrahldrucker MFP Kopierer, Scanner, Drucker Tintenbeh\u00e4lter B-Ware inkl 12 Monate Epson Bring in Herstellergarantie | Product-Guide.org<\/title>\n<meta name=\"description\" content=\"Epson EcoTank ET-2810 Tintenstrahldrucker MFP Kopierer, Scanner, Drucker Tintenbeh\u00e4lter B-Ware inkl 12 Monate Epson Bring in Herstellergarantie | gefunden von Product-Guide.org\" \/>\n<meta name=\"robots\" content=\"index, follow, max-snippet:-1, max-image-preview:large, max-video-preview:-1\" \/>\n<link rel=\"canonical\" href=\"https:\/\/product-guide.org\/en\/produkt\/epson-ecotank-et-2810-tintenstrahldrucker-mfp-kopierer-scanner-drucker-tintenbehalter-b-ware-inkl-12-monate-epson-bring-in-herstellergarantie\/\" \/>\n<meta property=\"og:locale\" content=\"en_GB\" \/>\n<meta property=\"og:type\" content=\"article\" \/>\n<meta property=\"og:title\" content=\"Epson EcoTank ET-2810 Tintenstrahldrucker MFP Kopierer, Scanner, Drucker Tintenbeh\u00e4lter B-Ware inkl 12 Monate Epson Bring in Herstellergarantie | Product-Guide.org\" \/>\n<meta property=\"og:description\" content=\"Epson EcoTank ET-2810 Tintenstrahldrucker MFP Kopierer, Scanner, Drucker Tintenbeh\u00e4lter B-Ware inkl 12 Monate Epson Bring in Herstellergarantie | gefunden von Product-Guide.org\" \/>\n<meta property=\"og:url\" content=\"https:\/\/product-guide.org\/en\/produkt\/epson-ecotank-et-2810-tintenstrahldrucker-mfp-kopierer-scanner-drucker-tintenbehalter-b-ware-inkl-12-monate-epson-bring-in-herstellergarantie\/\" \/>\n<meta property=\"og:site_name\" content=\"Product-Guide.org\" \/>\n<meta name=\"twitter:card\" content=\"summary_large_image\" \/>\n<script type=\"application\/ld+json\" class=\"yoast-schema-graph\">{\"@context\":\"https:\/\/schema.org\",\"@graph\":[{\"@type\":\"WebPage\",\"@id\":\"https:\/\/product-guide.org\/produkt\/epson-ecotank-et-2810-tintenstrahldrucker-mfp-kopierer-scanner-drucker-tintenbehalter-b-ware-inkl-12-monate-epson-bring-in-herstellergarantie\/\",\"url\":\"https:\/\/product-guide.org\/produkt\/epson-ecotank-et-2810-tintenstrahldrucker-mfp-kopierer-scanner-drucker-tintenbehalter-b-ware-inkl-12-monate-epson-bring-in-herstellergarantie\/\",\"name\":\"Epson EcoTank ET-2810 Tintenstrahldrucker MFP Kopierer, Scanner, Drucker Tintenbeh\u00e4lter B-Ware inkl 12 Monate Epson Bring in Herstellergarantie | Product-Guide.org\",\"isPartOf\":{\"@id\":\"https:\/\/product-guide.org\/#website\"},\"primaryImageOfPage\":{\"@id\":\"https:\/\/product-guide.org\/produkt\/epson-ecotank-et-2810-tintenstrahldrucker-mfp-kopierer-scanner-drucker-tintenbehalter-b-ware-inkl-12-monate-epson-bring-in-herstellergarantie\/#primaryimage\"},\"image\":{\"@id\":\"https:\/\/product-guide.org\/produkt\/epson-ecotank-et-2810-tintenstrahldrucker-mfp-kopierer-scanner-drucker-tintenbehalter-b-ware-inkl-12-monate-epson-bring-in-herstellergarantie\/#primaryimage\"},\"thumbnailUrl\":\"https:\/\/product-guide.org\/wp-content\/uploads\/2025\/03\/ET2810.png\",\"datePublished\":\"2025-03-17T10:39:05+00:00\",\"description\":\"Epson EcoTank ET-2810 Tintenstrahldrucker MFP Kopierer, Scanner, Drucker Tintenbeh\u00e4lter B-Ware inkl 12 Monate Epson Bring in Herstellergarantie | gefunden von Product-Guide.org\",\"breadcrumb\":{\"@id\":\"https:\/\/product-guide.org\/produkt\/epson-ecotank-et-2810-tintenstrahldrucker-mfp-kopierer-scanner-drucker-tintenbehalter-b-ware-inkl-12-monate-epson-bring-in-herstellergarantie\/#breadcrumb\"},\"inLanguage\":\"en-GB\",\"potentialAction\":[{\"@type\":\"ReadAction\",\"target\":[\"https:\/\/product-guide.org\/produkt\/epson-ecotank-et-2810-tintenstrahldrucker-mfp-kopierer-scanner-drucker-tintenbehalter-b-ware-inkl-12-monate-epson-bring-in-herstellergarantie\/\"]}]},{\"@type\":\"ImageObject\",\"inLanguage\":\"en-GB\",\"@id\":\"https:\/\/product-guide.org\/produkt\/epson-ecotank-et-2810-tintenstrahldrucker-mfp-kopierer-scanner-drucker-tintenbehalter-b-ware-inkl-12-monate-epson-bring-in-herstellergarantie\/#primaryimage\",\"url\":\"https:\/\/product-guide.org\/wp-content\/uploads\/2025\/03\/ET2810.png\",\"contentUrl\":\"https:\/\/product-guide.org\/wp-content\/uploads\/2025\/03\/ET2810.png\",\"width\":1500,\"height\":1033},{\"@type\":\"BreadcrumbList\",\"@id\":\"https:\/\/product-guide.org\/produkt\/epson-ecotank-et-2810-tintenstrahldrucker-mfp-kopierer-scanner-drucker-tintenbehalter-b-ware-inkl-12-monate-epson-bring-in-herstellergarantie\/#breadcrumb\",\"itemListElement\":[{\"@type\":\"ListItem\",\"position\":1,\"name\":\"Home\",\"item\":\"https:\/\/product-guide.org\/\"},{\"@type\":\"ListItem\",\"position\":2,\"name\":\"Ergebnisse\",\"item\":\"https:\/\/product-guide.org\/de\/ergebnisse\/\"},{\"@type\":\"ListItem\",\"position\":3,\"name\":\"Epson EcoTank ET-2810 Tintenstrahldrucker MFP Kopierer, Scanner, Drucker Tintenbeh\u00e4lter B-Ware inkl 12 Monate Epson Bring in Herstellergarantie |\"}]},{\"@type\":\"WebSite\",\"@id\":\"https:\/\/product-guide.org\/#website\",\"url\":\"https:\/\/product-guide.org\/\",\"name\":\"Product-Guide.org\",\"description\":\"What Product are you looking for?\",\"publisher\":{\"@id\":\"https:\/\/product-guide.org\/#organization\"},\"potentialAction\":[{\"@type\":\"SearchAction\",\"target\":{\"@type\":\"EntryPoint\",\"urlTemplate\":\"https:\/\/product-guide.org\/?s={search_term_string}\"},\"query-input\":{\"@type\":\"PropertyValueSpecification\",\"valueRequired\":true,\"valueName\":\"search_term_string\"}}],\"inLanguage\":\"en-GB\"},{\"@type\":\"Organization\",\"@id\":\"https:\/\/product-guide.org\/#organization\",\"name\":\"Product-Guide.org\",\"url\":\"https:\/\/product-guide.org\/\",\"logo\":{\"@type\":\"ImageObject\",\"inLanguage\":\"en-GB\",\"@id\":\"https:\/\/product-guide.org\/#\/schema\/logo\/image\/\",\"url\":\"https:\/\/product-guide.org\/wp-content\/uploads\/2022\/07\/logo_transparent_background.png\",\"contentUrl\":\"https:\/\/product-guide.org\/wp-content\/uploads\/2022\/07\/logo_transparent_background.png\",\"width\":3400,\"height\":1132,\"caption\":\"Product-Guide.org\"},\"image\":{\"@id\":\"https:\/\/product-guide.org\/#\/schema\/logo\/image\/\"}}]}<\/script>\n<!-- \/ Yoast SEO plugin. -->","yoast_head_json":{"title":"Epson EcoTank ET-2810 Tintenstrahldrucker MFP Kopierer, Scanner, Drucker Tintenbeh\u00e4lter B-Ware inkl 12 Monate Epson Bring in Herstellergarantie | Product-Guide.org","description":"Epson EcoTank ET-2810 Tintenstrahldrucker MFP Kopierer, Scanner, Drucker Tintenbeh\u00e4lter B-Ware inkl 12 Monate Epson Bring in Herstellergarantie | gefunden von Product-Guide.org","robots":{"index":"index","follow":"follow","max-snippet":"max-snippet:-1","max-image-preview":"max-image-preview:large","max-video-preview":"max-video-preview:-1"},"canonical":"https:\/\/product-guide.org\/en\/produkt\/epson-ecotank-et-2810-tintenstrahldrucker-mfp-kopierer-scanner-drucker-tintenbehalter-b-ware-inkl-12-monate-epson-bring-in-herstellergarantie\/","og_locale":"en_GB","og_type":"article","og_title":"Epson EcoTank ET-2810 Tintenstrahldrucker MFP Kopierer, Scanner, Drucker Tintenbeh\u00e4lter B-Ware inkl 12 Monate Epson Bring in Herstellergarantie | Product-Guide.org","og_description":"Epson EcoTank ET-2810 Tintenstrahldrucker MFP Kopierer, Scanner, Drucker Tintenbeh\u00e4lter B-Ware inkl 12 Monate Epson Bring in Herstellergarantie | gefunden von Product-Guide.org","og_url":"https:\/\/product-guide.org\/en\/produkt\/epson-ecotank-et-2810-tintenstrahldrucker-mfp-kopierer-scanner-drucker-tintenbehalter-b-ware-inkl-12-monate-epson-bring-in-herstellergarantie\/","og_site_name":"Product-Guide.org","twitter_card":"summary_large_image","schema":{"@context":"https:\/\/schema.org","@graph":[{"@type":"WebPage","@id":"https:\/\/product-guide.org\/produkt\/epson-ecotank-et-2810-tintenstrahldrucker-mfp-kopierer-scanner-drucker-tintenbehalter-b-ware-inkl-12-monate-epson-bring-in-herstellergarantie\/","url":"https:\/\/product-guide.org\/produkt\/epson-ecotank-et-2810-tintenstrahldrucker-mfp-kopierer-scanner-drucker-tintenbehalter-b-ware-inkl-12-monate-epson-bring-in-herstellergarantie\/","name":"Epson EcoTank ET-2810 Tintenstrahldrucker MFP Kopierer, Scanner, Drucker Tintenbeh\u00e4lter B-Ware inkl 12 Monate Epson Bring in Herstellergarantie | Product-Guide.org","isPartOf":{"@id":"https:\/\/product-guide.org\/#website"},"primaryImageOfPage":{"@id":"https:\/\/product-guide.org\/produkt\/epson-ecotank-et-2810-tintenstrahldrucker-mfp-kopierer-scanner-drucker-tintenbehalter-b-ware-inkl-12-monate-epson-bring-in-herstellergarantie\/#primaryimage"},"image":{"@id":"https:\/\/product-guide.org\/produkt\/epson-ecotank-et-2810-tintenstrahldrucker-mfp-kopierer-scanner-drucker-tintenbehalter-b-ware-inkl-12-monate-epson-bring-in-herstellergarantie\/#primaryimage"},"thumbnailUrl":"https:\/\/product-guide.org\/wp-content\/uploads\/2025\/03\/ET2810.png","datePublished":"2025-03-17T10:39:05+00:00","description":"Epson EcoTank ET-2810 Tintenstrahldrucker MFP Kopierer, Scanner, Drucker Tintenbeh\u00e4lter B-Ware inkl 12 Monate Epson Bring in Herstellergarantie | gefunden von Product-Guide.org","breadcrumb":{"@id":"https:\/\/product-guide.org\/produkt\/epson-ecotank-et-2810-tintenstrahldrucker-mfp-kopierer-scanner-drucker-tintenbehalter-b-ware-inkl-12-monate-epson-bring-in-herstellergarantie\/#breadcrumb"},"inLanguage":"en-GB","potentialAction":[{"@type":"ReadAction","target":["https:\/\/product-guide.org\/produkt\/epson-ecotank-et-2810-tintenstrahldrucker-mfp-kopierer-scanner-drucker-tintenbehalter-b-ware-inkl-12-monate-epson-bring-in-herstellergarantie\/"]}]},{"@type":"ImageObject","inLanguage":"en-GB","@id":"https:\/\/product-guide.org\/produkt\/epson-ecotank-et-2810-tintenstrahldrucker-mfp-kopierer-scanner-drucker-tintenbehalter-b-ware-inkl-12-monate-epson-bring-in-herstellergarantie\/#primaryimage","url":"https:\/\/product-guide.org\/wp-content\/uploads\/2025\/03\/ET2810.png","contentUrl":"https:\/\/product-guide.org\/wp-content\/uploads\/2025\/03\/ET2810.png","width":1500,"height":1033},{"@type":"BreadcrumbList","@id":"https:\/\/product-guide.org\/produkt\/epson-ecotank-et-2810-tintenstrahldrucker-mfp-kopierer-scanner-drucker-tintenbehalter-b-ware-inkl-12-monate-epson-bring-in-herstellergarantie\/#breadcrumb","itemListElement":[{"@type":"ListItem","position":1,"name":"Home","item":"https:\/\/product-guide.org\/"},{"@type":"ListItem","position":2,"name":"Ergebnisse","item":"https:\/\/product-guide.org\/de\/ergebnisse\/"},{"@type":"ListItem","position":3,"name":"Epson EcoTank ET-2810 Tintenstrahldrucker MFP Kopierer, Scanner, Drucker Tintenbeh\u00e4lter B-Ware inkl 12 Monate Epson Bring in Herstellergarantie |"}]},{"@type":"WebSite","@id":"https:\/\/product-guide.org\/#website","url":"https:\/\/product-guide.org\/","name":"Product-Guide.org","description":"What Product are you looking for?","publisher":{"@id":"https:\/\/product-guide.org\/#organization"},"potentialAction":[{"@type":"SearchAction","target":{"@type":"EntryPoint","urlTemplate":"https:\/\/product-guide.org\/?s={search_term_string}"},"query-input":{"@type":"PropertyValueSpecification","valueRequired":true,"valueName":"search_term_string"}}],"inLanguage":"en-GB"},{"@type":"Organization","@id":"https:\/\/product-guide.org\/#organization","name":"Product-Guide.org","url":"https:\/\/product-guide.org\/","logo":{"@type":"ImageObject","inLanguage":"en-GB","@id":"https:\/\/product-guide.org\/#\/schema\/logo\/image\/","url":"https:\/\/product-guide.org\/wp-content\/uploads\/2022\/07\/logo_transparent_background.png","contentUrl":"https:\/\/product-guide.org\/wp-content\/uploads\/2022\/07\/logo_transparent_background.png","width":3400,"height":1132,"caption":"Product-Guide.org"},"image":{"@id":"https:\/\/product-guide.org\/#\/schema\/logo\/image\/"}}]}},"_links":{"self":[{"href":"https:\/\/product-guide.org\/en\/wp-json\/wp\/v2\/product\/52527","targetHints":{"allow":["GET"]}}],"collection":[{"href":"https:\/\/product-guide.org\/en\/wp-json\/wp\/v2\/product"}],"about":[{"href":"https:\/\/product-guide.org\/en\/wp-json\/wp\/v2\/types\/product"}],"wp:featuredmedia":[{"embeddable":true,"href":"https:\/\/product-guide.org\/en\/wp-json\/wp\/v2\/media\/52526"}],"wp:attachment":[{"href":"https:\/\/product-guide.org\/en\/wp-json\/wp\/v2\/media?parent=52527"}],"wp:term":[{"taxonomy":"store","embeddable":true,"href":"https:\/\/product-guide.org\/en\/wp-json\/wp\/v2\/store?post=52527"},{"taxonomy":"product_brand","embeddable":true,"href":"https:\/\/product-guide.org\/en\/wp-json\/wp\/v2\/product_brand?post=52527"},{"taxonomy":"product_cat","embeddable":true,"href":"https:\/\/product-guide.org\/en\/wp-json\/wp\/v2\/product_cat?post=52527"},{"taxonomy":"product_tag","embeddable":true,"href":"https:\/\/product-guide.org\/en\/wp-json\/wp\/v2\/product_tag?post=52527"}],"curies":[{"name":"wp","href":"https:\/\/api.w.org\/{rel}","templated":true}]}}