{"id":52624,"date":"2025-03-17T11:40:33","date_gmt":"2025-03-17T10:40:33","guid":{"rendered":"https:\/\/product-guide.org\/produkt\/abeego-frischhaltefolie-verschiedene-grosen-klein-quadrat-5-stk-18x18cm-laguna\/"},"modified":"2025-03-17T11:40:33","modified_gmt":"2025-03-17T10:40:33","slug":"abeego-frischhaltefolie-verschiedene-grosen-klein-quadrat-5-stk-18x18cm-laguna","status":"publish","type":"product","link":"https:\/\/product-guide.org\/en\/produkt\/abeego-frischhaltefolie-verschiedene-grosen-klein-quadrat-5-stk-18x18cm-laguna\/","title":{"rendered":"Abeego Frischhaltefolie &#8211; verschiedene Gr\u00f6\u00dfen &#8220;Klein Quadrat 5 Stk. (18x18cm)&#8221; | Laguna"},"content":{"rendered":"<p>Abeego Bienenwachst\u00fccher &#8211; Frischhaltefolie verschiedene Gr\u00f6\u00dfen Abeego Bienenwachst\u00fccher waren eine der ersten, wenn nicht sogar die erste, Bienenwachsfolie auf dem Markt. Seit 2008 erfreuen sich unsere Bienenwachst\u00fccher gro\u00dfer Beliebtheit und z\u00e4hlen seit je her zu den Top Sellern. Lange waren wir auf der Suche nach einer geeigneten und nat\u00fcrlichen Alternative f\u00fcr Alufolie und Plastikfolie . Mit der Entdeckung von Abeego Bienenwachsfolien war unsere Suche erfolgreich. Mit der nat\u00fcrlichen Frischhaltefolie von Abeego, haben wir ein zu 100% biologisches Produkt gefunden, dass frei von jeglichen Gift- und Schadstoffen ist. Zudem hat es aufgrund des Bienenwachses eine von Natur aus antibakterielle Wirkung. Weiterhin l\u00e4sst sich Abeego Bienenwachsfolie im m\u00e4\u00dfig warmen bis kaltem Wasser leicht reinigen und hat eine Lebensdauer von weit \u00fcber einem Jahr. Vorteilhaft f\u00fcr die Reinigung ist allerdings kaltes Wasser. Nachtrag zur Haltbarkeit : Wir haben die Abeego Folien jetzt seit Juli 2016 regelm\u00e4\u00dfig im Einsatz. Wir verpacken Wurst, K\u00e4se &#8211; Decken Sch\u00fcsseln mit Salat oder Obst ab und wickeln auch belegte Br\u00f6tchen und Brote darin ein. Bis auf ein paar Flecken von Tomaten etc. sind die Abeegos noch so gut wie am ersten Tag. Wir sind echt begeistert. \ud83d\ude42 Die gro\u00dfe Besonderheit des Produktes geht aus drei Eigenschaften hervor: 1. Die Abeego Frischhaltefolien lassen Deine Lebensmittel atmen und sind von Natur aus antibakteriell. 2. Sie passen sich der Form Deiner Lebensmittel an. 3. Abeego Frischhaltefolien ist wiederverwendbar, und das \u00fcber lange Zeit Wie benutze ich Bienenwachsfolie? WRAP: Selbstklebend und in verschiedenen Gr\u00f6\u00dfen erh\u00e4ltlich, wickelt Abeego Lebensmittel sch\u00f6n zusammen. Dein Essen ist in guten H\u00e4nden. WASCHEN: Kaltes Wasser und umweltfreundliche Seife sind der Schl\u00fcssel f\u00fcr eine lange Lebensdauer von Abeego. Wenn es nicht verschmutzt ist, falte es einfach zusammen und verstaue es. WIEDERVERWENDUNG: Bei regelm\u00e4\u00dfiger Anwendung und richtiger Pflege h\u00e4lt Abeego mindestens ein Jahr LEBENSENDE: Wenn der Tag kommt, ist Abeego zu Hause kompostierbar. Noch besser: Schneide es in Streifen und verwende es als Feueranz\u00fcnder oder Kabelbinder f\u00fcr den Garten. Eigenschaften: Kein Plastik und auch kein Aluminium Rein nat\u00fcrliche Materialien Material: Hanf &#038; Bio-Baumwolle + Bienenwachs, Baumharz und Jojoba\u00f6l 100% lebensmittelcht und antibakteriell Formbest\u00e4ndig (Passt sich echt an jede Form an) Das Bienenwachs tr\u00e4gt einen sehr angenehmen Honiggeruch, der sich auf keinste Weise auf die Lebensmittel auswirkt Abeego l\u00e4sst Deine Lebensmittel atmen Herkunft: Kanada Unsere Abeego Folien gibt es in verschiedenen Sets Varianten zur Auswahl: Medium rechteckig 1 Blatt: ca. 15 x 46 cm Medium quadratisch 1 Blatt: ca. 25 x 25 cm Klein rechteckig 1 Blatt: ca. 18 x 30 cm Klein quadratisch 1 Blatt: ca. 18 x 18 cm Klein rechteckig 5 Bl\u00e4tter: ca. 18 x 18 cm Pflege: Abeego sollte in kaltem bis m\u00e4\u00dfig warmen Wasser mit umweltfreundlicher Seife gereinigt werden. Kein hei\u00dfes Wasser, da das Bienenwachs sonst schmelzen w\u00fcrde. Kaltes Wasser hat den weiteren Vorteil, dass die Oberfl\u00e4che steifer und besser zu reinigen ist. Tipp: Lass etwas kaltes Wasser ein, sobald es vieles zu sp\u00fclen gibt und beginne mit der Abeegofrischhaltefolie und sp\u00fcle nachtr\u00e4glich alles andere Vermeide langes eintauchen der Folie im Wasser Nach der Reinigung kannst Du Abeego an der Luft trocknen lassen oder alternativ selbst mit einem Handtuch abtrocknen. Am besten ist biologische Seife ohne oder mit minimalem Alkoholgehalt, da Alkohol Harz und Bienenwachs l\u00f6st. Tipp: Falls Alkohol unter den ersten Drei Inhaltsstoffen der Seife steht, sollte es nicht genutzt werden.<\/p>\n","protected":false},"excerpt":{"rendered":"<p>Abeego Bienenwachst\u00fccher &#8211; Frischhaltefolie verschiedene Gr\u00f6\u00dfen Abeego Bienenwachst\u00fccher waren eine der ersten, wenn nicht sogar die erste, Bienenwachsfolie auf dem Markt. Seit 2008 erfreuen sich unsere Bienenwachst\u00fccher gro\u00dfer Beliebtheit und z\u00e4hlen seit je her zu den Top Sellern. Lange waren wir auf der Suche nach einer geeigneten und nat\u00fcrlichen Alternative f\u00fcr Alufolie und Plastikfolie . [&hellip;]<\/p>\n","protected":false},"featured_media":52619,"template":"","meta":{"_gspb_post_css":""},"store":[],"product_brand":[1400],"product_cat":[1290],"product_tag":[],"class_list":{"0":"post-52624","1":"product","2":"type-product","3":"status-publish","4":"has-post-thumbnail","6":"product_brand-laguna-onlineshop-de","7":"product_cat-uncategorized","9":"first","10":"instock","11":"shipping-taxable","12":"purchasable","13":"product-type-simple"},"yoast_head":"<!-- This site is optimized with the Yoast SEO plugin v24.6 - https:\/\/yoast.com\/wordpress\/plugins\/seo\/ -->\n<title>Abeego Frischhaltefolie - verschiedene Gr\u00f6\u00dfen &quot;Klein Quadrat 5 Stk. (18x18cm)&quot; | Laguna | Product-Guide.org<\/title>\n<meta name=\"description\" content=\"Abeego Frischhaltefolie - verschiedene Gr\u00f6\u00dfen &quot;Klein Quadrat 5 Stk. (18x18cm)&quot; | Laguna gefunden von Product-Guide.org\" \/>\n<meta name=\"robots\" content=\"index, follow, max-snippet:-1, max-image-preview:large, max-video-preview:-1\" \/>\n<link rel=\"canonical\" href=\"https:\/\/product-guide.org\/en\/produkt\/abeego-frischhaltefolie-verschiedene-grosen-klein-quadrat-5-stk-18x18cm-laguna\/\" \/>\n<meta property=\"og:locale\" content=\"en_GB\" \/>\n<meta property=\"og:type\" content=\"article\" \/>\n<meta property=\"og:title\" content=\"Abeego Frischhaltefolie - verschiedene Gr\u00f6\u00dfen &quot;Klein Quadrat 5 Stk. (18x18cm)&quot; | Laguna | Product-Guide.org\" \/>\n<meta property=\"og:description\" content=\"Abeego Frischhaltefolie - verschiedene Gr\u00f6\u00dfen &quot;Klein Quadrat 5 Stk. (18x18cm)&quot; | Laguna gefunden von Product-Guide.org\" \/>\n<meta property=\"og:url\" content=\"https:\/\/product-guide.org\/en\/produkt\/abeego-frischhaltefolie-verschiedene-grosen-klein-quadrat-5-stk-18x18cm-laguna\/\" \/>\n<meta property=\"og:site_name\" content=\"Product-Guide.org\" \/>\n<meta name=\"twitter:card\" content=\"summary_large_image\" \/>\n<script type=\"application\/ld+json\" class=\"yoast-schema-graph\">{\"@context\":\"https:\/\/schema.org\",\"@graph\":[{\"@type\":\"WebPage\",\"@id\":\"https:\/\/product-guide.org\/produkt\/abeego-frischhaltefolie-verschiedene-grosen-klein-quadrat-5-stk-18x18cm-laguna\/\",\"url\":\"https:\/\/product-guide.org\/produkt\/abeego-frischhaltefolie-verschiedene-grosen-klein-quadrat-5-stk-18x18cm-laguna\/\",\"name\":\"Abeego Frischhaltefolie - verschiedene Gr\u00f6\u00dfen \\\"Klein Quadrat 5 Stk. (18x18cm)\\\" | Laguna | Product-Guide.org\",\"isPartOf\":{\"@id\":\"https:\/\/product-guide.org\/#website\"},\"primaryImageOfPage\":{\"@id\":\"https:\/\/product-guide.org\/produkt\/abeego-frischhaltefolie-verschiedene-grosen-klein-quadrat-5-stk-18x18cm-laguna\/#primaryimage\"},\"image\":{\"@id\":\"https:\/\/product-guide.org\/produkt\/abeego-frischhaltefolie-verschiedene-grosen-klein-quadrat-5-stk-18x18cm-laguna\/#primaryimage\"},\"thumbnailUrl\":\"https:\/\/product-guide.org\/wp-content\/uploads\/2025\/03\/abeego-small-pack-6-flats458eb3fa0b24f4_1280x1280.jpg\",\"datePublished\":\"2025-03-17T10:40:33+00:00\",\"description\":\"Abeego Frischhaltefolie - verschiedene Gr\u00f6\u00dfen \\\"Klein Quadrat 5 Stk. (18x18cm)\\\" | Laguna gefunden von Product-Guide.org\",\"breadcrumb\":{\"@id\":\"https:\/\/product-guide.org\/produkt\/abeego-frischhaltefolie-verschiedene-grosen-klein-quadrat-5-stk-18x18cm-laguna\/#breadcrumb\"},\"inLanguage\":\"en-GB\",\"potentialAction\":[{\"@type\":\"ReadAction\",\"target\":[\"https:\/\/product-guide.org\/produkt\/abeego-frischhaltefolie-verschiedene-grosen-klein-quadrat-5-stk-18x18cm-laguna\/\"]}]},{\"@type\":\"ImageObject\",\"inLanguage\":\"en-GB\",\"@id\":\"https:\/\/product-guide.org\/produkt\/abeego-frischhaltefolie-verschiedene-grosen-klein-quadrat-5-stk-18x18cm-laguna\/#primaryimage\",\"url\":\"https:\/\/product-guide.org\/wp-content\/uploads\/2025\/03\/abeego-small-pack-6-flats458eb3fa0b24f4_1280x1280.jpg\",\"contentUrl\":\"https:\/\/product-guide.org\/wp-content\/uploads\/2025\/03\/abeego-small-pack-6-flats458eb3fa0b24f4_1280x1280.jpg\",\"width\":800,\"height\":800},{\"@type\":\"BreadcrumbList\",\"@id\":\"https:\/\/product-guide.org\/produkt\/abeego-frischhaltefolie-verschiedene-grosen-klein-quadrat-5-stk-18x18cm-laguna\/#breadcrumb\",\"itemListElement\":[{\"@type\":\"ListItem\",\"position\":1,\"name\":\"Home\",\"item\":\"https:\/\/product-guide.org\/\"},{\"@type\":\"ListItem\",\"position\":2,\"name\":\"Ergebnisse\",\"item\":\"https:\/\/product-guide.org\/de\/ergebnisse\/\"},{\"@type\":\"ListItem\",\"position\":3,\"name\":\"Abeego Frischhaltefolie &#8211; verschiedene Gr\u00f6\u00dfen &#8220;Klein Quadrat 5 Stk. (18x18cm)&#8221; | Laguna\"}]},{\"@type\":\"WebSite\",\"@id\":\"https:\/\/product-guide.org\/#website\",\"url\":\"https:\/\/product-guide.org\/\",\"name\":\"Product-Guide.org\",\"description\":\"What Product are you looking for?\",\"publisher\":{\"@id\":\"https:\/\/product-guide.org\/#organization\"},\"potentialAction\":[{\"@type\":\"SearchAction\",\"target\":{\"@type\":\"EntryPoint\",\"urlTemplate\":\"https:\/\/product-guide.org\/?s={search_term_string}\"},\"query-input\":{\"@type\":\"PropertyValueSpecification\",\"valueRequired\":true,\"valueName\":\"search_term_string\"}}],\"inLanguage\":\"en-GB\"},{\"@type\":\"Organization\",\"@id\":\"https:\/\/product-guide.org\/#organization\",\"name\":\"Product-Guide.org\",\"url\":\"https:\/\/product-guide.org\/\",\"logo\":{\"@type\":\"ImageObject\",\"inLanguage\":\"en-GB\",\"@id\":\"https:\/\/product-guide.org\/#\/schema\/logo\/image\/\",\"url\":\"https:\/\/product-guide.org\/wp-content\/uploads\/2022\/07\/logo_transparent_background.png\",\"contentUrl\":\"https:\/\/product-guide.org\/wp-content\/uploads\/2022\/07\/logo_transparent_background.png\",\"width\":3400,\"height\":1132,\"caption\":\"Product-Guide.org\"},\"image\":{\"@id\":\"https:\/\/product-guide.org\/#\/schema\/logo\/image\/\"}}]}<\/script>\n<!-- \/ Yoast SEO plugin. -->","yoast_head_json":{"title":"Abeego Frischhaltefolie - verschiedene Gr\u00f6\u00dfen \"Klein Quadrat 5 Stk. (18x18cm)\" | Laguna | Product-Guide.org","description":"Abeego Frischhaltefolie - verschiedene Gr\u00f6\u00dfen \"Klein Quadrat 5 Stk. (18x18cm)\" | Laguna gefunden von Product-Guide.org","robots":{"index":"index","follow":"follow","max-snippet":"max-snippet:-1","max-image-preview":"max-image-preview:large","max-video-preview":"max-video-preview:-1"},"canonical":"https:\/\/product-guide.org\/en\/produkt\/abeego-frischhaltefolie-verschiedene-grosen-klein-quadrat-5-stk-18x18cm-laguna\/","og_locale":"en_GB","og_type":"article","og_title":"Abeego Frischhaltefolie - verschiedene Gr\u00f6\u00dfen \"Klein Quadrat 5 Stk. (18x18cm)\" | Laguna | Product-Guide.org","og_description":"Abeego Frischhaltefolie - verschiedene Gr\u00f6\u00dfen \"Klein Quadrat 5 Stk. (18x18cm)\" | Laguna gefunden von Product-Guide.org","og_url":"https:\/\/product-guide.org\/en\/produkt\/abeego-frischhaltefolie-verschiedene-grosen-klein-quadrat-5-stk-18x18cm-laguna\/","og_site_name":"Product-Guide.org","twitter_card":"summary_large_image","schema":{"@context":"https:\/\/schema.org","@graph":[{"@type":"WebPage","@id":"https:\/\/product-guide.org\/produkt\/abeego-frischhaltefolie-verschiedene-grosen-klein-quadrat-5-stk-18x18cm-laguna\/","url":"https:\/\/product-guide.org\/produkt\/abeego-frischhaltefolie-verschiedene-grosen-klein-quadrat-5-stk-18x18cm-laguna\/","name":"Abeego Frischhaltefolie - verschiedene Gr\u00f6\u00dfen \"Klein Quadrat 5 Stk. (18x18cm)\" | Laguna | Product-Guide.org","isPartOf":{"@id":"https:\/\/product-guide.org\/#website"},"primaryImageOfPage":{"@id":"https:\/\/product-guide.org\/produkt\/abeego-frischhaltefolie-verschiedene-grosen-klein-quadrat-5-stk-18x18cm-laguna\/#primaryimage"},"image":{"@id":"https:\/\/product-guide.org\/produkt\/abeego-frischhaltefolie-verschiedene-grosen-klein-quadrat-5-stk-18x18cm-laguna\/#primaryimage"},"thumbnailUrl":"https:\/\/product-guide.org\/wp-content\/uploads\/2025\/03\/abeego-small-pack-6-flats458eb3fa0b24f4_1280x1280.jpg","datePublished":"2025-03-17T10:40:33+00:00","description":"Abeego Frischhaltefolie - verschiedene Gr\u00f6\u00dfen \"Klein Quadrat 5 Stk. (18x18cm)\" | Laguna gefunden von Product-Guide.org","breadcrumb":{"@id":"https:\/\/product-guide.org\/produkt\/abeego-frischhaltefolie-verschiedene-grosen-klein-quadrat-5-stk-18x18cm-laguna\/#breadcrumb"},"inLanguage":"en-GB","potentialAction":[{"@type":"ReadAction","target":["https:\/\/product-guide.org\/produkt\/abeego-frischhaltefolie-verschiedene-grosen-klein-quadrat-5-stk-18x18cm-laguna\/"]}]},{"@type":"ImageObject","inLanguage":"en-GB","@id":"https:\/\/product-guide.org\/produkt\/abeego-frischhaltefolie-verschiedene-grosen-klein-quadrat-5-stk-18x18cm-laguna\/#primaryimage","url":"https:\/\/product-guide.org\/wp-content\/uploads\/2025\/03\/abeego-small-pack-6-flats458eb3fa0b24f4_1280x1280.jpg","contentUrl":"https:\/\/product-guide.org\/wp-content\/uploads\/2025\/03\/abeego-small-pack-6-flats458eb3fa0b24f4_1280x1280.jpg","width":800,"height":800},{"@type":"BreadcrumbList","@id":"https:\/\/product-guide.org\/produkt\/abeego-frischhaltefolie-verschiedene-grosen-klein-quadrat-5-stk-18x18cm-laguna\/#breadcrumb","itemListElement":[{"@type":"ListItem","position":1,"name":"Home","item":"https:\/\/product-guide.org\/"},{"@type":"ListItem","position":2,"name":"Ergebnisse","item":"https:\/\/product-guide.org\/de\/ergebnisse\/"},{"@type":"ListItem","position":3,"name":"Abeego Frischhaltefolie &#8211; verschiedene Gr\u00f6\u00dfen &#8220;Klein Quadrat 5 Stk. (18x18cm)&#8221; | Laguna"}]},{"@type":"WebSite","@id":"https:\/\/product-guide.org\/#website","url":"https:\/\/product-guide.org\/","name":"Product-Guide.org","description":"What Product are you looking for?","publisher":{"@id":"https:\/\/product-guide.org\/#organization"},"potentialAction":[{"@type":"SearchAction","target":{"@type":"EntryPoint","urlTemplate":"https:\/\/product-guide.org\/?s={search_term_string}"},"query-input":{"@type":"PropertyValueSpecification","valueRequired":true,"valueName":"search_term_string"}}],"inLanguage":"en-GB"},{"@type":"Organization","@id":"https:\/\/product-guide.org\/#organization","name":"Product-Guide.org","url":"https:\/\/product-guide.org\/","logo":{"@type":"ImageObject","inLanguage":"en-GB","@id":"https:\/\/product-guide.org\/#\/schema\/logo\/image\/","url":"https:\/\/product-guide.org\/wp-content\/uploads\/2022\/07\/logo_transparent_background.png","contentUrl":"https:\/\/product-guide.org\/wp-content\/uploads\/2022\/07\/logo_transparent_background.png","width":3400,"height":1132,"caption":"Product-Guide.org"},"image":{"@id":"https:\/\/product-guide.org\/#\/schema\/logo\/image\/"}}]}},"_links":{"self":[{"href":"https:\/\/product-guide.org\/en\/wp-json\/wp\/v2\/product\/52624","targetHints":{"allow":["GET"]}}],"collection":[{"href":"https:\/\/product-guide.org\/en\/wp-json\/wp\/v2\/product"}],"about":[{"href":"https:\/\/product-guide.org\/en\/wp-json\/wp\/v2\/types\/product"}],"wp:featuredmedia":[{"embeddable":true,"href":"https:\/\/product-guide.org\/en\/wp-json\/wp\/v2\/media\/52619"}],"wp:attachment":[{"href":"https:\/\/product-guide.org\/en\/wp-json\/wp\/v2\/media?parent=52624"}],"wp:term":[{"taxonomy":"store","embeddable":true,"href":"https:\/\/product-guide.org\/en\/wp-json\/wp\/v2\/store?post=52624"},{"taxonomy":"product_brand","embeddable":true,"href":"https:\/\/product-guide.org\/en\/wp-json\/wp\/v2\/product_brand?post=52624"},{"taxonomy":"product_cat","embeddable":true,"href":"https:\/\/product-guide.org\/en\/wp-json\/wp\/v2\/product_cat?post=52624"},{"taxonomy":"product_tag","embeddable":true,"href":"https:\/\/product-guide.org\/en\/wp-json\/wp\/v2\/product_tag?post=52624"}],"curies":[{"name":"wp","href":"https:\/\/api.w.org\/{rel}","templated":true}]}}