{"id":52626,"date":"2025-03-17T11:40:34","date_gmt":"2025-03-17T10:40:34","guid":{"rendered":"https:\/\/product-guide.org\/produkt\/atherische-olmischung-wake-up-laguna\/"},"modified":"2025-03-17T11:40:34","modified_gmt":"2025-03-17T10:40:34","slug":"atherische-olmischung-wake-up-laguna","status":"publish","type":"product","link":"https:\/\/product-guide.org\/en\/produkt\/atherische-olmischung-wake-up-laguna\/","title":{"rendered":"\u00c4therische \u00d6lmischung &#8211; Wake Up | Laguna"},"content":{"rendered":"<p>\u00c4therische \u00d6lmischung &#8211; Wake Up &#8211; 12ml 100 % reine Mischung aus 3 \u00e4therischen \u00d6len. Entdecke die erfrischende Mischung aus Bergamotte, Rosmarin und Pfefferminz &#8211; ein Duft, der frisch, minzig und belebend ist. Diese Mischung wurde sorgf\u00e4ltig entwickelt, um dir dabei zu helfen, wachsam und konzentriert zu bleiben. Anwendung Genie\u00dfe dieses \u00d6l in einem Diffusor bzw. in einer Duft\u00f6llampe, als Raumspray, in einem hei\u00dfen Bad oder als Massage\u00f6l. Verwende maximal 5-10 Tropfen des \u00e4therischen \u00d6ls pro 20ml Tr\u00e4ger\u00f6l, Alkohol oder Wasser. Hinweis Achtung! Dieses \u00d6l dient nur zur \u00e4u\u00dferlichen Anwendung. Nicht unverd\u00fcnnt anwenden. Brich die Anwendung ab, wenn Du eine Reaktion bemerkst. Bitte konsultiere einen Arzt, wenn Du schwanger bist, stillst oder unter \u00e4rztlicher Aufsicht stehst. Nicht geeignet f\u00fcr kleine Kinder. Eigenschaften Inhalt: ca. 12ml Inhaltsstoff(e): 100 % reine Mischung aus 3 \u00e4therischen \u00d6len: Citrus aurantium bergamia (Bergamotte)-Schalen\u00f6l Rosmarinus officinalis (Rosmarin)-Blatt\u00f6l* Mentha pipireta (Pfefferminze)-Blatt\u00f6l* (*aus kontrolliert biologischem Anbau) Herkunftsland: Irland Material Flasche: Glas \/ Deckel &#8211; PP#5. Manipulationsring &#8211; HDPE#2. Verpackung Displaybox: ca. 10 x 3 x 3 cm Produktgr\u00f6\u00dfe: ca. 6,5 x 2,5 cm Durchmesser Produktgewicht: ca. 47g Lieferumfang: Duft\u00f6l in Umkarton aus Pappe.<\/p>\n","protected":false},"excerpt":{"rendered":"<p>\u00c4therische \u00d6lmischung &#8211; Wake Up &#8211; 12ml 100 % reine Mischung aus 3 \u00e4therischen \u00d6len. Entdecke die erfrischende Mischung aus Bergamotte, Rosmarin und Pfefferminz &#8211; ein Duft, der frisch, minzig und belebend ist. Diese Mischung wurde sorgf\u00e4ltig entwickelt, um dir dabei zu helfen, wachsam und konzentriert zu bleiben. Anwendung Genie\u00dfe dieses \u00d6l in einem Diffusor [&hellip;]<\/p>\n","protected":false},"featured_media":52625,"template":"","meta":{"_gspb_post_css":""},"store":[],"product_brand":[1400],"product_cat":[1290],"product_tag":[],"class_list":{"0":"post-52626","1":"product","2":"type-product","3":"status-publish","4":"has-post-thumbnail","6":"product_brand-laguna-onlineshop-de","7":"product_cat-uncategorized","9":"first","10":"instock","11":"shipping-taxable","12":"purchasable","13":"product-type-simple"},"yoast_head":"<!-- This site is optimized with the Yoast SEO plugin v24.6 - https:\/\/yoast.com\/wordpress\/plugins\/seo\/ -->\n<title>\u00c4therische \u00d6lmischung - Wake Up | Laguna | Product-Guide.org<\/title>\n<meta name=\"description\" content=\"\u00c4therische \u00d6lmischung - Wake Up | Laguna gefunden von Product-Guide.org\" \/>\n<meta name=\"robots\" content=\"index, follow, max-snippet:-1, max-image-preview:large, max-video-preview:-1\" \/>\n<link rel=\"canonical\" href=\"https:\/\/product-guide.org\/en\/produkt\/atherische-olmischung-wake-up-laguna\/\" \/>\n<meta property=\"og:locale\" content=\"en_GB\" \/>\n<meta property=\"og:type\" content=\"article\" \/>\n<meta property=\"og:title\" content=\"\u00c4therische \u00d6lmischung - Wake Up | Laguna | Product-Guide.org\" \/>\n<meta property=\"og:description\" content=\"\u00c4therische \u00d6lmischung - Wake Up | Laguna gefunden von Product-Guide.org\" \/>\n<meta property=\"og:url\" content=\"https:\/\/product-guide.org\/en\/produkt\/atherische-olmischung-wake-up-laguna\/\" \/>\n<meta property=\"og:site_name\" content=\"Product-Guide.org\" \/>\n<meta name=\"twitter:card\" content=\"summary_large_image\" \/>\n<script type=\"application\/ld+json\" class=\"yoast-schema-graph\">{\"@context\":\"https:\/\/schema.org\",\"@graph\":[{\"@type\":\"WebPage\",\"@id\":\"https:\/\/product-guide.org\/produkt\/atherische-olmischung-wake-up-laguna\/\",\"url\":\"https:\/\/product-guide.org\/produkt\/atherische-olmischung-wake-up-laguna\/\",\"name\":\"\u00c4therische \u00d6lmischung - Wake Up | Laguna | Product-Guide.org\",\"isPartOf\":{\"@id\":\"https:\/\/product-guide.org\/#website\"},\"primaryImageOfPage\":{\"@id\":\"https:\/\/product-guide.org\/produkt\/atherische-olmischung-wake-up-laguna\/#primaryimage\"},\"image\":{\"@id\":\"https:\/\/product-guide.org\/produkt\/atherische-olmischung-wake-up-laguna\/#primaryimage\"},\"thumbnailUrl\":\"https:\/\/product-guide.org\/wp-content\/uploads\/2025\/03\/TN-BL12-WAKEO_1_1280x1280.jpg\",\"datePublished\":\"2025-03-17T10:40:34+00:00\",\"description\":\"\u00c4therische \u00d6lmischung - Wake Up | Laguna gefunden von Product-Guide.org\",\"breadcrumb\":{\"@id\":\"https:\/\/product-guide.org\/produkt\/atherische-olmischung-wake-up-laguna\/#breadcrumb\"},\"inLanguage\":\"en-GB\",\"potentialAction\":[{\"@type\":\"ReadAction\",\"target\":[\"https:\/\/product-guide.org\/produkt\/atherische-olmischung-wake-up-laguna\/\"]}]},{\"@type\":\"ImageObject\",\"inLanguage\":\"en-GB\",\"@id\":\"https:\/\/product-guide.org\/produkt\/atherische-olmischung-wake-up-laguna\/#primaryimage\",\"url\":\"https:\/\/product-guide.org\/wp-content\/uploads\/2025\/03\/TN-BL12-WAKEO_1_1280x1280.jpg\",\"contentUrl\":\"https:\/\/product-guide.org\/wp-content\/uploads\/2025\/03\/TN-BL12-WAKEO_1_1280x1280.jpg\",\"width\":1065,\"height\":1065},{\"@type\":\"BreadcrumbList\",\"@id\":\"https:\/\/product-guide.org\/produkt\/atherische-olmischung-wake-up-laguna\/#breadcrumb\",\"itemListElement\":[{\"@type\":\"ListItem\",\"position\":1,\"name\":\"Home\",\"item\":\"https:\/\/product-guide.org\/\"},{\"@type\":\"ListItem\",\"position\":2,\"name\":\"Ergebnisse\",\"item\":\"https:\/\/product-guide.org\/de\/ergebnisse\/\"},{\"@type\":\"ListItem\",\"position\":3,\"name\":\"\u00c4therische \u00d6lmischung &#8211; Wake Up | Laguna\"}]},{\"@type\":\"WebSite\",\"@id\":\"https:\/\/product-guide.org\/#website\",\"url\":\"https:\/\/product-guide.org\/\",\"name\":\"Product-Guide.org\",\"description\":\"What Product are you looking for?\",\"publisher\":{\"@id\":\"https:\/\/product-guide.org\/#organization\"},\"potentialAction\":[{\"@type\":\"SearchAction\",\"target\":{\"@type\":\"EntryPoint\",\"urlTemplate\":\"https:\/\/product-guide.org\/?s={search_term_string}\"},\"query-input\":{\"@type\":\"PropertyValueSpecification\",\"valueRequired\":true,\"valueName\":\"search_term_string\"}}],\"inLanguage\":\"en-GB\"},{\"@type\":\"Organization\",\"@id\":\"https:\/\/product-guide.org\/#organization\",\"name\":\"Product-Guide.org\",\"url\":\"https:\/\/product-guide.org\/\",\"logo\":{\"@type\":\"ImageObject\",\"inLanguage\":\"en-GB\",\"@id\":\"https:\/\/product-guide.org\/#\/schema\/logo\/image\/\",\"url\":\"https:\/\/product-guide.org\/wp-content\/uploads\/2022\/07\/logo_transparent_background.png\",\"contentUrl\":\"https:\/\/product-guide.org\/wp-content\/uploads\/2022\/07\/logo_transparent_background.png\",\"width\":3400,\"height\":1132,\"caption\":\"Product-Guide.org\"},\"image\":{\"@id\":\"https:\/\/product-guide.org\/#\/schema\/logo\/image\/\"}}]}<\/script>\n<!-- \/ Yoast SEO plugin. -->","yoast_head_json":{"title":"\u00c4therische \u00d6lmischung - Wake Up | Laguna | Product-Guide.org","description":"\u00c4therische \u00d6lmischung - Wake Up | Laguna gefunden von Product-Guide.org","robots":{"index":"index","follow":"follow","max-snippet":"max-snippet:-1","max-image-preview":"max-image-preview:large","max-video-preview":"max-video-preview:-1"},"canonical":"https:\/\/product-guide.org\/en\/produkt\/atherische-olmischung-wake-up-laguna\/","og_locale":"en_GB","og_type":"article","og_title":"\u00c4therische \u00d6lmischung - Wake Up | Laguna | Product-Guide.org","og_description":"\u00c4therische \u00d6lmischung - Wake Up | Laguna gefunden von Product-Guide.org","og_url":"https:\/\/product-guide.org\/en\/produkt\/atherische-olmischung-wake-up-laguna\/","og_site_name":"Product-Guide.org","twitter_card":"summary_large_image","schema":{"@context":"https:\/\/schema.org","@graph":[{"@type":"WebPage","@id":"https:\/\/product-guide.org\/produkt\/atherische-olmischung-wake-up-laguna\/","url":"https:\/\/product-guide.org\/produkt\/atherische-olmischung-wake-up-laguna\/","name":"\u00c4therische \u00d6lmischung - Wake Up | Laguna | Product-Guide.org","isPartOf":{"@id":"https:\/\/product-guide.org\/#website"},"primaryImageOfPage":{"@id":"https:\/\/product-guide.org\/produkt\/atherische-olmischung-wake-up-laguna\/#primaryimage"},"image":{"@id":"https:\/\/product-guide.org\/produkt\/atherische-olmischung-wake-up-laguna\/#primaryimage"},"thumbnailUrl":"https:\/\/product-guide.org\/wp-content\/uploads\/2025\/03\/TN-BL12-WAKEO_1_1280x1280.jpg","datePublished":"2025-03-17T10:40:34+00:00","description":"\u00c4therische \u00d6lmischung - Wake Up | Laguna gefunden von Product-Guide.org","breadcrumb":{"@id":"https:\/\/product-guide.org\/produkt\/atherische-olmischung-wake-up-laguna\/#breadcrumb"},"inLanguage":"en-GB","potentialAction":[{"@type":"ReadAction","target":["https:\/\/product-guide.org\/produkt\/atherische-olmischung-wake-up-laguna\/"]}]},{"@type":"ImageObject","inLanguage":"en-GB","@id":"https:\/\/product-guide.org\/produkt\/atherische-olmischung-wake-up-laguna\/#primaryimage","url":"https:\/\/product-guide.org\/wp-content\/uploads\/2025\/03\/TN-BL12-WAKEO_1_1280x1280.jpg","contentUrl":"https:\/\/product-guide.org\/wp-content\/uploads\/2025\/03\/TN-BL12-WAKEO_1_1280x1280.jpg","width":1065,"height":1065},{"@type":"BreadcrumbList","@id":"https:\/\/product-guide.org\/produkt\/atherische-olmischung-wake-up-laguna\/#breadcrumb","itemListElement":[{"@type":"ListItem","position":1,"name":"Home","item":"https:\/\/product-guide.org\/"},{"@type":"ListItem","position":2,"name":"Ergebnisse","item":"https:\/\/product-guide.org\/de\/ergebnisse\/"},{"@type":"ListItem","position":3,"name":"\u00c4therische \u00d6lmischung &#8211; Wake Up | Laguna"}]},{"@type":"WebSite","@id":"https:\/\/product-guide.org\/#website","url":"https:\/\/product-guide.org\/","name":"Product-Guide.org","description":"What Product are you looking for?","publisher":{"@id":"https:\/\/product-guide.org\/#organization"},"potentialAction":[{"@type":"SearchAction","target":{"@type":"EntryPoint","urlTemplate":"https:\/\/product-guide.org\/?s={search_term_string}"},"query-input":{"@type":"PropertyValueSpecification","valueRequired":true,"valueName":"search_term_string"}}],"inLanguage":"en-GB"},{"@type":"Organization","@id":"https:\/\/product-guide.org\/#organization","name":"Product-Guide.org","url":"https:\/\/product-guide.org\/","logo":{"@type":"ImageObject","inLanguage":"en-GB","@id":"https:\/\/product-guide.org\/#\/schema\/logo\/image\/","url":"https:\/\/product-guide.org\/wp-content\/uploads\/2022\/07\/logo_transparent_background.png","contentUrl":"https:\/\/product-guide.org\/wp-content\/uploads\/2022\/07\/logo_transparent_background.png","width":3400,"height":1132,"caption":"Product-Guide.org"},"image":{"@id":"https:\/\/product-guide.org\/#\/schema\/logo\/image\/"}}]}},"_links":{"self":[{"href":"https:\/\/product-guide.org\/en\/wp-json\/wp\/v2\/product\/52626","targetHints":{"allow":["GET"]}}],"collection":[{"href":"https:\/\/product-guide.org\/en\/wp-json\/wp\/v2\/product"}],"about":[{"href":"https:\/\/product-guide.org\/en\/wp-json\/wp\/v2\/types\/product"}],"wp:featuredmedia":[{"embeddable":true,"href":"https:\/\/product-guide.org\/en\/wp-json\/wp\/v2\/media\/52625"}],"wp:attachment":[{"href":"https:\/\/product-guide.org\/en\/wp-json\/wp\/v2\/media?parent=52626"}],"wp:term":[{"taxonomy":"store","embeddable":true,"href":"https:\/\/product-guide.org\/en\/wp-json\/wp\/v2\/store?post=52626"},{"taxonomy":"product_brand","embeddable":true,"href":"https:\/\/product-guide.org\/en\/wp-json\/wp\/v2\/product_brand?post=52626"},{"taxonomy":"product_cat","embeddable":true,"href":"https:\/\/product-guide.org\/en\/wp-json\/wp\/v2\/product_cat?post=52626"},{"taxonomy":"product_tag","embeddable":true,"href":"https:\/\/product-guide.org\/en\/wp-json\/wp\/v2\/product_tag?post=52626"}],"curies":[{"name":"wp","href":"https:\/\/api.w.org\/{rel}","templated":true}]}}