{"id":52821,"date":"2025-03-17T11:43:07","date_gmt":"2025-03-17T10:43:07","guid":{"rendered":"https:\/\/product-guide.org\/produkt\/call-my-heart-home-piper-verlag\/"},"modified":"2025-03-17T11:43:07","modified_gmt":"2025-03-17T10:43:07","slug":"call-my-heart-home-piper-verlag","status":"publish","type":"product","link":"https:\/\/product-guide.org\/en\/produkt\/call-my-heart-home-piper-verlag\/","title":{"rendered":"Call my Heart Home | Piper Verlag"},"content":{"rendered":"<p>Home is where the heart is Erin hatte immer nur ein Ziel: ihre Heimat Hawai\u2019i verlassen, um Biochemie zu studieren und ein Heilmittel f\u00fcr die Krankheit ihres Vaters zu finden. Als sich sein Zustand verschlechtert, kehrt sie nach Hause zur\u00fcck und lernt den Schnitzk\u00fcnstler Shane kennen. Zun\u00e4chst kann Erin ihm und seinem Lebensstil nicht viel abgewinnen, denn Shane lebt in den Tag hinein und jagt der perfekten Welle hinterher. Doch \u00fcber den gemeinsam verbrachten Sommer bringt er Erin die Sch\u00f6nheit ihrer Heimat n\u00e4her und wird nach und nach zu einem Grund, zu bleiben. W\u00e4re da nur nicht ihr Lebenstraum, der nach ihr ruft &#8230;Mit ihrer Island-Summer-Reihe entf\u00fchrt dich die SPIEGEL-Bestsellerautorin Carina Schnell nach Hawai&#8217;i. Freu dich auf H\u00e4ngematten am Strand, bunte Surfbretter und das Rauschen der Wellen. Perfekte Lekt\u00fcre zum Wegschm\u00f6kern!\u2053\u2053\u2053\u2053\u2053\u2053\u2053\u2053\u2053\u2053\u2053\u2053\u2053\u2053\u2053\u2053\u2053\u2053\u2053\u2053\u2053\u2053\u2053\u2053\u2053\u2053\u2053\u2053\u2053\u2053Diese Tropes erwarten dich in \u00bbCall my Heart Home\u00ab: Grumpy vs. Sunshine, Haters to Lovers, From two different worlds\u2053\u2053\u2053\u2053\u2053\u2053\u2053\u2053\u2053\u2053\u2053\u2053\u2053\u2053\u2053\u2053\u2053\u2053\u2053\u2053\u2053\u2053\u2053\u2053\u2053\u2053\u2053\u2053\u2053\u2053\u00bbWas, wenn das Paradies vor unseren Augen zerst\u00f6rt wird?\u00abDieser Satz l\u00e4sst Carina Schnell seit ihrer Reise nach Hawai\u2018i nicht mehr los. Sie hat sich dort in die wundersch\u00f6ne Landschaft und die Mentalit\u00e4t der Einheimischen verliebt, aber auch die Auswirkungen des Massentourismus erlebt. Auch in ihrer neuen New-Adult-Reihe wird Carina auf dieses Thema eingehen, in der Hoffnung, dass uns das Paradies noch lange erhalten bleibt, wenn wir alle etwas zu dessen Schutz beitragen.<\/p>\n","protected":false},"excerpt":{"rendered":"<p>Home is where the heart is Erin hatte immer nur ein Ziel: ihre Heimat Hawai\u2019i verlassen, um Biochemie zu studieren und ein Heilmittel f\u00fcr die Krankheit ihres Vaters zu finden. Als sich sein Zustand verschlechtert, kehrt sie nach Hause zur\u00fcck und lernt den Schnitzk\u00fcnstler Shane kennen. Zun\u00e4chst kann Erin ihm und seinem Lebensstil nicht viel [&hellip;]<\/p>\n","protected":false},"featured_media":52820,"template":"","meta":{"_gspb_post_css":""},"store":[],"product_brand":[1402],"product_cat":[1290],"product_tag":[],"class_list":{"0":"post-52821","1":"product","2":"type-product","3":"status-publish","4":"has-post-thumbnail","6":"product_brand-piper-verlag-de","7":"product_cat-uncategorized","9":"first","10":"instock","11":"shipping-taxable","12":"purchasable","13":"product-type-simple"},"yoast_head":"<!-- This site is optimized with the Yoast SEO plugin v24.6 - https:\/\/yoast.com\/wordpress\/plugins\/seo\/ -->\n<title>Call my Heart Home | Piper Verlag | Product-Guide.org<\/title>\n<meta name=\"description\" content=\"Call my Heart Home | Piper Verlag gefunden von Product-Guide.org\" \/>\n<meta name=\"robots\" content=\"index, follow, max-snippet:-1, max-image-preview:large, max-video-preview:-1\" \/>\n<link rel=\"canonical\" href=\"https:\/\/product-guide.org\/en\/produkt\/call-my-heart-home-piper-verlag\/\" \/>\n<meta property=\"og:locale\" content=\"en_GB\" \/>\n<meta property=\"og:type\" content=\"article\" \/>\n<meta property=\"og:title\" content=\"Call my Heart Home | Piper Verlag | Product-Guide.org\" \/>\n<meta property=\"og:description\" content=\"Call my Heart Home | Piper Verlag gefunden von Product-Guide.org\" \/>\n<meta property=\"og:url\" content=\"https:\/\/product-guide.org\/en\/produkt\/call-my-heart-home-piper-verlag\/\" \/>\n<meta property=\"og:site_name\" content=\"Product-Guide.org\" \/>\n<meta name=\"twitter:card\" content=\"summary_large_image\" \/>\n<script type=\"application\/ld+json\" class=\"yoast-schema-graph\">{\"@context\":\"https:\/\/schema.org\",\"@graph\":[{\"@type\":\"WebPage\",\"@id\":\"https:\/\/product-guide.org\/produkt\/call-my-heart-home-piper-verlag\/\",\"url\":\"https:\/\/product-guide.org\/produkt\/call-my-heart-home-piper-verlag\/\",\"name\":\"Call my Heart Home | Piper Verlag | Product-Guide.org\",\"isPartOf\":{\"@id\":\"https:\/\/product-guide.org\/#website\"},\"primaryImageOfPage\":{\"@id\":\"https:\/\/product-guide.org\/produkt\/call-my-heart-home-piper-verlag\/#primaryimage\"},\"image\":{\"@id\":\"https:\/\/product-guide.org\/produkt\/call-my-heart-home-piper-verlag\/#primaryimage\"},\"thumbnailUrl\":\"https:\/\/product-guide.org\/wp-content\/uploads\/2025\/03\/call-my-heart-home-isbn-978-3-492-06671-6.jpg\",\"datePublished\":\"2025-03-17T10:43:07+00:00\",\"description\":\"Call my Heart Home | Piper Verlag gefunden von Product-Guide.org\",\"breadcrumb\":{\"@id\":\"https:\/\/product-guide.org\/produkt\/call-my-heart-home-piper-verlag\/#breadcrumb\"},\"inLanguage\":\"en-GB\",\"potentialAction\":[{\"@type\":\"ReadAction\",\"target\":[\"https:\/\/product-guide.org\/produkt\/call-my-heart-home-piper-verlag\/\"]}]},{\"@type\":\"ImageObject\",\"inLanguage\":\"en-GB\",\"@id\":\"https:\/\/product-guide.org\/produkt\/call-my-heart-home-piper-verlag\/#primaryimage\",\"url\":\"https:\/\/product-guide.org\/wp-content\/uploads\/2025\/03\/call-my-heart-home-isbn-978-3-492-06671-6.jpg\",\"contentUrl\":\"https:\/\/product-guide.org\/wp-content\/uploads\/2025\/03\/call-my-heart-home-isbn-978-3-492-06671-6.jpg\",\"width\":967,\"height\":1600},{\"@type\":\"BreadcrumbList\",\"@id\":\"https:\/\/product-guide.org\/produkt\/call-my-heart-home-piper-verlag\/#breadcrumb\",\"itemListElement\":[{\"@type\":\"ListItem\",\"position\":1,\"name\":\"Home\",\"item\":\"https:\/\/product-guide.org\/\"},{\"@type\":\"ListItem\",\"position\":2,\"name\":\"Ergebnisse\",\"item\":\"https:\/\/product-guide.org\/de\/ergebnisse\/\"},{\"@type\":\"ListItem\",\"position\":3,\"name\":\"Call my Heart Home | Piper Verlag\"}]},{\"@type\":\"WebSite\",\"@id\":\"https:\/\/product-guide.org\/#website\",\"url\":\"https:\/\/product-guide.org\/\",\"name\":\"Product-Guide.org\",\"description\":\"What Product are you looking for?\",\"publisher\":{\"@id\":\"https:\/\/product-guide.org\/#organization\"},\"potentialAction\":[{\"@type\":\"SearchAction\",\"target\":{\"@type\":\"EntryPoint\",\"urlTemplate\":\"https:\/\/product-guide.org\/?s={search_term_string}\"},\"query-input\":{\"@type\":\"PropertyValueSpecification\",\"valueRequired\":true,\"valueName\":\"search_term_string\"}}],\"inLanguage\":\"en-GB\"},{\"@type\":\"Organization\",\"@id\":\"https:\/\/product-guide.org\/#organization\",\"name\":\"Product-Guide.org\",\"url\":\"https:\/\/product-guide.org\/\",\"logo\":{\"@type\":\"ImageObject\",\"inLanguage\":\"en-GB\",\"@id\":\"https:\/\/product-guide.org\/#\/schema\/logo\/image\/\",\"url\":\"https:\/\/product-guide.org\/wp-content\/uploads\/2022\/07\/logo_transparent_background.png\",\"contentUrl\":\"https:\/\/product-guide.org\/wp-content\/uploads\/2022\/07\/logo_transparent_background.png\",\"width\":3400,\"height\":1132,\"caption\":\"Product-Guide.org\"},\"image\":{\"@id\":\"https:\/\/product-guide.org\/#\/schema\/logo\/image\/\"}}]}<\/script>\n<!-- \/ Yoast SEO plugin. -->","yoast_head_json":{"title":"Call my Heart Home | Piper Verlag | Product-Guide.org","description":"Call my Heart Home | Piper Verlag gefunden von Product-Guide.org","robots":{"index":"index","follow":"follow","max-snippet":"max-snippet:-1","max-image-preview":"max-image-preview:large","max-video-preview":"max-video-preview:-1"},"canonical":"https:\/\/product-guide.org\/en\/produkt\/call-my-heart-home-piper-verlag\/","og_locale":"en_GB","og_type":"article","og_title":"Call my Heart Home | Piper Verlag | Product-Guide.org","og_description":"Call my Heart Home | Piper Verlag gefunden von Product-Guide.org","og_url":"https:\/\/product-guide.org\/en\/produkt\/call-my-heart-home-piper-verlag\/","og_site_name":"Product-Guide.org","twitter_card":"summary_large_image","schema":{"@context":"https:\/\/schema.org","@graph":[{"@type":"WebPage","@id":"https:\/\/product-guide.org\/produkt\/call-my-heart-home-piper-verlag\/","url":"https:\/\/product-guide.org\/produkt\/call-my-heart-home-piper-verlag\/","name":"Call my Heart Home | Piper Verlag | Product-Guide.org","isPartOf":{"@id":"https:\/\/product-guide.org\/#website"},"primaryImageOfPage":{"@id":"https:\/\/product-guide.org\/produkt\/call-my-heart-home-piper-verlag\/#primaryimage"},"image":{"@id":"https:\/\/product-guide.org\/produkt\/call-my-heart-home-piper-verlag\/#primaryimage"},"thumbnailUrl":"https:\/\/product-guide.org\/wp-content\/uploads\/2025\/03\/call-my-heart-home-isbn-978-3-492-06671-6.jpg","datePublished":"2025-03-17T10:43:07+00:00","description":"Call my Heart Home | Piper Verlag gefunden von Product-Guide.org","breadcrumb":{"@id":"https:\/\/product-guide.org\/produkt\/call-my-heart-home-piper-verlag\/#breadcrumb"},"inLanguage":"en-GB","potentialAction":[{"@type":"ReadAction","target":["https:\/\/product-guide.org\/produkt\/call-my-heart-home-piper-verlag\/"]}]},{"@type":"ImageObject","inLanguage":"en-GB","@id":"https:\/\/product-guide.org\/produkt\/call-my-heart-home-piper-verlag\/#primaryimage","url":"https:\/\/product-guide.org\/wp-content\/uploads\/2025\/03\/call-my-heart-home-isbn-978-3-492-06671-6.jpg","contentUrl":"https:\/\/product-guide.org\/wp-content\/uploads\/2025\/03\/call-my-heart-home-isbn-978-3-492-06671-6.jpg","width":967,"height":1600},{"@type":"BreadcrumbList","@id":"https:\/\/product-guide.org\/produkt\/call-my-heart-home-piper-verlag\/#breadcrumb","itemListElement":[{"@type":"ListItem","position":1,"name":"Home","item":"https:\/\/product-guide.org\/"},{"@type":"ListItem","position":2,"name":"Ergebnisse","item":"https:\/\/product-guide.org\/de\/ergebnisse\/"},{"@type":"ListItem","position":3,"name":"Call my Heart Home | Piper Verlag"}]},{"@type":"WebSite","@id":"https:\/\/product-guide.org\/#website","url":"https:\/\/product-guide.org\/","name":"Product-Guide.org","description":"What Product are you looking for?","publisher":{"@id":"https:\/\/product-guide.org\/#organization"},"potentialAction":[{"@type":"SearchAction","target":{"@type":"EntryPoint","urlTemplate":"https:\/\/product-guide.org\/?s={search_term_string}"},"query-input":{"@type":"PropertyValueSpecification","valueRequired":true,"valueName":"search_term_string"}}],"inLanguage":"en-GB"},{"@type":"Organization","@id":"https:\/\/product-guide.org\/#organization","name":"Product-Guide.org","url":"https:\/\/product-guide.org\/","logo":{"@type":"ImageObject","inLanguage":"en-GB","@id":"https:\/\/product-guide.org\/#\/schema\/logo\/image\/","url":"https:\/\/product-guide.org\/wp-content\/uploads\/2022\/07\/logo_transparent_background.png","contentUrl":"https:\/\/product-guide.org\/wp-content\/uploads\/2022\/07\/logo_transparent_background.png","width":3400,"height":1132,"caption":"Product-Guide.org"},"image":{"@id":"https:\/\/product-guide.org\/#\/schema\/logo\/image\/"}}]}},"_links":{"self":[{"href":"https:\/\/product-guide.org\/en\/wp-json\/wp\/v2\/product\/52821","targetHints":{"allow":["GET"]}}],"collection":[{"href":"https:\/\/product-guide.org\/en\/wp-json\/wp\/v2\/product"}],"about":[{"href":"https:\/\/product-guide.org\/en\/wp-json\/wp\/v2\/types\/product"}],"wp:featuredmedia":[{"embeddable":true,"href":"https:\/\/product-guide.org\/en\/wp-json\/wp\/v2\/media\/52820"}],"wp:attachment":[{"href":"https:\/\/product-guide.org\/en\/wp-json\/wp\/v2\/media?parent=52821"}],"wp:term":[{"taxonomy":"store","embeddable":true,"href":"https:\/\/product-guide.org\/en\/wp-json\/wp\/v2\/store?post=52821"},{"taxonomy":"product_brand","embeddable":true,"href":"https:\/\/product-guide.org\/en\/wp-json\/wp\/v2\/product_brand?post=52821"},{"taxonomy":"product_cat","embeddable":true,"href":"https:\/\/product-guide.org\/en\/wp-json\/wp\/v2\/product_cat?post=52821"},{"taxonomy":"product_tag","embeddable":true,"href":"https:\/\/product-guide.org\/en\/wp-json\/wp\/v2\/product_tag?post=52821"}],"curies":[{"name":"wp","href":"https:\/\/api.w.org\/{rel}","templated":true}]}}