{"id":52841,"date":"2025-03-17T11:43:23","date_gmt":"2025-03-17T10:43:23","guid":{"rendered":"https:\/\/product-guide.org\/produkt\/die-kurzeste-geschichte-der-wirtschaft-piper-verlag\/"},"modified":"2025-03-17T11:43:23","modified_gmt":"2025-03-17T10:43:23","slug":"die-kurzeste-geschichte-der-wirtschaft-piper-verlag","status":"publish","type":"product","link":"https:\/\/product-guide.org\/en\/produkt\/die-kurzeste-geschichte-der-wirtschaft-piper-verlag\/","title":{"rendered":"Die k\u00fcrzeste Geschichte der Wirtschaft | Piper Verlag"},"content":{"rendered":"<p>Ein kurzes Buch \u00fcber eine lange GeschichteDieses Buch erz\u00e4hlt eine gro\u00dfe Geschichte, die Jahrtausende alte Geschichte der Wirtschaft. Vom Beginn der landwirtschaftlichen Revolution bis zur Digitalisierung deckt es die verborgenen wirtschaftlichen Kr\u00e4fte hinter Krieg, Innovation und sozialem Wandel auf. Es zeichnet nach, wie der Kapitalismus und das heutige Marktsystem entstanden sind, und stellt die wichtigsten Ideen und Menschen vor, die die Wirtschaft f\u00fcr immer gepr\u00e4gt haben. Andrew Leigh hebt die Vielfalt dieser vermeintlich trockenen Disziplin hervor, erkl\u00e4rt, warum die Erfindung des Pflugs die Ungleichheit zwischen den Geschlechtern verschlimmert hat, warum Wolkenkratzer zuerst in amerikanischen St\u00e4dten entstanden, wie das bekannte Brettspiel Monopoly entstanden ist und vieles mehr.Kommen Sie mit auf eine unterhaltsame, erhellende Reise zu den \u00f6konomischen Ideen und Kr\u00e4ften, die unsere Welt bis heute pr\u00e4gen!&#8221;Wenn Sie nur ein Buch \u00fcber Wirtschaft lesen, dann Andrew Leighs klares, aufschlussreiches und bemerkenswertes (und kurzes) Werk. Erfahren Sie, warum wir reicher sind, l\u00e4nger leben, ges\u00fcndere Kinder haben, enorm produktiver und gl\u00fccklicher sind als unsere Vorfahren.&#8221; &#8211; Claudia Goldin, Wirtschaftsnobelpreistr\u00e4gerin&#8221;Dieses &#8220;kurze&#8221; Buch strotzt nur so vor Erkenntnissen \u00fcber die Wirtschaft, illustriert durch einpr\u00e4gsame Geschichten und historische Ereignisse. Menschen, die neugierig auf die Wirtschaft sind, aber von ihr verwirrt werden, werden aus diesem Buch genug lernen, um ein Leben lang mit ihr vertraut zu sein. Andrew Leigh ist nicht nur ein fesselnder Autor, er ist auch charmant und unterhaltsam \u2013 etwas, das man nicht von allen Wirtschaftswissenschaftlern behaupten kann.&#8221; &#8211; Caroline M. Hoxby, Professorin f\u00fcr \u00d6konomie an der Stanford University&#8221;Leigh nimmt den Leser mit auf einen fesselnden Streifzug durch die Schl\u00fcsselmomente der Weltwirtschaftsgeschichte, die zu den heutigen Volkswirtschaften rund um den Globus gef\u00fchrt haben. Es ist eine unverzichtbare Lekt\u00fcre f\u00fcr jeden, der die heutige Wirtschaft verstehen will.&#8221; &#8211; Betsey Stevenson, Professorin f\u00fcr Wirtschaftswissenschaften an der University of Michigan<\/p>\n","protected":false},"excerpt":{"rendered":"<p>Ein kurzes Buch \u00fcber eine lange GeschichteDieses Buch erz\u00e4hlt eine gro\u00dfe Geschichte, die Jahrtausende alte Geschichte der Wirtschaft. Vom Beginn der landwirtschaftlichen Revolution bis zur Digitalisierung deckt es die verborgenen wirtschaftlichen Kr\u00e4fte hinter Krieg, Innovation und sozialem Wandel auf. Es zeichnet nach, wie der Kapitalismus und das heutige Marktsystem entstanden sind, und stellt die wichtigsten [&hellip;]<\/p>\n","protected":false},"featured_media":52840,"template":"","meta":{"_gspb_post_css":""},"store":[],"product_brand":[1402],"product_cat":[1290],"product_tag":[],"class_list":{"0":"post-52841","1":"product","2":"type-product","3":"status-publish","4":"has-post-thumbnail","6":"product_brand-piper-verlag-de","7":"product_cat-uncategorized","9":"first","10":"instock","11":"shipping-taxable","12":"purchasable","13":"product-type-simple"},"yoast_head":"<!-- This site is optimized with the Yoast SEO plugin v24.6 - https:\/\/yoast.com\/wordpress\/plugins\/seo\/ -->\n<title>Die k\u00fcrzeste Geschichte der Wirtschaft | Piper Verlag | Product-Guide.org<\/title>\n<meta name=\"description\" content=\"Die k\u00fcrzeste Geschichte der Wirtschaft | Piper Verlag gefunden von Product-Guide.org\" \/>\n<meta name=\"robots\" content=\"index, follow, max-snippet:-1, max-image-preview:large, max-video-preview:-1\" \/>\n<link rel=\"canonical\" href=\"https:\/\/product-guide.org\/en\/produkt\/die-kurzeste-geschichte-der-wirtschaft-piper-verlag\/\" \/>\n<meta property=\"og:locale\" content=\"en_GB\" \/>\n<meta property=\"og:type\" content=\"article\" \/>\n<meta property=\"og:title\" content=\"Die k\u00fcrzeste Geschichte der Wirtschaft | Piper Verlag | Product-Guide.org\" \/>\n<meta property=\"og:description\" content=\"Die k\u00fcrzeste Geschichte der Wirtschaft | Piper Verlag gefunden von Product-Guide.org\" \/>\n<meta property=\"og:url\" content=\"https:\/\/product-guide.org\/en\/produkt\/die-kurzeste-geschichte-der-wirtschaft-piper-verlag\/\" \/>\n<meta property=\"og:site_name\" content=\"Product-Guide.org\" \/>\n<meta name=\"twitter:card\" content=\"summary_large_image\" \/>\n<script type=\"application\/ld+json\" class=\"yoast-schema-graph\">{\"@context\":\"https:\/\/schema.org\",\"@graph\":[{\"@type\":\"WebPage\",\"@id\":\"https:\/\/product-guide.org\/produkt\/die-kurzeste-geschichte-der-wirtschaft-piper-verlag\/\",\"url\":\"https:\/\/product-guide.org\/produkt\/die-kurzeste-geschichte-der-wirtschaft-piper-verlag\/\",\"name\":\"Die k\u00fcrzeste Geschichte der Wirtschaft | Piper Verlag | Product-Guide.org\",\"isPartOf\":{\"@id\":\"https:\/\/product-guide.org\/#website\"},\"primaryImageOfPage\":{\"@id\":\"https:\/\/product-guide.org\/produkt\/die-kurzeste-geschichte-der-wirtschaft-piper-verlag\/#primaryimage\"},\"image\":{\"@id\":\"https:\/\/product-guide.org\/produkt\/die-kurzeste-geschichte-der-wirtschaft-piper-verlag\/#primaryimage\"},\"thumbnailUrl\":\"https:\/\/product-guide.org\/wp-content\/uploads\/2025\/03\/die-kuerzeste-geschichte-der-wirtschaft-isbn-978-3-492-07314-1.jpg\",\"datePublished\":\"2025-03-17T10:43:23+00:00\",\"description\":\"Die k\u00fcrzeste Geschichte der Wirtschaft | Piper Verlag gefunden von Product-Guide.org\",\"breadcrumb\":{\"@id\":\"https:\/\/product-guide.org\/produkt\/die-kurzeste-geschichte-der-wirtschaft-piper-verlag\/#breadcrumb\"},\"inLanguage\":\"en-GB\",\"potentialAction\":[{\"@type\":\"ReadAction\",\"target\":[\"https:\/\/product-guide.org\/produkt\/die-kurzeste-geschichte-der-wirtschaft-piper-verlag\/\"]}]},{\"@type\":\"ImageObject\",\"inLanguage\":\"en-GB\",\"@id\":\"https:\/\/product-guide.org\/produkt\/die-kurzeste-geschichte-der-wirtschaft-piper-verlag\/#primaryimage\",\"url\":\"https:\/\/product-guide.org\/wp-content\/uploads\/2025\/03\/die-kuerzeste-geschichte-der-wirtschaft-isbn-978-3-492-07314-1.jpg\",\"contentUrl\":\"https:\/\/product-guide.org\/wp-content\/uploads\/2025\/03\/die-kuerzeste-geschichte-der-wirtschaft-isbn-978-3-492-07314-1.jpg\",\"width\":968,\"height\":1600},{\"@type\":\"BreadcrumbList\",\"@id\":\"https:\/\/product-guide.org\/produkt\/die-kurzeste-geschichte-der-wirtschaft-piper-verlag\/#breadcrumb\",\"itemListElement\":[{\"@type\":\"ListItem\",\"position\":1,\"name\":\"Home\",\"item\":\"https:\/\/product-guide.org\/\"},{\"@type\":\"ListItem\",\"position\":2,\"name\":\"Ergebnisse\",\"item\":\"https:\/\/product-guide.org\/de\/ergebnisse\/\"},{\"@type\":\"ListItem\",\"position\":3,\"name\":\"Die k\u00fcrzeste Geschichte der Wirtschaft | Piper Verlag\"}]},{\"@type\":\"WebSite\",\"@id\":\"https:\/\/product-guide.org\/#website\",\"url\":\"https:\/\/product-guide.org\/\",\"name\":\"Product-Guide.org\",\"description\":\"What Product are you looking for?\",\"publisher\":{\"@id\":\"https:\/\/product-guide.org\/#organization\"},\"potentialAction\":[{\"@type\":\"SearchAction\",\"target\":{\"@type\":\"EntryPoint\",\"urlTemplate\":\"https:\/\/product-guide.org\/?s={search_term_string}\"},\"query-input\":{\"@type\":\"PropertyValueSpecification\",\"valueRequired\":true,\"valueName\":\"search_term_string\"}}],\"inLanguage\":\"en-GB\"},{\"@type\":\"Organization\",\"@id\":\"https:\/\/product-guide.org\/#organization\",\"name\":\"Product-Guide.org\",\"url\":\"https:\/\/product-guide.org\/\",\"logo\":{\"@type\":\"ImageObject\",\"inLanguage\":\"en-GB\",\"@id\":\"https:\/\/product-guide.org\/#\/schema\/logo\/image\/\",\"url\":\"https:\/\/product-guide.org\/wp-content\/uploads\/2022\/07\/logo_transparent_background.png\",\"contentUrl\":\"https:\/\/product-guide.org\/wp-content\/uploads\/2022\/07\/logo_transparent_background.png\",\"width\":3400,\"height\":1132,\"caption\":\"Product-Guide.org\"},\"image\":{\"@id\":\"https:\/\/product-guide.org\/#\/schema\/logo\/image\/\"}}]}<\/script>\n<!-- \/ Yoast SEO plugin. -->","yoast_head_json":{"title":"Die k\u00fcrzeste Geschichte der Wirtschaft | Piper Verlag | Product-Guide.org","description":"Die k\u00fcrzeste Geschichte der Wirtschaft | Piper Verlag gefunden von Product-Guide.org","robots":{"index":"index","follow":"follow","max-snippet":"max-snippet:-1","max-image-preview":"max-image-preview:large","max-video-preview":"max-video-preview:-1"},"canonical":"https:\/\/product-guide.org\/en\/produkt\/die-kurzeste-geschichte-der-wirtschaft-piper-verlag\/","og_locale":"en_GB","og_type":"article","og_title":"Die k\u00fcrzeste Geschichte der Wirtschaft | Piper Verlag | Product-Guide.org","og_description":"Die k\u00fcrzeste Geschichte der Wirtschaft | Piper Verlag gefunden von Product-Guide.org","og_url":"https:\/\/product-guide.org\/en\/produkt\/die-kurzeste-geschichte-der-wirtschaft-piper-verlag\/","og_site_name":"Product-Guide.org","twitter_card":"summary_large_image","schema":{"@context":"https:\/\/schema.org","@graph":[{"@type":"WebPage","@id":"https:\/\/product-guide.org\/produkt\/die-kurzeste-geschichte-der-wirtschaft-piper-verlag\/","url":"https:\/\/product-guide.org\/produkt\/die-kurzeste-geschichte-der-wirtschaft-piper-verlag\/","name":"Die k\u00fcrzeste Geschichte der Wirtschaft | Piper Verlag | Product-Guide.org","isPartOf":{"@id":"https:\/\/product-guide.org\/#website"},"primaryImageOfPage":{"@id":"https:\/\/product-guide.org\/produkt\/die-kurzeste-geschichte-der-wirtschaft-piper-verlag\/#primaryimage"},"image":{"@id":"https:\/\/product-guide.org\/produkt\/die-kurzeste-geschichte-der-wirtschaft-piper-verlag\/#primaryimage"},"thumbnailUrl":"https:\/\/product-guide.org\/wp-content\/uploads\/2025\/03\/die-kuerzeste-geschichte-der-wirtschaft-isbn-978-3-492-07314-1.jpg","datePublished":"2025-03-17T10:43:23+00:00","description":"Die k\u00fcrzeste Geschichte der Wirtschaft | Piper Verlag gefunden von Product-Guide.org","breadcrumb":{"@id":"https:\/\/product-guide.org\/produkt\/die-kurzeste-geschichte-der-wirtschaft-piper-verlag\/#breadcrumb"},"inLanguage":"en-GB","potentialAction":[{"@type":"ReadAction","target":["https:\/\/product-guide.org\/produkt\/die-kurzeste-geschichte-der-wirtschaft-piper-verlag\/"]}]},{"@type":"ImageObject","inLanguage":"en-GB","@id":"https:\/\/product-guide.org\/produkt\/die-kurzeste-geschichte-der-wirtschaft-piper-verlag\/#primaryimage","url":"https:\/\/product-guide.org\/wp-content\/uploads\/2025\/03\/die-kuerzeste-geschichte-der-wirtschaft-isbn-978-3-492-07314-1.jpg","contentUrl":"https:\/\/product-guide.org\/wp-content\/uploads\/2025\/03\/die-kuerzeste-geschichte-der-wirtschaft-isbn-978-3-492-07314-1.jpg","width":968,"height":1600},{"@type":"BreadcrumbList","@id":"https:\/\/product-guide.org\/produkt\/die-kurzeste-geschichte-der-wirtschaft-piper-verlag\/#breadcrumb","itemListElement":[{"@type":"ListItem","position":1,"name":"Home","item":"https:\/\/product-guide.org\/"},{"@type":"ListItem","position":2,"name":"Ergebnisse","item":"https:\/\/product-guide.org\/de\/ergebnisse\/"},{"@type":"ListItem","position":3,"name":"Die k\u00fcrzeste Geschichte der Wirtschaft | Piper Verlag"}]},{"@type":"WebSite","@id":"https:\/\/product-guide.org\/#website","url":"https:\/\/product-guide.org\/","name":"Product-Guide.org","description":"What Product are you looking for?","publisher":{"@id":"https:\/\/product-guide.org\/#organization"},"potentialAction":[{"@type":"SearchAction","target":{"@type":"EntryPoint","urlTemplate":"https:\/\/product-guide.org\/?s={search_term_string}"},"query-input":{"@type":"PropertyValueSpecification","valueRequired":true,"valueName":"search_term_string"}}],"inLanguage":"en-GB"},{"@type":"Organization","@id":"https:\/\/product-guide.org\/#organization","name":"Product-Guide.org","url":"https:\/\/product-guide.org\/","logo":{"@type":"ImageObject","inLanguage":"en-GB","@id":"https:\/\/product-guide.org\/#\/schema\/logo\/image\/","url":"https:\/\/product-guide.org\/wp-content\/uploads\/2022\/07\/logo_transparent_background.png","contentUrl":"https:\/\/product-guide.org\/wp-content\/uploads\/2022\/07\/logo_transparent_background.png","width":3400,"height":1132,"caption":"Product-Guide.org"},"image":{"@id":"https:\/\/product-guide.org\/#\/schema\/logo\/image\/"}}]}},"_links":{"self":[{"href":"https:\/\/product-guide.org\/en\/wp-json\/wp\/v2\/product\/52841","targetHints":{"allow":["GET"]}}],"collection":[{"href":"https:\/\/product-guide.org\/en\/wp-json\/wp\/v2\/product"}],"about":[{"href":"https:\/\/product-guide.org\/en\/wp-json\/wp\/v2\/types\/product"}],"wp:featuredmedia":[{"embeddable":true,"href":"https:\/\/product-guide.org\/en\/wp-json\/wp\/v2\/media\/52840"}],"wp:attachment":[{"href":"https:\/\/product-guide.org\/en\/wp-json\/wp\/v2\/media?parent=52841"}],"wp:term":[{"taxonomy":"store","embeddable":true,"href":"https:\/\/product-guide.org\/en\/wp-json\/wp\/v2\/store?post=52841"},{"taxonomy":"product_brand","embeddable":true,"href":"https:\/\/product-guide.org\/en\/wp-json\/wp\/v2\/product_brand?post=52841"},{"taxonomy":"product_cat","embeddable":true,"href":"https:\/\/product-guide.org\/en\/wp-json\/wp\/v2\/product_cat?post=52841"},{"taxonomy":"product_tag","embeddable":true,"href":"https:\/\/product-guide.org\/en\/wp-json\/wp\/v2\/product_tag?post=52841"}],"curies":[{"name":"wp","href":"https:\/\/api.w.org\/{rel}","templated":true}]}}