{"id":52845,"date":"2025-03-17T11:43:28","date_gmt":"2025-03-17T10:43:28","guid":{"rendered":"https:\/\/product-guide.org\/produkt\/die-lange-reise-des-yong-sheng-piper-verlag\/"},"modified":"2025-03-17T11:43:28","modified_gmt":"2025-03-17T10:43:28","slug":"die-lange-reise-des-yong-sheng-piper-verlag","status":"publish","type":"product","link":"https:\/\/product-guide.org\/en\/produkt\/die-lange-reise-des-yong-sheng-piper-verlag\/","title":{"rendered":"Die lange Reise des Yong Sheng | Piper Verlag"},"content":{"rendered":"<p>Eine gro\u00dfe Reise durch das China des letzten JahrhundertsEs ist das Jahr 1911. Zimmermann Yong, der die besten Taubenfl\u00f6ten im Bezirk Putian fertigt, wird ein Sohn geboren. Dem kleinen Yong steht ein au\u00dfergew\u00f6hnliches Leben bevor. Mary, die Tochter des amerikanischen Pastors, in dessen Obhut er aufw\u00e4chst, ermutigt ihn, der erste chinesische Pastor Putians zu werden.Und so beginnt f\u00fcr Yong eine Reise durch das ganze Land. Er studiert Theologie, erlebt Familiengl\u00fcck und Verrat, den Ausruf der Volksrepublik und die Gr\u00e4uel der Kulturrevolution. Die Lebensreise eines Mannes auf der Suche nach Duldsamkeit und Demut, Liebe und Gerechtigkeit.Dai Sijie erz\u00e4hlt von seinem Gro\u00dfvater, der die gro\u00dfen Umbr\u00fcche im Reich der Mitte selbst miterlebte. Eine bewegende Geschichte von Liebe und Verrat, Demut und Gl\u00fcck, und davon, dem Leben mit Duldsamkeit zu begegnen. Der biografische Roman des Autors von \u00bbBalzac und die kleine chinesische Schneiderin\u00ab\u00bbDaj Sijie \u00f6ffnet wieder einmal die T\u00fcr in eine ferne Welt.\u00ab Stern<\/p>\n","protected":false},"excerpt":{"rendered":"<p>Eine gro\u00dfe Reise durch das China des letzten JahrhundertsEs ist das Jahr 1911. Zimmermann Yong, der die besten Taubenfl\u00f6ten im Bezirk Putian fertigt, wird ein Sohn geboren. Dem kleinen Yong steht ein au\u00dfergew\u00f6hnliches Leben bevor. Mary, die Tochter des amerikanischen Pastors, in dessen Obhut er aufw\u00e4chst, ermutigt ihn, der erste chinesische Pastor Putians zu werden.Und [&hellip;]<\/p>\n","protected":false},"featured_media":52844,"template":"","meta":{"_gspb_post_css":""},"store":[],"product_brand":[1402],"product_cat":[1290],"product_tag":[],"class_list":{"0":"post-52845","1":"product","2":"type-product","3":"status-publish","4":"has-post-thumbnail","6":"product_brand-piper-verlag-de","7":"product_cat-uncategorized","9":"first","10":"instock","11":"shipping-taxable","12":"purchasable","13":"product-type-simple"},"yoast_head":"<!-- This site is optimized with the Yoast SEO plugin v24.6 - https:\/\/yoast.com\/wordpress\/plugins\/seo\/ -->\n<title>Die lange Reise des Yong Sheng | Piper Verlag | Product-Guide.org<\/title>\n<meta name=\"description\" content=\"Die lange Reise des Yong Sheng | Piper Verlag gefunden von Product-Guide.org\" \/>\n<meta name=\"robots\" content=\"index, follow, max-snippet:-1, max-image-preview:large, max-video-preview:-1\" \/>\n<link rel=\"canonical\" href=\"https:\/\/product-guide.org\/en\/produkt\/die-lange-reise-des-yong-sheng-piper-verlag\/\" \/>\n<meta property=\"og:locale\" content=\"en_GB\" \/>\n<meta property=\"og:type\" content=\"article\" \/>\n<meta property=\"og:title\" content=\"Die lange Reise des Yong Sheng | Piper Verlag | Product-Guide.org\" \/>\n<meta property=\"og:description\" content=\"Die lange Reise des Yong Sheng | Piper Verlag gefunden von Product-Guide.org\" \/>\n<meta property=\"og:url\" content=\"https:\/\/product-guide.org\/en\/produkt\/die-lange-reise-des-yong-sheng-piper-verlag\/\" \/>\n<meta property=\"og:site_name\" content=\"Product-Guide.org\" \/>\n<meta name=\"twitter:card\" content=\"summary_large_image\" \/>\n<script type=\"application\/ld+json\" class=\"yoast-schema-graph\">{\"@context\":\"https:\/\/schema.org\",\"@graph\":[{\"@type\":\"WebPage\",\"@id\":\"https:\/\/product-guide.org\/produkt\/die-lange-reise-des-yong-sheng-piper-verlag\/\",\"url\":\"https:\/\/product-guide.org\/produkt\/die-lange-reise-des-yong-sheng-piper-verlag\/\",\"name\":\"Die lange Reise des Yong Sheng | Piper Verlag | Product-Guide.org\",\"isPartOf\":{\"@id\":\"https:\/\/product-guide.org\/#website\"},\"primaryImageOfPage\":{\"@id\":\"https:\/\/product-guide.org\/produkt\/die-lange-reise-des-yong-sheng-piper-verlag\/#primaryimage\"},\"image\":{\"@id\":\"https:\/\/product-guide.org\/produkt\/die-lange-reise-des-yong-sheng-piper-verlag\/#primaryimage\"},\"thumbnailUrl\":\"https:\/\/product-guide.org\/wp-content\/uploads\/2025\/03\/die-lange-reise-des-yong-sheng-isbn-978-3-492-31963-8_1.jpg\",\"datePublished\":\"2025-03-17T10:43:28+00:00\",\"description\":\"Die lange Reise des Yong Sheng | Piper Verlag gefunden von Product-Guide.org\",\"breadcrumb\":{\"@id\":\"https:\/\/product-guide.org\/produkt\/die-lange-reise-des-yong-sheng-piper-verlag\/#breadcrumb\"},\"inLanguage\":\"en-GB\",\"potentialAction\":[{\"@type\":\"ReadAction\",\"target\":[\"https:\/\/product-guide.org\/produkt\/die-lange-reise-des-yong-sheng-piper-verlag\/\"]}]},{\"@type\":\"ImageObject\",\"inLanguage\":\"en-GB\",\"@id\":\"https:\/\/product-guide.org\/produkt\/die-lange-reise-des-yong-sheng-piper-verlag\/#primaryimage\",\"url\":\"https:\/\/product-guide.org\/wp-content\/uploads\/2025\/03\/die-lange-reise-des-yong-sheng-isbn-978-3-492-31963-8_1.jpg\",\"contentUrl\":\"https:\/\/product-guide.org\/wp-content\/uploads\/2025\/03\/die-lange-reise-des-yong-sheng-isbn-978-3-492-31963-8_1.jpg\",\"width\":1027,\"height\":1600},{\"@type\":\"BreadcrumbList\",\"@id\":\"https:\/\/product-guide.org\/produkt\/die-lange-reise-des-yong-sheng-piper-verlag\/#breadcrumb\",\"itemListElement\":[{\"@type\":\"ListItem\",\"position\":1,\"name\":\"Home\",\"item\":\"https:\/\/product-guide.org\/\"},{\"@type\":\"ListItem\",\"position\":2,\"name\":\"Ergebnisse\",\"item\":\"https:\/\/product-guide.org\/de\/ergebnisse\/\"},{\"@type\":\"ListItem\",\"position\":3,\"name\":\"Die lange Reise des Yong Sheng | Piper Verlag\"}]},{\"@type\":\"WebSite\",\"@id\":\"https:\/\/product-guide.org\/#website\",\"url\":\"https:\/\/product-guide.org\/\",\"name\":\"Product-Guide.org\",\"description\":\"What Product are you looking for?\",\"publisher\":{\"@id\":\"https:\/\/product-guide.org\/#organization\"},\"potentialAction\":[{\"@type\":\"SearchAction\",\"target\":{\"@type\":\"EntryPoint\",\"urlTemplate\":\"https:\/\/product-guide.org\/?s={search_term_string}\"},\"query-input\":{\"@type\":\"PropertyValueSpecification\",\"valueRequired\":true,\"valueName\":\"search_term_string\"}}],\"inLanguage\":\"en-GB\"},{\"@type\":\"Organization\",\"@id\":\"https:\/\/product-guide.org\/#organization\",\"name\":\"Product-Guide.org\",\"url\":\"https:\/\/product-guide.org\/\",\"logo\":{\"@type\":\"ImageObject\",\"inLanguage\":\"en-GB\",\"@id\":\"https:\/\/product-guide.org\/#\/schema\/logo\/image\/\",\"url\":\"https:\/\/product-guide.org\/wp-content\/uploads\/2022\/07\/logo_transparent_background.png\",\"contentUrl\":\"https:\/\/product-guide.org\/wp-content\/uploads\/2022\/07\/logo_transparent_background.png\",\"width\":3400,\"height\":1132,\"caption\":\"Product-Guide.org\"},\"image\":{\"@id\":\"https:\/\/product-guide.org\/#\/schema\/logo\/image\/\"}}]}<\/script>\n<!-- \/ Yoast SEO plugin. -->","yoast_head_json":{"title":"Die lange Reise des Yong Sheng | Piper Verlag | Product-Guide.org","description":"Die lange Reise des Yong Sheng | Piper Verlag gefunden von Product-Guide.org","robots":{"index":"index","follow":"follow","max-snippet":"max-snippet:-1","max-image-preview":"max-image-preview:large","max-video-preview":"max-video-preview:-1"},"canonical":"https:\/\/product-guide.org\/en\/produkt\/die-lange-reise-des-yong-sheng-piper-verlag\/","og_locale":"en_GB","og_type":"article","og_title":"Die lange Reise des Yong Sheng | Piper Verlag | Product-Guide.org","og_description":"Die lange Reise des Yong Sheng | Piper Verlag gefunden von Product-Guide.org","og_url":"https:\/\/product-guide.org\/en\/produkt\/die-lange-reise-des-yong-sheng-piper-verlag\/","og_site_name":"Product-Guide.org","twitter_card":"summary_large_image","schema":{"@context":"https:\/\/schema.org","@graph":[{"@type":"WebPage","@id":"https:\/\/product-guide.org\/produkt\/die-lange-reise-des-yong-sheng-piper-verlag\/","url":"https:\/\/product-guide.org\/produkt\/die-lange-reise-des-yong-sheng-piper-verlag\/","name":"Die lange Reise des Yong Sheng | Piper Verlag | Product-Guide.org","isPartOf":{"@id":"https:\/\/product-guide.org\/#website"},"primaryImageOfPage":{"@id":"https:\/\/product-guide.org\/produkt\/die-lange-reise-des-yong-sheng-piper-verlag\/#primaryimage"},"image":{"@id":"https:\/\/product-guide.org\/produkt\/die-lange-reise-des-yong-sheng-piper-verlag\/#primaryimage"},"thumbnailUrl":"https:\/\/product-guide.org\/wp-content\/uploads\/2025\/03\/die-lange-reise-des-yong-sheng-isbn-978-3-492-31963-8_1.jpg","datePublished":"2025-03-17T10:43:28+00:00","description":"Die lange Reise des Yong Sheng | Piper Verlag gefunden von Product-Guide.org","breadcrumb":{"@id":"https:\/\/product-guide.org\/produkt\/die-lange-reise-des-yong-sheng-piper-verlag\/#breadcrumb"},"inLanguage":"en-GB","potentialAction":[{"@type":"ReadAction","target":["https:\/\/product-guide.org\/produkt\/die-lange-reise-des-yong-sheng-piper-verlag\/"]}]},{"@type":"ImageObject","inLanguage":"en-GB","@id":"https:\/\/product-guide.org\/produkt\/die-lange-reise-des-yong-sheng-piper-verlag\/#primaryimage","url":"https:\/\/product-guide.org\/wp-content\/uploads\/2025\/03\/die-lange-reise-des-yong-sheng-isbn-978-3-492-31963-8_1.jpg","contentUrl":"https:\/\/product-guide.org\/wp-content\/uploads\/2025\/03\/die-lange-reise-des-yong-sheng-isbn-978-3-492-31963-8_1.jpg","width":1027,"height":1600},{"@type":"BreadcrumbList","@id":"https:\/\/product-guide.org\/produkt\/die-lange-reise-des-yong-sheng-piper-verlag\/#breadcrumb","itemListElement":[{"@type":"ListItem","position":1,"name":"Home","item":"https:\/\/product-guide.org\/"},{"@type":"ListItem","position":2,"name":"Ergebnisse","item":"https:\/\/product-guide.org\/de\/ergebnisse\/"},{"@type":"ListItem","position":3,"name":"Die lange Reise des Yong Sheng | Piper Verlag"}]},{"@type":"WebSite","@id":"https:\/\/product-guide.org\/#website","url":"https:\/\/product-guide.org\/","name":"Product-Guide.org","description":"What Product are you looking for?","publisher":{"@id":"https:\/\/product-guide.org\/#organization"},"potentialAction":[{"@type":"SearchAction","target":{"@type":"EntryPoint","urlTemplate":"https:\/\/product-guide.org\/?s={search_term_string}"},"query-input":{"@type":"PropertyValueSpecification","valueRequired":true,"valueName":"search_term_string"}}],"inLanguage":"en-GB"},{"@type":"Organization","@id":"https:\/\/product-guide.org\/#organization","name":"Product-Guide.org","url":"https:\/\/product-guide.org\/","logo":{"@type":"ImageObject","inLanguage":"en-GB","@id":"https:\/\/product-guide.org\/#\/schema\/logo\/image\/","url":"https:\/\/product-guide.org\/wp-content\/uploads\/2022\/07\/logo_transparent_background.png","contentUrl":"https:\/\/product-guide.org\/wp-content\/uploads\/2022\/07\/logo_transparent_background.png","width":3400,"height":1132,"caption":"Product-Guide.org"},"image":{"@id":"https:\/\/product-guide.org\/#\/schema\/logo\/image\/"}}]}},"_links":{"self":[{"href":"https:\/\/product-guide.org\/en\/wp-json\/wp\/v2\/product\/52845","targetHints":{"allow":["GET"]}}],"collection":[{"href":"https:\/\/product-guide.org\/en\/wp-json\/wp\/v2\/product"}],"about":[{"href":"https:\/\/product-guide.org\/en\/wp-json\/wp\/v2\/types\/product"}],"wp:featuredmedia":[{"embeddable":true,"href":"https:\/\/product-guide.org\/en\/wp-json\/wp\/v2\/media\/52844"}],"wp:attachment":[{"href":"https:\/\/product-guide.org\/en\/wp-json\/wp\/v2\/media?parent=52845"}],"wp:term":[{"taxonomy":"store","embeddable":true,"href":"https:\/\/product-guide.org\/en\/wp-json\/wp\/v2\/store?post=52845"},{"taxonomy":"product_brand","embeddable":true,"href":"https:\/\/product-guide.org\/en\/wp-json\/wp\/v2\/product_brand?post=52845"},{"taxonomy":"product_cat","embeddable":true,"href":"https:\/\/product-guide.org\/en\/wp-json\/wp\/v2\/product_cat?post=52845"},{"taxonomy":"product_tag","embeddable":true,"href":"https:\/\/product-guide.org\/en\/wp-json\/wp\/v2\/product_tag?post=52845"}],"curies":[{"name":"wp","href":"https:\/\/api.w.org\/{rel}","templated":true}]}}