{"id":52865,"date":"2025-03-17T11:43:44","date_gmt":"2025-03-17T10:43:44","guid":{"rendered":"https:\/\/product-guide.org\/produkt\/gottinnen-und-fusabstreifer-piper-verlag\/"},"modified":"2025-03-17T11:43:44","modified_gmt":"2025-03-17T10:43:44","slug":"gottinnen-und-fusabstreifer-piper-verlag","status":"publish","type":"product","link":"https:\/\/product-guide.org\/en\/produkt\/gottinnen-und-fusabstreifer-piper-verlag\/","title":{"rendered":"\u00bbG\u00f6ttinnen und Fu\u00dfabstreifer\u00ab | Piper Verlag"},"content":{"rendered":"<p>Wie Frauen die sch\u00f6pferischen Phasen des ber\u00fchmten Malers beeinflusst habenGebraucht, geliebt, gehasst: Picasso war besessen von Frauen. Er brauchte und benutze sie f\u00fcr sein Schaffen, lie\u00df sich von ihnen inspirieren, war zweimal verheiratet und hatte unz\u00e4hlige Geliebte.Die Kunstkennerin Rose-Maria Gropp widmet sich in diesem Buch Gef\u00e4hrtinnen, Geliebten und Gemalten von Picasso. Sie erkundet ihre Biografien und macht sie im Spannungsfeld von Sch\u00f6pfung und Dekonstruktion begreifbar. Sie betrachtet sie unabh\u00e4ngig von Picasso als eigenst\u00e4ndige Menschen, zum Teil auch K\u00fcnstlerinnen, und will noch nicht beachtete Facetten im Geflecht der Frauen sichtbar machen.\u00bbUm Picasso gab es ein regelrechtes Geflecht von Frauen, eng untereinander verwoben, in dessen Zentrum er zu nisten beliebte. So entstand ein Modell fortw\u00e4hrender \u00dcberschneidungen und unerkl\u00e4rter Abl\u00f6sungen. Er brauchte die immer neue Frau, er wollte die immer j\u00fcngere Frau, die seine Potenz in jedem Sinne beglaubigte. Nennen wir diese Verflechtungen das \u203aSystem Picasso\u2039.\u00ab<\/p>\n","protected":false},"excerpt":{"rendered":"<p>Wie Frauen die sch\u00f6pferischen Phasen des ber\u00fchmten Malers beeinflusst habenGebraucht, geliebt, gehasst: Picasso war besessen von Frauen. Er brauchte und benutze sie f\u00fcr sein Schaffen, lie\u00df sich von ihnen inspirieren, war zweimal verheiratet und hatte unz\u00e4hlige Geliebte.Die Kunstkennerin Rose-Maria Gropp widmet sich in diesem Buch Gef\u00e4hrtinnen, Geliebten und Gemalten von Picasso. Sie erkundet ihre Biografien [&hellip;]<\/p>\n","protected":false},"featured_media":52864,"template":"","meta":{"_gspb_post_css":""},"store":[],"product_brand":[1402],"product_cat":[1290],"product_tag":[],"class_list":{"0":"post-52865","1":"product","2":"type-product","3":"status-publish","4":"has-post-thumbnail","6":"product_brand-piper-verlag-de","7":"product_cat-uncategorized","9":"first","10":"instock","11":"shipping-taxable","12":"purchasable","13":"product-type-simple"},"yoast_head":"<!-- This site is optimized with the Yoast SEO plugin v24.6 - https:\/\/yoast.com\/wordpress\/plugins\/seo\/ -->\n<title>\u00bbG\u00f6ttinnen und Fu\u00dfabstreifer\u00ab | Piper Verlag | Product-Guide.org<\/title>\n<meta name=\"description\" content=\"\u00bbG\u00f6ttinnen und Fu\u00dfabstreifer\u00ab | Piper Verlag gefunden von Product-Guide.org\" \/>\n<meta name=\"robots\" content=\"index, follow, max-snippet:-1, max-image-preview:large, max-video-preview:-1\" \/>\n<link rel=\"canonical\" href=\"https:\/\/product-guide.org\/en\/produkt\/gottinnen-und-fusabstreifer-piper-verlag\/\" \/>\n<meta property=\"og:locale\" content=\"en_GB\" \/>\n<meta property=\"og:type\" content=\"article\" \/>\n<meta property=\"og:title\" content=\"\u00bbG\u00f6ttinnen und Fu\u00dfabstreifer\u00ab | Piper Verlag | Product-Guide.org\" \/>\n<meta property=\"og:description\" content=\"\u00bbG\u00f6ttinnen und Fu\u00dfabstreifer\u00ab | Piper Verlag gefunden von Product-Guide.org\" \/>\n<meta property=\"og:url\" content=\"https:\/\/product-guide.org\/en\/produkt\/gottinnen-und-fusabstreifer-piper-verlag\/\" \/>\n<meta property=\"og:site_name\" content=\"Product-Guide.org\" \/>\n<meta name=\"twitter:card\" content=\"summary_large_image\" \/>\n<script type=\"application\/ld+json\" class=\"yoast-schema-graph\">{\"@context\":\"https:\/\/schema.org\",\"@graph\":[{\"@type\":\"WebPage\",\"@id\":\"https:\/\/product-guide.org\/produkt\/gottinnen-und-fusabstreifer-piper-verlag\/\",\"url\":\"https:\/\/product-guide.org\/produkt\/gottinnen-und-fusabstreifer-piper-verlag\/\",\"name\":\"\u00bbG\u00f6ttinnen und Fu\u00dfabstreifer\u00ab | Piper Verlag | Product-Guide.org\",\"isPartOf\":{\"@id\":\"https:\/\/product-guide.org\/#website\"},\"primaryImageOfPage\":{\"@id\":\"https:\/\/product-guide.org\/produkt\/gottinnen-und-fusabstreifer-piper-verlag\/#primaryimage\"},\"image\":{\"@id\":\"https:\/\/product-guide.org\/produkt\/gottinnen-und-fusabstreifer-piper-verlag\/#primaryimage\"},\"thumbnailUrl\":\"https:\/\/product-guide.org\/wp-content\/uploads\/2025\/03\/goettinnen-und-fussabstreifer-isbn-978-3-492-32053-5_1.jpg\",\"datePublished\":\"2025-03-17T10:43:44+00:00\",\"description\":\"\u00bbG\u00f6ttinnen und Fu\u00dfabstreifer\u00ab | Piper Verlag gefunden von Product-Guide.org\",\"breadcrumb\":{\"@id\":\"https:\/\/product-guide.org\/produkt\/gottinnen-und-fusabstreifer-piper-verlag\/#breadcrumb\"},\"inLanguage\":\"en-GB\",\"potentialAction\":[{\"@type\":\"ReadAction\",\"target\":[\"https:\/\/product-guide.org\/produkt\/gottinnen-und-fusabstreifer-piper-verlag\/\"]}]},{\"@type\":\"ImageObject\",\"inLanguage\":\"en-GB\",\"@id\":\"https:\/\/product-guide.org\/produkt\/gottinnen-und-fusabstreifer-piper-verlag\/#primaryimage\",\"url\":\"https:\/\/product-guide.org\/wp-content\/uploads\/2025\/03\/goettinnen-und-fussabstreifer-isbn-978-3-492-32053-5_1.jpg\",\"contentUrl\":\"https:\/\/product-guide.org\/wp-content\/uploads\/2025\/03\/goettinnen-und-fussabstreifer-isbn-978-3-492-32053-5_1.jpg\",\"width\":1027,\"height\":1600},{\"@type\":\"BreadcrumbList\",\"@id\":\"https:\/\/product-guide.org\/produkt\/gottinnen-und-fusabstreifer-piper-verlag\/#breadcrumb\",\"itemListElement\":[{\"@type\":\"ListItem\",\"position\":1,\"name\":\"Home\",\"item\":\"https:\/\/product-guide.org\/\"},{\"@type\":\"ListItem\",\"position\":2,\"name\":\"Ergebnisse\",\"item\":\"https:\/\/product-guide.org\/de\/ergebnisse\/\"},{\"@type\":\"ListItem\",\"position\":3,\"name\":\"\u00bbG\u00f6ttinnen und Fu\u00dfabstreifer\u00ab | Piper Verlag\"}]},{\"@type\":\"WebSite\",\"@id\":\"https:\/\/product-guide.org\/#website\",\"url\":\"https:\/\/product-guide.org\/\",\"name\":\"Product-Guide.org\",\"description\":\"What Product are you looking for?\",\"publisher\":{\"@id\":\"https:\/\/product-guide.org\/#organization\"},\"potentialAction\":[{\"@type\":\"SearchAction\",\"target\":{\"@type\":\"EntryPoint\",\"urlTemplate\":\"https:\/\/product-guide.org\/?s={search_term_string}\"},\"query-input\":{\"@type\":\"PropertyValueSpecification\",\"valueRequired\":true,\"valueName\":\"search_term_string\"}}],\"inLanguage\":\"en-GB\"},{\"@type\":\"Organization\",\"@id\":\"https:\/\/product-guide.org\/#organization\",\"name\":\"Product-Guide.org\",\"url\":\"https:\/\/product-guide.org\/\",\"logo\":{\"@type\":\"ImageObject\",\"inLanguage\":\"en-GB\",\"@id\":\"https:\/\/product-guide.org\/#\/schema\/logo\/image\/\",\"url\":\"https:\/\/product-guide.org\/wp-content\/uploads\/2022\/07\/logo_transparent_background.png\",\"contentUrl\":\"https:\/\/product-guide.org\/wp-content\/uploads\/2022\/07\/logo_transparent_background.png\",\"width\":3400,\"height\":1132,\"caption\":\"Product-Guide.org\"},\"image\":{\"@id\":\"https:\/\/product-guide.org\/#\/schema\/logo\/image\/\"}}]}<\/script>\n<!-- \/ Yoast SEO plugin. -->","yoast_head_json":{"title":"\u00bbG\u00f6ttinnen und Fu\u00dfabstreifer\u00ab | Piper Verlag | Product-Guide.org","description":"\u00bbG\u00f6ttinnen und Fu\u00dfabstreifer\u00ab | Piper Verlag gefunden von Product-Guide.org","robots":{"index":"index","follow":"follow","max-snippet":"max-snippet:-1","max-image-preview":"max-image-preview:large","max-video-preview":"max-video-preview:-1"},"canonical":"https:\/\/product-guide.org\/en\/produkt\/gottinnen-und-fusabstreifer-piper-verlag\/","og_locale":"en_GB","og_type":"article","og_title":"\u00bbG\u00f6ttinnen und Fu\u00dfabstreifer\u00ab | Piper Verlag | Product-Guide.org","og_description":"\u00bbG\u00f6ttinnen und Fu\u00dfabstreifer\u00ab | Piper Verlag gefunden von Product-Guide.org","og_url":"https:\/\/product-guide.org\/en\/produkt\/gottinnen-und-fusabstreifer-piper-verlag\/","og_site_name":"Product-Guide.org","twitter_card":"summary_large_image","schema":{"@context":"https:\/\/schema.org","@graph":[{"@type":"WebPage","@id":"https:\/\/product-guide.org\/produkt\/gottinnen-und-fusabstreifer-piper-verlag\/","url":"https:\/\/product-guide.org\/produkt\/gottinnen-und-fusabstreifer-piper-verlag\/","name":"\u00bbG\u00f6ttinnen und Fu\u00dfabstreifer\u00ab | Piper Verlag | Product-Guide.org","isPartOf":{"@id":"https:\/\/product-guide.org\/#website"},"primaryImageOfPage":{"@id":"https:\/\/product-guide.org\/produkt\/gottinnen-und-fusabstreifer-piper-verlag\/#primaryimage"},"image":{"@id":"https:\/\/product-guide.org\/produkt\/gottinnen-und-fusabstreifer-piper-verlag\/#primaryimage"},"thumbnailUrl":"https:\/\/product-guide.org\/wp-content\/uploads\/2025\/03\/goettinnen-und-fussabstreifer-isbn-978-3-492-32053-5_1.jpg","datePublished":"2025-03-17T10:43:44+00:00","description":"\u00bbG\u00f6ttinnen und Fu\u00dfabstreifer\u00ab | Piper Verlag gefunden von Product-Guide.org","breadcrumb":{"@id":"https:\/\/product-guide.org\/produkt\/gottinnen-und-fusabstreifer-piper-verlag\/#breadcrumb"},"inLanguage":"en-GB","potentialAction":[{"@type":"ReadAction","target":["https:\/\/product-guide.org\/produkt\/gottinnen-und-fusabstreifer-piper-verlag\/"]}]},{"@type":"ImageObject","inLanguage":"en-GB","@id":"https:\/\/product-guide.org\/produkt\/gottinnen-und-fusabstreifer-piper-verlag\/#primaryimage","url":"https:\/\/product-guide.org\/wp-content\/uploads\/2025\/03\/goettinnen-und-fussabstreifer-isbn-978-3-492-32053-5_1.jpg","contentUrl":"https:\/\/product-guide.org\/wp-content\/uploads\/2025\/03\/goettinnen-und-fussabstreifer-isbn-978-3-492-32053-5_1.jpg","width":1027,"height":1600},{"@type":"BreadcrumbList","@id":"https:\/\/product-guide.org\/produkt\/gottinnen-und-fusabstreifer-piper-verlag\/#breadcrumb","itemListElement":[{"@type":"ListItem","position":1,"name":"Home","item":"https:\/\/product-guide.org\/"},{"@type":"ListItem","position":2,"name":"Ergebnisse","item":"https:\/\/product-guide.org\/de\/ergebnisse\/"},{"@type":"ListItem","position":3,"name":"\u00bbG\u00f6ttinnen und Fu\u00dfabstreifer\u00ab | Piper Verlag"}]},{"@type":"WebSite","@id":"https:\/\/product-guide.org\/#website","url":"https:\/\/product-guide.org\/","name":"Product-Guide.org","description":"What Product are you looking for?","publisher":{"@id":"https:\/\/product-guide.org\/#organization"},"potentialAction":[{"@type":"SearchAction","target":{"@type":"EntryPoint","urlTemplate":"https:\/\/product-guide.org\/?s={search_term_string}"},"query-input":{"@type":"PropertyValueSpecification","valueRequired":true,"valueName":"search_term_string"}}],"inLanguage":"en-GB"},{"@type":"Organization","@id":"https:\/\/product-guide.org\/#organization","name":"Product-Guide.org","url":"https:\/\/product-guide.org\/","logo":{"@type":"ImageObject","inLanguage":"en-GB","@id":"https:\/\/product-guide.org\/#\/schema\/logo\/image\/","url":"https:\/\/product-guide.org\/wp-content\/uploads\/2022\/07\/logo_transparent_background.png","contentUrl":"https:\/\/product-guide.org\/wp-content\/uploads\/2022\/07\/logo_transparent_background.png","width":3400,"height":1132,"caption":"Product-Guide.org"},"image":{"@id":"https:\/\/product-guide.org\/#\/schema\/logo\/image\/"}}]}},"_links":{"self":[{"href":"https:\/\/product-guide.org\/en\/wp-json\/wp\/v2\/product\/52865","targetHints":{"allow":["GET"]}}],"collection":[{"href":"https:\/\/product-guide.org\/en\/wp-json\/wp\/v2\/product"}],"about":[{"href":"https:\/\/product-guide.org\/en\/wp-json\/wp\/v2\/types\/product"}],"wp:featuredmedia":[{"embeddable":true,"href":"https:\/\/product-guide.org\/en\/wp-json\/wp\/v2\/media\/52864"}],"wp:attachment":[{"href":"https:\/\/product-guide.org\/en\/wp-json\/wp\/v2\/media?parent=52865"}],"wp:term":[{"taxonomy":"store","embeddable":true,"href":"https:\/\/product-guide.org\/en\/wp-json\/wp\/v2\/store?post=52865"},{"taxonomy":"product_brand","embeddable":true,"href":"https:\/\/product-guide.org\/en\/wp-json\/wp\/v2\/product_brand?post=52865"},{"taxonomy":"product_cat","embeddable":true,"href":"https:\/\/product-guide.org\/en\/wp-json\/wp\/v2\/product_cat?post=52865"},{"taxonomy":"product_tag","embeddable":true,"href":"https:\/\/product-guide.org\/en\/wp-json\/wp\/v2\/product_tag?post=52865"}],"curies":[{"name":"wp","href":"https:\/\/api.w.org\/{rel}","templated":true}]}}