{"id":53046,"date":"2025-03-17T11:46:14","date_gmt":"2025-03-17T10:46:14","guid":{"rendered":"https:\/\/product-guide.org\/produkt\/kissenhulle-pina-naturweis-barefoot-living\/"},"modified":"2025-03-17T11:46:15","modified_gmt":"2025-03-17T10:46:15","slug":"kissenhulle-pina-naturweis-barefoot-living","status":"publish","type":"product","link":"https:\/\/product-guide.org\/en\/produkt\/kissenhulle-pina-naturweis-barefoot-living\/","title":{"rendered":"Kissenh\u00fclle Pina Naturwei\u00df | Barefoot Living"},"content":{"rendered":"<p>Zugegeben: Wir kriegen einfach nicht genug von dieser Waffelstruktur! Neben Tagesdecke und Decke gibt Pina auch als Kissenh\u00fclle eine unfassbar gem\u00fctliche Figur ab. Wie bei den kuscheligen Decken der Kollektion verw\u00f6hnt Euch hochwertiges Leinen mit Atmungsaktivit\u00e4t und einer strukturreichen Haptik, w\u00e4hrend die Baumwolle den Mix um wunderbare Weiche bereichert. Die Waffelstruktur setzt in jedem Raum einen entspannt leichten Akzent, der zum Wohlf\u00fchlen einl\u00e4dt.<\/p>\n","protected":false},"excerpt":{"rendered":"<p>Zugegeben: Wir kriegen einfach nicht genug von dieser Waffelstruktur! Neben Tagesdecke und Decke gibt Pina auch als Kissenh\u00fclle eine unfassbar gem\u00fctliche Figur ab. Wie bei den kuscheligen Decken der Kollektion verw\u00f6hnt Euch hochwertiges Leinen mit Atmungsaktivit\u00e4t und einer strukturreichen Haptik, w\u00e4hrend die Baumwolle den Mix um wunderbare Weiche bereichert. Die Waffelstruktur setzt in jedem Raum [&hellip;]<\/p>\n","protected":false},"featured_media":53045,"template":"","meta":{"_gspb_post_css":""},"store":[],"product_brand":[1404],"product_cat":[1290],"product_tag":[],"class_list":{"0":"post-53046","1":"product","2":"type-product","3":"status-publish","4":"has-post-thumbnail","6":"product_brand-barefoot-living-de","7":"product_cat-uncategorized","9":"first","10":"instock","11":"shipping-taxable","12":"purchasable","13":"product-type-simple"},"yoast_head":"<!-- This site is optimized with the Yoast SEO plugin v24.6 - https:\/\/yoast.com\/wordpress\/plugins\/seo\/ -->\n<title>Kissenh\u00fclle Pina Naturwei\u00df | Barefoot Living | Product-Guide.org<\/title>\n<meta name=\"description\" content=\"Kissenh\u00fclle Pina Naturwei\u00df | Barefoot Living gefunden von Product-Guide.org\" \/>\n<meta name=\"robots\" content=\"index, follow, max-snippet:-1, max-image-preview:large, max-video-preview:-1\" \/>\n<link rel=\"canonical\" href=\"https:\/\/product-guide.org\/en\/produkt\/kissenhulle-pina-naturweis-barefoot-living\/\" \/>\n<meta property=\"og:locale\" content=\"en_GB\" \/>\n<meta property=\"og:type\" content=\"article\" \/>\n<meta property=\"og:title\" content=\"Kissenh\u00fclle Pina Naturwei\u00df | Barefoot Living | Product-Guide.org\" \/>\n<meta property=\"og:description\" content=\"Kissenh\u00fclle Pina Naturwei\u00df | Barefoot Living gefunden von Product-Guide.org\" \/>\n<meta property=\"og:url\" content=\"https:\/\/product-guide.org\/en\/produkt\/kissenhulle-pina-naturweis-barefoot-living\/\" \/>\n<meta property=\"og:site_name\" content=\"Product-Guide.org\" \/>\n<meta property=\"article:modified_time\" content=\"2025-03-17T10:46:15+00:00\" \/>\n<meta name=\"twitter:card\" content=\"summary_large_image\" \/>\n<script type=\"application\/ld+json\" class=\"yoast-schema-graph\">{\"@context\":\"https:\/\/schema.org\",\"@graph\":[{\"@type\":\"WebPage\",\"@id\":\"https:\/\/product-guide.org\/produkt\/kissenhulle-pina-naturweis-barefoot-living\/\",\"url\":\"https:\/\/product-guide.org\/produkt\/kissenhulle-pina-naturweis-barefoot-living\/\",\"name\":\"Kissenh\u00fclle Pina Naturwei\u00df | Barefoot Living | Product-Guide.org\",\"isPartOf\":{\"@id\":\"https:\/\/product-guide.org\/#website\"},\"primaryImageOfPage\":{\"@id\":\"https:\/\/product-guide.org\/produkt\/kissenhulle-pina-naturweis-barefoot-living\/#primaryimage\"},\"image\":{\"@id\":\"https:\/\/product-guide.org\/produkt\/kissenhulle-pina-naturweis-barefoot-living\/#primaryimage\"},\"thumbnailUrl\":\"https:\/\/product-guide.org\/wp-content\/uploads\/2025\/03\/BFL-100327-001_pina_cushioncover_naturalwhite_1.jpg\",\"datePublished\":\"2025-03-17T10:46:14+00:00\",\"dateModified\":\"2025-03-17T10:46:15+00:00\",\"description\":\"Kissenh\u00fclle Pina Naturwei\u00df | Barefoot Living gefunden von Product-Guide.org\",\"breadcrumb\":{\"@id\":\"https:\/\/product-guide.org\/produkt\/kissenhulle-pina-naturweis-barefoot-living\/#breadcrumb\"},\"inLanguage\":\"en-GB\",\"potentialAction\":[{\"@type\":\"ReadAction\",\"target\":[\"https:\/\/product-guide.org\/produkt\/kissenhulle-pina-naturweis-barefoot-living\/\"]}]},{\"@type\":\"ImageObject\",\"inLanguage\":\"en-GB\",\"@id\":\"https:\/\/product-guide.org\/produkt\/kissenhulle-pina-naturweis-barefoot-living\/#primaryimage\",\"url\":\"https:\/\/product-guide.org\/wp-content\/uploads\/2025\/03\/BFL-100327-001_pina_cushioncover_naturalwhite_1.jpg\",\"contentUrl\":\"https:\/\/product-guide.org\/wp-content\/uploads\/2025\/03\/BFL-100327-001_pina_cushioncover_naturalwhite_1.jpg\",\"width\":800,\"height\":960},{\"@type\":\"BreadcrumbList\",\"@id\":\"https:\/\/product-guide.org\/produkt\/kissenhulle-pina-naturweis-barefoot-living\/#breadcrumb\",\"itemListElement\":[{\"@type\":\"ListItem\",\"position\":1,\"name\":\"Home\",\"item\":\"https:\/\/product-guide.org\/\"},{\"@type\":\"ListItem\",\"position\":2,\"name\":\"Ergebnisse\",\"item\":\"https:\/\/product-guide.org\/de\/ergebnisse\/\"},{\"@type\":\"ListItem\",\"position\":3,\"name\":\"Kissenh\u00fclle Pina Naturwei\u00df | Barefoot Living\"}]},{\"@type\":\"WebSite\",\"@id\":\"https:\/\/product-guide.org\/#website\",\"url\":\"https:\/\/product-guide.org\/\",\"name\":\"Product-Guide.org\",\"description\":\"What Product are you looking for?\",\"publisher\":{\"@id\":\"https:\/\/product-guide.org\/#organization\"},\"potentialAction\":[{\"@type\":\"SearchAction\",\"target\":{\"@type\":\"EntryPoint\",\"urlTemplate\":\"https:\/\/product-guide.org\/?s={search_term_string}\"},\"query-input\":{\"@type\":\"PropertyValueSpecification\",\"valueRequired\":true,\"valueName\":\"search_term_string\"}}],\"inLanguage\":\"en-GB\"},{\"@type\":\"Organization\",\"@id\":\"https:\/\/product-guide.org\/#organization\",\"name\":\"Product-Guide.org\",\"url\":\"https:\/\/product-guide.org\/\",\"logo\":{\"@type\":\"ImageObject\",\"inLanguage\":\"en-GB\",\"@id\":\"https:\/\/product-guide.org\/#\/schema\/logo\/image\/\",\"url\":\"https:\/\/product-guide.org\/wp-content\/uploads\/2022\/07\/logo_transparent_background.png\",\"contentUrl\":\"https:\/\/product-guide.org\/wp-content\/uploads\/2022\/07\/logo_transparent_background.png\",\"width\":3400,\"height\":1132,\"caption\":\"Product-Guide.org\"},\"image\":{\"@id\":\"https:\/\/product-guide.org\/#\/schema\/logo\/image\/\"}}]}<\/script>\n<!-- \/ Yoast SEO plugin. -->","yoast_head_json":{"title":"Kissenh\u00fclle Pina Naturwei\u00df | Barefoot Living | Product-Guide.org","description":"Kissenh\u00fclle Pina Naturwei\u00df | Barefoot Living gefunden von Product-Guide.org","robots":{"index":"index","follow":"follow","max-snippet":"max-snippet:-1","max-image-preview":"max-image-preview:large","max-video-preview":"max-video-preview:-1"},"canonical":"https:\/\/product-guide.org\/en\/produkt\/kissenhulle-pina-naturweis-barefoot-living\/","og_locale":"en_GB","og_type":"article","og_title":"Kissenh\u00fclle Pina Naturwei\u00df | Barefoot Living | Product-Guide.org","og_description":"Kissenh\u00fclle Pina Naturwei\u00df | Barefoot Living gefunden von Product-Guide.org","og_url":"https:\/\/product-guide.org\/en\/produkt\/kissenhulle-pina-naturweis-barefoot-living\/","og_site_name":"Product-Guide.org","article_modified_time":"2025-03-17T10:46:15+00:00","twitter_card":"summary_large_image","schema":{"@context":"https:\/\/schema.org","@graph":[{"@type":"WebPage","@id":"https:\/\/product-guide.org\/produkt\/kissenhulle-pina-naturweis-barefoot-living\/","url":"https:\/\/product-guide.org\/produkt\/kissenhulle-pina-naturweis-barefoot-living\/","name":"Kissenh\u00fclle Pina Naturwei\u00df | Barefoot Living | Product-Guide.org","isPartOf":{"@id":"https:\/\/product-guide.org\/#website"},"primaryImageOfPage":{"@id":"https:\/\/product-guide.org\/produkt\/kissenhulle-pina-naturweis-barefoot-living\/#primaryimage"},"image":{"@id":"https:\/\/product-guide.org\/produkt\/kissenhulle-pina-naturweis-barefoot-living\/#primaryimage"},"thumbnailUrl":"https:\/\/product-guide.org\/wp-content\/uploads\/2025\/03\/BFL-100327-001_pina_cushioncover_naturalwhite_1.jpg","datePublished":"2025-03-17T10:46:14+00:00","dateModified":"2025-03-17T10:46:15+00:00","description":"Kissenh\u00fclle Pina Naturwei\u00df | Barefoot Living gefunden von Product-Guide.org","breadcrumb":{"@id":"https:\/\/product-guide.org\/produkt\/kissenhulle-pina-naturweis-barefoot-living\/#breadcrumb"},"inLanguage":"en-GB","potentialAction":[{"@type":"ReadAction","target":["https:\/\/product-guide.org\/produkt\/kissenhulle-pina-naturweis-barefoot-living\/"]}]},{"@type":"ImageObject","inLanguage":"en-GB","@id":"https:\/\/product-guide.org\/produkt\/kissenhulle-pina-naturweis-barefoot-living\/#primaryimage","url":"https:\/\/product-guide.org\/wp-content\/uploads\/2025\/03\/BFL-100327-001_pina_cushioncover_naturalwhite_1.jpg","contentUrl":"https:\/\/product-guide.org\/wp-content\/uploads\/2025\/03\/BFL-100327-001_pina_cushioncover_naturalwhite_1.jpg","width":800,"height":960},{"@type":"BreadcrumbList","@id":"https:\/\/product-guide.org\/produkt\/kissenhulle-pina-naturweis-barefoot-living\/#breadcrumb","itemListElement":[{"@type":"ListItem","position":1,"name":"Home","item":"https:\/\/product-guide.org\/"},{"@type":"ListItem","position":2,"name":"Ergebnisse","item":"https:\/\/product-guide.org\/de\/ergebnisse\/"},{"@type":"ListItem","position":3,"name":"Kissenh\u00fclle Pina Naturwei\u00df | Barefoot Living"}]},{"@type":"WebSite","@id":"https:\/\/product-guide.org\/#website","url":"https:\/\/product-guide.org\/","name":"Product-Guide.org","description":"What Product are you looking for?","publisher":{"@id":"https:\/\/product-guide.org\/#organization"},"potentialAction":[{"@type":"SearchAction","target":{"@type":"EntryPoint","urlTemplate":"https:\/\/product-guide.org\/?s={search_term_string}"},"query-input":{"@type":"PropertyValueSpecification","valueRequired":true,"valueName":"search_term_string"}}],"inLanguage":"en-GB"},{"@type":"Organization","@id":"https:\/\/product-guide.org\/#organization","name":"Product-Guide.org","url":"https:\/\/product-guide.org\/","logo":{"@type":"ImageObject","inLanguage":"en-GB","@id":"https:\/\/product-guide.org\/#\/schema\/logo\/image\/","url":"https:\/\/product-guide.org\/wp-content\/uploads\/2022\/07\/logo_transparent_background.png","contentUrl":"https:\/\/product-guide.org\/wp-content\/uploads\/2022\/07\/logo_transparent_background.png","width":3400,"height":1132,"caption":"Product-Guide.org"},"image":{"@id":"https:\/\/product-guide.org\/#\/schema\/logo\/image\/"}}]}},"_links":{"self":[{"href":"https:\/\/product-guide.org\/en\/wp-json\/wp\/v2\/product\/53046","targetHints":{"allow":["GET"]}}],"collection":[{"href":"https:\/\/product-guide.org\/en\/wp-json\/wp\/v2\/product"}],"about":[{"href":"https:\/\/product-guide.org\/en\/wp-json\/wp\/v2\/types\/product"}],"wp:featuredmedia":[{"embeddable":true,"href":"https:\/\/product-guide.org\/en\/wp-json\/wp\/v2\/media\/53045"}],"wp:attachment":[{"href":"https:\/\/product-guide.org\/en\/wp-json\/wp\/v2\/media?parent=53046"}],"wp:term":[{"taxonomy":"store","embeddable":true,"href":"https:\/\/product-guide.org\/en\/wp-json\/wp\/v2\/store?post=53046"},{"taxonomy":"product_brand","embeddable":true,"href":"https:\/\/product-guide.org\/en\/wp-json\/wp\/v2\/product_brand?post=53046"},{"taxonomy":"product_cat","embeddable":true,"href":"https:\/\/product-guide.org\/en\/wp-json\/wp\/v2\/product_cat?post=53046"},{"taxonomy":"product_tag","embeddable":true,"href":"https:\/\/product-guide.org\/en\/wp-json\/wp\/v2\/product_tag?post=53046"}],"curies":[{"name":"wp","href":"https:\/\/api.w.org\/{rel}","templated":true}]}}