{"id":53054,"date":"2025-03-17T11:46:23","date_gmt":"2025-03-17T10:46:23","guid":{"rendered":"https:\/\/product-guide.org\/produkt\/kissenbezug-serena-hellgrau-80x80-cm-barefoot-living\/"},"modified":"2025-03-17T11:46:23","modified_gmt":"2025-03-17T10:46:23","slug":"kissenbezug-serena-hellgrau-80x80-cm-barefoot-living","status":"publish","type":"product","link":"https:\/\/product-guide.org\/en\/produkt\/kissenbezug-serena-hellgrau-80x80-cm-barefoot-living\/","title":{"rendered":"Kissenbezug Serena Hellgrau, 80&#215;80 cm | Barefoot Living"},"content":{"rendered":"<p>Was w\u00e4re eine Bettw\u00e4schekollektion ohne ihre Kissenh\u00fcllen? Serena besteht ebenfalls aus leinen\u00e4hnlichem, leichtem Hanf und kuschelig weicher Baumwolle. Der Mix wird vorgewaschen, um eine noch sanftere Haptik zu erzielen, die Euch Nacht f\u00fcr Nacht s\u00fc\u00dfeste Tr\u00e4ume verspricht. Dank praktischer Rei\u00dfverschl\u00fcsse rutscht zudem nichts heraus, w\u00e4hrend kleine Knitter Eurem Zuhause einen gem\u00fctlichen Akzent verleihen. Das Beste? Ihr habt ab sofort b\u00fcgelfrei. Alternativ empfehlen sich ein weiteres Kapitel im spannenden neuen Buch oder eine Extrakunde Kaffee.<\/p>\n","protected":false},"excerpt":{"rendered":"<p>Was w\u00e4re eine Bettw\u00e4schekollektion ohne ihre Kissenh\u00fcllen? Serena besteht ebenfalls aus leinen\u00e4hnlichem, leichtem Hanf und kuschelig weicher Baumwolle. Der Mix wird vorgewaschen, um eine noch sanftere Haptik zu erzielen, die Euch Nacht f\u00fcr Nacht s\u00fc\u00dfeste Tr\u00e4ume verspricht. Dank praktischer Rei\u00dfverschl\u00fcsse rutscht zudem nichts heraus, w\u00e4hrend kleine Knitter Eurem Zuhause einen gem\u00fctlichen Akzent verleihen. Das Beste? [&hellip;]<\/p>\n","protected":false},"featured_media":53052,"template":"","meta":{"_gspb_post_css":""},"store":[],"product_brand":[1404],"product_cat":[1290],"product_tag":[],"class_list":{"0":"post-53054","1":"product","2":"type-product","3":"status-publish","4":"has-post-thumbnail","6":"product_brand-barefoot-living-de","7":"product_cat-uncategorized","9":"first","10":"instock","11":"shipping-taxable","12":"purchasable","13":"product-type-simple"},"yoast_head":"<!-- This site is optimized with the Yoast SEO plugin v24.6 - https:\/\/yoast.com\/wordpress\/plugins\/seo\/ -->\n<title>Kissenbezug Serena Hellgrau, 80x80 cm | Barefoot Living | Product-Guide.org<\/title>\n<meta name=\"description\" content=\"Kissenbezug Serena Hellgrau, 80x80 cm | Barefoot Living gefunden von Product-Guide.org\" \/>\n<meta name=\"robots\" content=\"index, follow, max-snippet:-1, max-image-preview:large, max-video-preview:-1\" \/>\n<link rel=\"canonical\" href=\"https:\/\/product-guide.org\/en\/produkt\/kissenbezug-serena-hellgrau-80x80-cm-barefoot-living\/\" \/>\n<meta property=\"og:locale\" content=\"en_GB\" \/>\n<meta property=\"og:type\" content=\"article\" \/>\n<meta property=\"og:title\" content=\"Kissenbezug Serena Hellgrau, 80x80 cm | Barefoot Living | Product-Guide.org\" \/>\n<meta property=\"og:description\" content=\"Kissenbezug Serena Hellgrau, 80x80 cm | Barefoot Living gefunden von Product-Guide.org\" \/>\n<meta property=\"og:url\" content=\"https:\/\/product-guide.org\/en\/produkt\/kissenbezug-serena-hellgrau-80x80-cm-barefoot-living\/\" \/>\n<meta property=\"og:site_name\" content=\"Product-Guide.org\" \/>\n<meta name=\"twitter:card\" content=\"summary_large_image\" \/>\n<script type=\"application\/ld+json\" class=\"yoast-schema-graph\">{\"@context\":\"https:\/\/schema.org\",\"@graph\":[{\"@type\":\"WebPage\",\"@id\":\"https:\/\/product-guide.org\/produkt\/kissenbezug-serena-hellgrau-80x80-cm-barefoot-living\/\",\"url\":\"https:\/\/product-guide.org\/produkt\/kissenbezug-serena-hellgrau-80x80-cm-barefoot-living\/\",\"name\":\"Kissenbezug Serena Hellgrau, 80x80 cm | Barefoot Living | Product-Guide.org\",\"isPartOf\":{\"@id\":\"https:\/\/product-guide.org\/#website\"},\"primaryImageOfPage\":{\"@id\":\"https:\/\/product-guide.org\/produkt\/kissenbezug-serena-hellgrau-80x80-cm-barefoot-living\/#primaryimage\"},\"image\":{\"@id\":\"https:\/\/product-guide.org\/produkt\/kissenbezug-serena-hellgrau-80x80-cm-barefoot-living\/#primaryimage\"},\"thumbnailUrl\":\"https:\/\/product-guide.org\/wp-content\/uploads\/2025\/03\/BFL_Bed-linen_Serena_Light-Grey_011.jpg\",\"datePublished\":\"2025-03-17T10:46:23+00:00\",\"description\":\"Kissenbezug Serena Hellgrau, 80x80 cm | Barefoot Living gefunden von Product-Guide.org\",\"breadcrumb\":{\"@id\":\"https:\/\/product-guide.org\/produkt\/kissenbezug-serena-hellgrau-80x80-cm-barefoot-living\/#breadcrumb\"},\"inLanguage\":\"en-GB\",\"potentialAction\":[{\"@type\":\"ReadAction\",\"target\":[\"https:\/\/product-guide.org\/produkt\/kissenbezug-serena-hellgrau-80x80-cm-barefoot-living\/\"]}]},{\"@type\":\"ImageObject\",\"inLanguage\":\"en-GB\",\"@id\":\"https:\/\/product-guide.org\/produkt\/kissenbezug-serena-hellgrau-80x80-cm-barefoot-living\/#primaryimage\",\"url\":\"https:\/\/product-guide.org\/wp-content\/uploads\/2025\/03\/BFL_Bed-linen_Serena_Light-Grey_011.jpg\",\"contentUrl\":\"https:\/\/product-guide.org\/wp-content\/uploads\/2025\/03\/BFL_Bed-linen_Serena_Light-Grey_011.jpg\",\"width\":800,\"height\":960},{\"@type\":\"BreadcrumbList\",\"@id\":\"https:\/\/product-guide.org\/produkt\/kissenbezug-serena-hellgrau-80x80-cm-barefoot-living\/#breadcrumb\",\"itemListElement\":[{\"@type\":\"ListItem\",\"position\":1,\"name\":\"Home\",\"item\":\"https:\/\/product-guide.org\/\"},{\"@type\":\"ListItem\",\"position\":2,\"name\":\"Ergebnisse\",\"item\":\"https:\/\/product-guide.org\/de\/ergebnisse\/\"},{\"@type\":\"ListItem\",\"position\":3,\"name\":\"Kissenbezug Serena Hellgrau, 80&#215;80 cm | Barefoot Living\"}]},{\"@type\":\"WebSite\",\"@id\":\"https:\/\/product-guide.org\/#website\",\"url\":\"https:\/\/product-guide.org\/\",\"name\":\"Product-Guide.org\",\"description\":\"What Product are you looking for?\",\"publisher\":{\"@id\":\"https:\/\/product-guide.org\/#organization\"},\"potentialAction\":[{\"@type\":\"SearchAction\",\"target\":{\"@type\":\"EntryPoint\",\"urlTemplate\":\"https:\/\/product-guide.org\/?s={search_term_string}\"},\"query-input\":{\"@type\":\"PropertyValueSpecification\",\"valueRequired\":true,\"valueName\":\"search_term_string\"}}],\"inLanguage\":\"en-GB\"},{\"@type\":\"Organization\",\"@id\":\"https:\/\/product-guide.org\/#organization\",\"name\":\"Product-Guide.org\",\"url\":\"https:\/\/product-guide.org\/\",\"logo\":{\"@type\":\"ImageObject\",\"inLanguage\":\"en-GB\",\"@id\":\"https:\/\/product-guide.org\/#\/schema\/logo\/image\/\",\"url\":\"https:\/\/product-guide.org\/wp-content\/uploads\/2022\/07\/logo_transparent_background.png\",\"contentUrl\":\"https:\/\/product-guide.org\/wp-content\/uploads\/2022\/07\/logo_transparent_background.png\",\"width\":3400,\"height\":1132,\"caption\":\"Product-Guide.org\"},\"image\":{\"@id\":\"https:\/\/product-guide.org\/#\/schema\/logo\/image\/\"}}]}<\/script>\n<!-- \/ Yoast SEO plugin. -->","yoast_head_json":{"title":"Kissenbezug Serena Hellgrau, 80x80 cm | Barefoot Living | Product-Guide.org","description":"Kissenbezug Serena Hellgrau, 80x80 cm | Barefoot Living gefunden von Product-Guide.org","robots":{"index":"index","follow":"follow","max-snippet":"max-snippet:-1","max-image-preview":"max-image-preview:large","max-video-preview":"max-video-preview:-1"},"canonical":"https:\/\/product-guide.org\/en\/produkt\/kissenbezug-serena-hellgrau-80x80-cm-barefoot-living\/","og_locale":"en_GB","og_type":"article","og_title":"Kissenbezug Serena Hellgrau, 80x80 cm | Barefoot Living | Product-Guide.org","og_description":"Kissenbezug Serena Hellgrau, 80x80 cm | Barefoot Living gefunden von Product-Guide.org","og_url":"https:\/\/product-guide.org\/en\/produkt\/kissenbezug-serena-hellgrau-80x80-cm-barefoot-living\/","og_site_name":"Product-Guide.org","twitter_card":"summary_large_image","schema":{"@context":"https:\/\/schema.org","@graph":[{"@type":"WebPage","@id":"https:\/\/product-guide.org\/produkt\/kissenbezug-serena-hellgrau-80x80-cm-barefoot-living\/","url":"https:\/\/product-guide.org\/produkt\/kissenbezug-serena-hellgrau-80x80-cm-barefoot-living\/","name":"Kissenbezug Serena Hellgrau, 80x80 cm | Barefoot Living | Product-Guide.org","isPartOf":{"@id":"https:\/\/product-guide.org\/#website"},"primaryImageOfPage":{"@id":"https:\/\/product-guide.org\/produkt\/kissenbezug-serena-hellgrau-80x80-cm-barefoot-living\/#primaryimage"},"image":{"@id":"https:\/\/product-guide.org\/produkt\/kissenbezug-serena-hellgrau-80x80-cm-barefoot-living\/#primaryimage"},"thumbnailUrl":"https:\/\/product-guide.org\/wp-content\/uploads\/2025\/03\/BFL_Bed-linen_Serena_Light-Grey_011.jpg","datePublished":"2025-03-17T10:46:23+00:00","description":"Kissenbezug Serena Hellgrau, 80x80 cm | Barefoot Living gefunden von Product-Guide.org","breadcrumb":{"@id":"https:\/\/product-guide.org\/produkt\/kissenbezug-serena-hellgrau-80x80-cm-barefoot-living\/#breadcrumb"},"inLanguage":"en-GB","potentialAction":[{"@type":"ReadAction","target":["https:\/\/product-guide.org\/produkt\/kissenbezug-serena-hellgrau-80x80-cm-barefoot-living\/"]}]},{"@type":"ImageObject","inLanguage":"en-GB","@id":"https:\/\/product-guide.org\/produkt\/kissenbezug-serena-hellgrau-80x80-cm-barefoot-living\/#primaryimage","url":"https:\/\/product-guide.org\/wp-content\/uploads\/2025\/03\/BFL_Bed-linen_Serena_Light-Grey_011.jpg","contentUrl":"https:\/\/product-guide.org\/wp-content\/uploads\/2025\/03\/BFL_Bed-linen_Serena_Light-Grey_011.jpg","width":800,"height":960},{"@type":"BreadcrumbList","@id":"https:\/\/product-guide.org\/produkt\/kissenbezug-serena-hellgrau-80x80-cm-barefoot-living\/#breadcrumb","itemListElement":[{"@type":"ListItem","position":1,"name":"Home","item":"https:\/\/product-guide.org\/"},{"@type":"ListItem","position":2,"name":"Ergebnisse","item":"https:\/\/product-guide.org\/de\/ergebnisse\/"},{"@type":"ListItem","position":3,"name":"Kissenbezug Serena Hellgrau, 80&#215;80 cm | Barefoot Living"}]},{"@type":"WebSite","@id":"https:\/\/product-guide.org\/#website","url":"https:\/\/product-guide.org\/","name":"Product-Guide.org","description":"What Product are you looking for?","publisher":{"@id":"https:\/\/product-guide.org\/#organization"},"potentialAction":[{"@type":"SearchAction","target":{"@type":"EntryPoint","urlTemplate":"https:\/\/product-guide.org\/?s={search_term_string}"},"query-input":{"@type":"PropertyValueSpecification","valueRequired":true,"valueName":"search_term_string"}}],"inLanguage":"en-GB"},{"@type":"Organization","@id":"https:\/\/product-guide.org\/#organization","name":"Product-Guide.org","url":"https:\/\/product-guide.org\/","logo":{"@type":"ImageObject","inLanguage":"en-GB","@id":"https:\/\/product-guide.org\/#\/schema\/logo\/image\/","url":"https:\/\/product-guide.org\/wp-content\/uploads\/2022\/07\/logo_transparent_background.png","contentUrl":"https:\/\/product-guide.org\/wp-content\/uploads\/2022\/07\/logo_transparent_background.png","width":3400,"height":1132,"caption":"Product-Guide.org"},"image":{"@id":"https:\/\/product-guide.org\/#\/schema\/logo\/image\/"}}]}},"_links":{"self":[{"href":"https:\/\/product-guide.org\/en\/wp-json\/wp\/v2\/product\/53054","targetHints":{"allow":["GET"]}}],"collection":[{"href":"https:\/\/product-guide.org\/en\/wp-json\/wp\/v2\/product"}],"about":[{"href":"https:\/\/product-guide.org\/en\/wp-json\/wp\/v2\/types\/product"}],"wp:featuredmedia":[{"embeddable":true,"href":"https:\/\/product-guide.org\/en\/wp-json\/wp\/v2\/media\/53052"}],"wp:attachment":[{"href":"https:\/\/product-guide.org\/en\/wp-json\/wp\/v2\/media?parent=53054"}],"wp:term":[{"taxonomy":"store","embeddable":true,"href":"https:\/\/product-guide.org\/en\/wp-json\/wp\/v2\/store?post=53054"},{"taxonomy":"product_brand","embeddable":true,"href":"https:\/\/product-guide.org\/en\/wp-json\/wp\/v2\/product_brand?post=53054"},{"taxonomy":"product_cat","embeddable":true,"href":"https:\/\/product-guide.org\/en\/wp-json\/wp\/v2\/product_cat?post=53054"},{"taxonomy":"product_tag","embeddable":true,"href":"https:\/\/product-guide.org\/en\/wp-json\/wp\/v2\/product_tag?post=53054"}],"curies":[{"name":"wp","href":"https:\/\/api.w.org\/{rel}","templated":true}]}}