{"id":53080,"date":"2025-03-17T11:46:39","date_gmt":"2025-03-17T10:46:39","guid":{"rendered":"https:\/\/product-guide.org\/produkt\/baumwoll-shorts-alina-beige-s-m-barefoot-living\/"},"modified":"2025-03-17T11:46:40","modified_gmt":"2025-03-17T10:46:40","slug":"baumwoll-shorts-alina-beige-s-m-barefoot-living","status":"publish","type":"product","link":"https:\/\/product-guide.org\/en\/produkt\/baumwoll-shorts-alina-beige-s-m-barefoot-living\/","title":{"rendered":"Baumwoll-Shorts Alina Beige, S\/M | Barefoot Living"},"content":{"rendered":"<p>Wenn Komfort so stylish f\u00e4llt, kann nur weicher Musselin in Crinkle-Optik im Spiel sein. Den haben wir f\u00fcr unsere Shorts Alina aus 100% nachhaltiger BCI-Baumwolle fertigen lassen. F\u00fcr Euch hei\u00dft das: Ihr genie\u00dft ein einzigartig weiches Tragegef\u00fchl und eine Leichtigkeit, die Euch sowohl zu Hause als auch in Euren sommerlichen Wohlf\u00fchlmomenten am Meer begleitet \u2013 ein Herz f\u00fcr die Umwelt inklusive. Die bequeme Passform sorgt f\u00fcr jede Menge Bewegungsfreiheit, w\u00e4hrend ein elastischer Bund ein bequemes An- und Ausziehen sowie einen jederzeit perfekten Sitz garantiert.<\/p>\n","protected":false},"excerpt":{"rendered":"<p>Wenn Komfort so stylish f\u00e4llt, kann nur weicher Musselin in Crinkle-Optik im Spiel sein. Den haben wir f\u00fcr unsere Shorts Alina aus 100% nachhaltiger BCI-Baumwolle fertigen lassen. F\u00fcr Euch hei\u00dft das: Ihr genie\u00dft ein einzigartig weiches Tragegef\u00fchl und eine Leichtigkeit, die Euch sowohl zu Hause als auch in Euren sommerlichen Wohlf\u00fchlmomenten am Meer begleitet \u2013 [&hellip;]<\/p>\n","protected":false},"featured_media":53079,"template":"","meta":{"_gspb_post_css":""},"store":[],"product_brand":[1404],"product_cat":[1290],"product_tag":[],"class_list":{"0":"post-53080","1":"product","2":"type-product","3":"status-publish","4":"has-post-thumbnail","6":"product_brand-barefoot-living-de","7":"product_cat-uncategorized","9":"first","10":"instock","11":"shipping-taxable","12":"purchasable","13":"product-type-simple"},"yoast_head":"<!-- This site is optimized with the Yoast SEO plugin v24.6 - https:\/\/yoast.com\/wordpress\/plugins\/seo\/ -->\n<title>Baumwoll-Shorts Alina Beige, S\/M | Barefoot Living | Product-Guide.org<\/title>\n<meta name=\"description\" content=\"Baumwoll-Shorts Alina Beige, S\/M | Barefoot Living gefunden von Product-Guide.org\" \/>\n<meta name=\"robots\" content=\"index, follow, max-snippet:-1, max-image-preview:large, max-video-preview:-1\" \/>\n<link rel=\"canonical\" href=\"https:\/\/product-guide.org\/en\/produkt\/baumwoll-shorts-alina-beige-s-m-barefoot-living\/\" \/>\n<meta property=\"og:locale\" content=\"en_GB\" \/>\n<meta property=\"og:type\" content=\"article\" \/>\n<meta property=\"og:title\" content=\"Baumwoll-Shorts Alina Beige, S\/M | Barefoot Living | Product-Guide.org\" \/>\n<meta property=\"og:description\" content=\"Baumwoll-Shorts Alina Beige, S\/M | Barefoot Living gefunden von Product-Guide.org\" \/>\n<meta property=\"og:url\" content=\"https:\/\/product-guide.org\/en\/produkt\/baumwoll-shorts-alina-beige-s-m-barefoot-living\/\" \/>\n<meta property=\"og:site_name\" content=\"Product-Guide.org\" \/>\n<meta property=\"article:modified_time\" content=\"2025-03-17T10:46:40+00:00\" \/>\n<meta name=\"twitter:card\" content=\"summary_large_image\" \/>\n<script type=\"application\/ld+json\" class=\"yoast-schema-graph\">{\"@context\":\"https:\/\/schema.org\",\"@graph\":[{\"@type\":\"WebPage\",\"@id\":\"https:\/\/product-guide.org\/produkt\/baumwoll-shorts-alina-beige-s-m-barefoot-living\/\",\"url\":\"https:\/\/product-guide.org\/produkt\/baumwoll-shorts-alina-beige-s-m-barefoot-living\/\",\"name\":\"Baumwoll-Shorts Alina Beige, S\/M | Barefoot Living | Product-Guide.org\",\"isPartOf\":{\"@id\":\"https:\/\/product-guide.org\/#website\"},\"primaryImageOfPage\":{\"@id\":\"https:\/\/product-guide.org\/produkt\/baumwoll-shorts-alina-beige-s-m-barefoot-living\/#primaryimage\"},\"image\":{\"@id\":\"https:\/\/product-guide.org\/produkt\/baumwoll-shorts-alina-beige-s-m-barefoot-living\/#primaryimage\"},\"thumbnailUrl\":\"https:\/\/product-guide.org\/wp-content\/uploads\/2025\/03\/BFL-100318_Alina_shorts_beige_1.jpg\",\"datePublished\":\"2025-03-17T10:46:39+00:00\",\"dateModified\":\"2025-03-17T10:46:40+00:00\",\"description\":\"Baumwoll-Shorts Alina Beige, S\/M | Barefoot Living gefunden von Product-Guide.org\",\"breadcrumb\":{\"@id\":\"https:\/\/product-guide.org\/produkt\/baumwoll-shorts-alina-beige-s-m-barefoot-living\/#breadcrumb\"},\"inLanguage\":\"en-GB\",\"potentialAction\":[{\"@type\":\"ReadAction\",\"target\":[\"https:\/\/product-guide.org\/produkt\/baumwoll-shorts-alina-beige-s-m-barefoot-living\/\"]}]},{\"@type\":\"ImageObject\",\"inLanguage\":\"en-GB\",\"@id\":\"https:\/\/product-guide.org\/produkt\/baumwoll-shorts-alina-beige-s-m-barefoot-living\/#primaryimage\",\"url\":\"https:\/\/product-guide.org\/wp-content\/uploads\/2025\/03\/BFL-100318_Alina_shorts_beige_1.jpg\",\"contentUrl\":\"https:\/\/product-guide.org\/wp-content\/uploads\/2025\/03\/BFL-100318_Alina_shorts_beige_1.jpg\",\"width\":800,\"height\":960},{\"@type\":\"BreadcrumbList\",\"@id\":\"https:\/\/product-guide.org\/produkt\/baumwoll-shorts-alina-beige-s-m-barefoot-living\/#breadcrumb\",\"itemListElement\":[{\"@type\":\"ListItem\",\"position\":1,\"name\":\"Home\",\"item\":\"https:\/\/product-guide.org\/\"},{\"@type\":\"ListItem\",\"position\":2,\"name\":\"Ergebnisse\",\"item\":\"https:\/\/product-guide.org\/de\/ergebnisse\/\"},{\"@type\":\"ListItem\",\"position\":3,\"name\":\"Baumwoll-Shorts Alina Beige, S\/M | Barefoot Living\"}]},{\"@type\":\"WebSite\",\"@id\":\"https:\/\/product-guide.org\/#website\",\"url\":\"https:\/\/product-guide.org\/\",\"name\":\"Product-Guide.org\",\"description\":\"What Product are you looking for?\",\"publisher\":{\"@id\":\"https:\/\/product-guide.org\/#organization\"},\"potentialAction\":[{\"@type\":\"SearchAction\",\"target\":{\"@type\":\"EntryPoint\",\"urlTemplate\":\"https:\/\/product-guide.org\/?s={search_term_string}\"},\"query-input\":{\"@type\":\"PropertyValueSpecification\",\"valueRequired\":true,\"valueName\":\"search_term_string\"}}],\"inLanguage\":\"en-GB\"},{\"@type\":\"Organization\",\"@id\":\"https:\/\/product-guide.org\/#organization\",\"name\":\"Product-Guide.org\",\"url\":\"https:\/\/product-guide.org\/\",\"logo\":{\"@type\":\"ImageObject\",\"inLanguage\":\"en-GB\",\"@id\":\"https:\/\/product-guide.org\/#\/schema\/logo\/image\/\",\"url\":\"https:\/\/product-guide.org\/wp-content\/uploads\/2022\/07\/logo_transparent_background.png\",\"contentUrl\":\"https:\/\/product-guide.org\/wp-content\/uploads\/2022\/07\/logo_transparent_background.png\",\"width\":3400,\"height\":1132,\"caption\":\"Product-Guide.org\"},\"image\":{\"@id\":\"https:\/\/product-guide.org\/#\/schema\/logo\/image\/\"}}]}<\/script>\n<!-- \/ Yoast SEO plugin. -->","yoast_head_json":{"title":"Baumwoll-Shorts Alina Beige, S\/M | Barefoot Living | Product-Guide.org","description":"Baumwoll-Shorts Alina Beige, S\/M | Barefoot Living gefunden von Product-Guide.org","robots":{"index":"index","follow":"follow","max-snippet":"max-snippet:-1","max-image-preview":"max-image-preview:large","max-video-preview":"max-video-preview:-1"},"canonical":"https:\/\/product-guide.org\/en\/produkt\/baumwoll-shorts-alina-beige-s-m-barefoot-living\/","og_locale":"en_GB","og_type":"article","og_title":"Baumwoll-Shorts Alina Beige, S\/M | Barefoot Living | Product-Guide.org","og_description":"Baumwoll-Shorts Alina Beige, S\/M | Barefoot Living gefunden von Product-Guide.org","og_url":"https:\/\/product-guide.org\/en\/produkt\/baumwoll-shorts-alina-beige-s-m-barefoot-living\/","og_site_name":"Product-Guide.org","article_modified_time":"2025-03-17T10:46:40+00:00","twitter_card":"summary_large_image","schema":{"@context":"https:\/\/schema.org","@graph":[{"@type":"WebPage","@id":"https:\/\/product-guide.org\/produkt\/baumwoll-shorts-alina-beige-s-m-barefoot-living\/","url":"https:\/\/product-guide.org\/produkt\/baumwoll-shorts-alina-beige-s-m-barefoot-living\/","name":"Baumwoll-Shorts Alina Beige, S\/M | Barefoot Living | Product-Guide.org","isPartOf":{"@id":"https:\/\/product-guide.org\/#website"},"primaryImageOfPage":{"@id":"https:\/\/product-guide.org\/produkt\/baumwoll-shorts-alina-beige-s-m-barefoot-living\/#primaryimage"},"image":{"@id":"https:\/\/product-guide.org\/produkt\/baumwoll-shorts-alina-beige-s-m-barefoot-living\/#primaryimage"},"thumbnailUrl":"https:\/\/product-guide.org\/wp-content\/uploads\/2025\/03\/BFL-100318_Alina_shorts_beige_1.jpg","datePublished":"2025-03-17T10:46:39+00:00","dateModified":"2025-03-17T10:46:40+00:00","description":"Baumwoll-Shorts Alina Beige, S\/M | Barefoot Living gefunden von Product-Guide.org","breadcrumb":{"@id":"https:\/\/product-guide.org\/produkt\/baumwoll-shorts-alina-beige-s-m-barefoot-living\/#breadcrumb"},"inLanguage":"en-GB","potentialAction":[{"@type":"ReadAction","target":["https:\/\/product-guide.org\/produkt\/baumwoll-shorts-alina-beige-s-m-barefoot-living\/"]}]},{"@type":"ImageObject","inLanguage":"en-GB","@id":"https:\/\/product-guide.org\/produkt\/baumwoll-shorts-alina-beige-s-m-barefoot-living\/#primaryimage","url":"https:\/\/product-guide.org\/wp-content\/uploads\/2025\/03\/BFL-100318_Alina_shorts_beige_1.jpg","contentUrl":"https:\/\/product-guide.org\/wp-content\/uploads\/2025\/03\/BFL-100318_Alina_shorts_beige_1.jpg","width":800,"height":960},{"@type":"BreadcrumbList","@id":"https:\/\/product-guide.org\/produkt\/baumwoll-shorts-alina-beige-s-m-barefoot-living\/#breadcrumb","itemListElement":[{"@type":"ListItem","position":1,"name":"Home","item":"https:\/\/product-guide.org\/"},{"@type":"ListItem","position":2,"name":"Ergebnisse","item":"https:\/\/product-guide.org\/de\/ergebnisse\/"},{"@type":"ListItem","position":3,"name":"Baumwoll-Shorts Alina Beige, S\/M | Barefoot Living"}]},{"@type":"WebSite","@id":"https:\/\/product-guide.org\/#website","url":"https:\/\/product-guide.org\/","name":"Product-Guide.org","description":"What Product are you looking for?","publisher":{"@id":"https:\/\/product-guide.org\/#organization"},"potentialAction":[{"@type":"SearchAction","target":{"@type":"EntryPoint","urlTemplate":"https:\/\/product-guide.org\/?s={search_term_string}"},"query-input":{"@type":"PropertyValueSpecification","valueRequired":true,"valueName":"search_term_string"}}],"inLanguage":"en-GB"},{"@type":"Organization","@id":"https:\/\/product-guide.org\/#organization","name":"Product-Guide.org","url":"https:\/\/product-guide.org\/","logo":{"@type":"ImageObject","inLanguage":"en-GB","@id":"https:\/\/product-guide.org\/#\/schema\/logo\/image\/","url":"https:\/\/product-guide.org\/wp-content\/uploads\/2022\/07\/logo_transparent_background.png","contentUrl":"https:\/\/product-guide.org\/wp-content\/uploads\/2022\/07\/logo_transparent_background.png","width":3400,"height":1132,"caption":"Product-Guide.org"},"image":{"@id":"https:\/\/product-guide.org\/#\/schema\/logo\/image\/"}}]}},"_links":{"self":[{"href":"https:\/\/product-guide.org\/en\/wp-json\/wp\/v2\/product\/53080","targetHints":{"allow":["GET"]}}],"collection":[{"href":"https:\/\/product-guide.org\/en\/wp-json\/wp\/v2\/product"}],"about":[{"href":"https:\/\/product-guide.org\/en\/wp-json\/wp\/v2\/types\/product"}],"wp:featuredmedia":[{"embeddable":true,"href":"https:\/\/product-guide.org\/en\/wp-json\/wp\/v2\/media\/53079"}],"wp:attachment":[{"href":"https:\/\/product-guide.org\/en\/wp-json\/wp\/v2\/media?parent=53080"}],"wp:term":[{"taxonomy":"store","embeddable":true,"href":"https:\/\/product-guide.org\/en\/wp-json\/wp\/v2\/store?post=53080"},{"taxonomy":"product_brand","embeddable":true,"href":"https:\/\/product-guide.org\/en\/wp-json\/wp\/v2\/product_brand?post=53080"},{"taxonomy":"product_cat","embeddable":true,"href":"https:\/\/product-guide.org\/en\/wp-json\/wp\/v2\/product_cat?post=53080"},{"taxonomy":"product_tag","embeddable":true,"href":"https:\/\/product-guide.org\/en\/wp-json\/wp\/v2\/product_tag?post=53080"}],"curies":[{"name":"wp","href":"https:\/\/api.w.org\/{rel}","templated":true}]}}