{"id":53319,"date":"2025-03-17T11:50:51","date_gmt":"2025-03-17T10:50:51","guid":{"rendered":"https:\/\/product-guide.org\/produkt\/airphysio-low-lung-atemtrainer-somnishop-dach\/"},"modified":"2025-03-17T11:50:51","modified_gmt":"2025-03-17T10:50:51","slug":"airphysio-low-lung-atemtrainer-somnishop-dach","status":"publish","type":"product","link":"https:\/\/product-guide.org\/en\/produkt\/airphysio-low-lung-atemtrainer-somnishop-dach\/","title":{"rendered":"AirPhysio Low Lung Atemtrainer | Somnishop DACH"},"content":{"rendered":"<p>Airphysio hilft Ihnen zu deutlich besserem Atmen und mehr Lebensqualit\u00e4t: Es lockert und l\u00f6st Schleim &#8211; dieser wird die Atemwege so hinaufbewegt, dass er ausgehustet oder geschluckt werden kann. Es erh\u00f6ht die Lungenleistung, dehnt die Lunge aus und l\u00f6st so Blockaden AirPhysio ist eine schnelle und zugleich wirksame Therapie: Das Ger\u00e4t wird ein- oder zweimal t\u00e4glich f\u00fcr nur jeweils 10 Minuten angewendet. In dem Ger\u00e4t selbst befindet sich eine Stahlkugel. Wenn Sie durch das Ger\u00e4t ausatmen, dann st\u00f6\u00dft Ihr Atem auf eine Stahlkugel, die im Ger\u00e4t lagert. Dadurch wird in Ihrer Lunge ein positiver Ausatemdruck aufgebaut. Die Kugel wird durch Ihren Atem bewegt &#8211; diese Bewegungen der Stahlkugel sorgen daf\u00fcr, dass der Ausatemdruck schnell wechselt (man spricht dann von Oszillation). Dies gibt AirPhysio seine besondere, schleiml\u00f6sende Wirkung. AirPhysio ist ein preisgekr\u00f6ntes Medizinprodukt des gleichnamigen australischen Herstellers. Es wird in&#8230;<\/p>\n","protected":false},"excerpt":{"rendered":"<p>Airphysio hilft Ihnen zu deutlich besserem Atmen und mehr Lebensqualit\u00e4t: Es lockert und l\u00f6st Schleim &#8211; dieser wird die Atemwege so hinaufbewegt, dass er ausgehustet oder geschluckt werden kann. Es erh\u00f6ht die Lungenleistung, dehnt die Lunge aus und l\u00f6st so Blockaden AirPhysio ist eine schnelle und zugleich wirksame Therapie: Das Ger\u00e4t wird ein- oder zweimal [&hellip;]<\/p>\n","protected":false},"featured_media":53318,"template":"","meta":{"_gspb_post_css":""},"store":[],"product_brand":[1406],"product_cat":[1290],"product_tag":[],"class_list":{"0":"post-53319","1":"product","2":"type-product","3":"status-publish","4":"has-post-thumbnail","6":"product_brand-somnishop-dach","7":"product_cat-uncategorized","9":"first","10":"instock","11":"shipping-taxable","12":"purchasable","13":"product-type-simple"},"yoast_head":"<!-- This site is optimized with the Yoast SEO plugin v24.6 - https:\/\/yoast.com\/wordpress\/plugins\/seo\/ -->\n<title>AirPhysio Low Lung Atemtrainer | Somnishop DACH | Product-Guide.org<\/title>\n<meta name=\"description\" content=\"AirPhysio Low Lung Atemtrainer | Somnishop DACH gefunden von Product-Guide.org\" \/>\n<meta name=\"robots\" content=\"index, follow, max-snippet:-1, max-image-preview:large, max-video-preview:-1\" \/>\n<link rel=\"canonical\" href=\"https:\/\/product-guide.org\/en\/produkt\/airphysio-low-lung-atemtrainer-somnishop-dach\/\" \/>\n<meta property=\"og:locale\" content=\"en_GB\" \/>\n<meta property=\"og:type\" content=\"article\" \/>\n<meta property=\"og:title\" content=\"AirPhysio Low Lung Atemtrainer | Somnishop DACH | Product-Guide.org\" \/>\n<meta property=\"og:description\" content=\"AirPhysio Low Lung Atemtrainer | Somnishop DACH gefunden von Product-Guide.org\" \/>\n<meta property=\"og:url\" content=\"https:\/\/product-guide.org\/en\/produkt\/airphysio-low-lung-atemtrainer-somnishop-dach\/\" \/>\n<meta property=\"og:site_name\" content=\"Product-Guide.org\" \/>\n<meta name=\"twitter:card\" content=\"summary_large_image\" \/>\n<script type=\"application\/ld+json\" class=\"yoast-schema-graph\">{\"@context\":\"https:\/\/schema.org\",\"@graph\":[{\"@type\":\"WebPage\",\"@id\":\"https:\/\/product-guide.org\/produkt\/airphysio-low-lung-atemtrainer-somnishop-dach\/\",\"url\":\"https:\/\/product-guide.org\/produkt\/airphysio-low-lung-atemtrainer-somnishop-dach\/\",\"name\":\"AirPhysio Low Lung Atemtrainer | Somnishop DACH | Product-Guide.org\",\"isPartOf\":{\"@id\":\"https:\/\/product-guide.org\/#website\"},\"primaryImageOfPage\":{\"@id\":\"https:\/\/product-guide.org\/produkt\/airphysio-low-lung-atemtrainer-somnishop-dach\/#primaryimage\"},\"image\":{\"@id\":\"https:\/\/product-guide.org\/produkt\/airphysio-low-lung-atemtrainer-somnishop-dach\/#primaryimage\"},\"thumbnailUrl\":\"https:\/\/product-guide.org\/wp-content\/uploads\/2025\/03\/AP-LL-1000x1000-6.jpg\",\"datePublished\":\"2025-03-17T10:50:51+00:00\",\"description\":\"AirPhysio Low Lung Atemtrainer | Somnishop DACH gefunden von Product-Guide.org\",\"breadcrumb\":{\"@id\":\"https:\/\/product-guide.org\/produkt\/airphysio-low-lung-atemtrainer-somnishop-dach\/#breadcrumb\"},\"inLanguage\":\"en-GB\",\"potentialAction\":[{\"@type\":\"ReadAction\",\"target\":[\"https:\/\/product-guide.org\/produkt\/airphysio-low-lung-atemtrainer-somnishop-dach\/\"]}]},{\"@type\":\"ImageObject\",\"inLanguage\":\"en-GB\",\"@id\":\"https:\/\/product-guide.org\/produkt\/airphysio-low-lung-atemtrainer-somnishop-dach\/#primaryimage\",\"url\":\"https:\/\/product-guide.org\/wp-content\/uploads\/2025\/03\/AP-LL-1000x1000-6.jpg\",\"contentUrl\":\"https:\/\/product-guide.org\/wp-content\/uploads\/2025\/03\/AP-LL-1000x1000-6.jpg\",\"width\":1000,\"height\":1000},{\"@type\":\"BreadcrumbList\",\"@id\":\"https:\/\/product-guide.org\/produkt\/airphysio-low-lung-atemtrainer-somnishop-dach\/#breadcrumb\",\"itemListElement\":[{\"@type\":\"ListItem\",\"position\":1,\"name\":\"Home\",\"item\":\"https:\/\/product-guide.org\/\"},{\"@type\":\"ListItem\",\"position\":2,\"name\":\"Ergebnisse\",\"item\":\"https:\/\/product-guide.org\/de\/ergebnisse\/\"},{\"@type\":\"ListItem\",\"position\":3,\"name\":\"AirPhysio Low Lung Atemtrainer | Somnishop DACH\"}]},{\"@type\":\"WebSite\",\"@id\":\"https:\/\/product-guide.org\/#website\",\"url\":\"https:\/\/product-guide.org\/\",\"name\":\"Product-Guide.org\",\"description\":\"What Product are you looking for?\",\"publisher\":{\"@id\":\"https:\/\/product-guide.org\/#organization\"},\"potentialAction\":[{\"@type\":\"SearchAction\",\"target\":{\"@type\":\"EntryPoint\",\"urlTemplate\":\"https:\/\/product-guide.org\/?s={search_term_string}\"},\"query-input\":{\"@type\":\"PropertyValueSpecification\",\"valueRequired\":true,\"valueName\":\"search_term_string\"}}],\"inLanguage\":\"en-GB\"},{\"@type\":\"Organization\",\"@id\":\"https:\/\/product-guide.org\/#organization\",\"name\":\"Product-Guide.org\",\"url\":\"https:\/\/product-guide.org\/\",\"logo\":{\"@type\":\"ImageObject\",\"inLanguage\":\"en-GB\",\"@id\":\"https:\/\/product-guide.org\/#\/schema\/logo\/image\/\",\"url\":\"https:\/\/product-guide.org\/wp-content\/uploads\/2022\/07\/logo_transparent_background.png\",\"contentUrl\":\"https:\/\/product-guide.org\/wp-content\/uploads\/2022\/07\/logo_transparent_background.png\",\"width\":3400,\"height\":1132,\"caption\":\"Product-Guide.org\"},\"image\":{\"@id\":\"https:\/\/product-guide.org\/#\/schema\/logo\/image\/\"}}]}<\/script>\n<!-- \/ Yoast SEO plugin. -->","yoast_head_json":{"title":"AirPhysio Low Lung Atemtrainer | Somnishop DACH | Product-Guide.org","description":"AirPhysio Low Lung Atemtrainer | Somnishop DACH gefunden von Product-Guide.org","robots":{"index":"index","follow":"follow","max-snippet":"max-snippet:-1","max-image-preview":"max-image-preview:large","max-video-preview":"max-video-preview:-1"},"canonical":"https:\/\/product-guide.org\/en\/produkt\/airphysio-low-lung-atemtrainer-somnishop-dach\/","og_locale":"en_GB","og_type":"article","og_title":"AirPhysio Low Lung Atemtrainer | Somnishop DACH | Product-Guide.org","og_description":"AirPhysio Low Lung Atemtrainer | Somnishop DACH gefunden von Product-Guide.org","og_url":"https:\/\/product-guide.org\/en\/produkt\/airphysio-low-lung-atemtrainer-somnishop-dach\/","og_site_name":"Product-Guide.org","twitter_card":"summary_large_image","schema":{"@context":"https:\/\/schema.org","@graph":[{"@type":"WebPage","@id":"https:\/\/product-guide.org\/produkt\/airphysio-low-lung-atemtrainer-somnishop-dach\/","url":"https:\/\/product-guide.org\/produkt\/airphysio-low-lung-atemtrainer-somnishop-dach\/","name":"AirPhysio Low Lung Atemtrainer | Somnishop DACH | Product-Guide.org","isPartOf":{"@id":"https:\/\/product-guide.org\/#website"},"primaryImageOfPage":{"@id":"https:\/\/product-guide.org\/produkt\/airphysio-low-lung-atemtrainer-somnishop-dach\/#primaryimage"},"image":{"@id":"https:\/\/product-guide.org\/produkt\/airphysio-low-lung-atemtrainer-somnishop-dach\/#primaryimage"},"thumbnailUrl":"https:\/\/product-guide.org\/wp-content\/uploads\/2025\/03\/AP-LL-1000x1000-6.jpg","datePublished":"2025-03-17T10:50:51+00:00","description":"AirPhysio Low Lung Atemtrainer | Somnishop DACH gefunden von Product-Guide.org","breadcrumb":{"@id":"https:\/\/product-guide.org\/produkt\/airphysio-low-lung-atemtrainer-somnishop-dach\/#breadcrumb"},"inLanguage":"en-GB","potentialAction":[{"@type":"ReadAction","target":["https:\/\/product-guide.org\/produkt\/airphysio-low-lung-atemtrainer-somnishop-dach\/"]}]},{"@type":"ImageObject","inLanguage":"en-GB","@id":"https:\/\/product-guide.org\/produkt\/airphysio-low-lung-atemtrainer-somnishop-dach\/#primaryimage","url":"https:\/\/product-guide.org\/wp-content\/uploads\/2025\/03\/AP-LL-1000x1000-6.jpg","contentUrl":"https:\/\/product-guide.org\/wp-content\/uploads\/2025\/03\/AP-LL-1000x1000-6.jpg","width":1000,"height":1000},{"@type":"BreadcrumbList","@id":"https:\/\/product-guide.org\/produkt\/airphysio-low-lung-atemtrainer-somnishop-dach\/#breadcrumb","itemListElement":[{"@type":"ListItem","position":1,"name":"Home","item":"https:\/\/product-guide.org\/"},{"@type":"ListItem","position":2,"name":"Ergebnisse","item":"https:\/\/product-guide.org\/de\/ergebnisse\/"},{"@type":"ListItem","position":3,"name":"AirPhysio Low Lung Atemtrainer | Somnishop DACH"}]},{"@type":"WebSite","@id":"https:\/\/product-guide.org\/#website","url":"https:\/\/product-guide.org\/","name":"Product-Guide.org","description":"What Product are you looking for?","publisher":{"@id":"https:\/\/product-guide.org\/#organization"},"potentialAction":[{"@type":"SearchAction","target":{"@type":"EntryPoint","urlTemplate":"https:\/\/product-guide.org\/?s={search_term_string}"},"query-input":{"@type":"PropertyValueSpecification","valueRequired":true,"valueName":"search_term_string"}}],"inLanguage":"en-GB"},{"@type":"Organization","@id":"https:\/\/product-guide.org\/#organization","name":"Product-Guide.org","url":"https:\/\/product-guide.org\/","logo":{"@type":"ImageObject","inLanguage":"en-GB","@id":"https:\/\/product-guide.org\/#\/schema\/logo\/image\/","url":"https:\/\/product-guide.org\/wp-content\/uploads\/2022\/07\/logo_transparent_background.png","contentUrl":"https:\/\/product-guide.org\/wp-content\/uploads\/2022\/07\/logo_transparent_background.png","width":3400,"height":1132,"caption":"Product-Guide.org"},"image":{"@id":"https:\/\/product-guide.org\/#\/schema\/logo\/image\/"}}]}},"_links":{"self":[{"href":"https:\/\/product-guide.org\/en\/wp-json\/wp\/v2\/product\/53319","targetHints":{"allow":["GET"]}}],"collection":[{"href":"https:\/\/product-guide.org\/en\/wp-json\/wp\/v2\/product"}],"about":[{"href":"https:\/\/product-guide.org\/en\/wp-json\/wp\/v2\/types\/product"}],"wp:featuredmedia":[{"embeddable":true,"href":"https:\/\/product-guide.org\/en\/wp-json\/wp\/v2\/media\/53318"}],"wp:attachment":[{"href":"https:\/\/product-guide.org\/en\/wp-json\/wp\/v2\/media?parent=53319"}],"wp:term":[{"taxonomy":"store","embeddable":true,"href":"https:\/\/product-guide.org\/en\/wp-json\/wp\/v2\/store?post=53319"},{"taxonomy":"product_brand","embeddable":true,"href":"https:\/\/product-guide.org\/en\/wp-json\/wp\/v2\/product_brand?post=53319"},{"taxonomy":"product_cat","embeddable":true,"href":"https:\/\/product-guide.org\/en\/wp-json\/wp\/v2\/product_cat?post=53319"},{"taxonomy":"product_tag","embeddable":true,"href":"https:\/\/product-guide.org\/en\/wp-json\/wp\/v2\/product_tag?post=53319"}],"curies":[{"name":"wp","href":"https:\/\/api.w.org\/{rel}","templated":true}]}}