{"id":53412,"date":"2025-03-17T11:52:44","date_gmt":"2025-03-17T10:52:44","guid":{"rendered":"https:\/\/product-guide.org\/produkt\/contigo-ashland-wasserflasche-720ml-scuba-nuk\/"},"modified":"2025-03-17T11:52:44","modified_gmt":"2025-03-17T10:52:44","slug":"contigo-ashland-wasserflasche-720ml-scuba-nuk","status":"publish","type":"product","link":"https:\/\/product-guide.org\/en\/produkt\/contigo-ashland-wasserflasche-720ml-scuba-nuk\/","title":{"rendered":"Contigo Ashland Wasserflasche 720ml Scuba | NUK"},"content":{"rendered":"<p>Die Reduzierung von Plastikm\u00fcll war schon immer Teil der DNA von Contigo. Deshalb sind wir stolz darauf, dass unsere neue Ashland-Trinkflasche einen zertifizierten Recyclinganteil von durchschnittlich 50 % im Flaschenk\u00f6rper enth\u00e4lt, was im Durchschnitt dem Gewicht von 4 Einwegflaschen entspricht. Die Ashland-Trinkhalmflasche ist der perfekte Partner f\u00fcr mehr Fl\u00fcssigkeitszufuhr und profitiert von der einzigartigen AUTOSPOUT Technologie von Contigo, die f\u00fcr 100%ige Auslaufsicherheit im geschlossenen Zustand sorgt. Das intuitive Design und die Einhandbedienung sorgen daf\u00fcr, dass du dich voll und ganz auf deine Aktivit\u00e4ten konzentrieren kannst, egal, ob es sich um einen intensiven Spinning-Kurs oder eine Runde auf dem Laufband handelt. Zus\u00e4tzlich sichert die praktische Tastensperre den Ausguss, um ein Auslaufen w\u00e4hrend des Transports zu verhindern. Der Strohhalm selbst ist pr\u00e4zise abgewinkelt, damit du m\u00fchelos jeden Schluck genie\u00dfen kannst, und l\u00e4sst sich zur gr\u00fcndlichen Reinigung einfach zerlegen. Schutzabdeckung h\u00e4lt Schmutz fern, w\u00e4hrend der praktische Karabinerhaken sich direkt am Rucksack befestigen l\u00e4sst. Nach einer anstrengenden Aktivit\u00e4t oder einem m\u00fchsamen Arbeitsweg kannst du den Flaschenk\u00f6rper und den Deckel einfach in der Sp\u00fclmaschine reinigen, damit sie am n\u00e4chsten Tag wieder einsatzbereit sind. Die Contigo Ashland-Trinkflasche aus dem langlebigen und bruchsicheren TRITAN Renew Kunststoff von Eastman ist BPA-frei, EA-frei, lebensmittelecht und f\u00fcr den zuverl\u00e4ssigen t\u00e4glichen Gebrauch geruchs-, geschmacks- und schmutzabweisend. Umdenken, wiederverwenden, recyceln und selbstbewusst trinken!<\/p>\n","protected":false},"excerpt":{"rendered":"<p>Die Reduzierung von Plastikm\u00fcll war schon immer Teil der DNA von Contigo. Deshalb sind wir stolz darauf, dass unsere neue Ashland-Trinkflasche einen zertifizierten Recyclinganteil von durchschnittlich 50 % im Flaschenk\u00f6rper enth\u00e4lt, was im Durchschnitt dem Gewicht von 4 Einwegflaschen entspricht. Die Ashland-Trinkhalmflasche ist der perfekte Partner f\u00fcr mehr Fl\u00fcssigkeitszufuhr und profitiert von der einzigartigen AUTOSPOUT [&hellip;]<\/p>\n","protected":false},"featured_media":53411,"template":"","meta":{"_gspb_post_css":""},"store":[],"product_brand":[1408],"product_cat":[1290],"product_tag":[],"class_list":{"0":"post-53412","1":"product","2":"type-product","3":"status-publish","4":"has-post-thumbnail","6":"product_brand-nuk-de","7":"product_cat-uncategorized","9":"first","10":"instock","11":"shipping-taxable","12":"purchasable","13":"product-type-simple"},"yoast_head":"<!-- This site is optimized with the Yoast SEO plugin v24.6 - https:\/\/yoast.com\/wordpress\/plugins\/seo\/ -->\n<title>Contigo Ashland Wasserflasche 720ml Scuba | NUK | Product-Guide.org<\/title>\n<meta name=\"description\" content=\"Contigo Ashland Wasserflasche 720ml Scuba | NUK gefunden von Product-Guide.org\" \/>\n<meta name=\"robots\" content=\"index, follow, max-snippet:-1, max-image-preview:large, max-video-preview:-1\" \/>\n<link rel=\"canonical\" href=\"https:\/\/product-guide.org\/en\/produkt\/contigo-ashland-wasserflasche-720ml-scuba-nuk\/\" \/>\n<meta property=\"og:locale\" content=\"en_GB\" \/>\n<meta property=\"og:type\" content=\"article\" \/>\n<meta property=\"og:title\" content=\"Contigo Ashland Wasserflasche 720ml Scuba | NUK | Product-Guide.org\" \/>\n<meta property=\"og:description\" content=\"Contigo Ashland Wasserflasche 720ml Scuba | NUK gefunden von Product-Guide.org\" \/>\n<meta property=\"og:url\" content=\"https:\/\/product-guide.org\/en\/produkt\/contigo-ashland-wasserflasche-720ml-scuba-nuk\/\" \/>\n<meta property=\"og:site_name\" content=\"Product-Guide.org\" \/>\n<meta name=\"twitter:card\" content=\"summary_large_image\" \/>\n<script type=\"application\/ld+json\" class=\"yoast-schema-graph\">{\"@context\":\"https:\/\/schema.org\",\"@graph\":[{\"@type\":\"WebPage\",\"@id\":\"https:\/\/product-guide.org\/produkt\/contigo-ashland-wasserflasche-720ml-scuba-nuk\/\",\"url\":\"https:\/\/product-guide.org\/produkt\/contigo-ashland-wasserflasche-720ml-scuba-nuk\/\",\"name\":\"Contigo Ashland Wasserflasche 720ml Scuba | NUK | Product-Guide.org\",\"isPartOf\":{\"@id\":\"https:\/\/product-guide.org\/#website\"},\"primaryImageOfPage\":{\"@id\":\"https:\/\/product-guide.org\/produkt\/contigo-ashland-wasserflasche-720ml-scuba-nuk\/#primaryimage\"},\"image\":{\"@id\":\"https:\/\/product-guide.org\/produkt\/contigo-ashland-wasserflasche-720ml-scuba-nuk\/#primaryimage\"},\"thumbnailUrl\":\"https:\/\/product-guide.org\/wp-content\/uploads\/2025\/03\/2191381_ashland_tren_24oz_scuba_front.jpg\",\"datePublished\":\"2025-03-17T10:52:44+00:00\",\"description\":\"Contigo Ashland Wasserflasche 720ml Scuba | NUK gefunden von Product-Guide.org\",\"breadcrumb\":{\"@id\":\"https:\/\/product-guide.org\/produkt\/contigo-ashland-wasserflasche-720ml-scuba-nuk\/#breadcrumb\"},\"inLanguage\":\"en-GB\",\"potentialAction\":[{\"@type\":\"ReadAction\",\"target\":[\"https:\/\/product-guide.org\/produkt\/contigo-ashland-wasserflasche-720ml-scuba-nuk\/\"]}]},{\"@type\":\"ImageObject\",\"inLanguage\":\"en-GB\",\"@id\":\"https:\/\/product-guide.org\/produkt\/contigo-ashland-wasserflasche-720ml-scuba-nuk\/#primaryimage\",\"url\":\"https:\/\/product-guide.org\/wp-content\/uploads\/2025\/03\/2191381_ashland_tren_24oz_scuba_front.jpg\",\"contentUrl\":\"https:\/\/product-guide.org\/wp-content\/uploads\/2025\/03\/2191381_ashland_tren_24oz_scuba_front.jpg\",\"width\":400,\"height\":480},{\"@type\":\"BreadcrumbList\",\"@id\":\"https:\/\/product-guide.org\/produkt\/contigo-ashland-wasserflasche-720ml-scuba-nuk\/#breadcrumb\",\"itemListElement\":[{\"@type\":\"ListItem\",\"position\":1,\"name\":\"Home\",\"item\":\"https:\/\/product-guide.org\/\"},{\"@type\":\"ListItem\",\"position\":2,\"name\":\"Ergebnisse\",\"item\":\"https:\/\/product-guide.org\/de\/ergebnisse\/\"},{\"@type\":\"ListItem\",\"position\":3,\"name\":\"Contigo Ashland Wasserflasche 720ml Scuba | NUK\"}]},{\"@type\":\"WebSite\",\"@id\":\"https:\/\/product-guide.org\/#website\",\"url\":\"https:\/\/product-guide.org\/\",\"name\":\"Product-Guide.org\",\"description\":\"What Product are you looking for?\",\"publisher\":{\"@id\":\"https:\/\/product-guide.org\/#organization\"},\"potentialAction\":[{\"@type\":\"SearchAction\",\"target\":{\"@type\":\"EntryPoint\",\"urlTemplate\":\"https:\/\/product-guide.org\/?s={search_term_string}\"},\"query-input\":{\"@type\":\"PropertyValueSpecification\",\"valueRequired\":true,\"valueName\":\"search_term_string\"}}],\"inLanguage\":\"en-GB\"},{\"@type\":\"Organization\",\"@id\":\"https:\/\/product-guide.org\/#organization\",\"name\":\"Product-Guide.org\",\"url\":\"https:\/\/product-guide.org\/\",\"logo\":{\"@type\":\"ImageObject\",\"inLanguage\":\"en-GB\",\"@id\":\"https:\/\/product-guide.org\/#\/schema\/logo\/image\/\",\"url\":\"https:\/\/product-guide.org\/wp-content\/uploads\/2022\/07\/logo_transparent_background.png\",\"contentUrl\":\"https:\/\/product-guide.org\/wp-content\/uploads\/2022\/07\/logo_transparent_background.png\",\"width\":3400,\"height\":1132,\"caption\":\"Product-Guide.org\"},\"image\":{\"@id\":\"https:\/\/product-guide.org\/#\/schema\/logo\/image\/\"}}]}<\/script>\n<!-- \/ Yoast SEO plugin. -->","yoast_head_json":{"title":"Contigo Ashland Wasserflasche 720ml Scuba | NUK | Product-Guide.org","description":"Contigo Ashland Wasserflasche 720ml Scuba | NUK gefunden von Product-Guide.org","robots":{"index":"index","follow":"follow","max-snippet":"max-snippet:-1","max-image-preview":"max-image-preview:large","max-video-preview":"max-video-preview:-1"},"canonical":"https:\/\/product-guide.org\/en\/produkt\/contigo-ashland-wasserflasche-720ml-scuba-nuk\/","og_locale":"en_GB","og_type":"article","og_title":"Contigo Ashland Wasserflasche 720ml Scuba | NUK | Product-Guide.org","og_description":"Contigo Ashland Wasserflasche 720ml Scuba | NUK gefunden von Product-Guide.org","og_url":"https:\/\/product-guide.org\/en\/produkt\/contigo-ashland-wasserflasche-720ml-scuba-nuk\/","og_site_name":"Product-Guide.org","twitter_card":"summary_large_image","schema":{"@context":"https:\/\/schema.org","@graph":[{"@type":"WebPage","@id":"https:\/\/product-guide.org\/produkt\/contigo-ashland-wasserflasche-720ml-scuba-nuk\/","url":"https:\/\/product-guide.org\/produkt\/contigo-ashland-wasserflasche-720ml-scuba-nuk\/","name":"Contigo Ashland Wasserflasche 720ml Scuba | NUK | Product-Guide.org","isPartOf":{"@id":"https:\/\/product-guide.org\/#website"},"primaryImageOfPage":{"@id":"https:\/\/product-guide.org\/produkt\/contigo-ashland-wasserflasche-720ml-scuba-nuk\/#primaryimage"},"image":{"@id":"https:\/\/product-guide.org\/produkt\/contigo-ashland-wasserflasche-720ml-scuba-nuk\/#primaryimage"},"thumbnailUrl":"https:\/\/product-guide.org\/wp-content\/uploads\/2025\/03\/2191381_ashland_tren_24oz_scuba_front.jpg","datePublished":"2025-03-17T10:52:44+00:00","description":"Contigo Ashland Wasserflasche 720ml Scuba | NUK gefunden von Product-Guide.org","breadcrumb":{"@id":"https:\/\/product-guide.org\/produkt\/contigo-ashland-wasserflasche-720ml-scuba-nuk\/#breadcrumb"},"inLanguage":"en-GB","potentialAction":[{"@type":"ReadAction","target":["https:\/\/product-guide.org\/produkt\/contigo-ashland-wasserflasche-720ml-scuba-nuk\/"]}]},{"@type":"ImageObject","inLanguage":"en-GB","@id":"https:\/\/product-guide.org\/produkt\/contigo-ashland-wasserflasche-720ml-scuba-nuk\/#primaryimage","url":"https:\/\/product-guide.org\/wp-content\/uploads\/2025\/03\/2191381_ashland_tren_24oz_scuba_front.jpg","contentUrl":"https:\/\/product-guide.org\/wp-content\/uploads\/2025\/03\/2191381_ashland_tren_24oz_scuba_front.jpg","width":400,"height":480},{"@type":"BreadcrumbList","@id":"https:\/\/product-guide.org\/produkt\/contigo-ashland-wasserflasche-720ml-scuba-nuk\/#breadcrumb","itemListElement":[{"@type":"ListItem","position":1,"name":"Home","item":"https:\/\/product-guide.org\/"},{"@type":"ListItem","position":2,"name":"Ergebnisse","item":"https:\/\/product-guide.org\/de\/ergebnisse\/"},{"@type":"ListItem","position":3,"name":"Contigo Ashland Wasserflasche 720ml Scuba | NUK"}]},{"@type":"WebSite","@id":"https:\/\/product-guide.org\/#website","url":"https:\/\/product-guide.org\/","name":"Product-Guide.org","description":"What Product are you looking for?","publisher":{"@id":"https:\/\/product-guide.org\/#organization"},"potentialAction":[{"@type":"SearchAction","target":{"@type":"EntryPoint","urlTemplate":"https:\/\/product-guide.org\/?s={search_term_string}"},"query-input":{"@type":"PropertyValueSpecification","valueRequired":true,"valueName":"search_term_string"}}],"inLanguage":"en-GB"},{"@type":"Organization","@id":"https:\/\/product-guide.org\/#organization","name":"Product-Guide.org","url":"https:\/\/product-guide.org\/","logo":{"@type":"ImageObject","inLanguage":"en-GB","@id":"https:\/\/product-guide.org\/#\/schema\/logo\/image\/","url":"https:\/\/product-guide.org\/wp-content\/uploads\/2022\/07\/logo_transparent_background.png","contentUrl":"https:\/\/product-guide.org\/wp-content\/uploads\/2022\/07\/logo_transparent_background.png","width":3400,"height":1132,"caption":"Product-Guide.org"},"image":{"@id":"https:\/\/product-guide.org\/#\/schema\/logo\/image\/"}}]}},"_links":{"self":[{"href":"https:\/\/product-guide.org\/en\/wp-json\/wp\/v2\/product\/53412","targetHints":{"allow":["GET"]}}],"collection":[{"href":"https:\/\/product-guide.org\/en\/wp-json\/wp\/v2\/product"}],"about":[{"href":"https:\/\/product-guide.org\/en\/wp-json\/wp\/v2\/types\/product"}],"wp:featuredmedia":[{"embeddable":true,"href":"https:\/\/product-guide.org\/en\/wp-json\/wp\/v2\/media\/53411"}],"wp:attachment":[{"href":"https:\/\/product-guide.org\/en\/wp-json\/wp\/v2\/media?parent=53412"}],"wp:term":[{"taxonomy":"store","embeddable":true,"href":"https:\/\/product-guide.org\/en\/wp-json\/wp\/v2\/store?post=53412"},{"taxonomy":"product_brand","embeddable":true,"href":"https:\/\/product-guide.org\/en\/wp-json\/wp\/v2\/product_brand?post=53412"},{"taxonomy":"product_cat","embeddable":true,"href":"https:\/\/product-guide.org\/en\/wp-json\/wp\/v2\/product_cat?post=53412"},{"taxonomy":"product_tag","embeddable":true,"href":"https:\/\/product-guide.org\/en\/wp-json\/wp\/v2\/product_tag?post=53412"}],"curies":[{"name":"wp","href":"https:\/\/api.w.org\/{rel}","templated":true}]}}