{"id":53420,"date":"2025-03-17T11:52:49","date_gmt":"2025-03-17T10:52:49","guid":{"rendered":"https:\/\/product-guide.org\/produkt\/contigo-jackson-chill-wasserflasche-edelstahl-590ml-blue-corn-nuk\/"},"modified":"2025-03-17T11:52:49","modified_gmt":"2025-03-17T10:52:49","slug":"contigo-jackson-chill-wasserflasche-edelstahl-590ml-blue-corn-nuk","status":"publish","type":"product","link":"https:\/\/product-guide.org\/en\/produkt\/contigo-jackson-chill-wasserflasche-edelstahl-590ml-blue-corn-nuk\/","title":{"rendered":"Contigo Jackson Chill Wasserflasche Edelstahl 590ml Blue Corn | NUK"},"content":{"rendered":"<p>Mit einer Hand \u00f6ffnen, trinken und in einem Klick auslaufsicher schlie\u00dfen \u2013 mit der Contigo AUTOPOP Chill Wasserflasche in Edelstahl ist das ganz einfach! Per Knopfdruck \u00f6ffnet sich die weite Trink\u00f6ffnung und erm\u00f6glicht das bequeme Trinken unterwegs. Der breite Auslauf mit schnellem Durchfluss ist ideal f\u00fcr schnelles Trinken beim Sport, egal ob Du einen Spinning-Kurs besuchst, auf dem Trail unterwegs bist oder es einfach nur eilig hast. Wenn Du mit dem Trinken fertig bist, klicke den Deckel einfach wieder ein, um ihn vollst\u00e4ndig zu verschlie\u00dfen und gegen Auslaufen, Schmutz und Dreck zu sch\u00fctzen. Ob Du nun beim Training ins Schwitzen kommst oder am Schreibtisch arbeitest, du brauchst eine Wasserflasche, die Getr\u00e4nke auf jeden Fall k\u00fchl h\u00e4lt. Die doppelwandige Vakuumisolierung h\u00e4lt Getr\u00e4nke bis zu 24 Stunden lang kalt. Die Contigo AUTOPOP Chill Wasserflasche ist auslaufsicher und hat einen Druckknopfverschluss, der ein versehentliches Versch\u00fctten verhindert. Diese zu 100 % BPA-freie Wasserflasche hat au\u00dferdem einen praktischen Tragegriff f\u00fcr den einfachen Transport. Erh\u00e4ltlich mit 590 ml Fassungsverm\u00f6gen.<\/p>\n","protected":false},"excerpt":{"rendered":"<p>Mit einer Hand \u00f6ffnen, trinken und in einem Klick auslaufsicher schlie\u00dfen \u2013 mit der Contigo AUTOPOP Chill Wasserflasche in Edelstahl ist das ganz einfach! Per Knopfdruck \u00f6ffnet sich die weite Trink\u00f6ffnung und erm\u00f6glicht das bequeme Trinken unterwegs. Der breite Auslauf mit schnellem Durchfluss ist ideal f\u00fcr schnelles Trinken beim Sport, egal ob Du einen Spinning-Kurs [&hellip;]<\/p>\n","protected":false},"featured_media":53419,"template":"","meta":{"_gspb_post_css":""},"store":[],"product_brand":[1408],"product_cat":[1290],"product_tag":[],"class_list":{"0":"post-53420","1":"product","2":"type-product","3":"status-publish","4":"has-post-thumbnail","6":"product_brand-nuk-de","7":"product_cat-uncategorized","9":"first","10":"instock","11":"shipping-taxable","12":"purchasable","13":"product-type-simple"},"yoast_head":"<!-- This site is optimized with the Yoast SEO plugin v24.6 - https:\/\/yoast.com\/wordpress\/plugins\/seo\/ -->\n<title>Contigo Jackson Chill Wasserflasche Edelstahl 590ml Blue Corn | NUK | Product-Guide.org<\/title>\n<meta name=\"description\" content=\"Contigo Jackson Chill Wasserflasche Edelstahl 590ml Blue Corn | NUK gefunden von Product-Guide.org\" \/>\n<meta name=\"robots\" content=\"index, follow, max-snippet:-1, max-image-preview:large, max-video-preview:-1\" \/>\n<link rel=\"canonical\" href=\"https:\/\/product-guide.org\/en\/produkt\/contigo-jackson-chill-wasserflasche-edelstahl-590ml-blue-corn-nuk\/\" \/>\n<meta property=\"og:locale\" content=\"en_GB\" \/>\n<meta property=\"og:type\" content=\"article\" \/>\n<meta property=\"og:title\" content=\"Contigo Jackson Chill Wasserflasche Edelstahl 590ml Blue Corn | NUK | Product-Guide.org\" \/>\n<meta property=\"og:description\" content=\"Contigo Jackson Chill Wasserflasche Edelstahl 590ml Blue Corn | NUK gefunden von Product-Guide.org\" \/>\n<meta property=\"og:url\" content=\"https:\/\/product-guide.org\/en\/produkt\/contigo-jackson-chill-wasserflasche-edelstahl-590ml-blue-corn-nuk\/\" \/>\n<meta property=\"og:site_name\" content=\"Product-Guide.org\" \/>\n<meta name=\"twitter:card\" content=\"summary_large_image\" \/>\n<script type=\"application\/ld+json\" class=\"yoast-schema-graph\">{\"@context\":\"https:\/\/schema.org\",\"@graph\":[{\"@type\":\"WebPage\",\"@id\":\"https:\/\/product-guide.org\/produkt\/contigo-jackson-chill-wasserflasche-edelstahl-590ml-blue-corn-nuk\/\",\"url\":\"https:\/\/product-guide.org\/produkt\/contigo-jackson-chill-wasserflasche-edelstahl-590ml-blue-corn-nuk\/\",\"name\":\"Contigo Jackson Chill Wasserflasche Edelstahl 590ml Blue Corn | NUK | Product-Guide.org\",\"isPartOf\":{\"@id\":\"https:\/\/product-guide.org\/#website\"},\"primaryImageOfPage\":{\"@id\":\"https:\/\/product-guide.org\/produkt\/contigo-jackson-chill-wasserflasche-edelstahl-590ml-blue-corn-nuk\/#primaryimage\"},\"image\":{\"@id\":\"https:\/\/product-guide.org\/produkt\/contigo-jackson-chill-wasserflasche-edelstahl-590ml-blue-corn-nuk\/#primaryimage\"},\"thumbnailUrl\":\"https:\/\/product-guide.org\/wp-content\/uploads\/2025\/03\/2156440_jackson_chill2.0_blue_corn_front.jpg\",\"datePublished\":\"2025-03-17T10:52:49+00:00\",\"description\":\"Contigo Jackson Chill Wasserflasche Edelstahl 590ml Blue Corn | NUK gefunden von Product-Guide.org\",\"breadcrumb\":{\"@id\":\"https:\/\/product-guide.org\/produkt\/contigo-jackson-chill-wasserflasche-edelstahl-590ml-blue-corn-nuk\/#breadcrumb\"},\"inLanguage\":\"en-GB\",\"potentialAction\":[{\"@type\":\"ReadAction\",\"target\":[\"https:\/\/product-guide.org\/produkt\/contigo-jackson-chill-wasserflasche-edelstahl-590ml-blue-corn-nuk\/\"]}]},{\"@type\":\"ImageObject\",\"inLanguage\":\"en-GB\",\"@id\":\"https:\/\/product-guide.org\/produkt\/contigo-jackson-chill-wasserflasche-edelstahl-590ml-blue-corn-nuk\/#primaryimage\",\"url\":\"https:\/\/product-guide.org\/wp-content\/uploads\/2025\/03\/2156440_jackson_chill2.0_blue_corn_front.jpg\",\"contentUrl\":\"https:\/\/product-guide.org\/wp-content\/uploads\/2025\/03\/2156440_jackson_chill2.0_blue_corn_front.jpg\",\"width\":400,\"height\":480},{\"@type\":\"BreadcrumbList\",\"@id\":\"https:\/\/product-guide.org\/produkt\/contigo-jackson-chill-wasserflasche-edelstahl-590ml-blue-corn-nuk\/#breadcrumb\",\"itemListElement\":[{\"@type\":\"ListItem\",\"position\":1,\"name\":\"Home\",\"item\":\"https:\/\/product-guide.org\/\"},{\"@type\":\"ListItem\",\"position\":2,\"name\":\"Ergebnisse\",\"item\":\"https:\/\/product-guide.org\/de\/ergebnisse\/\"},{\"@type\":\"ListItem\",\"position\":3,\"name\":\"Contigo Jackson Chill Wasserflasche Edelstahl 590ml Blue Corn | NUK\"}]},{\"@type\":\"WebSite\",\"@id\":\"https:\/\/product-guide.org\/#website\",\"url\":\"https:\/\/product-guide.org\/\",\"name\":\"Product-Guide.org\",\"description\":\"What Product are you looking for?\",\"publisher\":{\"@id\":\"https:\/\/product-guide.org\/#organization\"},\"potentialAction\":[{\"@type\":\"SearchAction\",\"target\":{\"@type\":\"EntryPoint\",\"urlTemplate\":\"https:\/\/product-guide.org\/?s={search_term_string}\"},\"query-input\":{\"@type\":\"PropertyValueSpecification\",\"valueRequired\":true,\"valueName\":\"search_term_string\"}}],\"inLanguage\":\"en-GB\"},{\"@type\":\"Organization\",\"@id\":\"https:\/\/product-guide.org\/#organization\",\"name\":\"Product-Guide.org\",\"url\":\"https:\/\/product-guide.org\/\",\"logo\":{\"@type\":\"ImageObject\",\"inLanguage\":\"en-GB\",\"@id\":\"https:\/\/product-guide.org\/#\/schema\/logo\/image\/\",\"url\":\"https:\/\/product-guide.org\/wp-content\/uploads\/2022\/07\/logo_transparent_background.png\",\"contentUrl\":\"https:\/\/product-guide.org\/wp-content\/uploads\/2022\/07\/logo_transparent_background.png\",\"width\":3400,\"height\":1132,\"caption\":\"Product-Guide.org\"},\"image\":{\"@id\":\"https:\/\/product-guide.org\/#\/schema\/logo\/image\/\"}}]}<\/script>\n<!-- \/ Yoast SEO plugin. -->","yoast_head_json":{"title":"Contigo Jackson Chill Wasserflasche Edelstahl 590ml Blue Corn | NUK | Product-Guide.org","description":"Contigo Jackson Chill Wasserflasche Edelstahl 590ml Blue Corn | NUK gefunden von Product-Guide.org","robots":{"index":"index","follow":"follow","max-snippet":"max-snippet:-1","max-image-preview":"max-image-preview:large","max-video-preview":"max-video-preview:-1"},"canonical":"https:\/\/product-guide.org\/en\/produkt\/contigo-jackson-chill-wasserflasche-edelstahl-590ml-blue-corn-nuk\/","og_locale":"en_GB","og_type":"article","og_title":"Contigo Jackson Chill Wasserflasche Edelstahl 590ml Blue Corn | NUK | Product-Guide.org","og_description":"Contigo Jackson Chill Wasserflasche Edelstahl 590ml Blue Corn | NUK gefunden von Product-Guide.org","og_url":"https:\/\/product-guide.org\/en\/produkt\/contigo-jackson-chill-wasserflasche-edelstahl-590ml-blue-corn-nuk\/","og_site_name":"Product-Guide.org","twitter_card":"summary_large_image","schema":{"@context":"https:\/\/schema.org","@graph":[{"@type":"WebPage","@id":"https:\/\/product-guide.org\/produkt\/contigo-jackson-chill-wasserflasche-edelstahl-590ml-blue-corn-nuk\/","url":"https:\/\/product-guide.org\/produkt\/contigo-jackson-chill-wasserflasche-edelstahl-590ml-blue-corn-nuk\/","name":"Contigo Jackson Chill Wasserflasche Edelstahl 590ml Blue Corn | NUK | Product-Guide.org","isPartOf":{"@id":"https:\/\/product-guide.org\/#website"},"primaryImageOfPage":{"@id":"https:\/\/product-guide.org\/produkt\/contigo-jackson-chill-wasserflasche-edelstahl-590ml-blue-corn-nuk\/#primaryimage"},"image":{"@id":"https:\/\/product-guide.org\/produkt\/contigo-jackson-chill-wasserflasche-edelstahl-590ml-blue-corn-nuk\/#primaryimage"},"thumbnailUrl":"https:\/\/product-guide.org\/wp-content\/uploads\/2025\/03\/2156440_jackson_chill2.0_blue_corn_front.jpg","datePublished":"2025-03-17T10:52:49+00:00","description":"Contigo Jackson Chill Wasserflasche Edelstahl 590ml Blue Corn | NUK gefunden von Product-Guide.org","breadcrumb":{"@id":"https:\/\/product-guide.org\/produkt\/contigo-jackson-chill-wasserflasche-edelstahl-590ml-blue-corn-nuk\/#breadcrumb"},"inLanguage":"en-GB","potentialAction":[{"@type":"ReadAction","target":["https:\/\/product-guide.org\/produkt\/contigo-jackson-chill-wasserflasche-edelstahl-590ml-blue-corn-nuk\/"]}]},{"@type":"ImageObject","inLanguage":"en-GB","@id":"https:\/\/product-guide.org\/produkt\/contigo-jackson-chill-wasserflasche-edelstahl-590ml-blue-corn-nuk\/#primaryimage","url":"https:\/\/product-guide.org\/wp-content\/uploads\/2025\/03\/2156440_jackson_chill2.0_blue_corn_front.jpg","contentUrl":"https:\/\/product-guide.org\/wp-content\/uploads\/2025\/03\/2156440_jackson_chill2.0_blue_corn_front.jpg","width":400,"height":480},{"@type":"BreadcrumbList","@id":"https:\/\/product-guide.org\/produkt\/contigo-jackson-chill-wasserflasche-edelstahl-590ml-blue-corn-nuk\/#breadcrumb","itemListElement":[{"@type":"ListItem","position":1,"name":"Home","item":"https:\/\/product-guide.org\/"},{"@type":"ListItem","position":2,"name":"Ergebnisse","item":"https:\/\/product-guide.org\/de\/ergebnisse\/"},{"@type":"ListItem","position":3,"name":"Contigo Jackson Chill Wasserflasche Edelstahl 590ml Blue Corn | NUK"}]},{"@type":"WebSite","@id":"https:\/\/product-guide.org\/#website","url":"https:\/\/product-guide.org\/","name":"Product-Guide.org","description":"What Product are you looking for?","publisher":{"@id":"https:\/\/product-guide.org\/#organization"},"potentialAction":[{"@type":"SearchAction","target":{"@type":"EntryPoint","urlTemplate":"https:\/\/product-guide.org\/?s={search_term_string}"},"query-input":{"@type":"PropertyValueSpecification","valueRequired":true,"valueName":"search_term_string"}}],"inLanguage":"en-GB"},{"@type":"Organization","@id":"https:\/\/product-guide.org\/#organization","name":"Product-Guide.org","url":"https:\/\/product-guide.org\/","logo":{"@type":"ImageObject","inLanguage":"en-GB","@id":"https:\/\/product-guide.org\/#\/schema\/logo\/image\/","url":"https:\/\/product-guide.org\/wp-content\/uploads\/2022\/07\/logo_transparent_background.png","contentUrl":"https:\/\/product-guide.org\/wp-content\/uploads\/2022\/07\/logo_transparent_background.png","width":3400,"height":1132,"caption":"Product-Guide.org"},"image":{"@id":"https:\/\/product-guide.org\/#\/schema\/logo\/image\/"}}]}},"_links":{"self":[{"href":"https:\/\/product-guide.org\/en\/wp-json\/wp\/v2\/product\/53420","targetHints":{"allow":["GET"]}}],"collection":[{"href":"https:\/\/product-guide.org\/en\/wp-json\/wp\/v2\/product"}],"about":[{"href":"https:\/\/product-guide.org\/en\/wp-json\/wp\/v2\/types\/product"}],"wp:featuredmedia":[{"embeddable":true,"href":"https:\/\/product-guide.org\/en\/wp-json\/wp\/v2\/media\/53419"}],"wp:attachment":[{"href":"https:\/\/product-guide.org\/en\/wp-json\/wp\/v2\/media?parent=53420"}],"wp:term":[{"taxonomy":"store","embeddable":true,"href":"https:\/\/product-guide.org\/en\/wp-json\/wp\/v2\/store?post=53420"},{"taxonomy":"product_brand","embeddable":true,"href":"https:\/\/product-guide.org\/en\/wp-json\/wp\/v2\/product_brand?post=53420"},{"taxonomy":"product_cat","embeddable":true,"href":"https:\/\/product-guide.org\/en\/wp-json\/wp\/v2\/product_cat?post=53420"},{"taxonomy":"product_tag","embeddable":true,"href":"https:\/\/product-guide.org\/en\/wp-json\/wp\/v2\/product_tag?post=53420"}],"curies":[{"name":"wp","href":"https:\/\/api.w.org\/{rel}","templated":true}]}}