{"id":53430,"date":"2025-03-17T11:52:55","date_gmt":"2025-03-17T10:52:55","guid":{"rendered":"https:\/\/product-guide.org\/produkt\/contigo-thermalock-tumbler-1200ml-coral-nuk\/"},"modified":"2025-03-17T11:52:56","modified_gmt":"2025-03-17T10:52:56","slug":"contigo-thermalock-tumbler-1200ml-coral-nuk","status":"publish","type":"product","link":"https:\/\/product-guide.org\/en\/produkt\/contigo-thermalock-tumbler-1200ml-coral-nuk\/","title":{"rendered":"Contigo THERMALOCK Tumbler 1200ml Coral | NUK"},"content":{"rendered":"<p>Contigo THERMALOCK Tumbler 1200ml Coral Mit dem Contigo THERMALOCK Tumbler bleibst du erfrischt und mit Fl\u00fcssigkeit versorgt, wo immer der Tag dich hinf\u00fchrt. Er kombiniert innovative Funktionen mit stilvollem Design und ist damit die perfekte Wahl f\u00fcr anstrengende Tage unterwegs oder gem\u00fctliche Momente in der hei\u00dfen Sonne. Dieser schlanke, aber praktische Becher erh\u00e4lt ein neues, trendiges Design. Er verf\u00fcgt \u00fcber einen auslaufsicheren Deckel (in geschlossener Position) und eine Doppeltrinkfunktion \u2013 du kannst ihn mit einem Trinkhalm verwenden oder direkt daraus trinken. Au\u00dferdem bleiben deine Getr\u00e4nke dank des THERMALOCK vakuumisolierten Edelstahlgeh\u00e4uses bis zu 29 Stunden lang kalt. Das gro\u00dfe Fassungsverm\u00f6gen von 1200 ml hilft dir, dein t\u00e4gliches Wasserziel zu erreichen, ohne dir Gedanken \u00fcber das mehrfache Nachf\u00fcllen zu machen. Der Becher ist auch f\u00fcr deinen mobilen Lebensstil geeignet, denn er verf\u00fcgt \u00fcber einen praktischen Tragegriff und ist mit den meisten Getr\u00e4nkehaltern im Auto kompatibel, sodass du diesen Trinkheld \u00fcberallhin mitnehmen kannst. Dar\u00fcber hinaus sind alle Teile sp\u00fclmaschinenfest und lassen sich am Ende des Tages m\u00fchelos reinigen. *in \u00dcbereinstimmung mit geltendem Recht<\/p>\n","protected":false},"excerpt":{"rendered":"<p>Contigo THERMALOCK Tumbler 1200ml Coral Mit dem Contigo THERMALOCK Tumbler bleibst du erfrischt und mit Fl\u00fcssigkeit versorgt, wo immer der Tag dich hinf\u00fchrt. Er kombiniert innovative Funktionen mit stilvollem Design und ist damit die perfekte Wahl f\u00fcr anstrengende Tage unterwegs oder gem\u00fctliche Momente in der hei\u00dfen Sonne. Dieser schlanke, aber praktische Becher erh\u00e4lt ein neues, [&hellip;]<\/p>\n","protected":false},"featured_media":53429,"template":"","meta":{"_gspb_post_css":""},"store":[],"product_brand":[1408],"product_cat":[1290],"product_tag":[],"class_list":{"0":"post-53430","1":"product","2":"type-product","3":"status-publish","4":"has-post-thumbnail","6":"product_brand-nuk-de","7":"product_cat-uncategorized","9":"first","10":"instock","11":"shipping-taxable","12":"purchasable","13":"product-type-simple"},"yoast_head":"<!-- This site is optimized with the Yoast SEO plugin v24.6 - https:\/\/yoast.com\/wordpress\/plugins\/seo\/ -->\n<title>Contigo THERMALOCK Tumbler 1200ml Coral | NUK | Product-Guide.org<\/title>\n<meta name=\"description\" content=\"Contigo THERMALOCK Tumbler 1200ml Coral | NUK gefunden von Product-Guide.org\" \/>\n<meta name=\"robots\" content=\"index, follow, max-snippet:-1, max-image-preview:large, max-video-preview:-1\" \/>\n<link rel=\"canonical\" href=\"https:\/\/product-guide.org\/en\/produkt\/contigo-thermalock-tumbler-1200ml-coral-nuk\/\" \/>\n<meta property=\"og:locale\" content=\"en_GB\" \/>\n<meta property=\"og:type\" content=\"article\" \/>\n<meta property=\"og:title\" content=\"Contigo THERMALOCK Tumbler 1200ml Coral | NUK | Product-Guide.org\" \/>\n<meta property=\"og:description\" content=\"Contigo THERMALOCK Tumbler 1200ml Coral | NUK gefunden von Product-Guide.org\" \/>\n<meta property=\"og:url\" content=\"https:\/\/product-guide.org\/en\/produkt\/contigo-thermalock-tumbler-1200ml-coral-nuk\/\" \/>\n<meta property=\"og:site_name\" content=\"Product-Guide.org\" \/>\n<meta property=\"article:modified_time\" content=\"2025-03-17T10:52:56+00:00\" \/>\n<meta name=\"twitter:card\" content=\"summary_large_image\" \/>\n<script type=\"application\/ld+json\" class=\"yoast-schema-graph\">{\"@context\":\"https:\/\/schema.org\",\"@graph\":[{\"@type\":\"WebPage\",\"@id\":\"https:\/\/product-guide.org\/produkt\/contigo-thermalock-tumbler-1200ml-coral-nuk\/\",\"url\":\"https:\/\/product-guide.org\/produkt\/contigo-thermalock-tumbler-1200ml-coral-nuk\/\",\"name\":\"Contigo THERMALOCK Tumbler 1200ml Coral | NUK | Product-Guide.org\",\"isPartOf\":{\"@id\":\"https:\/\/product-guide.org\/#website\"},\"primaryImageOfPage\":{\"@id\":\"https:\/\/product-guide.org\/produkt\/contigo-thermalock-tumbler-1200ml-coral-nuk\/#primaryimage\"},\"image\":{\"@id\":\"https:\/\/product-guide.org\/produkt\/contigo-thermalock-tumbler-1200ml-coral-nuk\/#primaryimage\"},\"thumbnailUrl\":\"https:\/\/product-guide.org\/wp-content\/uploads\/2025\/03\/400x480_02217787_contigo_tumbler_front.jpg\",\"datePublished\":\"2025-03-17T10:52:55+00:00\",\"dateModified\":\"2025-03-17T10:52:56+00:00\",\"description\":\"Contigo THERMALOCK Tumbler 1200ml Coral | NUK gefunden von Product-Guide.org\",\"breadcrumb\":{\"@id\":\"https:\/\/product-guide.org\/produkt\/contigo-thermalock-tumbler-1200ml-coral-nuk\/#breadcrumb\"},\"inLanguage\":\"en-GB\",\"potentialAction\":[{\"@type\":\"ReadAction\",\"target\":[\"https:\/\/product-guide.org\/produkt\/contigo-thermalock-tumbler-1200ml-coral-nuk\/\"]}]},{\"@type\":\"ImageObject\",\"inLanguage\":\"en-GB\",\"@id\":\"https:\/\/product-guide.org\/produkt\/contigo-thermalock-tumbler-1200ml-coral-nuk\/#primaryimage\",\"url\":\"https:\/\/product-guide.org\/wp-content\/uploads\/2025\/03\/400x480_02217787_contigo_tumbler_front.jpg\",\"contentUrl\":\"https:\/\/product-guide.org\/wp-content\/uploads\/2025\/03\/400x480_02217787_contigo_tumbler_front.jpg\",\"width\":400,\"height\":480},{\"@type\":\"BreadcrumbList\",\"@id\":\"https:\/\/product-guide.org\/produkt\/contigo-thermalock-tumbler-1200ml-coral-nuk\/#breadcrumb\",\"itemListElement\":[{\"@type\":\"ListItem\",\"position\":1,\"name\":\"Home\",\"item\":\"https:\/\/product-guide.org\/\"},{\"@type\":\"ListItem\",\"position\":2,\"name\":\"Ergebnisse\",\"item\":\"https:\/\/product-guide.org\/de\/ergebnisse\/\"},{\"@type\":\"ListItem\",\"position\":3,\"name\":\"Contigo THERMALOCK Tumbler 1200ml Coral | NUK\"}]},{\"@type\":\"WebSite\",\"@id\":\"https:\/\/product-guide.org\/#website\",\"url\":\"https:\/\/product-guide.org\/\",\"name\":\"Product-Guide.org\",\"description\":\"What Product are you looking for?\",\"publisher\":{\"@id\":\"https:\/\/product-guide.org\/#organization\"},\"potentialAction\":[{\"@type\":\"SearchAction\",\"target\":{\"@type\":\"EntryPoint\",\"urlTemplate\":\"https:\/\/product-guide.org\/?s={search_term_string}\"},\"query-input\":{\"@type\":\"PropertyValueSpecification\",\"valueRequired\":true,\"valueName\":\"search_term_string\"}}],\"inLanguage\":\"en-GB\"},{\"@type\":\"Organization\",\"@id\":\"https:\/\/product-guide.org\/#organization\",\"name\":\"Product-Guide.org\",\"url\":\"https:\/\/product-guide.org\/\",\"logo\":{\"@type\":\"ImageObject\",\"inLanguage\":\"en-GB\",\"@id\":\"https:\/\/product-guide.org\/#\/schema\/logo\/image\/\",\"url\":\"https:\/\/product-guide.org\/wp-content\/uploads\/2022\/07\/logo_transparent_background.png\",\"contentUrl\":\"https:\/\/product-guide.org\/wp-content\/uploads\/2022\/07\/logo_transparent_background.png\",\"width\":3400,\"height\":1132,\"caption\":\"Product-Guide.org\"},\"image\":{\"@id\":\"https:\/\/product-guide.org\/#\/schema\/logo\/image\/\"}}]}<\/script>\n<!-- \/ Yoast SEO plugin. -->","yoast_head_json":{"title":"Contigo THERMALOCK Tumbler 1200ml Coral | NUK | Product-Guide.org","description":"Contigo THERMALOCK Tumbler 1200ml Coral | NUK gefunden von Product-Guide.org","robots":{"index":"index","follow":"follow","max-snippet":"max-snippet:-1","max-image-preview":"max-image-preview:large","max-video-preview":"max-video-preview:-1"},"canonical":"https:\/\/product-guide.org\/en\/produkt\/contigo-thermalock-tumbler-1200ml-coral-nuk\/","og_locale":"en_GB","og_type":"article","og_title":"Contigo THERMALOCK Tumbler 1200ml Coral | NUK | Product-Guide.org","og_description":"Contigo THERMALOCK Tumbler 1200ml Coral | NUK gefunden von Product-Guide.org","og_url":"https:\/\/product-guide.org\/en\/produkt\/contigo-thermalock-tumbler-1200ml-coral-nuk\/","og_site_name":"Product-Guide.org","article_modified_time":"2025-03-17T10:52:56+00:00","twitter_card":"summary_large_image","schema":{"@context":"https:\/\/schema.org","@graph":[{"@type":"WebPage","@id":"https:\/\/product-guide.org\/produkt\/contigo-thermalock-tumbler-1200ml-coral-nuk\/","url":"https:\/\/product-guide.org\/produkt\/contigo-thermalock-tumbler-1200ml-coral-nuk\/","name":"Contigo THERMALOCK Tumbler 1200ml Coral | NUK | Product-Guide.org","isPartOf":{"@id":"https:\/\/product-guide.org\/#website"},"primaryImageOfPage":{"@id":"https:\/\/product-guide.org\/produkt\/contigo-thermalock-tumbler-1200ml-coral-nuk\/#primaryimage"},"image":{"@id":"https:\/\/product-guide.org\/produkt\/contigo-thermalock-tumbler-1200ml-coral-nuk\/#primaryimage"},"thumbnailUrl":"https:\/\/product-guide.org\/wp-content\/uploads\/2025\/03\/400x480_02217787_contigo_tumbler_front.jpg","datePublished":"2025-03-17T10:52:55+00:00","dateModified":"2025-03-17T10:52:56+00:00","description":"Contigo THERMALOCK Tumbler 1200ml Coral | NUK gefunden von Product-Guide.org","breadcrumb":{"@id":"https:\/\/product-guide.org\/produkt\/contigo-thermalock-tumbler-1200ml-coral-nuk\/#breadcrumb"},"inLanguage":"en-GB","potentialAction":[{"@type":"ReadAction","target":["https:\/\/product-guide.org\/produkt\/contigo-thermalock-tumbler-1200ml-coral-nuk\/"]}]},{"@type":"ImageObject","inLanguage":"en-GB","@id":"https:\/\/product-guide.org\/produkt\/contigo-thermalock-tumbler-1200ml-coral-nuk\/#primaryimage","url":"https:\/\/product-guide.org\/wp-content\/uploads\/2025\/03\/400x480_02217787_contigo_tumbler_front.jpg","contentUrl":"https:\/\/product-guide.org\/wp-content\/uploads\/2025\/03\/400x480_02217787_contigo_tumbler_front.jpg","width":400,"height":480},{"@type":"BreadcrumbList","@id":"https:\/\/product-guide.org\/produkt\/contigo-thermalock-tumbler-1200ml-coral-nuk\/#breadcrumb","itemListElement":[{"@type":"ListItem","position":1,"name":"Home","item":"https:\/\/product-guide.org\/"},{"@type":"ListItem","position":2,"name":"Ergebnisse","item":"https:\/\/product-guide.org\/de\/ergebnisse\/"},{"@type":"ListItem","position":3,"name":"Contigo THERMALOCK Tumbler 1200ml Coral | NUK"}]},{"@type":"WebSite","@id":"https:\/\/product-guide.org\/#website","url":"https:\/\/product-guide.org\/","name":"Product-Guide.org","description":"What Product are you looking for?","publisher":{"@id":"https:\/\/product-guide.org\/#organization"},"potentialAction":[{"@type":"SearchAction","target":{"@type":"EntryPoint","urlTemplate":"https:\/\/product-guide.org\/?s={search_term_string}"},"query-input":{"@type":"PropertyValueSpecification","valueRequired":true,"valueName":"search_term_string"}}],"inLanguage":"en-GB"},{"@type":"Organization","@id":"https:\/\/product-guide.org\/#organization","name":"Product-Guide.org","url":"https:\/\/product-guide.org\/","logo":{"@type":"ImageObject","inLanguage":"en-GB","@id":"https:\/\/product-guide.org\/#\/schema\/logo\/image\/","url":"https:\/\/product-guide.org\/wp-content\/uploads\/2022\/07\/logo_transparent_background.png","contentUrl":"https:\/\/product-guide.org\/wp-content\/uploads\/2022\/07\/logo_transparent_background.png","width":3400,"height":1132,"caption":"Product-Guide.org"},"image":{"@id":"https:\/\/product-guide.org\/#\/schema\/logo\/image\/"}}]}},"_links":{"self":[{"href":"https:\/\/product-guide.org\/en\/wp-json\/wp\/v2\/product\/53430","targetHints":{"allow":["GET"]}}],"collection":[{"href":"https:\/\/product-guide.org\/en\/wp-json\/wp\/v2\/product"}],"about":[{"href":"https:\/\/product-guide.org\/en\/wp-json\/wp\/v2\/types\/product"}],"wp:featuredmedia":[{"embeddable":true,"href":"https:\/\/product-guide.org\/en\/wp-json\/wp\/v2\/media\/53429"}],"wp:attachment":[{"href":"https:\/\/product-guide.org\/en\/wp-json\/wp\/v2\/media?parent=53430"}],"wp:term":[{"taxonomy":"store","embeddable":true,"href":"https:\/\/product-guide.org\/en\/wp-json\/wp\/v2\/store?post=53430"},{"taxonomy":"product_brand","embeddable":true,"href":"https:\/\/product-guide.org\/en\/wp-json\/wp\/v2\/product_brand?post=53430"},{"taxonomy":"product_cat","embeddable":true,"href":"https:\/\/product-guide.org\/en\/wp-json\/wp\/v2\/product_cat?post=53430"},{"taxonomy":"product_tag","embeddable":true,"href":"https:\/\/product-guide.org\/en\/wp-json\/wp\/v2\/product_tag?post=53430"}],"curies":[{"name":"wp","href":"https:\/\/api.w.org\/{rel}","templated":true}]}}