{"id":53450,"date":"2025-03-17T11:53:09","date_gmt":"2025-03-17T10:53:09","guid":{"rendered":"https:\/\/product-guide.org\/produkt\/nuk-disney-frozen-magic-cup-mit-trinkrand-230ml-turkis-nuk\/"},"modified":"2025-03-17T11:53:10","modified_gmt":"2025-03-17T10:53:10","slug":"nuk-disney-frozen-magic-cup-mit-trinkrand-230ml-turkis-nuk","status":"publish","type":"product","link":"https:\/\/product-guide.org\/en\/produkt\/nuk-disney-frozen-magic-cup-mit-trinkrand-230ml-turkis-nuk\/","title":{"rendered":"NUK Disney Frozen Magic Cup mit Trinkrand 230ml t\u00fcrkis | NUK"},"content":{"rendered":"<p>NUK Disney Frozen Magic Cup, 230ml, 360\u00b0-Trinkrand, abdichtende Silikonscheibe, ab 8 Monaten, BPA frei, 1 St\u00fcck Einzigartige NUK Kollektion \u2013 Disney Frozen Edition Eisk\u00f6nigin Elsa und ihre Schwester Anna aus dem Disney Film \u201eDie Eisk\u00f6nigin\u201c verzieren die NUK Kollektion. Mit von der Partie ist auch Olaf der Schneemann. Die liebevollen Motive der limitierten Disney Frozen Edition verzaubern kleine und gro\u00dfe Fans und begleiten sie in ihrem aufregenden Alltag. Jetzt entdecken! NUK Magic Cup \u2013 Trinken lernen ist Magie Der NUK Magic Cup erm\u00f6glicht Kindern das Trinken wie die Gro\u00dfen. Denn der 360\u00b0-Trinkrand f\u00f6rdert und trainiert das Trinken von allen Seiten \u2013 ganz ohne Griffe und fast wie ein normaler Becher. Der einzige \u201emagische\u201c Unterschied: Der Becher kann nicht auslaufen. Eine Silikonscheibe dichtet den Aufsatz innen ab. Kinderleicht ist das Trinken trotzdem: Ihr Kind muss nur etwas am Becherrand saugen. Und damit der NUK Magic Cup auch unterwegs sauber und sicher bleibt ist, sch\u00fctzt ihn ein zus\u00e4tzlicher Deckel. NUK Magic Cup \u2013 Echter Becher f\u00fcr gro\u00dfe Kleine Der Cup ist aus einem hochwertigen und robusten Material hergestellt, 100% BPA frei und mit niedlichen Motiven bedruckt. Er besteht aus extra wenigen Einzelteilen, die sich im Handumdrehen auseinander- und wieder zusammenbauen lassen. Alle Teile sind leicht und effektiv zu reinigen. Vierf\u00e4ltige Auswahl \u2013 Trinken lernen, wie du magst Juhu \u2013 wir lernen Trinken! Selbstst\u00e4ndiges Trinken ist einer der wichtigsten Schritte in der Entwicklung von Babys \u2013 und ganz sch\u00f6n schwierig. Die Kleinen brauchen daf\u00fcr viel Geduld und Geschick. Wir m\u00f6chten sie beim Lernen unterst\u00fctzen und haben daf\u00fcr die NUK Evolution Cups entwickelt: Trinklernbecher, die mitwachsen, in zwei Gr\u00f6\u00dfen und mit unterschiedlichen Trinkaufs\u00e4tzen. NUK Cups entsprechen der Europ\u00e4ischen Sicherheitsnorm EN14350. Lesen Sie sorgf\u00e4ltig die Warn- und Gebrauchshinweise im Inneren. Bitte Produktinformation und Artikel-\/ LOT-Nr. zur sp\u00e4teren Verwendung aufheben. NUK Cups und Trinkaufs\u00e4tze sind nur mit der jeweiligen Produktreihe kombinierbar. MAPA GmbH | Industriestr. 21-25 | 27404 Zeven | Germany | www.nuk.com<\/p>\n","protected":false},"excerpt":{"rendered":"<p>NUK Disney Frozen Magic Cup, 230ml, 360\u00b0-Trinkrand, abdichtende Silikonscheibe, ab 8 Monaten, BPA frei, 1 St\u00fcck Einzigartige NUK Kollektion \u2013 Disney Frozen Edition Eisk\u00f6nigin Elsa und ihre Schwester Anna aus dem Disney Film \u201eDie Eisk\u00f6nigin\u201c verzieren die NUK Kollektion. Mit von der Partie ist auch Olaf der Schneemann. Die liebevollen Motive der limitierten Disney Frozen [&hellip;]<\/p>\n","protected":false},"featured_media":53449,"template":"","meta":{"_gspb_post_css":""},"store":[],"product_brand":[1408],"product_cat":[1290],"product_tag":[],"class_list":{"0":"post-53450","1":"product","2":"type-product","3":"status-publish","4":"has-post-thumbnail","6":"product_brand-nuk-de","7":"product_cat-uncategorized","9":"first","10":"instock","11":"shipping-taxable","12":"purchasable","13":"product-type-simple"},"yoast_head":"<!-- This site is optimized with the Yoast SEO plugin v24.6 - https:\/\/yoast.com\/wordpress\/plugins\/seo\/ -->\n<title>NUK Disney Frozen Magic Cup mit Trinkrand 230ml t\u00fcrkis | NUK | Product-Guide.org<\/title>\n<meta name=\"description\" content=\"NUK Disney Frozen Magic Cup mit Trinkrand 230ml t\u00fcrkis | NUK gefunden von Product-Guide.org\" \/>\n<meta name=\"robots\" content=\"index, follow, max-snippet:-1, max-image-preview:large, max-video-preview:-1\" \/>\n<link rel=\"canonical\" href=\"https:\/\/product-guide.org\/en\/produkt\/nuk-disney-frozen-magic-cup-mit-trinkrand-230ml-turkis-nuk\/\" \/>\n<meta property=\"og:locale\" content=\"en_GB\" \/>\n<meta property=\"og:type\" content=\"article\" \/>\n<meta property=\"og:title\" content=\"NUK Disney Frozen Magic Cup mit Trinkrand 230ml t\u00fcrkis | NUK | Product-Guide.org\" \/>\n<meta property=\"og:description\" content=\"NUK Disney Frozen Magic Cup mit Trinkrand 230ml t\u00fcrkis | NUK gefunden von Product-Guide.org\" \/>\n<meta property=\"og:url\" content=\"https:\/\/product-guide.org\/en\/produkt\/nuk-disney-frozen-magic-cup-mit-trinkrand-230ml-turkis-nuk\/\" \/>\n<meta property=\"og:site_name\" content=\"Product-Guide.org\" \/>\n<meta property=\"article:modified_time\" content=\"2025-03-17T10:53:10+00:00\" \/>\n<meta name=\"twitter:card\" content=\"summary_large_image\" \/>\n<script type=\"application\/ld+json\" class=\"yoast-schema-graph\">{\"@context\":\"https:\/\/schema.org\",\"@graph\":[{\"@type\":\"WebPage\",\"@id\":\"https:\/\/product-guide.org\/produkt\/nuk-disney-frozen-magic-cup-mit-trinkrand-230ml-turkis-nuk\/\",\"url\":\"https:\/\/product-guide.org\/produkt\/nuk-disney-frozen-magic-cup-mit-trinkrand-230ml-turkis-nuk\/\",\"name\":\"NUK Disney Frozen Magic Cup mit Trinkrand 230ml t\u00fcrkis | NUK | Product-Guide.org\",\"isPartOf\":{\"@id\":\"https:\/\/product-guide.org\/#website\"},\"primaryImageOfPage\":{\"@id\":\"https:\/\/product-guide.org\/produkt\/nuk-disney-frozen-magic-cup-mit-trinkrand-230ml-turkis-nuk\/#primaryimage\"},\"image\":{\"@id\":\"https:\/\/product-guide.org\/produkt\/nuk-disney-frozen-magic-cup-mit-trinkrand-230ml-turkis-nuk\/#primaryimage\"},\"thumbnailUrl\":\"https:\/\/product-guide.org\/wp-content\/uploads\/2025\/03\/nuk_disney_frozen_magic_cup_2_l_1.jpg\",\"datePublished\":\"2025-03-17T10:53:09+00:00\",\"dateModified\":\"2025-03-17T10:53:10+00:00\",\"description\":\"NUK Disney Frozen Magic Cup mit Trinkrand 230ml t\u00fcrkis | NUK gefunden von Product-Guide.org\",\"breadcrumb\":{\"@id\":\"https:\/\/product-guide.org\/produkt\/nuk-disney-frozen-magic-cup-mit-trinkrand-230ml-turkis-nuk\/#breadcrumb\"},\"inLanguage\":\"en-GB\",\"potentialAction\":[{\"@type\":\"ReadAction\",\"target\":[\"https:\/\/product-guide.org\/produkt\/nuk-disney-frozen-magic-cup-mit-trinkrand-230ml-turkis-nuk\/\"]}]},{\"@type\":\"ImageObject\",\"inLanguage\":\"en-GB\",\"@id\":\"https:\/\/product-guide.org\/produkt\/nuk-disney-frozen-magic-cup-mit-trinkrand-230ml-turkis-nuk\/#primaryimage\",\"url\":\"https:\/\/product-guide.org\/wp-content\/uploads\/2025\/03\/nuk_disney_frozen_magic_cup_2_l_1.jpg\",\"contentUrl\":\"https:\/\/product-guide.org\/wp-content\/uploads\/2025\/03\/nuk_disney_frozen_magic_cup_2_l_1.jpg\",\"width\":400,\"height\":480},{\"@type\":\"BreadcrumbList\",\"@id\":\"https:\/\/product-guide.org\/produkt\/nuk-disney-frozen-magic-cup-mit-trinkrand-230ml-turkis-nuk\/#breadcrumb\",\"itemListElement\":[{\"@type\":\"ListItem\",\"position\":1,\"name\":\"Home\",\"item\":\"https:\/\/product-guide.org\/\"},{\"@type\":\"ListItem\",\"position\":2,\"name\":\"Ergebnisse\",\"item\":\"https:\/\/product-guide.org\/de\/ergebnisse\/\"},{\"@type\":\"ListItem\",\"position\":3,\"name\":\"NUK Disney Frozen Magic Cup mit Trinkrand 230ml t\u00fcrkis | NUK\"}]},{\"@type\":\"WebSite\",\"@id\":\"https:\/\/product-guide.org\/#website\",\"url\":\"https:\/\/product-guide.org\/\",\"name\":\"Product-Guide.org\",\"description\":\"What Product are you looking for?\",\"publisher\":{\"@id\":\"https:\/\/product-guide.org\/#organization\"},\"potentialAction\":[{\"@type\":\"SearchAction\",\"target\":{\"@type\":\"EntryPoint\",\"urlTemplate\":\"https:\/\/product-guide.org\/?s={search_term_string}\"},\"query-input\":{\"@type\":\"PropertyValueSpecification\",\"valueRequired\":true,\"valueName\":\"search_term_string\"}}],\"inLanguage\":\"en-GB\"},{\"@type\":\"Organization\",\"@id\":\"https:\/\/product-guide.org\/#organization\",\"name\":\"Product-Guide.org\",\"url\":\"https:\/\/product-guide.org\/\",\"logo\":{\"@type\":\"ImageObject\",\"inLanguage\":\"en-GB\",\"@id\":\"https:\/\/product-guide.org\/#\/schema\/logo\/image\/\",\"url\":\"https:\/\/product-guide.org\/wp-content\/uploads\/2022\/07\/logo_transparent_background.png\",\"contentUrl\":\"https:\/\/product-guide.org\/wp-content\/uploads\/2022\/07\/logo_transparent_background.png\",\"width\":3400,\"height\":1132,\"caption\":\"Product-Guide.org\"},\"image\":{\"@id\":\"https:\/\/product-guide.org\/#\/schema\/logo\/image\/\"}}]}<\/script>\n<!-- \/ Yoast SEO plugin. -->","yoast_head_json":{"title":"NUK Disney Frozen Magic Cup mit Trinkrand 230ml t\u00fcrkis | NUK | Product-Guide.org","description":"NUK Disney Frozen Magic Cup mit Trinkrand 230ml t\u00fcrkis | NUK gefunden von Product-Guide.org","robots":{"index":"index","follow":"follow","max-snippet":"max-snippet:-1","max-image-preview":"max-image-preview:large","max-video-preview":"max-video-preview:-1"},"canonical":"https:\/\/product-guide.org\/en\/produkt\/nuk-disney-frozen-magic-cup-mit-trinkrand-230ml-turkis-nuk\/","og_locale":"en_GB","og_type":"article","og_title":"NUK Disney Frozen Magic Cup mit Trinkrand 230ml t\u00fcrkis | NUK | Product-Guide.org","og_description":"NUK Disney Frozen Magic Cup mit Trinkrand 230ml t\u00fcrkis | NUK gefunden von Product-Guide.org","og_url":"https:\/\/product-guide.org\/en\/produkt\/nuk-disney-frozen-magic-cup-mit-trinkrand-230ml-turkis-nuk\/","og_site_name":"Product-Guide.org","article_modified_time":"2025-03-17T10:53:10+00:00","twitter_card":"summary_large_image","schema":{"@context":"https:\/\/schema.org","@graph":[{"@type":"WebPage","@id":"https:\/\/product-guide.org\/produkt\/nuk-disney-frozen-magic-cup-mit-trinkrand-230ml-turkis-nuk\/","url":"https:\/\/product-guide.org\/produkt\/nuk-disney-frozen-magic-cup-mit-trinkrand-230ml-turkis-nuk\/","name":"NUK Disney Frozen Magic Cup mit Trinkrand 230ml t\u00fcrkis | NUK | Product-Guide.org","isPartOf":{"@id":"https:\/\/product-guide.org\/#website"},"primaryImageOfPage":{"@id":"https:\/\/product-guide.org\/produkt\/nuk-disney-frozen-magic-cup-mit-trinkrand-230ml-turkis-nuk\/#primaryimage"},"image":{"@id":"https:\/\/product-guide.org\/produkt\/nuk-disney-frozen-magic-cup-mit-trinkrand-230ml-turkis-nuk\/#primaryimage"},"thumbnailUrl":"https:\/\/product-guide.org\/wp-content\/uploads\/2025\/03\/nuk_disney_frozen_magic_cup_2_l_1.jpg","datePublished":"2025-03-17T10:53:09+00:00","dateModified":"2025-03-17T10:53:10+00:00","description":"NUK Disney Frozen Magic Cup mit Trinkrand 230ml t\u00fcrkis | NUK gefunden von Product-Guide.org","breadcrumb":{"@id":"https:\/\/product-guide.org\/produkt\/nuk-disney-frozen-magic-cup-mit-trinkrand-230ml-turkis-nuk\/#breadcrumb"},"inLanguage":"en-GB","potentialAction":[{"@type":"ReadAction","target":["https:\/\/product-guide.org\/produkt\/nuk-disney-frozen-magic-cup-mit-trinkrand-230ml-turkis-nuk\/"]}]},{"@type":"ImageObject","inLanguage":"en-GB","@id":"https:\/\/product-guide.org\/produkt\/nuk-disney-frozen-magic-cup-mit-trinkrand-230ml-turkis-nuk\/#primaryimage","url":"https:\/\/product-guide.org\/wp-content\/uploads\/2025\/03\/nuk_disney_frozen_magic_cup_2_l_1.jpg","contentUrl":"https:\/\/product-guide.org\/wp-content\/uploads\/2025\/03\/nuk_disney_frozen_magic_cup_2_l_1.jpg","width":400,"height":480},{"@type":"BreadcrumbList","@id":"https:\/\/product-guide.org\/produkt\/nuk-disney-frozen-magic-cup-mit-trinkrand-230ml-turkis-nuk\/#breadcrumb","itemListElement":[{"@type":"ListItem","position":1,"name":"Home","item":"https:\/\/product-guide.org\/"},{"@type":"ListItem","position":2,"name":"Ergebnisse","item":"https:\/\/product-guide.org\/de\/ergebnisse\/"},{"@type":"ListItem","position":3,"name":"NUK Disney Frozen Magic Cup mit Trinkrand 230ml t\u00fcrkis | NUK"}]},{"@type":"WebSite","@id":"https:\/\/product-guide.org\/#website","url":"https:\/\/product-guide.org\/","name":"Product-Guide.org","description":"What Product are you looking for?","publisher":{"@id":"https:\/\/product-guide.org\/#organization"},"potentialAction":[{"@type":"SearchAction","target":{"@type":"EntryPoint","urlTemplate":"https:\/\/product-guide.org\/?s={search_term_string}"},"query-input":{"@type":"PropertyValueSpecification","valueRequired":true,"valueName":"search_term_string"}}],"inLanguage":"en-GB"},{"@type":"Organization","@id":"https:\/\/product-guide.org\/#organization","name":"Product-Guide.org","url":"https:\/\/product-guide.org\/","logo":{"@type":"ImageObject","inLanguage":"en-GB","@id":"https:\/\/product-guide.org\/#\/schema\/logo\/image\/","url":"https:\/\/product-guide.org\/wp-content\/uploads\/2022\/07\/logo_transparent_background.png","contentUrl":"https:\/\/product-guide.org\/wp-content\/uploads\/2022\/07\/logo_transparent_background.png","width":3400,"height":1132,"caption":"Product-Guide.org"},"image":{"@id":"https:\/\/product-guide.org\/#\/schema\/logo\/image\/"}}]}},"_links":{"self":[{"href":"https:\/\/product-guide.org\/en\/wp-json\/wp\/v2\/product\/53450","targetHints":{"allow":["GET"]}}],"collection":[{"href":"https:\/\/product-guide.org\/en\/wp-json\/wp\/v2\/product"}],"about":[{"href":"https:\/\/product-guide.org\/en\/wp-json\/wp\/v2\/types\/product"}],"wp:featuredmedia":[{"embeddable":true,"href":"https:\/\/product-guide.org\/en\/wp-json\/wp\/v2\/media\/53449"}],"wp:attachment":[{"href":"https:\/\/product-guide.org\/en\/wp-json\/wp\/v2\/media?parent=53450"}],"wp:term":[{"taxonomy":"store","embeddable":true,"href":"https:\/\/product-guide.org\/en\/wp-json\/wp\/v2\/store?post=53450"},{"taxonomy":"product_brand","embeddable":true,"href":"https:\/\/product-guide.org\/en\/wp-json\/wp\/v2\/product_brand?post=53450"},{"taxonomy":"product_cat","embeddable":true,"href":"https:\/\/product-guide.org\/en\/wp-json\/wp\/v2\/product_cat?post=53450"},{"taxonomy":"product_tag","embeddable":true,"href":"https:\/\/product-guide.org\/en\/wp-json\/wp\/v2\/product_tag?post=53450"}],"curies":[{"name":"wp","href":"https:\/\/api.w.org\/{rel}","templated":true}]}}