{"id":53456,"date":"2025-03-17T11:53:13","date_gmt":"2025-03-17T10:53:13","guid":{"rendered":"https:\/\/product-guide.org\/produkt\/nuk-disney-space-4er-set-silikon-schnuller-nuk\/"},"modified":"2025-03-17T11:53:13","modified_gmt":"2025-03-17T10:53:13","slug":"nuk-disney-space-4er-set-silikon-schnuller-nuk","status":"publish","type":"product","link":"https:\/\/product-guide.org\/en\/produkt\/nuk-disney-space-4er-set-silikon-schnuller-nuk\/","title":{"rendered":"NUK Disney Space 4er Set Silikon-Schnuller | NUK"},"content":{"rendered":"<p>NUK Disney Space 4er Set Silikon-Schnuller, kiefergerechte Form, 0-36 Monate NUK Space Schnuller: L\u00e4sst zarte Babyhaut atmen Luft und Liebe f\u00fcr die Haut! Babyhaut ist zart und empfindlich. Auch wenn dein Baby seinen Schnuller liebt, kann der Speichel beim Nuckeln die Haut strapazieren. Deshalb haben wir unseren NUK Space Schnuller so gestaltet, dass er der Haut Luft und Raum zum Atmen l\u00e4sst. Ein Effekt, den 98% der M\u00fctter best\u00e4tigen.* Dank seines einzigartigen Designs ist der Space Schnuller nicht nur sanft zur Haut, er sieht auch toll aus. Und kommt jetzt mit vielen neuen Motiven. Nat\u00fcrlich hat der Sauger des NUK Space Schnullers die original NUK Form, die der Mutterbrust beim Stillen nachempfunden ist. So f\u00f6rdern NUK Schnuller eine gesunde orale Entwicklung, werden von 95% der Babys akzeptiert** und verursachen keine Saugverwirrung.** Der Sauger ist so flach, d\u00fcnn und schmal, dass er perfekt in den kleinen Mund passt und Zunge sowie Kiefer ausreichend Raum f\u00fcr die nat\u00fcrliche Saugbewegung l\u00e4sst. Eine Tatsache, die Hebammen, Kinder\u00e4rzte und Kieferorthop\u00e4den** genauso wie M\u00fctter*** best\u00e4tigen. Die anatomisch korrekte NUK Form ist ideal, denn nat\u00fcrliches Saugen dient erwiesenerma\u00dfen nicht nur der Einnahme von Nahrung, sondern hilft auch, wichtige F\u00e4higkeiten, wie richtiges Schlucken, Kauen und letztlich auch Sprechen, zu entwickeln. *Unabh\u00e4ngige Marktforschung, 114 M\u00fctter; Deutschland 2018 **Unabh\u00e4ngige Marktforschung, 50 Hebammen, 50 Kinder\u00e4rzte und 50 Kieferorthop\u00e4den; Deutschland 2017 ***Unabh\u00e4ngige Marktforschung, 307 M\u00fctter; Deutschland 2017 Der Nachhaltigkeit zu Liebe: NUK Schnuller mit wiederverwendbarer Verpackung Nachhaltigkeit wird bei uns gro\u00dfgeschrieben. Wir m\u00f6chten Eltern die M\u00f6glichkeit geben unsere Verpackung nach dem Auspacken weiter zu verwenden, statt sie wegzuwerfen. Jeder NUK Schnuller kommt daher nun in einer stabilen, wiederverwendbaren Box, die den Schnuller sauber h\u00e4lt und sch\u00fctzt \u2013 vor allem f\u00fcr unterwegs eine ideale L\u00f6sung um Babys liebsten Begleiter vor Schmutz und N\u00e4sse zu bewahren. NUK Schnuller werden zu 100% in Deutschland hergestellt. Nat\u00fcrlich sind sie BPA-frei und entsprechen der Europ\u00e4ischen Sicherheitsnorm EN1400. Schnuller aus Silikon sollten aus Sicherheits- und Hygienegr\u00fcnden alle ein bis zwei Monate ausgetauscht werden. MAPA GmbH | Industriestr. 21-25 | 27404 Zeven | Germany | www.nuk.com<\/p>\n","protected":false},"excerpt":{"rendered":"<p>NUK Disney Space 4er Set Silikon-Schnuller, kiefergerechte Form, 0-36 Monate NUK Space Schnuller: L\u00e4sst zarte Babyhaut atmen Luft und Liebe f\u00fcr die Haut! Babyhaut ist zart und empfindlich. Auch wenn dein Baby seinen Schnuller liebt, kann der Speichel beim Nuckeln die Haut strapazieren. Deshalb haben wir unseren NUK Space Schnuller so gestaltet, dass er der [&hellip;]<\/p>\n","protected":false},"featured_media":53455,"template":"","meta":{"_gspb_post_css":""},"store":[],"product_brand":[1408],"product_cat":[1290],"product_tag":[],"class_list":{"0":"post-53456","1":"product","2":"type-product","3":"status-publish","4":"has-post-thumbnail","6":"product_brand-nuk-de","7":"product_cat-uncategorized","9":"first","10":"instock","11":"shipping-taxable","12":"purchasable","13":"product-type-simple"},"yoast_head":"<!-- This site is optimized with the Yoast SEO plugin v24.6 - https:\/\/yoast.com\/wordpress\/plugins\/seo\/ -->\n<title>NUK Disney Space 4er Set Silikon-Schnuller | NUK | Product-Guide.org<\/title>\n<meta name=\"description\" content=\"NUK Disney Space 4er Set Silikon-Schnuller | NUK gefunden von Product-Guide.org\" \/>\n<meta name=\"robots\" content=\"index, follow, max-snippet:-1, max-image-preview:large, max-video-preview:-1\" \/>\n<link rel=\"canonical\" href=\"https:\/\/product-guide.org\/en\/produkt\/nuk-disney-space-4er-set-silikon-schnuller-nuk\/\" \/>\n<meta property=\"og:locale\" content=\"en_GB\" \/>\n<meta property=\"og:type\" content=\"article\" \/>\n<meta property=\"og:title\" content=\"NUK Disney Space 4er Set Silikon-Schnuller | NUK | Product-Guide.org\" \/>\n<meta property=\"og:description\" content=\"NUK Disney Space 4er Set Silikon-Schnuller | NUK gefunden von Product-Guide.org\" \/>\n<meta property=\"og:url\" content=\"https:\/\/product-guide.org\/en\/produkt\/nuk-disney-space-4er-set-silikon-schnuller-nuk\/\" \/>\n<meta property=\"og:site_name\" content=\"Product-Guide.org\" \/>\n<meta name=\"twitter:card\" content=\"summary_large_image\" \/>\n<script type=\"application\/ld+json\" class=\"yoast-schema-graph\">{\"@context\":\"https:\/\/schema.org\",\"@graph\":[{\"@type\":\"WebPage\",\"@id\":\"https:\/\/product-guide.org\/produkt\/nuk-disney-space-4er-set-silikon-schnuller-nuk\/\",\"url\":\"https:\/\/product-guide.org\/produkt\/nuk-disney-space-4er-set-silikon-schnuller-nuk\/\",\"name\":\"NUK Disney Space 4er Set Silikon-Schnuller | NUK | Product-Guide.org\",\"isPartOf\":{\"@id\":\"https:\/\/product-guide.org\/#website\"},\"primaryImageOfPage\":{\"@id\":\"https:\/\/product-guide.org\/produkt\/nuk-disney-space-4er-set-silikon-schnuller-nuk\/#primaryimage\"},\"image\":{\"@id\":\"https:\/\/product-guide.org\/produkt\/nuk-disney-space-4er-set-silikon-schnuller-nuk\/#primaryimage\"},\"thumbnailUrl\":\"https:\/\/product-guide.org\/wp-content\/uploads\/2025\/03\/nuk_space_4er_set_.jpg\",\"datePublished\":\"2025-03-17T10:53:13+00:00\",\"description\":\"NUK Disney Space 4er Set Silikon-Schnuller | NUK gefunden von Product-Guide.org\",\"breadcrumb\":{\"@id\":\"https:\/\/product-guide.org\/produkt\/nuk-disney-space-4er-set-silikon-schnuller-nuk\/#breadcrumb\"},\"inLanguage\":\"en-GB\",\"potentialAction\":[{\"@type\":\"ReadAction\",\"target\":[\"https:\/\/product-guide.org\/produkt\/nuk-disney-space-4er-set-silikon-schnuller-nuk\/\"]}]},{\"@type\":\"ImageObject\",\"inLanguage\":\"en-GB\",\"@id\":\"https:\/\/product-guide.org\/produkt\/nuk-disney-space-4er-set-silikon-schnuller-nuk\/#primaryimage\",\"url\":\"https:\/\/product-guide.org\/wp-content\/uploads\/2025\/03\/nuk_space_4er_set_.jpg\",\"contentUrl\":\"https:\/\/product-guide.org\/wp-content\/uploads\/2025\/03\/nuk_space_4er_set_.jpg\",\"width\":400,\"height\":480},{\"@type\":\"BreadcrumbList\",\"@id\":\"https:\/\/product-guide.org\/produkt\/nuk-disney-space-4er-set-silikon-schnuller-nuk\/#breadcrumb\",\"itemListElement\":[{\"@type\":\"ListItem\",\"position\":1,\"name\":\"Home\",\"item\":\"https:\/\/product-guide.org\/\"},{\"@type\":\"ListItem\",\"position\":2,\"name\":\"Ergebnisse\",\"item\":\"https:\/\/product-guide.org\/de\/ergebnisse\/\"},{\"@type\":\"ListItem\",\"position\":3,\"name\":\"NUK Disney Space 4er Set Silikon-Schnuller | NUK\"}]},{\"@type\":\"WebSite\",\"@id\":\"https:\/\/product-guide.org\/#website\",\"url\":\"https:\/\/product-guide.org\/\",\"name\":\"Product-Guide.org\",\"description\":\"What Product are you looking for?\",\"publisher\":{\"@id\":\"https:\/\/product-guide.org\/#organization\"},\"potentialAction\":[{\"@type\":\"SearchAction\",\"target\":{\"@type\":\"EntryPoint\",\"urlTemplate\":\"https:\/\/product-guide.org\/?s={search_term_string}\"},\"query-input\":{\"@type\":\"PropertyValueSpecification\",\"valueRequired\":true,\"valueName\":\"search_term_string\"}}],\"inLanguage\":\"en-GB\"},{\"@type\":\"Organization\",\"@id\":\"https:\/\/product-guide.org\/#organization\",\"name\":\"Product-Guide.org\",\"url\":\"https:\/\/product-guide.org\/\",\"logo\":{\"@type\":\"ImageObject\",\"inLanguage\":\"en-GB\",\"@id\":\"https:\/\/product-guide.org\/#\/schema\/logo\/image\/\",\"url\":\"https:\/\/product-guide.org\/wp-content\/uploads\/2022\/07\/logo_transparent_background.png\",\"contentUrl\":\"https:\/\/product-guide.org\/wp-content\/uploads\/2022\/07\/logo_transparent_background.png\",\"width\":3400,\"height\":1132,\"caption\":\"Product-Guide.org\"},\"image\":{\"@id\":\"https:\/\/product-guide.org\/#\/schema\/logo\/image\/\"}}]}<\/script>\n<!-- \/ Yoast SEO plugin. -->","yoast_head_json":{"title":"NUK Disney Space 4er Set Silikon-Schnuller | NUK | Product-Guide.org","description":"NUK Disney Space 4er Set Silikon-Schnuller | NUK gefunden von Product-Guide.org","robots":{"index":"index","follow":"follow","max-snippet":"max-snippet:-1","max-image-preview":"max-image-preview:large","max-video-preview":"max-video-preview:-1"},"canonical":"https:\/\/product-guide.org\/en\/produkt\/nuk-disney-space-4er-set-silikon-schnuller-nuk\/","og_locale":"en_GB","og_type":"article","og_title":"NUK Disney Space 4er Set Silikon-Schnuller | NUK | Product-Guide.org","og_description":"NUK Disney Space 4er Set Silikon-Schnuller | NUK gefunden von Product-Guide.org","og_url":"https:\/\/product-guide.org\/en\/produkt\/nuk-disney-space-4er-set-silikon-schnuller-nuk\/","og_site_name":"Product-Guide.org","twitter_card":"summary_large_image","schema":{"@context":"https:\/\/schema.org","@graph":[{"@type":"WebPage","@id":"https:\/\/product-guide.org\/produkt\/nuk-disney-space-4er-set-silikon-schnuller-nuk\/","url":"https:\/\/product-guide.org\/produkt\/nuk-disney-space-4er-set-silikon-schnuller-nuk\/","name":"NUK Disney Space 4er Set Silikon-Schnuller | NUK | Product-Guide.org","isPartOf":{"@id":"https:\/\/product-guide.org\/#website"},"primaryImageOfPage":{"@id":"https:\/\/product-guide.org\/produkt\/nuk-disney-space-4er-set-silikon-schnuller-nuk\/#primaryimage"},"image":{"@id":"https:\/\/product-guide.org\/produkt\/nuk-disney-space-4er-set-silikon-schnuller-nuk\/#primaryimage"},"thumbnailUrl":"https:\/\/product-guide.org\/wp-content\/uploads\/2025\/03\/nuk_space_4er_set_.jpg","datePublished":"2025-03-17T10:53:13+00:00","description":"NUK Disney Space 4er Set Silikon-Schnuller | NUK gefunden von Product-Guide.org","breadcrumb":{"@id":"https:\/\/product-guide.org\/produkt\/nuk-disney-space-4er-set-silikon-schnuller-nuk\/#breadcrumb"},"inLanguage":"en-GB","potentialAction":[{"@type":"ReadAction","target":["https:\/\/product-guide.org\/produkt\/nuk-disney-space-4er-set-silikon-schnuller-nuk\/"]}]},{"@type":"ImageObject","inLanguage":"en-GB","@id":"https:\/\/product-guide.org\/produkt\/nuk-disney-space-4er-set-silikon-schnuller-nuk\/#primaryimage","url":"https:\/\/product-guide.org\/wp-content\/uploads\/2025\/03\/nuk_space_4er_set_.jpg","contentUrl":"https:\/\/product-guide.org\/wp-content\/uploads\/2025\/03\/nuk_space_4er_set_.jpg","width":400,"height":480},{"@type":"BreadcrumbList","@id":"https:\/\/product-guide.org\/produkt\/nuk-disney-space-4er-set-silikon-schnuller-nuk\/#breadcrumb","itemListElement":[{"@type":"ListItem","position":1,"name":"Home","item":"https:\/\/product-guide.org\/"},{"@type":"ListItem","position":2,"name":"Ergebnisse","item":"https:\/\/product-guide.org\/de\/ergebnisse\/"},{"@type":"ListItem","position":3,"name":"NUK Disney Space 4er Set Silikon-Schnuller | NUK"}]},{"@type":"WebSite","@id":"https:\/\/product-guide.org\/#website","url":"https:\/\/product-guide.org\/","name":"Product-Guide.org","description":"What Product are you looking for?","publisher":{"@id":"https:\/\/product-guide.org\/#organization"},"potentialAction":[{"@type":"SearchAction","target":{"@type":"EntryPoint","urlTemplate":"https:\/\/product-guide.org\/?s={search_term_string}"},"query-input":{"@type":"PropertyValueSpecification","valueRequired":true,"valueName":"search_term_string"}}],"inLanguage":"en-GB"},{"@type":"Organization","@id":"https:\/\/product-guide.org\/#organization","name":"Product-Guide.org","url":"https:\/\/product-guide.org\/","logo":{"@type":"ImageObject","inLanguage":"en-GB","@id":"https:\/\/product-guide.org\/#\/schema\/logo\/image\/","url":"https:\/\/product-guide.org\/wp-content\/uploads\/2022\/07\/logo_transparent_background.png","contentUrl":"https:\/\/product-guide.org\/wp-content\/uploads\/2022\/07\/logo_transparent_background.png","width":3400,"height":1132,"caption":"Product-Guide.org"},"image":{"@id":"https:\/\/product-guide.org\/#\/schema\/logo\/image\/"}}]}},"_links":{"self":[{"href":"https:\/\/product-guide.org\/en\/wp-json\/wp\/v2\/product\/53456","targetHints":{"allow":["GET"]}}],"collection":[{"href":"https:\/\/product-guide.org\/en\/wp-json\/wp\/v2\/product"}],"about":[{"href":"https:\/\/product-guide.org\/en\/wp-json\/wp\/v2\/types\/product"}],"wp:featuredmedia":[{"embeddable":true,"href":"https:\/\/product-guide.org\/en\/wp-json\/wp\/v2\/media\/53455"}],"wp:attachment":[{"href":"https:\/\/product-guide.org\/en\/wp-json\/wp\/v2\/media?parent=53456"}],"wp:term":[{"taxonomy":"store","embeddable":true,"href":"https:\/\/product-guide.org\/en\/wp-json\/wp\/v2\/store?post=53456"},{"taxonomy":"product_brand","embeddable":true,"href":"https:\/\/product-guide.org\/en\/wp-json\/wp\/v2\/product_brand?post=53456"},{"taxonomy":"product_cat","embeddable":true,"href":"https:\/\/product-guide.org\/en\/wp-json\/wp\/v2\/product_cat?post=53456"},{"taxonomy":"product_tag","embeddable":true,"href":"https:\/\/product-guide.org\/en\/wp-json\/wp\/v2\/product_tag?post=53456"}],"curies":[{"name":"wp","href":"https:\/\/api.w.org\/{rel}","templated":true}]}}