{"id":53462,"date":"2025-03-17T11:53:16","date_gmt":"2025-03-17T10:53:16","guid":{"rendered":"https:\/\/product-guide.org\/produkt\/nuk-easy-learning-futterloffel-soft-petrol-nuk\/"},"modified":"2025-03-17T11:53:17","modified_gmt":"2025-03-17T10:53:17","slug":"nuk-easy-learning-futterloffel-soft-petrol-nuk","status":"publish","type":"product","link":"https:\/\/product-guide.org\/en\/produkt\/nuk-easy-learning-futterloffel-soft-petrol-nuk\/","title":{"rendered":"NUK Easy Learning F\u00fctterl\u00f6ffel Soft petrol | NUK"},"content":{"rendered":"<p>Die Kleinen werden immer neugieriger und beweglicher. Kein Wunder, dass jetzt auch der N\u00e4hrstoffbedarf steigt. Dies geschieht meist in der Zeit zwischen dem 5. und 7. Lebensmonat. Dann ist es an der Zeit, die ersten Breie zu f\u00fcttern. Mit ein bisschen Geduld und den richtigen \u201eZutaten\u201c wird der \u00dcbergang von der Brust oder Flasche zum ersten gel\u00f6ffelten Brei ein entspannter Schritt in eine neue Lebensphase. Den Anfang macht der NUK Easy Learning F\u00fctterl\u00f6ffel Soft. Die besondere Weichheit des L\u00f6ffelteils kombiniert das vertraute Mundgef\u00fchl mit der v\u00f6llig neuen Art des Essens. Durch seine abgerundeten R\u00e4nder ist er ideal f\u00fcr einen sanften \u00dcbergang vom Saugen zum L\u00f6ffeln f\u00fcr Babies ab dem 4. Monat. Alle Teile des NUK Easy Learning Programms passen zusammen und lassen sich den zunehmenden F\u00e4higkeiten deines Kindes entsprechend erg\u00e4nzen. F\u00fcr schrittweises Lernen: Der NUK Easy Learning F\u00fctterl\u00f6ffel Soft &#8211; so wird essen zum Kinderspiel.<\/p>\n","protected":false},"excerpt":{"rendered":"<p>Die Kleinen werden immer neugieriger und beweglicher. Kein Wunder, dass jetzt auch der N\u00e4hrstoffbedarf steigt. Dies geschieht meist in der Zeit zwischen dem 5. und 7. Lebensmonat. Dann ist es an der Zeit, die ersten Breie zu f\u00fcttern. Mit ein bisschen Geduld und den richtigen \u201eZutaten\u201c wird der \u00dcbergang von der Brust oder Flasche zum [&hellip;]<\/p>\n","protected":false},"featured_media":53461,"template":"","meta":{"_gspb_post_css":""},"store":[],"product_brand":[1408],"product_cat":[1290],"product_tag":[],"class_list":{"0":"post-53462","1":"product","2":"type-product","3":"status-publish","4":"has-post-thumbnail","6":"product_brand-nuk-de","7":"product_cat-uncategorized","9":"first","10":"instock","11":"shipping-taxable","12":"purchasable","13":"product-type-simple"},"yoast_head":"<!-- This site is optimized with the Yoast SEO plugin v24.6 - https:\/\/yoast.com\/wordpress\/plugins\/seo\/ -->\n<title>NUK Easy Learning F\u00fctterl\u00f6ffel Soft petrol | NUK | Product-Guide.org<\/title>\n<meta name=\"description\" content=\"NUK Easy Learning F\u00fctterl\u00f6ffel Soft petrol | NUK gefunden von Product-Guide.org\" \/>\n<meta name=\"robots\" content=\"index, follow, max-snippet:-1, max-image-preview:large, max-video-preview:-1\" \/>\n<link rel=\"canonical\" href=\"https:\/\/product-guide.org\/en\/produkt\/nuk-easy-learning-futterloffel-soft-petrol-nuk\/\" \/>\n<meta property=\"og:locale\" content=\"en_GB\" \/>\n<meta property=\"og:type\" content=\"article\" \/>\n<meta property=\"og:title\" content=\"NUK Easy Learning F\u00fctterl\u00f6ffel Soft petrol | NUK | Product-Guide.org\" \/>\n<meta property=\"og:description\" content=\"NUK Easy Learning F\u00fctterl\u00f6ffel Soft petrol | NUK gefunden von Product-Guide.org\" \/>\n<meta property=\"og:url\" content=\"https:\/\/product-guide.org\/en\/produkt\/nuk-easy-learning-futterloffel-soft-petrol-nuk\/\" \/>\n<meta property=\"og:site_name\" content=\"Product-Guide.org\" \/>\n<meta property=\"article:modified_time\" content=\"2025-03-17T10:53:17+00:00\" \/>\n<meta name=\"twitter:card\" content=\"summary_large_image\" \/>\n<script type=\"application\/ld+json\" class=\"yoast-schema-graph\">{\"@context\":\"https:\/\/schema.org\",\"@graph\":[{\"@type\":\"WebPage\",\"@id\":\"https:\/\/product-guide.org\/produkt\/nuk-easy-learning-futterloffel-soft-petrol-nuk\/\",\"url\":\"https:\/\/product-guide.org\/produkt\/nuk-easy-learning-futterloffel-soft-petrol-nuk\/\",\"name\":\"NUK Easy Learning F\u00fctterl\u00f6ffel Soft petrol | NUK | Product-Guide.org\",\"isPartOf\":{\"@id\":\"https:\/\/product-guide.org\/#website\"},\"primaryImageOfPage\":{\"@id\":\"https:\/\/product-guide.org\/produkt\/nuk-easy-learning-futterloffel-soft-petrol-nuk\/#primaryimage\"},\"image\":{\"@id\":\"https:\/\/product-guide.org\/produkt\/nuk-easy-learning-futterloffel-soft-petrol-nuk\/#primaryimage\"},\"thumbnailUrl\":\"https:\/\/product-guide.org\/wp-content\/uploads\/2025\/03\/nuk_easy_learning_fuetterloeffel_soft_2_l_1.jpg\",\"datePublished\":\"2025-03-17T10:53:16+00:00\",\"dateModified\":\"2025-03-17T10:53:17+00:00\",\"description\":\"NUK Easy Learning F\u00fctterl\u00f6ffel Soft petrol | NUK gefunden von Product-Guide.org\",\"breadcrumb\":{\"@id\":\"https:\/\/product-guide.org\/produkt\/nuk-easy-learning-futterloffel-soft-petrol-nuk\/#breadcrumb\"},\"inLanguage\":\"en-GB\",\"potentialAction\":[{\"@type\":\"ReadAction\",\"target\":[\"https:\/\/product-guide.org\/produkt\/nuk-easy-learning-futterloffel-soft-petrol-nuk\/\"]}]},{\"@type\":\"ImageObject\",\"inLanguage\":\"en-GB\",\"@id\":\"https:\/\/product-guide.org\/produkt\/nuk-easy-learning-futterloffel-soft-petrol-nuk\/#primaryimage\",\"url\":\"https:\/\/product-guide.org\/wp-content\/uploads\/2025\/03\/nuk_easy_learning_fuetterloeffel_soft_2_l_1.jpg\",\"contentUrl\":\"https:\/\/product-guide.org\/wp-content\/uploads\/2025\/03\/nuk_easy_learning_fuetterloeffel_soft_2_l_1.jpg\",\"width\":400,\"height\":392},{\"@type\":\"BreadcrumbList\",\"@id\":\"https:\/\/product-guide.org\/produkt\/nuk-easy-learning-futterloffel-soft-petrol-nuk\/#breadcrumb\",\"itemListElement\":[{\"@type\":\"ListItem\",\"position\":1,\"name\":\"Home\",\"item\":\"https:\/\/product-guide.org\/\"},{\"@type\":\"ListItem\",\"position\":2,\"name\":\"Ergebnisse\",\"item\":\"https:\/\/product-guide.org\/de\/ergebnisse\/\"},{\"@type\":\"ListItem\",\"position\":3,\"name\":\"NUK Easy Learning F\u00fctterl\u00f6ffel Soft petrol | NUK\"}]},{\"@type\":\"WebSite\",\"@id\":\"https:\/\/product-guide.org\/#website\",\"url\":\"https:\/\/product-guide.org\/\",\"name\":\"Product-Guide.org\",\"description\":\"What Product are you looking for?\",\"publisher\":{\"@id\":\"https:\/\/product-guide.org\/#organization\"},\"potentialAction\":[{\"@type\":\"SearchAction\",\"target\":{\"@type\":\"EntryPoint\",\"urlTemplate\":\"https:\/\/product-guide.org\/?s={search_term_string}\"},\"query-input\":{\"@type\":\"PropertyValueSpecification\",\"valueRequired\":true,\"valueName\":\"search_term_string\"}}],\"inLanguage\":\"en-GB\"},{\"@type\":\"Organization\",\"@id\":\"https:\/\/product-guide.org\/#organization\",\"name\":\"Product-Guide.org\",\"url\":\"https:\/\/product-guide.org\/\",\"logo\":{\"@type\":\"ImageObject\",\"inLanguage\":\"en-GB\",\"@id\":\"https:\/\/product-guide.org\/#\/schema\/logo\/image\/\",\"url\":\"https:\/\/product-guide.org\/wp-content\/uploads\/2022\/07\/logo_transparent_background.png\",\"contentUrl\":\"https:\/\/product-guide.org\/wp-content\/uploads\/2022\/07\/logo_transparent_background.png\",\"width\":3400,\"height\":1132,\"caption\":\"Product-Guide.org\"},\"image\":{\"@id\":\"https:\/\/product-guide.org\/#\/schema\/logo\/image\/\"}}]}<\/script>\n<!-- \/ Yoast SEO plugin. -->","yoast_head_json":{"title":"NUK Easy Learning F\u00fctterl\u00f6ffel Soft petrol | NUK | Product-Guide.org","description":"NUK Easy Learning F\u00fctterl\u00f6ffel Soft petrol | NUK gefunden von Product-Guide.org","robots":{"index":"index","follow":"follow","max-snippet":"max-snippet:-1","max-image-preview":"max-image-preview:large","max-video-preview":"max-video-preview:-1"},"canonical":"https:\/\/product-guide.org\/en\/produkt\/nuk-easy-learning-futterloffel-soft-petrol-nuk\/","og_locale":"en_GB","og_type":"article","og_title":"NUK Easy Learning F\u00fctterl\u00f6ffel Soft petrol | NUK | Product-Guide.org","og_description":"NUK Easy Learning F\u00fctterl\u00f6ffel Soft petrol | NUK gefunden von Product-Guide.org","og_url":"https:\/\/product-guide.org\/en\/produkt\/nuk-easy-learning-futterloffel-soft-petrol-nuk\/","og_site_name":"Product-Guide.org","article_modified_time":"2025-03-17T10:53:17+00:00","twitter_card":"summary_large_image","schema":{"@context":"https:\/\/schema.org","@graph":[{"@type":"WebPage","@id":"https:\/\/product-guide.org\/produkt\/nuk-easy-learning-futterloffel-soft-petrol-nuk\/","url":"https:\/\/product-guide.org\/produkt\/nuk-easy-learning-futterloffel-soft-petrol-nuk\/","name":"NUK Easy Learning F\u00fctterl\u00f6ffel Soft petrol | NUK | Product-Guide.org","isPartOf":{"@id":"https:\/\/product-guide.org\/#website"},"primaryImageOfPage":{"@id":"https:\/\/product-guide.org\/produkt\/nuk-easy-learning-futterloffel-soft-petrol-nuk\/#primaryimage"},"image":{"@id":"https:\/\/product-guide.org\/produkt\/nuk-easy-learning-futterloffel-soft-petrol-nuk\/#primaryimage"},"thumbnailUrl":"https:\/\/product-guide.org\/wp-content\/uploads\/2025\/03\/nuk_easy_learning_fuetterloeffel_soft_2_l_1.jpg","datePublished":"2025-03-17T10:53:16+00:00","dateModified":"2025-03-17T10:53:17+00:00","description":"NUK Easy Learning F\u00fctterl\u00f6ffel Soft petrol | NUK gefunden von Product-Guide.org","breadcrumb":{"@id":"https:\/\/product-guide.org\/produkt\/nuk-easy-learning-futterloffel-soft-petrol-nuk\/#breadcrumb"},"inLanguage":"en-GB","potentialAction":[{"@type":"ReadAction","target":["https:\/\/product-guide.org\/produkt\/nuk-easy-learning-futterloffel-soft-petrol-nuk\/"]}]},{"@type":"ImageObject","inLanguage":"en-GB","@id":"https:\/\/product-guide.org\/produkt\/nuk-easy-learning-futterloffel-soft-petrol-nuk\/#primaryimage","url":"https:\/\/product-guide.org\/wp-content\/uploads\/2025\/03\/nuk_easy_learning_fuetterloeffel_soft_2_l_1.jpg","contentUrl":"https:\/\/product-guide.org\/wp-content\/uploads\/2025\/03\/nuk_easy_learning_fuetterloeffel_soft_2_l_1.jpg","width":400,"height":392},{"@type":"BreadcrumbList","@id":"https:\/\/product-guide.org\/produkt\/nuk-easy-learning-futterloffel-soft-petrol-nuk\/#breadcrumb","itemListElement":[{"@type":"ListItem","position":1,"name":"Home","item":"https:\/\/product-guide.org\/"},{"@type":"ListItem","position":2,"name":"Ergebnisse","item":"https:\/\/product-guide.org\/de\/ergebnisse\/"},{"@type":"ListItem","position":3,"name":"NUK Easy Learning F\u00fctterl\u00f6ffel Soft petrol | NUK"}]},{"@type":"WebSite","@id":"https:\/\/product-guide.org\/#website","url":"https:\/\/product-guide.org\/","name":"Product-Guide.org","description":"What Product are you looking for?","publisher":{"@id":"https:\/\/product-guide.org\/#organization"},"potentialAction":[{"@type":"SearchAction","target":{"@type":"EntryPoint","urlTemplate":"https:\/\/product-guide.org\/?s={search_term_string}"},"query-input":{"@type":"PropertyValueSpecification","valueRequired":true,"valueName":"search_term_string"}}],"inLanguage":"en-GB"},{"@type":"Organization","@id":"https:\/\/product-guide.org\/#organization","name":"Product-Guide.org","url":"https:\/\/product-guide.org\/","logo":{"@type":"ImageObject","inLanguage":"en-GB","@id":"https:\/\/product-guide.org\/#\/schema\/logo\/image\/","url":"https:\/\/product-guide.org\/wp-content\/uploads\/2022\/07\/logo_transparent_background.png","contentUrl":"https:\/\/product-guide.org\/wp-content\/uploads\/2022\/07\/logo_transparent_background.png","width":3400,"height":1132,"caption":"Product-Guide.org"},"image":{"@id":"https:\/\/product-guide.org\/#\/schema\/logo\/image\/"}}]}},"_links":{"self":[{"href":"https:\/\/product-guide.org\/en\/wp-json\/wp\/v2\/product\/53462","targetHints":{"allow":["GET"]}}],"collection":[{"href":"https:\/\/product-guide.org\/en\/wp-json\/wp\/v2\/product"}],"about":[{"href":"https:\/\/product-guide.org\/en\/wp-json\/wp\/v2\/types\/product"}],"wp:featuredmedia":[{"embeddable":true,"href":"https:\/\/product-guide.org\/en\/wp-json\/wp\/v2\/media\/53461"}],"wp:attachment":[{"href":"https:\/\/product-guide.org\/en\/wp-json\/wp\/v2\/media?parent=53462"}],"wp:term":[{"taxonomy":"store","embeddable":true,"href":"https:\/\/product-guide.org\/en\/wp-json\/wp\/v2\/store?post=53462"},{"taxonomy":"product_brand","embeddable":true,"href":"https:\/\/product-guide.org\/en\/wp-json\/wp\/v2\/product_brand?post=53462"},{"taxonomy":"product_cat","embeddable":true,"href":"https:\/\/product-guide.org\/en\/wp-json\/wp\/v2\/product_cat?post=53462"},{"taxonomy":"product_tag","embeddable":true,"href":"https:\/\/product-guide.org\/en\/wp-json\/wp\/v2\/product_tag?post=53462"}],"curies":[{"name":"wp","href":"https:\/\/api.w.org\/{rel}","templated":true}]}}