{"id":53476,"date":"2025-03-17T11:53:27","date_gmt":"2025-03-17T10:53:27","guid":{"rendered":"https:\/\/product-guide.org\/produkt\/nuk-mini-me-flip-trinkflasche-aus-edelstahl-500ml-mit-2in1-trinkaufsatz-mint-nuk\/"},"modified":"2025-03-17T11:53:27","modified_gmt":"2025-03-17T10:53:27","slug":"nuk-mini-me-flip-trinkflasche-aus-edelstahl-500ml-mit-2in1-trinkaufsatz-mint-nuk","status":"publish","type":"product","link":"https:\/\/product-guide.org\/en\/produkt\/nuk-mini-me-flip-trinkflasche-aus-edelstahl-500ml-mit-2in1-trinkaufsatz-mint-nuk\/","title":{"rendered":"NUK Mini-Me Flip Trinkflasche aus Edelstahl 500ml mit 2in1 Trinkaufsatz mint | NUK"},"content":{"rendered":"<p>NUK Mini-Me Flip Trinkflasche aus Edelstahl, mit nicht zerbei\u00dfbarem Trinkaufsatz, auslaufsicher, 500 ml, ab 12 Monaten, BPA frei, 1 St\u00fcck NUK Mini-Me Flip Edelstahl \u2013 moderne Trinkflaschen f\u00fcr Kinder Sch\u00f6n, wenn die Trinkflasche nicht nur dem Kind gef\u00e4llt. Sondern auch den Eltern. Die neue NUK Mini-Me Flip f\u00fcr Kinder ab 12 Monaten. Kindgerecht \u2013 auf eine moderne und minimalistische Art. Praktisch \u2013 auf stilvolle Weise. Die Flasche: langlebiger Edelstahl. Der Flip-Trinkaufsatz: Kunststoff aus 100 % nat\u00fcrlichen Rohstoffen*. Ein klares Bekenntnis zu Nachhaltigkeit und Qualit\u00e4t. Euer Look \u2013 euer Lebensstil NUK Mini-Me ist ein mitwachsendes System. W\u00e4hle zwischen Edelstahl und bruchsicherem Hartkunststoff. W\u00e4hle aus verschiedenen F\u00fcllmengen. W\u00e4hle zwischen dem festen Sip-Trinkaufsatz und dem klappbaren Flip-Aufsatz. Und stelle dir genau die Flasche zusammen, die du f\u00fcr dein Kind m\u00f6chtest. Auslaufsicher und robust ist sie sowieso. Gemacht f\u00fcr die ersten Abenteuer und alles, was danach kommt. So verk\u00f6rpert die neue NUK Mini-Me den Look und den Lebensstil, den du mit deinem Kind teilen m\u00f6chtest. *Bei diesem Kunststoff handelt es sich um ein Material, das sich durch das ISCC PLUS zertifizierte Massenbilanzverfahren zu 100% auf nachwachsende Rohstoffe zur\u00fcckf\u00fchren l\u00e4sst. Einfach sauber Am Ende eines aufregenden Tages l\u00e4sst sich die Flasche ganz leicht reinigen. Das Produkt in Einzelteile zerlegen und im warmen Sp\u00fclwasser reinigen. Anschlie\u00dfend mit klarem Wasser absp\u00fclen und aussch\u00fctteln. Auseinandergebaut trocknen lassen. So ist die Flasche im Handumdrehen bereit f\u00fcr den n\u00e4chsten Tag. Hinweise NUK Flaschen entsprechen der Europ\u00e4ischen Sicherheitsnorm EN14350. Der NUK Mini-Me Flip Edelstahl ist f\u00fcr die Verwendung mit hei\u00dfen oder kohlens\u00e4urehaltigen Getr\u00e4nken nicht geeignet. Lesen Sie sorgf\u00e4ltig die Warn- und Gebrauchshinweise im Inneren. Bitte Produktinformation und Artikel-\/ LOT-Nr. zur sp\u00e4teren Verwendung aufheben. NUK Trinkflaschen und Trinkaufs\u00e4tze sind nur mit der jeweiligen Produktreihe kombinierbar. MAPA GmbH | Industriestr. 21-25 | 27404 Zeven | Germany | www.nuk.com (http:\/\/www.nuk.com)<\/p>\n","protected":false},"excerpt":{"rendered":"<p>NUK Mini-Me Flip Trinkflasche aus Edelstahl, mit nicht zerbei\u00dfbarem Trinkaufsatz, auslaufsicher, 500 ml, ab 12 Monaten, BPA frei, 1 St\u00fcck NUK Mini-Me Flip Edelstahl \u2013 moderne Trinkflaschen f\u00fcr Kinder Sch\u00f6n, wenn die Trinkflasche nicht nur dem Kind gef\u00e4llt. Sondern auch den Eltern. Die neue NUK Mini-Me Flip f\u00fcr Kinder ab 12 Monaten. Kindgerecht \u2013 auf [&hellip;]<\/p>\n","protected":false},"featured_media":53475,"template":"","meta":{"_gspb_post_css":""},"store":[],"product_brand":[1408],"product_cat":[1290],"product_tag":[],"class_list":{"0":"post-53476","1":"product","2":"type-product","3":"status-publish","4":"has-post-thumbnail","6":"product_brand-nuk-de","7":"product_cat-uncategorized","9":"first","10":"instock","11":"shipping-taxable","12":"purchasable","13":"product-type-simple"},"yoast_head":"<!-- This site is optimized with the Yoast SEO plugin v24.6 - https:\/\/yoast.com\/wordpress\/plugins\/seo\/ -->\n<title>NUK Mini-Me Flip Trinkflasche aus Edelstahl 500ml mit 2in1 Trinkaufsatz mint | NUK | Product-Guide.org<\/title>\n<meta name=\"description\" content=\"NUK Mini-Me Flip Trinkflasche aus Edelstahl 500ml mit 2in1 Trinkaufsatz mint | NUK gefunden von Product-Guide.org\" \/>\n<meta name=\"robots\" content=\"index, follow, max-snippet:-1, max-image-preview:large, max-video-preview:-1\" \/>\n<link rel=\"canonical\" href=\"https:\/\/product-guide.org\/en\/produkt\/nuk-mini-me-flip-trinkflasche-aus-edelstahl-500ml-mit-2in1-trinkaufsatz-mint-nuk\/\" \/>\n<meta property=\"og:locale\" content=\"en_GB\" \/>\n<meta property=\"og:type\" content=\"article\" \/>\n<meta property=\"og:title\" content=\"NUK Mini-Me Flip Trinkflasche aus Edelstahl 500ml mit 2in1 Trinkaufsatz mint | NUK | Product-Guide.org\" \/>\n<meta property=\"og:description\" content=\"NUK Mini-Me Flip Trinkflasche aus Edelstahl 500ml mit 2in1 Trinkaufsatz mint | NUK gefunden von Product-Guide.org\" \/>\n<meta property=\"og:url\" content=\"https:\/\/product-guide.org\/en\/produkt\/nuk-mini-me-flip-trinkflasche-aus-edelstahl-500ml-mit-2in1-trinkaufsatz-mint-nuk\/\" \/>\n<meta property=\"og:site_name\" content=\"Product-Guide.org\" \/>\n<meta name=\"twitter:card\" content=\"summary_large_image\" \/>\n<script type=\"application\/ld+json\" class=\"yoast-schema-graph\">{\"@context\":\"https:\/\/schema.org\",\"@graph\":[{\"@type\":\"WebPage\",\"@id\":\"https:\/\/product-guide.org\/produkt\/nuk-mini-me-flip-trinkflasche-aus-edelstahl-500ml-mit-2in1-trinkaufsatz-mint-nuk\/\",\"url\":\"https:\/\/product-guide.org\/produkt\/nuk-mini-me-flip-trinkflasche-aus-edelstahl-500ml-mit-2in1-trinkaufsatz-mint-nuk\/\",\"name\":\"NUK Mini-Me Flip Trinkflasche aus Edelstahl 500ml mit 2in1 Trinkaufsatz mint | NUK | Product-Guide.org\",\"isPartOf\":{\"@id\":\"https:\/\/product-guide.org\/#website\"},\"primaryImageOfPage\":{\"@id\":\"https:\/\/product-guide.org\/produkt\/nuk-mini-me-flip-trinkflasche-aus-edelstahl-500ml-mit-2in1-trinkaufsatz-mint-nuk\/#primaryimage\"},\"image\":{\"@id\":\"https:\/\/product-guide.org\/produkt\/nuk-mini-me-flip-trinkflasche-aus-edelstahl-500ml-mit-2in1-trinkaufsatz-mint-nuk\/#primaryimage\"},\"thumbnailUrl\":\"https:\/\/product-guide.org\/wp-content\/uploads\/2025\/03\/nuk_mini_me_flip_trinkflasche_500ml_edelstahl_mint_l_2_1.jpg\",\"datePublished\":\"2025-03-17T10:53:27+00:00\",\"description\":\"NUK Mini-Me Flip Trinkflasche aus Edelstahl 500ml mit 2in1 Trinkaufsatz mint | NUK gefunden von Product-Guide.org\",\"breadcrumb\":{\"@id\":\"https:\/\/product-guide.org\/produkt\/nuk-mini-me-flip-trinkflasche-aus-edelstahl-500ml-mit-2in1-trinkaufsatz-mint-nuk\/#breadcrumb\"},\"inLanguage\":\"en-GB\",\"potentialAction\":[{\"@type\":\"ReadAction\",\"target\":[\"https:\/\/product-guide.org\/produkt\/nuk-mini-me-flip-trinkflasche-aus-edelstahl-500ml-mit-2in1-trinkaufsatz-mint-nuk\/\"]}]},{\"@type\":\"ImageObject\",\"inLanguage\":\"en-GB\",\"@id\":\"https:\/\/product-guide.org\/produkt\/nuk-mini-me-flip-trinkflasche-aus-edelstahl-500ml-mit-2in1-trinkaufsatz-mint-nuk\/#primaryimage\",\"url\":\"https:\/\/product-guide.org\/wp-content\/uploads\/2025\/03\/nuk_mini_me_flip_trinkflasche_500ml_edelstahl_mint_l_2_1.jpg\",\"contentUrl\":\"https:\/\/product-guide.org\/wp-content\/uploads\/2025\/03\/nuk_mini_me_flip_trinkflasche_500ml_edelstahl_mint_l_2_1.jpg\",\"width\":400,\"height\":480},{\"@type\":\"BreadcrumbList\",\"@id\":\"https:\/\/product-guide.org\/produkt\/nuk-mini-me-flip-trinkflasche-aus-edelstahl-500ml-mit-2in1-trinkaufsatz-mint-nuk\/#breadcrumb\",\"itemListElement\":[{\"@type\":\"ListItem\",\"position\":1,\"name\":\"Home\",\"item\":\"https:\/\/product-guide.org\/\"},{\"@type\":\"ListItem\",\"position\":2,\"name\":\"Ergebnisse\",\"item\":\"https:\/\/product-guide.org\/de\/ergebnisse\/\"},{\"@type\":\"ListItem\",\"position\":3,\"name\":\"NUK Mini-Me Flip Trinkflasche aus Edelstahl 500ml mit 2in1 Trinkaufsatz mint | NUK\"}]},{\"@type\":\"WebSite\",\"@id\":\"https:\/\/product-guide.org\/#website\",\"url\":\"https:\/\/product-guide.org\/\",\"name\":\"Product-Guide.org\",\"description\":\"What Product are you looking for?\",\"publisher\":{\"@id\":\"https:\/\/product-guide.org\/#organization\"},\"potentialAction\":[{\"@type\":\"SearchAction\",\"target\":{\"@type\":\"EntryPoint\",\"urlTemplate\":\"https:\/\/product-guide.org\/?s={search_term_string}\"},\"query-input\":{\"@type\":\"PropertyValueSpecification\",\"valueRequired\":true,\"valueName\":\"search_term_string\"}}],\"inLanguage\":\"en-GB\"},{\"@type\":\"Organization\",\"@id\":\"https:\/\/product-guide.org\/#organization\",\"name\":\"Product-Guide.org\",\"url\":\"https:\/\/product-guide.org\/\",\"logo\":{\"@type\":\"ImageObject\",\"inLanguage\":\"en-GB\",\"@id\":\"https:\/\/product-guide.org\/#\/schema\/logo\/image\/\",\"url\":\"https:\/\/product-guide.org\/wp-content\/uploads\/2022\/07\/logo_transparent_background.png\",\"contentUrl\":\"https:\/\/product-guide.org\/wp-content\/uploads\/2022\/07\/logo_transparent_background.png\",\"width\":3400,\"height\":1132,\"caption\":\"Product-Guide.org\"},\"image\":{\"@id\":\"https:\/\/product-guide.org\/#\/schema\/logo\/image\/\"}}]}<\/script>\n<!-- \/ Yoast SEO plugin. -->","yoast_head_json":{"title":"NUK Mini-Me Flip Trinkflasche aus Edelstahl 500ml mit 2in1 Trinkaufsatz mint | NUK | Product-Guide.org","description":"NUK Mini-Me Flip Trinkflasche aus Edelstahl 500ml mit 2in1 Trinkaufsatz mint | NUK gefunden von Product-Guide.org","robots":{"index":"index","follow":"follow","max-snippet":"max-snippet:-1","max-image-preview":"max-image-preview:large","max-video-preview":"max-video-preview:-1"},"canonical":"https:\/\/product-guide.org\/en\/produkt\/nuk-mini-me-flip-trinkflasche-aus-edelstahl-500ml-mit-2in1-trinkaufsatz-mint-nuk\/","og_locale":"en_GB","og_type":"article","og_title":"NUK Mini-Me Flip Trinkflasche aus Edelstahl 500ml mit 2in1 Trinkaufsatz mint | NUK | Product-Guide.org","og_description":"NUK Mini-Me Flip Trinkflasche aus Edelstahl 500ml mit 2in1 Trinkaufsatz mint | NUK gefunden von Product-Guide.org","og_url":"https:\/\/product-guide.org\/en\/produkt\/nuk-mini-me-flip-trinkflasche-aus-edelstahl-500ml-mit-2in1-trinkaufsatz-mint-nuk\/","og_site_name":"Product-Guide.org","twitter_card":"summary_large_image","schema":{"@context":"https:\/\/schema.org","@graph":[{"@type":"WebPage","@id":"https:\/\/product-guide.org\/produkt\/nuk-mini-me-flip-trinkflasche-aus-edelstahl-500ml-mit-2in1-trinkaufsatz-mint-nuk\/","url":"https:\/\/product-guide.org\/produkt\/nuk-mini-me-flip-trinkflasche-aus-edelstahl-500ml-mit-2in1-trinkaufsatz-mint-nuk\/","name":"NUK Mini-Me Flip Trinkflasche aus Edelstahl 500ml mit 2in1 Trinkaufsatz mint | NUK | Product-Guide.org","isPartOf":{"@id":"https:\/\/product-guide.org\/#website"},"primaryImageOfPage":{"@id":"https:\/\/product-guide.org\/produkt\/nuk-mini-me-flip-trinkflasche-aus-edelstahl-500ml-mit-2in1-trinkaufsatz-mint-nuk\/#primaryimage"},"image":{"@id":"https:\/\/product-guide.org\/produkt\/nuk-mini-me-flip-trinkflasche-aus-edelstahl-500ml-mit-2in1-trinkaufsatz-mint-nuk\/#primaryimage"},"thumbnailUrl":"https:\/\/product-guide.org\/wp-content\/uploads\/2025\/03\/nuk_mini_me_flip_trinkflasche_500ml_edelstahl_mint_l_2_1.jpg","datePublished":"2025-03-17T10:53:27+00:00","description":"NUK Mini-Me Flip Trinkflasche aus Edelstahl 500ml mit 2in1 Trinkaufsatz mint | NUK gefunden von Product-Guide.org","breadcrumb":{"@id":"https:\/\/product-guide.org\/produkt\/nuk-mini-me-flip-trinkflasche-aus-edelstahl-500ml-mit-2in1-trinkaufsatz-mint-nuk\/#breadcrumb"},"inLanguage":"en-GB","potentialAction":[{"@type":"ReadAction","target":["https:\/\/product-guide.org\/produkt\/nuk-mini-me-flip-trinkflasche-aus-edelstahl-500ml-mit-2in1-trinkaufsatz-mint-nuk\/"]}]},{"@type":"ImageObject","inLanguage":"en-GB","@id":"https:\/\/product-guide.org\/produkt\/nuk-mini-me-flip-trinkflasche-aus-edelstahl-500ml-mit-2in1-trinkaufsatz-mint-nuk\/#primaryimage","url":"https:\/\/product-guide.org\/wp-content\/uploads\/2025\/03\/nuk_mini_me_flip_trinkflasche_500ml_edelstahl_mint_l_2_1.jpg","contentUrl":"https:\/\/product-guide.org\/wp-content\/uploads\/2025\/03\/nuk_mini_me_flip_trinkflasche_500ml_edelstahl_mint_l_2_1.jpg","width":400,"height":480},{"@type":"BreadcrumbList","@id":"https:\/\/product-guide.org\/produkt\/nuk-mini-me-flip-trinkflasche-aus-edelstahl-500ml-mit-2in1-trinkaufsatz-mint-nuk\/#breadcrumb","itemListElement":[{"@type":"ListItem","position":1,"name":"Home","item":"https:\/\/product-guide.org\/"},{"@type":"ListItem","position":2,"name":"Ergebnisse","item":"https:\/\/product-guide.org\/de\/ergebnisse\/"},{"@type":"ListItem","position":3,"name":"NUK Mini-Me Flip Trinkflasche aus Edelstahl 500ml mit 2in1 Trinkaufsatz mint | NUK"}]},{"@type":"WebSite","@id":"https:\/\/product-guide.org\/#website","url":"https:\/\/product-guide.org\/","name":"Product-Guide.org","description":"What Product are you looking for?","publisher":{"@id":"https:\/\/product-guide.org\/#organization"},"potentialAction":[{"@type":"SearchAction","target":{"@type":"EntryPoint","urlTemplate":"https:\/\/product-guide.org\/?s={search_term_string}"},"query-input":{"@type":"PropertyValueSpecification","valueRequired":true,"valueName":"search_term_string"}}],"inLanguage":"en-GB"},{"@type":"Organization","@id":"https:\/\/product-guide.org\/#organization","name":"Product-Guide.org","url":"https:\/\/product-guide.org\/","logo":{"@type":"ImageObject","inLanguage":"en-GB","@id":"https:\/\/product-guide.org\/#\/schema\/logo\/image\/","url":"https:\/\/product-guide.org\/wp-content\/uploads\/2022\/07\/logo_transparent_background.png","contentUrl":"https:\/\/product-guide.org\/wp-content\/uploads\/2022\/07\/logo_transparent_background.png","width":3400,"height":1132,"caption":"Product-Guide.org"},"image":{"@id":"https:\/\/product-guide.org\/#\/schema\/logo\/image\/"}}]}},"_links":{"self":[{"href":"https:\/\/product-guide.org\/en\/wp-json\/wp\/v2\/product\/53476","targetHints":{"allow":["GET"]}}],"collection":[{"href":"https:\/\/product-guide.org\/en\/wp-json\/wp\/v2\/product"}],"about":[{"href":"https:\/\/product-guide.org\/en\/wp-json\/wp\/v2\/types\/product"}],"wp:featuredmedia":[{"embeddable":true,"href":"https:\/\/product-guide.org\/en\/wp-json\/wp\/v2\/media\/53475"}],"wp:attachment":[{"href":"https:\/\/product-guide.org\/en\/wp-json\/wp\/v2\/media?parent=53476"}],"wp:term":[{"taxonomy":"store","embeddable":true,"href":"https:\/\/product-guide.org\/en\/wp-json\/wp\/v2\/store?post=53476"},{"taxonomy":"product_brand","embeddable":true,"href":"https:\/\/product-guide.org\/en\/wp-json\/wp\/v2\/product_brand?post=53476"},{"taxonomy":"product_cat","embeddable":true,"href":"https:\/\/product-guide.org\/en\/wp-json\/wp\/v2\/product_cat?post=53476"},{"taxonomy":"product_tag","embeddable":true,"href":"https:\/\/product-guide.org\/en\/wp-json\/wp\/v2\/product_tag?post=53476"}],"curies":[{"name":"wp","href":"https:\/\/api.w.org\/{rel}","templated":true}]}}