{"id":53488,"date":"2025-03-17T11:53:34","date_gmt":"2025-03-17T10:53:34","guid":{"rendered":"https:\/\/product-guide.org\/produkt\/nuk-perfect-match-multipack-4er-flaschen-set-nuk\/"},"modified":"2025-03-17T11:53:34","modified_gmt":"2025-03-17T10:53:34","slug":"nuk-perfect-match-multipack-4er-flaschen-set-nuk","status":"publish","type":"product","link":"https:\/\/product-guide.org\/en\/produkt\/nuk-perfect-match-multipack-4er-flaschen-set-nuk\/","title":{"rendered":"NUK Perfect Match Multipack 4er Flaschen-Set | NUK"},"content":{"rendered":"<p>NUK Perfect Match Multipack, 4er Flaschen-Set, mit weichem Silikon-Trinksauger, ab 0 Monate BPA-frei, Anti-Colic, mit Temperature Control, wei\u00df &#038; beige NUK Perfect Match \u2013 Die Flasche, die sich deinem Baby anpasst Eine Flasche, die einfach passt. Weil sie sich anpasst. Ohne langes Suchen, ohne Rumprobieren. Der Sauger der neuen NUK Perfect Match ist besonders weich und so elastisch, dass er sich sanft an die Lippen und den Gaumen anschmiegt. Die flie\u00dfende Form des Saugers macht es deinem Baby leicht, so anzusetzen, wie es sein soll: Der Mund ist weit ge\u00f6ffnet und die Lippen umschlie\u00dfen den Sauger. So flie\u00dft die Milch ruhig und nat\u00fcrlich, damit dein Baby entspannt trinken kann. *Unabh\u00e4ngige Marktforschung, Deutschland, 2023 Breite Lippenauflage Durch die gro\u00dfe, weiche Lippenauflage hat das Baby beim F\u00fcttern keinen Kontakt mit hartem Kunststoff, sondern \u00fcberall ein haut\u00e4hnliches Gef\u00fchl. Alles so, wie medizinische Experten es empfehlen. Ruhiger Nahrungsfluss Weiches Material, flie\u00dfende Form, Anti-Colic-Funktion und drei Saugergr\u00f6\u00dfen zur Auswahl. So einfach geht entspanntes Trinken. Immer angepasst an dein Baby. Sicheres Gef\u00fchl Ein gutes Gef\u00fchl! Wenn\u2019s richtig rund geht, f\u00fchlt sich etwas zus\u00e4tzliche Sicherheit einfach gut an. Die patentierte Temperature Control Anzeige best\u00e4tigt dir, dass du nicht zu hei\u00df f\u00fctterst: Ist die Nahrung zu hei\u00df, wird die sonst blaue Anzeige wei\u00df. Wichtig: NUK Temperature Control dient als zus\u00e4tzliche Kontrolle. Deshalb sollte die Temperatur der Nahrung vor dem F\u00fcttern mit ein paar Tropfen aufs Handgelenk gepr\u00fcft werden. Deckel mit Doppelfunktion Bei geschlossenem Deckel ist die Flasche auslaufsicher und der Trinksauger vor Verschmutzung gesch\u00fctzt. Einfach sauber Nur vier Teile. Einfach zu zerlegen. Leicht zu reinigen. Handliche Form Durch ihre mittig verj\u00fcngte Form liegt die Flasche in jeder Haltung angenehm in der Hand und rutscht nicht aus den Fingern. Von Hebammen getestet \u2013 98 % Empfehlung 100 erfahrene Hebammen haben unsere NUK Perfect Match Flasche \u00fcber einen Zeitraum von vier Wochen getestet. Dabei wurden sowohl die Meinungen der Hebammen selbst als auch die ihrer betreuten Schwangeren, Stillenden, M\u00fctter und Eltern eingeholt. Das Ergebnis kann sich sehen lassen: 98 % der Hebammen empfehlen die NUK Perfect Match Flasche.** Auch das Feedback der Hebammen-Testerinnen spricht f\u00fcr sich: \u201eSehr gute und stillfreundliche Flasche. Sie l\u00e4sst sich sehr einfach reinigen und hat eine hohe Akzeptanz bei den Babys. Die NUK Perfect Match Flasche ist wirklich eine gute Empfehlung f\u00fcr die Familien.\u201c \u201eTolle neue Flasche auf dem Markt. L\u00f6st f\u00fcr mich die MAM Flasche ab.\u201c \u201eIch empfehle diese Flasche sehr oft und das Feedback ist super.\u201c **Ergebnis aus dem Produkttest 12\/2024 mit Hebammen-testen.de mit 100 Hebammen und 98% Empfehlung. Alle Testergebnisse auf www.hebammen-testen.de (http:\/\/www.hebammen-testen.de) NUK Babyflaschen entsprechen der Europ\u00e4ischen Sicherheitsnorm EN14350. Lesen Sie sorgf\u00e4ltig die Warn- und Gebrauchshinweise im Inneren. Bitte Produktinformation und Artikel-\/ LOT-Nr. zur sp\u00e4teren Verwendung aufheben. NUK Perfect Match Zubeh\u00f6rteile sind nur innerhalb ihrer Produktreihe kombinierbar. MAPA GmbH | Industriestr. 21-25 | 27404 Zeven | Germany | www.nuk.com<\/p>\n","protected":false},"excerpt":{"rendered":"<p>NUK Perfect Match Multipack, 4er Flaschen-Set, mit weichem Silikon-Trinksauger, ab 0 Monate BPA-frei, Anti-Colic, mit Temperature Control, wei\u00df &#038; beige NUK Perfect Match \u2013 Die Flasche, die sich deinem Baby anpasst Eine Flasche, die einfach passt. Weil sie sich anpasst. Ohne langes Suchen, ohne Rumprobieren. Der Sauger der neuen NUK Perfect Match ist besonders weich [&hellip;]<\/p>\n","protected":false},"featured_media":53487,"template":"","meta":{"_gspb_post_css":""},"store":[],"product_brand":[1408],"product_cat":[1290],"product_tag":[],"class_list":{"0":"post-53488","1":"product","2":"type-product","3":"status-publish","4":"has-post-thumbnail","6":"product_brand-nuk-de","7":"product_cat-uncategorized","9":"first","10":"instock","11":"shipping-taxable","12":"purchasable","13":"product-type-simple"},"yoast_head":"<!-- This site is optimized with the Yoast SEO plugin v24.6 - https:\/\/yoast.com\/wordpress\/plugins\/seo\/ -->\n<title>NUK Perfect Match Multipack 4er Flaschen-Set | NUK | Product-Guide.org<\/title>\n<meta name=\"description\" content=\"NUK Perfect Match Multipack 4er Flaschen-Set | NUK gefunden von Product-Guide.org\" \/>\n<meta name=\"robots\" content=\"index, follow, max-snippet:-1, max-image-preview:large, max-video-preview:-1\" \/>\n<link rel=\"canonical\" href=\"https:\/\/product-guide.org\/en\/produkt\/nuk-perfect-match-multipack-4er-flaschen-set-nuk\/\" \/>\n<meta property=\"og:locale\" content=\"en_GB\" \/>\n<meta property=\"og:type\" content=\"article\" \/>\n<meta property=\"og:title\" content=\"NUK Perfect Match Multipack 4er Flaschen-Set | NUK | Product-Guide.org\" \/>\n<meta property=\"og:description\" content=\"NUK Perfect Match Multipack 4er Flaschen-Set | NUK gefunden von Product-Guide.org\" \/>\n<meta property=\"og:url\" content=\"https:\/\/product-guide.org\/en\/produkt\/nuk-perfect-match-multipack-4er-flaschen-set-nuk\/\" \/>\n<meta property=\"og:site_name\" content=\"Product-Guide.org\" \/>\n<meta name=\"twitter:card\" content=\"summary_large_image\" \/>\n<script type=\"application\/ld+json\" class=\"yoast-schema-graph\">{\"@context\":\"https:\/\/schema.org\",\"@graph\":[{\"@type\":\"WebPage\",\"@id\":\"https:\/\/product-guide.org\/produkt\/nuk-perfect-match-multipack-4er-flaschen-set-nuk\/\",\"url\":\"https:\/\/product-guide.org\/produkt\/nuk-perfect-match-multipack-4er-flaschen-set-nuk\/\",\"name\":\"NUK Perfect Match Multipack 4er Flaschen-Set | NUK | Product-Guide.org\",\"isPartOf\":{\"@id\":\"https:\/\/product-guide.org\/#website\"},\"primaryImageOfPage\":{\"@id\":\"https:\/\/product-guide.org\/produkt\/nuk-perfect-match-multipack-4er-flaschen-set-nuk\/#primaryimage\"},\"image\":{\"@id\":\"https:\/\/product-guide.org\/produkt\/nuk-perfect-match-multipack-4er-flaschen-set-nuk\/#primaryimage\"},\"thumbnailUrl\":\"https:\/\/product-guide.org\/wp-content\/uploads\/2025\/03\/400x480_perfect_match_prod_multipack_4er_set_siegel.jpg\",\"datePublished\":\"2025-03-17T10:53:34+00:00\",\"description\":\"NUK Perfect Match Multipack 4er Flaschen-Set | NUK gefunden von Product-Guide.org\",\"breadcrumb\":{\"@id\":\"https:\/\/product-guide.org\/produkt\/nuk-perfect-match-multipack-4er-flaschen-set-nuk\/#breadcrumb\"},\"inLanguage\":\"en-GB\",\"potentialAction\":[{\"@type\":\"ReadAction\",\"target\":[\"https:\/\/product-guide.org\/produkt\/nuk-perfect-match-multipack-4er-flaschen-set-nuk\/\"]}]},{\"@type\":\"ImageObject\",\"inLanguage\":\"en-GB\",\"@id\":\"https:\/\/product-guide.org\/produkt\/nuk-perfect-match-multipack-4er-flaschen-set-nuk\/#primaryimage\",\"url\":\"https:\/\/product-guide.org\/wp-content\/uploads\/2025\/03\/400x480_perfect_match_prod_multipack_4er_set_siegel.jpg\",\"contentUrl\":\"https:\/\/product-guide.org\/wp-content\/uploads\/2025\/03\/400x480_perfect_match_prod_multipack_4er_set_siegel.jpg\",\"width\":400,\"height\":480},{\"@type\":\"BreadcrumbList\",\"@id\":\"https:\/\/product-guide.org\/produkt\/nuk-perfect-match-multipack-4er-flaschen-set-nuk\/#breadcrumb\",\"itemListElement\":[{\"@type\":\"ListItem\",\"position\":1,\"name\":\"Home\",\"item\":\"https:\/\/product-guide.org\/\"},{\"@type\":\"ListItem\",\"position\":2,\"name\":\"Ergebnisse\",\"item\":\"https:\/\/product-guide.org\/de\/ergebnisse\/\"},{\"@type\":\"ListItem\",\"position\":3,\"name\":\"NUK Perfect Match Multipack 4er Flaschen-Set | NUK\"}]},{\"@type\":\"WebSite\",\"@id\":\"https:\/\/product-guide.org\/#website\",\"url\":\"https:\/\/product-guide.org\/\",\"name\":\"Product-Guide.org\",\"description\":\"What Product are you looking for?\",\"publisher\":{\"@id\":\"https:\/\/product-guide.org\/#organization\"},\"potentialAction\":[{\"@type\":\"SearchAction\",\"target\":{\"@type\":\"EntryPoint\",\"urlTemplate\":\"https:\/\/product-guide.org\/?s={search_term_string}\"},\"query-input\":{\"@type\":\"PropertyValueSpecification\",\"valueRequired\":true,\"valueName\":\"search_term_string\"}}],\"inLanguage\":\"en-GB\"},{\"@type\":\"Organization\",\"@id\":\"https:\/\/product-guide.org\/#organization\",\"name\":\"Product-Guide.org\",\"url\":\"https:\/\/product-guide.org\/\",\"logo\":{\"@type\":\"ImageObject\",\"inLanguage\":\"en-GB\",\"@id\":\"https:\/\/product-guide.org\/#\/schema\/logo\/image\/\",\"url\":\"https:\/\/product-guide.org\/wp-content\/uploads\/2022\/07\/logo_transparent_background.png\",\"contentUrl\":\"https:\/\/product-guide.org\/wp-content\/uploads\/2022\/07\/logo_transparent_background.png\",\"width\":3400,\"height\":1132,\"caption\":\"Product-Guide.org\"},\"image\":{\"@id\":\"https:\/\/product-guide.org\/#\/schema\/logo\/image\/\"}}]}<\/script>\n<!-- \/ Yoast SEO plugin. -->","yoast_head_json":{"title":"NUK Perfect Match Multipack 4er Flaschen-Set | NUK | Product-Guide.org","description":"NUK Perfect Match Multipack 4er Flaschen-Set | NUK gefunden von Product-Guide.org","robots":{"index":"index","follow":"follow","max-snippet":"max-snippet:-1","max-image-preview":"max-image-preview:large","max-video-preview":"max-video-preview:-1"},"canonical":"https:\/\/product-guide.org\/en\/produkt\/nuk-perfect-match-multipack-4er-flaschen-set-nuk\/","og_locale":"en_GB","og_type":"article","og_title":"NUK Perfect Match Multipack 4er Flaschen-Set | NUK | Product-Guide.org","og_description":"NUK Perfect Match Multipack 4er Flaschen-Set | NUK gefunden von Product-Guide.org","og_url":"https:\/\/product-guide.org\/en\/produkt\/nuk-perfect-match-multipack-4er-flaschen-set-nuk\/","og_site_name":"Product-Guide.org","twitter_card":"summary_large_image","schema":{"@context":"https:\/\/schema.org","@graph":[{"@type":"WebPage","@id":"https:\/\/product-guide.org\/produkt\/nuk-perfect-match-multipack-4er-flaschen-set-nuk\/","url":"https:\/\/product-guide.org\/produkt\/nuk-perfect-match-multipack-4er-flaschen-set-nuk\/","name":"NUK Perfect Match Multipack 4er Flaschen-Set | NUK | Product-Guide.org","isPartOf":{"@id":"https:\/\/product-guide.org\/#website"},"primaryImageOfPage":{"@id":"https:\/\/product-guide.org\/produkt\/nuk-perfect-match-multipack-4er-flaschen-set-nuk\/#primaryimage"},"image":{"@id":"https:\/\/product-guide.org\/produkt\/nuk-perfect-match-multipack-4er-flaschen-set-nuk\/#primaryimage"},"thumbnailUrl":"https:\/\/product-guide.org\/wp-content\/uploads\/2025\/03\/400x480_perfect_match_prod_multipack_4er_set_siegel.jpg","datePublished":"2025-03-17T10:53:34+00:00","description":"NUK Perfect Match Multipack 4er Flaschen-Set | NUK gefunden von Product-Guide.org","breadcrumb":{"@id":"https:\/\/product-guide.org\/produkt\/nuk-perfect-match-multipack-4er-flaschen-set-nuk\/#breadcrumb"},"inLanguage":"en-GB","potentialAction":[{"@type":"ReadAction","target":["https:\/\/product-guide.org\/produkt\/nuk-perfect-match-multipack-4er-flaschen-set-nuk\/"]}]},{"@type":"ImageObject","inLanguage":"en-GB","@id":"https:\/\/product-guide.org\/produkt\/nuk-perfect-match-multipack-4er-flaschen-set-nuk\/#primaryimage","url":"https:\/\/product-guide.org\/wp-content\/uploads\/2025\/03\/400x480_perfect_match_prod_multipack_4er_set_siegel.jpg","contentUrl":"https:\/\/product-guide.org\/wp-content\/uploads\/2025\/03\/400x480_perfect_match_prod_multipack_4er_set_siegel.jpg","width":400,"height":480},{"@type":"BreadcrumbList","@id":"https:\/\/product-guide.org\/produkt\/nuk-perfect-match-multipack-4er-flaschen-set-nuk\/#breadcrumb","itemListElement":[{"@type":"ListItem","position":1,"name":"Home","item":"https:\/\/product-guide.org\/"},{"@type":"ListItem","position":2,"name":"Ergebnisse","item":"https:\/\/product-guide.org\/de\/ergebnisse\/"},{"@type":"ListItem","position":3,"name":"NUK Perfect Match Multipack 4er Flaschen-Set | NUK"}]},{"@type":"WebSite","@id":"https:\/\/product-guide.org\/#website","url":"https:\/\/product-guide.org\/","name":"Product-Guide.org","description":"What Product are you looking for?","publisher":{"@id":"https:\/\/product-guide.org\/#organization"},"potentialAction":[{"@type":"SearchAction","target":{"@type":"EntryPoint","urlTemplate":"https:\/\/product-guide.org\/?s={search_term_string}"},"query-input":{"@type":"PropertyValueSpecification","valueRequired":true,"valueName":"search_term_string"}}],"inLanguage":"en-GB"},{"@type":"Organization","@id":"https:\/\/product-guide.org\/#organization","name":"Product-Guide.org","url":"https:\/\/product-guide.org\/","logo":{"@type":"ImageObject","inLanguage":"en-GB","@id":"https:\/\/product-guide.org\/#\/schema\/logo\/image\/","url":"https:\/\/product-guide.org\/wp-content\/uploads\/2022\/07\/logo_transparent_background.png","contentUrl":"https:\/\/product-guide.org\/wp-content\/uploads\/2022\/07\/logo_transparent_background.png","width":3400,"height":1132,"caption":"Product-Guide.org"},"image":{"@id":"https:\/\/product-guide.org\/#\/schema\/logo\/image\/"}}]}},"_links":{"self":[{"href":"https:\/\/product-guide.org\/en\/wp-json\/wp\/v2\/product\/53488","targetHints":{"allow":["GET"]}}],"collection":[{"href":"https:\/\/product-guide.org\/en\/wp-json\/wp\/v2\/product"}],"about":[{"href":"https:\/\/product-guide.org\/en\/wp-json\/wp\/v2\/types\/product"}],"wp:featuredmedia":[{"embeddable":true,"href":"https:\/\/product-guide.org\/en\/wp-json\/wp\/v2\/media\/53487"}],"wp:attachment":[{"href":"https:\/\/product-guide.org\/en\/wp-json\/wp\/v2\/media?parent=53488"}],"wp:term":[{"taxonomy":"store","embeddable":true,"href":"https:\/\/product-guide.org\/en\/wp-json\/wp\/v2\/store?post=53488"},{"taxonomy":"product_brand","embeddable":true,"href":"https:\/\/product-guide.org\/en\/wp-json\/wp\/v2\/product_brand?post=53488"},{"taxonomy":"product_cat","embeddable":true,"href":"https:\/\/product-guide.org\/en\/wp-json\/wp\/v2\/product_cat?post=53488"},{"taxonomy":"product_tag","embeddable":true,"href":"https:\/\/product-guide.org\/en\/wp-json\/wp\/v2\/product_tag?post=53488"}],"curies":[{"name":"wp","href":"https:\/\/api.w.org\/{rel}","templated":true}]}}