{"id":53508,"date":"2025-03-17T11:53:48","date_gmt":"2025-03-17T10:53:48","guid":{"rendered":"https:\/\/product-guide.org\/produkt\/sistema-450ml-sandwich-box-to-go-ocean-bound-plastic-nuk\/"},"modified":"2025-03-17T11:53:48","modified_gmt":"2025-03-17T10:53:48","slug":"sistema-450ml-sandwich-box-to-go-ocean-bound-plastic-nuk","status":"publish","type":"product","link":"https:\/\/product-guide.org\/en\/produkt\/sistema-450ml-sandwich-box-to-go-ocean-bound-plastic-nuk\/","title":{"rendered":"Sistema 450ml Sandwich Box To Go Ocean Bound Plastic | NUK"},"content":{"rendered":"<p>Die Sistema Sandwichbox hat die perfekte Gr\u00f6\u00dfe und Form, um ein leckeres Sandwich \u00fcberallhin mitzunehmen. Sie besteht zu mindestens 35 % aus recyceltem, ozeangebundenem Kunststoff (Kunststoffabf\u00e4lle, die unsachgem\u00e4\u00df an Land, an Ufern, in Wasserstra\u00dfen und in Flussgebieten entsorgt wurden und die Gefahr einer Verschmutzung der Meere darstellen). Er ist lebensmittelecht, langlebig und wiederverwendbar, was ihn zur perfekten Wahl f\u00fcr alle Lebensstile macht. Mit seinem umweltfreundlichen Design k\u00f6nnen Sie dazu beitragen, den Bedarf an Plastikt\u00fcten, Frischhalte- und Alufolie zu reduzieren und die Umwelt zu entlasten.<\/p>\n","protected":false},"excerpt":{"rendered":"<p>Die Sistema Sandwichbox hat die perfekte Gr\u00f6\u00dfe und Form, um ein leckeres Sandwich \u00fcberallhin mitzunehmen. Sie besteht zu mindestens 35 % aus recyceltem, ozeangebundenem Kunststoff (Kunststoffabf\u00e4lle, die unsachgem\u00e4\u00df an Land, an Ufern, in Wasserstra\u00dfen und in Flussgebieten entsorgt wurden und die Gefahr einer Verschmutzung der Meere darstellen). Er ist lebensmittelecht, langlebig und wiederverwendbar, was ihn [&hellip;]<\/p>\n","protected":false},"featured_media":53507,"template":"","meta":{"_gspb_post_css":""},"store":[],"product_brand":[1408],"product_cat":[1290],"product_tag":[],"class_list":{"0":"post-53508","1":"product","2":"type-product","3":"status-publish","4":"has-post-thumbnail","6":"product_brand-nuk-de","7":"product_cat-uncategorized","9":"first","10":"instock","11":"shipping-taxable","12":"purchasable","13":"product-type-simple"},"yoast_head":"<!-- This site is optimized with the Yoast SEO plugin v24.6 - https:\/\/yoast.com\/wordpress\/plugins\/seo\/ -->\n<title>Sistema 450ml Sandwich Box To Go Ocean Bound Plastic | NUK | Product-Guide.org<\/title>\n<meta name=\"description\" content=\"Sistema 450ml Sandwich Box To Go Ocean Bound Plastic | NUK gefunden von Product-Guide.org\" \/>\n<meta name=\"robots\" content=\"index, follow, max-snippet:-1, max-image-preview:large, max-video-preview:-1\" \/>\n<link rel=\"canonical\" href=\"https:\/\/product-guide.org\/en\/produkt\/sistema-450ml-sandwich-box-to-go-ocean-bound-plastic-nuk\/\" \/>\n<meta property=\"og:locale\" content=\"en_GB\" \/>\n<meta property=\"og:type\" content=\"article\" \/>\n<meta property=\"og:title\" content=\"Sistema 450ml Sandwich Box To Go Ocean Bound Plastic | NUK | Product-Guide.org\" \/>\n<meta property=\"og:description\" content=\"Sistema 450ml Sandwich Box To Go Ocean Bound Plastic | NUK gefunden von Product-Guide.org\" \/>\n<meta property=\"og:url\" content=\"https:\/\/product-guide.org\/en\/produkt\/sistema-450ml-sandwich-box-to-go-ocean-bound-plastic-nuk\/\" \/>\n<meta property=\"og:site_name\" content=\"Product-Guide.org\" \/>\n<meta name=\"twitter:card\" content=\"summary_large_image\" \/>\n<script type=\"application\/ld+json\" class=\"yoast-schema-graph\">{\"@context\":\"https:\/\/schema.org\",\"@graph\":[{\"@type\":\"WebPage\",\"@id\":\"https:\/\/product-guide.org\/produkt\/sistema-450ml-sandwich-box-to-go-ocean-bound-plastic-nuk\/\",\"url\":\"https:\/\/product-guide.org\/produkt\/sistema-450ml-sandwich-box-to-go-ocean-bound-plastic-nuk\/\",\"name\":\"Sistema 450ml Sandwich Box To Go Ocean Bound Plastic | NUK | Product-Guide.org\",\"isPartOf\":{\"@id\":\"https:\/\/product-guide.org\/#website\"},\"primaryImageOfPage\":{\"@id\":\"https:\/\/product-guide.org\/produkt\/sistema-450ml-sandwich-box-to-go-ocean-bound-plastic-nuk\/#primaryimage\"},\"image\":{\"@id\":\"https:\/\/product-guide.org\/produkt\/sistema-450ml-sandwich-box-to-go-ocean-bound-plastic-nuk\/#primaryimage\"},\"thumbnailUrl\":\"https:\/\/product-guide.org\/wp-content\/uploads\/2025\/03\/sistema_lunchbox_4730_1l.jpg\",\"datePublished\":\"2025-03-17T10:53:48+00:00\",\"description\":\"Sistema 450ml Sandwich Box To Go Ocean Bound Plastic | NUK gefunden von Product-Guide.org\",\"breadcrumb\":{\"@id\":\"https:\/\/product-guide.org\/produkt\/sistema-450ml-sandwich-box-to-go-ocean-bound-plastic-nuk\/#breadcrumb\"},\"inLanguage\":\"en-GB\",\"potentialAction\":[{\"@type\":\"ReadAction\",\"target\":[\"https:\/\/product-guide.org\/produkt\/sistema-450ml-sandwich-box-to-go-ocean-bound-plastic-nuk\/\"]}]},{\"@type\":\"ImageObject\",\"inLanguage\":\"en-GB\",\"@id\":\"https:\/\/product-guide.org\/produkt\/sistema-450ml-sandwich-box-to-go-ocean-bound-plastic-nuk\/#primaryimage\",\"url\":\"https:\/\/product-guide.org\/wp-content\/uploads\/2025\/03\/sistema_lunchbox_4730_1l.jpg\",\"contentUrl\":\"https:\/\/product-guide.org\/wp-content\/uploads\/2025\/03\/sistema_lunchbox_4730_1l.jpg\",\"width\":400,\"height\":480},{\"@type\":\"BreadcrumbList\",\"@id\":\"https:\/\/product-guide.org\/produkt\/sistema-450ml-sandwich-box-to-go-ocean-bound-plastic-nuk\/#breadcrumb\",\"itemListElement\":[{\"@type\":\"ListItem\",\"position\":1,\"name\":\"Home\",\"item\":\"https:\/\/product-guide.org\/\"},{\"@type\":\"ListItem\",\"position\":2,\"name\":\"Ergebnisse\",\"item\":\"https:\/\/product-guide.org\/de\/ergebnisse\/\"},{\"@type\":\"ListItem\",\"position\":3,\"name\":\"Sistema 450ml Sandwich Box To Go Ocean Bound Plastic | NUK\"}]},{\"@type\":\"WebSite\",\"@id\":\"https:\/\/product-guide.org\/#website\",\"url\":\"https:\/\/product-guide.org\/\",\"name\":\"Product-Guide.org\",\"description\":\"What Product are you looking for?\",\"publisher\":{\"@id\":\"https:\/\/product-guide.org\/#organization\"},\"potentialAction\":[{\"@type\":\"SearchAction\",\"target\":{\"@type\":\"EntryPoint\",\"urlTemplate\":\"https:\/\/product-guide.org\/?s={search_term_string}\"},\"query-input\":{\"@type\":\"PropertyValueSpecification\",\"valueRequired\":true,\"valueName\":\"search_term_string\"}}],\"inLanguage\":\"en-GB\"},{\"@type\":\"Organization\",\"@id\":\"https:\/\/product-guide.org\/#organization\",\"name\":\"Product-Guide.org\",\"url\":\"https:\/\/product-guide.org\/\",\"logo\":{\"@type\":\"ImageObject\",\"inLanguage\":\"en-GB\",\"@id\":\"https:\/\/product-guide.org\/#\/schema\/logo\/image\/\",\"url\":\"https:\/\/product-guide.org\/wp-content\/uploads\/2022\/07\/logo_transparent_background.png\",\"contentUrl\":\"https:\/\/product-guide.org\/wp-content\/uploads\/2022\/07\/logo_transparent_background.png\",\"width\":3400,\"height\":1132,\"caption\":\"Product-Guide.org\"},\"image\":{\"@id\":\"https:\/\/product-guide.org\/#\/schema\/logo\/image\/\"}}]}<\/script>\n<!-- \/ Yoast SEO plugin. -->","yoast_head_json":{"title":"Sistema 450ml Sandwich Box To Go Ocean Bound Plastic | NUK | Product-Guide.org","description":"Sistema 450ml Sandwich Box To Go Ocean Bound Plastic | NUK gefunden von Product-Guide.org","robots":{"index":"index","follow":"follow","max-snippet":"max-snippet:-1","max-image-preview":"max-image-preview:large","max-video-preview":"max-video-preview:-1"},"canonical":"https:\/\/product-guide.org\/en\/produkt\/sistema-450ml-sandwich-box-to-go-ocean-bound-plastic-nuk\/","og_locale":"en_GB","og_type":"article","og_title":"Sistema 450ml Sandwich Box To Go Ocean Bound Plastic | NUK | Product-Guide.org","og_description":"Sistema 450ml Sandwich Box To Go Ocean Bound Plastic | NUK gefunden von Product-Guide.org","og_url":"https:\/\/product-guide.org\/en\/produkt\/sistema-450ml-sandwich-box-to-go-ocean-bound-plastic-nuk\/","og_site_name":"Product-Guide.org","twitter_card":"summary_large_image","schema":{"@context":"https:\/\/schema.org","@graph":[{"@type":"WebPage","@id":"https:\/\/product-guide.org\/produkt\/sistema-450ml-sandwich-box-to-go-ocean-bound-plastic-nuk\/","url":"https:\/\/product-guide.org\/produkt\/sistema-450ml-sandwich-box-to-go-ocean-bound-plastic-nuk\/","name":"Sistema 450ml Sandwich Box To Go Ocean Bound Plastic | NUK | Product-Guide.org","isPartOf":{"@id":"https:\/\/product-guide.org\/#website"},"primaryImageOfPage":{"@id":"https:\/\/product-guide.org\/produkt\/sistema-450ml-sandwich-box-to-go-ocean-bound-plastic-nuk\/#primaryimage"},"image":{"@id":"https:\/\/product-guide.org\/produkt\/sistema-450ml-sandwich-box-to-go-ocean-bound-plastic-nuk\/#primaryimage"},"thumbnailUrl":"https:\/\/product-guide.org\/wp-content\/uploads\/2025\/03\/sistema_lunchbox_4730_1l.jpg","datePublished":"2025-03-17T10:53:48+00:00","description":"Sistema 450ml Sandwich Box To Go Ocean Bound Plastic | NUK gefunden von Product-Guide.org","breadcrumb":{"@id":"https:\/\/product-guide.org\/produkt\/sistema-450ml-sandwich-box-to-go-ocean-bound-plastic-nuk\/#breadcrumb"},"inLanguage":"en-GB","potentialAction":[{"@type":"ReadAction","target":["https:\/\/product-guide.org\/produkt\/sistema-450ml-sandwich-box-to-go-ocean-bound-plastic-nuk\/"]}]},{"@type":"ImageObject","inLanguage":"en-GB","@id":"https:\/\/product-guide.org\/produkt\/sistema-450ml-sandwich-box-to-go-ocean-bound-plastic-nuk\/#primaryimage","url":"https:\/\/product-guide.org\/wp-content\/uploads\/2025\/03\/sistema_lunchbox_4730_1l.jpg","contentUrl":"https:\/\/product-guide.org\/wp-content\/uploads\/2025\/03\/sistema_lunchbox_4730_1l.jpg","width":400,"height":480},{"@type":"BreadcrumbList","@id":"https:\/\/product-guide.org\/produkt\/sistema-450ml-sandwich-box-to-go-ocean-bound-plastic-nuk\/#breadcrumb","itemListElement":[{"@type":"ListItem","position":1,"name":"Home","item":"https:\/\/product-guide.org\/"},{"@type":"ListItem","position":2,"name":"Ergebnisse","item":"https:\/\/product-guide.org\/de\/ergebnisse\/"},{"@type":"ListItem","position":3,"name":"Sistema 450ml Sandwich Box To Go Ocean Bound Plastic | NUK"}]},{"@type":"WebSite","@id":"https:\/\/product-guide.org\/#website","url":"https:\/\/product-guide.org\/","name":"Product-Guide.org","description":"What Product are you looking for?","publisher":{"@id":"https:\/\/product-guide.org\/#organization"},"potentialAction":[{"@type":"SearchAction","target":{"@type":"EntryPoint","urlTemplate":"https:\/\/product-guide.org\/?s={search_term_string}"},"query-input":{"@type":"PropertyValueSpecification","valueRequired":true,"valueName":"search_term_string"}}],"inLanguage":"en-GB"},{"@type":"Organization","@id":"https:\/\/product-guide.org\/#organization","name":"Product-Guide.org","url":"https:\/\/product-guide.org\/","logo":{"@type":"ImageObject","inLanguage":"en-GB","@id":"https:\/\/product-guide.org\/#\/schema\/logo\/image\/","url":"https:\/\/product-guide.org\/wp-content\/uploads\/2022\/07\/logo_transparent_background.png","contentUrl":"https:\/\/product-guide.org\/wp-content\/uploads\/2022\/07\/logo_transparent_background.png","width":3400,"height":1132,"caption":"Product-Guide.org"},"image":{"@id":"https:\/\/product-guide.org\/#\/schema\/logo\/image\/"}}]}},"_links":{"self":[{"href":"https:\/\/product-guide.org\/en\/wp-json\/wp\/v2\/product\/53508","targetHints":{"allow":["GET"]}}],"collection":[{"href":"https:\/\/product-guide.org\/en\/wp-json\/wp\/v2\/product"}],"about":[{"href":"https:\/\/product-guide.org\/en\/wp-json\/wp\/v2\/types\/product"}],"wp:featuredmedia":[{"embeddable":true,"href":"https:\/\/product-guide.org\/en\/wp-json\/wp\/v2\/media\/53507"}],"wp:attachment":[{"href":"https:\/\/product-guide.org\/en\/wp-json\/wp\/v2\/media?parent=53508"}],"wp:term":[{"taxonomy":"store","embeddable":true,"href":"https:\/\/product-guide.org\/en\/wp-json\/wp\/v2\/store?post=53508"},{"taxonomy":"product_brand","embeddable":true,"href":"https:\/\/product-guide.org\/en\/wp-json\/wp\/v2\/product_brand?post=53508"},{"taxonomy":"product_cat","embeddable":true,"href":"https:\/\/product-guide.org\/en\/wp-json\/wp\/v2\/product_cat?post=53508"},{"taxonomy":"product_tag","embeddable":true,"href":"https:\/\/product-guide.org\/en\/wp-json\/wp\/v2\/product_tag?post=53508"}],"curies":[{"name":"wp","href":"https:\/\/api.w.org\/{rel}","templated":true}]}}