{"id":53518,"date":"2025-03-17T11:53:54","date_gmt":"2025-03-17T10:53:54","guid":{"rendered":"https:\/\/product-guide.org\/produkt\/sistema-runde-mikrowellenschussel-915ml-nuk\/"},"modified":"2025-03-17T11:53:54","modified_gmt":"2025-03-17T10:53:54","slug":"sistema-runde-mikrowellenschussel-915ml-nuk","status":"publish","type":"product","link":"https:\/\/product-guide.org\/en\/produkt\/sistema-runde-mikrowellenschussel-915ml-nuk\/","title":{"rendered":"Sistema runde Mikrowellensch\u00fcssel 915ml | NUK"},"content":{"rendered":"<p>Die Sistema Microwave Suppentasse eignet sich perfekt zum Aufw\u00e4rmen von Suppe, Eint\u00f6pfen, Nudeln und Hei\u00dfgetr\u00e4nken zu Hause oder im B\u00fcro. Sie k\u00f6nnen die Inhalte in der Mikrowelle aufw\u00e4rmen und dann direkt aus der Tasse essen\/trinken. \u00d6ffnen Sie das Ventil beim Aufw\u00e4rmen. Entwickelt und hergestellt in Neuseeland. Phthalat- und BPA-frei.<\/p>\n","protected":false},"excerpt":{"rendered":"<p>Die Sistema Microwave Suppentasse eignet sich perfekt zum Aufw\u00e4rmen von Suppe, Eint\u00f6pfen, Nudeln und Hei\u00dfgetr\u00e4nken zu Hause oder im B\u00fcro. Sie k\u00f6nnen die Inhalte in der Mikrowelle aufw\u00e4rmen und dann direkt aus der Tasse essen\/trinken. \u00d6ffnen Sie das Ventil beim Aufw\u00e4rmen. Entwickelt und hergestellt in Neuseeland. Phthalat- und BPA-frei.<\/p>\n","protected":false},"featured_media":53517,"template":"","meta":{"_gspb_post_css":""},"store":[],"product_brand":[1408],"product_cat":[1290],"product_tag":[],"class_list":{"0":"post-53518","1":"product","2":"type-product","3":"status-publish","4":"has-post-thumbnail","6":"product_brand-nuk-de","7":"product_cat-uncategorized","9":"first","10":"instock","11":"shipping-taxable","12":"purchasable","13":"product-type-simple"},"yoast_head":"<!-- This site is optimized with the Yoast SEO plugin v24.6 - https:\/\/yoast.com\/wordpress\/plugins\/seo\/ -->\n<title>Sistema runde Mikrowellensch\u00fcssel 915ml | NUK | Product-Guide.org<\/title>\n<meta name=\"description\" content=\"Sistema runde Mikrowellensch\u00fcssel 915ml | NUK gefunden von Product-Guide.org\" \/>\n<meta name=\"robots\" content=\"index, follow, max-snippet:-1, max-image-preview:large, max-video-preview:-1\" \/>\n<link rel=\"canonical\" href=\"https:\/\/product-guide.org\/en\/produkt\/sistema-runde-mikrowellenschussel-915ml-nuk\/\" \/>\n<meta property=\"og:locale\" content=\"en_GB\" \/>\n<meta property=\"og:type\" content=\"article\" \/>\n<meta property=\"og:title\" content=\"Sistema runde Mikrowellensch\u00fcssel 915ml | NUK | Product-Guide.org\" \/>\n<meta property=\"og:description\" content=\"Sistema runde Mikrowellensch\u00fcssel 915ml | NUK gefunden von Product-Guide.org\" \/>\n<meta property=\"og:url\" content=\"https:\/\/product-guide.org\/en\/produkt\/sistema-runde-mikrowellenschussel-915ml-nuk\/\" \/>\n<meta property=\"og:site_name\" content=\"Product-Guide.org\" \/>\n<meta name=\"twitter:card\" content=\"summary_large_image\" \/>\n<script type=\"application\/ld+json\" class=\"yoast-schema-graph\">{\"@context\":\"https:\/\/schema.org\",\"@graph\":[{\"@type\":\"WebPage\",\"@id\":\"https:\/\/product-guide.org\/produkt\/sistema-runde-mikrowellenschussel-915ml-nuk\/\",\"url\":\"https:\/\/product-guide.org\/produkt\/sistema-runde-mikrowellenschussel-915ml-nuk\/\",\"name\":\"Sistema runde Mikrowellensch\u00fcssel 915ml | NUK | Product-Guide.org\",\"isPartOf\":{\"@id\":\"https:\/\/product-guide.org\/#website\"},\"primaryImageOfPage\":{\"@id\":\"https:\/\/product-guide.org\/produkt\/sistema-runde-mikrowellenschussel-915ml-nuk\/#primaryimage\"},\"image\":{\"@id\":\"https:\/\/product-guide.org\/produkt\/sistema-runde-mikrowellenschussel-915ml-nuk\/#primaryimage\"},\"thumbnailUrl\":\"https:\/\/product-guide.org\/wp-content\/uploads\/2025\/03\/sistema_microwave_1113_1l.jpg\",\"datePublished\":\"2025-03-17T10:53:54+00:00\",\"description\":\"Sistema runde Mikrowellensch\u00fcssel 915ml | NUK gefunden von Product-Guide.org\",\"breadcrumb\":{\"@id\":\"https:\/\/product-guide.org\/produkt\/sistema-runde-mikrowellenschussel-915ml-nuk\/#breadcrumb\"},\"inLanguage\":\"en-GB\",\"potentialAction\":[{\"@type\":\"ReadAction\",\"target\":[\"https:\/\/product-guide.org\/produkt\/sistema-runde-mikrowellenschussel-915ml-nuk\/\"]}]},{\"@type\":\"ImageObject\",\"inLanguage\":\"en-GB\",\"@id\":\"https:\/\/product-guide.org\/produkt\/sistema-runde-mikrowellenschussel-915ml-nuk\/#primaryimage\",\"url\":\"https:\/\/product-guide.org\/wp-content\/uploads\/2025\/03\/sistema_microwave_1113_1l.jpg\",\"contentUrl\":\"https:\/\/product-guide.org\/wp-content\/uploads\/2025\/03\/sistema_microwave_1113_1l.jpg\",\"width\":400,\"height\":480},{\"@type\":\"BreadcrumbList\",\"@id\":\"https:\/\/product-guide.org\/produkt\/sistema-runde-mikrowellenschussel-915ml-nuk\/#breadcrumb\",\"itemListElement\":[{\"@type\":\"ListItem\",\"position\":1,\"name\":\"Home\",\"item\":\"https:\/\/product-guide.org\/\"},{\"@type\":\"ListItem\",\"position\":2,\"name\":\"Ergebnisse\",\"item\":\"https:\/\/product-guide.org\/de\/ergebnisse\/\"},{\"@type\":\"ListItem\",\"position\":3,\"name\":\"Sistema runde Mikrowellensch\u00fcssel 915ml | NUK\"}]},{\"@type\":\"WebSite\",\"@id\":\"https:\/\/product-guide.org\/#website\",\"url\":\"https:\/\/product-guide.org\/\",\"name\":\"Product-Guide.org\",\"description\":\"What Product are you looking for?\",\"publisher\":{\"@id\":\"https:\/\/product-guide.org\/#organization\"},\"potentialAction\":[{\"@type\":\"SearchAction\",\"target\":{\"@type\":\"EntryPoint\",\"urlTemplate\":\"https:\/\/product-guide.org\/?s={search_term_string}\"},\"query-input\":{\"@type\":\"PropertyValueSpecification\",\"valueRequired\":true,\"valueName\":\"search_term_string\"}}],\"inLanguage\":\"en-GB\"},{\"@type\":\"Organization\",\"@id\":\"https:\/\/product-guide.org\/#organization\",\"name\":\"Product-Guide.org\",\"url\":\"https:\/\/product-guide.org\/\",\"logo\":{\"@type\":\"ImageObject\",\"inLanguage\":\"en-GB\",\"@id\":\"https:\/\/product-guide.org\/#\/schema\/logo\/image\/\",\"url\":\"https:\/\/product-guide.org\/wp-content\/uploads\/2022\/07\/logo_transparent_background.png\",\"contentUrl\":\"https:\/\/product-guide.org\/wp-content\/uploads\/2022\/07\/logo_transparent_background.png\",\"width\":3400,\"height\":1132,\"caption\":\"Product-Guide.org\"},\"image\":{\"@id\":\"https:\/\/product-guide.org\/#\/schema\/logo\/image\/\"}}]}<\/script>\n<!-- \/ Yoast SEO plugin. -->","yoast_head_json":{"title":"Sistema runde Mikrowellensch\u00fcssel 915ml | NUK | Product-Guide.org","description":"Sistema runde Mikrowellensch\u00fcssel 915ml | NUK gefunden von Product-Guide.org","robots":{"index":"index","follow":"follow","max-snippet":"max-snippet:-1","max-image-preview":"max-image-preview:large","max-video-preview":"max-video-preview:-1"},"canonical":"https:\/\/product-guide.org\/en\/produkt\/sistema-runde-mikrowellenschussel-915ml-nuk\/","og_locale":"en_GB","og_type":"article","og_title":"Sistema runde Mikrowellensch\u00fcssel 915ml | NUK | Product-Guide.org","og_description":"Sistema runde Mikrowellensch\u00fcssel 915ml | NUK gefunden von Product-Guide.org","og_url":"https:\/\/product-guide.org\/en\/produkt\/sistema-runde-mikrowellenschussel-915ml-nuk\/","og_site_name":"Product-Guide.org","twitter_card":"summary_large_image","schema":{"@context":"https:\/\/schema.org","@graph":[{"@type":"WebPage","@id":"https:\/\/product-guide.org\/produkt\/sistema-runde-mikrowellenschussel-915ml-nuk\/","url":"https:\/\/product-guide.org\/produkt\/sistema-runde-mikrowellenschussel-915ml-nuk\/","name":"Sistema runde Mikrowellensch\u00fcssel 915ml | NUK | Product-Guide.org","isPartOf":{"@id":"https:\/\/product-guide.org\/#website"},"primaryImageOfPage":{"@id":"https:\/\/product-guide.org\/produkt\/sistema-runde-mikrowellenschussel-915ml-nuk\/#primaryimage"},"image":{"@id":"https:\/\/product-guide.org\/produkt\/sistema-runde-mikrowellenschussel-915ml-nuk\/#primaryimage"},"thumbnailUrl":"https:\/\/product-guide.org\/wp-content\/uploads\/2025\/03\/sistema_microwave_1113_1l.jpg","datePublished":"2025-03-17T10:53:54+00:00","description":"Sistema runde Mikrowellensch\u00fcssel 915ml | NUK gefunden von Product-Guide.org","breadcrumb":{"@id":"https:\/\/product-guide.org\/produkt\/sistema-runde-mikrowellenschussel-915ml-nuk\/#breadcrumb"},"inLanguage":"en-GB","potentialAction":[{"@type":"ReadAction","target":["https:\/\/product-guide.org\/produkt\/sistema-runde-mikrowellenschussel-915ml-nuk\/"]}]},{"@type":"ImageObject","inLanguage":"en-GB","@id":"https:\/\/product-guide.org\/produkt\/sistema-runde-mikrowellenschussel-915ml-nuk\/#primaryimage","url":"https:\/\/product-guide.org\/wp-content\/uploads\/2025\/03\/sistema_microwave_1113_1l.jpg","contentUrl":"https:\/\/product-guide.org\/wp-content\/uploads\/2025\/03\/sistema_microwave_1113_1l.jpg","width":400,"height":480},{"@type":"BreadcrumbList","@id":"https:\/\/product-guide.org\/produkt\/sistema-runde-mikrowellenschussel-915ml-nuk\/#breadcrumb","itemListElement":[{"@type":"ListItem","position":1,"name":"Home","item":"https:\/\/product-guide.org\/"},{"@type":"ListItem","position":2,"name":"Ergebnisse","item":"https:\/\/product-guide.org\/de\/ergebnisse\/"},{"@type":"ListItem","position":3,"name":"Sistema runde Mikrowellensch\u00fcssel 915ml | NUK"}]},{"@type":"WebSite","@id":"https:\/\/product-guide.org\/#website","url":"https:\/\/product-guide.org\/","name":"Product-Guide.org","description":"What Product are you looking for?","publisher":{"@id":"https:\/\/product-guide.org\/#organization"},"potentialAction":[{"@type":"SearchAction","target":{"@type":"EntryPoint","urlTemplate":"https:\/\/product-guide.org\/?s={search_term_string}"},"query-input":{"@type":"PropertyValueSpecification","valueRequired":true,"valueName":"search_term_string"}}],"inLanguage":"en-GB"},{"@type":"Organization","@id":"https:\/\/product-guide.org\/#organization","name":"Product-Guide.org","url":"https:\/\/product-guide.org\/","logo":{"@type":"ImageObject","inLanguage":"en-GB","@id":"https:\/\/product-guide.org\/#\/schema\/logo\/image\/","url":"https:\/\/product-guide.org\/wp-content\/uploads\/2022\/07\/logo_transparent_background.png","contentUrl":"https:\/\/product-guide.org\/wp-content\/uploads\/2022\/07\/logo_transparent_background.png","width":3400,"height":1132,"caption":"Product-Guide.org"},"image":{"@id":"https:\/\/product-guide.org\/#\/schema\/logo\/image\/"}}]}},"_links":{"self":[{"href":"https:\/\/product-guide.org\/en\/wp-json\/wp\/v2\/product\/53518","targetHints":{"allow":["GET"]}}],"collection":[{"href":"https:\/\/product-guide.org\/en\/wp-json\/wp\/v2\/product"}],"about":[{"href":"https:\/\/product-guide.org\/en\/wp-json\/wp\/v2\/types\/product"}],"wp:featuredmedia":[{"embeddable":true,"href":"https:\/\/product-guide.org\/en\/wp-json\/wp\/v2\/media\/53517"}],"wp:attachment":[{"href":"https:\/\/product-guide.org\/en\/wp-json\/wp\/v2\/media?parent=53518"}],"wp:term":[{"taxonomy":"store","embeddable":true,"href":"https:\/\/product-guide.org\/en\/wp-json\/wp\/v2\/store?post=53518"},{"taxonomy":"product_brand","embeddable":true,"href":"https:\/\/product-guide.org\/en\/wp-json\/wp\/v2\/product_brand?post=53518"},{"taxonomy":"product_cat","embeddable":true,"href":"https:\/\/product-guide.org\/en\/wp-json\/wp\/v2\/product_cat?post=53518"},{"taxonomy":"product_tag","embeddable":true,"href":"https:\/\/product-guide.org\/en\/wp-json\/wp\/v2\/product_tag?post=53518"}],"curies":[{"name":"wp","href":"https:\/\/api.w.org\/{rel}","templated":true}]}}