{"id":53636,"date":"2025-03-17T11:57:59","date_gmt":"2025-03-17T10:57:59","guid":{"rendered":"https:\/\/product-guide.org\/produkt\/big-green-egg-3-teiliges-zubehorpaket-fur-den-modularen-egg-arbeitsplatz-grillgott-de\/"},"modified":"2025-03-17T11:57:59","modified_gmt":"2025-03-17T10:57:59","slug":"big-green-egg-3-teiliges-zubehorpaket-fur-den-modularen-egg-arbeitsplatz-grillgott-de","status":"publish","type":"product","link":"https:\/\/product-guide.org\/en\/produkt\/big-green-egg-3-teiliges-zubehorpaket-fur-den-modularen-egg-arbeitsplatz-grillgott-de\/","title":{"rendered":"Big Green Egg 3-teiliges Zubeh\u00f6rpaket f\u00fcr den modularen EGG-Arbeitsplatz | Grillgott DE"},"content":{"rendered":"<p>Woran erkennst du den routinierten Big Green EGG-Fan? An einem organisierten Arbeitsplatz. Mit diesem 3-teiligen Zubeh\u00f6rpaket hast du alles zur Hand und die H\u00e4nde frei f\u00fcr dein EGG. Verwahre K\u00fcchenwerkzeug und Kr\u00e4uter im Vorratsregal, h\u00e4nge eine Rolle K\u00fcchenpapier\/ein Geschirrtuch an den Handtuchhalter und gib die Asche in die Utensilienschale. So geht organisierte K\u00fcche! Wo ist denn jetzt die Pfefferm\u00fchle? Kann mir bitte jemand die K\u00fcchenrolle geben? Das 3-teilige Zubeh\u00f6rpaket vermeidet unn\u00f6tigen Stress und ein zu durchgebratenes Thunfischsteak. Alles, was du f\u00fcr dein EGG brauchst, ist griffbereit. Befestige dieses Zubeh\u00f6r-Trio an deinem modularen Big Green Egg-Arbeitsplatz, und du bleibst cool und zu allem bereit. Das Rub? Okay! Die Messer? Okay! Oh, doch noch etwas vergessen. Kann mir jemand bitte ein Glas Ros\u00e9 bringen?<\/p>\n","protected":false},"excerpt":{"rendered":"<p>Woran erkennst du den routinierten Big Green EGG-Fan? An einem organisierten Arbeitsplatz. Mit diesem 3-teiligen Zubeh\u00f6rpaket hast du alles zur Hand und die H\u00e4nde frei f\u00fcr dein EGG. Verwahre K\u00fcchenwerkzeug und Kr\u00e4uter im Vorratsregal, h\u00e4nge eine Rolle K\u00fcchenpapier\/ein Geschirrtuch an den Handtuchhalter und gib die Asche in die Utensilienschale. So geht organisierte K\u00fcche! Wo ist [&hellip;]<\/p>\n","protected":false},"featured_media":53635,"template":"","meta":{"_gspb_post_css":""},"store":[],"product_brand":[1410],"product_cat":[1290],"product_tag":[],"class_list":{"0":"post-53636","1":"product","2":"type-product","3":"status-publish","4":"has-post-thumbnail","6":"product_brand-grillgott-de","7":"product_cat-uncategorized","9":"first","10":"instock","11":"shipping-taxable","12":"purchasable","13":"product-type-simple"},"yoast_head":"<!-- This site is optimized with the Yoast SEO plugin v24.6 - https:\/\/yoast.com\/wordpress\/plugins\/seo\/ -->\n<title>Big Green Egg 3-teiliges Zubeh\u00f6rpaket f\u00fcr den modularen EGG-Arbeitsplatz | Grillgott DE | Product-Guide.org<\/title>\n<meta name=\"description\" content=\"Big Green Egg 3-teiliges Zubeh\u00f6rpaket f\u00fcr den modularen EGG-Arbeitsplatz | Grillgott DE gefunden von Product-Guide.org\" \/>\n<meta name=\"robots\" content=\"index, follow, max-snippet:-1, max-image-preview:large, max-video-preview:-1\" \/>\n<link rel=\"canonical\" href=\"https:\/\/product-guide.org\/en\/produkt\/big-green-egg-3-teiliges-zubehorpaket-fur-den-modularen-egg-arbeitsplatz-grillgott-de\/\" \/>\n<meta property=\"og:locale\" content=\"en_GB\" \/>\n<meta property=\"og:type\" content=\"article\" \/>\n<meta property=\"og:title\" content=\"Big Green Egg 3-teiliges Zubeh\u00f6rpaket f\u00fcr den modularen EGG-Arbeitsplatz | Grillgott DE | Product-Guide.org\" \/>\n<meta property=\"og:description\" content=\"Big Green Egg 3-teiliges Zubeh\u00f6rpaket f\u00fcr den modularen EGG-Arbeitsplatz | Grillgott DE gefunden von Product-Guide.org\" \/>\n<meta property=\"og:url\" content=\"https:\/\/product-guide.org\/en\/produkt\/big-green-egg-3-teiliges-zubehorpaket-fur-den-modularen-egg-arbeitsplatz-grillgott-de\/\" \/>\n<meta property=\"og:site_name\" content=\"Product-Guide.org\" \/>\n<meta name=\"twitter:card\" content=\"summary_large_image\" \/>\n<script type=\"application\/ld+json\" class=\"yoast-schema-graph\">{\"@context\":\"https:\/\/schema.org\",\"@graph\":[{\"@type\":\"WebPage\",\"@id\":\"https:\/\/product-guide.org\/produkt\/big-green-egg-3-teiliges-zubehorpaket-fur-den-modularen-egg-arbeitsplatz-grillgott-de\/\",\"url\":\"https:\/\/product-guide.org\/produkt\/big-green-egg-3-teiliges-zubehorpaket-fur-den-modularen-egg-arbeitsplatz-grillgott-de\/\",\"name\":\"Big Green Egg 3-teiliges Zubeh\u00f6rpaket f\u00fcr den modularen EGG-Arbeitsplatz | Grillgott DE | Product-Guide.org\",\"isPartOf\":{\"@id\":\"https:\/\/product-guide.org\/#website\"},\"primaryImageOfPage\":{\"@id\":\"https:\/\/product-guide.org\/produkt\/big-green-egg-3-teiliges-zubehorpaket-fur-den-modularen-egg-arbeitsplatz-grillgott-de\/#primaryimage\"},\"image\":{\"@id\":\"https:\/\/product-guide.org\/produkt\/big-green-egg-3-teiliges-zubehorpaket-fur-den-modularen-egg-arbeitsplatz-grillgott-de\/#primaryimage\"},\"thumbnailUrl\":\"https:\/\/product-guide.org\/wp-content\/uploads\/2025\/03\/image-removebg_61.png\",\"datePublished\":\"2025-03-17T10:57:59+00:00\",\"description\":\"Big Green Egg 3-teiliges Zubeh\u00f6rpaket f\u00fcr den modularen EGG-Arbeitsplatz | Grillgott DE gefunden von Product-Guide.org\",\"breadcrumb\":{\"@id\":\"https:\/\/product-guide.org\/produkt\/big-green-egg-3-teiliges-zubehorpaket-fur-den-modularen-egg-arbeitsplatz-grillgott-de\/#breadcrumb\"},\"inLanguage\":\"en-GB\",\"potentialAction\":[{\"@type\":\"ReadAction\",\"target\":[\"https:\/\/product-guide.org\/produkt\/big-green-egg-3-teiliges-zubehorpaket-fur-den-modularen-egg-arbeitsplatz-grillgott-de\/\"]}]},{\"@type\":\"ImageObject\",\"inLanguage\":\"en-GB\",\"@id\":\"https:\/\/product-guide.org\/produkt\/big-green-egg-3-teiliges-zubehorpaket-fur-den-modularen-egg-arbeitsplatz-grillgott-de\/#primaryimage\",\"url\":\"https:\/\/product-guide.org\/wp-content\/uploads\/2025\/03\/image-removebg_61.png\",\"contentUrl\":\"https:\/\/product-guide.org\/wp-content\/uploads\/2025\/03\/image-removebg_61.png\",\"width\":800,\"height\":533},{\"@type\":\"BreadcrumbList\",\"@id\":\"https:\/\/product-guide.org\/produkt\/big-green-egg-3-teiliges-zubehorpaket-fur-den-modularen-egg-arbeitsplatz-grillgott-de\/#breadcrumb\",\"itemListElement\":[{\"@type\":\"ListItem\",\"position\":1,\"name\":\"Home\",\"item\":\"https:\/\/product-guide.org\/\"},{\"@type\":\"ListItem\",\"position\":2,\"name\":\"Ergebnisse\",\"item\":\"https:\/\/product-guide.org\/de\/ergebnisse\/\"},{\"@type\":\"ListItem\",\"position\":3,\"name\":\"Big Green Egg 3-teiliges Zubeh\u00f6rpaket f\u00fcr den modularen EGG-Arbeitsplatz | Grillgott DE\"}]},{\"@type\":\"WebSite\",\"@id\":\"https:\/\/product-guide.org\/#website\",\"url\":\"https:\/\/product-guide.org\/\",\"name\":\"Product-Guide.org\",\"description\":\"What Product are you looking for?\",\"publisher\":{\"@id\":\"https:\/\/product-guide.org\/#organization\"},\"potentialAction\":[{\"@type\":\"SearchAction\",\"target\":{\"@type\":\"EntryPoint\",\"urlTemplate\":\"https:\/\/product-guide.org\/?s={search_term_string}\"},\"query-input\":{\"@type\":\"PropertyValueSpecification\",\"valueRequired\":true,\"valueName\":\"search_term_string\"}}],\"inLanguage\":\"en-GB\"},{\"@type\":\"Organization\",\"@id\":\"https:\/\/product-guide.org\/#organization\",\"name\":\"Product-Guide.org\",\"url\":\"https:\/\/product-guide.org\/\",\"logo\":{\"@type\":\"ImageObject\",\"inLanguage\":\"en-GB\",\"@id\":\"https:\/\/product-guide.org\/#\/schema\/logo\/image\/\",\"url\":\"https:\/\/product-guide.org\/wp-content\/uploads\/2022\/07\/logo_transparent_background.png\",\"contentUrl\":\"https:\/\/product-guide.org\/wp-content\/uploads\/2022\/07\/logo_transparent_background.png\",\"width\":3400,\"height\":1132,\"caption\":\"Product-Guide.org\"},\"image\":{\"@id\":\"https:\/\/product-guide.org\/#\/schema\/logo\/image\/\"}}]}<\/script>\n<!-- \/ Yoast SEO plugin. -->","yoast_head_json":{"title":"Big Green Egg 3-teiliges Zubeh\u00f6rpaket f\u00fcr den modularen EGG-Arbeitsplatz | Grillgott DE | Product-Guide.org","description":"Big Green Egg 3-teiliges Zubeh\u00f6rpaket f\u00fcr den modularen EGG-Arbeitsplatz | Grillgott DE gefunden von Product-Guide.org","robots":{"index":"index","follow":"follow","max-snippet":"max-snippet:-1","max-image-preview":"max-image-preview:large","max-video-preview":"max-video-preview:-1"},"canonical":"https:\/\/product-guide.org\/en\/produkt\/big-green-egg-3-teiliges-zubehorpaket-fur-den-modularen-egg-arbeitsplatz-grillgott-de\/","og_locale":"en_GB","og_type":"article","og_title":"Big Green Egg 3-teiliges Zubeh\u00f6rpaket f\u00fcr den modularen EGG-Arbeitsplatz | Grillgott DE | Product-Guide.org","og_description":"Big Green Egg 3-teiliges Zubeh\u00f6rpaket f\u00fcr den modularen EGG-Arbeitsplatz | Grillgott DE gefunden von Product-Guide.org","og_url":"https:\/\/product-guide.org\/en\/produkt\/big-green-egg-3-teiliges-zubehorpaket-fur-den-modularen-egg-arbeitsplatz-grillgott-de\/","og_site_name":"Product-Guide.org","twitter_card":"summary_large_image","schema":{"@context":"https:\/\/schema.org","@graph":[{"@type":"WebPage","@id":"https:\/\/product-guide.org\/produkt\/big-green-egg-3-teiliges-zubehorpaket-fur-den-modularen-egg-arbeitsplatz-grillgott-de\/","url":"https:\/\/product-guide.org\/produkt\/big-green-egg-3-teiliges-zubehorpaket-fur-den-modularen-egg-arbeitsplatz-grillgott-de\/","name":"Big Green Egg 3-teiliges Zubeh\u00f6rpaket f\u00fcr den modularen EGG-Arbeitsplatz | Grillgott DE | Product-Guide.org","isPartOf":{"@id":"https:\/\/product-guide.org\/#website"},"primaryImageOfPage":{"@id":"https:\/\/product-guide.org\/produkt\/big-green-egg-3-teiliges-zubehorpaket-fur-den-modularen-egg-arbeitsplatz-grillgott-de\/#primaryimage"},"image":{"@id":"https:\/\/product-guide.org\/produkt\/big-green-egg-3-teiliges-zubehorpaket-fur-den-modularen-egg-arbeitsplatz-grillgott-de\/#primaryimage"},"thumbnailUrl":"https:\/\/product-guide.org\/wp-content\/uploads\/2025\/03\/image-removebg_61.png","datePublished":"2025-03-17T10:57:59+00:00","description":"Big Green Egg 3-teiliges Zubeh\u00f6rpaket f\u00fcr den modularen EGG-Arbeitsplatz | Grillgott DE gefunden von Product-Guide.org","breadcrumb":{"@id":"https:\/\/product-guide.org\/produkt\/big-green-egg-3-teiliges-zubehorpaket-fur-den-modularen-egg-arbeitsplatz-grillgott-de\/#breadcrumb"},"inLanguage":"en-GB","potentialAction":[{"@type":"ReadAction","target":["https:\/\/product-guide.org\/produkt\/big-green-egg-3-teiliges-zubehorpaket-fur-den-modularen-egg-arbeitsplatz-grillgott-de\/"]}]},{"@type":"ImageObject","inLanguage":"en-GB","@id":"https:\/\/product-guide.org\/produkt\/big-green-egg-3-teiliges-zubehorpaket-fur-den-modularen-egg-arbeitsplatz-grillgott-de\/#primaryimage","url":"https:\/\/product-guide.org\/wp-content\/uploads\/2025\/03\/image-removebg_61.png","contentUrl":"https:\/\/product-guide.org\/wp-content\/uploads\/2025\/03\/image-removebg_61.png","width":800,"height":533},{"@type":"BreadcrumbList","@id":"https:\/\/product-guide.org\/produkt\/big-green-egg-3-teiliges-zubehorpaket-fur-den-modularen-egg-arbeitsplatz-grillgott-de\/#breadcrumb","itemListElement":[{"@type":"ListItem","position":1,"name":"Home","item":"https:\/\/product-guide.org\/"},{"@type":"ListItem","position":2,"name":"Ergebnisse","item":"https:\/\/product-guide.org\/de\/ergebnisse\/"},{"@type":"ListItem","position":3,"name":"Big Green Egg 3-teiliges Zubeh\u00f6rpaket f\u00fcr den modularen EGG-Arbeitsplatz | Grillgott DE"}]},{"@type":"WebSite","@id":"https:\/\/product-guide.org\/#website","url":"https:\/\/product-guide.org\/","name":"Product-Guide.org","description":"What Product are you looking for?","publisher":{"@id":"https:\/\/product-guide.org\/#organization"},"potentialAction":[{"@type":"SearchAction","target":{"@type":"EntryPoint","urlTemplate":"https:\/\/product-guide.org\/?s={search_term_string}"},"query-input":{"@type":"PropertyValueSpecification","valueRequired":true,"valueName":"search_term_string"}}],"inLanguage":"en-GB"},{"@type":"Organization","@id":"https:\/\/product-guide.org\/#organization","name":"Product-Guide.org","url":"https:\/\/product-guide.org\/","logo":{"@type":"ImageObject","inLanguage":"en-GB","@id":"https:\/\/product-guide.org\/#\/schema\/logo\/image\/","url":"https:\/\/product-guide.org\/wp-content\/uploads\/2022\/07\/logo_transparent_background.png","contentUrl":"https:\/\/product-guide.org\/wp-content\/uploads\/2022\/07\/logo_transparent_background.png","width":3400,"height":1132,"caption":"Product-Guide.org"},"image":{"@id":"https:\/\/product-guide.org\/#\/schema\/logo\/image\/"}}]}},"_links":{"self":[{"href":"https:\/\/product-guide.org\/en\/wp-json\/wp\/v2\/product\/53636","targetHints":{"allow":["GET"]}}],"collection":[{"href":"https:\/\/product-guide.org\/en\/wp-json\/wp\/v2\/product"}],"about":[{"href":"https:\/\/product-guide.org\/en\/wp-json\/wp\/v2\/types\/product"}],"wp:featuredmedia":[{"embeddable":true,"href":"https:\/\/product-guide.org\/en\/wp-json\/wp\/v2\/media\/53635"}],"wp:attachment":[{"href":"https:\/\/product-guide.org\/en\/wp-json\/wp\/v2\/media?parent=53636"}],"wp:term":[{"taxonomy":"store","embeddable":true,"href":"https:\/\/product-guide.org\/en\/wp-json\/wp\/v2\/store?post=53636"},{"taxonomy":"product_brand","embeddable":true,"href":"https:\/\/product-guide.org\/en\/wp-json\/wp\/v2\/product_brand?post=53636"},{"taxonomy":"product_cat","embeddable":true,"href":"https:\/\/product-guide.org\/en\/wp-json\/wp\/v2\/product_cat?post=53636"},{"taxonomy":"product_tag","embeddable":true,"href":"https:\/\/product-guide.org\/en\/wp-json\/wp\/v2\/product_tag?post=53636"}],"curies":[{"name":"wp","href":"https:\/\/api.w.org\/{rel}","templated":true}]}}